{"id":8838,"date":"2020-06-09T18:01:26","date_gmt":"2020-06-09T16:01:26","guid":{"rendered":"https:\/\/efa-controls.com\/intervention-vehicles\/"},"modified":"2020-06-09T18:01:28","modified_gmt":"2020-06-09T16:01:28","slug":"intervention-vehicles","status":"publish","type":"page","link":"https:\/\/efa-controls.com\/en\/intervention-vehicles\/","title":{"rendered":"Intervention vehicles"},"content":{"rendered":"<p>[et_pb_section fb_built=&#8221;1&#8243; _builder_version=&#8221;3.24&#8243; background_color=&#8221;#333333&#8243; custom_padding=&#8221;8px||0px|||&#8221;][\/et_pb_section][et_pb_section fb_built=&#8221;1&#8243; _builder_version=&#8221;3.24&#8243; custom_margin=&#8221;||0px|||&#8221; custom_padding=&#8221;0px||4px|||&#8221; saved_tabs=&#8221;all&#8221;][et_pb_row custom_padding=&#8221;28px||0px|||&#8221; _builder_version=&#8221;3.24&#8243;][et_pb_column type=&#8221;4_4&#8243; _builder_version=&#8221;3.24&#8243;][et_pb_text _builder_version=&#8221;3.24&#8243; text_font=&#8221;||||||||&#8221; text_text_color=&#8221;#333333&#8243; header_font=&#8221;||||||||&#8221; header_text_color=&#8221;#333333&#8243; custom_margin=&#8221;||11px|||&#8221;]<\/p>\n<h1 class=\"vc_custom_heading vc_custom_1516715011667\" style=\"text-align: center;\">V\u00e9hicules d&#8217;interventions<\/h1>\n<div class=\"wpb_text_column wpb_content_element \">\n<div class=\"wpb_wrapper\"><\/div>\n<\/div>\n<p>[\/et_pb_text][et_pb_text _builder_version=&#8221;3.24&#8243;]<\/p>\n<div class=\"wpb_text_column wpb_content_element \">\n<div class=\"wpb_wrapper\">\n<p>Vous trouverez ci-dessous quelques un des projets, que nous avons r\u00e9alis\u00e9s, concernant des v\u00e9hicules d\u2019interventions. Des projets de programmation d\u2019interface homme-machine bas\u00e9s sur une bonne ergonomie et exp\u00e9rience utilisateur. Bien \u00e9videmment, nos comp\u00e9tences en \u00e9lectronique embarqu\u00e9e et sch\u00e9ma \u00e9lectrique ont \u00e9galement \u00e9t\u00e9 mises \u00e0 contribution.<\/p>\n<\/div>\n<\/div>\n<p>[\/et_pb_text][\/et_pb_column][\/et_pb_row][et_pb_row _builder_version=&#8221;3.24&#8243;][et_pb_column type=&#8221;4_4&#8243; _builder_version=&#8221;3.24&#8243;][et_pb_text _builder_version=&#8221;3.24&#8243;]<\/p>\n<p>[rev_slider alias=&#8221;interfr&#8221;]<\/p>\n<p>[\/et_pb_text][\/et_pb_column][\/et_pb_row][\/et_pb_section][et_pb_section fb_built=&#8221;1&#8243; _builder_version=&#8221;3.24&#8243; use_background_color_gradient=&#8221;on&#8221; background_color_gradient_start=&#8221;#1f68b1&#8243; background_color_gradient_end=&#8221;#001b56&#8243; background_color_gradient_direction=&#8221;90deg&#8221; background_color_gradient_start_position=&#8221;32%&#8221; animation_style=&#8221;zoom&#8221; animation_duration=&#8221;600ms&#8221; animation_intensity_zoom=&#8221;16%&#8221; animation_starting_opacity=&#8221;68%&#8221; saved_tabs=&#8221;all&#8221;][et_pb_row _builder_version=&#8221;3.24&#8243;][et_pb_column type=&#8221;3_5&#8243; _builder_version=&#8221;3.24&#8243;][et_pb_text _builder_version=&#8221;3.24&#8243; header_font=&#8221;||||||||&#8221; header_2_font=&#8221;|700|||||||&#8221; header_2_text_color=&#8221;#ffffff&#8221;]<\/p>\n<h2>Vous adaptez des v\u00e9hicules pour le compte de vos clietns ?<\/h2>\n<p>[\/et_pb_text][et_pb_text _builder_version=&#8221;3.24&#8243; text_font=&#8221;|300|||||||&#8221; text_text_color=&#8221;#ffffff&#8221; text_font_size=&#8221;16px&#8221; header_font=&#8221;||||||||&#8221; header_2_font=&#8221;|700|||||||&#8221; header_2_text_color=&#8221;#ffffff&#8221;]<\/p>\n<p style=\"text-align: left;\">Nous sommes la pour vous accompagner et vous fournir tous les composants n\u00e9c\u00e9ssaires. Alors n&#8217;h\u00e9sitez plus et contactez nous !!<\/p>\n<p>[\/et_pb_text][\/et_pb_column][et_pb_column type=&#8221;2_5&#8243; _builder_version=&#8221;3.24&#8243;][et_pb_button button_text=&#8221;Contactez-nous !&#8221; _builder_version=&#8221;3.24&#8243; custom_button=&#8221;on&#8221; button_text_color=&#8221;#ffffff&#8221; button_font=&#8221;||||||||&#8221; button_icon=&#8221;%%86%%&#8221; button_icon_placement=&#8221;left&#8221; button_on_hover=&#8221;off&#8221; button_bg_color__hover_enabled=&#8221;on&#8221; button_bg_color__hover=&#8221;#ffffff&#8221; button_text_color__hover_enabled=&#8221;on&#8221; button_text_color__hover=&#8221;#0c71c3&#8243;][\/et_pb_button][\/et_pb_column][\/et_pb_row][\/et_pb_section]<\/p>\n","protected":false},"excerpt":{"rendered":"<p>V\u00e9hicules d&#8217;interventions Vous trouverez ci-dessous quelques un des projets, que nous avons r\u00e9alis\u00e9s, concernant des v\u00e9hicules d\u2019interventions. Des projets de programmation d\u2019interface homme-machine bas\u00e9s sur une bonne ergonomie et exp\u00e9rience utilisateur. Bien \u00e9videmment, nos comp\u00e9tences en \u00e9lectronique embarqu\u00e9e et sch\u00e9ma \u00e9lectrique ont \u00e9galement \u00e9t\u00e9 mises \u00e0 contribution. [rev_slider alias=&#8221;interfr&#8221;] Vous adaptez des v\u00e9hicules pour le [&hellip;]<\/p>\n","protected":false},"author":2,"featured_media":0,"parent":0,"menu_order":0,"comment_status":"closed","ping_status":"closed","template":"","meta":{"_et_pb_use_builder":"on","_et_pb_old_content":"","_et_gb_content_width":"","_uf_show_specific_survey":0,"_uf_disable_surveys":false,"footnotes":""},"class_list":["post-8838","page","type-page","status-publish","hentry"],"yoast_head":"<!-- This site is optimized with the Yoast SEO plugin v27.4 - https:\/\/yoast.com\/product\/yoast-seo-wordpress\/ -->\n<title>Intervention vehicles efa France specialist in interface programming<\/title>\n<meta name=\"description\" content=\"Intervention vehicles efa France specialist in man-machine interface programming, ergonomics and user experience, electrical schematics\" \/>\n<meta name=\"robots\" content=\"index, follow, max-snippet:-1, max-image-preview:large, max-video-preview:-1\" \/>\n<link rel=\"canonical\" href=\"https:\/\/efa-controls.com\/en\/intervention-vehicles\/\" \/>\n<meta property=\"og:locale\" content=\"en_US\" \/>\n<meta property=\"og:type\" content=\"article\" \/>\n<meta property=\"og:title\" content=\"Intervention vehicles efa France specialist in interface programming\" \/>\n<meta property=\"og:description\" content=\"Intervention vehicles efa France specialist in man-machine interface programming, ergonomics and user experience, electrical schematics\" \/>\n<meta property=\"og:url\" content=\"https:\/\/efa-controls.com\/en\/intervention-vehicles\/\" \/>\n<meta property=\"og:site_name\" content=\"efa Controls\" \/>\n<meta property=\"article:publisher\" content=\"https:\/\/www.facebook.com\/efaFranceSA\/\" \/>\n<meta property=\"article:modified_time\" content=\"2020-06-09T16:01:28+00:00\" \/>\n<meta name=\"twitter:card\" content=\"summary_large_image\" \/>\n<meta name=\"twitter:site\" content=\"@efa_france\" \/>\n<meta name=\"twitter:label1\" content=\"Est. reading time\" \/>\n\t<meta name=\"twitter:data1\" content=\"2 minutes\" \/>\n<script type=\"application\/ld+json\" class=\"yoast-schema-graph\">{\"@context\":\"https:\\\/\\\/schema.org\",\"@graph\":[{\"@type\":\"WebPage\",\"@id\":\"https:\\\/\\\/efa-controls.com\\\/en\\\/intervention-vehicles\\\/\",\"url\":\"https:\\\/\\\/efa-controls.com\\\/en\\\/intervention-vehicles\\\/\",\"name\":\"Intervention vehicles efa France specialist in interface programming\",\"isPartOf\":{\"@id\":\"https:\\\/\\\/efa-controls.com\\\/en\\\/#website\"},\"datePublished\":\"2020-06-09T16:01:26+00:00\",\"dateModified\":\"2020-06-09T16:01:28+00:00\",\"description\":\"Intervention vehicles efa France specialist in man-machine interface programming, ergonomics and user experience, electrical schematics\",\"breadcrumb\":{\"@id\":\"https:\\\/\\\/efa-controls.com\\\/en\\\/intervention-vehicles\\\/#breadcrumb\"},\"inLanguage\":\"en-US\",\"potentialAction\":[{\"@type\":\"ReadAction\",\"target\":[\"https:\\\/\\\/efa-controls.com\\\/en\\\/intervention-vehicles\\\/\"]}]},{\"@type\":\"BreadcrumbList\",\"@id\":\"https:\\\/\\\/efa-controls.com\\\/en\\\/intervention-vehicles\\\/#breadcrumb\",\"itemListElement\":[{\"@type\":\"ListItem\",\"position\":1,\"name\":\"Accueil-Home\",\"item\":\"https:\\\/\\\/efa-controls.com\\\/en\\\/\"},{\"@type\":\"ListItem\",\"position\":2,\"name\":\"Intervention vehicles\"}]},{\"@type\":\"WebSite\",\"@id\":\"https:\\\/\\\/efa-controls.com\\\/en\\\/#website\",\"url\":\"https:\\\/\\\/efa-controls.com\\\/en\\\/\",\"name\":\"efa Controls\",\"description\":\"Bureau d&#039;\u00e9tude pour v\u00e9hicules industriels\",\"publisher\":{\"@id\":\"https:\\\/\\\/efa-controls.com\\\/en\\\/#organization\"},\"potentialAction\":[{\"@type\":\"SearchAction\",\"target\":{\"@type\":\"EntryPoint\",\"urlTemplate\":\"https:\\\/\\\/efa-controls.com\\\/en\\\/?s={search_term_string}\"},\"query-input\":{\"@type\":\"PropertyValueSpecification\",\"valueRequired\":true,\"valueName\":\"search_term_string\"}}],\"inLanguage\":\"en-US\"},{\"@type\":\"Organization\",\"@id\":\"https:\\\/\\\/efa-controls.com\\\/en\\\/#organization\",\"name\":\"efa Controls\",\"url\":\"https:\\\/\\\/efa-controls.com\\\/en\\\/\",\"logo\":{\"@type\":\"ImageObject\",\"inLanguage\":\"en-US\",\"@id\":\"https:\\\/\\\/efa-controls.com\\\/en\\\/#\\\/schema\\\/logo\\\/image\\\/\",\"url\":\"https:\\\/\\\/efa-controls.com\\\/wp-content\\\/uploads\\\/2023\\\/05\\\/logo-bleu.png\",\"contentUrl\":\"https:\\\/\\\/efa-controls.com\\\/wp-content\\\/uploads\\\/2023\\\/05\\\/logo-bleu.png\",\"width\":408,\"height\":288,\"caption\":\"efa Controls\"},\"image\":{\"@id\":\"https:\\\/\\\/efa-controls.com\\\/en\\\/#\\\/schema\\\/logo\\\/image\\\/\"},\"sameAs\":[\"https:\\\/\\\/www.facebook.com\\\/efaFranceSA\\\/\",\"https:\\\/\\\/x.com\\\/efa_france\",\"https:\\\/\\\/www.instagram.com\\\/efafrance\\\/\",\"https:\\\/\\\/www.linkedin.com\\\/company\\\/efa-france\",\"https:\\\/\\\/www.youtube.com\\\/user\\\/EFAControls\"]}]}<\/script>\n<!-- \/ Yoast SEO plugin. -->","yoast_head_json":{"title":"Intervention vehicles efa France specialist in interface programming","description":"Intervention vehicles efa France specialist in man-machine interface programming, ergonomics and user experience, electrical schematics","robots":{"index":"index","follow":"follow","max-snippet":"max-snippet:-1","max-image-preview":"max-image-preview:large","max-video-preview":"max-video-preview:-1"},"canonical":"https:\/\/efa-controls.com\/en\/intervention-vehicles\/","og_locale":"en_US","og_type":"article","og_title":"Intervention vehicles efa France specialist in interface programming","og_description":"Intervention vehicles efa France specialist in man-machine interface programming, ergonomics and user experience, electrical schematics","og_url":"https:\/\/efa-controls.com\/en\/intervention-vehicles\/","og_site_name":"efa Controls","article_publisher":"https:\/\/www.facebook.com\/efaFranceSA\/","article_modified_time":"2020-06-09T16:01:28+00:00","twitter_card":"summary_large_image","twitter_site":"@efa_france","twitter_misc":{"Est. reading time":"2 minutes"},"schema":{"@context":"https:\/\/schema.org","@graph":[{"@type":"WebPage","@id":"https:\/\/efa-controls.com\/en\/intervention-vehicles\/","url":"https:\/\/efa-controls.com\/en\/intervention-vehicles\/","name":"Intervention vehicles efa France specialist in interface programming","isPartOf":{"@id":"https:\/\/efa-controls.com\/en\/#website"},"datePublished":"2020-06-09T16:01:26+00:00","dateModified":"2020-06-09T16:01:28+00:00","description":"Intervention vehicles efa France specialist in man-machine interface programming, ergonomics and user experience, electrical schematics","breadcrumb":{"@id":"https:\/\/efa-controls.com\/en\/intervention-vehicles\/#breadcrumb"},"inLanguage":"en-US","potentialAction":[{"@type":"ReadAction","target":["https:\/\/efa-controls.com\/en\/intervention-vehicles\/"]}]},{"@type":"BreadcrumbList","@id":"https:\/\/efa-controls.com\/en\/intervention-vehicles\/#breadcrumb","itemListElement":[{"@type":"ListItem","position":1,"name":"Accueil-Home","item":"https:\/\/efa-controls.com\/en\/"},{"@type":"ListItem","position":2,"name":"Intervention vehicles"}]},{"@type":"WebSite","@id":"https:\/\/efa-controls.com\/en\/#website","url":"https:\/\/efa-controls.com\/en\/","name":"efa Controls","description":"Bureau d&#039;\u00e9tude pour v\u00e9hicules industriels","publisher":{"@id":"https:\/\/efa-controls.com\/en\/#organization"},"potentialAction":[{"@type":"SearchAction","target":{"@type":"EntryPoint","urlTemplate":"https:\/\/efa-controls.com\/en\/?s={search_term_string}"},"query-input":{"@type":"PropertyValueSpecification","valueRequired":true,"valueName":"search_term_string"}}],"inLanguage":"en-US"},{"@type":"Organization","@id":"https:\/\/efa-controls.com\/en\/#organization","name":"efa Controls","url":"https:\/\/efa-controls.com\/en\/","logo":{"@type":"ImageObject","inLanguage":"en-US","@id":"https:\/\/efa-controls.com\/en\/#\/schema\/logo\/image\/","url":"https:\/\/efa-controls.com\/wp-content\/uploads\/2023\/05\/logo-bleu.png","contentUrl":"https:\/\/efa-controls.com\/wp-content\/uploads\/2023\/05\/logo-bleu.png","width":408,"height":288,"caption":"efa Controls"},"image":{"@id":"https:\/\/efa-controls.com\/en\/#\/schema\/logo\/image\/"},"sameAs":["https:\/\/www.facebook.com\/efaFranceSA\/","https:\/\/x.com\/efa_france","https:\/\/www.instagram.com\/efafrance\/","https:\/\/www.linkedin.com\/company\/efa-france","https:\/\/www.youtube.com\/user\/EFAControls"]}]}},"_links":{"self":[{"href":"https:\/\/efa-controls.com\/en\/wp-json\/wp\/v2\/pages\/8838","targetHints":{"allow":["GET"]}}],"collection":[{"href":"https:\/\/efa-controls.com\/en\/wp-json\/wp\/v2\/pages"}],"about":[{"href":"https:\/\/efa-controls.com\/en\/wp-json\/wp\/v2\/types\/page"}],"author":[{"embeddable":true,"href":"https:\/\/efa-controls.com\/en\/wp-json\/wp\/v2\/users\/2"}],"replies":[{"embeddable":true,"href":"https:\/\/efa-controls.com\/en\/wp-json\/wp\/v2\/comments?post=8838"}],"version-history":[{"count":3,"href":"https:\/\/efa-controls.com\/en\/wp-json\/wp\/v2\/pages\/8838\/revisions"}],"predecessor-version":[{"id":8841,"href":"https:\/\/efa-controls.com\/en\/wp-json\/wp\/v2\/pages\/8838\/revisions\/8841"}],"wp:attachment":[{"href":"https:\/\/efa-controls.com\/en\/wp-json\/wp\/v2\/media?parent=8838"}],"curies":[{"name":"wp","href":"https:\/\/api.w.org\/{rel}","templated":true}]}}