{"id":5070,"date":"2019-08-23T11:59:54","date_gmt":"2019-08-23T09:59:54","guid":{"rendered":"http:\/\/efa-controls.com\/radio-remote-controls\/radio-remote-for-off-road-vehicle\/"},"modified":"2020-10-21T11:34:07","modified_gmt":"2020-10-21T09:34:07","slug":"radio-remote-for-off-road-vehicle","status":"publish","type":"page","link":"https:\/\/efa-controls.com\/en\/radio-remote-controls\/radio-remote-for-off-road-vehicle\/","title":{"rendered":"Radio remote for off-road vehicle"},"content":{"rendered":"<p>[et_pb_section fb_built=&#8221;1&#8243; _builder_version=&#8221;3.24&#8243; background_color=&#8221;#333333&#8243; custom_padding=&#8221;8px||25px|||&#8221;][et_pb_row _builder_version=&#8221;3.25&#8243; custom_padding=&#8221;56px|||||&#8221;][et_pb_column type=&#8221;4_4&#8243; _builder_version=&#8221;3.25&#8243; custom_padding=&#8221;|||&#8221; custom_padding__hover=&#8221;|||&#8221;][et_pb_text _builder_version=&#8221;4.6.1&#8243; header_font=&#8221;||||||||&#8221; header_text_color=&#8221;#ffffff&#8221; hover_enabled=&#8221;0&#8243; custom_padding=&#8221;||12px|||&#8221; sticky_enabled=&#8221;0&#8243;]<\/p>\n<h1 style=\"text-align: center;\"><span style=\"color: #ffffff;\">Radio remote control for off-road vehicle<\/span><\/h1>\n<p>[\/et_pb_text][et_pb_divider color=&#8221;#ffffff&#8221; _builder_version=&#8221;3.24&#8243; width=&#8221;20%&#8221; module_alignment=&#8221;center&#8221;][\/et_pb_divider][\/et_pb_column][\/et_pb_row][\/et_pb_section][et_pb_section fb_built=&#8221;1&#8243; _builder_version=&#8221;3.24&#8243; custom_margin=&#8221;||0px|||&#8221; custom_padding=&#8221;0px||4px|||&#8221; saved_tabs=&#8221;all&#8221;][et_pb_row column_structure=&#8221;3_4,1_4&#8243; _builder_version=&#8221;3.25&#8243; min_height=&#8221;197px&#8221; custom_padding=&#8221;55px||21px|||&#8221;][et_pb_column type=&#8221;3_4&#8243; _builder_version=&#8221;3.25&#8243; custom_padding=&#8221;|||&#8221; custom_padding__hover=&#8221;|||&#8221;][et_pb_text _builder_version=&#8221;3.27.4&#8243;]<\/p>\n<h2>Why us ?<\/h2>\n<p>Efa is a specialist in the mobile machinery sector. We wish to strengthen and complement our expertise by developing the mobile radio market. Mobile radio controls can be adapted to any type of market and company. Indeed, the system can be implemented in \u00a0the agricultural, forestry, railway \u2026 sector on all automated mobile machines. Indeed, it will adapt perfectly to your activity to make it easier for operators thanks to its different models. Mobile radio controls significantly increase the activity\u2019s productivity. It will change the way to work for the operator since it generates a number of advantages.<\/p>\n<p>Advantages of mobile radio controls systems:<\/p>\n<ul>\n<li>Removing operator from hazardous or prohibited areas<\/li>\n<li>Reduction of the painful conditions<\/li>\n<li>Improved visibility of maneuvers, more precision in the removal of load<\/li>\n<li>Elimination of unwanted wire link<\/li>\n<li>Simplification of the control circuit, limits the movements of the operator<\/li>\n<li>Only 1 operator necessary, this one can be multitasking and perform different actions simultaneously<\/li>\n<li>Efficient and safe emergency stop in the event of incorrect handling<\/li>\n<li>The function of protection is declared safety against unintentional movements from the rest position of the actuators classified EN ISO 13849-1 and EN IEC 62061.<\/li>\n<\/ul>\n<p>Thanks to these, you can remotely control a cylinder, an engine, a winch, a crane or a hoist, unload a truck, cut a tree and all this at a distance! Uses are not restricted and you can ask to format your transmitters according to your needs and your machines and gear.[\/et_pb_text][\/et_pb_column][et_pb_column type=&#8221;1_4&#8243; _builder_version=&#8221;3.25&#8243; custom_padding=&#8221;|||&#8221; custom_padding__hover=&#8221;|||&#8221;][et_pb_gallery gallery_ids=&#8221;3795,3793,3789&#8243; show_title_and_caption=&#8221;off&#8221; show_pagination=&#8221;off&#8221; _builder_version=&#8221;3.24&#8243; width=&#8221;80%&#8221; module_alignment=&#8221;center&#8221; custom_margin=&#8221;0px|0px|0px|0px&#8221; custom_padding=&#8221;0px|0px|0px|0px||&#8221;][\/et_pb_gallery][\/et_pb_column][\/et_pb_row][et_pb_row _builder_version=&#8221;3.25&#8243;][et_pb_column type=&#8221;4_4&#8243; _builder_version=&#8221;3.25&#8243; custom_padding=&#8221;|||&#8221; custom_padding__hover=&#8221;|||&#8221;][et_pb_text _builder_version=&#8221;3.27.4&#8243;]<\/p>\n<h2 style=\"text-align: center;\">Our product range<\/h2>\n<p>[\/et_pb_text][et_pb_divider color=&#8221;#333333&#8243; _builder_version=&#8221;3.24&#8243; width=&#8221;20%&#8221; module_alignment=&#8221;center&#8221;][\/et_pb_divider][et_pb_portfolio fullwidth=&#8221;off&#8221; include_categories=&#8221;124&#8243; show_categories=&#8221;off&#8221; hover_overlay_color=&#8221;rgba(255,255,255,0.5)&#8221; _builder_version=&#8221;3.24&#8243; title_font=&#8221;||||||||&#8221; caption_font=&#8221;||||||||&#8221; caption_text_color=&#8221;#0c71c3&#8243; pagination_font=&#8221;||||||||&#8221; text_orientation=&#8221;center&#8221; custom_padding=&#8221;||||true&#8221;][\/et_pb_portfolio][\/et_pb_column][\/et_pb_row][\/et_pb_section]<\/p>\n","protected":false},"excerpt":{"rendered":"<p>Radio remote control for off-road vehicleWhy us ? Efa is a specialist in the mobile machinery sector. We wish to strengthen and complement our expertise by developing the mobile radio market. Mobile radio controls can be adapted to any type of market and company. Indeed, the system can be implemented in \u00a0the agricultural, forestry, railway [&hellip;]<\/p>\n","protected":false},"author":2,"featured_media":0,"parent":5060,"menu_order":0,"comment_status":"closed","ping_status":"closed","template":"","meta":{"_et_pb_use_builder":"on","_et_pb_old_content":"<p>[vc_row printtext=\"\" toppadding=\"55\" bottompadding=\"55\"][vc_column width=\"2\/3\"][vc_custom_heading text=\"Radiocommandes pour v\u00e9hicules industriels\" font_container=\"tag:h1|text_align:left\" google_fonts=\"font_family:Roboto%3A100%2C100italic%2C300%2C300italic%2Cregular%2Citalic%2C500%2C500italic%2C700%2C700italic%2C900%2C900italic|font_style:400%20regular%3A400%3Anormal\"][vc_column_text]<\/p><p style=\"text-align: justify;\">Efa est <strong>sp\u00e9cialiste du secteur des engins mobile.<\/strong> Nous souhaitons renforcer et compl\u00e9ter notre savoir faire en d\u00e9veloppant le march\u00e9 des radiocommandes pour le mobile.<br \/>Les radiocommandes s'adaptent \u00e0 tout type de march\u00e9s et d'entreprises. En effet, le syst\u00e8me\u00a0peut \u00eatre impl\u00e9ment\u00e9 pour le secteur <strong>agricole, forestier, ferroviaire...<\/strong> sur tous les engins mobiles automatis\u00e9s. En effet, elle s'adaptera parfaitement \u00e0 votre activit\u00e9 pour la rendre<strong> plus facile<\/strong> pour les op\u00e9rateurs gr\u00e2ce \u00e0 ses diff\u00e9rents mod\u00e8les. Les radiocommandes \u00a0pour le mobile augmentent consid\u00e9rablement la <strong>productivit\u00e9<\/strong> d'une activit\u00e9.<br \/>Il changera la fa\u00e7on de travailler des op\u00e9rateurs puisqu'il engendre un certain nombre d'avantages.<\/p><h2 style=\"text-align: justify;\">Avantages des radiocommandes pour le mobile :<\/h2><ul style=\"text-align: justify;\"><li>\u00c9loignement de l\u2019op\u00e9rateur des zones dangereuses ou interdites<\/li><li>R\u00e9duction des conditions de p\u00e9nibilit\u00e9<\/li><li>Meilleure visibilit\u00e9 des man\u0153uvres, plus de pr\u00e9cision dans la d\u00e9pose des charges<\/li><li>\u00c9limination de la liaison filaire g\u00eanante<\/li><li>Simplification du circuit commande, limite les d\u00e9placements des op\u00e9rateurs<\/li><li>1 seul op\u00e9rateur possible,\u00a0celui-ci peut \u00eatre multit\u00e2che et effectuer diff\u00e9rentes actions simultan\u00e9ment<\/li><li>Commande d\u2019arr\u00eat d\u2019urgence efficace et s\u00e9curis\u00e9e en cas de mauvaise manipulation<\/li><li>S\u00e9curit\u00e9 de la fonction de protection contre les mouvements involontaires \u00e0 partir de la position de repos des actionneurs class\u00e9e EN ISO 13849-1 et \u00a0EN IEC 62061.<\/li><\/ul><p style=\"text-align: justify;\">Gr\u00e2ce \u00e0 celles-ci, vous pourrez commander <strong>\u00e0 distance<\/strong> un v\u00e9rin, un moteur, un treuil, une grue ou un palan, d\u00e9charger un camion, couper un arbre et tout cela \u00e0 distance !<br \/>Les utilisations ne sont pas restreintes et vous pourrez demander \u00e0 formater vos \u00e9metteurs en fonction de <strong>vos besoin et de vos machines et engins.<\/strong><\/p><p>[\/vc_column_text][\/vc_column][vc_column width=\"1\/3\"][vc_masonry_media_grid element_width=\"6\" gap=\"3\" item=\"masonryMedia_SolidBlurOut\" grid_id=\"vc_gid:1559634625949-b0647282-3ef2-4\" include=\"842,844,845,846\"][\/vc_column][\/vc_row][vc_row][vc_column][vc_masonry_grid post_type=\"produits\" max_items=\"10\" gap=\"20\" item=\"1881\" grid_id=\"vc_gid:1559634625953-64fd912e-0351-1\" taxonomies=\"54\"][\/vc_column][\/vc_row][vc_row][vc_column width=\"1\/3\"][vc_empty_space height=\"20\"][vc_custom_heading text=\"Emetteurs\" google_fonts=\"font_family:Roboto%3A100%2C100italic%2C300%2C300italic%2Cregular%2Citalic%2C500%2C500italic%2C700%2C700italic%2C900%2C900italic|font_style:400%20regular%3A400%3Anormal\" link=\"url:https%3A%2F%2Fefa-controls.com%2Fproduits%2Ftransmetteurs-mobiles%2F||\"][vc_column_text]<\/p><p style=\"text-align: justify;\">Les radiocommandes pour mobile disposent d'un \u00e9metteur\u00a0charg\u00e9 de transmettre un message via des boutons au r\u00e9cepteur. Il en existe diff\u00e9rentes gammes permettant \u00e0 ces transmetteurs de s'adapter au mieux \u00e0 vos besoins et \u00e0 votre activit\u00e9.<\/p><p>[\/vc_column_text][vc_empty_space height=\"25\"][tp_vc_callout2 text=\"\" style=\"highlight\" linktext=\"en savoir plus !!\" linkurl=\"https:\/\/efa-controls.com\/produits\/transmetteurs-mobiles\/\"][\/vc_column][vc_column width=\"1\/3\"][vc_empty_space height=\"20\"][vc_custom_heading text=\"R\u00e9cepteurs\" google_fonts=\"font_family:Roboto%3A100%2C100italic%2C300%2C300italic%2Cregular%2Citalic%2C500%2C500italic%2C700%2C700italic%2C900%2C900italic|font_style:400%20regular%3A400%3Anormal\" link=\"url:https%3A%2F%2Fefa-controls.com%2Fproduits%2Frecepteurs-mobiles%2F||\"][vc_column_text]<\/p><p style=\"text-align: justify;\">Les bo\u00eetiers r\u00e9cepteurs sont indissociables des \u00e9metteurs. Ils servent \u00e0 transmettre les messages de l'\u00e9metteur au syst\u00e8me automatique de l'engin ou de la machine. Ainsi les actions seront r\u00e9alis\u00e9es en toute s\u00e9curit\u00e9. Il se choisit en fonction du nombre d'ordres \u00e0 enregistrer dans l'\u00e9metteur.<\/p><p>[\/vc_column_text][vc_empty_space height=\"5\"][tp_vc_callout2 text=\"\" style=\"highlight\" linktext=\"en savoir plus !!\" linkurl=\"https:\/\/efa-controls.com\/produits\/recepteurs-mobiles\/\"][\/vc_column][vc_column width=\"1\/3\"][vc_empty_space height=\"20\"][vc_custom_heading text=\"Unit\u00e9s de commande par c\u00e2ble\" google_fonts=\"font_family:Roboto%3A100%2C100italic%2C300%2C300italic%2Cregular%2Citalic%2C500%2C500italic%2C700%2C700italic%2C900%2C900italic|font_style:400%20regular%3A400%3Anormal\" link=\"url:https%3A%2F%2Fefa-controls.com%2Fproduits%2Funites-de-commande-par-cable%2F||\"][vc_column_text]<\/p><p style=\"text-align: justify;\">Les unit\u00e9s de commande par c\u00e2ble permettent de remplacer la fonction \u00e9metteur et r\u00e9cepteur. Ils se fixent directement sur le syst\u00e8me automatis\u00e9 et transmettent directement par le c\u00e2ble les ordres au syst\u00e8me. Il dispose d'une liaison filaire et s'adapte parfaitement \u00e0 certaines activit\u00e9s.<\/p><p>[\/vc_column_text][tp_vc_callout2 text=\"\" style=\"highlight\" linktext=\"en savoir plus !!\" linkurl=\"https:\/\/efa-controls.com\/produits\/unites-de-commande-par-cable\/\"][\/vc_column][\/vc_row]<\/p>","_et_gb_content_width":"","_uf_show_specific_survey":0,"_uf_disable_surveys":false,"footnotes":""},"class_list":["post-5070","page","type-page","status-publish","hentry"],"yoast_head":"<!-- This site is optimized with the Yoast SEO plugin v27.4 - https:\/\/yoast.com\/product\/yoast-seo-wordpress\/ -->\n<title>Radio remote for off-road vehicle - efa Controls<\/title>\n<meta name=\"description\" content=\"RADIO remote control, Efa offers radio controls for the mobile including transmitters, receivers and cables to register in your automatic system.\" \/>\n<meta name=\"robots\" content=\"index, follow, max-snippet:-1, max-image-preview:large, max-video-preview:-1\" \/>\n<link rel=\"canonical\" href=\"https:\/\/efa-controls.com\/en\/radio-remote-controls\/radio-remote-for-off-road-vehicle\/\" \/>\n<meta property=\"og:locale\" content=\"en_US\" \/>\n<meta property=\"og:type\" content=\"article\" \/>\n<meta property=\"og:title\" content=\"Radio remote for off-road vehicle - efa Controls\" \/>\n<meta property=\"og:description\" content=\"RADIO remote control, Efa offers radio controls for the mobile including transmitters, receivers and cables to register in your automatic system.\" \/>\n<meta property=\"og:url\" content=\"https:\/\/efa-controls.com\/en\/radio-remote-controls\/radio-remote-for-off-road-vehicle\/\" \/>\n<meta property=\"og:site_name\" content=\"efa Controls\" \/>\n<meta property=\"article:publisher\" content=\"https:\/\/www.facebook.com\/efaFranceSA\/\" \/>\n<meta property=\"article:modified_time\" content=\"2020-10-21T09:34:07+00:00\" \/>\n<meta name=\"twitter:card\" content=\"summary_large_image\" \/>\n<meta name=\"twitter:site\" content=\"@efa_france\" \/>\n<meta name=\"twitter:label1\" content=\"Est. reading time\" \/>\n\t<meta name=\"twitter:data1\" content=\"3 minutes\" \/>\n<script type=\"application\/ld+json\" class=\"yoast-schema-graph\">{\"@context\":\"https:\\\/\\\/schema.org\",\"@graph\":[{\"@type\":\"WebPage\",\"@id\":\"https:\\\/\\\/efa-controls.com\\\/en\\\/radio-remote-controls\\\/radio-remote-for-off-road-vehicle\\\/\",\"url\":\"https:\\\/\\\/efa-controls.com\\\/en\\\/radio-remote-controls\\\/radio-remote-for-off-road-vehicle\\\/\",\"name\":\"Radio remote for off-road vehicle - efa Controls\",\"isPartOf\":{\"@id\":\"https:\\\/\\\/efa-controls.com\\\/en\\\/#website\"},\"datePublished\":\"2019-08-23T09:59:54+00:00\",\"dateModified\":\"2020-10-21T09:34:07+00:00\",\"description\":\"RADIO remote control, Efa offers radio controls for the mobile including transmitters, receivers and cables to register in your automatic system.\",\"breadcrumb\":{\"@id\":\"https:\\\/\\\/efa-controls.com\\\/en\\\/radio-remote-controls\\\/radio-remote-for-off-road-vehicle\\\/#breadcrumb\"},\"inLanguage\":\"en-US\",\"potentialAction\":[{\"@type\":\"ReadAction\",\"target\":[\"https:\\\/\\\/efa-controls.com\\\/en\\\/radio-remote-controls\\\/radio-remote-for-off-road-vehicle\\\/\"]}]},{\"@type\":\"BreadcrumbList\",\"@id\":\"https:\\\/\\\/efa-controls.com\\\/en\\\/radio-remote-controls\\\/radio-remote-for-off-road-vehicle\\\/#breadcrumb\",\"itemListElement\":[{\"@type\":\"ListItem\",\"position\":1,\"name\":\"Accueil-Home\",\"item\":\"https:\\\/\\\/efa-controls.com\\\/en\\\/\"},{\"@type\":\"ListItem\",\"position\":2,\"name\":\"Radio remote controls\",\"item\":\"https:\\\/\\\/efa-controls.com\\\/en\\\/radiocommande\\\/\"},{\"@type\":\"ListItem\",\"position\":3,\"name\":\"Radio remote for off-road vehicle\"}]},{\"@type\":\"WebSite\",\"@id\":\"https:\\\/\\\/efa-controls.com\\\/en\\\/#website\",\"url\":\"https:\\\/\\\/efa-controls.com\\\/en\\\/\",\"name\":\"efa Controls\",\"description\":\"Bureau d&#039;\u00e9tude pour v\u00e9hicules industriels\",\"publisher\":{\"@id\":\"https:\\\/\\\/efa-controls.com\\\/en\\\/#organization\"},\"potentialAction\":[{\"@type\":\"SearchAction\",\"target\":{\"@type\":\"EntryPoint\",\"urlTemplate\":\"https:\\\/\\\/efa-controls.com\\\/en\\\/?s={search_term_string}\"},\"query-input\":{\"@type\":\"PropertyValueSpecification\",\"valueRequired\":true,\"valueName\":\"search_term_string\"}}],\"inLanguage\":\"en-US\"},{\"@type\":\"Organization\",\"@id\":\"https:\\\/\\\/efa-controls.com\\\/en\\\/#organization\",\"name\":\"efa Controls\",\"url\":\"https:\\\/\\\/efa-controls.com\\\/en\\\/\",\"logo\":{\"@type\":\"ImageObject\",\"inLanguage\":\"en-US\",\"@id\":\"https:\\\/\\\/efa-controls.com\\\/en\\\/#\\\/schema\\\/logo\\\/image\\\/\",\"url\":\"https:\\\/\\\/efa-controls.com\\\/wp-content\\\/uploads\\\/2023\\\/05\\\/logo-bleu.png\",\"contentUrl\":\"https:\\\/\\\/efa-controls.com\\\/wp-content\\\/uploads\\\/2023\\\/05\\\/logo-bleu.png\",\"width\":408,\"height\":288,\"caption\":\"efa Controls\"},\"image\":{\"@id\":\"https:\\\/\\\/efa-controls.com\\\/en\\\/#\\\/schema\\\/logo\\\/image\\\/\"},\"sameAs\":[\"https:\\\/\\\/www.facebook.com\\\/efaFranceSA\\\/\",\"https:\\\/\\\/x.com\\\/efa_france\",\"https:\\\/\\\/www.instagram.com\\\/efafrance\\\/\",\"https:\\\/\\\/www.linkedin.com\\\/company\\\/efa-france\",\"https:\\\/\\\/www.youtube.com\\\/user\\\/EFAControls\"]}]}<\/script>\n<!-- \/ Yoast SEO plugin. -->","yoast_head_json":{"title":"Radio remote for off-road vehicle - efa Controls","description":"RADIO remote control, Efa offers radio controls for the mobile including transmitters, receivers and cables to register in your automatic system.","robots":{"index":"index","follow":"follow","max-snippet":"max-snippet:-1","max-image-preview":"max-image-preview:large","max-video-preview":"max-video-preview:-1"},"canonical":"https:\/\/efa-controls.com\/en\/radio-remote-controls\/radio-remote-for-off-road-vehicle\/","og_locale":"en_US","og_type":"article","og_title":"Radio remote for off-road vehicle - efa Controls","og_description":"RADIO remote control, Efa offers radio controls for the mobile including transmitters, receivers and cables to register in your automatic system.","og_url":"https:\/\/efa-controls.com\/en\/radio-remote-controls\/radio-remote-for-off-road-vehicle\/","og_site_name":"efa Controls","article_publisher":"https:\/\/www.facebook.com\/efaFranceSA\/","article_modified_time":"2020-10-21T09:34:07+00:00","twitter_card":"summary_large_image","twitter_site":"@efa_france","twitter_misc":{"Est. reading time":"3 minutes"},"schema":{"@context":"https:\/\/schema.org","@graph":[{"@type":"WebPage","@id":"https:\/\/efa-controls.com\/en\/radio-remote-controls\/radio-remote-for-off-road-vehicle\/","url":"https:\/\/efa-controls.com\/en\/radio-remote-controls\/radio-remote-for-off-road-vehicle\/","name":"Radio remote for off-road vehicle - efa Controls","isPartOf":{"@id":"https:\/\/efa-controls.com\/en\/#website"},"datePublished":"2019-08-23T09:59:54+00:00","dateModified":"2020-10-21T09:34:07+00:00","description":"RADIO remote control, Efa offers radio controls for the mobile including transmitters, receivers and cables to register in your automatic system.","breadcrumb":{"@id":"https:\/\/efa-controls.com\/en\/radio-remote-controls\/radio-remote-for-off-road-vehicle\/#breadcrumb"},"inLanguage":"en-US","potentialAction":[{"@type":"ReadAction","target":["https:\/\/efa-controls.com\/en\/radio-remote-controls\/radio-remote-for-off-road-vehicle\/"]}]},{"@type":"BreadcrumbList","@id":"https:\/\/efa-controls.com\/en\/radio-remote-controls\/radio-remote-for-off-road-vehicle\/#breadcrumb","itemListElement":[{"@type":"ListItem","position":1,"name":"Accueil-Home","item":"https:\/\/efa-controls.com\/en\/"},{"@type":"ListItem","position":2,"name":"Radio remote controls","item":"https:\/\/efa-controls.com\/en\/radiocommande\/"},{"@type":"ListItem","position":3,"name":"Radio remote for off-road vehicle"}]},{"@type":"WebSite","@id":"https:\/\/efa-controls.com\/en\/#website","url":"https:\/\/efa-controls.com\/en\/","name":"efa Controls","description":"Bureau d&#039;\u00e9tude pour v\u00e9hicules industriels","publisher":{"@id":"https:\/\/efa-controls.com\/en\/#organization"},"potentialAction":[{"@type":"SearchAction","target":{"@type":"EntryPoint","urlTemplate":"https:\/\/efa-controls.com\/en\/?s={search_term_string}"},"query-input":{"@type":"PropertyValueSpecification","valueRequired":true,"valueName":"search_term_string"}}],"inLanguage":"en-US"},{"@type":"Organization","@id":"https:\/\/efa-controls.com\/en\/#organization","name":"efa Controls","url":"https:\/\/efa-controls.com\/en\/","logo":{"@type":"ImageObject","inLanguage":"en-US","@id":"https:\/\/efa-controls.com\/en\/#\/schema\/logo\/image\/","url":"https:\/\/efa-controls.com\/wp-content\/uploads\/2023\/05\/logo-bleu.png","contentUrl":"https:\/\/efa-controls.com\/wp-content\/uploads\/2023\/05\/logo-bleu.png","width":408,"height":288,"caption":"efa Controls"},"image":{"@id":"https:\/\/efa-controls.com\/en\/#\/schema\/logo\/image\/"},"sameAs":["https:\/\/www.facebook.com\/efaFranceSA\/","https:\/\/x.com\/efa_france","https:\/\/www.instagram.com\/efafrance\/","https:\/\/www.linkedin.com\/company\/efa-france","https:\/\/www.youtube.com\/user\/EFAControls"]}]}},"_links":{"self":[{"href":"https:\/\/efa-controls.com\/en\/wp-json\/wp\/v2\/pages\/5070","targetHints":{"allow":["GET"]}}],"collection":[{"href":"https:\/\/efa-controls.com\/en\/wp-json\/wp\/v2\/pages"}],"about":[{"href":"https:\/\/efa-controls.com\/en\/wp-json\/wp\/v2\/types\/page"}],"author":[{"embeddable":true,"href":"https:\/\/efa-controls.com\/en\/wp-json\/wp\/v2\/users\/2"}],"replies":[{"embeddable":true,"href":"https:\/\/efa-controls.com\/en\/wp-json\/wp\/v2\/comments?post=5070"}],"version-history":[{"count":33,"href":"https:\/\/efa-controls.com\/en\/wp-json\/wp\/v2\/pages\/5070\/revisions"}],"predecessor-version":[{"id":9907,"href":"https:\/\/efa-controls.com\/en\/wp-json\/wp\/v2\/pages\/5070\/revisions\/9907"}],"up":[{"embeddable":true,"href":"https:\/\/efa-controls.com\/en\/wp-json\/wp\/v2\/pages\/5060"}],"wp:attachment":[{"href":"https:\/\/efa-controls.com\/en\/wp-json\/wp\/v2\/media?parent=5070"}],"curies":[{"name":"wp","href":"https:\/\/api.w.org\/{rel}","templated":true}]}}