{"id":5063,"date":"2019-08-23T11:52:48","date_gmt":"2019-08-23T09:52:48","guid":{"rendered":"http:\/\/efa-controls.com\/radio-remote-controls\/industrial-radio-remote-controls\/"},"modified":"2019-09-05T17:33:56","modified_gmt":"2019-09-05T15:33:56","slug":"industrial-radio-remote-controls","status":"publish","type":"page","link":"https:\/\/efa-controls.com\/en\/radio-remote-controls\/industrial-radio-remote-controls\/","title":{"rendered":"Industrial Radio remote controls"},"content":{"rendered":"<p>[et_pb_section fb_built=&#8221;1&#8243; _builder_version=&#8221;3.24&#8243; background_color=&#8221;#333333&#8243; custom_padding=&#8221;8px||25px|||&#8221; fb_built=&#8221;1&#8243; _i=&#8221;0&#8243; _address=&#8221;0&#8243;][et_pb_row _builder_version=&#8221;3.25&#8243; custom_padding=&#8221;56px|||||&#8221; _i=&#8221;0&#8243; _address=&#8221;0.0&#8243;][et_pb_column type=&#8221;4_4&#8243; _builder_version=&#8221;3.25&#8243; custom_padding=&#8221;|||&#8221; _i=&#8221;0&#8243; _address=&#8221;0.0.0&#8243; custom_padding__hover=&#8221;|||&#8221;][et_pb_text _builder_version=&#8221;3.27.4&#8243; header_font=&#8221;||||||||&#8221; header_text_color=&#8221;#ffffff&#8221; _i=&#8221;0&#8243; _address=&#8221;0.0.0.0&#8243;]<\/p>\n<h1 style=\"text-align: center;\"><span style=\"color: #ffffff;\">Industry radio remote control<\/span><\/h1>\n<p>[\/et_pb_text][et_pb_divider color=&#8221;#ffffff&#8221; _builder_version=&#8221;3.24&#8243; width=&#8221;20%&#8221; module_alignment=&#8221;center&#8221; _i=&#8221;1&#8243; _address=&#8221;0.0.0.1&#8243;][\/et_pb_divider][\/et_pb_column][\/et_pb_row][\/et_pb_section][et_pb_section fb_built=&#8221;1&#8243; _builder_version=&#8221;3.24&#8243; custom_margin=&#8221;||0px|||&#8221; custom_padding=&#8221;0px||4px|||&#8221; saved_tabs=&#8221;all&#8221; fb_built=&#8221;1&#8243; _i=&#8221;1&#8243; _address=&#8221;1&#8243;][et_pb_row _builder_version=&#8221;3.25&#8243; min_height=&#8221;197px&#8221; custom_padding=&#8221;55px|||||&#8221; _i=&#8221;0&#8243; _address=&#8221;1.0&#8243; column_structure=&#8221;3_5,2_5&#8243;][et_pb_column type=&#8221;3_5&#8243; _builder_version=&#8221;3.25&#8243; custom_padding=&#8221;|||&#8221; _i=&#8221;0&#8243; _address=&#8221;1.0.0&#8243; custom_padding__hover=&#8221;|||&#8221;][et_pb_text _builder_version=&#8221;3.27.4&#8243; custom_margin=&#8221;|-10px||-5px||&#8221; _i=&#8221;0&#8243; _address=&#8221;1.0.0.0&#8243;]<\/p>\n<h2>Why us ?<\/h2>\n<p>Efa is a specialist in mobile equipment and wishes to use radio-controlled products to open up to the industrial sector using industrial radio remote controls:<br \/>\nThe industrial radio control series is made up of a transmitter which can be a remote control or a manipulator and a receiving unit.<br \/>\nRadio controls are an ideal solution for companies in the industrial sector, they are important for your operator\u2019s work.<br \/>\nThanks to these remote controls, you will be able to carry out the actions remotely, this leads to many advantages for your operators.<\/p>\n<h3>Advantages of industrial radio control systems:<\/h3>\n<ul>\n<li>Removing operator from hazardous or prohibited areas<\/li>\n<li>Reduction of the painful conditions<\/li>\n<li>Improved visibility of maneuvers, more precision in the removal of load<\/li>\n<li>Elimination of unwanted wire link<\/li>\n<li>Simplification of the control circuit, limits the movements of the operator<\/li>\n<li>Only 1 operator necessary, this one can be multitasking and perform different actions simultaneously<\/li>\n<li>Efficient and safe emergency stop in the event of incorrect handling<\/li>\n<\/ul>\n<p>Thanks to these, you can set up handling slings, manipulate a crane, hoists or order a lifting winch and all this at a distance! Uses are not restricted and you can ask to format your transmitters according to your needs and workshop.[\/et_pb_text][\/et_pb_column][et_pb_column type=&#8221;2_5&#8243; _builder_version=&#8221;3.25&#8243; custom_padding=&#8221;|||&#8221; _i=&#8221;1&#8243; _address=&#8221;1.0.1&#8243; custom_padding__hover=&#8221;|||&#8221;][et_pb_image src=&#8221;https:\/\/efa-controls.com\/wp-content\/uploads\/2017\/03\/lost-places-1801660_1920.jpg&#8221; _builder_version=&#8221;3.24&#8243; custom_margin=&#8221;||7px|||&#8221; _i=&#8221;0&#8243; _address=&#8221;1.0.1.0&#8243;][\/et_pb_image][et_pb_image src=&#8221;https:\/\/efa-controls.com\/wp-content\/uploads\/2017\/03\/steel-1968194_1920.jpg&#8221; _builder_version=&#8221;3.24&#8243; custom_margin=&#8221;||7px|||&#8221; _i=&#8221;1&#8243; _address=&#8221;1.0.1.1&#8243;][\/et_pb_image][et_pb_image src=&#8221;https:\/\/efa-controls.com\/wp-content\/uploads\/2017\/03\/radion-commande.jpg&#8221; _builder_version=&#8221;3.24&#8243; _i=&#8221;2&#8243; _address=&#8221;1.0.1.2&#8243;][\/et_pb_image][\/et_pb_column][\/et_pb_row][et_pb_row _builder_version=&#8221;3.25&#8243; _i=&#8221;1&#8243; _address=&#8221;1.1&#8243;][et_pb_column type=&#8221;4_4&#8243; _builder_version=&#8221;3.25&#8243; custom_padding=&#8221;|||&#8221; _i=&#8221;0&#8243; _address=&#8221;1.1.0&#8243; custom_padding__hover=&#8221;|||&#8221;][et_pb_text _builder_version=&#8221;3.27.4&#8243; _i=&#8221;0&#8243; _address=&#8221;1.1.0.0&#8243;]<\/p>\n<h2 style=\"text-align: center;\">Notre gamme de produits<\/h2>\n<p>[\/et_pb_text][et_pb_divider color=&#8221;#333333&#8243; _builder_version=&#8221;3.24&#8243; width=&#8221;20%&#8221; module_alignment=&#8221;center&#8221; _i=&#8221;1&#8243; _address=&#8221;1.1.0.1&#8243;][\/et_pb_divider][et_pb_portfolio fullwidth=&#8221;off&#8221; include_categories=&#8221;123&#8243; show_categories=&#8221;off&#8221; hover_overlay_color=&#8221;rgba(255,255,255,0.5)&#8221; _builder_version=&#8221;3.24&#8243; title_font=&#8221;||||||||&#8221; caption_font=&#8221;||||||||&#8221; caption_text_color=&#8221;#0c71c3&#8243; pagination_font=&#8221;||||||||&#8221; text_orientation=&#8221;center&#8221; custom_padding=&#8221;||||true&#8221; _i=&#8221;2&#8243; _address=&#8221;1.1.0.2&#8243;][\/et_pb_portfolio][\/et_pb_column][\/et_pb_row][\/et_pb_section]<\/p>\n","protected":false},"excerpt":{"rendered":"<p>Industry radio remote controlWhy us ? Efa is a specialist in mobile equipment and wishes to use radio-controlled products to open up to the industrial sector using industrial radio remote controls: The industrial radio control series is made up of a transmitter which can be a remote control or a manipulator and a receiving unit. [&hellip;]<\/p>\n","protected":false},"author":2,"featured_media":0,"parent":5060,"menu_order":0,"comment_status":"closed","ping_status":"closed","template":"","meta":{"_et_pb_use_builder":"on","_et_pb_old_content":"<p>[vc_row printtext=\"\" toppadding=\"55\" bottompadding=\"55\"][vc_column width=\"2\/3\"][vc_custom_heading text=\"Radiocommandes industrielles\" font_container=\"tag:h1|text_align:left\" google_fonts=\"font_family:Roboto%3A100%2C100italic%2C300%2C300italic%2Cregular%2Citalic%2C500%2C500italic%2C700%2C700italic%2C900%2C900italic|font_style:500%20bold%20regular%3A500%3Anormal\"][vc_column_text]<\/p><p style=\"text-align: justify;\">Efa est <strong>sp\u00e9cialiste de l'engin mobile<\/strong> et souhaite \u00e0 l'aide des produits radiocommand\u00e9s s'ouvrir au secteur industriel \u00e0 l'aide des radiocommandes industrielles.<br \/>La s\u00e9rie radiocommandes industrielle se compose d'<strong>un \u00e9metteur<\/strong> qui peut \u00eatre une t\u00e9l\u00e9commande ou un manipulateur et d'une<strong> unit\u00e9 de r\u00e9ception<\/strong><br \/>Les radiocommandes\u00a0repr\u00e9sentent une <strong>solution id\u00e9ale<\/strong> pour les entreprises du secteur industriel, elles jouent un r\u00f4le important pour le travail de vos op\u00e9rateurs.<br \/>Gr\u00e2ce \u00e0 ces radiocommandes, vous pourrez effectuer\u00a0les actions <strong>\u00e0 distance<\/strong>, cela\u00a0entra\u00eene de nombreux avantages pour vos op\u00e9rateurs.<\/p><h2>Avantages des radiocommandes industrielles :<\/h2><ul style=\"text-align: justify;\"><li>\u00c9loignement de l\u2019op\u00e9rateur des zones dangereuses ou interdites<\/li><li>R\u00e9duction des conditions de p\u00e9nibilit\u00e9<\/li><li>Meilleure visibilit\u00e9 des man\u0153uvres, plus de pr\u00e9cision dans la d\u00e9pose des charges<\/li><li>\u00c9limination de la liaison filaire g\u00eanante<\/li><li>Simplification du circuit commande, limite les d\u00e9placements des op\u00e9rateurs<\/li><li>1 seul op\u00e9rateur possible,\u00a0celui-ci peut \u00eatre multit\u00e2che et effectuer diff\u00e9rentes actions simultan\u00e9ment<\/li><li>Commande d\u2019arr\u00eat d\u2019urgence efficace et s\u00e9curis\u00e9e en cas de mauvaise manipulation<\/li><\/ul><p style=\"text-align: justify;\">Gr\u00e2ce \u00e0 celles-ci, vous pourrez mettre en place des \u00e9lingues de manutention, manipuler un pont roulant, des palans ou commander un treuil de levage \u00a0et tout cela \u00e0 distance !<br \/>Les utilisations ne sont pas restreintes et vous pourrez demander \u00e0 formater vos \u00e9metteurs en fonction de <strong>vos besoin<\/strong> et de <strong>votre atelier.<\/strong><\/p><p>[\/vc_column_text][\/vc_column][vc_column width=\"1\/3\"][vc_masonry_media_grid element_width=\"12\" gap=\"3\" item=\"masonryMedia_SolidBlurOut\" grid_id=\"vc_gid:1513864097760-c505dd1a-5fe8-4\" include=\"828,829,944\"][\/vc_column][\/vc_row][vc_row][vc_column][vc_masonry_grid post_type=\"produits\" max_items=\"10\" gap=\"20\" item=\"1881\" grid_id=\"vc_gid:1513864097762-87f75e0b-19e2-0\" taxonomies=\"53\"][\/vc_column][\/vc_row][vc_row printtext=\"\" toppadding=\"0\" bottompadding=\"0\"][vc_column width=\"1\/3\"][vc_custom_heading text=\"T\u00e9l\u00e9commandes\" google_fonts=\"font_family:Roboto%3A100%2C100italic%2C300%2C300italic%2Cregular%2Citalic%2C500%2C500italic%2C700%2C700italic%2C900%2C900italic|font_style:400%20regular%3A400%3Anormal\" link=\"url:https%3A%2F%2Fefa-controls.com%2Fproduits%2Ftelecommandes-industrielles%2F||\"][vc_column_text]<\/p><p style=\"text-align: justify;\">Les t\u00e9l\u00e9commandes AUTEC vont \u00e9mettre le ou les message(s) au r\u00e9cepteur. Il en existe plusieurs agenc\u00e9es diff\u00e9remment en fonction du nombre d'actions que vous souhaitez pouvoir faire avec. Certaines proposent un \u00e9cran pouvant confirmer les actions demand\u00e9es.<\/p><p>[\/vc_column_text][tp_vc_callout2 text=\"\" style=\"highlight\" linktext=\"En savoir plus !!\" linkurl=\"https:\/\/efa-controls.com\/produits\/telecommandes-industrielles\/\"][\/vc_column][vc_column width=\"1\/3\"][vc_custom_heading text=\"Manipulateurs\" google_fonts=\"font_family:Roboto%3A100%2C100italic%2C300%2C300italic%2Cregular%2Citalic%2C500%2C500italic%2C700%2C700italic%2C900%2C900italic|font_style:400%20regular%3A400%3Anormal\" link=\"url:https%3A%2F%2Fefa-controls.com%2Fproduits%2Fmanipulateurs-industriels%2F||\"][vc_column_text]<\/p><p style=\"text-align: justify;\">Les manipulateurs repr\u00e9sentent un autre type d'\u00e9metteurs. Ils vont \u00e9galement envoyer le message au r\u00e9cepteur \u00e0 l'aide de boutons mais \u00e9galement de joystick et de boutons poussoirs. Les actions pourront donc \u00eatre plus complexes.<\/p><p>[\/vc_column_text][vc_empty_space height=\"25\"][tp_vc_callout2 text=\"\" style=\"highlight\" linktext=\"En savoir plus !!\" linkurl=\"https:\/\/efa-controls.com\/produits\/manipulateurs-industriels\/\"][\/vc_column][vc_column width=\"1\/3\"][vc_custom_heading text=\"R\u00e9cepteurs\" google_fonts=\"font_family:Roboto%3A100%2C100italic%2C300%2C300italic%2Cregular%2Citalic%2C500%2C500italic%2C700%2C700italic%2C900%2C900italic|font_style:400%20regular%3A400%3Anormal\" link=\"url:https%3A%2F%2Fefa-controls.com%2Fproduits%2Frecepteurs-industriels%2F||\"][vc_column_text]<\/p><p style=\"text-align: justify;\">Les r\u00e9cepteurs ont pour fonction de transmettre le message de l'\u00e9metteur \u00e0 la machine pour que celle-ci puisse effectuer l'action. Ils sont donc indispensables \u00e0 tout syst\u00e8me radiocommand\u00e9 industriel.<\/p><p>[\/vc_column_text][vc_empty_space height=\"25\"][tp_vc_callout2 text=\"\" style=\"highlight\" linktext=\"En savoir plus !!\" linkurl=\"https:\/\/efa-controls.com\/produits\/recepteurs-industriels\/\"][\/vc_column][\/vc_row]<\/p>","_et_gb_content_width":"","_uf_show_specific_survey":0,"_uf_disable_surveys":false,"footnotes":""},"class_list":["post-5063","page","type-page","status-publish","hentry"],"yoast_head":"<!-- This site is optimized with the Yoast SEO plugin v27.5 - https:\/\/yoast.com\/product\/yoast-seo-wordpress\/ -->\n<title>Industrial Radio remote controls for hoist - Efa France<\/title>\n<meta name=\"description\" content=\"RADIO remote control, Efa offers a wide range of radio controls for industry, transmitters, receivers and manipulators\" \/>\n<meta name=\"robots\" content=\"index, follow, max-snippet:-1, max-image-preview:large, max-video-preview:-1\" \/>\n<link rel=\"canonical\" href=\"https:\/\/efa-controls.com\/en\/radio-remote-controls\/industrial-radio-remote-controls\/\" \/>\n<meta property=\"og:locale\" content=\"en_US\" \/>\n<meta property=\"og:type\" content=\"article\" \/>\n<meta property=\"og:title\" content=\"Industrial Radio remote controls for hoist - Efa France\" \/>\n<meta property=\"og:description\" content=\"RADIO remote control, Efa offers a wide range of radio controls for industry, transmitters, receivers and manipulators\" \/>\n<meta property=\"og:url\" content=\"https:\/\/efa-controls.com\/en\/radio-remote-controls\/industrial-radio-remote-controls\/\" \/>\n<meta property=\"og:site_name\" content=\"efa Controls\" \/>\n<meta property=\"article:publisher\" content=\"https:\/\/www.facebook.com\/efaFranceSA\/\" \/>\n<meta property=\"article:modified_time\" content=\"2019-09-05T15:33:56+00:00\" \/>\n<meta name=\"twitter:card\" content=\"summary_large_image\" \/>\n<meta name=\"twitter:site\" content=\"@efa_france\" \/>\n<meta name=\"twitter:label1\" content=\"Est. reading time\" \/>\n\t<meta name=\"twitter:data1\" content=\"3 minutes\" \/>\n<script type=\"application\/ld+json\" class=\"yoast-schema-graph\">{\"@context\":\"https:\\\/\\\/schema.org\",\"@graph\":[{\"@type\":\"WebPage\",\"@id\":\"https:\\\/\\\/efa-controls.com\\\/en\\\/radio-remote-controls\\\/industrial-radio-remote-controls\\\/\",\"url\":\"https:\\\/\\\/efa-controls.com\\\/en\\\/radio-remote-controls\\\/industrial-radio-remote-controls\\\/\",\"name\":\"Industrial Radio remote controls for hoist - Efa France\",\"isPartOf\":{\"@id\":\"https:\\\/\\\/efa-controls.com\\\/en\\\/#website\"},\"datePublished\":\"2019-08-23T09:52:48+00:00\",\"dateModified\":\"2019-09-05T15:33:56+00:00\",\"description\":\"RADIO remote control, Efa offers a wide range of radio controls for industry, transmitters, receivers and manipulators\",\"breadcrumb\":{\"@id\":\"https:\\\/\\\/efa-controls.com\\\/en\\\/radio-remote-controls\\\/industrial-radio-remote-controls\\\/#breadcrumb\"},\"inLanguage\":\"en-US\",\"potentialAction\":[{\"@type\":\"ReadAction\",\"target\":[\"https:\\\/\\\/efa-controls.com\\\/en\\\/radio-remote-controls\\\/industrial-radio-remote-controls\\\/\"]}]},{\"@type\":\"BreadcrumbList\",\"@id\":\"https:\\\/\\\/efa-controls.com\\\/en\\\/radio-remote-controls\\\/industrial-radio-remote-controls\\\/#breadcrumb\",\"itemListElement\":[{\"@type\":\"ListItem\",\"position\":1,\"name\":\"Accueil-Home\",\"item\":\"https:\\\/\\\/efa-controls.com\\\/en\\\/\"},{\"@type\":\"ListItem\",\"position\":2,\"name\":\"Radio remote controls\",\"item\":\"https:\\\/\\\/efa-controls.com\\\/en\\\/radiocommande\\\/\"},{\"@type\":\"ListItem\",\"position\":3,\"name\":\"Industrial Radio remote controls\"}]},{\"@type\":\"WebSite\",\"@id\":\"https:\\\/\\\/efa-controls.com\\\/en\\\/#website\",\"url\":\"https:\\\/\\\/efa-controls.com\\\/en\\\/\",\"name\":\"efa Controls\",\"description\":\"Bureau d&#039;\u00e9tude pour v\u00e9hicules industriels\",\"publisher\":{\"@id\":\"https:\\\/\\\/efa-controls.com\\\/en\\\/#organization\"},\"potentialAction\":[{\"@type\":\"SearchAction\",\"target\":{\"@type\":\"EntryPoint\",\"urlTemplate\":\"https:\\\/\\\/efa-controls.com\\\/en\\\/?s={search_term_string}\"},\"query-input\":{\"@type\":\"PropertyValueSpecification\",\"valueRequired\":true,\"valueName\":\"search_term_string\"}}],\"inLanguage\":\"en-US\"},{\"@type\":\"Organization\",\"@id\":\"https:\\\/\\\/efa-controls.com\\\/en\\\/#organization\",\"name\":\"efa Controls\",\"url\":\"https:\\\/\\\/efa-controls.com\\\/en\\\/\",\"logo\":{\"@type\":\"ImageObject\",\"inLanguage\":\"en-US\",\"@id\":\"https:\\\/\\\/efa-controls.com\\\/en\\\/#\\\/schema\\\/logo\\\/image\\\/\",\"url\":\"https:\\\/\\\/efa-controls.com\\\/wp-content\\\/uploads\\\/2023\\\/05\\\/logo-bleu.png\",\"contentUrl\":\"https:\\\/\\\/efa-controls.com\\\/wp-content\\\/uploads\\\/2023\\\/05\\\/logo-bleu.png\",\"width\":408,\"height\":288,\"caption\":\"efa Controls\"},\"image\":{\"@id\":\"https:\\\/\\\/efa-controls.com\\\/en\\\/#\\\/schema\\\/logo\\\/image\\\/\"},\"sameAs\":[\"https:\\\/\\\/www.facebook.com\\\/efaFranceSA\\\/\",\"https:\\\/\\\/x.com\\\/efa_france\",\"https:\\\/\\\/www.instagram.com\\\/efafrance\\\/\",\"https:\\\/\\\/www.linkedin.com\\\/company\\\/efa-france\",\"https:\\\/\\\/www.youtube.com\\\/user\\\/EFAControls\"]}]}<\/script>\n<!-- \/ Yoast SEO plugin. -->","yoast_head_json":{"title":"Industrial Radio remote controls for hoist - Efa France","description":"RADIO remote control, Efa offers a wide range of radio controls for industry, transmitters, receivers and manipulators","robots":{"index":"index","follow":"follow","max-snippet":"max-snippet:-1","max-image-preview":"max-image-preview:large","max-video-preview":"max-video-preview:-1"},"canonical":"https:\/\/efa-controls.com\/en\/radio-remote-controls\/industrial-radio-remote-controls\/","og_locale":"en_US","og_type":"article","og_title":"Industrial Radio remote controls for hoist - Efa France","og_description":"RADIO remote control, Efa offers a wide range of radio controls for industry, transmitters, receivers and manipulators","og_url":"https:\/\/efa-controls.com\/en\/radio-remote-controls\/industrial-radio-remote-controls\/","og_site_name":"efa Controls","article_publisher":"https:\/\/www.facebook.com\/efaFranceSA\/","article_modified_time":"2019-09-05T15:33:56+00:00","twitter_card":"summary_large_image","twitter_site":"@efa_france","twitter_misc":{"Est. reading time":"3 minutes"},"schema":{"@context":"https:\/\/schema.org","@graph":[{"@type":"WebPage","@id":"https:\/\/efa-controls.com\/en\/radio-remote-controls\/industrial-radio-remote-controls\/","url":"https:\/\/efa-controls.com\/en\/radio-remote-controls\/industrial-radio-remote-controls\/","name":"Industrial Radio remote controls for hoist - Efa France","isPartOf":{"@id":"https:\/\/efa-controls.com\/en\/#website"},"datePublished":"2019-08-23T09:52:48+00:00","dateModified":"2019-09-05T15:33:56+00:00","description":"RADIO remote control, Efa offers a wide range of radio controls for industry, transmitters, receivers and manipulators","breadcrumb":{"@id":"https:\/\/efa-controls.com\/en\/radio-remote-controls\/industrial-radio-remote-controls\/#breadcrumb"},"inLanguage":"en-US","potentialAction":[{"@type":"ReadAction","target":["https:\/\/efa-controls.com\/en\/radio-remote-controls\/industrial-radio-remote-controls\/"]}]},{"@type":"BreadcrumbList","@id":"https:\/\/efa-controls.com\/en\/radio-remote-controls\/industrial-radio-remote-controls\/#breadcrumb","itemListElement":[{"@type":"ListItem","position":1,"name":"Accueil-Home","item":"https:\/\/efa-controls.com\/en\/"},{"@type":"ListItem","position":2,"name":"Radio remote controls","item":"https:\/\/efa-controls.com\/en\/radiocommande\/"},{"@type":"ListItem","position":3,"name":"Industrial Radio remote controls"}]},{"@type":"WebSite","@id":"https:\/\/efa-controls.com\/en\/#website","url":"https:\/\/efa-controls.com\/en\/","name":"efa Controls","description":"Bureau d&#039;\u00e9tude pour v\u00e9hicules industriels","publisher":{"@id":"https:\/\/efa-controls.com\/en\/#organization"},"potentialAction":[{"@type":"SearchAction","target":{"@type":"EntryPoint","urlTemplate":"https:\/\/efa-controls.com\/en\/?s={search_term_string}"},"query-input":{"@type":"PropertyValueSpecification","valueRequired":true,"valueName":"search_term_string"}}],"inLanguage":"en-US"},{"@type":"Organization","@id":"https:\/\/efa-controls.com\/en\/#organization","name":"efa Controls","url":"https:\/\/efa-controls.com\/en\/","logo":{"@type":"ImageObject","inLanguage":"en-US","@id":"https:\/\/efa-controls.com\/en\/#\/schema\/logo\/image\/","url":"https:\/\/efa-controls.com\/wp-content\/uploads\/2023\/05\/logo-bleu.png","contentUrl":"https:\/\/efa-controls.com\/wp-content\/uploads\/2023\/05\/logo-bleu.png","width":408,"height":288,"caption":"efa Controls"},"image":{"@id":"https:\/\/efa-controls.com\/en\/#\/schema\/logo\/image\/"},"sameAs":["https:\/\/www.facebook.com\/efaFranceSA\/","https:\/\/x.com\/efa_france","https:\/\/www.instagram.com\/efafrance\/","https:\/\/www.linkedin.com\/company\/efa-france","https:\/\/www.youtube.com\/user\/EFAControls"]}]}},"_links":{"self":[{"href":"https:\/\/efa-controls.com\/en\/wp-json\/wp\/v2\/pages\/5063","targetHints":{"allow":["GET"]}}],"collection":[{"href":"https:\/\/efa-controls.com\/en\/wp-json\/wp\/v2\/pages"}],"about":[{"href":"https:\/\/efa-controls.com\/en\/wp-json\/wp\/v2\/types\/page"}],"author":[{"embeddable":true,"href":"https:\/\/efa-controls.com\/en\/wp-json\/wp\/v2\/users\/2"}],"replies":[{"embeddable":true,"href":"https:\/\/efa-controls.com\/en\/wp-json\/wp\/v2\/comments?post=5063"}],"version-history":[{"count":5,"href":"https:\/\/efa-controls.com\/en\/wp-json\/wp\/v2\/pages\/5063\/revisions"}],"predecessor-version":[{"id":6267,"href":"https:\/\/efa-controls.com\/en\/wp-json\/wp\/v2\/pages\/5063\/revisions\/6267"}],"up":[{"embeddable":true,"href":"https:\/\/efa-controls.com\/en\/wp-json\/wp\/v2\/pages\/5060"}],"wp:attachment":[{"href":"https:\/\/efa-controls.com\/en\/wp-json\/wp\/v2\/media?parent=5063"}],"curies":[{"name":"wp","href":"https:\/\/api.w.org\/{rel}","templated":true}]}}