{"id":5060,"date":"2019-08-23T11:41:01","date_gmt":"2019-08-23T09:41:01","guid":{"rendered":"http:\/\/efa-controls.com\/radio-remote-controls\/"},"modified":"2023-05-23T09:20:10","modified_gmt":"2023-05-23T07:20:10","slug":"radio-remote-controls","status":"publish","type":"page","link":"https:\/\/efa-controls.com\/en\/radio-remote-controls\/","title":{"rendered":"Radio remote controls"},"content":{"rendered":"<p>[et_pb_section fb_built=&#8221;1&#8243; _builder_version=&#8221;4.16&#8243; background_color=&#8221;#333333&#8243; custom_padding=&#8221;8px||25px|||&#8221; global_colors_info=&#8221;{}&#8221;][et_pb_row _builder_version=&#8221;4.16&#8243; custom_margin=&#8221;|auto|-42px|auto||&#8221; custom_padding=&#8221;56px|||||&#8221; global_colors_info=&#8221;{}&#8221;][et_pb_column type=&#8221;4_4&#8243; _builder_version=&#8221;4.16&#8243; custom_padding=&#8221;|||&#8221; global_colors_info=&#8221;{}&#8221; custom_padding__hover=&#8221;|||&#8221;][et_pb_text _builder_version=&#8221;4.16&#8243; header_font=&#8221;||||||||&#8221; header_text_color=&#8221;#ffffff&#8221; global_colors_info=&#8221;{}&#8221;]<\/p>\n<h1 id=\"pagetitle\" class=\"textaligncenter parallaxpgtitle dark headerunderline\" style=\"text-align: center;\">Radio Remote Control<\/h1>\n<p>[\/et_pb_text][et_pb_divider color=&#8221;#ffffff&#8221; _builder_version=&#8221;4.16&#8243; width=&#8221;20%&#8221; module_alignment=&#8221;center&#8221; global_colors_info=&#8221;{}&#8221;][\/et_pb_divider][\/et_pb_column][\/et_pb_row][\/et_pb_section][et_pb_section fb_built=&#8221;1&#8243; _builder_version=&#8221;4.16&#8243; custom_margin=&#8221;||0px|||&#8221; custom_padding=&#8221;0px||4px|||&#8221; saved_tabs=&#8221;all&#8221; global_colors_info=&#8221;{}&#8221;][et_pb_row column_structure=&#8221;1_2,1_2&#8243; _builder_version=&#8221;4.16&#8243; min_height=&#8221;197px&#8221; custom_padding=&#8221;55px|||||&#8221; global_colors_info=&#8221;{}&#8221;][et_pb_column type=&#8221;1_2&#8243; _builder_version=&#8221;4.16&#8243; custom_padding=&#8221;|||&#8221; global_colors_info=&#8221;{}&#8221; custom_padding__hover=&#8221;|||&#8221;][et_pb_text _builder_version=&#8221;4.16&#8243; global_colors_info=&#8221;{}&#8221;]<\/p>\n<h2 style=\"text-align: center;\">Radio remote controls<\/h2>\n<p align=\"justify\"><strong>Radiocontrols<\/strong>\u00a0are transmission vehicles for the machinery, equipment or vehicles\u2019 automatic installations. It\u2019s a system made up of a transmitter and a receiver box. The use of radiocontrols can significantly improve the working conditions and consequently increase your system\u2019s productivity. In case of a complex and particular installation, the radiocontrol can be a solution<br \/>\nRadiocontrols can be used in a new system or used to upgrade an old system.<br \/>\nThey are also made for environments with important congestion. They are omnidirectional and automatically search for different frequencies within the work area.<br \/>\nRadiocontrols can make a simple distance pilotage by buttons or a proportional one thanks to joysticks, the system can carry out actions by analogy.<br \/>\nIt is a system that adapts to the industry and to the mobile machine<\/p>\n<p>[\/et_pb_text][\/et_pb_column][et_pb_column type=&#8221;1_2&#8243; _builder_version=&#8221;4.16&#8243; custom_padding=&#8221;|||&#8221; global_colors_info=&#8221;{}&#8221; custom_padding__hover=&#8221;|||&#8221;][et_pb_text _builder_version=&#8221;4.16&#8243; global_colors_info=&#8221;{}&#8221;]<\/p>\n<h2 style=\"text-align: center;\">Autec<\/h2>\n<p align=\"justify\"><strong>Efa is exclusiv AUTEC distributor in France.\u00a0<\/strong><br \/>\nAUTEC is a product manufacturer and service provider for users in industrial automation, process automation and information technology.<br \/>\nAll AUTEC products comply with the EN ISO 13849-1 standard, which corresponds to the highest level of safety.<br \/>\nThe company has also received various certifications for the safety of T\u00dcV, the world leader in the verification of electronic systems for machines.<br \/>\nA team of engineers is dedicated to guide the customers in the choice of the most adapted radio-controlled system.<br \/>\nMoreover, their strong investment in research and development allows them to offer safe, efficient and innovating products.<br \/>\nThis results in the addition of the best possible components and the constant improvement of the process guided by 3 principles: Safety, Solution and Service<\/p>\n<p>[\/et_pb_text][\/et_pb_column][\/et_pb_row][\/et_pb_section][et_pb_section fb_built=&#8221;1&#8243; _builder_version=&#8221;4.16&#8243; background_color=&#8221;rgba(0,0,0,0.05)&#8221; custom_padding=&#8221;23px||22px|||&#8221; global_colors_info=&#8221;{}&#8221;][et_pb_row _builder_version=&#8221;4.16&#8243; custom_padding=&#8221;15px||0px|||&#8221; global_colors_info=&#8221;{}&#8221;][et_pb_column type=&#8221;4_4&#8243; _builder_version=&#8221;4.16&#8243; custom_padding=&#8221;|||&#8221; global_colors_info=&#8221;{}&#8221; custom_padding__hover=&#8221;|||&#8221;][et_pb_text _builder_version=&#8221;4.16&#8243; custom_margin=&#8221;||13px|||&#8221; global_colors_info=&#8221;{}&#8221;]<\/p>\n<h2 style=\"text-align: center;\">Our product range<\/h2>\n<p>[\/et_pb_text][et_pb_divider color=&#8221;#333333&#8243; _builder_version=&#8221;4.16&#8243; width=&#8221;10%&#8221; module_alignment=&#8221;center&#8221; global_colors_info=&#8221;{}&#8221;][\/et_pb_divider][\/et_pb_column][\/et_pb_row][et_pb_row column_structure=&#8221;1_2,1_2&#8243; _builder_version=&#8221;4.16&#8243; global_colors_info=&#8221;{}&#8221;][et_pb_column type=&#8221;1_2&#8243; _builder_version=&#8221;4.16&#8243; custom_padding=&#8221;|||&#8221; global_colors_info=&#8221;{}&#8221; custom_padding__hover=&#8221;|||&#8221;][et_pb_text _builder_version=&#8221;4.16&#8243; global_colors_info=&#8221;{}&#8221;]<\/p>\n<h3 style=\"text-align: center;\">Industry range<\/h3>\n<p>[\/et_pb_text][et_pb_image src=&#8221;https:\/\/efa-controls.com\/wp-content\/uploads\/2017\/03\/steel-1968194_1920.jpg&#8221; url=&#8221;https:\/\/efa-controls.com\/en\/radio-remote-controls\/industrial-radio-remote-controls\/&#8221; _builder_version=&#8221;4.16&#8243; custom_margin=&#8221;-17px|||||&#8221; global_colors_info=&#8221;{}&#8221; filter_contrast__hover_enabled=&#8221;on&#8221; filter_contrast__hover=&#8221;60%&#8221; transform_styles__hover_enabled=&#8221;on&#8221; transform_scale__hover_enabled=&#8221;on&#8221; transform_translate__hover_enabled=&#8221;on&#8221; transform_rotate__hover_enabled=&#8221;on&#8221; transform_skew__hover_enabled=&#8221;on&#8221; transform_origin__hover_enabled=&#8221;on&#8221; transform_scale__hover=&#8221;97%|97%&#8221;][\/et_pb_image][et_pb_text _builder_version=&#8221;4.16&#8243; custom_margin=&#8221;||15px|||&#8221; global_colors_info=&#8221;{}&#8221;]Radio controls are often used in the industry. They considerably improve the working conditions of the operators. Radio controls are continually getting improved in order to adapt to this sector.[\/et_pb_text][et_pb_button button_url=&#8221;https:\/\/efa-controls.com\/en\/radio-remote-controls\/industrial-radio-remote-controls\/&#8221; button_text=&#8221;More info&#8221; _builder_version=&#8221;4.16&#8243; global_colors_info=&#8221;{}&#8221;][\/et_pb_button][\/et_pb_column][et_pb_column type=&#8221;1_2&#8243; _builder_version=&#8221;4.16&#8243; custom_padding=&#8221;|||&#8221; global_colors_info=&#8221;{}&#8221; custom_padding__hover=&#8221;|||&#8221;][et_pb_text _builder_version=&#8221;4.16&#8243; global_colors_info=&#8221;{}&#8221;]<\/p>\n<h3 style=\"text-align: center;\">Off-road vehicle range<\/h3>\n<p>[\/et_pb_text][et_pb_image src=&#8221;https:\/\/efa-controls.com\/wp-content\/uploads\/2017\/03\/container-2018465_1920.jpg&#8221; url=&#8221;https:\/\/efa-controls.com\/en\/radio-remote-controls\/radio-remote-for-off-road-vehicle\/&#8221; _builder_version=&#8221;4.16&#8243; custom_margin=&#8221;-17px|||||&#8221; global_colors_info=&#8221;{}&#8221; transform_styles__hover_enabled=&#8221;on&#8221; transform_scale__hover_enabled=&#8221;on&#8221; transform_translate__hover_enabled=&#8221;on&#8221; transform_rotate__hover_enabled=&#8221;on&#8221; transform_skew__hover_enabled=&#8221;on&#8221; transform_origin__hover_enabled=&#8221;on&#8221; transform_scale__hover=&#8221;97%|97%&#8221; filter_contrast__hover_enabled=&#8221;on&#8221; filter_contrast__hover=&#8221;60%&#8221;][\/et_pb_image][et_pb_text _builder_version=&#8221;4.16&#8243; custom_margin=&#8221;||15px|||&#8221; global_colors_info=&#8221;{}&#8221;]<\/p>\n<div class=\"wpb_column vc_column_container vc_col-sm-6\">\n<div class=\"vc_column-inner\">\n<div class=\"wpb_wrapper\">\n<div class=\"wpb_text_column wpb_content_element \">\n<div class=\"wpb_wrapper\">\n<p>Radio controls are omnipresent in the mobile equipment sector. It is a system that adapts to any type of configuration and sectors, such as forestry, agricultural, construction machinery \u2026<\/p>\n<\/div>\n<\/div>\n<\/div>\n<\/div>\n<\/div>\n<p>[\/et_pb_text][et_pb_button button_url=&#8221;https:\/\/efa-controls.com\/en\/radio-remote-controls\/radio-remote-for-off-road-vehicle\/&#8221; button_text=&#8221;More info&#8221; _builder_version=&#8221;4.16&#8243; global_colors_info=&#8221;{}&#8221;][\/et_pb_button][\/et_pb_column][\/et_pb_row][\/et_pb_section][et_pb_section fb_built=&#8221;1&#8243; _builder_version=&#8221;4.16&#8243; use_background_color_gradient=&#8221;on&#8221; background_color_gradient_direction=&#8221;90deg&#8221; background_color_gradient_stops=&#8221;#1f68b1 32%|#001b56 100%&#8221; background_color_gradient_start=&#8221;#1f68b1&#8243; background_color_gradient_start_position=&#8221;32%&#8221; background_color_gradient_end=&#8221;#001b56&#8243; animation_style=&#8221;zoom&#8221; animation_duration=&#8221;600ms&#8221; animation_intensity_zoom=&#8221;16%&#8221; animation_starting_opacity=&#8221;68%&#8221; saved_tabs=&#8221;all&#8221; global_colors_info=&#8221;{}&#8221;][et_pb_row column_structure=&#8221;3_5,2_5&#8243; _builder_version=&#8221;4.16&#8243; global_colors_info=&#8221;{}&#8221;][et_pb_column type=&#8221;3_5&#8243; _builder_version=&#8221;4.16&#8243; custom_padding=&#8221;|||&#8221; global_colors_info=&#8221;{}&#8221; custom_padding__hover=&#8221;|||&#8221;][et_pb_text _builder_version=&#8221;4.16&#8243; header_font=&#8221;||||||||&#8221; header_2_font=&#8221;|700|||||||&#8221; header_2_text_color=&#8221;#ffffff&#8221; global_colors_info=&#8221;{}&#8221;]<\/p>\n<h2>Envie de rendre votre v\u00e9hicule autonome ou de construire un AGV\u00a0 ?<\/h2>\n<p>[\/et_pb_text][et_pb_text _builder_version=&#8221;4.16&#8243; text_font=&#8221;|300|||||||&#8221; text_text_color=&#8221;#ffffff&#8221; text_font_size=&#8221;16px&#8221; header_font=&#8221;||||||||&#8221; header_2_font=&#8221;|700|||||||&#8221; header_2_text_color=&#8221;#ffffff&#8221; global_colors_info=&#8221;{}&#8221;]<\/p>\n<p style=\"text-align: left;\">Contact us by clicking on the button opposite, we will be happy to discuss your problems and find the best technology or solution to improve your productivity.<\/p>\n<p>[\/et_pb_text][\/et_pb_column][et_pb_column type=&#8221;2_5&#8243; _builder_version=&#8221;4.16&#8243; custom_padding=&#8221;|||&#8221; global_colors_info=&#8221;{}&#8221; custom_padding__hover=&#8221;|||&#8221;][et_pb_button button_text=&#8221;Contact Us !&#8221; _builder_version=&#8221;4.16&#8243; button_text_color=&#8221;#ffffff&#8221; button_font=&#8221;||||||||&#8221; global_colors_info=&#8221;{}&#8221; button_bg_color__hover_enabled=&#8221;on&#8221; button_bg_color__hover=&#8221;#ffffff&#8221; button_text_color__hover_enabled=&#8221;on&#8221; button_text_color__hover=&#8221;#0c71c3&#8243;][\/et_pb_button][\/et_pb_column][\/et_pb_row][\/et_pb_section]<\/p>\n","protected":false},"excerpt":{"rendered":"<p>Radio Remote ControlRadio remote controls Radiocontrols\u00a0are transmission vehicles for the machinery, equipment or vehicles\u2019 automatic installations. It\u2019s a system made up of a transmitter and a receiver box. The use of radiocontrols can significantly improve the working conditions and consequently increase your system\u2019s productivity. In case of a complex and particular installation, the radiocontrol can [&hellip;]<\/p>\n","protected":false},"author":2,"featured_media":0,"parent":0,"menu_order":0,"comment_status":"closed","ping_status":"closed","template":"","meta":{"_et_pb_use_builder":"on","_et_pb_old_content":"<p>[vc_row printtext=\"\" toppadding=\"0\" bottompadding=\"55\"][vc_column width=\"1\/2\"][vc_column_text]<\/p><h2 style=\"text-align: center;\"><strong>Radiocommande<\/strong><\/h2><p style=\"text-align: justify;\">Les Radiocommandes sont des <strong>supports de transmission<\/strong> d\u2019actions pour les i<strong>nstallations automatiques<\/strong> de machines, d\u2019engins ou de v\u00e9hicules.<br \/>C\u2019est un syst\u00e8me \u00a0qui se compose d\u2019un <strong>\u00a0\u00e9metteur<\/strong>\u00a0ainsi que d\u2019un <strong>boitier r\u00e9cepteur.<\/strong><br \/>Par ailleurs, l\u2019utilisation de radiocommande peut am\u00e9liorer significativement les <strong>conditions de travail. <\/strong>Par cons\u00e9quent, cela augmente la <strong>productivit\u00e9<\/strong> de votre syst\u00e8me. En cas d\u2019installation complexe et particuli\u00e8re, la radiocommande peut aussi \u00eatre <strong>une solution<\/strong> pour la simplification du circuit de commande.<br \/>La radiocommande peut s\u2019inscrire dans un nouveau syst\u00e8me ou dans la modernisation d\u2019un ancien.<br \/>Elles sont faites \u00e9galement pour les <strong>environnements \u00e0 encombrement important<\/strong>. Elles sont omnidirectionnelles et recherchent automatiquement diff\u00e9rentes fr\u00e9quences au sein de la zone de travail.<br \/>Il peut \u00eatre effectu\u00e9 un pilotage <strong>\u00e0 distance<\/strong> simple par des boutons ou proportionnel gr\u00e2ce \u00e0 des joysticks. Le syst\u00e8me peut aussi effectuer des actions par analogie.<br \/>C\u2019est un syst\u00e8me qui s\u2019<strong>adapte<\/strong> autant au secteur de l\u2019industrie que de l\u2019engin mobile<\/p><p>[\/vc_column_text][\/vc_column][vc_column width=\"1\/2\"][vc_column_text]<\/p><h2 style=\"text-align: center;\"><strong>AUTEC<\/strong><\/h2><p style=\"text-align: justify;\"><strong>EFA est distributeur exclusif AUTEC en France<\/strong>. AUTEC est un fabricant Italien de radiocommande industrielles. Autec est reconnue mondialement pour la qualit\u00e9 de ses radiocommandes, quel soit a format t\u00e9l\u00e9commande ou pupitre.<br \/>Tous les produits AUTEC sont <strong>conformes \u00e0 la norme \u00a0EN ISO 13849-1.<\/strong> Elle<strong>\u00a0<\/strong>correspond au niveau de s\u00e9curit\u00e9 le plus \u00e9lev\u00e9. Autec a \u00e9galement re\u00e7u diff\u00e9rentes certification pour la <strong>s\u00e9curit\u00e9 de T\u00dcV. <\/strong>Il est\u00a0leader mondial de la v\u00e9rification des syst\u00e8mes \u00e9lectroniques pour les machines.<br \/>Notre bureau d'\u00e9tude \u00e0 \u00e9t\u00e9 form\u00e9 par Autec afin de trouver le syst\u00e8me de radiocommande correspondant parfaitement aux besoins de nos clients. De plus leur fort i<strong>nvestissement en recherche et d\u00e9veloppement<\/strong> leur permet de proposer des produits<strong> s\u00e9curis\u00e9s<\/strong>, <strong>performants et innovants.<\/strong> Cela se traduit par l\u2019ajout des meilleurs composants possibles et l\u2019am\u00e9lioration constante du processus guid\u00e9e par 3 principes\u00a0: <strong>S\u00e9curit\u00e9, Solution et Service.<\/strong><\/p><p>[\/vc_column_text][\/vc_column][\/vc_row][vc_row][vc_column width=\"1\/2\"][vc_custom_heading text=\"Le secteur de l'industrie\" google_fonts=\"font_family:Roboto%3A100%2C100italic%2C300%2C300italic%2Cregular%2Citalic%2C500%2C500italic%2C700%2C700italic%2C900%2C900italic|font_style:500%20bold%20regular%3A500%3Anormal\" link=\"url:https%3A%2F%2Fefa-controls.com%2Fradiocommande%2Fradiocommandes-industrielles%2F||\"][tp_vc_hover_image subheadline=\"Radiocommande pour l'industrie\" hovereffect=\"cooper\" image=\"829\" css_animation=\"top-to-bottom\" alignment=\"center\" img_size=\"full\" link=\"https:\/\/efa-controls.com\/radiocommande\/radiocommandes-industrielles\/\"][vc_empty_space height=\"20\"][vc_column_text]<\/p><p style=\"text-align: justify;\">Les radiocommandes sont tr\u00e8s souvent\u00a0 utilis\u00e9es dans le secteur de l\u2019industrie. En effet, elles\u00a0am\u00e9liorent consid\u00e9rablement les conditions de travail des op\u00e9rateurs. Les radiocommandes s\u2019am\u00e9liorent continuellement pour \u00a0s\u2019adapter au mieux \u00e0 ce secteur.<\/p><p>[\/vc_column_text][tp_vc_callout2 text=\"\" style=\"highlight\" linkurl=\"https:\/\/efa-controls.com\/radiocommande\/radiocommandes-industrielles\/\" linktext=\"En savoir plus !!\"][\/vc_column][vc_column width=\"1\/2\"][vc_custom_heading text=\"Le secteur de l'engin mobile\" google_fonts=\"font_family:Roboto%3A100%2C100italic%2C300%2C300italic%2Cregular%2Citalic%2C500%2C500italic%2C700%2C700italic%2C900%2C900italic|font_style:500%20bold%20regular%3A500%3Anormal\" link=\"url:https%3A%2F%2Fefa-controls.com%2Fradiocommande%2Fradiocommandes-pour-le-mobile%2F||\"][tp_vc_hover_image subheadline=\"Radiocommande pour le mobile\" hovereffect=\"cooper\" image=\"837\" css_animation=\"top-to-bottom\" alignment=\"center\" img_size=\"full\" link=\"https:\/\/efa-controls.com\/radiocommande\/radiocommandes-pour-le-mobile\/\"][vc_empty_space height=\"20\"][vc_column_text]<\/p><p style=\"text-align: justify;\">Les radiocommandes sont omnipr\u00e9sentes sur le secteur des engins mobiles. En effet, c\u2019est un syst\u00e8me qui s\u2019adapte \u00e0 tout type de configuration et de secteurs. Par exemple\u00a0le secteur forestier, agricole, engins de chantier\u2026<\/p><p>[\/vc_column_text][tp_vc_callout2 text=\"\" style=\"highlight\" linkurl=\"https:\/\/efa-controls.com\/radiocommande\/radiocommandes-pour-le-mobile\/\" linktext=\"En savoir plus !!\"][\/vc_column][\/vc_row]<\/p>","_et_gb_content_width":"","_uf_show_specific_survey":0,"_uf_disable_surveys":false,"footnotes":""},"class_list":["post-5060","page","type-page","status-publish","hentry"],"yoast_head":"<!-- This site is optimized with the Yoast SEO plugin v27.5 - https:\/\/yoast.com\/product\/yoast-seo-wordpress\/ -->\n<title>Radio remote control - Efa France mobile equipment specialist<\/title>\n<meta name=\"description\" content=\"Industrial radio remote control, Efa exclusive Autec distributor, Range of radio control, transmitter, manipulators and receivers, industrial radio control for hoist\" \/>\n<meta name=\"robots\" content=\"index, follow, max-snippet:-1, max-image-preview:large, max-video-preview:-1\" \/>\n<link rel=\"canonical\" href=\"https:\/\/efa-controls.com\/en\/radio-remote-controls\/\" \/>\n<meta property=\"og:locale\" content=\"en_US\" \/>\n<meta property=\"og:type\" content=\"article\" \/>\n<meta property=\"og:title\" content=\"Radio remote control - Efa France mobile equipment specialist\" \/>\n<meta property=\"og:description\" content=\"Industrial radio remote control, Efa exclusive Autec distributor, Range of radio control, transmitter, manipulators and receivers, industrial radio control for hoist\" \/>\n<meta property=\"og:url\" content=\"https:\/\/efa-controls.com\/en\/radio-remote-controls\/\" \/>\n<meta property=\"og:site_name\" content=\"efa Controls\" \/>\n<meta property=\"article:publisher\" content=\"https:\/\/www.facebook.com\/efaFranceSA\/\" \/>\n<meta property=\"article:modified_time\" content=\"2023-05-23T07:20:10+00:00\" \/>\n<meta name=\"twitter:card\" content=\"summary_large_image\" \/>\n<meta name=\"twitter:site\" content=\"@efa_france\" \/>\n<meta name=\"twitter:label1\" content=\"Est. reading time\" \/>\n\t<meta name=\"twitter:data1\" content=\"4 minutes\" \/>\n<script type=\"application\/ld+json\" class=\"yoast-schema-graph\">{\"@context\":\"https:\\\/\\\/schema.org\",\"@graph\":[{\"@type\":\"WebPage\",\"@id\":\"https:\\\/\\\/efa-controls.com\\\/en\\\/radio-remote-controls\\\/\",\"url\":\"https:\\\/\\\/efa-controls.com\\\/en\\\/radio-remote-controls\\\/\",\"name\":\"Radio remote control - Efa France mobile equipment specialist\",\"isPartOf\":{\"@id\":\"https:\\\/\\\/efa-controls.com\\\/en\\\/#website\"},\"datePublished\":\"2019-08-23T09:41:01+00:00\",\"dateModified\":\"2023-05-23T07:20:10+00:00\",\"description\":\"Industrial radio remote control, Efa exclusive Autec distributor, Range of radio control, transmitter, manipulators and receivers, industrial radio control for hoist\",\"breadcrumb\":{\"@id\":\"https:\\\/\\\/efa-controls.com\\\/en\\\/radio-remote-controls\\\/#breadcrumb\"},\"inLanguage\":\"en-US\",\"potentialAction\":[{\"@type\":\"ReadAction\",\"target\":[\"https:\\\/\\\/efa-controls.com\\\/en\\\/radio-remote-controls\\\/\"]}]},{\"@type\":\"BreadcrumbList\",\"@id\":\"https:\\\/\\\/efa-controls.com\\\/en\\\/radio-remote-controls\\\/#breadcrumb\",\"itemListElement\":[{\"@type\":\"ListItem\",\"position\":1,\"name\":\"Accueil-Home\",\"item\":\"https:\\\/\\\/efa-controls.com\\\/en\\\/\"},{\"@type\":\"ListItem\",\"position\":2,\"name\":\"Radio remote controls\"}]},{\"@type\":\"WebSite\",\"@id\":\"https:\\\/\\\/efa-controls.com\\\/en\\\/#website\",\"url\":\"https:\\\/\\\/efa-controls.com\\\/en\\\/\",\"name\":\"efa Controls\",\"description\":\"Bureau d&#039;\u00e9tude pour v\u00e9hicules industriels\",\"publisher\":{\"@id\":\"https:\\\/\\\/efa-controls.com\\\/en\\\/#organization\"},\"potentialAction\":[{\"@type\":\"SearchAction\",\"target\":{\"@type\":\"EntryPoint\",\"urlTemplate\":\"https:\\\/\\\/efa-controls.com\\\/en\\\/?s={search_term_string}\"},\"query-input\":{\"@type\":\"PropertyValueSpecification\",\"valueRequired\":true,\"valueName\":\"search_term_string\"}}],\"inLanguage\":\"en-US\"},{\"@type\":\"Organization\",\"@id\":\"https:\\\/\\\/efa-controls.com\\\/en\\\/#organization\",\"name\":\"efa Controls\",\"url\":\"https:\\\/\\\/efa-controls.com\\\/en\\\/\",\"logo\":{\"@type\":\"ImageObject\",\"inLanguage\":\"en-US\",\"@id\":\"https:\\\/\\\/efa-controls.com\\\/en\\\/#\\\/schema\\\/logo\\\/image\\\/\",\"url\":\"https:\\\/\\\/efa-controls.com\\\/wp-content\\\/uploads\\\/2023\\\/05\\\/logo-bleu.png\",\"contentUrl\":\"https:\\\/\\\/efa-controls.com\\\/wp-content\\\/uploads\\\/2023\\\/05\\\/logo-bleu.png\",\"width\":408,\"height\":288,\"caption\":\"efa Controls\"},\"image\":{\"@id\":\"https:\\\/\\\/efa-controls.com\\\/en\\\/#\\\/schema\\\/logo\\\/image\\\/\"},\"sameAs\":[\"https:\\\/\\\/www.facebook.com\\\/efaFranceSA\\\/\",\"https:\\\/\\\/x.com\\\/efa_france\",\"https:\\\/\\\/www.instagram.com\\\/efafrance\\\/\",\"https:\\\/\\\/www.linkedin.com\\\/company\\\/efa-france\",\"https:\\\/\\\/www.youtube.com\\\/user\\\/EFAControls\"]}]}<\/script>\n<!-- \/ Yoast SEO plugin. -->","yoast_head_json":{"title":"Radio remote control - Efa France mobile equipment specialist","description":"Industrial radio remote control, Efa exclusive Autec distributor, Range of radio control, transmitter, manipulators and receivers, industrial radio control for hoist","robots":{"index":"index","follow":"follow","max-snippet":"max-snippet:-1","max-image-preview":"max-image-preview:large","max-video-preview":"max-video-preview:-1"},"canonical":"https:\/\/efa-controls.com\/en\/radio-remote-controls\/","og_locale":"en_US","og_type":"article","og_title":"Radio remote control - Efa France mobile equipment specialist","og_description":"Industrial radio remote control, Efa exclusive Autec distributor, Range of radio control, transmitter, manipulators and receivers, industrial radio control for hoist","og_url":"https:\/\/efa-controls.com\/en\/radio-remote-controls\/","og_site_name":"efa Controls","article_publisher":"https:\/\/www.facebook.com\/efaFranceSA\/","article_modified_time":"2023-05-23T07:20:10+00:00","twitter_card":"summary_large_image","twitter_site":"@efa_france","twitter_misc":{"Est. reading time":"4 minutes"},"schema":{"@context":"https:\/\/schema.org","@graph":[{"@type":"WebPage","@id":"https:\/\/efa-controls.com\/en\/radio-remote-controls\/","url":"https:\/\/efa-controls.com\/en\/radio-remote-controls\/","name":"Radio remote control - Efa France mobile equipment specialist","isPartOf":{"@id":"https:\/\/efa-controls.com\/en\/#website"},"datePublished":"2019-08-23T09:41:01+00:00","dateModified":"2023-05-23T07:20:10+00:00","description":"Industrial radio remote control, Efa exclusive Autec distributor, Range of radio control, transmitter, manipulators and receivers, industrial radio control for hoist","breadcrumb":{"@id":"https:\/\/efa-controls.com\/en\/radio-remote-controls\/#breadcrumb"},"inLanguage":"en-US","potentialAction":[{"@type":"ReadAction","target":["https:\/\/efa-controls.com\/en\/radio-remote-controls\/"]}]},{"@type":"BreadcrumbList","@id":"https:\/\/efa-controls.com\/en\/radio-remote-controls\/#breadcrumb","itemListElement":[{"@type":"ListItem","position":1,"name":"Accueil-Home","item":"https:\/\/efa-controls.com\/en\/"},{"@type":"ListItem","position":2,"name":"Radio remote controls"}]},{"@type":"WebSite","@id":"https:\/\/efa-controls.com\/en\/#website","url":"https:\/\/efa-controls.com\/en\/","name":"efa Controls","description":"Bureau d&#039;\u00e9tude pour v\u00e9hicules industriels","publisher":{"@id":"https:\/\/efa-controls.com\/en\/#organization"},"potentialAction":[{"@type":"SearchAction","target":{"@type":"EntryPoint","urlTemplate":"https:\/\/efa-controls.com\/en\/?s={search_term_string}"},"query-input":{"@type":"PropertyValueSpecification","valueRequired":true,"valueName":"search_term_string"}}],"inLanguage":"en-US"},{"@type":"Organization","@id":"https:\/\/efa-controls.com\/en\/#organization","name":"efa Controls","url":"https:\/\/efa-controls.com\/en\/","logo":{"@type":"ImageObject","inLanguage":"en-US","@id":"https:\/\/efa-controls.com\/en\/#\/schema\/logo\/image\/","url":"https:\/\/efa-controls.com\/wp-content\/uploads\/2023\/05\/logo-bleu.png","contentUrl":"https:\/\/efa-controls.com\/wp-content\/uploads\/2023\/05\/logo-bleu.png","width":408,"height":288,"caption":"efa Controls"},"image":{"@id":"https:\/\/efa-controls.com\/en\/#\/schema\/logo\/image\/"},"sameAs":["https:\/\/www.facebook.com\/efaFranceSA\/","https:\/\/x.com\/efa_france","https:\/\/www.instagram.com\/efafrance\/","https:\/\/www.linkedin.com\/company\/efa-france","https:\/\/www.youtube.com\/user\/EFAControls"]}]}},"_links":{"self":[{"href":"https:\/\/efa-controls.com\/en\/wp-json\/wp\/v2\/pages\/5060","targetHints":{"allow":["GET"]}}],"collection":[{"href":"https:\/\/efa-controls.com\/en\/wp-json\/wp\/v2\/pages"}],"about":[{"href":"https:\/\/efa-controls.com\/en\/wp-json\/wp\/v2\/types\/page"}],"author":[{"embeddable":true,"href":"https:\/\/efa-controls.com\/en\/wp-json\/wp\/v2\/users\/2"}],"replies":[{"embeddable":true,"href":"https:\/\/efa-controls.com\/en\/wp-json\/wp\/v2\/comments?post=5060"}],"version-history":[{"count":13,"href":"https:\/\/efa-controls.com\/en\/wp-json\/wp\/v2\/pages\/5060\/revisions"}],"predecessor-version":[{"id":22724,"href":"https:\/\/efa-controls.com\/en\/wp-json\/wp\/v2\/pages\/5060\/revisions\/22724"}],"wp:attachment":[{"href":"https:\/\/efa-controls.com\/en\/wp-json\/wp\/v2\/media?parent=5060"}],"curies":[{"name":"wp","href":"https:\/\/api.w.org\/{rel}","templated":true}]}}