{"id":5027,"date":"2019-08-23T09:46:56","date_gmt":"2019-08-23T07:46:56","guid":{"rendered":"http:\/\/efa-controls.com\/efa-innovations\/"},"modified":"2021-03-24T10:21:19","modified_gmt":"2021-03-24T09:21:19","slug":"efa-innovations","status":"publish","type":"page","link":"https:\/\/efa-controls.com\/en\/efa-innovations\/","title":{"rendered":"<span style=\"font-variant:normal;\">e<\/span>fa Innovations"},"content":{"rendered":"<p>[et_pb_section fb_built=&#8221;1&#8243; _builder_version=&#8221;3.24&#8243; background_color=&#8221;#333333&#8243; custom_padding=&#8221;8px||17px|||&#8221; background_image=&#8221;https:\/\/efa-controls.com\/wp-content\/uploads\/2017\/03\/photoinno.jpg&#8221;][et_pb_row custom_padding=&#8221;234px|||||&#8221; _builder_version=&#8221;3.24&#8243;][et_pb_column type=&#8221;4_4&#8243; _builder_version=&#8221;3.24&#8243;][et_pb_text _builder_version=&#8221;3.24&#8243; header_font=&#8221;|600|||||||&#8221; header_text_color=&#8221;#ffffff&#8221; header_text_shadow_style=&#8221;preset2&#8243; custom_margin=&#8221;||8px|||&#8221; header_font_size=&#8221;40px&#8221;]<\/p>\n<h1 style=\"text-align: center;\">Efa Innovations<\/h1>\n<p>[\/et_pb_text][\/et_pb_column][\/et_pb_row][\/et_pb_section][et_pb_section fb_built=&#8221;1&#8243; _builder_version=&#8221;3.24&#8243; custom_margin=&#8221;-26px||0px|||&#8221; custom_padding=&#8221;0px||4px|||&#8221; saved_tabs=&#8221;all&#8221;][et_pb_row custom_padding=&#8221;55px|||||&#8221; _builder_version=&#8221;3.24&#8243; min_height=&#8221;197px&#8221;][et_pb_column type=&#8221;4_4&#8243; _builder_version=&#8221;3.24&#8243;][et_pb_text _builder_version=&#8221;3.24&#8243;]<\/p>\n<h2 style=\"text-align: center;\">Innovation at Efa is:<\/h2>\n<p>A team dedicated to the creation of new products, in constant research, which aims to improve the safety and productivity of mobile gear.<\/p>\n<p>Agriculture &#8211; Public works &#8211; Airport &#8211; Logistics &#8211; Roads &#8211; Intervention vehicles &#8211; Railway &#8211; Electric vehicles<br \/>\nWhatever your sector of activity Efa products are able to significantly improve the working comfort and productivity of your end users.<br \/>\nIf you have product development ideas and nothing fits your needs in the market, do not hesitate to contact us to discuss.<br \/>\n[\/et_pb_text][\/et_pb_column][\/et_pb_row][et_pb_row _builder_version=&#8221;3.24&#8243;][et_pb_column type=&#8221;4_4&#8243; _builder_version=&#8221;3.24&#8243;][et_pb_text _builder_version=&#8221;3.24&#8243;]<\/p>\n<h2 style=\"text-align: center;\">Our products<\/h2>\n<p>[\/et_pb_text][et_pb_divider color=&#8221;#333333&#8243; _builder_version=&#8221;3.24&#8243; width=&#8221;20%&#8221; module_alignment=&#8221;center&#8221;][\/et_pb_divider][et_pb_portfolio fullwidth=&#8221;off&#8221; show_categories=&#8221;off&#8221; hover_overlay_color=&#8221;rgba(255,255,255,0.5)&#8221; _builder_version=&#8221;3.24&#8243; title_font=&#8221;||||||||&#8221; caption_font=&#8221;||||||||&#8221; caption_text_color=&#8221;#0c71c3&#8243; pagination_font=&#8221;||||||||&#8221; text_orientation=&#8221;center&#8221; custom_padding=&#8221;||||true&#8221; include_categories=&#8221;128&#8243;][\/et_pb_portfolio][\/et_pb_column][\/et_pb_row][\/et_pb_section]<\/p>\n","protected":false},"excerpt":{"rendered":"<p>Efa Innovations Innovation at Efa is: A team dedicated to the creation of new products, in constant research, which aims to improve the safety and productivity of mobile gear. Agriculture &#8211; Public works &#8211; Airport &#8211; Logistics &#8211; Roads &#8211; Intervention vehicles &#8211; Railway &#8211; Electric vehicles Whatever your sector of activity Efa products are [&hellip;]<\/p>\n","protected":false},"author":2,"featured_media":0,"parent":0,"menu_order":0,"comment_status":"closed","ping_status":"closed","template":"","meta":{"_et_pb_use_builder":"on","_et_pb_old_content":"<p>[vc_row printtext=\"\" toppadding=\"55\" bottompadding=\"55\"][vc_column css=\".vc_custom_1490713953294{margin-top: -50px !important;margin-bottom: -30px !important;}\"][vc_column_text]<\/p><h2 style=\"text-align: center;\">L'innovation chez Efa c'est :<\/h2><p style=\"text-align: center;\">Une \u00e9quipe d\u00e9di\u00e9e \u00e0 la cr\u00e9ation de nouveaux produits, en constante recherche, qui s'est fix\u00e9e comme objectif d'am\u00e9liorer la s\u00e9curit\u00e9 et la productivit\u00e9 des engins mobiles.<\/p><h2 class=\"vc_custom_heading\" style=\"text-align: center;\">Agriculture -\u00a0BTP -\u00a0A\u00e9roportuaire -\u00a0Logistique -\u00a0Voiries - V\u00e9hicules d\u2019intervention -\u00a0Ferroviaire -\u00a0V\u00e9hicules \u00e9lectriques<\/h2><p style=\"text-align: center;\">Quel que soit votre secteur d'activit\u00e9 les produits Efa sont capables d\u2019am\u00e9liorer significativement le confort de travail et la productivit\u00e9 de vos utilisateurs finaux.<br \/>Si vous avez des id\u00e9es de d\u00e9veloppement produit et que rien ne correspond \u00e0 vos besoins sur le march\u00e9, n'h\u00e9sitez surtout pas \u00e0 nous contacter pour en discuter.<\/p><p>[\/vc_column_text][\/vc_column][\/vc_row][vc_row][vc_column][vc_column_text]<\/p><h2 style=\"text-align: center;\">Nos produits<\/h2><p>[\/vc_column_text][vc_masonry_grid post_type=\"produits\" max_items=\"10\" element_width=\"3\" grid_id=\"vc_gid:1514373354269-4186a8f7-4bbf-10\" taxonomies=\"25\"][\/vc_column][\/vc_row]<\/p>","_et_gb_content_width":"","_uf_show_specific_survey":0,"_uf_disable_surveys":false,"footnotes":""},"class_list":["post-5027","page","type-page","status-publish","hentry"],"yoast_head":"<!-- This site is optimized with the Yoast SEO plugin v27.5 - https:\/\/yoast.com\/product\/yoast-seo-wordpress\/ -->\n<title>efa Innovations - efa Controls<\/title>\n<meta name=\"description\" content=\"Efa innovations, efa innovates for you through EVAS an embedded voice control system and Adaptalarm a Can BUS sound alert system\" \/>\n<meta name=\"robots\" content=\"index, follow, max-snippet:-1, max-image-preview:large, max-video-preview:-1\" \/>\n<link rel=\"canonical\" href=\"https:\/\/efa-controls.com\/en\/efa-innovations\/\" \/>\n<meta property=\"og:locale\" content=\"en_US\" \/>\n<meta property=\"og:type\" content=\"article\" \/>\n<meta property=\"og:title\" content=\"efa Innovations - efa Controls\" \/>\n<meta property=\"og:description\" content=\"Efa innovations, efa innovates for you through EVAS an embedded voice control system and Adaptalarm a Can BUS sound alert system\" \/>\n<meta property=\"og:url\" content=\"https:\/\/efa-controls.com\/en\/efa-innovations\/\" \/>\n<meta property=\"og:site_name\" content=\"efa Controls\" \/>\n<meta property=\"article:publisher\" content=\"https:\/\/www.facebook.com\/efaFranceSA\/\" \/>\n<meta property=\"article:modified_time\" content=\"2021-03-24T09:21:19+00:00\" \/>\n<meta name=\"twitter:card\" content=\"summary_large_image\" \/>\n<meta name=\"twitter:site\" content=\"@efa_france\" \/>\n<meta name=\"twitter:label1\" content=\"Est. reading time\" \/>\n\t<meta name=\"twitter:data1\" content=\"1 minute\" \/>\n<script type=\"application\/ld+json\" class=\"yoast-schema-graph\">{\"@context\":\"https:\\\/\\\/schema.org\",\"@graph\":[{\"@type\":\"WebPage\",\"@id\":\"https:\\\/\\\/efa-controls.com\\\/en\\\/efa-innovations\\\/\",\"url\":\"https:\\\/\\\/efa-controls.com\\\/en\\\/efa-innovations\\\/\",\"name\":\"efa Innovations - efa Controls\",\"isPartOf\":{\"@id\":\"https:\\\/\\\/efa-controls.com\\\/en\\\/#website\"},\"datePublished\":\"2019-08-23T07:46:56+00:00\",\"dateModified\":\"2021-03-24T09:21:19+00:00\",\"description\":\"Efa innovations, efa innovates for you through EVAS an embedded voice control system and Adaptalarm a Can BUS sound alert system\",\"breadcrumb\":{\"@id\":\"https:\\\/\\\/efa-controls.com\\\/en\\\/efa-innovations\\\/#breadcrumb\"},\"inLanguage\":\"en-US\",\"potentialAction\":[{\"@type\":\"ReadAction\",\"target\":[\"https:\\\/\\\/efa-controls.com\\\/en\\\/efa-innovations\\\/\"]}]},{\"@type\":\"BreadcrumbList\",\"@id\":\"https:\\\/\\\/efa-controls.com\\\/en\\\/efa-innovations\\\/#breadcrumb\",\"itemListElement\":[{\"@type\":\"ListItem\",\"position\":1,\"name\":\"Accueil-Home\",\"item\":\"https:\\\/\\\/efa-controls.com\\\/en\\\/\"},{\"@type\":\"ListItem\",\"position\":2,\"name\":\"efa Innovations\"}]},{\"@type\":\"WebSite\",\"@id\":\"https:\\\/\\\/efa-controls.com\\\/en\\\/#website\",\"url\":\"https:\\\/\\\/efa-controls.com\\\/en\\\/\",\"name\":\"efa Controls\",\"description\":\"Bureau d&#039;\u00e9tude pour v\u00e9hicules industriels\",\"publisher\":{\"@id\":\"https:\\\/\\\/efa-controls.com\\\/en\\\/#organization\"},\"potentialAction\":[{\"@type\":\"SearchAction\",\"target\":{\"@type\":\"EntryPoint\",\"urlTemplate\":\"https:\\\/\\\/efa-controls.com\\\/en\\\/?s={search_term_string}\"},\"query-input\":{\"@type\":\"PropertyValueSpecification\",\"valueRequired\":true,\"valueName\":\"search_term_string\"}}],\"inLanguage\":\"en-US\"},{\"@type\":\"Organization\",\"@id\":\"https:\\\/\\\/efa-controls.com\\\/en\\\/#organization\",\"name\":\"efa Controls\",\"url\":\"https:\\\/\\\/efa-controls.com\\\/en\\\/\",\"logo\":{\"@type\":\"ImageObject\",\"inLanguage\":\"en-US\",\"@id\":\"https:\\\/\\\/efa-controls.com\\\/en\\\/#\\\/schema\\\/logo\\\/image\\\/\",\"url\":\"https:\\\/\\\/efa-controls.com\\\/wp-content\\\/uploads\\\/2023\\\/05\\\/logo-bleu.png\",\"contentUrl\":\"https:\\\/\\\/efa-controls.com\\\/wp-content\\\/uploads\\\/2023\\\/05\\\/logo-bleu.png\",\"width\":408,\"height\":288,\"caption\":\"efa Controls\"},\"image\":{\"@id\":\"https:\\\/\\\/efa-controls.com\\\/en\\\/#\\\/schema\\\/logo\\\/image\\\/\"},\"sameAs\":[\"https:\\\/\\\/www.facebook.com\\\/efaFranceSA\\\/\",\"https:\\\/\\\/x.com\\\/efa_france\",\"https:\\\/\\\/www.instagram.com\\\/efafrance\\\/\",\"https:\\\/\\\/www.linkedin.com\\\/company\\\/efa-france\",\"https:\\\/\\\/www.youtube.com\\\/user\\\/EFAControls\"]}]}<\/script>\n<!-- \/ Yoast SEO plugin. -->","yoast_head_json":{"title":"efa Innovations - efa Controls","description":"Efa innovations, efa innovates for you through EVAS an embedded voice control system and Adaptalarm a Can BUS sound alert system","robots":{"index":"index","follow":"follow","max-snippet":"max-snippet:-1","max-image-preview":"max-image-preview:large","max-video-preview":"max-video-preview:-1"},"canonical":"https:\/\/efa-controls.com\/en\/efa-innovations\/","og_locale":"en_US","og_type":"article","og_title":"efa Innovations - efa Controls","og_description":"Efa innovations, efa innovates for you through EVAS an embedded voice control system and Adaptalarm a Can BUS sound alert system","og_url":"https:\/\/efa-controls.com\/en\/efa-innovations\/","og_site_name":"efa Controls","article_publisher":"https:\/\/www.facebook.com\/efaFranceSA\/","article_modified_time":"2021-03-24T09:21:19+00:00","twitter_card":"summary_large_image","twitter_site":"@efa_france","twitter_misc":{"Est. reading time":"1 minute"},"schema":{"@context":"https:\/\/schema.org","@graph":[{"@type":"WebPage","@id":"https:\/\/efa-controls.com\/en\/efa-innovations\/","url":"https:\/\/efa-controls.com\/en\/efa-innovations\/","name":"efa Innovations - efa Controls","isPartOf":{"@id":"https:\/\/efa-controls.com\/en\/#website"},"datePublished":"2019-08-23T07:46:56+00:00","dateModified":"2021-03-24T09:21:19+00:00","description":"Efa innovations, efa innovates for you through EVAS an embedded voice control system and Adaptalarm a Can BUS sound alert system","breadcrumb":{"@id":"https:\/\/efa-controls.com\/en\/efa-innovations\/#breadcrumb"},"inLanguage":"en-US","potentialAction":[{"@type":"ReadAction","target":["https:\/\/efa-controls.com\/en\/efa-innovations\/"]}]},{"@type":"BreadcrumbList","@id":"https:\/\/efa-controls.com\/en\/efa-innovations\/#breadcrumb","itemListElement":[{"@type":"ListItem","position":1,"name":"Accueil-Home","item":"https:\/\/efa-controls.com\/en\/"},{"@type":"ListItem","position":2,"name":"efa Innovations"}]},{"@type":"WebSite","@id":"https:\/\/efa-controls.com\/en\/#website","url":"https:\/\/efa-controls.com\/en\/","name":"efa Controls","description":"Bureau d&#039;\u00e9tude pour v\u00e9hicules industriels","publisher":{"@id":"https:\/\/efa-controls.com\/en\/#organization"},"potentialAction":[{"@type":"SearchAction","target":{"@type":"EntryPoint","urlTemplate":"https:\/\/efa-controls.com\/en\/?s={search_term_string}"},"query-input":{"@type":"PropertyValueSpecification","valueRequired":true,"valueName":"search_term_string"}}],"inLanguage":"en-US"},{"@type":"Organization","@id":"https:\/\/efa-controls.com\/en\/#organization","name":"efa Controls","url":"https:\/\/efa-controls.com\/en\/","logo":{"@type":"ImageObject","inLanguage":"en-US","@id":"https:\/\/efa-controls.com\/en\/#\/schema\/logo\/image\/","url":"https:\/\/efa-controls.com\/wp-content\/uploads\/2023\/05\/logo-bleu.png","contentUrl":"https:\/\/efa-controls.com\/wp-content\/uploads\/2023\/05\/logo-bleu.png","width":408,"height":288,"caption":"efa Controls"},"image":{"@id":"https:\/\/efa-controls.com\/en\/#\/schema\/logo\/image\/"},"sameAs":["https:\/\/www.facebook.com\/efaFranceSA\/","https:\/\/x.com\/efa_france","https:\/\/www.instagram.com\/efafrance\/","https:\/\/www.linkedin.com\/company\/efa-france","https:\/\/www.youtube.com\/user\/EFAControls"]}]}},"_links":{"self":[{"href":"https:\/\/efa-controls.com\/en\/wp-json\/wp\/v2\/pages\/5027","targetHints":{"allow":["GET"]}}],"collection":[{"href":"https:\/\/efa-controls.com\/en\/wp-json\/wp\/v2\/pages"}],"about":[{"href":"https:\/\/efa-controls.com\/en\/wp-json\/wp\/v2\/types\/page"}],"author":[{"embeddable":true,"href":"https:\/\/efa-controls.com\/en\/wp-json\/wp\/v2\/users\/2"}],"replies":[{"embeddable":true,"href":"https:\/\/efa-controls.com\/en\/wp-json\/wp\/v2\/comments?post=5027"}],"version-history":[{"count":12,"href":"https:\/\/efa-controls.com\/en\/wp-json\/wp\/v2\/pages\/5027\/revisions"}],"predecessor-version":[{"id":13227,"href":"https:\/\/efa-controls.com\/en\/wp-json\/wp\/v2\/pages\/5027\/revisions\/13227"}],"wp:attachment":[{"href":"https:\/\/efa-controls.com\/en\/wp-json\/wp\/v2\/media?parent=5027"}],"curies":[{"name":"wp","href":"https:\/\/api.w.org\/{rel}","templated":true}]}}