{"id":4988,"date":"2019-08-22T17:18:30","date_gmt":"2019-08-22T15:18:30","guid":{"rendered":"http:\/\/efa-controls.com\/vehicle-control\/"},"modified":"2020-02-18T09:39:21","modified_gmt":"2020-02-18T08:39:21","slug":"vehicle-control","status":"publish","type":"page","link":"https:\/\/efa-controls.com\/en\/vehicle-control\/","title":{"rendered":"Vehicle control"},"content":{"rendered":"<p>[et_pb_section fb_built=&#8221;1&#8243; _builder_version=&#8221;3.24&#8243; background_image=&#8221;https:\/\/efa-controls.com\/wp-content\/uploads\/2019\/08\/home-slider-cmd.jpg&#8221; custom_padding=&#8221;33px||259px|||&#8221; filter_saturate=&#8221;159%&#8221; fb_built=&#8221;1&#8243; _i=&#8221;0&#8243; _address=&#8221;0&#8243;][et_pb_row _builder_version=&#8221;3.25&#8243; background_size=&#8221;initial&#8221; background_position=&#8221;top_left&#8221; background_repeat=&#8221;repeat&#8221; custom_padding=&#8221;7px|||||&#8221; _i=&#8221;0&#8243; _address=&#8221;0.0&#8243;][et_pb_column type=&#8221;4_4&#8243; _builder_version=&#8221;3.25&#8243; custom_padding=&#8221;|||&#8221; _i=&#8221;0&#8243; _address=&#8221;0.0.0&#8243; custom_padding__hover=&#8221;|||&#8221;][et_pb_text _builder_version=&#8221;3.27.4&#8243; text_font=&#8221;||||||||&#8221; header_font=&#8221;|600|||||||&#8221; header_text_color=&#8221;#ffffff&#8221; header_font_size=&#8221;33px&#8221; animation_style=&#8221;slide&#8221; _i=&#8221;0&#8243; _address=&#8221;0.0.0.0&#8243;]<\/p>\n<h1 style=\"text-align: center;\">Vehicle control and HMI<\/h1>\n<p>[\/et_pb_text][\/et_pb_column][\/et_pb_row][\/et_pb_section][et_pb_section fb_built=&#8221;1&#8243; _builder_version=&#8221;3.24&#8243; custom_padding=&#8221;46px|||||&#8221; fb_built=&#8221;1&#8243; _i=&#8221;1&#8243; _address=&#8221;1&#8243;][et_pb_row _builder_version=&#8221;3.25&#8243; custom_padding=&#8221;0px|||||&#8221; _i=&#8221;0&#8243; _address=&#8221;1.0&#8243;][et_pb_column type=&#8221;4_4&#8243; _builder_version=&#8221;3.25&#8243; custom_padding=&#8221;|||&#8221; _i=&#8221;0&#8243; _address=&#8221;1.0.0&#8243; custom_padding__hover=&#8221;|||&#8221;][et_pb_text _builder_version=&#8221;3.27.4&#8243; custom_margin=&#8221;||19px|||&#8221; _i=&#8221;0&#8243; _address=&#8221;1.0.0.0&#8243;]<\/p>\n<h2 style=\"text-align: center;\">Innovative and must have products for your industrial vehicles<\/h2>\n<p>[\/et_pb_text][et_pb_divider color=&#8221;#333333&#8243; _builder_version=&#8221;3.24&#8243; width=&#8221;15%&#8221; module_alignment=&#8221;center&#8221; _i=&#8221;1&#8243; _address=&#8221;1.0.0.1&#8243;][\/et_pb_divider][\/et_pb_column][\/et_pb_row][et_pb_row _builder_version=&#8221;3.25&#8243; _i=&#8221;1&#8243; _address=&#8221;1.1&#8243; column_structure=&#8221;1_2,1_2&#8243;][et_pb_column type=&#8221;1_2&#8243; _builder_version=&#8221;3.25&#8243; custom_padding=&#8221;|||&#8221; _i=&#8221;0&#8243; _address=&#8221;1.1.0&#8243; custom_padding__hover=&#8221;|||&#8221;][et_pb_text _builder_version=&#8221;3.27.4&#8243; _i=&#8221;0&#8243; _address=&#8221;1.1.0.0&#8243;]<\/p>\n<h2>Control accessories<\/h2>\n<p>For many years, Efa has been serving OEMs and providing them with the best controls to build their vehicles. With years of experience, we have built a strong partnership with market leaders and are now their exclusive distributor. Joysticks, pedals, tiller head, control armrest, complete set and radio controls, everything you need for your vehicle is available at Efa.[\/et_pb_text][dsm_perspective_image src=&#8221;https:\/\/efa-controls.com\/wp-content\/uploads\/2017\/08\/Commandes-V\u00e9hicules-efa-France.jpg&#8221; url=&#8221;https:\/\/efa-controls.com\/accessoires-de-commande\/&#8221; url_new_window=&#8221;on&#8221; use_overlay=&#8221;on&#8221; overlay_icon_color=&#8221;#0c71c3&#8243; hover_overlay_color=&#8221;rgba(255,255,255,0.4)&#8221; align=&#8221;center&#8221; _builder_version=&#8221;3.24&#8243; width=&#8221;60%&#8221; transform_styles__hover_enabled=&#8221;on&#8221; transform_scale__hover_enabled=&#8221;on&#8221; transform_translate__hover_enabled=&#8221;on&#8221; transform_rotate__hover_enabled=&#8221;on&#8221; transform_skew__hover_enabled=&#8221;on&#8221; transform_origin__hover_enabled=&#8221;on&#8221; transform_scale__hover=&#8221;95%|95%&#8221; _i=&#8221;1&#8243; _address=&#8221;1.1.0.1&#8243;][\/dsm_perspective_image][et_pb_button button_url=&#8221;https:\/\/efa-controls.com\/en\/vehicle-control\/control-accessories\/&#8221; button_text=&#8221;See all products !&#8221; button_alignment=&#8221;center&#8221; _builder_version=&#8221;3.24&#8243; _i=&#8221;2&#8243; _address=&#8221;1.1.0.2&#8243;][\/et_pb_button][\/et_pb_column][et_pb_column type=&#8221;1_2&#8243; _builder_version=&#8221;3.25&#8243; custom_padding=&#8221;|||&#8221; _i=&#8221;1&#8243; _address=&#8221;1.1.1&#8243; custom_padding__hover=&#8221;|||&#8221;][et_pb_text _builder_version=&#8221;3.27.4&#8243; custom_margin=&#8221;||55px|||&#8221; _i=&#8221;0&#8243; _address=&#8221;1.1.1.0&#8243;]<\/p>\n<h3 style=\"text-align: center;\">Innovative human machine interface<\/h3>\n<p>We have completed this range of essentials with screens and other CAN Bus instruments to improve the user experience and ergonomics of the machines. To go even further, we have created a range of our own products. A voice command and a customizable CAN sound system will create a real dialogue between the man and the machine.[\/et_pb_text][dsm_perspective_image src=&#8221;https:\/\/efa-controls.com\/wp-content\/uploads\/2017\/08\/Interface-homme-machine-efa-France.jpg&#8221; url=&#8221;https:\/\/efa-controls.com\/interfaces-homme-machine\/&#8221; use_overlay=&#8221;on&#8221; overlay_icon_color=&#8221;#0c71c3&#8243; hover_overlay_color=&#8221;rgba(255,255,255,0.4)&#8221; align=&#8221;center&#8221; _builder_version=&#8221;3.24&#8243; width=&#8221;60%&#8221; transform_styles__hover_enabled=&#8221;on&#8221; transform_scale__hover_enabled=&#8221;on&#8221; transform_translate__hover_enabled=&#8221;on&#8221; transform_rotate__hover_enabled=&#8221;on&#8221; transform_skew__hover_enabled=&#8221;on&#8221; transform_origin__hover_enabled=&#8221;on&#8221; transform_scale__hover=&#8221;95%|95%&#8221; _i=&#8221;1&#8243; _address=&#8221;1.1.1.1&#8243;][\/dsm_perspective_image][et_pb_button button_url=&#8221;https:\/\/efa-controls.com\/en\/vehicle-control\/human-machine-interfaces\/&#8221; button_text=&#8221;See all products !&#8221; button_alignment=&#8221;center&#8221; _builder_version=&#8221;3.24&#8243; _i=&#8221;2&#8243; _address=&#8221;1.1.1.2&#8243;][\/et_pb_button][\/et_pb_column][\/et_pb_row][\/et_pb_section][et_pb_section fb_built=&#8221;1&#8243; _builder_version=&#8221;3.24&#8243; use_background_color_gradient=&#8221;on&#8221; background_color_gradient_start=&#8221;#1f68b1&#8243; background_color_gradient_end=&#8221;#001b56&#8243; background_color_gradient_direction=&#8221;90deg&#8221; background_color_gradient_start_position=&#8221;32%&#8221; animation_style=&#8221;zoom&#8221; animation_duration=&#8221;600ms&#8221; animation_intensity_zoom=&#8221;16%&#8221; animation_starting_opacity=&#8221;68%&#8221; saved_tabs=&#8221;all&#8221; fb_built=&#8221;1&#8243; _i=&#8221;2&#8243; _address=&#8221;2&#8243;][et_pb_row _builder_version=&#8221;3.25&#8243; _i=&#8221;0&#8243; _address=&#8221;2.0&#8243; column_structure=&#8221;3_5,2_5&#8243;][et_pb_column type=&#8221;3_5&#8243; _builder_version=&#8221;3.25&#8243; custom_padding=&#8221;|||&#8221; _i=&#8221;0&#8243; _address=&#8221;2.0.0&#8243; custom_padding__hover=&#8221;|||&#8221;][et_pb_text _builder_version=&#8221;3.27.4&#8243; header_font=&#8221;||||||||&#8221; header_2_font=&#8221;|700|||||||&#8221; header_2_text_color=&#8221;#ffffff&#8221; _i=&#8221;0&#8243; _address=&#8221;2.0.0.0&#8243;]<\/p>\n<h2>Need to control an industrial vehicle?<\/h2>\n<p>[\/et_pb_text][et_pb_text _builder_version=&#8221;3.27.4&#8243; text_font=&#8221;|300|||||||&#8221; text_text_color=&#8221;#ffffff&#8221; text_font_size=&#8221;16px&#8221; header_font=&#8221;||||||||&#8221; header_2_font=&#8221;|700|||||||&#8221; header_2_text_color=&#8221;#ffffff&#8221; hover_enabled=&#8221;0&#8243; _i=&#8221;1&#8243; _address=&#8221;2.0.0.1&#8243;]<\/p>\n<p style=\"text-align: left;\">Contact us by clicking on the button opposite, we will be happy to help you solve any problems as well as finding the best technology to improve your gear.<\/p>\n<p>[\/et_pb_text][\/et_pb_column][et_pb_column type=&#8221;2_5&#8243; _builder_version=&#8221;3.25&#8243; custom_padding=&#8221;|||&#8221; _i=&#8221;1&#8243; _address=&#8221;2.0.1&#8243; custom_padding__hover=&#8221;|||&#8221;][et_pb_button button_text=&#8221;Contact us !&#8221; _builder_version=&#8221;3.24&#8243; custom_button=&#8221;on&#8221; button_text_color=&#8221;#ffffff&#8221; button_font=&#8221;||||||||&#8221; button_icon=&#8221;%%86%%&#8221; button_icon_placement=&#8221;left&#8221; button_on_hover=&#8221;off&#8221; button_bg_color__hover_enabled=&#8221;on&#8221; button_bg_color__hover=&#8221;#ffffff&#8221; button_text_color__hover_enabled=&#8221;on&#8221; button_text_color__hover=&#8221;#0c71c3&#8243; _i=&#8221;0&#8243; _address=&#8221;2.0.1.0&#8243;][\/et_pb_button][\/et_pb_column][\/et_pb_row][\/et_pb_section]<\/p>\n","protected":false},"excerpt":{"rendered":"<p>Vehicle control and HMIInnovative and must have products for your industrial vehiclesControl accessories For many years, Efa has been serving OEMs and providing them with the best controls to build their vehicles. With years of experience, we have built a strong partnership with market leaders and are now their exclusive distributor. Joysticks, pedals, tiller head, [&hellip;]<\/p>\n","protected":false},"author":2,"featured_media":0,"parent":0,"menu_order":0,"comment_status":"closed","ping_status":"closed","template":"","meta":{"_et_pb_use_builder":"on","_et_pb_old_content":"<p>[vc_row][vc_column width=\"1\/2\"][vc_column_text]<\/p><h2 style=\"text-align: center;\">Commandes v\u00e9hicules<\/h2><p style=\"text-align: justify;\">Commandes v\u00e9hicules, Efa propose tous les \u00e9l\u00e9ments de <strong>commande de vos v\u00e9hicules<\/strong> comme des <strong>joysticks<\/strong>, des <strong>p\u00e9dales<\/strong>, des <strong>tableaux de bord<\/strong> et <strong>claviers<\/strong> et des <strong>t\u00eates de timon<\/strong>.<br \/>Nous intervenons principalement dans les v\u00e9hicules des secteurs de l\u2019agriculture, le BTP, l\u2019a\u00e9roportuaire, logistique, voirie, ferroviaire, v\u00e9hicules d\u2019intervention et v\u00e9hicules \u00e9lectriques.<br \/>En effet, les commandes v\u00e9hicules sont <strong>indispensables<\/strong> pour des machines et engins <strong>performants, productifs, efficaces et modernes.<\/strong><\/p><p>[\/vc_column_text][\/vc_column][vc_column width=\"1\/2\"][vc_column_text]<\/p><h2 style=\"text-align: center;\">Savoir-faire Efa<\/h2><p style=\"text-align: justify;\">Aussi, nous\u00a0<strong>ma\u00eetrisons et int\u00e9grons<\/strong>\u00a0tous ces produits quotidiennement dans les projets de nos clients.<br \/>Nous nous assurons de ne vous proposer que des produits de <strong>qualit\u00e9, s\u00e9curis\u00e9s et test\u00e9s au pr\u00e9alable<\/strong>.<br \/>En effet, chaque projet est \u00e9tudi\u00e9 rigoureusement afin de vous apporter la <strong>meilleure solution<\/strong> possible.<br \/>Par cons\u00e9quent, nous int\u00e9grons les produits les plus<strong> performants et adapt\u00e9s \u00e0 vos projets.<br \/><\/strong><strong>Efa, votre sp\u00e9cialiste des engins mobiles !<\/strong><\/p><p style=\"text-align: justify;\"><strong>\u00a0<\/strong><\/p><p>[\/vc_column_text][\/vc_column][\/vc_row][vc_row printtext=\"\" toppadding=\"55\" bottompadding=\"55\"][vc_column][vc_column_text]<\/p><h2 style=\"text-align: center;\"><a href=\"https:\/\/efa-controls.com\/commande-vehicule\/joysticks-industriels\/\">Joysticks industriels<\/a><\/h2><p>[\/vc_column_text][vc_masonry_grid post_type=\"produits\" max_items=\"10\" gap=\"3\" item=\"masonryGrid_BlurOut\" grid_id=\"vc_gid:1560420830695-e19d0d71-9390-6\" taxonomies=\"31\"][\/vc_column][\/vc_row][vc_row][vc_column][vc_column_text]<\/p><h2 style=\"text-align: center;\"><a href=\"https:\/\/efa-controls.com\/commandes-vehicules\/tete-de-timon-et-accoudoir-de-commande\/\">T\u00eate de timon et accoudoir de commande<\/a><\/h2><p>[\/vc_column_text][vc_masonry_grid post_type=\"produits\" max_items=\"10\" gap=\"3\" item=\"masonryGrid_BlurOut\" grid_id=\"vc_gid:1560420830711-c6478d1b-71ef-7\" taxonomies=\"32\"][\/vc_column][\/vc_row][vc_row][vc_column][vc_column_text]<\/p><h2 style=\"text-align: center;\"><a href=\"https:\/\/efa-controls.com\/commandes-vehicules\/pedales\/\">P\u00e9dales<\/a><\/h2><p>[\/vc_column_text][vc_masonry_grid post_type=\"produits\" max_items=\"10\" gap=\"3\" item=\"masonryGrid_BlurOut\" grid_id=\"vc_gid:1560420830713-f4d3fdd2-b897-1\" taxonomies=\"49\"][\/vc_column][\/vc_row][vc_row][vc_column][vc_column_text]<\/p><h2 style=\"text-align: center;\"><a href=\"https:\/\/efa-controls.com\/produits\/poste-de-commande-complet\/\">Poste de commande<\/a><\/h2><p>[\/vc_column_text][vc_masonry_grid post_type=\"produits\" max_items=\"10\" gap=\"3\" item=\"masonryGrid_BlurOut\" grid_id=\"vc_gid:1560420830714-ff3fdf20-6276-10\" taxonomies=\"34\"][\/vc_column][\/vc_row]<\/p>","_et_gb_content_width":"","_uf_show_specific_survey":0,"_uf_disable_surveys":false,"footnotes":""},"class_list":["post-4988","page","type-page","status-publish","hentry"],"yoast_head":"<!-- This site is optimized with the Yoast SEO plugin v27.4 - https:\/\/yoast.com\/product\/yoast-seo-wordpress\/ -->\n<title>Vehicle control - Efa France off-road vehicle specialist<\/title>\n<meta name=\"description\" content=\"Vehicle Controls, efa offers all kinds of different controls for your vehicle like joysticks, pedals, dashboards and drawbar heads\" \/>\n<meta name=\"robots\" content=\"index, follow, max-snippet:-1, max-image-preview:large, max-video-preview:-1\" \/>\n<link rel=\"canonical\" href=\"https:\/\/efa-controls.com\/en\/vehicle-control\/\" \/>\n<meta property=\"og:locale\" content=\"en_US\" \/>\n<meta property=\"og:type\" content=\"article\" \/>\n<meta property=\"og:title\" content=\"Vehicle control - Efa France off-road vehicle specialist\" \/>\n<meta property=\"og:description\" content=\"Vehicle Controls, efa offers all kinds of different controls for your vehicle like joysticks, pedals, dashboards and drawbar heads\" \/>\n<meta property=\"og:url\" content=\"https:\/\/efa-controls.com\/en\/vehicle-control\/\" \/>\n<meta property=\"og:site_name\" content=\"efa Controls\" \/>\n<meta property=\"article:publisher\" content=\"https:\/\/www.facebook.com\/efaFranceSA\/\" \/>\n<meta property=\"article:modified_time\" content=\"2020-02-18T08:39:21+00:00\" \/>\n<meta name=\"twitter:card\" content=\"summary_large_image\" \/>\n<meta name=\"twitter:site\" content=\"@efa_france\" \/>\n<meta name=\"twitter:label1\" content=\"Est. reading time\" \/>\n\t<meta name=\"twitter:data1\" content=\"4 minutes\" \/>\n<script type=\"application\/ld+json\" class=\"yoast-schema-graph\">{\"@context\":\"https:\\\/\\\/schema.org\",\"@graph\":[{\"@type\":\"WebPage\",\"@id\":\"https:\\\/\\\/efa-controls.com\\\/en\\\/vehicle-control\\\/\",\"url\":\"https:\\\/\\\/efa-controls.com\\\/en\\\/vehicle-control\\\/\",\"name\":\"Vehicle control - Efa France off-road vehicle specialist\",\"isPartOf\":{\"@id\":\"https:\\\/\\\/efa-controls.com\\\/en\\\/#website\"},\"datePublished\":\"2019-08-22T15:18:30+00:00\",\"dateModified\":\"2020-02-18T08:39:21+00:00\",\"description\":\"Vehicle Controls, efa offers all kinds of different controls for your vehicle like joysticks, pedals, dashboards and drawbar heads\",\"breadcrumb\":{\"@id\":\"https:\\\/\\\/efa-controls.com\\\/en\\\/vehicle-control\\\/#breadcrumb\"},\"inLanguage\":\"en-US\",\"potentialAction\":[{\"@type\":\"ReadAction\",\"target\":[\"https:\\\/\\\/efa-controls.com\\\/en\\\/vehicle-control\\\/\"]}]},{\"@type\":\"BreadcrumbList\",\"@id\":\"https:\\\/\\\/efa-controls.com\\\/en\\\/vehicle-control\\\/#breadcrumb\",\"itemListElement\":[{\"@type\":\"ListItem\",\"position\":1,\"name\":\"Accueil-Home\",\"item\":\"https:\\\/\\\/efa-controls.com\\\/en\\\/\"},{\"@type\":\"ListItem\",\"position\":2,\"name\":\"Vehicle control\"}]},{\"@type\":\"WebSite\",\"@id\":\"https:\\\/\\\/efa-controls.com\\\/en\\\/#website\",\"url\":\"https:\\\/\\\/efa-controls.com\\\/en\\\/\",\"name\":\"efa Controls\",\"description\":\"Bureau d&#039;\u00e9tude pour v\u00e9hicules industriels\",\"publisher\":{\"@id\":\"https:\\\/\\\/efa-controls.com\\\/en\\\/#organization\"},\"potentialAction\":[{\"@type\":\"SearchAction\",\"target\":{\"@type\":\"EntryPoint\",\"urlTemplate\":\"https:\\\/\\\/efa-controls.com\\\/en\\\/?s={search_term_string}\"},\"query-input\":{\"@type\":\"PropertyValueSpecification\",\"valueRequired\":true,\"valueName\":\"search_term_string\"}}],\"inLanguage\":\"en-US\"},{\"@type\":\"Organization\",\"@id\":\"https:\\\/\\\/efa-controls.com\\\/en\\\/#organization\",\"name\":\"efa Controls\",\"url\":\"https:\\\/\\\/efa-controls.com\\\/en\\\/\",\"logo\":{\"@type\":\"ImageObject\",\"inLanguage\":\"en-US\",\"@id\":\"https:\\\/\\\/efa-controls.com\\\/en\\\/#\\\/schema\\\/logo\\\/image\\\/\",\"url\":\"https:\\\/\\\/efa-controls.com\\\/wp-content\\\/uploads\\\/2023\\\/05\\\/logo-bleu.png\",\"contentUrl\":\"https:\\\/\\\/efa-controls.com\\\/wp-content\\\/uploads\\\/2023\\\/05\\\/logo-bleu.png\",\"width\":408,\"height\":288,\"caption\":\"efa Controls\"},\"image\":{\"@id\":\"https:\\\/\\\/efa-controls.com\\\/en\\\/#\\\/schema\\\/logo\\\/image\\\/\"},\"sameAs\":[\"https:\\\/\\\/www.facebook.com\\\/efaFranceSA\\\/\",\"https:\\\/\\\/x.com\\\/efa_france\",\"https:\\\/\\\/www.instagram.com\\\/efafrance\\\/\",\"https:\\\/\\\/www.linkedin.com\\\/company\\\/efa-france\",\"https:\\\/\\\/www.youtube.com\\\/user\\\/EFAControls\"]}]}<\/script>\n<!-- \/ Yoast SEO plugin. -->","yoast_head_json":{"title":"Vehicle control - Efa France off-road vehicle specialist","description":"Vehicle Controls, efa offers all kinds of different controls for your vehicle like joysticks, pedals, dashboards and drawbar heads","robots":{"index":"index","follow":"follow","max-snippet":"max-snippet:-1","max-image-preview":"max-image-preview:large","max-video-preview":"max-video-preview:-1"},"canonical":"https:\/\/efa-controls.com\/en\/vehicle-control\/","og_locale":"en_US","og_type":"article","og_title":"Vehicle control - Efa France off-road vehicle specialist","og_description":"Vehicle Controls, efa offers all kinds of different controls for your vehicle like joysticks, pedals, dashboards and drawbar heads","og_url":"https:\/\/efa-controls.com\/en\/vehicle-control\/","og_site_name":"efa Controls","article_publisher":"https:\/\/www.facebook.com\/efaFranceSA\/","article_modified_time":"2020-02-18T08:39:21+00:00","twitter_card":"summary_large_image","twitter_site":"@efa_france","twitter_misc":{"Est. reading time":"4 minutes"},"schema":{"@context":"https:\/\/schema.org","@graph":[{"@type":"WebPage","@id":"https:\/\/efa-controls.com\/en\/vehicle-control\/","url":"https:\/\/efa-controls.com\/en\/vehicle-control\/","name":"Vehicle control - Efa France off-road vehicle specialist","isPartOf":{"@id":"https:\/\/efa-controls.com\/en\/#website"},"datePublished":"2019-08-22T15:18:30+00:00","dateModified":"2020-02-18T08:39:21+00:00","description":"Vehicle Controls, efa offers all kinds of different controls for your vehicle like joysticks, pedals, dashboards and drawbar heads","breadcrumb":{"@id":"https:\/\/efa-controls.com\/en\/vehicle-control\/#breadcrumb"},"inLanguage":"en-US","potentialAction":[{"@type":"ReadAction","target":["https:\/\/efa-controls.com\/en\/vehicle-control\/"]}]},{"@type":"BreadcrumbList","@id":"https:\/\/efa-controls.com\/en\/vehicle-control\/#breadcrumb","itemListElement":[{"@type":"ListItem","position":1,"name":"Accueil-Home","item":"https:\/\/efa-controls.com\/en\/"},{"@type":"ListItem","position":2,"name":"Vehicle control"}]},{"@type":"WebSite","@id":"https:\/\/efa-controls.com\/en\/#website","url":"https:\/\/efa-controls.com\/en\/","name":"efa Controls","description":"Bureau d&#039;\u00e9tude pour v\u00e9hicules industriels","publisher":{"@id":"https:\/\/efa-controls.com\/en\/#organization"},"potentialAction":[{"@type":"SearchAction","target":{"@type":"EntryPoint","urlTemplate":"https:\/\/efa-controls.com\/en\/?s={search_term_string}"},"query-input":{"@type":"PropertyValueSpecification","valueRequired":true,"valueName":"search_term_string"}}],"inLanguage":"en-US"},{"@type":"Organization","@id":"https:\/\/efa-controls.com\/en\/#organization","name":"efa Controls","url":"https:\/\/efa-controls.com\/en\/","logo":{"@type":"ImageObject","inLanguage":"en-US","@id":"https:\/\/efa-controls.com\/en\/#\/schema\/logo\/image\/","url":"https:\/\/efa-controls.com\/wp-content\/uploads\/2023\/05\/logo-bleu.png","contentUrl":"https:\/\/efa-controls.com\/wp-content\/uploads\/2023\/05\/logo-bleu.png","width":408,"height":288,"caption":"efa Controls"},"image":{"@id":"https:\/\/efa-controls.com\/en\/#\/schema\/logo\/image\/"},"sameAs":["https:\/\/www.facebook.com\/efaFranceSA\/","https:\/\/x.com\/efa_france","https:\/\/www.instagram.com\/efafrance\/","https:\/\/www.linkedin.com\/company\/efa-france","https:\/\/www.youtube.com\/user\/EFAControls"]}]}},"_links":{"self":[{"href":"https:\/\/efa-controls.com\/en\/wp-json\/wp\/v2\/pages\/4988","targetHints":{"allow":["GET"]}}],"collection":[{"href":"https:\/\/efa-controls.com\/en\/wp-json\/wp\/v2\/pages"}],"about":[{"href":"https:\/\/efa-controls.com\/en\/wp-json\/wp\/v2\/types\/page"}],"author":[{"embeddable":true,"href":"https:\/\/efa-controls.com\/en\/wp-json\/wp\/v2\/users\/2"}],"replies":[{"embeddable":true,"href":"https:\/\/efa-controls.com\/en\/wp-json\/wp\/v2\/comments?post=4988"}],"version-history":[{"count":14,"href":"https:\/\/efa-controls.com\/en\/wp-json\/wp\/v2\/pages\/4988\/revisions"}],"predecessor-version":[{"id":7589,"href":"https:\/\/efa-controls.com\/en\/wp-json\/wp\/v2\/pages\/4988\/revisions\/7589"}],"wp:attachment":[{"href":"https:\/\/efa-controls.com\/en\/wp-json\/wp\/v2\/media?parent=4988"}],"curies":[{"name":"wp","href":"https:\/\/api.w.org\/{rel}","templated":true}]}}