{"id":35199,"date":"2026-01-19T15:52:24","date_gmt":"2026-01-19T14:52:24","guid":{"rendered":"https:\/\/efa-controls.com\/?page_id=35199"},"modified":"2026-01-19T16:03:10","modified_gmt":"2026-01-19T15:03:10","slug":"wireless-e-stop","status":"publish","type":"page","link":"https:\/\/efa-controls.com\/en\/nos-solutions\/commandes\/les-radiocommandes\/gamme-air\/wireless-e-stop\/","title":{"rendered":"Wireless e-stop"},"content":{"rendered":"<p>[et_pb_section fb_built=&#8221;1&#8243; admin_label=&#8221;Section&#8221; _builder_version=&#8221;4.26.1&#8243; _module_preset=&#8221;default&#8221; background_image=&#8221;https:\/\/efa-controls.com\/wp-content\/uploads\/2024\/07\/Slider-autec-v4-no-logo.png&#8221; custom_margin=&#8221;0px||0px||true|false&#8221; custom_padding=&#8221;0px||0px||true|false&#8221; global_colors_info=&#8221;{}&#8221;][et_pb_row admin_label=&#8221;Ligne&#8221; _builder_version=&#8221;4.17.4&#8243; _module_preset=&#8221;default&#8221; width=&#8221;100%&#8221; max_width=&#8221;2560px&#8221; global_colors_info=&#8221;{}&#8221;][et_pb_column type=&#8221;4_4&#8243; _builder_version=&#8221;4.17.4&#8243; _module_preset=&#8221;default&#8221; global_colors_info=&#8221;{}&#8221;][et_pb_text _builder_version=&#8221;4.26.1&#8243; _module_preset=&#8221;default&#8221; text_font=&#8221;||||||||&#8221; text_font_size=&#8221;31px&#8221; header_font=&#8221;|700|||||||&#8221; header_text_align=&#8221;left&#8221; header_font_size=&#8221;70px&#8221; background_image=&#8221;https:\/\/efa-controls.com\/wp-content\/uploads\/2022\/07\/Fichier-3.png&#8221; parallax=&#8221;on&#8221; parallax_method=&#8221;off&#8221; background_blend=&#8221;overlay&#8221; custom_margin=&#8221;-25px||||false|false&#8221; custom_margin_tablet=&#8221;-25px||||false|false&#8221; custom_margin_phone=&#8221;-25px||||false|false&#8221; custom_margin_last_edited=&#8221;on|desktop&#8221; custom_padding=&#8221;150px|123px|150px|123px|true|true&#8221; custom_padding_tablet=&#8221;&#8221; custom_padding_phone=&#8221;|23px||23px|true|true&#8221; custom_padding_last_edited=&#8221;on|phone&#8221; header_font_size_tablet=&#8221;70px&#8221; header_font_size_phone=&#8221;36px&#8221; header_font_size_last_edited=&#8221;on|phone&#8221; text_text_shadow_style=&#8221;preset3&#8243; text_text_shadow_blur_strength=&#8221;0.25em&#8221; global_colors_info=&#8221;{}&#8221;]<\/p>\n<h1><span style=\"color: #ffffff;\"><strong>Wireless e-stop<\/strong><\/span><span style=\"color: #333333;\"><strong><br \/><\/strong><\/span><\/h1>\n<p>&nbsp;<\/p>\n<p>[\/et_pb_text][\/et_pb_column][\/et_pb_row][\/et_pb_section][et_pb_section fb_built=&#8221;1&#8243; disabled_on=&#8221;on|off|off&#8221; admin_label=&#8221;Section&#8221; _builder_version=&#8221;4.19.0&#8243; _module_preset=&#8221;default&#8221; background_color=&#8221;#FFFFFF&#8221; custom_margin=&#8221;0px||0px||true|false&#8221; global_colors_info=&#8221;{}&#8221;][et_pb_row _builder_version=&#8221;4.18.0&#8243; _module_preset=&#8221;default&#8221; custom_margin=&#8221;0px||0px||true|false&#8221; custom_padding=&#8221;0px||0px||true|false&#8221; global_colors_info=&#8221;{}&#8221;][et_pb_column type=&#8221;4_4&#8243; _builder_version=&#8221;4.17.4&#8243; _module_preset=&#8221;default&#8221; global_colors_info=&#8221;{}&#8221;][et_pb_icon font_icon=&#8221;&#xf103;||fa||900&#8243; icon_color=&#8221;#0C71C3&#8243; icon_width=&#8221;131px&#8221; disabled_on=&#8221;on|off|off&#8221; _builder_version=&#8221;4.19.0&#8243; _module_preset=&#8221;default&#8221; positioning=&#8221;relative&#8221; vertical_offset=&#8221;48px&#8221; custom_margin=&#8221;-120px||||false|false&#8221; animation_style=&#8221;bounce&#8221; animation_direction=&#8221;top&#8221; custom_css_icon_element=&#8221;opacity: 0.5;&#8221; global_colors_info=&#8221;{}&#8221;][\/et_pb_icon][\/et_pb_column][\/et_pb_row][\/et_pb_section][et_pb_section fb_built=&#8221;1&#8243; _builder_version=&#8221;4.19.2&#8243; _module_preset=&#8221;default&#8221; custom_margin=&#8221;0px||0px||true|false&#8221; custom_padding=&#8221;0px||0px||true|false&#8221; global_colors_info=&#8221;{}&#8221;][et_pb_row _builder_version=&#8221;4.18.1&#8243; _module_preset=&#8221;default&#8221; global_colors_info=&#8221;{}&#8221;][et_pb_column type=&#8221;4_4&#8243; _builder_version=&#8221;4.18.1&#8243; _module_preset=&#8221;default&#8221; global_colors_info=&#8221;{}&#8221;][lwp_divi_breadcrumbs _builder_version=&#8221;4.18.1&#8243; _module_preset=&#8221;default&#8221; global_colors_info=&#8221;{}&#8221;][\/lwp_divi_breadcrumbs][\/et_pb_column][\/et_pb_row][\/et_pb_section][et_pb_section fb_built=&#8221;1&#8243; _builder_version=&#8221;4.25.1&#8243; _module_preset=&#8221;default&#8221; background_color=&#8221;#efefef&#8221; custom_margin=&#8221;-22px||-22px||true|false&#8221; custom_padding=&#8221;58px||58px||true|false&#8221; top_divider_style=&#8221;mountains2&#8243; top_divider_color=&#8221;#FFFFFF&#8221; bottom_divider_style=&#8221;mountains2&#8243; bottom_divider_color=&#8221;#FFFFFF&#8221; global_colors_info=&#8221;{}&#8221;][et_pb_row column_structure=&#8221;1_2,1_2&#8243; _builder_version=&#8221;4.18.0&#8243; _module_preset=&#8221;default&#8221; global_colors_info=&#8221;{}&#8221;][et_pb_column type=&#8221;1_2&#8243; _builder_version=&#8221;4.18.0&#8243; _module_preset=&#8221;default&#8221; global_colors_info=&#8221;{}&#8221;][et_pb_text _builder_version=&#8221;4.27.5&#8243; _module_preset=&#8221;default&#8221; custom_margin=&#8221;34px||18px||false|false&#8221; custom_padding=&#8221;15px||0px||false|false&#8221; global_colors_info=&#8221;{}&#8221;]<\/p>\n<h3 data-start=\"116\" data-end=\"167\"><strong data-start=\"120\" data-end=\"167\">La s\u00e9curit\u00e9 \u00e0 distance, en toute simplicit\u00e9<\/strong><\/h3>\n<p data-start=\"169\" data-end=\"392\">Dans les environnements industriels exigeants, la s\u00e9curit\u00e9 est essentielle. Sur les chantiers, dans les zones portuaires, mini\u00e8res ou logistiques, les op\u00e9rateurs doivent pouvoir arr\u00eater un engin rapidement, m\u00eame \u00e0 distance.<\/p>\n<p data-start=\"394\" data-end=\"580\">La <strong data-start=\"397\" data-end=\"430\">radiocommande wireless e-stop<\/strong> a \u00e9t\u00e9 con\u00e7ue pour r\u00e9pondre \u00e0 ce besoin. Robuste et facile \u00e0 utiliser, elle int\u00e8gre un <strong data-start=\"517\" data-end=\"543\">arr\u00eat d\u2019urgence unique<\/strong>, fiable et imm\u00e9diatement accessible.<\/p>\n<p>[\/et_pb_text][\/et_pb_column][et_pb_column type=&#8221;1_2&#8243; _builder_version=&#8221;4.18.0&#8243; _module_preset=&#8221;default&#8221; global_colors_info=&#8221;{}&#8221;][et_pb_image src=&#8221;https:\/\/efa-controls.com\/wp-content\/uploads\/2026\/01\/mutli-operationnel.png&#8221; alt=&#8221;SK4&#8243; title_text=&#8221;mutli operationnel&#8221; _builder_version=&#8221;4.27.5&#8243; _module_preset=&#8221;default&#8221; height=&#8221;335px&#8221; custom_margin=&#8221;-63px||||false|false&#8221; custom_padding=&#8221;72px||||false|false&#8221; global_colors_info=&#8221;{}&#8221;][\/et_pb_image][\/et_pb_column][\/et_pb_row][\/et_pb_section][et_pb_section fb_built=&#8221;1&#8243; _builder_version=&#8221;4.27.5&#8243; _module_preset=&#8221;default&#8221; custom_margin=&#8221;-65px||-65px||true|false&#8221; custom_padding=&#8221;0px||0px||true|false&#8221; global_colors_info=&#8221;{}&#8221;][et_pb_row column_structure=&#8221;1_2,1_2&#8243; _builder_version=&#8221;4.27.5&#8243; _module_preset=&#8221;default&#8221; custom_margin=&#8221;1px||53px||false|false&#8221; custom_padding=&#8221;63px||76px||false|false&#8221; locked=&#8221;off&#8221; global_colors_info=&#8221;{}&#8221;][et_pb_column type=&#8221;1_2&#8243; _builder_version=&#8221;4.26.1&#8243; _module_preset=&#8221;default&#8221; global_colors_info=&#8221;{}&#8221;][et_pb_text _builder_version=&#8221;4.27.5&#8243; _module_preset=&#8221;default&#8221; text_font=&#8221;||||||||&#8221; text_text_color=&#8221;#E06100&#8243; global_colors_info=&#8221;{}&#8221;]<\/p>\n<p><strong>Les avantages cl\u00e9s<\/strong><\/p>\n<p>[\/et_pb_text][dsm_icon_list _builder_version=&#8221;4.27.5&#8243; _module_preset=&#8221;default&#8221; global_colors_info=&#8221;{}&#8221;][dsm_icon_list_child text=&#8221;Arr\u00eat d\u2019urgence s\u00e9curis\u00e9 \u00e0 distance  &#8221; font_icon=&#8221;&#x4e;||divi||400&#8243; _builder_version=&#8221;4.27.5&#8243; _module_preset=&#8221;default&#8221; global_colors_info=&#8221;{}&#8221;][\/dsm_icon_list_child][dsm_icon_list_child text=&#8221;Utilisation simple et intuitive&#8221; font_icon=&#8221;&#x4e;||divi||400&#8243; _builder_version=&#8221;4.27.5&#8243; _module_preset=&#8221;default&#8221; global_colors_info=&#8221;{}&#8221;][\/dsm_icon_list_child][dsm_icon_list_child text=&#8221;Conception robuste pour conditions difficiles  &#8221; font_icon=&#8221;&#x4e;||divi||400&#8243; _builder_version=&#8221;4.27.5&#8243; _module_preset=&#8221;default&#8221; global_colors_info=&#8221;{}&#8221;][\/dsm_icon_list_child][dsm_icon_list_child text=&#8221;Fiabilit\u00e9 adapt\u00e9e aux environnements industriels&#8221; font_icon=&#8221;&#x4e;||divi||400&#8243; _builder_version=&#8221;4.27.5&#8243; _module_preset=&#8221;default&#8221; global_colors_info=&#8221;{}&#8221;][\/dsm_icon_list_child][\/dsm_icon_list][et_pb_text _builder_version=&#8221;4.27.5&#8243; _module_preset=&#8221;default&#8221; text_font=&#8221;||||||||&#8221; text_text_color=&#8221;#E06100&#8243; custom_padding=&#8221;41px||0px||false|false&#8221; global_colors_info=&#8221;{}&#8221;]<\/p>\n<p><strong>Applications<\/strong><\/p>\n<p data-start=\"822\" data-end=\"875\">Compatible avec de nombreux \u00e9quipements industriels :<\/p>\n<p>[\/et_pb_text][dsm_icon_list _builder_version=&#8221;4.27.5&#8243; _module_preset=&#8221;default&#8221; global_colors_info=&#8221;{}&#8221;][dsm_icon_list_child text=&#8221;Grues et chariots \u00e9l\u00e9vateurs&#8221; font_icon=&#8221;&#x4e;||divi||400&#8243; _builder_version=&#8221;4.27.5&#8243; _module_preset=&#8221;default&#8221; global_colors_info=&#8221;{}&#8221;][\/dsm_icon_list_child][dsm_icon_list_child text=&#8221; Engins de chantier (pelles, bulldozers, dumpers) &#8221; font_icon=&#8221;&#x4e;||divi||400&#8243; _builder_version=&#8221;4.27.5&#8243; _module_preset=&#8221;default&#8221; global_colors_info=&#8221;{}&#8221;][\/dsm_icon_list_child][dsm_icon_list_child text=&#8221;Machines agricoles et foresti\u00e8res  &#8221; font_icon=&#8221;&#x4e;||divi||400&#8243; _builder_version=&#8221;4.27.5&#8243; _module_preset=&#8221;default&#8221; global_colors_info=&#8221;{}&#8221;][\/dsm_icon_list_child][dsm_icon_list_child text=&#8221;\u00c9quipements miniers et portuaires  &#8221; font_icon=&#8221;&#x4e;||divi||400&#8243; _builder_version=&#8221;4.27.5&#8243; _module_preset=&#8221;default&#8221; global_colors_info=&#8221;{}&#8221;][\/dsm_icon_list_child][dsm_icon_list_child text=&#8221;Installations logistiques&#8221; font_icon=&#8221;&#x4e;||divi||400&#8243; _builder_version=&#8221;4.27.5&#8243; _module_preset=&#8221;default&#8221; global_colors_info=&#8221;{}&#8221;][\/dsm_icon_list_child][\/dsm_icon_list][\/et_pb_column][et_pb_column type=&#8221;1_2&#8243; _builder_version=&#8221;4.26.1&#8243; _module_preset=&#8221;default&#8221; global_colors_info=&#8221;{}&#8221;][et_pb_image src=&#8221;https:\/\/efa-controls.com\/wp-content\/uploads\/2025\/12\/sk4-ai.png&#8221; title_text=&#8221;sk4 &#8221; _builder_version=&#8221;4.27.5&#8243; _module_preset=&#8221;default&#8221; width=&#8221;68%&#8221; custom_margin=&#8221;4px||||false|false&#8221; global_colors_info=&#8221;{}&#8221;][\/et_pb_image][et_pb_text _builder_version=&#8221;4.27.5&#8243; _module_preset=&#8221;default&#8221; text_font=&#8221;||||||||&#8221; text_text_color=&#8221;#E06100&#8243; global_colors_info=&#8221;{}&#8221;]<\/p>\n<p><strong>Caract\u00e9ristiques techniques essentielles<\/strong><\/p>\n<p>[\/et_pb_text][dsm_icon_list _builder_version=&#8221;4.27.5&#8243; _module_preset=&#8221;default&#8221; global_colors_info=&#8221;{}&#8221;][dsm_icon_list_child text=&#8221;Fr\u00e9quence radio : 863\u2013870 MHz FHSS&#8221; font_icon=&#8221;&#x4e;||divi||400&#8243; _builder_version=&#8221;4.27.5&#8243; _module_preset=&#8221;default&#8221; global_colors_info=&#8221;{}&#8221;][\/dsm_icon_list_child][dsm_icon_list_child text=&#8221;R\u00e9cepteur CAN&#8221; font_icon=&#8221;&#x4e;||divi||400&#8243; _builder_version=&#8221;4.27.5&#8243; _module_preset=&#8221;default&#8221; global_colors_info=&#8221;{}&#8221;][\/dsm_icon_list_child][dsm_icon_list_child text=&#8221;Niveaux de s\u00e9curit\u00e9 : PLd \/ SIL2&#8243; font_icon=&#8221;&#x4e;||divi||400&#8243; _builder_version=&#8221;4.27.5&#8243; _module_preset=&#8221;default&#8221; global_colors_info=&#8221;{}&#8221;][\/dsm_icon_list_child][dsm_icon_list_child text=&#8221;Fonction multi-op\u00e9rateur&#8221; font_icon=&#8221;&#x4e;||divi||400&#8243; _builder_version=&#8221;4.27.5&#8243; _module_preset=&#8221;default&#8221; global_colors_info=&#8221;{}&#8221;][\/dsm_icon_list_child][\/dsm_icon_list][\/et_pb_column][\/et_pb_row][\/et_pb_section]<\/p>\n","protected":false},"excerpt":{"rendered":"<p>Wireless e-stop &nbsp;<div class=\"et_pb_module lwp_divi_breadcrumbs lwp_divi_breadcrumbs_0\">\n\t\t\t\t\n\t\t\t\t\n\t\t\t\t\n\t\t\t\t\n\t\t\t\t\n\t\t\t\t\n\t\t\t\t<div class=\"et_pb_module_inner\">\n\t\t\t\t\t<div class=\"lwp-breadcrumbs\"> <span class=\"before\"><\/span> <span vocab=\"https:\/\/schema.org\/\" typeof=\"BreadcrumbList\"><span property=\"itemListElement\" typeof=\"ListItem\"><a property=\"item\" typeof=\"WebPage\" href=\"https:\/\/efa-controls.com\/en\/\" class=\"home\"><span property=\"name\">Home<\/span><\/a><meta property=\"position\" content=\"1\"><\/span> <span class=\"separator et-pb-icon\">9<\/span> <\/span><\/div>\n\t\t\t\t<\/div>\n\t\t\t<\/div>La s\u00e9curit\u00e9 \u00e0 distance, en toute simplicit\u00e9 Dans les environnements industriels exigeants, la s\u00e9curit\u00e9 est essentielle. Sur les chantiers, dans les zones portuaires, mini\u00e8res ou logistiques, les op\u00e9rateurs doivent pouvoir arr\u00eater un engin rapidement, m\u00eame \u00e0 distance. La radiocommande wireless e-stop a \u00e9t\u00e9 con\u00e7ue pour r\u00e9pondre \u00e0 ce besoin. Robuste [&hellip;]<\/p>\n","protected":false},"author":13,"featured_media":0,"parent":27348,"menu_order":0,"comment_status":"closed","ping_status":"closed","template":"","meta":{"_et_pb_use_builder":"on","_et_pb_old_content":"","_et_gb_content_width":"","_uf_show_specific_survey":0,"_uf_disable_surveys":false,"footnotes":""},"class_list":["post-35199","page","type-page","status-publish","hentry"],"yoast_head":"<!-- This site is optimized with the Yoast SEO plugin v27.4 - https:\/\/yoast.com\/product\/yoast-seo-wordpress\/ -->\n<title>Wireless e-stop - efa Controls<\/title>\n<meta name=\"robots\" content=\"index, follow, max-snippet:-1, max-image-preview:large, max-video-preview:-1\" \/>\n<link rel=\"canonical\" href=\"https:\/\/efa-controls.com\/en\/nos-solutions\/commandes\/les-radiocommandes\/gamme-air\/wireless-e-stop\/\" \/>\n<meta property=\"og:locale\" content=\"en_US\" \/>\n<meta property=\"og:type\" content=\"article\" \/>\n<meta property=\"og:title\" content=\"Wireless e-stop - efa Controls\" \/>\n<meta property=\"og:description\" content=\"Wireless e-stop &nbsp;La s\u00e9curit\u00e9 \u00e0 distance, en toute simplicit\u00e9 Dans les environnements industriels exigeants, la s\u00e9curit\u00e9 est essentielle. Sur les chantiers, dans les zones portuaires, mini\u00e8res ou logistiques, les op\u00e9rateurs doivent pouvoir arr\u00eater un engin rapidement, m\u00eame \u00e0 distance. La radiocommande wireless e-stop a \u00e9t\u00e9 con\u00e7ue pour r\u00e9pondre \u00e0 ce besoin. Robuste [&hellip;]\" \/>\n<meta property=\"og:url\" content=\"https:\/\/efa-controls.com\/en\/nos-solutions\/commandes\/les-radiocommandes\/gamme-air\/wireless-e-stop\/\" \/>\n<meta property=\"og:site_name\" content=\"efa Controls\" \/>\n<meta property=\"article:publisher\" content=\"https:\/\/www.facebook.com\/efaFranceSA\/\" \/>\n<meta property=\"article:modified_time\" content=\"2026-01-19T15:03:10+00:00\" \/>\n<meta name=\"twitter:card\" content=\"summary_large_image\" \/>\n<meta name=\"twitter:site\" content=\"@efa_france\" \/>\n<meta name=\"twitter:label1\" content=\"Est. reading time\" \/>\n\t<meta name=\"twitter:data1\" content=\"2 minutes\" \/>\n<script type=\"application\/ld+json\" class=\"yoast-schema-graph\">{\"@context\":\"https:\\\/\\\/schema.org\",\"@graph\":[{\"@type\":\"WebPage\",\"@id\":\"https:\\\/\\\/efa-controls.com\\\/en\\\/nos-solutions\\\/commandes\\\/les-radiocommandes\\\/gamme-air\\\/wireless-e-stop\\\/\",\"url\":\"https:\\\/\\\/efa-controls.com\\\/en\\\/nos-solutions\\\/commandes\\\/les-radiocommandes\\\/gamme-air\\\/wireless-e-stop\\\/\",\"name\":\"Wireless e-stop - efa Controls\",\"isPartOf\":{\"@id\":\"https:\\\/\\\/efa-controls.com\\\/en\\\/#website\"},\"datePublished\":\"2026-01-19T14:52:24+00:00\",\"dateModified\":\"2026-01-19T15:03:10+00:00\",\"breadcrumb\":{\"@id\":\"https:\\\/\\\/efa-controls.com\\\/en\\\/nos-solutions\\\/commandes\\\/les-radiocommandes\\\/gamme-air\\\/wireless-e-stop\\\/#breadcrumb\"},\"inLanguage\":\"en-US\",\"potentialAction\":[{\"@type\":\"ReadAction\",\"target\":[\"https:\\\/\\\/efa-controls.com\\\/en\\\/nos-solutions\\\/commandes\\\/les-radiocommandes\\\/gamme-air\\\/wireless-e-stop\\\/\"]}]},{\"@type\":\"BreadcrumbList\",\"@id\":\"https:\\\/\\\/efa-controls.com\\\/en\\\/nos-solutions\\\/commandes\\\/les-radiocommandes\\\/gamme-air\\\/wireless-e-stop\\\/#breadcrumb\",\"itemListElement\":[{\"@type\":\"ListItem\",\"position\":1,\"name\":\"Accueil-Home\",\"item\":\"https:\\\/\\\/efa-controls.com\\\/en\\\/\"},{\"@type\":\"ListItem\",\"position\":2,\"name\":\"Nos solutions\",\"item\":\"https:\\\/\\\/efa-controls.com\\\/en\\\/nos-solutions\\\/\"},{\"@type\":\"ListItem\",\"position\":3,\"name\":\"Commandes\",\"item\":\"https:\\\/\\\/efa-controls.com\\\/en\\\/nos-solutions\\\/commandes\\\/\"},{\"@type\":\"ListItem\",\"position\":4,\"name\":\"Les radiocommandes\",\"item\":\"https:\\\/\\\/efa-controls.com\\\/en\\\/nos-solutions\\\/commandes\\\/les-radiocommandes\\\/\"},{\"@type\":\"ListItem\",\"position\":5,\"name\":\"AIR\",\"item\":\"https:\\\/\\\/efa-controls.com\\\/en\\\/nos-solutions\\\/commandes\\\/les-radiocommandes\\\/gamme-air\\\/\"},{\"@type\":\"ListItem\",\"position\":6,\"name\":\"Wireless e-stop\"}]},{\"@type\":\"WebSite\",\"@id\":\"https:\\\/\\\/efa-controls.com\\\/en\\\/#website\",\"url\":\"https:\\\/\\\/efa-controls.com\\\/en\\\/\",\"name\":\"efa Controls\",\"description\":\"Bureau d&#039;\u00e9tude pour v\u00e9hicules industriels\",\"publisher\":{\"@id\":\"https:\\\/\\\/efa-controls.com\\\/en\\\/#organization\"},\"potentialAction\":[{\"@type\":\"SearchAction\",\"target\":{\"@type\":\"EntryPoint\",\"urlTemplate\":\"https:\\\/\\\/efa-controls.com\\\/en\\\/?s={search_term_string}\"},\"query-input\":{\"@type\":\"PropertyValueSpecification\",\"valueRequired\":true,\"valueName\":\"search_term_string\"}}],\"inLanguage\":\"en-US\"},{\"@type\":\"Organization\",\"@id\":\"https:\\\/\\\/efa-controls.com\\\/en\\\/#organization\",\"name\":\"efa Controls\",\"url\":\"https:\\\/\\\/efa-controls.com\\\/en\\\/\",\"logo\":{\"@type\":\"ImageObject\",\"inLanguage\":\"en-US\",\"@id\":\"https:\\\/\\\/efa-controls.com\\\/en\\\/#\\\/schema\\\/logo\\\/image\\\/\",\"url\":\"https:\\\/\\\/efa-controls.com\\\/wp-content\\\/uploads\\\/2023\\\/05\\\/logo-bleu.png\",\"contentUrl\":\"https:\\\/\\\/efa-controls.com\\\/wp-content\\\/uploads\\\/2023\\\/05\\\/logo-bleu.png\",\"width\":408,\"height\":288,\"caption\":\"efa Controls\"},\"image\":{\"@id\":\"https:\\\/\\\/efa-controls.com\\\/en\\\/#\\\/schema\\\/logo\\\/image\\\/\"},\"sameAs\":[\"https:\\\/\\\/www.facebook.com\\\/efaFranceSA\\\/\",\"https:\\\/\\\/x.com\\\/efa_france\",\"https:\\\/\\\/www.instagram.com\\\/efafrance\\\/\",\"https:\\\/\\\/www.linkedin.com\\\/company\\\/efa-france\",\"https:\\\/\\\/www.youtube.com\\\/user\\\/EFAControls\"]}]}<\/script>\n<!-- \/ Yoast SEO plugin. -->","yoast_head_json":{"title":"Wireless e-stop - efa Controls","robots":{"index":"index","follow":"follow","max-snippet":"max-snippet:-1","max-image-preview":"max-image-preview:large","max-video-preview":"max-video-preview:-1"},"canonical":"https:\/\/efa-controls.com\/en\/nos-solutions\/commandes\/les-radiocommandes\/gamme-air\/wireless-e-stop\/","og_locale":"en_US","og_type":"article","og_title":"Wireless e-stop - efa Controls","og_description":"Wireless e-stop &nbsp;La s\u00e9curit\u00e9 \u00e0 distance, en toute simplicit\u00e9 Dans les environnements industriels exigeants, la s\u00e9curit\u00e9 est essentielle. Sur les chantiers, dans les zones portuaires, mini\u00e8res ou logistiques, les op\u00e9rateurs doivent pouvoir arr\u00eater un engin rapidement, m\u00eame \u00e0 distance. La radiocommande wireless e-stop a \u00e9t\u00e9 con\u00e7ue pour r\u00e9pondre \u00e0 ce besoin. Robuste [&hellip;]","og_url":"https:\/\/efa-controls.com\/en\/nos-solutions\/commandes\/les-radiocommandes\/gamme-air\/wireless-e-stop\/","og_site_name":"efa Controls","article_publisher":"https:\/\/www.facebook.com\/efaFranceSA\/","article_modified_time":"2026-01-19T15:03:10+00:00","twitter_card":"summary_large_image","twitter_site":"@efa_france","twitter_misc":{"Est. reading time":"2 minutes"},"schema":{"@context":"https:\/\/schema.org","@graph":[{"@type":"WebPage","@id":"https:\/\/efa-controls.com\/en\/nos-solutions\/commandes\/les-radiocommandes\/gamme-air\/wireless-e-stop\/","url":"https:\/\/efa-controls.com\/en\/nos-solutions\/commandes\/les-radiocommandes\/gamme-air\/wireless-e-stop\/","name":"Wireless e-stop - efa Controls","isPartOf":{"@id":"https:\/\/efa-controls.com\/en\/#website"},"datePublished":"2026-01-19T14:52:24+00:00","dateModified":"2026-01-19T15:03:10+00:00","breadcrumb":{"@id":"https:\/\/efa-controls.com\/en\/nos-solutions\/commandes\/les-radiocommandes\/gamme-air\/wireless-e-stop\/#breadcrumb"},"inLanguage":"en-US","potentialAction":[{"@type":"ReadAction","target":["https:\/\/efa-controls.com\/en\/nos-solutions\/commandes\/les-radiocommandes\/gamme-air\/wireless-e-stop\/"]}]},{"@type":"BreadcrumbList","@id":"https:\/\/efa-controls.com\/en\/nos-solutions\/commandes\/les-radiocommandes\/gamme-air\/wireless-e-stop\/#breadcrumb","itemListElement":[{"@type":"ListItem","position":1,"name":"Accueil-Home","item":"https:\/\/efa-controls.com\/en\/"},{"@type":"ListItem","position":2,"name":"Nos solutions","item":"https:\/\/efa-controls.com\/en\/nos-solutions\/"},{"@type":"ListItem","position":3,"name":"Commandes","item":"https:\/\/efa-controls.com\/en\/nos-solutions\/commandes\/"},{"@type":"ListItem","position":4,"name":"Les radiocommandes","item":"https:\/\/efa-controls.com\/en\/nos-solutions\/commandes\/les-radiocommandes\/"},{"@type":"ListItem","position":5,"name":"AIR","item":"https:\/\/efa-controls.com\/en\/nos-solutions\/commandes\/les-radiocommandes\/gamme-air\/"},{"@type":"ListItem","position":6,"name":"Wireless e-stop"}]},{"@type":"WebSite","@id":"https:\/\/efa-controls.com\/en\/#website","url":"https:\/\/efa-controls.com\/en\/","name":"efa Controls","description":"Bureau d&#039;\u00e9tude pour v\u00e9hicules industriels","publisher":{"@id":"https:\/\/efa-controls.com\/en\/#organization"},"potentialAction":[{"@type":"SearchAction","target":{"@type":"EntryPoint","urlTemplate":"https:\/\/efa-controls.com\/en\/?s={search_term_string}"},"query-input":{"@type":"PropertyValueSpecification","valueRequired":true,"valueName":"search_term_string"}}],"inLanguage":"en-US"},{"@type":"Organization","@id":"https:\/\/efa-controls.com\/en\/#organization","name":"efa Controls","url":"https:\/\/efa-controls.com\/en\/","logo":{"@type":"ImageObject","inLanguage":"en-US","@id":"https:\/\/efa-controls.com\/en\/#\/schema\/logo\/image\/","url":"https:\/\/efa-controls.com\/wp-content\/uploads\/2023\/05\/logo-bleu.png","contentUrl":"https:\/\/efa-controls.com\/wp-content\/uploads\/2023\/05\/logo-bleu.png","width":408,"height":288,"caption":"efa Controls"},"image":{"@id":"https:\/\/efa-controls.com\/en\/#\/schema\/logo\/image\/"},"sameAs":["https:\/\/www.facebook.com\/efaFranceSA\/","https:\/\/x.com\/efa_france","https:\/\/www.instagram.com\/efafrance\/","https:\/\/www.linkedin.com\/company\/efa-france","https:\/\/www.youtube.com\/user\/EFAControls"]}]}},"_links":{"self":[{"href":"https:\/\/efa-controls.com\/en\/wp-json\/wp\/v2\/pages\/35199","targetHints":{"allow":["GET"]}}],"collection":[{"href":"https:\/\/efa-controls.com\/en\/wp-json\/wp\/v2\/pages"}],"about":[{"href":"https:\/\/efa-controls.com\/en\/wp-json\/wp\/v2\/types\/page"}],"author":[{"embeddable":true,"href":"https:\/\/efa-controls.com\/en\/wp-json\/wp\/v2\/users\/13"}],"replies":[{"embeddable":true,"href":"https:\/\/efa-controls.com\/en\/wp-json\/wp\/v2\/comments?post=35199"}],"version-history":[{"count":5,"href":"https:\/\/efa-controls.com\/en\/wp-json\/wp\/v2\/pages\/35199\/revisions"}],"predecessor-version":[{"id":35209,"href":"https:\/\/efa-controls.com\/en\/wp-json\/wp\/v2\/pages\/35199\/revisions\/35209"}],"up":[{"embeddable":true,"href":"https:\/\/efa-controls.com\/en\/wp-json\/wp\/v2\/pages\/27348"}],"wp:attachment":[{"href":"https:\/\/efa-controls.com\/en\/wp-json\/wp\/v2\/media?parent=35199"}],"curies":[{"name":"wp","href":"https:\/\/api.w.org\/{rel}","templated":true}]}}