{"id":27990,"date":"2024-08-09T09:58:54","date_gmt":"2024-08-09T07:58:54","guid":{"rendered":"https:\/\/efa-controls.com\/?page_id=27990"},"modified":"2024-09-10T14:56:18","modified_gmt":"2024-09-10T12:56:18","slug":"t8b-t8c","status":"publish","type":"page","link":"https:\/\/efa-controls.com\/en\/nos-solutions\/commandes\/les-radiocommandes\/gamme-lift-autec\/t8b-t8c\/","title":{"rendered":"T8B \/ T8C"},"content":{"rendered":"<p>[et_pb_section fb_built=&#8221;1&#8243; admin_label=&#8221;Section&#8221; _builder_version=&#8221;4.26.1&#8243; _module_preset=&#8221;default&#8221; background_image=&#8221;https:\/\/efa-controls.com\/wp-content\/uploads\/2024\/07\/Slider-autec-v4-no-logo.png&#8221; custom_margin=&#8221;0px||0px||true|false&#8221; custom_padding=&#8221;0px||0px||true|false&#8221; global_colors_info=&#8221;{}&#8221;][et_pb_row admin_label=&#8221;Ligne&#8221; _builder_version=&#8221;4.17.4&#8243; _module_preset=&#8221;default&#8221; width=&#8221;100%&#8221; max_width=&#8221;2560px&#8221; global_colors_info=&#8221;{}&#8221;][et_pb_column type=&#8221;4_4&#8243; _builder_version=&#8221;4.17.4&#8243; _module_preset=&#8221;default&#8221; global_colors_info=&#8221;{}&#8221;][et_pb_text _builder_version=&#8221;4.26.1&#8243; _module_preset=&#8221;default&#8221; text_font=&#8221;||||||||&#8221; text_font_size=&#8221;31px&#8221; header_font=&#8221;|700|||||||&#8221; header_text_align=&#8221;left&#8221; header_font_size=&#8221;70px&#8221; background_image=&#8221;https:\/\/efa-controls.com\/wp-content\/uploads\/2022\/07\/Fichier-3.png&#8221; parallax=&#8221;on&#8221; parallax_method=&#8221;off&#8221; background_blend=&#8221;overlay&#8221; custom_margin=&#8221;-25px||||false|false&#8221; custom_margin_tablet=&#8221;-25px||||false|false&#8221; custom_margin_phone=&#8221;-25px||||false|false&#8221; custom_margin_last_edited=&#8221;on|desktop&#8221; custom_padding=&#8221;150px|123px|150px|123px|true|true&#8221; custom_padding_tablet=&#8221;&#8221; custom_padding_phone=&#8221;|23px||23px|true|true&#8221; custom_padding_last_edited=&#8221;on|phone&#8221; header_font_size_tablet=&#8221;70px&#8221; header_font_size_phone=&#8221;36px&#8221; header_font_size_last_edited=&#8221;on|phone&#8221; text_text_shadow_style=&#8221;preset3&#8243; text_text_shadow_blur_strength=&#8221;0.25em&#8221; global_colors_info=&#8221;{}&#8221;]<\/p>\n<h1><span style=\"color: #ffffff;\"><strong>T8B \/ T8C- AUTEC<\/strong><\/span><span style=\"color: #333333;\"><strong><br \/><\/strong><\/span><\/h1>\n<p>&nbsp;<\/p>\n<p>[\/et_pb_text][\/et_pb_column][\/et_pb_row][\/et_pb_section][et_pb_section fb_built=&#8221;1&#8243; disabled_on=&#8221;on|off|off&#8221; admin_label=&#8221;Section&#8221; _builder_version=&#8221;4.19.0&#8243; _module_preset=&#8221;default&#8221; background_color=&#8221;#FFFFFF&#8221; custom_margin=&#8221;0px||0px||true|false&#8221; global_colors_info=&#8221;{}&#8221;][et_pb_row _builder_version=&#8221;4.18.0&#8243; _module_preset=&#8221;default&#8221; custom_margin=&#8221;0px||0px||true|false&#8221; custom_padding=&#8221;0px||0px||true|false&#8221; global_colors_info=&#8221;{}&#8221;][et_pb_column type=&#8221;4_4&#8243; _builder_version=&#8221;4.17.4&#8243; _module_preset=&#8221;default&#8221; global_colors_info=&#8221;{}&#8221;][et_pb_icon font_icon=&#8221;&#xf103;||fa||900&#8243; icon_color=&#8221;#0C71C3&#8243; icon_width=&#8221;131px&#8221; disabled_on=&#8221;on|off|off&#8221; _builder_version=&#8221;4.19.0&#8243; _module_preset=&#8221;default&#8221; positioning=&#8221;relative&#8221; vertical_offset=&#8221;48px&#8221; custom_margin=&#8221;-120px||||false|false&#8221; animation_style=&#8221;bounce&#8221; animation_direction=&#8221;top&#8221; custom_css_icon_element=&#8221;opacity: 0.5;&#8221; global_colors_info=&#8221;{}&#8221;][\/et_pb_icon][\/et_pb_column][\/et_pb_row][\/et_pb_section][et_pb_section fb_built=&#8221;1&#8243; _builder_version=&#8221;4.19.2&#8243; _module_preset=&#8221;default&#8221; custom_margin=&#8221;0px||0px||true|false&#8221; custom_padding=&#8221;0px||0px||true|false&#8221; global_colors_info=&#8221;{}&#8221;][et_pb_row _builder_version=&#8221;4.18.1&#8243; _module_preset=&#8221;default&#8221; global_colors_info=&#8221;{}&#8221;][et_pb_column type=&#8221;4_4&#8243; _builder_version=&#8221;4.18.1&#8243; _module_preset=&#8221;default&#8221; global_colors_info=&#8221;{}&#8221;][lwp_divi_breadcrumbs _builder_version=&#8221;4.18.1&#8243; _module_preset=&#8221;default&#8221; global_colors_info=&#8221;{}&#8221;][\/lwp_divi_breadcrumbs][\/et_pb_column][\/et_pb_row][\/et_pb_section][et_pb_section fb_built=&#8221;1&#8243; _builder_version=&#8221;4.25.1&#8243; _module_preset=&#8221;default&#8221; background_color=&#8221;#efefef&#8221; custom_margin=&#8221;-22px||-22px||true|false&#8221; custom_padding=&#8221;58px||58px||true|false&#8221; top_divider_style=&#8221;mountains2&#8243; top_divider_color=&#8221;#FFFFFF&#8221; bottom_divider_style=&#8221;mountains2&#8243; bottom_divider_color=&#8221;#FFFFFF&#8221; global_colors_info=&#8221;{}&#8221;][et_pb_row column_structure=&#8221;1_2,1_2&#8243; _builder_version=&#8221;4.18.0&#8243; _module_preset=&#8221;default&#8221; global_colors_info=&#8221;{}&#8221;][et_pb_column type=&#8221;1_2&#8243; _builder_version=&#8221;4.18.0&#8243; _module_preset=&#8221;default&#8221; global_colors_info=&#8221;{}&#8221;][et_pb_text _builder_version=&#8221;4.26.1&#8243; _module_preset=&#8221;default&#8221; custom_margin=&#8221;4px||18px||false|false&#8221; custom_padding=&#8221;||0px||false|false&#8221; global_colors_info=&#8221;{}&#8221;]<\/p>\n<p>L\u00e9gers et robustes avec <strong>8 boutons<\/strong> \u00e0 double pression. Le bouton le plus bas sur le c\u00f4t\u00e9 droit est d\u00e9di\u00e9 \u00e0 la fonction START, et peut \u00eatre utilis\u00e9 en option pour faire retentir l&#8217;avertisseur sonore de la machine. Ce mod\u00e8le est \u00e9quip\u00e9 de 4 LED qui peuvent afficher le(s) palan(s) s\u00e9lectionn\u00e9(s) dans les grues \u00e0 deux palans, ou d&#8217;autres informations sur la machine. L&#8217;alimentation \u00e9lectrique peut \u00eatre assur\u00e9e par 2 batteries Li-ion interchangeables (version &#8220;B&#8221;, avec chargeur de batterie), ou par 3 batteries internes standard AAA (version &#8220;C&#8221;).<\/p>\n<p>Les principaux atouts des nouveaux mod\u00e8les AUTEC LIFT sont les suivants :<br \/>&#8211; <strong>une nouvelle communication radio sur 2,4 GHz,<\/strong> tirant parti de la derni\u00e8re technologie Bluetooth\u00ae, avec une protection de s\u00e9curit\u00e9 suppl\u00e9mentaire personnalis\u00e9e par AUTEC ;<br \/>&#8211; MY LIFT AUTEC&#8221;, <strong>une application pour smartphone (IOS et Android)<\/strong> qui simplifie la configuration du syst\u00e8me ;<br \/>&#8211; <strong>une station de base compacte optimis\u00e9e<\/strong>, avec un couvercle semi-transparent, une lampe flash haute intensit\u00e9 int\u00e9gr\u00e9e, un signal sonore int\u00e9gr\u00e9 en option et un presse-\u00e9toupe ou une connexion \u00e0 prises multiples.<\/p>\n<p>[\/et_pb_text][\/et_pb_column][et_pb_column type=&#8221;1_2&#8243; _builder_version=&#8221;4.18.0&#8243; _module_preset=&#8221;default&#8221; global_colors_info=&#8221;{}&#8221;][et_pb_image src=&#8221;https:\/\/efa-controls.com\/wp-content\/uploads\/2024\/08\/T8B_-_T8C.png&#8221; alt=&#8221;T8B_T8C&#8221; title_text=&#8221;T8B_T8C&#8221; _builder_version=&#8221;4.26.1&#8243; _module_preset=&#8221;default&#8221; module_alignment=&#8221;center&#8221; min_height=&#8221;488px&#8221; height=&#8221;494px&#8221; custom_margin=&#8221;-63px||||false|false&#8221; global_colors_info=&#8221;{}&#8221;][\/et_pb_image][\/et_pb_column][\/et_pb_row][\/et_pb_section][et_pb_section fb_built=&#8221;1&#8243; _builder_version=&#8221;4.19.0&#8243; _module_preset=&#8221;default&#8221; custom_margin=&#8221;0px||0px||true|false&#8221; custom_padding=&#8221;0px||0px||true|false&#8221; global_colors_info=&#8221;{}&#8221;][et_pb_row column_structure=&#8221;1_2,1_2&#8243; _builder_version=&#8221;4.26.1&#8243; _module_preset=&#8221;default&#8221; locked=&#8221;off&#8221; global_colors_info=&#8221;{}&#8221;][et_pb_column type=&#8221;1_2&#8243; _builder_version=&#8221;4.26.1&#8243; _module_preset=&#8221;default&#8221; global_colors_info=&#8221;{}&#8221;][et_pb_text _builder_version=&#8221;4.26.1&#8243; _module_preset=&#8221;default&#8221; text_font=&#8221;||||||||&#8221; text_text_color=&#8221;#E06100&#8243; global_colors_info=&#8221;{}&#8221;]<\/p>\n<p><strong>Options<\/strong><\/p>\n<p>[\/et_pb_text][dsm_icon_list _builder_version=&#8221;4.26.1&#8243; _module_preset=&#8221;default&#8221; global_colors_info=&#8221;{}&#8221;][dsm_icon_list_child text=&#8221;Antenne externe&#8221; font_icon=&#8221;&#x4e;||divi||400&#8243; _builder_version=&#8221;4.26.1&#8243; _module_preset=&#8221;default&#8221; global_colors_info=&#8221;{}&#8221;][\/dsm_icon_list_child][dsm_icon_list_child text=&#8221;Chargeur de batterie pour la version \u00e0 batterie Li-Ion&#8221; font_icon=&#8221;&#x4e;||divi||400&#8243; _builder_version=&#8221;4.26.1&#8243; _module_preset=&#8221;default&#8221; global_colors_info=&#8221;{}&#8221;][\/dsm_icon_list_child][dsm_icon_list_child text=&#8221;Pochette avec ceinture&#8221; font_icon=&#8221;&#x4e;||divi||400&#8243; _builder_version=&#8221;4.26.1&#8243; _module_preset=&#8221;default&#8221; global_colors_info=&#8221;{}&#8221;][\/dsm_icon_list_child][dsm_icon_list_child text=&#8221;Application %22MY LIFT AUTEC&#8221; font_icon=&#8221;&#x4e;||divi||400&#8243; _builder_version=&#8221;4.26.1&#8243; _module_preset=&#8221;default&#8221; global_colors_info=&#8221;{}&#8221;][\/dsm_icon_list_child][dsm_icon_list_child text=&#8221;La certification UL 508 est disponible sur demande si l&#8217;appareil est \u00e9quip\u00e9 de la station de base ACRH11.&#8221; font_icon=&#8221;&#x4e;||divi||400&#8243; _builder_version=&#8221;4.26.1&#8243; _module_preset=&#8221;default&#8221; global_colors_info=&#8221;{}&#8221;][\/dsm_icon_list_child][\/dsm_icon_list][\/et_pb_column][et_pb_column type=&#8221;1_2&#8243; _builder_version=&#8221;4.26.1&#8243; _module_preset=&#8221;default&#8221; global_colors_info=&#8221;{}&#8221;][et_pb_text _builder_version=&#8221;4.26.1&#8243; _module_preset=&#8221;default&#8221; text_font=&#8221;||||||||&#8221; text_text_color=&#8221;#E06100&#8243; global_colors_info=&#8221;{}&#8221;][\/et_pb_text][dsm_icon_list _builder_version=&#8221;4.26.1&#8243; _module_preset=&#8221;default&#8221; global_colors_info=&#8221;{}&#8221;][\/dsm_icon_list][\/et_pb_column][\/et_pb_row][et_pb_row column_structure=&#8221;1_2,1_2&#8243; _builder_version=&#8221;4.26.1&#8243; _module_preset=&#8221;default&#8221; global_colors_info=&#8221;{}&#8221;][et_pb_column type=&#8221;1_2&#8243; _builder_version=&#8221;4.26.1&#8243; _module_preset=&#8221;default&#8221; global_colors_info=&#8221;{}&#8221;][et_pb_text _builder_version=&#8221;4.26.1&#8243; _module_preset=&#8221;default&#8221; text_font=&#8221;||||||||&#8221; text_text_color=&#8221;#E06100&#8243; global_colors_info=&#8221;{}&#8221;]<\/p>\n<p><strong>Accessoires<\/strong><\/p>\n<p>[\/et_pb_text][dsm_icon_list _builder_version=&#8221;4.26.1&#8243; _module_preset=&#8221;default&#8221; global_colors_info=&#8221;{}&#8221;][dsm_icon_list_child text=&#8221;T-Key pour autoriser l&#8217;utilisation de l&#8217;ordinateur de poche, qui exclut l&#8217;utilisation du code PIN.&#8221; font_icon=&#8221;&#x4e;||divi||400&#8243; _builder_version=&#8221;4.26.1&#8243; _module_preset=&#8221;default&#8221; global_colors_info=&#8221;{}&#8221;][\/dsm_icon_list_child][\/dsm_icon_list][\/et_pb_column][et_pb_column type=&#8221;1_2&#8243; _builder_version=&#8221;4.26.1&#8243; _module_preset=&#8221;default&#8221; global_colors_info=&#8221;{}&#8221;][\/et_pb_column][\/et_pb_row][\/et_pb_section][et_pb_section fb_built=&#8221;1&#8243; _builder_version=&#8221;4.18.0&#8243; _module_preset=&#8221;default&#8221; custom_margin=&#8221;50px||50px||true|false&#8221; custom_margin_tablet=&#8221;||50px||false|false&#8221; custom_margin_phone=&#8221;0px||0px||true|false&#8221; custom_margin_last_edited=&#8221;on|phone&#8221; custom_padding=&#8221;20px||20px||true|false&#8221; global_colors_info=&#8221;{}&#8221;][et_pb_row _builder_version=&#8221;4.18.0&#8243; _module_preset=&#8221;default&#8221; background_color=&#8221;#1f68b1&#8243; width=&#8221;100%&#8221; max_width=&#8221;2560px&#8221; module_alignment=&#8221;center&#8221; custom_padding=&#8221;39px||39px||true|false&#8221; global_colors_info=&#8221;{}&#8221;][et_pb_column type=&#8221;4_4&#8243; _builder_version=&#8221;4.17.6&#8243; _module_preset=&#8221;default&#8221; global_colors_info=&#8221;{}&#8221;][et_pb_text _builder_version=&#8221;4.26.1&#8243; _module_preset=&#8221;default&#8221; text_font=&#8221;||||||||&#8221; text_text_color=&#8221;#FFFFFF&#8221; text_font_size=&#8221;34px&#8221; header_text_color=&#8221;#FFFFFF&#8221; text_orientation=&#8221;center&#8221; text_font_size_tablet=&#8221;&#8221; text_font_size_phone=&#8221;20px&#8221; text_font_size_last_edited=&#8221;on|phone&#8221; global_colors_info=&#8221;{}&#8221;]<\/p>\n<p><strong>Vous cherchez le syst\u00e8me de radiocommande qui convient \u00e0 votre projet ?<\/strong><\/p>\n<p>[\/et_pb_text][et_pb_button button_url=&#8221;https:\/\/efa-controls.com\/contact\/&#8221; button_text=&#8221;Contactez-nous d\u00e8s aujourd&#8217;hui !&#8221; _builder_version=&#8221;4.26.1&#8243; _module_preset=&#8221;default&#8221; button_font=&#8221;|700|||||||&#8221; global_colors_info=&#8221;{}&#8221; button_bg_color__hover=&#8221;#E06100&#8243; button_bg_enable_color__hover=&#8221;on&#8221;][\/et_pb_button][\/et_pb_column][\/et_pb_row][\/et_pb_section]<\/p>\n","protected":false},"excerpt":{"rendered":"<p>T8B \/ T8C- AUTEC &nbsp;<div class=\"et_pb_module lwp_divi_breadcrumbs lwp_divi_breadcrumbs_0\">\n\t\t\t\t\n\t\t\t\t\n\t\t\t\t\n\t\t\t\t\n\t\t\t\t\n\t\t\t\t\n\t\t\t\t<div class=\"et_pb_module_inner\">\n\t\t\t\t\t<div class=\"lwp-breadcrumbs\"> <span class=\"before\"><\/span> <span vocab=\"https:\/\/schema.org\/\" typeof=\"BreadcrumbList\"><span property=\"itemListElement\" typeof=\"ListItem\"><a property=\"item\" typeof=\"WebPage\" href=\"https:\/\/efa-controls.com\/en\/\" class=\"home\"><span property=\"name\">Home<\/span><\/a><meta property=\"position\" content=\"1\"><\/span> <span class=\"separator et-pb-icon\">9<\/span> <\/span><\/div>\n\t\t\t\t<\/div>\n\t\t\t<\/div>L\u00e9gers et robustes avec 8 boutons \u00e0 double pression. Le bouton le plus bas sur le c\u00f4t\u00e9 droit est d\u00e9di\u00e9 \u00e0 la fonction START, et peut \u00eatre utilis\u00e9 en option pour faire retentir l&#8217;avertisseur sonore de la machine. Ce mod\u00e8le est \u00e9quip\u00e9 de 4 LED qui peuvent afficher [&hellip;]<\/p>\n","protected":false},"author":13,"featured_media":0,"parent":27961,"menu_order":0,"comment_status":"closed","ping_status":"closed","template":"","meta":{"_et_pb_use_builder":"on","_et_pb_old_content":"","_et_gb_content_width":"","_uf_show_specific_survey":0,"_uf_disable_surveys":false,"footnotes":""},"class_list":["post-27990","page","type-page","status-publish","hentry"],"yoast_head":"<!-- This site is optimized with the Yoast SEO plugin v27.4 - https:\/\/yoast.com\/product\/yoast-seo-wordpress\/ -->\n<title>T8B \/ T8C - Gamme Lift - efa revendeur officiel AUTEC<\/title>\n<meta name=\"robots\" content=\"index, follow, max-snippet:-1, max-image-preview:large, max-video-preview:-1\" \/>\n<link rel=\"canonical\" href=\"https:\/\/efa-controls.com\/en\/nos-solutions\/commandes\/les-radiocommandes\/gamme-lift-autec\/t8b-t8c\/\" \/>\n<meta property=\"og:locale\" content=\"en_US\" \/>\n<meta property=\"og:type\" content=\"article\" \/>\n<meta property=\"og:title\" content=\"T8B \/ T8C - Gamme Lift - efa revendeur officiel AUTEC\" \/>\n<meta property=\"og:description\" content=\"T8B \/ T8C- AUTEC &nbsp;L\u00e9gers et robustes avec 8 boutons \u00e0 double pression. Le bouton le plus bas sur le c\u00f4t\u00e9 droit est d\u00e9di\u00e9 \u00e0 la fonction START, et peut \u00eatre utilis\u00e9 en option pour faire retentir l&#039;avertisseur sonore de la machine. Ce mod\u00e8le est \u00e9quip\u00e9 de 4 LED qui peuvent afficher [&hellip;]\" \/>\n<meta property=\"og:url\" content=\"https:\/\/efa-controls.com\/en\/nos-solutions\/commandes\/les-radiocommandes\/gamme-lift-autec\/t8b-t8c\/\" \/>\n<meta property=\"og:site_name\" content=\"efa Controls\" \/>\n<meta property=\"article:publisher\" content=\"https:\/\/www.facebook.com\/efaFranceSA\/\" \/>\n<meta property=\"article:modified_time\" content=\"2024-09-10T12:56:18+00:00\" \/>\n<meta name=\"twitter:card\" content=\"summary_large_image\" \/>\n<meta name=\"twitter:site\" content=\"@efa_france\" \/>\n<meta name=\"twitter:label1\" content=\"Est. reading time\" \/>\n\t<meta name=\"twitter:data1\" content=\"2 minutes\" \/>\n<script type=\"application\/ld+json\" class=\"yoast-schema-graph\">{\"@context\":\"https:\\\/\\\/schema.org\",\"@graph\":[{\"@type\":\"WebPage\",\"@id\":\"https:\\\/\\\/efa-controls.com\\\/en\\\/nos-solutions\\\/commandes\\\/les-radiocommandes\\\/gamme-lift-autec\\\/t8b-t8c\\\/\",\"url\":\"https:\\\/\\\/efa-controls.com\\\/en\\\/nos-solutions\\\/commandes\\\/les-radiocommandes\\\/gamme-lift-autec\\\/t8b-t8c\\\/\",\"name\":\"T8B \\\/ T8C - Gamme Lift - efa revendeur officiel AUTEC\",\"isPartOf\":{\"@id\":\"https:\\\/\\\/efa-controls.com\\\/en\\\/#website\"},\"datePublished\":\"2024-08-09T07:58:54+00:00\",\"dateModified\":\"2024-09-10T12:56:18+00:00\",\"breadcrumb\":{\"@id\":\"https:\\\/\\\/efa-controls.com\\\/en\\\/nos-solutions\\\/commandes\\\/les-radiocommandes\\\/gamme-lift-autec\\\/t8b-t8c\\\/#breadcrumb\"},\"inLanguage\":\"en-US\",\"potentialAction\":[{\"@type\":\"ReadAction\",\"target\":[\"https:\\\/\\\/efa-controls.com\\\/en\\\/nos-solutions\\\/commandes\\\/les-radiocommandes\\\/gamme-lift-autec\\\/t8b-t8c\\\/\"]}]},{\"@type\":\"BreadcrumbList\",\"@id\":\"https:\\\/\\\/efa-controls.com\\\/en\\\/nos-solutions\\\/commandes\\\/les-radiocommandes\\\/gamme-lift-autec\\\/t8b-t8c\\\/#breadcrumb\",\"itemListElement\":[{\"@type\":\"ListItem\",\"position\":1,\"name\":\"Accueil-Home\",\"item\":\"https:\\\/\\\/efa-controls.com\\\/en\\\/\"},{\"@type\":\"ListItem\",\"position\":2,\"name\":\"Nos solutions\",\"item\":\"https:\\\/\\\/efa-controls.com\\\/en\\\/nos-solutions\\\/\"},{\"@type\":\"ListItem\",\"position\":3,\"name\":\"Commandes\",\"item\":\"https:\\\/\\\/efa-controls.com\\\/en\\\/nos-solutions\\\/commandes\\\/\"},{\"@type\":\"ListItem\",\"position\":4,\"name\":\"Les radiocommandes\",\"item\":\"https:\\\/\\\/efa-controls.com\\\/en\\\/nos-solutions\\\/commandes\\\/les-radiocommandes\\\/\"},{\"@type\":\"ListItem\",\"position\":5,\"name\":\"Gamme Lift AUTEC\",\"item\":\"https:\\\/\\\/efa-controls.com\\\/en\\\/nos-solutions\\\/commandes\\\/les-radiocommandes\\\/gamme-lift-autec\\\/\"},{\"@type\":\"ListItem\",\"position\":6,\"name\":\"T8B \\\/ T8C\"}]},{\"@type\":\"WebSite\",\"@id\":\"https:\\\/\\\/efa-controls.com\\\/en\\\/#website\",\"url\":\"https:\\\/\\\/efa-controls.com\\\/en\\\/\",\"name\":\"efa Controls\",\"description\":\"Bureau d&#039;\u00e9tude pour v\u00e9hicules industriels\",\"publisher\":{\"@id\":\"https:\\\/\\\/efa-controls.com\\\/en\\\/#organization\"},\"potentialAction\":[{\"@type\":\"SearchAction\",\"target\":{\"@type\":\"EntryPoint\",\"urlTemplate\":\"https:\\\/\\\/efa-controls.com\\\/en\\\/?s={search_term_string}\"},\"query-input\":{\"@type\":\"PropertyValueSpecification\",\"valueRequired\":true,\"valueName\":\"search_term_string\"}}],\"inLanguage\":\"en-US\"},{\"@type\":\"Organization\",\"@id\":\"https:\\\/\\\/efa-controls.com\\\/en\\\/#organization\",\"name\":\"efa Controls\",\"url\":\"https:\\\/\\\/efa-controls.com\\\/en\\\/\",\"logo\":{\"@type\":\"ImageObject\",\"inLanguage\":\"en-US\",\"@id\":\"https:\\\/\\\/efa-controls.com\\\/en\\\/#\\\/schema\\\/logo\\\/image\\\/\",\"url\":\"https:\\\/\\\/efa-controls.com\\\/wp-content\\\/uploads\\\/2023\\\/05\\\/logo-bleu.png\",\"contentUrl\":\"https:\\\/\\\/efa-controls.com\\\/wp-content\\\/uploads\\\/2023\\\/05\\\/logo-bleu.png\",\"width\":408,\"height\":288,\"caption\":\"efa Controls\"},\"image\":{\"@id\":\"https:\\\/\\\/efa-controls.com\\\/en\\\/#\\\/schema\\\/logo\\\/image\\\/\"},\"sameAs\":[\"https:\\\/\\\/www.facebook.com\\\/efaFranceSA\\\/\",\"https:\\\/\\\/x.com\\\/efa_france\",\"https:\\\/\\\/www.instagram.com\\\/efafrance\\\/\",\"https:\\\/\\\/www.linkedin.com\\\/company\\\/efa-france\",\"https:\\\/\\\/www.youtube.com\\\/user\\\/EFAControls\"]}]}<\/script>\n<!-- \/ Yoast SEO plugin. -->","yoast_head_json":{"title":"T8B \/ T8C - Gamme Lift - efa revendeur officiel AUTEC","robots":{"index":"index","follow":"follow","max-snippet":"max-snippet:-1","max-image-preview":"max-image-preview:large","max-video-preview":"max-video-preview:-1"},"canonical":"https:\/\/efa-controls.com\/en\/nos-solutions\/commandes\/les-radiocommandes\/gamme-lift-autec\/t8b-t8c\/","og_locale":"en_US","og_type":"article","og_title":"T8B \/ T8C - Gamme Lift - efa revendeur officiel AUTEC","og_description":"T8B \/ T8C- AUTEC &nbsp;L\u00e9gers et robustes avec 8 boutons \u00e0 double pression. Le bouton le plus bas sur le c\u00f4t\u00e9 droit est d\u00e9di\u00e9 \u00e0 la fonction START, et peut \u00eatre utilis\u00e9 en option pour faire retentir l'avertisseur sonore de la machine. Ce mod\u00e8le est \u00e9quip\u00e9 de 4 LED qui peuvent afficher [&hellip;]","og_url":"https:\/\/efa-controls.com\/en\/nos-solutions\/commandes\/les-radiocommandes\/gamme-lift-autec\/t8b-t8c\/","og_site_name":"efa Controls","article_publisher":"https:\/\/www.facebook.com\/efaFranceSA\/","article_modified_time":"2024-09-10T12:56:18+00:00","twitter_card":"summary_large_image","twitter_site":"@efa_france","twitter_misc":{"Est. reading time":"2 minutes"},"schema":{"@context":"https:\/\/schema.org","@graph":[{"@type":"WebPage","@id":"https:\/\/efa-controls.com\/en\/nos-solutions\/commandes\/les-radiocommandes\/gamme-lift-autec\/t8b-t8c\/","url":"https:\/\/efa-controls.com\/en\/nos-solutions\/commandes\/les-radiocommandes\/gamme-lift-autec\/t8b-t8c\/","name":"T8B \/ T8C - Gamme Lift - efa revendeur officiel AUTEC","isPartOf":{"@id":"https:\/\/efa-controls.com\/en\/#website"},"datePublished":"2024-08-09T07:58:54+00:00","dateModified":"2024-09-10T12:56:18+00:00","breadcrumb":{"@id":"https:\/\/efa-controls.com\/en\/nos-solutions\/commandes\/les-radiocommandes\/gamme-lift-autec\/t8b-t8c\/#breadcrumb"},"inLanguage":"en-US","potentialAction":[{"@type":"ReadAction","target":["https:\/\/efa-controls.com\/en\/nos-solutions\/commandes\/les-radiocommandes\/gamme-lift-autec\/t8b-t8c\/"]}]},{"@type":"BreadcrumbList","@id":"https:\/\/efa-controls.com\/en\/nos-solutions\/commandes\/les-radiocommandes\/gamme-lift-autec\/t8b-t8c\/#breadcrumb","itemListElement":[{"@type":"ListItem","position":1,"name":"Accueil-Home","item":"https:\/\/efa-controls.com\/en\/"},{"@type":"ListItem","position":2,"name":"Nos solutions","item":"https:\/\/efa-controls.com\/en\/nos-solutions\/"},{"@type":"ListItem","position":3,"name":"Commandes","item":"https:\/\/efa-controls.com\/en\/nos-solutions\/commandes\/"},{"@type":"ListItem","position":4,"name":"Les radiocommandes","item":"https:\/\/efa-controls.com\/en\/nos-solutions\/commandes\/les-radiocommandes\/"},{"@type":"ListItem","position":5,"name":"Gamme Lift AUTEC","item":"https:\/\/efa-controls.com\/en\/nos-solutions\/commandes\/les-radiocommandes\/gamme-lift-autec\/"},{"@type":"ListItem","position":6,"name":"T8B \/ T8C"}]},{"@type":"WebSite","@id":"https:\/\/efa-controls.com\/en\/#website","url":"https:\/\/efa-controls.com\/en\/","name":"efa Controls","description":"Bureau d&#039;\u00e9tude pour v\u00e9hicules industriels","publisher":{"@id":"https:\/\/efa-controls.com\/en\/#organization"},"potentialAction":[{"@type":"SearchAction","target":{"@type":"EntryPoint","urlTemplate":"https:\/\/efa-controls.com\/en\/?s={search_term_string}"},"query-input":{"@type":"PropertyValueSpecification","valueRequired":true,"valueName":"search_term_string"}}],"inLanguage":"en-US"},{"@type":"Organization","@id":"https:\/\/efa-controls.com\/en\/#organization","name":"efa Controls","url":"https:\/\/efa-controls.com\/en\/","logo":{"@type":"ImageObject","inLanguage":"en-US","@id":"https:\/\/efa-controls.com\/en\/#\/schema\/logo\/image\/","url":"https:\/\/efa-controls.com\/wp-content\/uploads\/2023\/05\/logo-bleu.png","contentUrl":"https:\/\/efa-controls.com\/wp-content\/uploads\/2023\/05\/logo-bleu.png","width":408,"height":288,"caption":"efa Controls"},"image":{"@id":"https:\/\/efa-controls.com\/en\/#\/schema\/logo\/image\/"},"sameAs":["https:\/\/www.facebook.com\/efaFranceSA\/","https:\/\/x.com\/efa_france","https:\/\/www.instagram.com\/efafrance\/","https:\/\/www.linkedin.com\/company\/efa-france","https:\/\/www.youtube.com\/user\/EFAControls"]}]}},"_links":{"self":[{"href":"https:\/\/efa-controls.com\/en\/wp-json\/wp\/v2\/pages\/27990","targetHints":{"allow":["GET"]}}],"collection":[{"href":"https:\/\/efa-controls.com\/en\/wp-json\/wp\/v2\/pages"}],"about":[{"href":"https:\/\/efa-controls.com\/en\/wp-json\/wp\/v2\/types\/page"}],"author":[{"embeddable":true,"href":"https:\/\/efa-controls.com\/en\/wp-json\/wp\/v2\/users\/13"}],"replies":[{"embeddable":true,"href":"https:\/\/efa-controls.com\/en\/wp-json\/wp\/v2\/comments?post=27990"}],"version-history":[{"count":5,"href":"https:\/\/efa-controls.com\/en\/wp-json\/wp\/v2\/pages\/27990\/revisions"}],"predecessor-version":[{"id":28021,"href":"https:\/\/efa-controls.com\/en\/wp-json\/wp\/v2\/pages\/27990\/revisions\/28021"}],"up":[{"embeddable":true,"href":"https:\/\/efa-controls.com\/en\/wp-json\/wp\/v2\/pages\/27961"}],"wp:attachment":[{"href":"https:\/\/efa-controls.com\/en\/wp-json\/wp\/v2\/media?parent=27990"}],"curies":[{"name":"wp","href":"https:\/\/api.w.org\/{rel}","templated":true}]}}