{"id":8314,"date":"2020-03-09T12:49:38","date_gmt":"2020-03-09T11:49:38","guid":{"rendered":"https:\/\/efa-controls.com\/differential-achsen\/"},"modified":"2023-06-14T12:23:37","modified_gmt":"2023-06-14T10:23:37","slug":"differential-achsen","status":"publish","type":"page","link":"https:\/\/efa-controls.com\/de\/unsere-loesungen\/elektrifizierung\/elektrischer-antriebsstrang\/differential-achsen\/","title":{"rendered":"Differentialachsen"},"content":{"rendered":"<p>[et_pb_section fb_built=&#8221;1&#8243; _builder_version=&#8221;4.16&#8243; background_color=&#8221;#333333&#8243; custom_padding=&#8221;8px||25px|||&#8221; global_colors_info=&#8221;{}&#8221;][et_pb_row _builder_version=&#8221;4.16&#8243; custom_padding=&#8221;56px|||||&#8221; global_colors_info=&#8221;{}&#8221;][et_pb_column type=&#8221;4_4&#8243; _builder_version=&#8221;4.16&#8243; custom_padding=&#8221;|||&#8221; global_colors_info=&#8221;{}&#8221; custom_padding__hover=&#8221;|||&#8221;][et_pb_text _builder_version=&#8221;4.16&#8243; header_font=&#8221;||||||||&#8221; header_text_color=&#8221;#ffffff&#8221; global_colors_info=&#8221;{}&#8221;]<\/p>\n<h1 id=\"pagetitle\" class=\"center\">Differential-Achsen<\/h1>\n<p>[\/et_pb_text][et_pb_divider color=&#8221;#ffffff&#8221; _builder_version=&#8221;4.16&#8243; width=&#8221;20%&#8221; module_alignment=&#8221;center&#8221; global_colors_info=&#8221;{}&#8221;][\/et_pb_divider][\/et_pb_column][\/et_pb_row][\/et_pb_section][et_pb_section fb_built=&#8221;1&#8243; _builder_version=&#8221;4.16&#8243; custom_margin=&#8221;||0px|||&#8221; custom_padding=&#8221;0px||4px|||&#8221; saved_tabs=&#8221;all&#8221; global_colors_info=&#8221;{}&#8221;][et_pb_row column_structure=&#8221;1_2,1_2&#8243; _builder_version=&#8221;4.16&#8243; min_height=&#8221;197px&#8221; custom_padding=&#8221;55px|||||&#8221; global_colors_info=&#8221;{}&#8221;][et_pb_column type=&#8221;1_2&#8243; _builder_version=&#8221;4.16&#8243; custom_padding=&#8221;|||&#8221; global_colors_info=&#8221;{}&#8221; custom_padding__hover=&#8221;|||&#8221;][et_pb_text _builder_version=&#8221;4.21.0&#8243; global_colors_info=&#8221;{}&#8221;]<\/p>\n<h2 class=\"color_333\"><span data-contrast=\"auto\">Unsere Produkte<\/span><\/h2>\n<p style=\"text-align: justify;\"><strong>efa<\/strong><span data-contrast=\"auto\"> bietet Ihnen dank seiner langj\u00e4hrigen Partnerschaft mit e-comer Srl. (vormals <\/span><span data-contrast=\"auto\">Benevelli)<\/span><span data-contrast=\"auto\"> eine gro\u00dfe Auswahl an Differentialachsen f\u00fcr Elektrofahrzeuge. <\/span><span data-ccp-props=\"{&quot;201341983&quot;:0,&quot;335559739&quot;:160,&quot;335559740&quot;:259}\"> <\/span><\/p>\n<p style=\"text-align: justify;\"><span data-contrast=\"auto\">Dieser Bereich ist unterteilt in TX1 und TX2. <\/span><span data-contrast=\"auto\">Die <\/span><span data-contrast=\"auto\">elektrischen Achsen<\/span><span data-contrast=\"auto\">s<\/span><span data-contrast=\"auto\"> TX1<\/span><span data-contrast=\"auto\"> sind kompatibel mit einem Fahrzeug bis zu 700Kg. Wenn Ihr Fahrzeug <\/span><span data-contrast=\"auto\">schwerer<\/span><span data-contrast=\"auto\"> ist, leiten wir Sie <\/span><span data-contrast=\"auto\">zu einer TX2<\/span><span data-contrast=\"auto\">. <\/span><span data-ccp-props=\"{&quot;201341983&quot;:0,&quot;335559739&quot;:160,&quot;335559740&quot;:259}\"> <\/span><\/p>\n<p style=\"text-align: justify;\"><span data-contrast=\"auto\">Die Achsen bestehen aus einer Achse, Getriebe, Motor und Bremse. Je nach Anwendung passen wir <\/span><span data-contrast=\"auto\">die einzelnen Komponenten an.<\/span><span data-ccp-props=\"{&quot;201341983&quot;:0,&quot;335559739&quot;:160,&quot;335559740&quot;:259}\"> <\/span><\/p>\n<p style=\"text-align: justify;\"><span data-contrast=\"auto\">Das Br\u00fcckenteil ist nicht zwingend erforderlich, Sie k\u00f6nnen einen kardanischen Getriebeausgang w\u00e4hlen. <\/span><span data-ccp-props=\"{&quot;201341983&quot;:0,&quot;335559739&quot;:160,&quot;335559740&quot;:259}\"> <\/span><\/p>\n<p style=\"text-align: justify;\"><span data-contrast=\"auto\">Einige Modelle haben eine mechanische Differenzialsperre. Eine sehr n\u00fctzliche Option, besonders f\u00fcr Nutzung in der Landwirtschaft, wenn Sie auf rutschigen oder unebenen Oberfl\u00e4chen fahren. <\/span><span data-ccp-props=\"{&quot;201341983&quot;:0,&quot;335559739&quot;:160,&quot;335559740&quot;:259}\"> <\/span><\/p>\n<p>[\/et_pb_text][\/et_pb_column][et_pb_column type=&#8221;1_2&#8243; _builder_version=&#8221;4.16&#8243; custom_padding=&#8221;|||&#8221; global_colors_info=&#8221;{}&#8221; custom_padding__hover=&#8221;|||&#8221;][et_pb_image src=&#8221;https:\/\/efa-controls.com\/wp-content\/uploads\/2021\/03\/Systeme-de-transmission-de-puissance-electrique-TX1.jpg&#8221; title_text=&#8221;Syst\u00e8me-de-transmission-de-puissance-\u00e9lectrique-TX1&#8243; _builder_version=&#8221;4.16&#8243; _module_preset=&#8221;default&#8221; global_colors_info=&#8221;{}&#8221;][\/et_pb_image][et_pb_text _builder_version=&#8221;4.21.0&#8243; hover_enabled=&#8221;0&#8243; global_colors_info=&#8221;{}&#8221; sticky_enabled=&#8221;0&#8243;]<\/p>\n<p style=\"text-align: justify;\"><span>Die Besonderheit dieser Achsen liegt in ihrer Robustheit und ihrer gro\u00dfen Anpassungsf\u00e4higkeit der Befestigungen. Sie finden in gro\u00dfer Anzahl von T\u00e4tigkeitsbereichen Anwendung, wie z.B. Landwirtschaft, TP, Reinigung, Elektroautos, &#8230;. <\/span><\/p>\n<h2 style=\"text-align: center;\"><span>Unsere Kompetenz<\/span><\/h2>\n<p style=\"text-align: justify;\"><span><strong>efa<\/strong> ist der exklusive Systemintegrator der italienischen Firma e-Comer Srl. (vormals Benevelli) in Deutschland. Wir arbeiten t\u00e4glich Hand in Hand, um unseren Kunden Kompetenz und Reaktionsf\u00e4higkeit bei ihren elektrischen Traktionsprojekten zu bieten.<\/span><\/p>\n<p style=\"text-align: justify;\"><span>Unser Konstruktionsb\u00fcro unterst\u00fctzt Sie bei der Dimensionierung Ihres Antriebsstrangs und anderer betroffener Fahrzeugkomponenten.<\/span><\/p>\n<p>[\/et_pb_text][\/et_pb_column][\/et_pb_row][et_pb_row _builder_version=&#8221;4.16&#8243; _module_preset=&#8221;default&#8221; global_colors_info=&#8221;{}&#8221;][et_pb_column type=&#8221;4_4&#8243; _builder_version=&#8221;4.16&#8243; _module_preset=&#8221;default&#8221; global_colors_info=&#8221;{}&#8221;][et_pb_video_slider _builder_version=&#8221;4.16&#8243; _module_preset=&#8221;default&#8221; global_colors_info=&#8221;{}&#8221;][et_pb_video_slider_item src=&#8221;https:\/\/youtu.be\/wwhdxyLVK0s&#8221; _builder_version=&#8221;4.9.2&#8243; _module_preset=&#8221;default&#8221; global_colors_info=&#8221;{}&#8221; show_image_overlay=&#8221;off&#8221;][\/et_pb_video_slider_item][\/et_pb_video_slider][\/et_pb_column][\/et_pb_row][et_pb_row _builder_version=&#8221;4.16&#8243; module_alignment=&#8221;center&#8221; global_colors_info=&#8221;{}&#8221;][et_pb_column type=&#8221;4_4&#8243; _builder_version=&#8221;4.16&#8243; custom_padding=&#8221;|||&#8221; global_colors_info=&#8221;{}&#8221; custom_padding__hover=&#8221;|||&#8221;][et_pb_text _builder_version=&#8221;4.16&#8243; global_colors_info=&#8221;{}&#8221;]<\/p>\n<h2 class=\"color_333 center\">Unsere wichtigsten Produkte<\/h2>\n<p>[\/et_pb_text][et_pb_divider color=&#8221;#333333&#8243; _builder_version=&#8221;4.16&#8243; width=&#8221;20%&#8221; module_alignment=&#8221;center&#8221; global_colors_info=&#8221;{}&#8221;][\/et_pb_divider][et_pb_portfolio include_categories=&#8221;116&#8243; _builder_version=&#8221;4.16&#8243; title_text_align=&#8221;center&#8221; background_enable_video_mp4=&#8221;off&#8221; module_alignment=&#8221;center&#8221; global_colors_info=&#8221;{}&#8221;][\/et_pb_portfolio][\/et_pb_column][\/et_pb_row][\/et_pb_section][et_pb_section fb_built=&#8221;1&#8243; _builder_version=&#8221;4.16&#8243; use_background_color_gradient=&#8221;on&#8221; background_color_gradient_direction=&#8221;90deg&#8221; background_color_gradient_stops=&#8221;#1f68b1 32%|#001b56 100%&#8221; background_color_gradient_start=&#8221;#1f68b1&#8243; background_color_gradient_start_position=&#8221;32%&#8221; background_color_gradient_end=&#8221;#001b56&#8243; animation_style=&#8221;zoom&#8221; animation_duration=&#8221;600ms&#8221; animation_intensity_zoom=&#8221;16%&#8221; animation_starting_opacity=&#8221;68%&#8221; saved_tabs=&#8221;all&#8221; global_colors_info=&#8221;{}&#8221;][et_pb_row column_structure=&#8221;3_5,2_5&#8243; _builder_version=&#8221;4.16&#8243; global_colors_info=&#8221;{}&#8221;][et_pb_column type=&#8221;3_5&#8243; _builder_version=&#8221;4.16&#8243; custom_padding=&#8221;|||&#8221; global_colors_info=&#8221;{}&#8221; custom_padding__hover=&#8221;|||&#8221;][et_pb_text _builder_version=&#8221;4.16&#8243; header_font=&#8221;||||||||&#8221; header_2_font=&#8221;|700|||||||&#8221; header_2_text_color=&#8221;#ffffff&#8221; global_colors_info=&#8221;{}&#8221;]<\/p>\n<h2 class=\"left;\">Haben Sie ein Projekt zur Elektrifizierung von Fahrzeugen? Sie wollen einen Kostenvoranschlag?!<\/h2>\n<p>[\/et_pb_text][et_pb_text _builder_version=&#8221;4.21.0&#8243; text_font=&#8221;|300|||||||&#8221; text_text_color=&#8221;#ffffff&#8221; text_font_size=&#8221;16px&#8221; header_font=&#8221;||||||||&#8221; header_2_font=&#8221;|700|||||||&#8221; header_2_text_color=&#8221;#ffffff&#8221; global_colors_info=&#8221;{}&#8221;]<\/p>\n<p style=\"text-align: left;\">F\u00fcllen Sie das Formular aus, indem Sie auf die nebenstehende Schaltfl\u00e4che klicken, und Sie erhalten schnell ein, Ihren Bed\u00fcrfnissen entsprechendes, Angebot.<\/p>\n<p>[\/et_pb_text][\/et_pb_column][et_pb_column type=&#8221;2_5&#8243; _builder_version=&#8221;4.16&#8243; custom_padding=&#8221;|||&#8221; global_colors_info=&#8221;{}&#8221; custom_padding__hover=&#8221;|||&#8221;][et_pb_button button_url=&#8221;https:\/\/efa-controls.com\/de\/tarifansatz-elektrifizierung\/&#8221; url_new_window=&#8221;on&#8221; button_text=&#8221;Kontaktieren Sie uns!&#8221; _builder_version=&#8221;4.16&#8243; button_text_color=&#8221;#ffffff&#8221; button_font=&#8221;||||||||&#8221; global_colors_info=&#8221;{}&#8221; button_bg_color__hover_enabled=&#8221;on&#8221; button_bg_color__hover=&#8221;#ffffff&#8221; button_text_color__hover_enabled=&#8221;on&#8221; button_text_color__hover=&#8221;#0c71c3&#8243;][\/et_pb_button][\/et_pb_column][\/et_pb_row][\/et_pb_section]<\/p>\n","protected":false},"excerpt":{"rendered":"<p>Differential-AchsenUnsere Produkte efa bietet Ihnen dank seiner langj\u00e4hrigen Partnerschaft mit e-comer Srl. (vormals Benevelli) eine gro\u00dfe Auswahl an Differentialachsen f\u00fcr Elektrofahrzeuge. Dieser Bereich ist unterteilt in TX1 und TX2. Die elektrischen Achsens TX1 sind kompatibel mit einem Fahrzeug bis zu 700Kg. Wenn Ihr Fahrzeug schwerer ist, leiten wir Sie zu einer TX2. Die Achsen bestehen [&hellip;]<\/p>\n","protected":false},"author":2,"featured_media":0,"parent":11736,"menu_order":0,"comment_status":"closed","ping_status":"closed","template":"","meta":{"_et_pb_use_builder":"on","_et_pb_old_content":"","_et_gb_content_width":"","_uf_show_specific_survey":0,"_uf_disable_surveys":false,"footnotes":""},"class_list":["post-8314","page","type-page","status-publish","hentry"],"yoast_head":"<!-- This site is optimized with the Yoast SEO plugin v27.5 - https:\/\/yoast.com\/product\/yoast-seo-wordpress\/ -->\n<title>Differentialachsen - efa, der Elektromotorenspezialist<\/title>\n<meta name=\"description\" content=\"Differentialachsen, efa bietet eine gro\u00dfe Auswahl an Achsen und Achsen f\u00fcr Elektromotoren an: Alle \u00dcbersetzungen, unterst\u00fctzte Gewichte, motorisierte Achsen.\" \/>\n<meta name=\"robots\" content=\"index, follow, max-snippet:-1, max-image-preview:large, max-video-preview:-1\" \/>\n<link rel=\"canonical\" href=\"https:\/\/efa-controls.com\/de\/unsere-loesungen\/elektrifizierung\/elektrischer-antriebsstrang\/differential-achsen\/\" \/>\n<meta property=\"og:locale\" content=\"de_DE\" \/>\n<meta property=\"og:type\" content=\"article\" \/>\n<meta property=\"og:title\" content=\"Differentialachsen - efa, der Elektromotorenspezialist\" \/>\n<meta property=\"og:description\" content=\"Differentialachsen, efa bietet eine gro\u00dfe Auswahl an Achsen und Achsen f\u00fcr Elektromotoren an: Alle \u00dcbersetzungen, unterst\u00fctzte Gewichte, motorisierte Achsen.\" \/>\n<meta property=\"og:url\" content=\"https:\/\/efa-controls.com\/de\/unsere-loesungen\/elektrifizierung\/elektrischer-antriebsstrang\/differential-achsen\/\" \/>\n<meta property=\"og:site_name\" content=\"efa Controls\" \/>\n<meta property=\"article:publisher\" content=\"https:\/\/www.facebook.com\/efaFranceSA\/\" \/>\n<meta property=\"article:modified_time\" content=\"2023-06-14T10:23:37+00:00\" \/>\n<meta name=\"twitter:card\" content=\"summary_large_image\" \/>\n<meta name=\"twitter:site\" content=\"@efa_france\" \/>\n<meta name=\"twitter:label1\" content=\"Gesch\u00e4tzte Lesezeit\" \/>\n\t<meta name=\"twitter:data1\" content=\"4 minutes\" \/>\n<script type=\"application\/ld+json\" class=\"yoast-schema-graph\">{\"@context\":\"https:\\\/\\\/schema.org\",\"@graph\":[{\"@type\":\"WebPage\",\"@id\":\"https:\\\/\\\/efa-controls.com\\\/de\\\/unsere-loesungen\\\/elektrifizierung\\\/elektrischer-antriebsstrang\\\/differential-achsen\\\/\",\"url\":\"https:\\\/\\\/efa-controls.com\\\/de\\\/unsere-loesungen\\\/elektrifizierung\\\/elektrischer-antriebsstrang\\\/differential-achsen\\\/\",\"name\":\"Differentialachsen - efa, der Elektromotorenspezialist\",\"isPartOf\":{\"@id\":\"https:\\\/\\\/efa-controls.com\\\/de\\\/#website\"},\"datePublished\":\"2020-03-09T11:49:38+00:00\",\"dateModified\":\"2023-06-14T10:23:37+00:00\",\"description\":\"Differentialachsen, efa bietet eine gro\u00dfe Auswahl an Achsen und Achsen f\u00fcr Elektromotoren an: Alle \u00dcbersetzungen, unterst\u00fctzte Gewichte, motorisierte Achsen.\",\"breadcrumb\":{\"@id\":\"https:\\\/\\\/efa-controls.com\\\/de\\\/unsere-loesungen\\\/elektrifizierung\\\/elektrischer-antriebsstrang\\\/differential-achsen\\\/#breadcrumb\"},\"inLanguage\":\"de-DE\",\"potentialAction\":[{\"@type\":\"ReadAction\",\"target\":[\"https:\\\/\\\/efa-controls.com\\\/de\\\/unsere-loesungen\\\/elektrifizierung\\\/elektrischer-antriebsstrang\\\/differential-achsen\\\/\"]}]},{\"@type\":\"BreadcrumbList\",\"@id\":\"https:\\\/\\\/efa-controls.com\\\/de\\\/unsere-loesungen\\\/elektrifizierung\\\/elektrischer-antriebsstrang\\\/differential-achsen\\\/#breadcrumb\",\"itemListElement\":[{\"@type\":\"ListItem\",\"position\":1,\"name\":\"Accueil-Home\",\"item\":\"https:\\\/\\\/efa-controls.com\\\/de\\\/\"},{\"@type\":\"ListItem\",\"position\":2,\"name\":\"Unsere L\u00f6sungen\",\"item\":\"https:\\\/\\\/efa-controls.com\\\/de\\\/unsere-loesungen\\\/\"},{\"@type\":\"ListItem\",\"position\":3,\"name\":\"Elektrifizierung\",\"item\":\"https:\\\/\\\/efa-controls.com\\\/de\\\/unsere-loesungen\\\/elektrifizierung\\\/\"},{\"@type\":\"ListItem\",\"position\":4,\"name\":\"Elektrischer Antriebsstrang\",\"item\":\"https:\\\/\\\/efa-controls.com\\\/de\\\/our-solutions\\\/electrification\\\/electric-powertrain\\\/\"},{\"@type\":\"ListItem\",\"position\":5,\"name\":\"Differentialachsen\"}]},{\"@type\":\"WebSite\",\"@id\":\"https:\\\/\\\/efa-controls.com\\\/de\\\/#website\",\"url\":\"https:\\\/\\\/efa-controls.com\\\/de\\\/\",\"name\":\"efa Controls\",\"description\":\"Bureau d&#039;\u00e9tude pour v\u00e9hicules industriels\",\"publisher\":{\"@id\":\"https:\\\/\\\/efa-controls.com\\\/de\\\/#organization\"},\"potentialAction\":[{\"@type\":\"SearchAction\",\"target\":{\"@type\":\"EntryPoint\",\"urlTemplate\":\"https:\\\/\\\/efa-controls.com\\\/de\\\/?s={search_term_string}\"},\"query-input\":{\"@type\":\"PropertyValueSpecification\",\"valueRequired\":true,\"valueName\":\"search_term_string\"}}],\"inLanguage\":\"de-DE\"},{\"@type\":\"Organization\",\"@id\":\"https:\\\/\\\/efa-controls.com\\\/de\\\/#organization\",\"name\":\"efa Controls\",\"url\":\"https:\\\/\\\/efa-controls.com\\\/de\\\/\",\"logo\":{\"@type\":\"ImageObject\",\"inLanguage\":\"de-DE\",\"@id\":\"https:\\\/\\\/efa-controls.com\\\/de\\\/#\\\/schema\\\/logo\\\/image\\\/\",\"url\":\"https:\\\/\\\/efa-controls.com\\\/wp-content\\\/uploads\\\/2023\\\/05\\\/logo-bleu.png\",\"contentUrl\":\"https:\\\/\\\/efa-controls.com\\\/wp-content\\\/uploads\\\/2023\\\/05\\\/logo-bleu.png\",\"width\":408,\"height\":288,\"caption\":\"efa Controls\"},\"image\":{\"@id\":\"https:\\\/\\\/efa-controls.com\\\/de\\\/#\\\/schema\\\/logo\\\/image\\\/\"},\"sameAs\":[\"https:\\\/\\\/www.facebook.com\\\/efaFranceSA\\\/\",\"https:\\\/\\\/x.com\\\/efa_france\",\"https:\\\/\\\/www.instagram.com\\\/efafrance\\\/\",\"https:\\\/\\\/www.linkedin.com\\\/company\\\/efa-france\",\"https:\\\/\\\/www.youtube.com\\\/user\\\/EFAControls\"]}]}<\/script>\n<!-- \/ Yoast SEO plugin. -->","yoast_head_json":{"title":"Differentialachsen - efa, der Elektromotorenspezialist","description":"Differentialachsen, efa bietet eine gro\u00dfe Auswahl an Achsen und Achsen f\u00fcr Elektromotoren an: Alle \u00dcbersetzungen, unterst\u00fctzte Gewichte, motorisierte Achsen.","robots":{"index":"index","follow":"follow","max-snippet":"max-snippet:-1","max-image-preview":"max-image-preview:large","max-video-preview":"max-video-preview:-1"},"canonical":"https:\/\/efa-controls.com\/de\/unsere-loesungen\/elektrifizierung\/elektrischer-antriebsstrang\/differential-achsen\/","og_locale":"de_DE","og_type":"article","og_title":"Differentialachsen - efa, der Elektromotorenspezialist","og_description":"Differentialachsen, efa bietet eine gro\u00dfe Auswahl an Achsen und Achsen f\u00fcr Elektromotoren an: Alle \u00dcbersetzungen, unterst\u00fctzte Gewichte, motorisierte Achsen.","og_url":"https:\/\/efa-controls.com\/de\/unsere-loesungen\/elektrifizierung\/elektrischer-antriebsstrang\/differential-achsen\/","og_site_name":"efa Controls","article_publisher":"https:\/\/www.facebook.com\/efaFranceSA\/","article_modified_time":"2023-06-14T10:23:37+00:00","twitter_card":"summary_large_image","twitter_site":"@efa_france","twitter_misc":{"Gesch\u00e4tzte Lesezeit":"4 minutes"},"schema":{"@context":"https:\/\/schema.org","@graph":[{"@type":"WebPage","@id":"https:\/\/efa-controls.com\/de\/unsere-loesungen\/elektrifizierung\/elektrischer-antriebsstrang\/differential-achsen\/","url":"https:\/\/efa-controls.com\/de\/unsere-loesungen\/elektrifizierung\/elektrischer-antriebsstrang\/differential-achsen\/","name":"Differentialachsen - efa, der Elektromotorenspezialist","isPartOf":{"@id":"https:\/\/efa-controls.com\/de\/#website"},"datePublished":"2020-03-09T11:49:38+00:00","dateModified":"2023-06-14T10:23:37+00:00","description":"Differentialachsen, efa bietet eine gro\u00dfe Auswahl an Achsen und Achsen f\u00fcr Elektromotoren an: Alle \u00dcbersetzungen, unterst\u00fctzte Gewichte, motorisierte Achsen.","breadcrumb":{"@id":"https:\/\/efa-controls.com\/de\/unsere-loesungen\/elektrifizierung\/elektrischer-antriebsstrang\/differential-achsen\/#breadcrumb"},"inLanguage":"de-DE","potentialAction":[{"@type":"ReadAction","target":["https:\/\/efa-controls.com\/de\/unsere-loesungen\/elektrifizierung\/elektrischer-antriebsstrang\/differential-achsen\/"]}]},{"@type":"BreadcrumbList","@id":"https:\/\/efa-controls.com\/de\/unsere-loesungen\/elektrifizierung\/elektrischer-antriebsstrang\/differential-achsen\/#breadcrumb","itemListElement":[{"@type":"ListItem","position":1,"name":"Accueil-Home","item":"https:\/\/efa-controls.com\/de\/"},{"@type":"ListItem","position":2,"name":"Unsere L\u00f6sungen","item":"https:\/\/efa-controls.com\/de\/unsere-loesungen\/"},{"@type":"ListItem","position":3,"name":"Elektrifizierung","item":"https:\/\/efa-controls.com\/de\/unsere-loesungen\/elektrifizierung\/"},{"@type":"ListItem","position":4,"name":"Elektrischer Antriebsstrang","item":"https:\/\/efa-controls.com\/de\/our-solutions\/electrification\/electric-powertrain\/"},{"@type":"ListItem","position":5,"name":"Differentialachsen"}]},{"@type":"WebSite","@id":"https:\/\/efa-controls.com\/de\/#website","url":"https:\/\/efa-controls.com\/de\/","name":"efa Controls","description":"Bureau d&#039;\u00e9tude pour v\u00e9hicules industriels","publisher":{"@id":"https:\/\/efa-controls.com\/de\/#organization"},"potentialAction":[{"@type":"SearchAction","target":{"@type":"EntryPoint","urlTemplate":"https:\/\/efa-controls.com\/de\/?s={search_term_string}"},"query-input":{"@type":"PropertyValueSpecification","valueRequired":true,"valueName":"search_term_string"}}],"inLanguage":"de-DE"},{"@type":"Organization","@id":"https:\/\/efa-controls.com\/de\/#organization","name":"efa Controls","url":"https:\/\/efa-controls.com\/de\/","logo":{"@type":"ImageObject","inLanguage":"de-DE","@id":"https:\/\/efa-controls.com\/de\/#\/schema\/logo\/image\/","url":"https:\/\/efa-controls.com\/wp-content\/uploads\/2023\/05\/logo-bleu.png","contentUrl":"https:\/\/efa-controls.com\/wp-content\/uploads\/2023\/05\/logo-bleu.png","width":408,"height":288,"caption":"efa Controls"},"image":{"@id":"https:\/\/efa-controls.com\/de\/#\/schema\/logo\/image\/"},"sameAs":["https:\/\/www.facebook.com\/efaFranceSA\/","https:\/\/x.com\/efa_france","https:\/\/www.instagram.com\/efafrance\/","https:\/\/www.linkedin.com\/company\/efa-france","https:\/\/www.youtube.com\/user\/EFAControls"]}]}},"_links":{"self":[{"href":"https:\/\/efa-controls.com\/de\/wp-json\/wp\/v2\/pages\/8314","targetHints":{"allow":["GET"]}}],"collection":[{"href":"https:\/\/efa-controls.com\/de\/wp-json\/wp\/v2\/pages"}],"about":[{"href":"https:\/\/efa-controls.com\/de\/wp-json\/wp\/v2\/types\/page"}],"author":[{"embeddable":true,"href":"https:\/\/efa-controls.com\/de\/wp-json\/wp\/v2\/users\/2"}],"replies":[{"embeddable":true,"href":"https:\/\/efa-controls.com\/de\/wp-json\/wp\/v2\/comments?post=8314"}],"version-history":[{"count":57,"href":"https:\/\/efa-controls.com\/de\/wp-json\/wp\/v2\/pages\/8314\/revisions"}],"predecessor-version":[{"id":23361,"href":"https:\/\/efa-controls.com\/de\/wp-json\/wp\/v2\/pages\/8314\/revisions\/23361"}],"up":[{"embeddable":true,"href":"https:\/\/efa-controls.com\/de\/wp-json\/wp\/v2\/pages\/11736"}],"wp:attachment":[{"href":"https:\/\/efa-controls.com\/de\/wp-json\/wp\/v2\/media?parent=8314"}],"curies":[{"name":"wp","href":"https:\/\/api.w.org\/{rel}","templated":true}]}}