{"id":8306,"date":"2020-03-09T12:45:54","date_gmt":"2020-03-09T11:45:54","guid":{"rendered":"https:\/\/efa-controls.com\/elektrische-antriebe-regler\/"},"modified":"2025-03-12T09:27:25","modified_gmt":"2025-03-12T08:27:25","slug":"motorcontrollern","status":"publish","type":"page","link":"https:\/\/efa-controls.com\/de\/unsere-loesungen\/elektrifizierung\/motorcontrollern\/","title":{"rendered":"Motorcontrollern"},"content":{"rendered":"<p>[et_pb_section fb_built=&#8221;1&#8243; admin_label=&#8221;Section&#8221; _builder_version=&#8221;4.19.2&#8243; _module_preset=&#8221;default&#8221; background_enable_image=&#8221;off&#8221; custom_margin=&#8221;0px||0px||true|false&#8221; custom_padding=&#8221;0px||0px||true|false&#8221; global_colors_info=&#8221;{}&#8221;][et_pb_row admin_label=&#8221;Linie&#8221; _builder_version=&#8221;4.23.1&#8243; _module_preset=&#8221;default&#8221; background_image=&#8221;https:\/\/efa-controls.com\/wp-content\/uploads\/2023\/11\/Slider-siteweb-Variateur.jpg&#8221; width=&#8221;100%&#8221; max_width=&#8221;2560px&#8221; custom_margin=&#8221;0px||||false|false&#8221; global_colors_info=&#8221;{}&#8221;][et_pb_column type=&#8221;4_4&#8243; _builder_version=&#8221;4.19.0&#8243; _module_preset=&#8221;default&#8221; global_colors_info=&#8221;{}&#8221;][et_pb_text _builder_version=&#8221;4.23.1&#8243; _module_preset=&#8221;default&#8221; text_font=&#8221;||||||||&#8221; text_font_size=&#8221;77px&#8221; header_font=&#8221;Open Sans|700|||||||&#8221; header_text_align=&#8221;left&#8221; header_font_size=&#8221;70px&#8221; background_image=&#8221;https:\/\/efa-controls.com\/wp-content\/uploads\/2022\/07\/Fichier-3.png&#8221; parallax=&#8221;on&#8221; parallax_method=&#8221;off&#8221; background_blend=&#8221;overlay&#8221; custom_margin=&#8221;-25px||||false|false&#8221; custom_margin_tablet=&#8221;-25px||||false|false&#8221; custom_margin_phone=&#8221;-25px||||false|false&#8221; custom_margin_last_edited=&#8221;on|desktop&#8221; custom_padding=&#8221;150px|123px|150px|123px|true|true&#8221; custom_padding_tablet=&#8221;&#8221; custom_padding_phone=&#8221;|23px||23px|true|true&#8221; custom_padding_last_edited=&#8221;on|phone&#8221; header_font_size_tablet=&#8221;70px&#8221; header_font_size_phone=&#8221;45px&#8221; header_font_size_last_edited=&#8221;on|desktop&#8221; text_text_shadow_style=&#8221;preset3&#8243; text_text_shadow_blur_strength=&#8221;0em&#8221; global_colors_info=&#8221;{}&#8221;]<\/p>\n<h1><span style=\"color: #000000;\"><strong>Motorcontrollern<\/strong><\/span><\/h1>\n<p>[\/et_pb_text][et_pb_icon font_icon=&#8221;&#xf103;||fa||900&#8243; icon_color=&#8221;#0C71C3&#8243; icon_width=&#8221;131px&#8221; disabled_on=&#8221;on|off|off&#8221; _builder_version=&#8221;4.19.1&#8243; _module_preset=&#8221;default&#8221; positioning=&#8221;relative&#8221; vertical_offset=&#8221;59px&#8221; custom_margin=&#8221;-120px||||false|false&#8221; animation_style=&#8221;bounce&#8221; animation_direction=&#8221;top&#8221; custom_css_icon_element=&#8221;opacity: 0.5;&#8221; global_colors_info=&#8221;{}&#8221;][\/et_pb_icon][\/et_pb_column][\/et_pb_row][et_pb_row _builder_version=&#8221;4.19.2&#8243; _module_preset=&#8221;default&#8221; min_height=&#8221;140.5px&#8221; global_colors_info=&#8221;{}&#8221;][et_pb_column type=&#8221;4_4&#8243; _builder_version=&#8221;4.19.2&#8243; _module_preset=&#8221;default&#8221; global_colors_info=&#8221;{}&#8221;][lwp_divi_breadcrumbs _builder_version=&#8221;4.19.2&#8243; _module_preset=&#8221;default&#8221; global_colors_info=&#8221;{}&#8221;][\/lwp_divi_breadcrumbs][et_pb_text _builder_version=&#8221;4.27.4&#8243; _module_preset=&#8221;default&#8221; header_text_color=&#8221;#555555&#8243; custom_padding=&#8221;0px|||||&#8221; global_colors_info=&#8221;{}&#8221;]<\/p>\n<blockquote>\n<h2 style=\"text-align: left;\">Unser Angebot an Motorcontrollern f\u00fcr AC- und DC-Motoren<\/h2>\n<\/blockquote>\n<p>[\/et_pb_text][et_pb_text _builder_version=&#8221;4.23.1&#8243; custom_padding=&#8221;||0px|||&#8221; global_colors_info=&#8221;{}&#8221;]<\/p>\n<p>Elektrische Drehzahlregler f\u00fcr Elektromotoren sind lebenswichtige Elemente f\u00fcr jedes Fahrzeug mit elektrischem Antrieb. Sie erm\u00f6glichen es, die Geschwindigkeit, das Drehmoment und die Position des Motors je nach den Bed\u00fcrfnissen des Fahrzeugs zu variieren.<\/p>\n<p>Als Spezialist f\u00fcr die Elektrifizierung und Hybridisierung Ihrer Offroad-Fahrzeuge bietet efa eine breite Palette von Motorsteuerungen an.<\/p>\n<p>Je nach verwendeter Technologie und allgemein je nach den Funktionen und der Architektur Ihrer Maschine ber\u00e4t Sie efa bei der Auswahl der Produkte und ihrer Programmierung. Ein Regler ist das Herzst\u00fcck Ihres Antriebsstrangs und kann nur dann effizient arbeiten, wenn er so ausgew\u00e4hlt und programmiert wird, dass er mit allen Anforderungen Ihres Antriebsstrangs kompatibel ist.<\/p>\n<p>Ob wir Ihnen einen kompletten Antriebsstrang oder ein einzelnes Produkt liefern, efa unterst\u00fctzt Sie mit Schulungen zur Programmierung und Dimensionierung Ihres Antriebsstrangs.<\/p>\n<p>[\/et_pb_text][\/et_pb_column][\/et_pb_row][et_pb_row column_structure=&#8221;1_3,1_3,1_3&#8243; _builder_version=&#8221;4.27.4&#8243; _module_preset=&#8221;default&#8221; global_colors_info=&#8221;{}&#8221;][et_pb_column type=&#8221;1_3&#8243; _builder_version=&#8221;4.21.0&#8243; _module_preset=&#8221;default&#8221; global_colors_info=&#8221;{}&#8221;][et_pb_button button_url=&#8221;@ET-DC@eyJkeW5hbWljIjp0cnVlLCJjb250ZW50IjoicG9zdF9saW5rX3VybF9wYWdlIiwic2V0dGluZ3MiOnsicG9zdF9pZCI6IjIzMjgxIn19@&#8221; button_text=&#8221;@ET-DC@eyJkeW5hbWljIjp0cnVlLCJjb250ZW50IjoicG9zdF9saW5rIiwic2V0dGluZ3MiOnsiYmVmb3JlIjoiTmllZGVyc3Bhbm51bmdzLUFDLVVtcmljaHRlciIsImFmdGVyIjoiIiwidGV4dCI6ImN1c3RvbSIsImN1c3RvbV90ZXh0IjoiIn19@&#8221; _builder_version=&#8221;4.27.4&#8243; _dynamic_attributes=&#8221;button_text,button_url&#8221; _module_preset=&#8221;default&#8221; button_bg_color=&#8221;#0C71C3&#8243; global_colors_info=&#8221;{}&#8221;][\/et_pb_button][\/et_pb_column][et_pb_column type=&#8221;1_3&#8243; _builder_version=&#8221;4.27.4&#8243; _module_preset=&#8221;default&#8221; global_colors_info=&#8221;{}&#8221;][et_pb_button button_url=&#8221;@ET-DC@eyJkeW5hbWljIjp0cnVlLCJjb250ZW50IjoicG9zdF9saW5rX3VybF9wYWdlIiwic2V0dGluZ3MiOnsicG9zdF9pZCI6IjI5OTAwIn19@&#8221; button_text=&#8221;@ET-DC@eyJkeW5hbWljIjp0cnVlLCJjb250ZW50IjoicG9zdF9saW5rIiwic2V0dGluZ3MiOnsiYmVmb3JlIjoiSG9jaHNwYW5udW5ncy1BQy1VbXJpY2h0ZXIiLCJhZnRlciI6IiIsInRleHQiOiJjdXN0b20iLCJjdXN0b21fdGV4dCI6IiJ9fQ==@&#8221; _builder_version=&#8221;4.27.4&#8243; _dynamic_attributes=&#8221;button_text,button_url&#8221; _module_preset=&#8221;default&#8221; button_bg_color=&#8221;#0C71C3&#8243; custom_margin=&#8221;|-55px|||false|false&#8221; global_colors_info=&#8221;{}&#8221;][\/et_pb_button][\/et_pb_column][et_pb_column type=&#8221;1_3&#8243; _builder_version=&#8221;4.21.0&#8243; _module_preset=&#8221;default&#8221; global_colors_info=&#8221;{}&#8221;][et_pb_button button_url=&#8221;@ET-DC@eyJkeW5hbWljIjp0cnVlLCJjb250ZW50IjoicG9zdF9saW5rX3VybF9wYWdlIiwic2V0dGluZ3MiOnsicG9zdF9pZCI6IjMwNzg2In19@&#8221; button_text=&#8221;@ET-DC@eyJkeW5hbWljIjp0cnVlLCJjb250ZW50IjoicG9zdF9saW5rIiwic2V0dGluZ3MiOnsiYmVmb3JlIjoiREMtQW50cmllYmUiLCJhZnRlciI6IiIsInRleHQiOiJjdXN0b20iLCJjdXN0b21fdGV4dCI6IiJ9fQ==@&#8221; _builder_version=&#8221;4.27.4&#8243; _dynamic_attributes=&#8221;button_text,button_url&#8221; _module_preset=&#8221;default&#8221; button_bg_color=&#8221;#0C71C3&#8243; global_colors_info=&#8221;{}&#8221;][\/et_pb_button][\/et_pb_column][\/et_pb_row][et_pb_row _builder_version=&#8221;4.27.4&#8243; _module_preset=&#8221;default&#8221; global_colors_info=&#8221;{}&#8221;][et_pb_column type=&#8221;4_4&#8243; _builder_version=&#8221;4.27.4&#8243; _module_preset=&#8221;default&#8221; global_colors_info=&#8221;{}&#8221;][dsm_button button_one_text=&#8221;Fordern Sie ein Angebot an &#8211; Elektrifizierung &#8221; button_one_url=&#8221;@ET-DC@eyJkeW5hbWljIjp0cnVlLCJjb250ZW50IjoicG9zdF9saW5rX3VybF9wYWdlIiwic2V0dGluZ3MiOnsicG9zdF9pZCI6IjgyNDIifX0=@&#8221; button_alignment=&#8221;center&#8221; separator_gap=&#8221;17px&#8221; _builder_version=&#8221;4.27.4&#8243; _dynamic_attributes=&#8221;button_one_url&#8221; _module_preset=&#8221;default&#8221; separator_text_text_align=&#8221;left&#8221; custom_button_one=&#8221;on&#8221; button_one_text_color=&#8221;#FFFFFF&#8221; button_one_bg_color=&#8221;#e35210&#8243; button_one_border_radius=&#8221;20px&#8221; custom_margin=&#8221;|0px||0px|false|false&#8221; custom_padding=&#8221;23px|||||&#8221; saved_tabs=&#8221;all&#8221; global_colors_info=&#8221;{}&#8221;][\/dsm_button][\/et_pb_column][\/et_pb_row][\/et_pb_section]<\/p>\n","protected":false},"excerpt":{"rendered":"<p>Motorcontrollern<div class=\"et_pb_module lwp_divi_breadcrumbs lwp_divi_breadcrumbs_0\">\n\t\t\t\t\n\t\t\t\t\n\t\t\t\t\n\t\t\t\t\n\t\t\t\t\n\t\t\t\t\n\t\t\t\t<div class=\"et_pb_module_inner\">\n\t\t\t\t\t<div class=\"lwp-breadcrumbs\"> <span class=\"before\"><\/span> <span vocab=\"https:\/\/schema.org\/\" typeof=\"BreadcrumbList\"><span property=\"itemListElement\" typeof=\"ListItem\"><a property=\"item\" typeof=\"WebPage\" href=\"https:\/\/efa-controls.com\/de\/\" class=\"home\"><span property=\"name\">Home<\/span><\/a><meta property=\"position\" content=\"1\"><\/span> <span class=\"separator et-pb-icon\">9<\/span> <\/span><\/div>\n\t\t\t\t<\/div>\n\t\t\t<\/div> Unser Angebot an Motorcontrollern f\u00fcr AC- und DC-Motoren Elektrische Drehzahlregler f\u00fcr Elektromotoren sind lebenswichtige Elemente f\u00fcr jedes Fahrzeug mit elektrischem Antrieb. Sie erm\u00f6glichen es, die Geschwindigkeit, das Drehmoment und die Position des Motors je nach den Bed\u00fcrfnissen des Fahrzeugs zu variieren. Als Spezialist f\u00fcr die Elektrifizierung und Hybridisierung Ihrer Offroad-Fahrzeuge bietet [&hellip;]<\/p>\n","protected":false},"author":2,"featured_media":0,"parent":21615,"menu_order":0,"comment_status":"closed","ping_status":"closed","template":"","meta":{"_et_pb_use_builder":"on","_et_pb_old_content":"","_et_gb_content_width":"","_uf_show_specific_survey":0,"_uf_disable_surveys":false,"footnotes":""},"class_list":["post-8306","page","type-page","status-publish","hentry"],"yoast_head":"<!-- This site is optimized with the Yoast SEO plugin v27.4 - https:\/\/yoast.com\/product\/yoast-seo-wordpress\/ -->\n<title>MotorisierungsspezialistMotorcontrollern f\u00fcr AC- und DC-Motore<\/title>\n<meta name=\"description\" content=\"Elektrische Drehzahlregler f\u00fcr Elektromotoren sind lebenswichtige Elemente f\u00fcr jedes Fahrzeug mit elektrischem Antrieb.\" \/>\n<meta name=\"robots\" content=\"index, follow, max-snippet:-1, max-image-preview:large, max-video-preview:-1\" \/>\n<link rel=\"canonical\" href=\"https:\/\/efa-controls.com\/de\/unsere-loesungen\/elektrifizierung\/motorcontrollern\/\" \/>\n<meta property=\"og:locale\" content=\"de_DE\" \/>\n<meta property=\"og:type\" content=\"article\" \/>\n<meta property=\"og:title\" content=\"MotorisierungsspezialistMotorcontrollern f\u00fcr AC- und DC-Motore\" \/>\n<meta property=\"og:description\" content=\"Elektrische Drehzahlregler f\u00fcr Elektromotoren sind lebenswichtige Elemente f\u00fcr jedes Fahrzeug mit elektrischem Antrieb.\" \/>\n<meta property=\"og:url\" content=\"https:\/\/efa-controls.com\/de\/unsere-loesungen\/elektrifizierung\/motorcontrollern\/\" \/>\n<meta property=\"og:site_name\" content=\"efa Controls\" \/>\n<meta property=\"article:publisher\" content=\"https:\/\/www.facebook.com\/efaFranceSA\/\" \/>\n<meta property=\"article:modified_time\" content=\"2025-03-12T08:27:25+00:00\" \/>\n<meta name=\"twitter:card\" content=\"summary_large_image\" \/>\n<meta name=\"twitter:site\" content=\"@efa_france\" \/>\n<meta name=\"twitter:label1\" content=\"Gesch\u00e4tzte Lesezeit\" \/>\n\t<meta name=\"twitter:data1\" content=\"1 minute\" \/>\n<script type=\"application\/ld+json\" class=\"yoast-schema-graph\">{\"@context\":\"https:\\\/\\\/schema.org\",\"@graph\":[{\"@type\":\"WebPage\",\"@id\":\"https:\\\/\\\/efa-controls.com\\\/de\\\/unsere-loesungen\\\/elektrifizierung\\\/motorcontrollern\\\/\",\"url\":\"https:\\\/\\\/efa-controls.com\\\/de\\\/unsere-loesungen\\\/elektrifizierung\\\/motorcontrollern\\\/\",\"name\":\"MotorisierungsspezialistMotorcontrollern f\u00fcr AC- und DC-Motore\",\"isPartOf\":{\"@id\":\"https:\\\/\\\/efa-controls.com\\\/de\\\/#website\"},\"datePublished\":\"2020-03-09T11:45:54+00:00\",\"dateModified\":\"2025-03-12T08:27:25+00:00\",\"description\":\"Elektrische Drehzahlregler f\u00fcr Elektromotoren sind lebenswichtige Elemente f\u00fcr jedes Fahrzeug mit elektrischem Antrieb.\",\"breadcrumb\":{\"@id\":\"https:\\\/\\\/efa-controls.com\\\/de\\\/unsere-loesungen\\\/elektrifizierung\\\/motorcontrollern\\\/#breadcrumb\"},\"inLanguage\":\"de-DE\",\"potentialAction\":[{\"@type\":\"ReadAction\",\"target\":[\"https:\\\/\\\/efa-controls.com\\\/de\\\/unsere-loesungen\\\/elektrifizierung\\\/motorcontrollern\\\/\"]}]},{\"@type\":\"BreadcrumbList\",\"@id\":\"https:\\\/\\\/efa-controls.com\\\/de\\\/unsere-loesungen\\\/elektrifizierung\\\/motorcontrollern\\\/#breadcrumb\",\"itemListElement\":[{\"@type\":\"ListItem\",\"position\":1,\"name\":\"Accueil-Home\",\"item\":\"https:\\\/\\\/efa-controls.com\\\/de\\\/\"},{\"@type\":\"ListItem\",\"position\":2,\"name\":\"Unsere L\u00f6sungen\",\"item\":\"https:\\\/\\\/efa-controls.com\\\/de\\\/unsere-loesungen\\\/\"},{\"@type\":\"ListItem\",\"position\":3,\"name\":\"Elektrifizierung\",\"item\":\"https:\\\/\\\/efa-controls.com\\\/de\\\/unsere-loesungen\\\/elektrifizierung\\\/\"},{\"@type\":\"ListItem\",\"position\":4,\"name\":\"Motorcontrollern\"}]},{\"@type\":\"WebSite\",\"@id\":\"https:\\\/\\\/efa-controls.com\\\/de\\\/#website\",\"url\":\"https:\\\/\\\/efa-controls.com\\\/de\\\/\",\"name\":\"efa Controls\",\"description\":\"Bureau d&#039;\u00e9tude pour v\u00e9hicules industriels\",\"publisher\":{\"@id\":\"https:\\\/\\\/efa-controls.com\\\/de\\\/#organization\"},\"potentialAction\":[{\"@type\":\"SearchAction\",\"target\":{\"@type\":\"EntryPoint\",\"urlTemplate\":\"https:\\\/\\\/efa-controls.com\\\/de\\\/?s={search_term_string}\"},\"query-input\":{\"@type\":\"PropertyValueSpecification\",\"valueRequired\":true,\"valueName\":\"search_term_string\"}}],\"inLanguage\":\"de-DE\"},{\"@type\":\"Organization\",\"@id\":\"https:\\\/\\\/efa-controls.com\\\/de\\\/#organization\",\"name\":\"efa Controls\",\"url\":\"https:\\\/\\\/efa-controls.com\\\/de\\\/\",\"logo\":{\"@type\":\"ImageObject\",\"inLanguage\":\"de-DE\",\"@id\":\"https:\\\/\\\/efa-controls.com\\\/de\\\/#\\\/schema\\\/logo\\\/image\\\/\",\"url\":\"https:\\\/\\\/efa-controls.com\\\/wp-content\\\/uploads\\\/2023\\\/05\\\/logo-bleu.png\",\"contentUrl\":\"https:\\\/\\\/efa-controls.com\\\/wp-content\\\/uploads\\\/2023\\\/05\\\/logo-bleu.png\",\"width\":408,\"height\":288,\"caption\":\"efa Controls\"},\"image\":{\"@id\":\"https:\\\/\\\/efa-controls.com\\\/de\\\/#\\\/schema\\\/logo\\\/image\\\/\"},\"sameAs\":[\"https:\\\/\\\/www.facebook.com\\\/efaFranceSA\\\/\",\"https:\\\/\\\/x.com\\\/efa_france\",\"https:\\\/\\\/www.instagram.com\\\/efafrance\\\/\",\"https:\\\/\\\/www.linkedin.com\\\/company\\\/efa-france\",\"https:\\\/\\\/www.youtube.com\\\/user\\\/EFAControls\"]}]}<\/script>\n<!-- \/ Yoast SEO plugin. -->","yoast_head_json":{"title":"MotorisierungsspezialistMotorcontrollern f\u00fcr AC- und DC-Motore","description":"Elektrische Drehzahlregler f\u00fcr Elektromotoren sind lebenswichtige Elemente f\u00fcr jedes Fahrzeug mit elektrischem Antrieb.","robots":{"index":"index","follow":"follow","max-snippet":"max-snippet:-1","max-image-preview":"max-image-preview:large","max-video-preview":"max-video-preview:-1"},"canonical":"https:\/\/efa-controls.com\/de\/unsere-loesungen\/elektrifizierung\/motorcontrollern\/","og_locale":"de_DE","og_type":"article","og_title":"MotorisierungsspezialistMotorcontrollern f\u00fcr AC- und DC-Motore","og_description":"Elektrische Drehzahlregler f\u00fcr Elektromotoren sind lebenswichtige Elemente f\u00fcr jedes Fahrzeug mit elektrischem Antrieb.","og_url":"https:\/\/efa-controls.com\/de\/unsere-loesungen\/elektrifizierung\/motorcontrollern\/","og_site_name":"efa Controls","article_publisher":"https:\/\/www.facebook.com\/efaFranceSA\/","article_modified_time":"2025-03-12T08:27:25+00:00","twitter_card":"summary_large_image","twitter_site":"@efa_france","twitter_misc":{"Gesch\u00e4tzte Lesezeit":"1 minute"},"schema":{"@context":"https:\/\/schema.org","@graph":[{"@type":"WebPage","@id":"https:\/\/efa-controls.com\/de\/unsere-loesungen\/elektrifizierung\/motorcontrollern\/","url":"https:\/\/efa-controls.com\/de\/unsere-loesungen\/elektrifizierung\/motorcontrollern\/","name":"MotorisierungsspezialistMotorcontrollern f\u00fcr AC- und DC-Motore","isPartOf":{"@id":"https:\/\/efa-controls.com\/de\/#website"},"datePublished":"2020-03-09T11:45:54+00:00","dateModified":"2025-03-12T08:27:25+00:00","description":"Elektrische Drehzahlregler f\u00fcr Elektromotoren sind lebenswichtige Elemente f\u00fcr jedes Fahrzeug mit elektrischem Antrieb.","breadcrumb":{"@id":"https:\/\/efa-controls.com\/de\/unsere-loesungen\/elektrifizierung\/motorcontrollern\/#breadcrumb"},"inLanguage":"de-DE","potentialAction":[{"@type":"ReadAction","target":["https:\/\/efa-controls.com\/de\/unsere-loesungen\/elektrifizierung\/motorcontrollern\/"]}]},{"@type":"BreadcrumbList","@id":"https:\/\/efa-controls.com\/de\/unsere-loesungen\/elektrifizierung\/motorcontrollern\/#breadcrumb","itemListElement":[{"@type":"ListItem","position":1,"name":"Accueil-Home","item":"https:\/\/efa-controls.com\/de\/"},{"@type":"ListItem","position":2,"name":"Unsere L\u00f6sungen","item":"https:\/\/efa-controls.com\/de\/unsere-loesungen\/"},{"@type":"ListItem","position":3,"name":"Elektrifizierung","item":"https:\/\/efa-controls.com\/de\/unsere-loesungen\/elektrifizierung\/"},{"@type":"ListItem","position":4,"name":"Motorcontrollern"}]},{"@type":"WebSite","@id":"https:\/\/efa-controls.com\/de\/#website","url":"https:\/\/efa-controls.com\/de\/","name":"efa Controls","description":"Bureau d&#039;\u00e9tude pour v\u00e9hicules industriels","publisher":{"@id":"https:\/\/efa-controls.com\/de\/#organization"},"potentialAction":[{"@type":"SearchAction","target":{"@type":"EntryPoint","urlTemplate":"https:\/\/efa-controls.com\/de\/?s={search_term_string}"},"query-input":{"@type":"PropertyValueSpecification","valueRequired":true,"valueName":"search_term_string"}}],"inLanguage":"de-DE"},{"@type":"Organization","@id":"https:\/\/efa-controls.com\/de\/#organization","name":"efa Controls","url":"https:\/\/efa-controls.com\/de\/","logo":{"@type":"ImageObject","inLanguage":"de-DE","@id":"https:\/\/efa-controls.com\/de\/#\/schema\/logo\/image\/","url":"https:\/\/efa-controls.com\/wp-content\/uploads\/2023\/05\/logo-bleu.png","contentUrl":"https:\/\/efa-controls.com\/wp-content\/uploads\/2023\/05\/logo-bleu.png","width":408,"height":288,"caption":"efa Controls"},"image":{"@id":"https:\/\/efa-controls.com\/de\/#\/schema\/logo\/image\/"},"sameAs":["https:\/\/www.facebook.com\/efaFranceSA\/","https:\/\/x.com\/efa_france","https:\/\/www.instagram.com\/efafrance\/","https:\/\/www.linkedin.com\/company\/efa-france","https:\/\/www.youtube.com\/user\/EFAControls"]}]}},"_links":{"self":[{"href":"https:\/\/efa-controls.com\/de\/wp-json\/wp\/v2\/pages\/8306","targetHints":{"allow":["GET"]}}],"collection":[{"href":"https:\/\/efa-controls.com\/de\/wp-json\/wp\/v2\/pages"}],"about":[{"href":"https:\/\/efa-controls.com\/de\/wp-json\/wp\/v2\/types\/page"}],"author":[{"embeddable":true,"href":"https:\/\/efa-controls.com\/de\/wp-json\/wp\/v2\/users\/2"}],"replies":[{"embeddable":true,"href":"https:\/\/efa-controls.com\/de\/wp-json\/wp\/v2\/comments?post=8306"}],"version-history":[{"count":45,"href":"https:\/\/efa-controls.com\/de\/wp-json\/wp\/v2\/pages\/8306\/revisions"}],"predecessor-version":[{"id":31210,"href":"https:\/\/efa-controls.com\/de\/wp-json\/wp\/v2\/pages\/8306\/revisions\/31210"}],"up":[{"embeddable":true,"href":"https:\/\/efa-controls.com\/de\/wp-json\/wp\/v2\/pages\/21615"}],"wp:attachment":[{"href":"https:\/\/efa-controls.com\/de\/wp-json\/wp\/v2\/media?parent=8306"}],"curies":[{"name":"wp","href":"https:\/\/api.w.org\/{rel}","templated":true}]}}