{"id":8294,"date":"2020-03-09T12:40:26","date_gmt":"2020-03-09T11:40:26","guid":{"rendered":"https:\/\/efa-controls.com\/funksteuerung\/industrielle-funksteuerungen\/"},"modified":"2021-03-24T08:47:40","modified_gmt":"2021-03-24T07:47:40","slug":"industrielle-funksteuerungen","status":"publish","type":"page","link":"https:\/\/efa-controls.com\/de\/funksteuerung\/industrielle-funksteuerungen\/","title":{"rendered":"Industrielle Funksteuerungen"},"content":{"rendered":"<p>[et_pb_section fb_built=&#8221;1&#8243; _builder_version=&#8221;3.24&#8243; background_color=&#8221;#333333&#8243; custom_padding=&#8221;8px||25px|||&#8221;][et_pb_row _builder_version=&#8221;3.25&#8243; custom_padding=&#8221;23px||3px|||&#8221;][et_pb_column type=&#8221;4_4&#8243; _builder_version=&#8221;3.25&#8243; custom_padding=&#8221;|||&#8221; custom_padding__hover=&#8221;|||&#8221;][et_pb_text _builder_version=&#8221;4.6.1&#8243; header_font=&#8221;||||||||&#8221; header_text_color=&#8221;#ffffff&#8221; custom_margin=&#8221;||14px|||&#8221;]<\/p>\n<h1 class=\"vc_custom_heading\" style=\"text-align: center;\">Funksteuerungen f\u00fcr die Industrie<\/h1>\n<p>[\/et_pb_text][et_pb_divider color=&#8221;#ffffff&#8221; _builder_version=&#8221;3.24&#8243; width=&#8221;20%&#8221; module_alignment=&#8221;center&#8221;][\/et_pb_divider][\/et_pb_column][\/et_pb_row][\/et_pb_section][et_pb_section fb_built=&#8221;1&#8243; _builder_version=&#8221;3.24&#8243; custom_margin=&#8221;||0px|||&#8221; custom_padding=&#8221;0px||4px|||&#8221; saved_tabs=&#8221;all&#8221;][et_pb_row column_structure=&#8221;3_5,2_5&#8243; _builder_version=&#8221;3.25&#8243; min_height=&#8221;197px&#8221; custom_padding=&#8221;55px|||||&#8221;][et_pb_column type=&#8221;3_5&#8243; _builder_version=&#8221;3.25&#8243; custom_padding=&#8221;|||&#8221; custom_padding__hover=&#8221;|||&#8221;][et_pb_text _builder_version=&#8221;4.6.1&#8243; custom_margin=&#8221;|-10px||-5px||&#8221;]<\/p>\n<h2 style=\"text-align: justify;\">Warum wir?<\/h2>\n<p style=\"text-align: justify;\">Efa ist<span> <\/span><strong>spezialisiert auf industrielle Funksteuerungen<\/span><\/strong> und unterst\u00fctzt Sie bei Ihren Funksteuerungsprojekten f\u00fcr Hebezeuge und Industrie.<\/p>\n<p style=\"text-align: justify;\">Die industrielle Funksteuerungsserie besteht aus <strong>einem Sender<\/strong><span> <\/span>, der eine Tastenbox oder ein Manipulator sein kann, und einem<strong><span> <\/span>Empf\u00e4nger. <\/strong><br \/> Mit Funksteuerungen k\u00f6nnen Sie Aktionen<\/span> <\/span><strong>aus der Ferne<\/strong> ausf\u00fchren und <strong>die Sicherheit und Produktivit\u00e4t<\/strong> Ihrer Bediener und der Anlage verbessern.<\/p>\n<h2 style=\"text-align: justify;\">Vorteile von industriellen Funksteuerungen:<\/h2>\n<ul style=\"text-align: justify;\">\n<li>Freimachen des Bedieners von gef\u00e4hrlichen oder verbotenen Bereichen<\/li>\n<li>Reduzierung der Schufterei<\/li>\n<li>Bessere Sichtbarkeit von Man\u00f6vern, mehr Pr\u00e4zision bei der Lastentfernung<\/li>\n<li>Behebung der st\u00f6renden Drahtverbindung<\/li>\n<li>Ein Bediener m\u00f6glich, dieser kann Multitasking betreiben und verschiedene Aktionen gleichzeitig ausf\u00fchren<\/li>\n<li>Effektive und sichere Not-Aus-Steuerung bei Fehlbedienung <strong>PL d (entspricht EN ISO 13849-1) oder FHSS (870\/915 MHz Band) mit STOP PL e Funktion, SIL 3 (entspricht EN ISO 13849-1\/EN IEC 62061)<\/strong><\/li>\n<\/ul>\n<p style=\"text-align: justify;\">Ob Sie einen einzelnen Kran, mehrere Krane gleichzeitig oder hochkomplexe Handlingsysteme handhaben wollen, wir haben eine L\u00f6sung f\u00fcr Sie! Dar\u00fcber hinaus erf\u00fcllen alle unsere L\u00f6sungen die strengsten internationalen Standards. <\/p>\n<p>[\/et_pb_text][\/et_pb_column][et_pb_column type=&#8221;2_5&#8243; _builder_version=&#8221;3.25&#8243; custom_padding=&#8221;|||&#8221; custom_padding__hover=&#8221;|||&#8221;][et_pb_image src=&#8221;https:\/\/efa-controls.com\/wp-content\/uploads\/2017\/03\/lost-places-1801660_1920.jpg&#8221; _builder_version=&#8221;3.24&#8243; custom_margin=&#8221;||7px|||&#8221;][\/et_pb_image][et_pb_image src=&#8221;https:\/\/efa-controls.com\/wp-content\/uploads\/2017\/03\/steel-1968194_1920.jpg&#8221; _builder_version=&#8221;3.24&#8243; custom_margin=&#8221;||7px|||&#8221;][\/et_pb_image][et_pb_image src=&#8221;https:\/\/efa-controls.com\/wp-content\/uploads\/2017\/03\/radion-commande.jpg&#8221; _builder_version=&#8221;3.24&#8243;][\/et_pb_image][\/et_pb_column][\/et_pb_row][et_pb_row _builder_version=&#8221;3.25&#8243; custom_padding=&#8221;0px|||||&#8221;][et_pb_column type=&#8221;4_4&#8243; _builder_version=&#8221;3.25&#8243; custom_padding=&#8221;|||&#8221; custom_padding__hover=&#8221;|||&#8221;][et_pb_text _builder_version=&#8221;4.6.1&#8243; _module_preset=&#8221;default&#8221; hover_enabled=&#8221;0&#8243; sticky_enabled=&#8221;0&#8243;]<\/p>\n<h3 style=\"text-align: justify;\">Die AIR AUTEC Serie beinhaltet auch das MULTIPLE SYSTEM:<\/h3>\n<ul>\n<li style=\"text-align: justify;\">Multi-Sender (oder Take &#038; Release) mit bis zu 15 Sendern<\/li>\n<li>Multi-Empf\u00e4nger :\n<ul>\n<li style=\"text-align: justify;\"><strong>Line up link oder Independent dual link<\/strong> L\u00f6sung: bis zu 4 gleichzeitige Empf\u00e4nger mit STOP aller Empf\u00e4nger oder einem Empf\u00e4nger<\/li>\n<li style=\"text-align: justify;\"><strong>Unabh\u00e4ngige Mehrfachverkn\u00fcpfung<\/strong>: von 5 bis 15 gleichzeitigen Empf\u00e4ngern mit STOP aller verkn\u00fcpften Empf\u00e4nger<\/li>\n<li style=\"text-align: justify;\"><strong>One to One Link<\/strong>: von 2 bis 15 Empf\u00e4ngern<\/li>\n<li style=\"text-align: justify;\"><strong>Multi Units<\/strong>: System bestehend aus 2 bis 4 One-to-One Units<\/li>\n<\/ul>\n<\/li>\n<\/ul>\n<p>[\/et_pb_text][et_pb_text _builder_version=&#8221;3.27.4&#8243;]<\/p>\n<h2>Unser Produktangebot<\/h2>\n<p>[\/et_pb_text][et_pb_divider color=&#8221;#333333&#8243; _builder_version=&#8221;3.24&#8243; width=&#8221;20%&#8221; module_alignment=&#8221;center&#8221;][\/et_pb_divider][et_pb_portfolio fullwidth=&#8221;off&#8221; include_categories=&#8221;123&#8243; show_categories=&#8221;off&#8221; hover_overlay_color=&#8221;rgba(255,255,255,0.5)&#8221; _builder_version=&#8221;3.24&#8243; title_font=&#8221;||||||||&#8221; caption_font=&#8221;||||||||&#8221; caption_text_color=&#8221;#0c71c3&#8243; pagination_font=&#8221;||||||||&#8221; text_orientation=&#8221;center&#8221; custom_padding=&#8221;||||true&#8221;][\/et_pb_portfolio][\/et_pb_column][\/et_pb_row][\/et_pb_section][et_pb_section fb_built=&#8221;1&#8243; _builder_version=&#8221;3.24&#8243; use_background_color_gradient=&#8221;on&#8221; background_color_gradient_start=&#8221;#1f68b1&#8243; background_color_gradient_end=&#8221;#001b56&#8243; background_color_gradient_direction=&#8221;90deg&#8221; background_color_gradient_start_position=&#8221;32%&#8221; custom_padding=&#8221;24px||24px|||&#8221; animation_style=&#8221;zoom&#8221; animation_duration=&#8221;600ms&#8221; animation_intensity_zoom=&#8221;16%&#8221; animation_starting_opacity=&#8221;68%&#8221; saved_tabs=&#8221;all&#8221;][et_pb_row column_structure=&#8221;3_5,2_5&#8243; _builder_version=&#8221;3.25&#8243;][et_pb_column type=&#8221;3_5&#8243; _builder_version=&#8221;3.25&#8243; custom_padding=&#8221;|||&#8221; custom_padding__hover=&#8221;|||&#8221;][et_pb_text _builder_version=&#8221;4.6.1&#8243; header_font=&#8221;||||||||&#8221; header_2_font=&#8221;|700|||||||&#8221; header_2_text_color=&#8221;#ffffff&#8221;]<\/p>\n<h2>FHSS-Technologie: keine verlorenen Funkverbindungen mehr!<\/h2>\n<p>[\/et_pb_text][et_pb_text _builder_version=&#8221;4.6.1&#8243; text_font=&#8221;|300|||||||&#8221; text_text_color=&#8221;#ffffff&#8221; text_font_size=&#8221;16px&#8221; header_font=&#8221;||||||||&#8221; header_2_font=&#8221;|700|||||||&#8221; header_2_text_color=&#8221;#ffffff&#8221;]<\/p>\n<p style=\"text-align: left;\">Mit zunehmender Verbreitung der Funksteuerung kann ein Problem mit der Funkabschaltung auftreten. Mit unserer FHSS-Technologie, keine Frequenzpl\u00e4ne mehr! Klicken Sie auf den Link auf der rechten Seite, um mehr zu erfahren.<\/p>\n<p>.[\/et_pb_text][\/et_pb_column][et_pb_column type=&#8221;2_5&#8243; _builder_version=&#8221;3.25&#8243; custom_padding=&#8221;|||&#8221; custom_padding__hover=&#8221;|||&#8221;][et_pb_button button_url=&#8221;https:\/\/efa-controls.com\/la-technologie-fhss-transmission-de-signaux-par-ondes-radio\/&#8221; button_text=&#8221;Mehr \u00fcber FHSS!&#8221; _builder_version=&#8221;4.6.1&#8243; custom_button=&#8221;on&#8221; button_text_color=&#8221;#ffffff&#8221; button_font=&#8221;||||||||&#8221; button_icon=&#8221;%%86%%&#8221; button_icon_placement=&#8221;left&#8221; button_on_hover=&#8221;off&#8221; button_bg_color__hover_enabled=&#8221;on&#8221; button_bg_color__hover=&#8221;#ffffff&#8221; button_text_color__hover_enabled=&#8221;on&#8221; button_text_color__hover=&#8221;#0c71c3&#8243;][\/et_pb_button][\/et_pb_column][\/et_pb_row][\/et_pb_section]<\/p>\n","protected":false},"excerpt":{"rendered":"<p>Funksteuerungen f\u00fcr die IndustrieWarum wir? Efa ist spezialisiert auf industrielle Funksteuerungen und unterst\u00fctzt Sie bei Ihren Funksteuerungsprojekten f\u00fcr Hebezeuge und Industrie. Die industrielle Funksteuerungsserie besteht aus einem Sender , der eine Tastenbox oder ein Manipulator sein kann, und einem Empf\u00e4nger. Mit Funksteuerungen k\u00f6nnen Sie Aktionen aus der Ferne ausf\u00fchren und die Sicherheit und Produktivit\u00e4t Ihrer [&hellip;]<\/p>\n","protected":false},"author":2,"featured_media":0,"parent":8289,"menu_order":0,"comment_status":"closed","ping_status":"closed","template":"","meta":{"_et_pb_use_builder":"on","_et_pb_old_content":"","_et_gb_content_width":"","_uf_show_specific_survey":0,"_uf_disable_surveys":false,"footnotes":""},"class_list":["post-8294","page","type-page","status-publish","hentry"],"yoast_head":"<!-- This site is optimized with the Yoast SEO plugin v27.5 - https:\/\/yoast.com\/product\/yoast-seo-wordpress\/ -->\n<title>Industrielle Funksteuerungen f\u00fcr Hebezeuge - efa Frankreich<\/title>\n<meta name=\"description\" content=\"INDUSTRIELLE FUNKSTEUERUNGEN, efa bietet eine breite Palette von Funksteuerungen f\u00fcr den industriellen Bereich an, von Sendern, Empf\u00e4ngern und Manipulatoren\" \/>\n<meta name=\"robots\" content=\"index, follow, max-snippet:-1, max-image-preview:large, max-video-preview:-1\" \/>\n<link rel=\"canonical\" href=\"https:\/\/efa-controls.com\/de\/funksteuerung\/industrielle-funksteuerungen\/\" \/>\n<meta property=\"og:locale\" content=\"de_DE\" \/>\n<meta property=\"og:type\" content=\"article\" \/>\n<meta property=\"og:title\" content=\"Industrielle Funksteuerungen f\u00fcr Hebezeuge - efa Frankreich\" \/>\n<meta property=\"og:description\" content=\"INDUSTRIELLE FUNKSTEUERUNGEN, efa bietet eine breite Palette von Funksteuerungen f\u00fcr den industriellen Bereich an, von Sendern, Empf\u00e4ngern und Manipulatoren\" \/>\n<meta property=\"og:url\" content=\"https:\/\/efa-controls.com\/de\/funksteuerung\/industrielle-funksteuerungen\/\" \/>\n<meta property=\"og:site_name\" content=\"efa Controls\" \/>\n<meta property=\"article:publisher\" content=\"https:\/\/www.facebook.com\/efaFranceSA\/\" \/>\n<meta property=\"article:modified_time\" content=\"2021-03-24T07:47:40+00:00\" \/>\n<meta name=\"twitter:card\" content=\"summary_large_image\" \/>\n<meta name=\"twitter:site\" content=\"@efa_france\" \/>\n<meta name=\"twitter:label1\" content=\"Gesch\u00e4tzte Lesezeit\" \/>\n\t<meta name=\"twitter:data1\" content=\"4 minutes\" \/>\n<script type=\"application\/ld+json\" class=\"yoast-schema-graph\">{\"@context\":\"https:\\\/\\\/schema.org\",\"@graph\":[{\"@type\":\"WebPage\",\"@id\":\"https:\\\/\\\/efa-controls.com\\\/de\\\/funksteuerung\\\/industrielle-funksteuerungen\\\/\",\"url\":\"https:\\\/\\\/efa-controls.com\\\/de\\\/funksteuerung\\\/industrielle-funksteuerungen\\\/\",\"name\":\"Industrielle Funksteuerungen f\u00fcr Hebezeuge - efa Frankreich\",\"isPartOf\":{\"@id\":\"https:\\\/\\\/efa-controls.com\\\/de\\\/#website\"},\"datePublished\":\"2020-03-09T11:40:26+00:00\",\"dateModified\":\"2021-03-24T07:47:40+00:00\",\"description\":\"INDUSTRIELLE FUNKSTEUERUNGEN, efa bietet eine breite Palette von Funksteuerungen f\u00fcr den industriellen Bereich an, von Sendern, Empf\u00e4ngern und Manipulatoren\",\"breadcrumb\":{\"@id\":\"https:\\\/\\\/efa-controls.com\\\/de\\\/funksteuerung\\\/industrielle-funksteuerungen\\\/#breadcrumb\"},\"inLanguage\":\"de-DE\",\"potentialAction\":[{\"@type\":\"ReadAction\",\"target\":[\"https:\\\/\\\/efa-controls.com\\\/de\\\/funksteuerung\\\/industrielle-funksteuerungen\\\/\"]}]},{\"@type\":\"BreadcrumbList\",\"@id\":\"https:\\\/\\\/efa-controls.com\\\/de\\\/funksteuerung\\\/industrielle-funksteuerungen\\\/#breadcrumb\",\"itemListElement\":[{\"@type\":\"ListItem\",\"position\":1,\"name\":\"Accueil-Home\",\"item\":\"https:\\\/\\\/efa-controls.com\\\/de\\\/\"},{\"@type\":\"ListItem\",\"position\":2,\"name\":\"Funksteuerung\",\"item\":\"https:\\\/\\\/efa-controls.com\\\/de\\\/radiocommande\\\/\"},{\"@type\":\"ListItem\",\"position\":3,\"name\":\"Industrielle Funksteuerungen\"}]},{\"@type\":\"WebSite\",\"@id\":\"https:\\\/\\\/efa-controls.com\\\/de\\\/#website\",\"url\":\"https:\\\/\\\/efa-controls.com\\\/de\\\/\",\"name\":\"efa Controls\",\"description\":\"Bureau d&#039;\u00e9tude pour v\u00e9hicules industriels\",\"publisher\":{\"@id\":\"https:\\\/\\\/efa-controls.com\\\/de\\\/#organization\"},\"potentialAction\":[{\"@type\":\"SearchAction\",\"target\":{\"@type\":\"EntryPoint\",\"urlTemplate\":\"https:\\\/\\\/efa-controls.com\\\/de\\\/?s={search_term_string}\"},\"query-input\":{\"@type\":\"PropertyValueSpecification\",\"valueRequired\":true,\"valueName\":\"search_term_string\"}}],\"inLanguage\":\"de-DE\"},{\"@type\":\"Organization\",\"@id\":\"https:\\\/\\\/efa-controls.com\\\/de\\\/#organization\",\"name\":\"efa Controls\",\"url\":\"https:\\\/\\\/efa-controls.com\\\/de\\\/\",\"logo\":{\"@type\":\"ImageObject\",\"inLanguage\":\"de-DE\",\"@id\":\"https:\\\/\\\/efa-controls.com\\\/de\\\/#\\\/schema\\\/logo\\\/image\\\/\",\"url\":\"https:\\\/\\\/efa-controls.com\\\/wp-content\\\/uploads\\\/2023\\\/05\\\/logo-bleu.png\",\"contentUrl\":\"https:\\\/\\\/efa-controls.com\\\/wp-content\\\/uploads\\\/2023\\\/05\\\/logo-bleu.png\",\"width\":408,\"height\":288,\"caption\":\"efa Controls\"},\"image\":{\"@id\":\"https:\\\/\\\/efa-controls.com\\\/de\\\/#\\\/schema\\\/logo\\\/image\\\/\"},\"sameAs\":[\"https:\\\/\\\/www.facebook.com\\\/efaFranceSA\\\/\",\"https:\\\/\\\/x.com\\\/efa_france\",\"https:\\\/\\\/www.instagram.com\\\/efafrance\\\/\",\"https:\\\/\\\/www.linkedin.com\\\/company\\\/efa-france\",\"https:\\\/\\\/www.youtube.com\\\/user\\\/EFAControls\"]}]}<\/script>\n<!-- \/ Yoast SEO plugin. -->","yoast_head_json":{"title":"Industrielle Funksteuerungen f\u00fcr Hebezeuge - efa Frankreich","description":"INDUSTRIELLE FUNKSTEUERUNGEN, efa bietet eine breite Palette von Funksteuerungen f\u00fcr den industriellen Bereich an, von Sendern, Empf\u00e4ngern und Manipulatoren","robots":{"index":"index","follow":"follow","max-snippet":"max-snippet:-1","max-image-preview":"max-image-preview:large","max-video-preview":"max-video-preview:-1"},"canonical":"https:\/\/efa-controls.com\/de\/funksteuerung\/industrielle-funksteuerungen\/","og_locale":"de_DE","og_type":"article","og_title":"Industrielle Funksteuerungen f\u00fcr Hebezeuge - efa Frankreich","og_description":"INDUSTRIELLE FUNKSTEUERUNGEN, efa bietet eine breite Palette von Funksteuerungen f\u00fcr den industriellen Bereich an, von Sendern, Empf\u00e4ngern und Manipulatoren","og_url":"https:\/\/efa-controls.com\/de\/funksteuerung\/industrielle-funksteuerungen\/","og_site_name":"efa Controls","article_publisher":"https:\/\/www.facebook.com\/efaFranceSA\/","article_modified_time":"2021-03-24T07:47:40+00:00","twitter_card":"summary_large_image","twitter_site":"@efa_france","twitter_misc":{"Gesch\u00e4tzte Lesezeit":"4 minutes"},"schema":{"@context":"https:\/\/schema.org","@graph":[{"@type":"WebPage","@id":"https:\/\/efa-controls.com\/de\/funksteuerung\/industrielle-funksteuerungen\/","url":"https:\/\/efa-controls.com\/de\/funksteuerung\/industrielle-funksteuerungen\/","name":"Industrielle Funksteuerungen f\u00fcr Hebezeuge - efa Frankreich","isPartOf":{"@id":"https:\/\/efa-controls.com\/de\/#website"},"datePublished":"2020-03-09T11:40:26+00:00","dateModified":"2021-03-24T07:47:40+00:00","description":"INDUSTRIELLE FUNKSTEUERUNGEN, efa bietet eine breite Palette von Funksteuerungen f\u00fcr den industriellen Bereich an, von Sendern, Empf\u00e4ngern und Manipulatoren","breadcrumb":{"@id":"https:\/\/efa-controls.com\/de\/funksteuerung\/industrielle-funksteuerungen\/#breadcrumb"},"inLanguage":"de-DE","potentialAction":[{"@type":"ReadAction","target":["https:\/\/efa-controls.com\/de\/funksteuerung\/industrielle-funksteuerungen\/"]}]},{"@type":"BreadcrumbList","@id":"https:\/\/efa-controls.com\/de\/funksteuerung\/industrielle-funksteuerungen\/#breadcrumb","itemListElement":[{"@type":"ListItem","position":1,"name":"Accueil-Home","item":"https:\/\/efa-controls.com\/de\/"},{"@type":"ListItem","position":2,"name":"Funksteuerung","item":"https:\/\/efa-controls.com\/de\/radiocommande\/"},{"@type":"ListItem","position":3,"name":"Industrielle Funksteuerungen"}]},{"@type":"WebSite","@id":"https:\/\/efa-controls.com\/de\/#website","url":"https:\/\/efa-controls.com\/de\/","name":"efa Controls","description":"Bureau d&#039;\u00e9tude pour v\u00e9hicules industriels","publisher":{"@id":"https:\/\/efa-controls.com\/de\/#organization"},"potentialAction":[{"@type":"SearchAction","target":{"@type":"EntryPoint","urlTemplate":"https:\/\/efa-controls.com\/de\/?s={search_term_string}"},"query-input":{"@type":"PropertyValueSpecification","valueRequired":true,"valueName":"search_term_string"}}],"inLanguage":"de-DE"},{"@type":"Organization","@id":"https:\/\/efa-controls.com\/de\/#organization","name":"efa Controls","url":"https:\/\/efa-controls.com\/de\/","logo":{"@type":"ImageObject","inLanguage":"de-DE","@id":"https:\/\/efa-controls.com\/de\/#\/schema\/logo\/image\/","url":"https:\/\/efa-controls.com\/wp-content\/uploads\/2023\/05\/logo-bleu.png","contentUrl":"https:\/\/efa-controls.com\/wp-content\/uploads\/2023\/05\/logo-bleu.png","width":408,"height":288,"caption":"efa Controls"},"image":{"@id":"https:\/\/efa-controls.com\/de\/#\/schema\/logo\/image\/"},"sameAs":["https:\/\/www.facebook.com\/efaFranceSA\/","https:\/\/x.com\/efa_france","https:\/\/www.instagram.com\/efafrance\/","https:\/\/www.linkedin.com\/company\/efa-france","https:\/\/www.youtube.com\/user\/EFAControls"]}]}},"_links":{"self":[{"href":"https:\/\/efa-controls.com\/de\/wp-json\/wp\/v2\/pages\/8294","targetHints":{"allow":["GET"]}}],"collection":[{"href":"https:\/\/efa-controls.com\/de\/wp-json\/wp\/v2\/pages"}],"about":[{"href":"https:\/\/efa-controls.com\/de\/wp-json\/wp\/v2\/types\/page"}],"author":[{"embeddable":true,"href":"https:\/\/efa-controls.com\/de\/wp-json\/wp\/v2\/users\/2"}],"replies":[{"embeddable":true,"href":"https:\/\/efa-controls.com\/de\/wp-json\/wp\/v2\/comments?post=8294"}],"version-history":[{"count":9,"href":"https:\/\/efa-controls.com\/de\/wp-json\/wp\/v2\/pages\/8294\/revisions"}],"predecessor-version":[{"id":13205,"href":"https:\/\/efa-controls.com\/de\/wp-json\/wp\/v2\/pages\/8294\/revisions\/13205"}],"up":[{"embeddable":true,"href":"https:\/\/efa-controls.com\/de\/wp-json\/wp\/v2\/pages\/8289"}],"wp:attachment":[{"href":"https:\/\/efa-controls.com\/de\/wp-json\/wp\/v2\/media?parent=8294"}],"curies":[{"name":"wp","href":"https:\/\/api.w.org\/{rel}","templated":true}]}}