{"id":8289,"date":"2020-03-09T12:38:48","date_gmt":"2020-03-09T11:38:48","guid":{"rendered":"https:\/\/efa-controls.com\/funksteuerung\/"},"modified":"2021-04-16T12:50:57","modified_gmt":"2021-04-16T10:50:57","slug":"funksteuerung","status":"publish","type":"page","link":"https:\/\/efa-controls.com\/de\/funksteuerung\/","title":{"rendered":"Funksteuerung"},"content":{"rendered":"<p>[et_pb_section fb_built=&#8221;1&#8243; _builder_version=&#8221;4.6.1&#8243; background_color=&#8221;#333333&#8243; custom_margin=&#8221;-30px||||false|false&#8221; custom_padding=&#8221;0px||12px||false|false&#8221;][et_pb_row _builder_version=&#8221;3.25&#8243; custom_margin=&#8221;|auto|-42px|auto||&#8221; custom_padding=&#8221;56px|||||&#8221;][et_pb_column type=&#8221;4_4&#8243; _builder_version=&#8221;3.25&#8243; custom_padding=&#8221;|||&#8221; custom_padding__hover=&#8221;|||&#8221;][et_pb_text _builder_version=&#8221;4.6.1&#8243; header_font=&#8221;||||||||&#8221; header_text_color=&#8221;#ffffff&#8221; custom_margin=&#8221;||8px|||&#8221;]<\/p>\n<h1 id=\"pagetitle\" class=\"center space50_30\">&#8220;Autec&#8221; industrielle Funksteuerungssysteme<\/h1>\n<p>[\/et_pb_text][et_pb_divider color=&#8221;#ffffff&#8221; _builder_version=&#8221;3.24&#8243; width=&#8221;20%&#8221; module_alignment=&#8221;center&#8221; custom_padding=&#8221;||9px|||&#8221;][\/et_pb_divider][\/et_pb_column][\/et_pb_row][\/et_pb_section][et_pb_section fb_built=&#8221;1&#8243; _builder_version=&#8221;3.24&#8243; custom_margin=&#8221;||0px|||&#8221; custom_padding=&#8221;0px||4px|||&#8221; saved_tabs=&#8221;all&#8221;][et_pb_row column_structure=&#8221;1_2,1_2&#8243; _builder_version=&#8221;3.25&#8243; min_height=&#8221;197px&#8221; custom_padding=&#8221;55px|||||&#8221;][et_pb_column type=&#8221;1_2&#8243; _builder_version=&#8221;3.25&#8243; custom_padding=&#8221;|||&#8221; custom_padding__hover=&#8221;|||&#8221;][et_pb_text _builder_version=&#8221;4.6.1&#8243;]<\/p>\n<h2 class=\"color_333 left\">Industrielle Funksteuerung<\/h1>\n<p style=\"text-align: justify;\">Funksteuerungen sind<span> <\/span><strong>\u00dcbertragungsmedien<\/strong><span> <\/span>von Aktionen f\u00fcr i<strong>automatische Anlagen<\/strong><span> <\/span>von Maschinen, Ger\u00e4ten oder Fahrzeugen. <br \/>Es handelt sich um ein System, das aus einem<span> <\/span><strong>Sender<\/strong> sowie einer<\/span> <\/span><strong>Empf\u00e4ngerbox besteht. <\/strong><br \/>Der Einsatz von Funksteuerungen kann die<span> <\/span><strong>Arbeitsbedingungen und die <\/strong><strong>Produktivit\u00e4t<\/strong><span> <\/span>Ihres Unternehmens deutlich verbessern. Bei komplexen und speziellen Installationen kann die Funksteuerung auch<span> <\/span><strong>eine L\u00f6sung<\/strong><span> <\/span>zur Vereinfachung des Steuerkreises sein.<br \/>Die Funksteuerung kann Teil einer neuen Anlage oder der Modernisierung einer alten sein.<br \/>Sie ist auch f\u00fcr<span> <\/span><strong>Umgebungen mit gro\u00dfer Grundfl\u00e4che<\/strong> gemacht. Sie sind omnidirektional und suchen automatisch nach verschiedenen Frequenzen im Arbeitsbereich.<br \/>Dies ist ein System, das <strong>sowohl f\u00fcr den industriellen als auch f\u00fcr den mobilen Einsatz geeignet ist<\/strong><br \/>&nbsp;<br \/>&nbsp;<\/p>\n<p>[\/et_pb_text][et_pb_image src=&#8221;https:\/\/efa-controls.com\/wp-content\/uploads\/2021\/02\/radio-commande-industrielle-efa.jpg&#8221; alt=&#8221;industrielle Funksteuerung efa&#8221; title_text=&#8221;industrielle Funksteuerung efa&#8221; align=&#8221;center&#8221; _builder_version=&#8221;4.9.3&#8243; _module_preset=&#8221;default&#8221; hover_enabled=&#8221;0&#8243; sticky_enabled=&#8221;0&#8243;][\/et_pb_image][\/et_pb_column][et_pb_column type=&#8221;1_2&#8243; _builder_version=&#8221;3.25&#8243; custom_padding=&#8221;|||&#8221; custom_padding__hover=&#8221;|||&#8221;][et_pb_text _builder_version=&#8221;3.27.4&#8243;]<\/p>\n<h2 class=\"color_333 left\">AUTEC<\/h2>\n<p style=\"text-align: left;\"><strong>efa ist exklusiver AUTEC-Distributor<\/strong> in Frankreich.<br \/>\nAutec ist ein Produkthersteller und Dienstleister f\u00fcr Anwender in der Industrieautomatisierung, Prozessautomatisierung und Informationstechnologie.<br \/>\nAlle AUTEC-Produkte <strong>erf\u00fcllen die Norm ISO 13849-1<\/strong>, die dem h\u00f6chsten Sicherheitsniceau entspricht.<br \/>\nDas Unternehmen hat auch verschiedene Zertifizierungen f\u00fcr die <strong>Sicherheit des T\u00dcV<\/strong> erhalten, dem weltweit f\u00fchrenden Verifizierer von elektronischen Systemen f\u00fcr Maschinen.<br \/>\nEin Team von Ingenieuren ist bestrebt, die Kunden bei der Auswahl des am besten geeigneten funkgesteuerten Systems zu unterst\u00fctzen.<br \/>\nDar\u00fcber hinaus erm\u00f6glichen ihnen ihre hohen <strong>Investitionen in Forschung und Entwicklung<\/strong>, <strong>sichere, leistungsstarke und innovative<\/strong> Produkte anzubieten. Dies spiegelt sich in der Hinzuf\u00fcgung der bestm\u00f6glichen Komponenten und der st\u00e4ndigen Verbesserung des Prozesses wider, der sich an 3 Prinzipien orientiert: <strong>Sicherheit, L\u00f6sung und Service<\/strong>.<\/p>\n<p>[\/et_pb_text][et_pb_image src=&#8221;https:\/\/efa-controls.com\/wp-content\/uploads\/2021\/02\/Radiocommande.jpg&#8221; alt=&#8221;industrielle Funksteuerung efa&#8221; title_text=&#8221;industrielle Funksteuerung efa&#8221; _builder_version=&#8221;4.6.1&#8243; _module_preset=&#8221;default&#8221;][\/et_pb_image][\/et_pb_column][\/et_pb_row][et_pb_row _builder_version=&#8221;4.6.1&#8243; _module_preset=&#8221;default&#8221;][et_pb_column type=&#8221;4_4&#8243; _builder_version=&#8221;4.6.1&#8243; _module_preset=&#8221;default&#8221;][et_pb_text _builder_version=&#8221;4.6.1&#8243; _module_preset=&#8221;default&#8221;]<\/p>\n<h3 class=\"\">Dank der bi-direktionalen Kommunikation sind alle Bereiche in der Lage, Meldungen der Maschine auf Grafischen- und\/oder LED-Bildschirmen anzuzeigen<\/h3>\n<p>[\/et_pb_text][\/et_pb_column][\/et_pb_row][et_pb_row column_structure=&#8221;1_4,1_4,1_4,1_4&#8243; _builder_version=&#8221;4.6.1&#8243; _module_preset=&#8221;default&#8221;][et_pb_column type=&#8221;1_4&#8243; _builder_version=&#8221;4.6.1&#8243; _module_preset=&#8221;default&#8221;][et_pb_text _builder_version=&#8221;4.6.1&#8243; _module_preset=&#8221;default&#8221;]<\/p>\n<p><strong>4,3&#8221; TFT \/ LCD-Farbdisplay:<\/strong><\/p>\n<ul>\n<li>256 Farben \/ 480&#215;272 Pixel<\/li>\n<li>Temperatur von -25\u00b0C bis +55\u00b0C<\/li>\n<p><Programmierbar mit CODESYS V3.5 \u00fcber Ethernet nach Standard IEC 61131-3<\/li>\n<p><Datenspeicher 16 MB\n<\/ul>\n<p>[\/et_pb_text][\/et_pb_column][et_pb_column type=&#8221;1_4&#8243; _builder_version=&#8221;4.6.1&#8243; _module_preset=&#8221;default&#8221;][et_pb_text _builder_version=&#8221;4.6.1&#8243; _module_preset=&#8221;default&#8221;]<\/p>\n<p><strong>2,7&#8221; LCD-Monochrom-Display:<\/strong><\/p>\n<ul>\n<li>128 x 64 Pixel<\/li>\n<li>Konfigurierbares Layout<\/li>\n<\/ul>\n<p>[\/et_pb_text][\/et_pb_column][et_pb_column type=&#8221;1_4&#8243; _builder_version=&#8221;4.6.1&#8243; _module_preset=&#8221;default&#8221;][et_pb_text _builder_version=&#8221;4.6.1&#8243; _module_preset=&#8221;default&#8221; custom_margin=&#8221;||50px|||&#8221;]<\/p>\n<p><strong>Bildschirm 2,84&#8221; Farbe:<\/strong><\/p>\n<ul>\n<li>240&#215;320 Pixel, 65536 Farben<\/li>\n<li>Anpassbar<\/li>\n<\/ul>\n<p>[\/et_pb_text][\/et_pb_column][et_pb_column type=&#8221;1_4&#8243; _builder_version=&#8221;4.6.1&#8243; _module_preset=&#8221;default&#8221;][et_pb_text _builder_version=&#8221;4.6.1&#8243; _module_preset=&#8221;default&#8221;]<\/p>\n<p><strong>32 LED-Array:<\/strong><\/p>\n<ul>\n<li>LEDs Farbe<\/li>\n<li>Anpassbar<\/li>\n<\/ul>\n<p>[\/et_pb_text][\/et_pb_column][\/et_pb_row][\/et_pb_section][et_pb_section fb_built=&#8221;1&#8243; _builder_version=&#8221;3.24&#8243; use_background_color_gradient=&#8221;on&#8221; background_color_gradient_start=&#8221;#1f68b1&#8243; background_color_gradient_end=&#8221;#001b56&#8243; background_color_gradient_direction=&#8221;90deg&#8221; background_color_gradient_start_position=&#8221;32%&#8221; custom_padding=&#8221;24px||24px|||&#8221; animation_style=&#8221;zoom&#8221; animation_duration=&#8221;600ms&#8221; animation_intensity_zoom=&#8221;16%&#8221; animation_starting_opacity=&#8221;68%&#8221; saved_tabs=&#8221;all&#8221;][et_pb_row column_structure=&#8221;3_5,2_5&#8243; _builder_version=&#8221;3.25&#8243;][et_pb_column type=&#8221;3_5&#8243; _builder_version=&#8221;3.25&#8243; custom_padding=&#8221;|||&#8221; custom_padding__hover=&#8221;|||&#8221;][et_pb_text _builder_version=&#8221;4.4.3&#8243; header_font=&#8221;||||||||&#8221; header_2_font=&#8221;|700|||||||&#8221; header_2_text_color=&#8221;#ffffff&#8221;]<\/p>\n<h2>Komplettes Sortiment und effizienter After-Sales-Service!!<\/h2>\n<p>[\/et_pb_text][et_pb_text _builder_version=&#8221;3.27.4&#8243; text_font=&#8221;|300|||||||&#8221; text_text_color=&#8221;#ffffff&#8221; text_font_size=&#8221;16px&#8221; header_font=&#8221;||||||||&#8221; header_2_font=&#8221;|700|||||||&#8221; header_2_text_color=&#8221;#ffffff&#8221;]<\/p>\n<p style=\"text-align: left;\">Wir bieten Ihnen nicht nur ein Sortiment, das alle Ihre Erwartungen erf\u00fcllt, sondern begleiten Sie von der Bedarfsermittlung bis zum After-Sales-Service!!!<\/p>\n<p>[\/et_pb_text][\/et_pb_column][et_pb_column type=&#8221;2_5&#8243; _builder_version=&#8221;3.25&#8243; custom_padding=&#8221;|||&#8221; custom_padding__hover=&#8221;|||&#8221;][et_pb_button button_url=&#8221;https:\/\/efa-controls.com\/de\/funksteuerung\/service-fuer-autec-funksteuerung\/&#8221; button_text=&#8221;Mehr \u00fcber unseren Service!&#8221; _builder_version=&#8221;4.4.3&#8243; custom_button=&#8221;on&#8221; button_text_color=&#8221;#ffffff&#8221; button_font=&#8221;||||||||&#8221; button_icon=&#8221;%%86%%&#8221; button_icon_placement=&#8221;left&#8221; button_on_hover=&#8221;off&#8221; button_bg_color__hover_enabled=&#8221;on&#8221; button_bg_color__hover=&#8221;#ffffff&#8221; button_text_color__hover_enabled=&#8221;on&#8221; button_text_color__hover=&#8221;#0c71c3&#8243;][\/et_pb_button][\/et_pb_column][\/et_pb_row][\/et_pb_section][et_pb_section fb_built=&#8221;1&#8243; _builder_version=&#8221;3.24&#8243; background_color=&#8221;rgba(0,0,0,0.05)&#8221; custom_padding=&#8221;23px||22px|||&#8221;][et_pb_row _builder_version=&#8221;3.25&#8243; custom_padding=&#8221;15px||0px|||&#8221;][et_pb_column type=&#8221;4_4&#8243; _builder_version=&#8221;3.25&#8243; custom_padding=&#8221;|||&#8221; custom_padding__hover=&#8221;|||&#8221;][et_pb_text _builder_version=&#8221;4.4.3&#8243; custom_margin=&#8221;||13px|||&#8221;]<\/p>\n<h2 class=\"center\">Unser Produktangebot<\/h2>\n<p>[\/et_pb_text][et_pb_divider color=&#8221;#333333&#8243; _builder_version=&#8221;3.24&#8243; width=&#8221;10%&#8221; module_alignment=&#8221;center&#8221;][\/et_pb_divider][\/et_pb_column][\/et_pb_row][et_pb_row column_structure=&#8221;1_2,1_2&#8243; _builder_version=&#8221;3.25&#8243;][et_pb_column type=&#8221;1_2&#8243; _builder_version=&#8221;3.25&#8243; custom_padding=&#8221;|||&#8221; custom_padding__hover=&#8221;|||&#8221;][et_pb_text _builder_version=&#8221;4.6.1&#8243;]<\/p>\n<h3 class=\"color_aaa\">Bereich mobile Maschinen<\/h3>\n<p>[\/et_pb_text][et_pb_image src=&#8221;https:\/\/efa-controls.com\/wp-content\/uploads\/2017\/03\/steel-1968194_1920.jpg&#8221; url=&#8221;https:\/\/efa-controls.com\/de\/funksteuerung\/industrielle-funksteuerungen\/&#8221; _builder_version=&#8221;3.27.4&#8243; custom_margin=&#8221;-17px|||||&#8221; filter_contrast__hover_enabled=&#8221;on&#8221; filter_contrast__hover=&#8221;60%&#8221; transform_styles__hover_enabled=&#8221;on&#8221; transform_scale__hover_enabled=&#8221;on&#8221; transform_translate__hover_enabled=&#8221;on&#8221; transform_rotate__hover_enabled=&#8221;on&#8221; transform_skew__hover_enabled=&#8221;on&#8221; transform_origin__hover_enabled=&#8221;on&#8221; transform_scale__hover=&#8221;97%|97%&#8221;][\/et_pb_image][et_pb_text _builder_version=&#8221;3.27.4&#8243; custom_margin=&#8221;||15px|||&#8221;]<\/p>\n<p style=\"text-align: justify;\" data-mce-style=\"text-align: justify;\">Fernbedienungen werden sehr h\u00e4ufig im industriellen Sektor eingesetzt. Sie verbessern&nbsp; die Arbeitsbedingungen Ihrer Mitarbeiter erheblich. Funkfernsteuerungen&nbsp;entwickeln sich st\u00e4ndig, um dem technischen Fortschritt des sekund\u00e4ren Sektors gerecht zu werden.<\/p>\n<p>[\/et_pb_text][et_pb_button button_url=&#8221;https:\/\/efa-controls.com\/de\/funksteuerung\/industrielle-funksteuerungen\/&#8221; button_text=&#8221;Industrie-Bereich&#8221; button_alignment=&#8221;center&#8221; _builder_version=&#8221;4.6.1&#8243;][\/et_pb_button][\/et_pb_column][et_pb_column type=&#8221;1_2&#8243; _builder_version=&#8221;3.25&#8243; custom_padding=&#8221;|||&#8221; custom_padding__hover=&#8221;|||&#8221;][et_pb_text _builder_version=&#8221;4.6.1&#8243;]<\/p>\n<h3 class=\"color_aaa\">Funksteuerungen f\u00fcr mobile Maschinen<\/h3>\n<p>[\/et_pb_text][et_pb_image src=&#8221;https:\/\/efa-controls.com\/wp-content\/uploads\/2017\/03\/container-2018465_1920.jpg&#8221; url=&#8221;https:\/\/efa-controls.com\/de\/funksteuerung\/funksteuerung-fuer-das-mobiltelefon\/&#8221; _builder_version=&#8221;3.27.4&#8243; custom_margin=&#8221;-17px|||||&#8221; transform_styles__hover_enabled=&#8221;on&#8221; transform_scale__hover_enabled=&#8221;on&#8221; transform_translate__hover_enabled=&#8221;on&#8221; transform_rotate__hover_enabled=&#8221;on&#8221; transform_skew__hover_enabled=&#8221;on&#8221; transform_origin__hover_enabled=&#8221;on&#8221; transform_scale__hover=&#8221;97%|97%&#8221; filter_contrast__hover_enabled=&#8221;on&#8221; filter_contrast__hover=&#8221;60%&#8221;][\/et_pb_image][et_pb_text _builder_version=&#8221;3.27.4&#8243; custom_margin=&#8221;||15px|||&#8221;]<\/p>\n<p style=\"text-align: justify;\" data-mce-style=\"text-align: justify;\">Fernbedienungen sind im Bereich der mobilen Ger\u00e4te allgegenw\u00e4rtig. Sie sind hinsichtlich Konfiguration und Einsatzbereich sehr Anpassungsf\u00e4hig. Beispielsweise Forst-, Land-, und Baumaschinenbranche.<br \/>&nbsp;<\/p>\n<p>[\/et_pb_text][et_pb_button button_url=&#8221;https:\/\/efa-controls.com\/de\/funksteuerung\/funksteuerung-fuer-das-mobiltelefon\/&#8221; button_text=&#8221;Mobile Ger\u00e4tepalette&#8221; button_alignment=&#8221;center&#8221; _builder_version=&#8221;4.6.1&#8243;][\/et_pb_button][\/et_pb_column][\/et_pb_row][\/et_pb_section][et_pb_section fb_built=&#8221;1&#8243; _builder_version=&#8221;3.24&#8243; use_background_color_gradient=&#8221;on&#8221; background_color_gradient_start=&#8221;#1f68b1&#8243; background_color_gradient_end=&#8221;#001b56&#8243; background_color_gradient_direction=&#8221;90deg&#8221; background_color_gradient_start_position=&#8221;32%&#8221; custom_padding=&#8221;24px||24px|||&#8221; animation_style=&#8221;zoom&#8221; animation_duration=&#8221;600ms&#8221; animation_intensity_zoom=&#8221;16%&#8221; animation_starting_opacity=&#8221;68%&#8221; saved_tabs=&#8221;all&#8221;][et_pb_row column_structure=&#8221;3_5,2_5&#8243; _builder_version=&#8221;3.25&#8243;][et_pb_column type=&#8221;3_5&#8243; _builder_version=&#8221;3.25&#8243; custom_padding=&#8221;|||&#8221; custom_padding__hover=&#8221;|||&#8221;][et_pb_text _builder_version=&#8221;4.6.1&#8243; header_font=&#8221;||||||||&#8221; header_2_font=&#8221;|700|||||||&#8221; header_2_text_color=&#8221;#ffffff&#8221;]<\/p>\n<h2 class=\"color_aaa\">FHSS-Technologie: keine verlorenen Funkverbindungen mehr!<\/h2>\n<p>[\/et_pb_text][et_pb_text _builder_version=&#8221;4.6.1&#8243; text_font=&#8221;|300|||||||&#8221; text_text_color=&#8221;#ffffff&#8221; text_font_size=&#8221;16px&#8221; header_font=&#8221;||||||||&#8221; header_2_font=&#8221;|700|||||||&#8221; header_2_text_color=&#8221;#ffffff&#8221;]<\/p>\n<p style=\"text-align: left;\">Mit zunehmender Verbreitung der Funksteuerung kann ein Problem mit der Funkabschaltung auftreten. Mit unserer FHSS-Technologie, keine Frequenzpl\u00e4ne mehr! Klicken Sie auf den Link auf der rechten Seite, um mehr zu erfahren.<\/p>\n<p>[\/et_pb_text][\/et_pb_column][et_pb_column type=&#8221;2_5&#8243; _builder_version=&#8221;3.25&#8243; custom_padding=&#8221;|||&#8221; custom_padding__hover=&#8221;|||&#8221;][et_pb_button button_url=&#8221;https:\/\/efa-controls.com\/la-technologie-fhss-transmission-de-signaux-par-ondes-radio\/&#8221; button_text=&#8221;Mehr \u00fcber FHSS!&#8221; _builder_version=&#8221;4.6.1&#8243; custom_button=&#8221;on&#8221; button_text_color=&#8221;#ffffff&#8221; button_font=&#8221;||||||||&#8221; button_icon=&#8221;%%86%%&#8221; button_icon_placement=&#8221;left&#8221; button_on_hover=&#8221;off&#8221; button_bg_color__hover_enabled=&#8221;on&#8221; button_bg_color__hover=&#8221;#ffffff&#8221; button_text_color__hover_enabled=&#8221;on&#8221; button_text_color__hover=&#8221;#0c71c3&#8243;][\/et_pb_button][\/et_pb_column][\/et_pb_row][\/et_pb_section]<\/p>\n","protected":false},"excerpt":{"rendered":"<p>&#8220;Autec&#8221; industrielle FunksteuerungssystemeIndustrielle Funksteuerung Funksteuerungen sind \u00dcbertragungsmedien von Aktionen f\u00fcr iautomatische Anlagen von Maschinen, Ger\u00e4ten oder Fahrzeugen. Es handelt sich um ein System, das aus einem Sender sowie einer Empf\u00e4ngerbox besteht. Der Einsatz von Funksteuerungen kann die Arbeitsbedingungen und die Produktivit\u00e4t Ihres Unternehmens deutlich verbessern. Bei komplexen und speziellen Installationen kann die Funksteuerung auch eine [&hellip;]<\/p>\n","protected":false},"author":2,"featured_media":0,"parent":0,"menu_order":0,"comment_status":"closed","ping_status":"closed","template":"","meta":{"_et_pb_use_builder":"on","_et_pb_old_content":"","_et_gb_content_width":"","_uf_show_specific_survey":0,"_uf_disable_surveys":false,"footnotes":""},"class_list":["post-8289","page","type-page","status-publish","hentry"],"yoast_head":"<!-- This site is optimized with the Yoast SEO plugin v27.4 - https:\/\/yoast.com\/product\/yoast-seo-wordpress\/ -->\n<title>Funksteuerung - efa France, Spezialist f\u00fcr mobile Anwendungen in der Industrie<\/title>\n<meta name=\"description\" content=\"Funksteuerungssysteme, efa-Exklusivvertriebspartner Autec, Bereich Funksteuerungen, Sender, Sender und Empf\u00e4nger, industrielle Funksteuerungen f\u00fcr Hebefahrzeuge und Hubtechnik\" \/>\n<meta name=\"robots\" content=\"index, follow, max-snippet:-1, max-image-preview:large, max-video-preview:-1\" \/>\n<link rel=\"canonical\" href=\"https:\/\/efa-controls.com\/de\/funksteuerung\/\" \/>\n<meta property=\"og:locale\" content=\"de_DE\" \/>\n<meta property=\"og:type\" content=\"article\" \/>\n<meta property=\"og:title\" content=\"Funksteuerung - efa France, Spezialist f\u00fcr mobile Anwendungen in der Industrie\" \/>\n<meta property=\"og:description\" content=\"Funksteuerungssysteme, efa-Exklusivvertriebspartner Autec, Bereich Funksteuerungen, Sender, Sender und Empf\u00e4nger, industrielle Funksteuerungen f\u00fcr Hebefahrzeuge und Hubtechnik\" \/>\n<meta property=\"og:url\" content=\"https:\/\/efa-controls.com\/de\/funksteuerung\/\" \/>\n<meta property=\"og:site_name\" content=\"efa Controls\" \/>\n<meta property=\"article:publisher\" content=\"https:\/\/www.facebook.com\/efaFranceSA\/\" \/>\n<meta property=\"article:modified_time\" content=\"2021-04-16T10:50:57+00:00\" \/>\n<meta name=\"twitter:card\" content=\"summary_large_image\" \/>\n<meta name=\"twitter:site\" content=\"@efa_france\" \/>\n<meta name=\"twitter:label1\" content=\"Gesch\u00e4tzte Lesezeit\" \/>\n\t<meta name=\"twitter:data1\" content=\"3 minutes\" \/>\n<script type=\"application\/ld+json\" class=\"yoast-schema-graph\">{\"@context\":\"https:\\\/\\\/schema.org\",\"@graph\":[{\"@type\":\"WebPage\",\"@id\":\"https:\\\/\\\/efa-controls.com\\\/de\\\/funksteuerung\\\/\",\"url\":\"https:\\\/\\\/efa-controls.com\\\/de\\\/funksteuerung\\\/\",\"name\":\"Funksteuerung - efa France, Spezialist f\u00fcr mobile Anwendungen in der Industrie\",\"isPartOf\":{\"@id\":\"https:\\\/\\\/efa-controls.com\\\/de\\\/#website\"},\"datePublished\":\"2020-03-09T11:38:48+00:00\",\"dateModified\":\"2021-04-16T10:50:57+00:00\",\"description\":\"Funksteuerungssysteme, efa-Exklusivvertriebspartner Autec, Bereich Funksteuerungen, Sender, Sender und Empf\u00e4nger, industrielle Funksteuerungen f\u00fcr Hebefahrzeuge und Hubtechnik\",\"breadcrumb\":{\"@id\":\"https:\\\/\\\/efa-controls.com\\\/de\\\/funksteuerung\\\/#breadcrumb\"},\"inLanguage\":\"de-DE\",\"potentialAction\":[{\"@type\":\"ReadAction\",\"target\":[\"https:\\\/\\\/efa-controls.com\\\/de\\\/funksteuerung\\\/\"]}]},{\"@type\":\"BreadcrumbList\",\"@id\":\"https:\\\/\\\/efa-controls.com\\\/de\\\/funksteuerung\\\/#breadcrumb\",\"itemListElement\":[{\"@type\":\"ListItem\",\"position\":1,\"name\":\"Accueil-Home\",\"item\":\"https:\\\/\\\/efa-controls.com\\\/de\\\/\"},{\"@type\":\"ListItem\",\"position\":2,\"name\":\"Funksteuerung\"}]},{\"@type\":\"WebSite\",\"@id\":\"https:\\\/\\\/efa-controls.com\\\/de\\\/#website\",\"url\":\"https:\\\/\\\/efa-controls.com\\\/de\\\/\",\"name\":\"efa Controls\",\"description\":\"Bureau d&#039;\u00e9tude pour v\u00e9hicules industriels\",\"publisher\":{\"@id\":\"https:\\\/\\\/efa-controls.com\\\/de\\\/#organization\"},\"potentialAction\":[{\"@type\":\"SearchAction\",\"target\":{\"@type\":\"EntryPoint\",\"urlTemplate\":\"https:\\\/\\\/efa-controls.com\\\/de\\\/?s={search_term_string}\"},\"query-input\":{\"@type\":\"PropertyValueSpecification\",\"valueRequired\":true,\"valueName\":\"search_term_string\"}}],\"inLanguage\":\"de-DE\"},{\"@type\":\"Organization\",\"@id\":\"https:\\\/\\\/efa-controls.com\\\/de\\\/#organization\",\"name\":\"efa Controls\",\"url\":\"https:\\\/\\\/efa-controls.com\\\/de\\\/\",\"logo\":{\"@type\":\"ImageObject\",\"inLanguage\":\"de-DE\",\"@id\":\"https:\\\/\\\/efa-controls.com\\\/de\\\/#\\\/schema\\\/logo\\\/image\\\/\",\"url\":\"https:\\\/\\\/efa-controls.com\\\/wp-content\\\/uploads\\\/2023\\\/05\\\/logo-bleu.png\",\"contentUrl\":\"https:\\\/\\\/efa-controls.com\\\/wp-content\\\/uploads\\\/2023\\\/05\\\/logo-bleu.png\",\"width\":408,\"height\":288,\"caption\":\"efa Controls\"},\"image\":{\"@id\":\"https:\\\/\\\/efa-controls.com\\\/de\\\/#\\\/schema\\\/logo\\\/image\\\/\"},\"sameAs\":[\"https:\\\/\\\/www.facebook.com\\\/efaFranceSA\\\/\",\"https:\\\/\\\/x.com\\\/efa_france\",\"https:\\\/\\\/www.instagram.com\\\/efafrance\\\/\",\"https:\\\/\\\/www.linkedin.com\\\/company\\\/efa-france\",\"https:\\\/\\\/www.youtube.com\\\/user\\\/EFAControls\"]}]}<\/script>\n<!-- \/ Yoast SEO plugin. -->","yoast_head_json":{"title":"Funksteuerung - efa France, Spezialist f\u00fcr mobile Anwendungen in der Industrie","description":"Funksteuerungssysteme, efa-Exklusivvertriebspartner Autec, Bereich Funksteuerungen, Sender, Sender und Empf\u00e4nger, industrielle Funksteuerungen f\u00fcr Hebefahrzeuge und Hubtechnik","robots":{"index":"index","follow":"follow","max-snippet":"max-snippet:-1","max-image-preview":"max-image-preview:large","max-video-preview":"max-video-preview:-1"},"canonical":"https:\/\/efa-controls.com\/de\/funksteuerung\/","og_locale":"de_DE","og_type":"article","og_title":"Funksteuerung - efa France, Spezialist f\u00fcr mobile Anwendungen in der Industrie","og_description":"Funksteuerungssysteme, efa-Exklusivvertriebspartner Autec, Bereich Funksteuerungen, Sender, Sender und Empf\u00e4nger, industrielle Funksteuerungen f\u00fcr Hebefahrzeuge und Hubtechnik","og_url":"https:\/\/efa-controls.com\/de\/funksteuerung\/","og_site_name":"efa Controls","article_publisher":"https:\/\/www.facebook.com\/efaFranceSA\/","article_modified_time":"2021-04-16T10:50:57+00:00","twitter_card":"summary_large_image","twitter_site":"@efa_france","twitter_misc":{"Gesch\u00e4tzte Lesezeit":"3 minutes"},"schema":{"@context":"https:\/\/schema.org","@graph":[{"@type":"WebPage","@id":"https:\/\/efa-controls.com\/de\/funksteuerung\/","url":"https:\/\/efa-controls.com\/de\/funksteuerung\/","name":"Funksteuerung - efa France, Spezialist f\u00fcr mobile Anwendungen in der Industrie","isPartOf":{"@id":"https:\/\/efa-controls.com\/de\/#website"},"datePublished":"2020-03-09T11:38:48+00:00","dateModified":"2021-04-16T10:50:57+00:00","description":"Funksteuerungssysteme, efa-Exklusivvertriebspartner Autec, Bereich Funksteuerungen, Sender, Sender und Empf\u00e4nger, industrielle Funksteuerungen f\u00fcr Hebefahrzeuge und Hubtechnik","breadcrumb":{"@id":"https:\/\/efa-controls.com\/de\/funksteuerung\/#breadcrumb"},"inLanguage":"de-DE","potentialAction":[{"@type":"ReadAction","target":["https:\/\/efa-controls.com\/de\/funksteuerung\/"]}]},{"@type":"BreadcrumbList","@id":"https:\/\/efa-controls.com\/de\/funksteuerung\/#breadcrumb","itemListElement":[{"@type":"ListItem","position":1,"name":"Accueil-Home","item":"https:\/\/efa-controls.com\/de\/"},{"@type":"ListItem","position":2,"name":"Funksteuerung"}]},{"@type":"WebSite","@id":"https:\/\/efa-controls.com\/de\/#website","url":"https:\/\/efa-controls.com\/de\/","name":"efa Controls","description":"Bureau d&#039;\u00e9tude pour v\u00e9hicules industriels","publisher":{"@id":"https:\/\/efa-controls.com\/de\/#organization"},"potentialAction":[{"@type":"SearchAction","target":{"@type":"EntryPoint","urlTemplate":"https:\/\/efa-controls.com\/de\/?s={search_term_string}"},"query-input":{"@type":"PropertyValueSpecification","valueRequired":true,"valueName":"search_term_string"}}],"inLanguage":"de-DE"},{"@type":"Organization","@id":"https:\/\/efa-controls.com\/de\/#organization","name":"efa Controls","url":"https:\/\/efa-controls.com\/de\/","logo":{"@type":"ImageObject","inLanguage":"de-DE","@id":"https:\/\/efa-controls.com\/de\/#\/schema\/logo\/image\/","url":"https:\/\/efa-controls.com\/wp-content\/uploads\/2023\/05\/logo-bleu.png","contentUrl":"https:\/\/efa-controls.com\/wp-content\/uploads\/2023\/05\/logo-bleu.png","width":408,"height":288,"caption":"efa Controls"},"image":{"@id":"https:\/\/efa-controls.com\/de\/#\/schema\/logo\/image\/"},"sameAs":["https:\/\/www.facebook.com\/efaFranceSA\/","https:\/\/x.com\/efa_france","https:\/\/www.instagram.com\/efafrance\/","https:\/\/www.linkedin.com\/company\/efa-france","https:\/\/www.youtube.com\/user\/EFAControls"]}]}},"_links":{"self":[{"href":"https:\/\/efa-controls.com\/de\/wp-json\/wp\/v2\/pages\/8289","targetHints":{"allow":["GET"]}}],"collection":[{"href":"https:\/\/efa-controls.com\/de\/wp-json\/wp\/v2\/pages"}],"about":[{"href":"https:\/\/efa-controls.com\/de\/wp-json\/wp\/v2\/types\/page"}],"author":[{"embeddable":true,"href":"https:\/\/efa-controls.com\/de\/wp-json\/wp\/v2\/users\/2"}],"replies":[{"embeddable":true,"href":"https:\/\/efa-controls.com\/de\/wp-json\/wp\/v2\/comments?post=8289"}],"version-history":[{"count":64,"href":"https:\/\/efa-controls.com\/de\/wp-json\/wp\/v2\/pages\/8289\/revisions"}],"predecessor-version":[{"id":14761,"href":"https:\/\/efa-controls.com\/de\/wp-json\/wp\/v2\/pages\/8289\/revisions\/14761"}],"wp:attachment":[{"href":"https:\/\/efa-controls.com\/de\/wp-json\/wp\/v2\/media?parent=8289"}],"curies":[{"name":"wp","href":"https:\/\/api.w.org\/{rel}","templated":true}]}}