{"id":8280,"date":"2020-03-09T12:37:55","date_gmt":"2020-03-09T11:37:55","guid":{"rendered":"https:\/\/efa-controls.com\/funksteuerung-fuer-das-mobiltelefon\/"},"modified":"2021-03-24T08:50:12","modified_gmt":"2021-03-24T07:50:12","slug":"funksteuerung-fuer-das-mobiltelefon","status":"publish","type":"page","link":"https:\/\/efa-controls.com\/de\/funksteuerung\/funksteuerung-fuer-das-mobiltelefon\/","title":{"rendered":"Funksteuerung f\u00fcr das Mobiltelefon"},"content":{"rendered":"<p>[et_pb_section fb_built=&#8221;1&#8243; _builder_version=&#8221;3.24&#8243; background_color=&#8221;#333333&#8243; custom_padding=&#8221;8px||25px|||&#8221;][et_pb_row _builder_version=&#8221;3.25&#8243; custom_padding=&#8221;3px||3px|||&#8221;][et_pb_column type=&#8221;4_4&#8243; _builder_version=&#8221;3.25&#8243; custom_padding=&#8221;|||&#8221; custom_padding__hover=&#8221;|||&#8221;][et_pb_text _builder_version=&#8221;3.27.4&#8243; header_font=&#8221;||||||||&#8221; header_text_color=&#8221;#ffffff&#8221;]<\/p>\n<h1>Funksteuerungen f\u00fcr Industriefahrzeuge<\/h1>\n<p>[\/et_pb_text][et_pb_divider color=&#8221;#ffffff&#8221; _builder_version=&#8221;3.24&#8243; width=&#8221;20%&#8221; module_alignment=&#8221;center&#8221;][\/et_pb_divider][\/et_pb_column][\/et_pb_row][\/et_pb_section][et_pb_section fb_built=&#8221;1&#8243; _builder_version=&#8221;3.24&#8243; custom_margin=&#8221;||0px|||&#8221; custom_padding=&#8221;0px||4px|||&#8221; saved_tabs=&#8221;all&#8221;][et_pb_row column_structure=&#8221;3_4,1_4&#8243; _builder_version=&#8221;3.25&#8243; min_height=&#8221;197px&#8221; custom_padding=&#8221;55px||21px|||&#8221;][et_pb_column type=&#8221;3_4&#8243; _builder_version=&#8221;3.25&#8243; custom_padding=&#8221;|||&#8221; custom_padding__hover=&#8221;|||&#8221;][et_pb_text _builder_version=&#8221;4.6.1&#8243;]<\/p>\n<h2 style=\"text-align: justify;\">Warum wir?<\/h2>\n<p style=\"text-align: justify;\">Efa hat sich<\/span> <\/span><strong>auf mobile Maschinen spezialisiert.<\/strong><span> <\/span>Dazu geh\u00f6rt nat\u00fcrlich auch eine starke Funksteuerungs-Kompetenz.<\/p>\n<p style=\"text-align: justify;\">Funksteuerungen k\u00f6nnen an alle Arten von M\u00e4rkten und Unternehmen angepasst werden. In der Tat kann das System f\u00fcr die<span> <\/span><strong>Landwirtschaft, Forstwirtschaft, Eisenbahn&#8230;<\/strong><span> <\/span>auf allen automatisierten mobilen Maschinen eingesetzt werden. <strong>Produktivit\u00e4t und Sicherheit garantiert!<\/strong><\/p>\n<h2>Vorteile von Funksteuerungen f\u00fcr Mobilger\u00e4te:<\/h2>\n<ul>\n<li style=\"text-align: justify;\">Freimachen des Bedieners von gef\u00e4hrlichen oder verbotenen Bereichen<\/li>\n<li style=\"text-align: justify;\">Verringerung der Plackerei bei der Arbeit<\/li>\n<li style=\"text-align: justify;\">Bessere Sichtbarkeit der Man\u00f6ver, mehr Pr\u00e4zision bei den zu steuernden Aktionen<\/li>\n<li style=\"text-align: justify;\">Ein Bediener m\u00f6glich, dieser kann Multitasking betreiben und verschiedene Aktionen gleichzeitig ausf\u00fchren<\/li>\n<li style=\"text-align: justify;\">Effektive und sichere Not-Aus-Steuerung im Falle einer Fehlbedienung<\/li>\n<li style=\"text-align: justify;\">Sicherheitsfunktion zum Schutz vor unbeabsichtigter Bewegung aus der Ruhelage von nach EN ISO 13849-1 und EN IEC 62061 klassifizierten Antrieben.<\/li>\n<\/ul>\n<p style=\"text-align: justify;\"><strong><\/strong><\/p>\n<p>[\/et_pb_text][et_pb_text _builder_version=&#8221;4.6.1&#8243; _module_preset=&#8221;default&#8221;]<\/p>\n<h2>Hauptmerkmale und Highlights unserer Industriefahrzeug-Funksteuerungen:<\/h2>\n<ul>\n<li style=\"text-align: justify;\">Erf\u00fcllung der <strong>STOP-Funktion bis PL e Kat.4 \/ SIL 3, gem\u00e4\u00df EN ISO 13849-1 \/ EN IEC 62061<\/strong><\/li>\n<li style=\"text-align: justify;\">Bewegungsschutz Funktionsleistung gem\u00e4\u00df <strong>UMFS klassifiziert PL d Kat.3 \/ SIL 2, gem\u00e4\u00df EN ISO 13849-1 \/ EN IEC 62061.<\/strong><\/li>\n<li style=\"text-align: justify;\"><strong>FHSS-Technologie (870-MHz-Band)<\/strong> erm\u00f6glicht eine ununterbrochene bidirektionale Kommunikation zwischen Sender und Empf\u00e4nger, bei der der Sender einen kontinuierlichen Scan des gew\u00e4hlten Funkbandes durchf\u00fchrt.<\/li>\n<li style=\"text-align: justify;\">Die Produkte sind konform mit der R&amp;TTE-Richtlinie (99\/05\/EC), der LVD-Richtlinie (2014\/35\/EU) und der Maschinenrichtlinie (2014\/30\/EU). <\/strong> Zus\u00e4tzlich zur Erf\u00fcllung der Funk-, EMV- und elektrischen Sicherheitsnormen, sondern auch Automobil-EMV ISO 7637-2, ISO 7637-3 und ISO 10605, Vibration und Schock IEC 60068-2-6, 2-27, -2-64 und schwerer Schock IEC 60068-2-31.<\/li>\n<\/ul>\n<h3 style=\"text-align: justify;\">Der Dynamic + Range unterscheidet sich vom DYNAMIC Range durch seine spezifische Schnittstelle zu CRD-Empf\u00e4ngern.<\/h3>\n<ul>\n<li style=\"text-align: justify;\">Die F\u00e4higkeit, in zwei Frequenzb\u00e4ndern zu arbeiten <strong>863-870 MHz oder 915-928 MHz<\/strong><\/li>\n<li style=\"text-align: justify;\">Anpassbare Empf\u00e4ngerkommunikationsprotokolle<strong> CRD: CANopen 2.0A, CANopen 2.0B, J1939<\/strong><\/li>\n<\/ul>\n<p>[\/et_pb_text][\/et_pb_column][et_pb_column type=&#8221;1_4&#8243; _builder_version=&#8221;3.25&#8243; custom_padding=&#8221;|||&#8221; custom_padding__hover=&#8221;|||&#8221;][et_pb_gallery gallery_ids=&#8221;3796,3794,846&#8243; show_title_and_caption=&#8221;off&#8221; show_pagination=&#8221;off&#8221; _builder_version=&#8221;3.24&#8243; width=&#8221;80%&#8221; module_alignment=&#8221;center&#8221; custom_margin=&#8221;0px|0px|0px|0px&#8221; custom_padding=&#8221;0px|0px|0px|0px||&#8221;][\/et_pb_gallery][\/et_pb_column][\/et_pb_row][\/et_pb_section][et_pb_section fb_built=&#8221;1&#8243; _builder_version=&#8221;4.6.1&#8243; _module_preset=&#8221;default&#8221; background_color=&#8221;rgba(0,0,0,0.05)&#8221; custom_padding=&#8221;12px||9px|||&#8221;][et_pb_row _builder_version=&#8221;3.25&#8243; custom_margin=&#8221;|auto|-16px|auto||&#8221; custom_padding=&#8221;||0px|||&#8221;][et_pb_column type=&#8221;4_4&#8243; _builder_version=&#8221;3.25&#8243; custom_padding=&#8221;|||&#8221; custom_padding__hover=&#8221;|||&#8221;][et_pb_text _builder_version=&#8221;3.27.4&#8243;]<\/p>\n<h2>Unser Produktangebot<\/h2>\n<p>[\/et_pb_text][et_pb_divider color=&#8221;#333333&#8243; _builder_version=&#8221;3.24&#8243; width=&#8221;20%&#8221; module_alignment=&#8221;center&#8221;][\/et_pb_divider][et_pb_portfolio fullwidth=&#8221;off&#8221; include_categories=&#8221;124&#8243; show_categories=&#8221;off&#8221; hover_overlay_color=&#8221;rgba(255,255,255,0.5)&#8221; _builder_version=&#8221;3.24&#8243; title_font=&#8221;||||||||&#8221; caption_font=&#8221;||||||||&#8221; caption_text_color=&#8221;#0c71c3&#8243; pagination_font=&#8221;||||||||&#8221; text_orientation=&#8221;center&#8221; custom_padding=&#8221;33px||33px||true|&#8221;][\/et_pb_portfolio][\/et_pb_column][\/et_pb_row][\/et_pb_section][et_pb_section fb_built=&#8221;1&#8243; _builder_version=&#8221;3.24&#8243; use_background_color_gradient=&#8221;on&#8221; background_color_gradient_start=&#8221;#1f68b1&#8243; background_color_gradient_end=&#8221;#001b56&#8243; background_color_gradient_direction=&#8221;90deg&#8221; background_color_gradient_start_position=&#8221;32%&#8221; custom_padding=&#8221;55px||24px|||&#8221; animation_style=&#8221;zoom&#8221; animation_duration=&#8221;600ms&#8221; animation_intensity_zoom=&#8221;16%&#8221; animation_starting_opacity=&#8221;68%&#8221; saved_tabs=&#8221;all&#8221; custom_margin=&#8221;24px|||||&#8221;][et_pb_row column_structure=&#8221;3_5,2_5&#8243; _builder_version=&#8221;3.25&#8243;][et_pb_column type=&#8221;3_5&#8243; _builder_version=&#8221;3.25&#8243; custom_padding=&#8221;|||&#8221; custom_padding__hover=&#8221;|||&#8221;][et_pb_text _builder_version=&#8221;4.6.1&#8243; header_font=&#8221;||||||||&#8221; header_2_font=&#8221;|700|||||||&#8221; header_2_text_color=&#8221;#ffffff&#8221;]<\/p>\n<h2>FHSS-Technologie: keine verlorenen Funkverbindungen mehr!<\/h2>\n<p>[\/et_pb_text][et_pb_text _builder_version=&#8221;4.6.1&#8243; text_font=&#8221;|300|||||||&#8221; text_text_color=&#8221;#ffffff&#8221; text_font_size=&#8221;16px&#8221; header_font=&#8221;||||||||&#8221; header_2_font=&#8221;|700|||||||&#8221; header_2_text_color=&#8221;#ffffff&#8221;]<\/p>\n<p style=\"text-align: justify;\">Mit zunehmender Verbreitung der Funksteuerung kann ein Problem mit der Funkabschaltung auftreten. Mit unserer FHSS-Technologie, keine Frequenzpl\u00e4ne mehr! Klicken Sie auf den nebenstehenden Link, um mehr zu erfahren.<\/p>\n<p>[\/et_pb_text][\/et_pb_column][et_pb_column type=&#8221;2_5&#8243; _builder_version=&#8221;3.25&#8243; custom_padding=&#8221;|||&#8221; custom_padding__hover=&#8221;|||&#8221;][et_pb_button button_url=&#8221;https:\/\/efa-controls.com\/la-technologie-fhss-transmission-de-signaux-par-ondes-radio\/&#8221; button_text=&#8221;Mehr \u00fcber FHSS!&#8221; _builder_version=&#8221;4.6.1&#8243; custom_button=&#8221;on&#8221; button_text_color=&#8221;#ffffff&#8221; button_font=&#8221;||||||||&#8221; button_icon=&#8221;%%86%%&#8221; button_icon_placement=&#8221;left&#8221; button_on_hover=&#8221;off&#8221; button_bg_color__hover_enabled=&#8221;on&#8221; button_bg_color__hover=&#8221;#ffffff&#8221; button_text_color__hover_enabled=&#8221;on&#8221; button_text_color__hover=&#8221;#0c71c3&#8243;][\/et_pb_button][\/et_pb_column][\/et_pb_row][\/et_pb_section]<\/p>\n","protected":false},"excerpt":{"rendered":"<p>Funksteuerungen f\u00fcr IndustriefahrzeugeWarum wir? Efa hat sich auf mobile Maschinen spezialisiert. Dazu geh\u00f6rt nat\u00fcrlich auch eine starke Funksteuerungs-Kompetenz. Funksteuerungen k\u00f6nnen an alle Arten von M\u00e4rkten und Unternehmen angepasst werden. In der Tat kann das System f\u00fcr die Landwirtschaft, Forstwirtschaft, Eisenbahn&#8230; auf allen automatisierten mobilen Maschinen eingesetzt werden. Produktivit\u00e4t und Sicherheit garantiert! Vorteile von Funksteuerungen f\u00fcr [&hellip;]<\/p>\n","protected":false},"author":2,"featured_media":0,"parent":8289,"menu_order":0,"comment_status":"closed","ping_status":"closed","template":"","meta":{"_et_pb_use_builder":"on","_et_pb_old_content":"","_et_gb_content_width":"","_uf_show_specific_survey":0,"_uf_disable_surveys":false,"footnotes":""},"class_list":["post-8280","page","type-page","status-publish","hentry"],"yoast_head":"<!-- This site is optimized with the Yoast SEO plugin v27.4 - https:\/\/yoast.com\/product\/yoast-seo-wordpress\/ -->\n<title>Funksteuerung f\u00fcr das Mobiltelefon - efa Controls<\/title>\n<meta name=\"description\" content=\"RADIOCOMMANDS, Efa bietet Funksteuerungen f\u00fcr das Handy an, einschlie\u00dflich Sendern, Empf\u00e4ngern und Kabeln zur Registrierung in Ihrem automatischen System.\" \/>\n<meta name=\"robots\" content=\"index, follow, max-snippet:-1, max-image-preview:large, max-video-preview:-1\" \/>\n<link rel=\"canonical\" href=\"https:\/\/efa-controls.com\/de\/funksteuerung\/funksteuerung-fuer-das-mobiltelefon\/\" \/>\n<meta property=\"og:locale\" content=\"de_DE\" \/>\n<meta property=\"og:type\" content=\"article\" \/>\n<meta property=\"og:title\" content=\"Funksteuerung f\u00fcr das Mobiltelefon - efa Controls\" \/>\n<meta property=\"og:description\" content=\"RADIOCOMMANDS, Efa bietet Funksteuerungen f\u00fcr das Handy an, einschlie\u00dflich Sendern, Empf\u00e4ngern und Kabeln zur Registrierung in Ihrem automatischen System.\" \/>\n<meta property=\"og:url\" content=\"https:\/\/efa-controls.com\/de\/funksteuerung\/funksteuerung-fuer-das-mobiltelefon\/\" \/>\n<meta property=\"og:site_name\" content=\"efa Controls\" \/>\n<meta property=\"article:publisher\" content=\"https:\/\/www.facebook.com\/efaFranceSA\/\" \/>\n<meta property=\"article:modified_time\" content=\"2021-03-24T07:50:12+00:00\" \/>\n<meta name=\"twitter:card\" content=\"summary_large_image\" \/>\n<meta name=\"twitter:site\" content=\"@efa_france\" \/>\n<meta name=\"twitter:label1\" content=\"Gesch\u00e4tzte Lesezeit\" \/>\n\t<meta name=\"twitter:data1\" content=\"4 minutes\" \/>\n<script type=\"application\/ld+json\" class=\"yoast-schema-graph\">{\"@context\":\"https:\\\/\\\/schema.org\",\"@graph\":[{\"@type\":\"WebPage\",\"@id\":\"https:\\\/\\\/efa-controls.com\\\/de\\\/funksteuerung\\\/funksteuerung-fuer-das-mobiltelefon\\\/\",\"url\":\"https:\\\/\\\/efa-controls.com\\\/de\\\/funksteuerung\\\/funksteuerung-fuer-das-mobiltelefon\\\/\",\"name\":\"Funksteuerung f\u00fcr das Mobiltelefon - efa Controls\",\"isPartOf\":{\"@id\":\"https:\\\/\\\/efa-controls.com\\\/de\\\/#website\"},\"datePublished\":\"2020-03-09T11:37:55+00:00\",\"dateModified\":\"2021-03-24T07:50:12+00:00\",\"description\":\"RADIOCOMMANDS, Efa bietet Funksteuerungen f\u00fcr das Handy an, einschlie\u00dflich Sendern, Empf\u00e4ngern und Kabeln zur Registrierung in Ihrem automatischen System.\",\"breadcrumb\":{\"@id\":\"https:\\\/\\\/efa-controls.com\\\/de\\\/funksteuerung\\\/funksteuerung-fuer-das-mobiltelefon\\\/#breadcrumb\"},\"inLanguage\":\"de-DE\",\"potentialAction\":[{\"@type\":\"ReadAction\",\"target\":[\"https:\\\/\\\/efa-controls.com\\\/de\\\/funksteuerung\\\/funksteuerung-fuer-das-mobiltelefon\\\/\"]}]},{\"@type\":\"BreadcrumbList\",\"@id\":\"https:\\\/\\\/efa-controls.com\\\/de\\\/funksteuerung\\\/funksteuerung-fuer-das-mobiltelefon\\\/#breadcrumb\",\"itemListElement\":[{\"@type\":\"ListItem\",\"position\":1,\"name\":\"Accueil-Home\",\"item\":\"https:\\\/\\\/efa-controls.com\\\/de\\\/\"},{\"@type\":\"ListItem\",\"position\":2,\"name\":\"Funksteuerung\",\"item\":\"https:\\\/\\\/efa-controls.com\\\/de\\\/radiocommande\\\/\"},{\"@type\":\"ListItem\",\"position\":3,\"name\":\"Funksteuerung f\u00fcr das Mobiltelefon\"}]},{\"@type\":\"WebSite\",\"@id\":\"https:\\\/\\\/efa-controls.com\\\/de\\\/#website\",\"url\":\"https:\\\/\\\/efa-controls.com\\\/de\\\/\",\"name\":\"efa Controls\",\"description\":\"Bureau d&#039;\u00e9tude pour v\u00e9hicules industriels\",\"publisher\":{\"@id\":\"https:\\\/\\\/efa-controls.com\\\/de\\\/#organization\"},\"potentialAction\":[{\"@type\":\"SearchAction\",\"target\":{\"@type\":\"EntryPoint\",\"urlTemplate\":\"https:\\\/\\\/efa-controls.com\\\/de\\\/?s={search_term_string}\"},\"query-input\":{\"@type\":\"PropertyValueSpecification\",\"valueRequired\":true,\"valueName\":\"search_term_string\"}}],\"inLanguage\":\"de-DE\"},{\"@type\":\"Organization\",\"@id\":\"https:\\\/\\\/efa-controls.com\\\/de\\\/#organization\",\"name\":\"efa Controls\",\"url\":\"https:\\\/\\\/efa-controls.com\\\/de\\\/\",\"logo\":{\"@type\":\"ImageObject\",\"inLanguage\":\"de-DE\",\"@id\":\"https:\\\/\\\/efa-controls.com\\\/de\\\/#\\\/schema\\\/logo\\\/image\\\/\",\"url\":\"https:\\\/\\\/efa-controls.com\\\/wp-content\\\/uploads\\\/2023\\\/05\\\/logo-bleu.png\",\"contentUrl\":\"https:\\\/\\\/efa-controls.com\\\/wp-content\\\/uploads\\\/2023\\\/05\\\/logo-bleu.png\",\"width\":408,\"height\":288,\"caption\":\"efa Controls\"},\"image\":{\"@id\":\"https:\\\/\\\/efa-controls.com\\\/de\\\/#\\\/schema\\\/logo\\\/image\\\/\"},\"sameAs\":[\"https:\\\/\\\/www.facebook.com\\\/efaFranceSA\\\/\",\"https:\\\/\\\/x.com\\\/efa_france\",\"https:\\\/\\\/www.instagram.com\\\/efafrance\\\/\",\"https:\\\/\\\/www.linkedin.com\\\/company\\\/efa-france\",\"https:\\\/\\\/www.youtube.com\\\/user\\\/EFAControls\"]}]}<\/script>\n<!-- \/ Yoast SEO plugin. -->","yoast_head_json":{"title":"Funksteuerung f\u00fcr das Mobiltelefon - efa Controls","description":"RADIOCOMMANDS, Efa bietet Funksteuerungen f\u00fcr das Handy an, einschlie\u00dflich Sendern, Empf\u00e4ngern und Kabeln zur Registrierung in Ihrem automatischen System.","robots":{"index":"index","follow":"follow","max-snippet":"max-snippet:-1","max-image-preview":"max-image-preview:large","max-video-preview":"max-video-preview:-1"},"canonical":"https:\/\/efa-controls.com\/de\/funksteuerung\/funksteuerung-fuer-das-mobiltelefon\/","og_locale":"de_DE","og_type":"article","og_title":"Funksteuerung f\u00fcr das Mobiltelefon - efa Controls","og_description":"RADIOCOMMANDS, Efa bietet Funksteuerungen f\u00fcr das Handy an, einschlie\u00dflich Sendern, Empf\u00e4ngern und Kabeln zur Registrierung in Ihrem automatischen System.","og_url":"https:\/\/efa-controls.com\/de\/funksteuerung\/funksteuerung-fuer-das-mobiltelefon\/","og_site_name":"efa Controls","article_publisher":"https:\/\/www.facebook.com\/efaFranceSA\/","article_modified_time":"2021-03-24T07:50:12+00:00","twitter_card":"summary_large_image","twitter_site":"@efa_france","twitter_misc":{"Gesch\u00e4tzte Lesezeit":"4 minutes"},"schema":{"@context":"https:\/\/schema.org","@graph":[{"@type":"WebPage","@id":"https:\/\/efa-controls.com\/de\/funksteuerung\/funksteuerung-fuer-das-mobiltelefon\/","url":"https:\/\/efa-controls.com\/de\/funksteuerung\/funksteuerung-fuer-das-mobiltelefon\/","name":"Funksteuerung f\u00fcr das Mobiltelefon - efa Controls","isPartOf":{"@id":"https:\/\/efa-controls.com\/de\/#website"},"datePublished":"2020-03-09T11:37:55+00:00","dateModified":"2021-03-24T07:50:12+00:00","description":"RADIOCOMMANDS, Efa bietet Funksteuerungen f\u00fcr das Handy an, einschlie\u00dflich Sendern, Empf\u00e4ngern und Kabeln zur Registrierung in Ihrem automatischen System.","breadcrumb":{"@id":"https:\/\/efa-controls.com\/de\/funksteuerung\/funksteuerung-fuer-das-mobiltelefon\/#breadcrumb"},"inLanguage":"de-DE","potentialAction":[{"@type":"ReadAction","target":["https:\/\/efa-controls.com\/de\/funksteuerung\/funksteuerung-fuer-das-mobiltelefon\/"]}]},{"@type":"BreadcrumbList","@id":"https:\/\/efa-controls.com\/de\/funksteuerung\/funksteuerung-fuer-das-mobiltelefon\/#breadcrumb","itemListElement":[{"@type":"ListItem","position":1,"name":"Accueil-Home","item":"https:\/\/efa-controls.com\/de\/"},{"@type":"ListItem","position":2,"name":"Funksteuerung","item":"https:\/\/efa-controls.com\/de\/radiocommande\/"},{"@type":"ListItem","position":3,"name":"Funksteuerung f\u00fcr das Mobiltelefon"}]},{"@type":"WebSite","@id":"https:\/\/efa-controls.com\/de\/#website","url":"https:\/\/efa-controls.com\/de\/","name":"efa Controls","description":"Bureau d&#039;\u00e9tude pour v\u00e9hicules industriels","publisher":{"@id":"https:\/\/efa-controls.com\/de\/#organization"},"potentialAction":[{"@type":"SearchAction","target":{"@type":"EntryPoint","urlTemplate":"https:\/\/efa-controls.com\/de\/?s={search_term_string}"},"query-input":{"@type":"PropertyValueSpecification","valueRequired":true,"valueName":"search_term_string"}}],"inLanguage":"de-DE"},{"@type":"Organization","@id":"https:\/\/efa-controls.com\/de\/#organization","name":"efa Controls","url":"https:\/\/efa-controls.com\/de\/","logo":{"@type":"ImageObject","inLanguage":"de-DE","@id":"https:\/\/efa-controls.com\/de\/#\/schema\/logo\/image\/","url":"https:\/\/efa-controls.com\/wp-content\/uploads\/2023\/05\/logo-bleu.png","contentUrl":"https:\/\/efa-controls.com\/wp-content\/uploads\/2023\/05\/logo-bleu.png","width":408,"height":288,"caption":"efa Controls"},"image":{"@id":"https:\/\/efa-controls.com\/de\/#\/schema\/logo\/image\/"},"sameAs":["https:\/\/www.facebook.com\/efaFranceSA\/","https:\/\/x.com\/efa_france","https:\/\/www.instagram.com\/efafrance\/","https:\/\/www.linkedin.com\/company\/efa-france","https:\/\/www.youtube.com\/user\/EFAControls"]}]}},"_links":{"self":[{"href":"https:\/\/efa-controls.com\/de\/wp-json\/wp\/v2\/pages\/8280","targetHints":{"allow":["GET"]}}],"collection":[{"href":"https:\/\/efa-controls.com\/de\/wp-json\/wp\/v2\/pages"}],"about":[{"href":"https:\/\/efa-controls.com\/de\/wp-json\/wp\/v2\/types\/page"}],"author":[{"embeddable":true,"href":"https:\/\/efa-controls.com\/de\/wp-json\/wp\/v2\/users\/2"}],"replies":[{"embeddable":true,"href":"https:\/\/efa-controls.com\/de\/wp-json\/wp\/v2\/comments?post=8280"}],"version-history":[{"count":19,"href":"https:\/\/efa-controls.com\/de\/wp-json\/wp\/v2\/pages\/8280\/revisions"}],"predecessor-version":[{"id":13207,"href":"https:\/\/efa-controls.com\/de\/wp-json\/wp\/v2\/pages\/8280\/revisions\/13207"}],"up":[{"embeddable":true,"href":"https:\/\/efa-controls.com\/de\/wp-json\/wp\/v2\/pages\/8289"}],"wp:attachment":[{"href":"https:\/\/efa-controls.com\/de\/wp-json\/wp\/v2\/media?parent=8280"}],"curies":[{"name":"wp","href":"https:\/\/api.w.org\/{rel}","templated":true}]}}