{"id":8275,"date":"2020-03-09T12:37:00","date_gmt":"2020-03-09T11:37:00","guid":{"rendered":"https:\/\/efa-controls.com\/anti-kollisionsloesungen\/"},"modified":"2021-04-22T13:29:50","modified_gmt":"2021-04-22T11:29:50","slug":"anti-kollisionsloesungen","status":"publish","type":"page","link":"https:\/\/efa-controls.com\/de\/anti-kollisionsloesungen\/","title":{"rendered":"Antikollisionsschutz"},"content":{"rendered":"<p>[et_pb_section fb_built=&#8221;1&#8243; _builder_version=&#8221;3.27.4&#8243; background_image=&#8221;https:\/\/efa-controls.com\/wp-content\/uploads\/2019\/08\/anti-collision-sans-bande.jpg&#8221; custom_padding=&#8221;||107px|||&#8221; filter_saturate=&#8221;200%&#8221; bottom_divider_height=&#8221;30px&#8221;][et_pb_row column_structure=&#8221;1_2,1_2&#8243; _builder_version=&#8221;3.25&#8243; custom_padding=&#8221;81px|||||&#8221;][et_pb_column type=&#8221;1_2&#8243; _builder_version=&#8221;3.25&#8243; custom_padding=&#8221;|||&#8221; custom_padding__hover=&#8221;|||&#8221;][et_pb_text _builder_version=&#8221;3.27.4&#8243; text_font=&#8221;||||||||&#8221; text_text_color=&#8221;#ffffff&#8221; header_font=&#8221;|300|||||||&#8221; header_text_color=&#8221;#ffffff&#8221; header_2_font=&#8221;|700|||||||&#8221; header_2_text_color=&#8221;#ffffff&#8221; custom_margin=&#8221;|-73px||||&#8221; custom_padding=&#8221;|0px||||&#8221; animation_style=&#8221;slide&#8221; animation_direction=&#8221;bottom&#8221; animation_intensity_slide=&#8221;10%&#8221;]<\/p>\n<h1 class=\"left\">M\u00fcssen Sie Ihr Arbeitsumfeld sicherer machen?<\/h1>\n<h2>efa ist f\u00fcr Sie da!<\/h2>\n<p>[\/et_pb_text][\/et_pb_column][et_pb_column type=&#8221;1_2&#8243; _builder_version=&#8221;3.25&#8243; custom_padding=&#8221;|||&#8221; custom_padding__hover=&#8221;|||&#8221;][\/et_pb_column][\/et_pb_row][\/et_pb_section][et_pb_section fb_built=&#8221;1&#8243; _builder_version=&#8221;3.22.3&#8243; custom_padding=&#8221;||11px|||&#8221;][et_pb_row column_structure=&#8221;2_5,3_5&#8243; _builder_version=&#8221;4.6.1&#8243; background_size=&#8221;initial&#8221; background_position=&#8221;top_left&#8221; background_repeat=&#8221;repeat&#8221;][et_pb_column type=&#8221;2_5&#8243; _builder_version=&#8221;3.25&#8243; custom_padding=&#8221;|||&#8221; custom_padding__hover=&#8221;|||&#8221;][et_pb_image src=&#8221;https:\/\/efa-controls.com\/wp-content\/uploads\/2021\/03\/anti-collision-et-cameras.jpg&#8221; alt=&#8221;Antikollision und Kamera &#8221; title_text=&#8221;Antikollision und Kamera &#8221; _builder_version=&#8221;4.9.1&#8243; custom_padding=&#8221;|0px|0px|||&#8221;][\/et_pb_image][\/et_pb_column][et_pb_column type=&#8221;3_5&#8243; _builder_version=&#8221;3.25&#8243; custom_padding=&#8221;|||&#8221; custom_padding__hover=&#8221;|||&#8221;][et_pb_text _builder_version=&#8221;3.27.4&#8243;]<\/p>\n<h2 class=\"color_333\">Anti-Kollisionsl\u00f6sungen<\/h2>\n<p>efa bietet eine umfangreiche Palette von Anti-Kollisionsl\u00f6sungen und Kameras an, um die Sicherheit Ihrer Mitarbeiter und Fahrzeuge zu erh\u00f6hen. Wir bieten Ihnen Kameras, Monitore, 360\u00b0-Kamera-Kits, Quad sowie 3D-Kits. Unter diesen Produkttypen finden Sie mit Gewissheit eine fachgerechte und kompatible L\u00f6sung. Jede dieser L\u00f6sungen steigert die Sicherheit und den Komfort des Maschinenf\u00fchrers ma\u00dfgeblich. Sorgen Sie f\u00fcr optimale und sichere Arbeitsverh\u00e4ltnisse.<br \/>\nDiese Technologien erm\u00f6glichen es dem Bediener, das gesamte Fahrzeug und sein unmittelbares Umfeld st\u00e4ndig im Blick zu haben, um Kollisionen mit Fu\u00dfg\u00e4ngern, Ger\u00e4ten, B\u00fcrgersteigen usw. zu vermeiden&#8230;<\/p>\n<p>Unsere Kameras \u00fcbertragen qualitativ hochwertige Bilder, die es ihnen erm\u00f6glichen, Gefahren und Hindernisse fr\u00fchzeitig zu erkennen und rechtzeitig zu reagieren.<\/p>\n<p>Dar\u00fcber hinaus warnt das 3D-Erkennungskit in Verbindung mit dem Anpassungsalarm fr\u00fchzeitig vor m\u00f6glichen Zusammenst\u00f6\u00dfen durch anpassbare Warnsignale. Sie sind robust und mit Leichtigkeit an allen Fahrzeugtypen installierbar. So k\u00f6nnen Sie die Kameraposition an Ihren Fahrzeugen Ihren Tagesfahrten und Ihrer Maschine entsprechend anpassen.<\/p>\n<p>Unsere L\u00f6sungen zur Kollisionsvermeidung stellen eine enorme Erh\u00f6hung der Sicherheit dar. Warten Sie nicht auf Unf\u00e4lle, um Ihre Fahrzeuge auszur\u00fcsten. Bitten Sie die Efa, Ihnen bei der Auswahl der richtigen L\u00f6sung f\u00fcr Ihre Bed\u00fcrfnisse zu helfen.[\/et_pb_text][\/et_pb_column][\/et_pb_row][\/et_pb_section][et_pb_section fb_built=&#8221;1&#8243; _builder_version=&#8221;3.24&#8243; background_color=&#8221;rgba(0,0,0,0.05)&#8221; custom_padding=&#8221;23px|||||&#8221;][et_pb_row _builder_version=&#8221;3.25&#8243; custom_padding=&#8221;||0px|||&#8221;][et_pb_column type=&#8221;4_4&#8243; _builder_version=&#8221;3.25&#8243; custom_padding=&#8221;|||&#8221; custom_padding__hover=&#8221;|||&#8221;][et_pb_text _builder_version=&#8221;3.27.4&#8243; custom_margin=&#8221;||13px|||&#8221;]<\/p>\n<h2 class=\"center\">Unsere Produkte<\/h2>\n<p>[\/et_pb_text][et_pb_divider color=&#8221;#333333&#8243; _builder_version=&#8221;3.24&#8243; width=&#8221;10%&#8221; module_alignment=&#8221;center&#8221;][\/et_pb_divider][\/et_pb_column][\/et_pb_row][et_pb_row column_structure=&#8221;1_3,1_3,1_3&#8243; _builder_version=&#8221;3.25&#8243;][et_pb_column type=&#8221;1_3&#8243; _builder_version=&#8221;3.25&#8243; custom_padding=&#8221;|||&#8221; custom_padding__hover=&#8221;|||&#8221;][et_pb_text _builder_version=&#8221;4.9.2&#8243;]<\/p>\n<h3 class=\"color_aaa center\">RADAR<\/h3>\n<p>[\/et_pb_text][et_pb_image src=&#8221;https:\/\/efa-controls.com\/wp-content\/uploads\/2017\/10\/radar.jpg&#8221; url=&#8221;https:\/\/efa-controls.com\/de\/anti-kollisionsloesungen\/radar-sensor\/&#8221; _builder_version=&#8221;3.24&#8243; custom_margin=&#8221;-17px|||||&#8221; filter_contrast__hover_enabled=&#8221;on&#8221; filter_contrast__hover=&#8221;60%&#8221; transform_styles__hover_enabled=&#8221;on&#8221; transform_scale__hover_enabled=&#8221;on&#8221; transform_translate__hover_enabled=&#8221;on&#8221; transform_rotate__hover_enabled=&#8221;on&#8221; transform_skew__hover_enabled=&#8221;on&#8221; transform_origin__hover_enabled=&#8221;on&#8221; transform_scale__hover=&#8221;97%|97%&#8221;][\/et_pb_image][et_pb_text _builder_version=&#8221;3.27.4&#8243; custom_margin=&#8221;||15px|||&#8221;]Radarsensoren sind das perfekte Werkzeug zur Kollisionsvermeidung. Wirksam bei Tag und Nacht und vor allem bei allen Wetterbedingungen. Sie sind ideal zur Vermeidung von Unf\u00e4llen mit Fu\u00dfg\u00e4ngern und zwischen Fahrzeugen. Finden Sie ihr passendes Radar![\/et_pb_text][et_pb_button button_url=&#8221;https:\/\/efa-controls.com\/de\/anti-kollisionsloesungen\/radar-sensor\/&#8221; button_text=&#8221;Mehr Details&#8230;..&#8221; button_alignment=&#8221;center&#8221; _builder_version=&#8221;3.24&#8243;][\/et_pb_button][\/et_pb_column][et_pb_column type=&#8221;1_3&#8243; _builder_version=&#8221;3.25&#8243; custom_padding=&#8221;|||&#8221; custom_padding__hover=&#8221;|||&#8221;][et_pb_text _builder_version=&#8221;4.9.2&#8243;]<\/p>\n<h3 class=\"color_aaa center\">360\u00b0 Kamera-Kit<\/h3>\n<p>[\/et_pb_text][et_pb_image src=&#8221;https:\/\/efa-controls.com\/wp-content\/uploads\/2019\/08\/kit-camera-360-2.jpg&#8221; alt=&#8221;360\u00b0 Kamera Kitt&#8221; title_text=&#8221;360\u00b0 Kamera Kitt&#8221; url=&#8221;https:\/\/efa-controls.com\/en\/project\/360-camera-kit\/&#8221; _builder_version=&#8221;4.9.1&#8243; custom_margin=&#8221;-17px|||||&#8221; transform_styles__hover_enabled=&#8221;on&#8221; transform_scale__hover_enabled=&#8221;on&#8221; transform_translate__hover_enabled=&#8221;on&#8221; transform_rotate__hover_enabled=&#8221;on&#8221; transform_skew__hover_enabled=&#8221;on&#8221; transform_origin__hover_enabled=&#8221;on&#8221; transform_scale__hover=&#8221;97%|97%&#8221; filter_contrast__hover_enabled=&#8221;on&#8221; filter_contrast__hover=&#8221;60%&#8221;][\/et_pb_image][et_pb_text _builder_version=&#8221;3.27.4&#8243; custom_margin=&#8221;||15px|||&#8221;]efa bietet eine breite Palette von 360-Grad-Kamera\/Monitor-Kits an. Diese verbessern die Sicherheit Ihrer Fahrzeuge und damit auch Ihrer Bediener. Dies sind leicht konfigurierbare Kits, die es dem Bediener erm\u00f6glichen, alles rund um das Fahrzeug mit einem einzigen Blick zu sehen.[\/et_pb_text][et_pb_button button_url=&#8221;https:\/\/efa-controls.com\/en\/project\/360-camera-kit\/&#8221; button_text=&#8221;Mehr Details&#8230;..&#8221; button_alignment=&#8221;center&#8221; _builder_version=&#8221;3.24&#8243;][\/et_pb_button][\/et_pb_column][et_pb_column type=&#8221;1_3&#8243; _builder_version=&#8221;3.25&#8243; custom_padding=&#8221;|||&#8221; custom_padding__hover=&#8221;|||&#8221;][et_pb_text _builder_version=&#8221;4.9.2&#8243;]<\/p>\n<h3 class=\"color_aaa center\">3D Infrarot<\/h3>\n<p>[\/et_pb_text][et_pb_image src=&#8221;https:\/\/efa-controls.com\/wp-content\/uploads\/2017\/05\/lancement-3Dtection-Kit-efa.jpg&#8221; url=&#8221;https:\/\/efa-controls.com\/de\/anti-kollisionsloesungen\/3d-infrarot-sensoren\/&#8221; _builder_version=&#8221;3.24&#8243; custom_margin=&#8221;-17px|||||&#8221; filter_contrast__hover_enabled=&#8221;on&#8221; filter_contrast__hover=&#8221;60%&#8221; transform_styles__hover_enabled=&#8221;on&#8221; transform_scale__hover_enabled=&#8221;on&#8221; transform_translate__hover_enabled=&#8221;on&#8221; transform_rotate__hover_enabled=&#8221;on&#8221; transform_skew__hover_enabled=&#8221;on&#8221; transform_origin__hover_enabled=&#8221;on&#8221; transform_scale__hover=&#8221;97%|97%&#8221;][\/et_pb_image][et_pb_text _builder_version=&#8221;3.27.4&#8243; custom_margin=&#8221;||15px|||&#8221;]Das 3Dtection Kit basiert auf der 3D-Technologie. Dieses Plug-and-Play-Kit ist einfach zu installieren. Dank des 3Dtection Kits profitieren Sie von visuellem und akustischem Feedback, das maximale Sicherheit bietet. Mehr Details&#8230;..[\/et_pb_text][et_pb_button button_url=&#8221;https:\/\/efa-controls.com\/de\/anti-kollisionsloesungen\/3d-infrarot-sensoren\/&#8221; button_text=&#8221;Mehr Details&#8230;..&#8221; button_alignment=&#8221;center&#8221; _builder_version=&#8221;3.24&#8243;][\/et_pb_button][\/et_pb_column][\/et_pb_row][\/et_pb_section][et_pb_section fb_built=&#8221;1&#8243; _builder_version=&#8221;3.24&#8243;][et_pb_row disabled_on=&#8221;on|on|on&#8221; _builder_version=&#8221;3.25&#8243; custom_padding=&#8221;5px||0px|||&#8221; disabled=&#8221;on&#8221;][et_pb_column type=&#8221;4_4&#8243; _builder_version=&#8221;3.25&#8243; custom_padding=&#8221;|||&#8221; custom_padding__hover=&#8221;|||&#8221;][et_pb_slider _builder_version=&#8221;3.24&#8243; custom_margin=&#8221;||65px|||&#8221;][et_pb_slide heading=&#8221;Ihr Titel geht hierhin&#8221; button_text=&#8221;Klicks&#8221; _builder_version=&#8221;3.24&#8243; sticky_transition=&#8221;on&#8221;]Your content goes here. Edit or remove this text inline or in the module Content settings. You can also style every aspect of this content in the module Design settings and even apply custom CSS to this text in the module Advanced settings.[\/et_pb_slide][et_pb_slide heading=&#8221;Ihr Titel geht hierhin&#8221; button_text=&#8221;Klicks&#8221; _builder_version=&#8221;3.24&#8243; sticky_transition=&#8221;on&#8221;]Your content goes here. Edit or remove this text inline or in the module Content settings. You can also style every aspect of this content in the module Design settings and even apply custom CSS to this text in the module Advanced settings.[\/et_pb_slide][\/et_pb_slider][\/et_pb_column][\/et_pb_row][et_pb_row _builder_version=&#8221;3.27.4&#8243;][et_pb_column type=&#8221;4_4&#8243; _builder_version=&#8221;3.27.4&#8243;][et_pb_text _builder_version=&#8221;3.27.4&#8243; custom_margin=&#8221;||13px|||&#8221;]<\/p>\n<h3 class=\"color_333 center\">Unsere Videos<\/h2>\n<p>[\/et_pb_text][et_pb_divider color=&#8221;#333333&#8243; _builder_version=&#8221;3.24&#8243; width=&#8221;10%&#8221; module_alignment=&#8221;center&#8221;][\/et_pb_divider][\/et_pb_column][\/et_pb_row][et_pb_row column_structure=&#8221;1_3,1_3,1_3&#8243; _builder_version=&#8221;3.25&#8243; custom_margin=&#8221;2px|auto||auto||&#8221;][et_pb_column type=&#8221;1_3&#8243; _builder_version=&#8221;3.25&#8243; custom_padding=&#8221;|||&#8221; custom_padding__hover=&#8221;|||&#8221;][et_pb_video src=&#8221;https:\/\/www.youtube.com\/watch?v=OERSLEMY3Q8&#8243; _builder_version=&#8221;3.27.4&#8243;][\/et_pb_video][\/et_pb_column][et_pb_column type=&#8221;1_3&#8243; _builder_version=&#8221;3.25&#8243; custom_padding=&#8221;|||&#8221; custom_padding__hover=&#8221;|||&#8221;][et_pb_video src=&#8221;https:\/\/www.youtube.com\/watch?v=1JOIe9dD5sU&#038;list=PLcU30kkbsNfYG2wQr7TPEFkrHCi3AB4Oe&#8221; _builder_version=&#8221;3.27.4&#8243;][\/et_pb_video][\/et_pb_column][et_pb_column type=&#8221;1_3&#8243; _builder_version=&#8221;3.25&#8243; custom_padding=&#8221;|||&#8221; custom_padding__hover=&#8221;|||&#8221;][et_pb_video src=&#8221;https:\/\/www.youtube.com\/watch?v=N5Bx0lOWHDc&#038;list=PLcU30kkbsNfYG2wQr7TPEFkrHCi3AB4Oe&#038;index=8&#8243; _builder_version=&#8221;3.27.4&#8243;][\/et_pb_video][\/et_pb_column][\/et_pb_row][\/et_pb_section][et_pb_section fb_built=&#8221;1&#8243; _builder_version=&#8221;3.24&#8243; use_background_color_gradient=&#8221;on&#8221; background_color_gradient_start=&#8221;#1f68b1&#8243; background_color_gradient_end=&#8221;#001b56&#8243; background_color_gradient_direction=&#8221;90deg&#8221; background_color_gradient_start_position=&#8221;32%&#8221; animation_style=&#8221;zoom&#8221; animation_duration=&#8221;600ms&#8221; animation_intensity_zoom=&#8221;16%&#8221; animation_starting_opacity=&#8221;68%&#8221; saved_tabs=&#8221;all&#8221;][et_pb_row column_structure=&#8221;3_5,2_5&#8243; _builder_version=&#8221;3.25&#8243;][et_pb_column type=&#8221;3_5&#8243; _builder_version=&#8221;3.25&#8243; custom_padding=&#8221;|||&#8221; custom_padding__hover=&#8221;|||&#8221;][et_pb_text _builder_version=&#8221;4.3.1&#8243; header_font=&#8221;||||||||&#8221; header_2_font=&#8221;|700|||||||&#8221; header_2_text_color=&#8221;#ffffff&#8221;]<\/p>\n<h2>Brauchen Sie eine Anti-Kollisionsdiagnose?<\/h2>\n<p>[\/et_pb_text][et_pb_text _builder_version=&#8221;4.3.1&#8243; text_font=&#8221;|300|||||||&#8221; text_text_color=&#8221;#ffffff&#8221; text_font_size=&#8221;16px&#8221; header_font=&#8221;||||||||&#8221; header_2_font=&#8221;|700|||||||&#8221; header_2_text_color=&#8221;#ffffff&#8221;]Klicken Sie auf die Schaltfl\u00e4che, beantworten Sie unseren Fragebogen und wir senden Ihnen eine Detektionsl\u00f6sung, um alle Ihre Probleme zu l\u00f6sen ![\/et_pb_text][\/et_pb_column][et_pb_column type=&#8221;2_5&#8243; _builder_version=&#8221;3.25&#8243; custom_padding=&#8221;|||&#8221; custom_padding__hover=&#8221;|||&#8221;][et_pb_button button_url=&#8221;https:\/\/efa-controls.com\/de\/anti-kollisionsdiagnose\/&#8221; url_new_window=&#8221;on&#8221; button_text=&#8221;Lassen Sie sich Ihre Diagnose erstellen!&#8221; _builder_version=&#8221;4.3.1&#8243; custom_button=&#8221;on&#8221; button_text_color=&#8221;#ffffff&#8221; button_font=&#8221;||||||||&#8221; button_icon=&#8221;%%86%%&#8221; button_icon_placement=&#8221;left&#8221; button_on_hover=&#8221;off&#8221; button_bg_color__hover_enabled=&#8221;on&#8221; button_bg_color__hover=&#8221;#ffffff&#8221; button_text_color__hover_enabled=&#8221;on&#8221; button_text_color__hover=&#8221;#0c71c3&#8243;][\/et_pb_button][\/et_pb_column][\/et_pb_row][\/et_pb_section]<\/p>\n","protected":false},"excerpt":{"rendered":"<p>M\u00fcssen Sie Ihr Arbeitsumfeld sicherer machen? efa ist f\u00fcr Sie da!Anti-Kollisionsl\u00f6sungen efa bietet eine umfangreiche Palette von Anti-Kollisionsl\u00f6sungen und Kameras an, um die Sicherheit Ihrer Mitarbeiter und Fahrzeuge zu erh\u00f6hen. Wir bieten Ihnen Kameras, Monitore, 360\u00b0-Kamera-Kits, Quad sowie 3D-Kits. Unter diesen Produkttypen finden Sie mit Gewissheit eine fachgerechte und kompatible L\u00f6sung. Jede dieser L\u00f6sungen steigert [&hellip;]<\/p>\n","protected":false},"author":2,"featured_media":0,"parent":0,"menu_order":0,"comment_status":"closed","ping_status":"closed","template":"","meta":{"_et_pb_use_builder":"on","_et_pb_old_content":"","_et_gb_content_width":"","_uf_show_specific_survey":0,"_uf_disable_surveys":false,"footnotes":""},"class_list":["post-8275","page","type-page","status-publish","hentry"],"yoast_head":"<!-- This site is optimized with the Yoast SEO plugin v27.4 - https:\/\/yoast.com\/product\/yoast-seo-wordpress\/ -->\n<title>Antikollisionsl\u00f6sungen und Kameras - Spezialist f\u00fcr mobile Ausr\u00fcstung von efa France<\/title>\n<meta name=\"description\" content=\"Antikollisionsl\u00f6sungen und Kameras - Spezialist f\u00fcr mobile Ausr\u00fcstung von efa France, 3D-Erkennungskit, Hindernisse, gelbe Westen, Personal und andere Fahrzeuge.\" \/>\n<meta name=\"robots\" content=\"index, follow, max-snippet:-1, max-image-preview:large, max-video-preview:-1\" \/>\n<link rel=\"canonical\" href=\"https:\/\/efa-controls.com\/de\/anti-kollisionsloesungen\/\" \/>\n<meta property=\"og:locale\" content=\"de_DE\" \/>\n<meta property=\"og:type\" content=\"article\" \/>\n<meta property=\"og:title\" content=\"Antikollisionsl\u00f6sungen und Kameras - Spezialist f\u00fcr mobile Ausr\u00fcstung von efa France\" \/>\n<meta property=\"og:description\" content=\"Antikollisionsl\u00f6sungen und Kameras - Spezialist f\u00fcr mobile Ausr\u00fcstung von efa France, 3D-Erkennungskit, Hindernisse, gelbe Westen, Personal und andere Fahrzeuge.\" \/>\n<meta property=\"og:url\" content=\"https:\/\/efa-controls.com\/de\/anti-kollisionsloesungen\/\" \/>\n<meta property=\"og:site_name\" content=\"efa Controls\" \/>\n<meta property=\"article:publisher\" content=\"https:\/\/www.facebook.com\/efaFranceSA\/\" \/>\n<meta property=\"article:modified_time\" content=\"2021-04-22T11:29:50+00:00\" \/>\n<meta name=\"twitter:card\" content=\"summary_large_image\" \/>\n<meta name=\"twitter:site\" content=\"@efa_france\" \/>\n<meta name=\"twitter:label1\" content=\"Gesch\u00e4tzte Lesezeit\" \/>\n\t<meta name=\"twitter:data1\" content=\"8 minutes\" \/>\n<script type=\"application\/ld+json\" class=\"yoast-schema-graph\">{\"@context\":\"https:\\\/\\\/schema.org\",\"@graph\":[{\"@type\":\"WebPage\",\"@id\":\"https:\\\/\\\/efa-controls.com\\\/de\\\/anti-kollisionsloesungen\\\/\",\"url\":\"https:\\\/\\\/efa-controls.com\\\/de\\\/anti-kollisionsloesungen\\\/\",\"name\":\"Antikollisionsl\u00f6sungen und Kameras - Spezialist f\u00fcr mobile Ausr\u00fcstung von efa France\",\"isPartOf\":{\"@id\":\"https:\\\/\\\/efa-controls.com\\\/de\\\/#website\"},\"datePublished\":\"2020-03-09T11:37:00+00:00\",\"dateModified\":\"2021-04-22T11:29:50+00:00\",\"description\":\"Antikollisionsl\u00f6sungen und Kameras - Spezialist f\u00fcr mobile Ausr\u00fcstung von efa France, 3D-Erkennungskit, Hindernisse, gelbe Westen, Personal und andere Fahrzeuge.\",\"breadcrumb\":{\"@id\":\"https:\\\/\\\/efa-controls.com\\\/de\\\/anti-kollisionsloesungen\\\/#breadcrumb\"},\"inLanguage\":\"de-DE\",\"potentialAction\":[{\"@type\":\"ReadAction\",\"target\":[\"https:\\\/\\\/efa-controls.com\\\/de\\\/anti-kollisionsloesungen\\\/\"]}]},{\"@type\":\"BreadcrumbList\",\"@id\":\"https:\\\/\\\/efa-controls.com\\\/de\\\/anti-kollisionsloesungen\\\/#breadcrumb\",\"itemListElement\":[{\"@type\":\"ListItem\",\"position\":1,\"name\":\"Accueil-Home\",\"item\":\"https:\\\/\\\/efa-controls.com\\\/de\\\/\"},{\"@type\":\"ListItem\",\"position\":2,\"name\":\"Antikollisionsschutz\"}]},{\"@type\":\"WebSite\",\"@id\":\"https:\\\/\\\/efa-controls.com\\\/de\\\/#website\",\"url\":\"https:\\\/\\\/efa-controls.com\\\/de\\\/\",\"name\":\"efa Controls\",\"description\":\"Bureau d&#039;\u00e9tude pour v\u00e9hicules industriels\",\"publisher\":{\"@id\":\"https:\\\/\\\/efa-controls.com\\\/de\\\/#organization\"},\"potentialAction\":[{\"@type\":\"SearchAction\",\"target\":{\"@type\":\"EntryPoint\",\"urlTemplate\":\"https:\\\/\\\/efa-controls.com\\\/de\\\/?s={search_term_string}\"},\"query-input\":{\"@type\":\"PropertyValueSpecification\",\"valueRequired\":true,\"valueName\":\"search_term_string\"}}],\"inLanguage\":\"de-DE\"},{\"@type\":\"Organization\",\"@id\":\"https:\\\/\\\/efa-controls.com\\\/de\\\/#organization\",\"name\":\"efa Controls\",\"url\":\"https:\\\/\\\/efa-controls.com\\\/de\\\/\",\"logo\":{\"@type\":\"ImageObject\",\"inLanguage\":\"de-DE\",\"@id\":\"https:\\\/\\\/efa-controls.com\\\/de\\\/#\\\/schema\\\/logo\\\/image\\\/\",\"url\":\"https:\\\/\\\/efa-controls.com\\\/wp-content\\\/uploads\\\/2023\\\/05\\\/logo-bleu.png\",\"contentUrl\":\"https:\\\/\\\/efa-controls.com\\\/wp-content\\\/uploads\\\/2023\\\/05\\\/logo-bleu.png\",\"width\":408,\"height\":288,\"caption\":\"efa Controls\"},\"image\":{\"@id\":\"https:\\\/\\\/efa-controls.com\\\/de\\\/#\\\/schema\\\/logo\\\/image\\\/\"},\"sameAs\":[\"https:\\\/\\\/www.facebook.com\\\/efaFranceSA\\\/\",\"https:\\\/\\\/x.com\\\/efa_france\",\"https:\\\/\\\/www.instagram.com\\\/efafrance\\\/\",\"https:\\\/\\\/www.linkedin.com\\\/company\\\/efa-france\",\"https:\\\/\\\/www.youtube.com\\\/user\\\/EFAControls\"]}]}<\/script>\n<!-- \/ Yoast SEO plugin. -->","yoast_head_json":{"title":"Antikollisionsl\u00f6sungen und Kameras - Spezialist f\u00fcr mobile Ausr\u00fcstung von efa France","description":"Antikollisionsl\u00f6sungen und Kameras - Spezialist f\u00fcr mobile Ausr\u00fcstung von efa France, 3D-Erkennungskit, Hindernisse, gelbe Westen, Personal und andere Fahrzeuge.","robots":{"index":"index","follow":"follow","max-snippet":"max-snippet:-1","max-image-preview":"max-image-preview:large","max-video-preview":"max-video-preview:-1"},"canonical":"https:\/\/efa-controls.com\/de\/anti-kollisionsloesungen\/","og_locale":"de_DE","og_type":"article","og_title":"Antikollisionsl\u00f6sungen und Kameras - Spezialist f\u00fcr mobile Ausr\u00fcstung von efa France","og_description":"Antikollisionsl\u00f6sungen und Kameras - Spezialist f\u00fcr mobile Ausr\u00fcstung von efa France, 3D-Erkennungskit, Hindernisse, gelbe Westen, Personal und andere Fahrzeuge.","og_url":"https:\/\/efa-controls.com\/de\/anti-kollisionsloesungen\/","og_site_name":"efa Controls","article_publisher":"https:\/\/www.facebook.com\/efaFranceSA\/","article_modified_time":"2021-04-22T11:29:50+00:00","twitter_card":"summary_large_image","twitter_site":"@efa_france","twitter_misc":{"Gesch\u00e4tzte Lesezeit":"8 minutes"},"schema":{"@context":"https:\/\/schema.org","@graph":[{"@type":"WebPage","@id":"https:\/\/efa-controls.com\/de\/anti-kollisionsloesungen\/","url":"https:\/\/efa-controls.com\/de\/anti-kollisionsloesungen\/","name":"Antikollisionsl\u00f6sungen und Kameras - Spezialist f\u00fcr mobile Ausr\u00fcstung von efa France","isPartOf":{"@id":"https:\/\/efa-controls.com\/de\/#website"},"datePublished":"2020-03-09T11:37:00+00:00","dateModified":"2021-04-22T11:29:50+00:00","description":"Antikollisionsl\u00f6sungen und Kameras - Spezialist f\u00fcr mobile Ausr\u00fcstung von efa France, 3D-Erkennungskit, Hindernisse, gelbe Westen, Personal und andere Fahrzeuge.","breadcrumb":{"@id":"https:\/\/efa-controls.com\/de\/anti-kollisionsloesungen\/#breadcrumb"},"inLanguage":"de-DE","potentialAction":[{"@type":"ReadAction","target":["https:\/\/efa-controls.com\/de\/anti-kollisionsloesungen\/"]}]},{"@type":"BreadcrumbList","@id":"https:\/\/efa-controls.com\/de\/anti-kollisionsloesungen\/#breadcrumb","itemListElement":[{"@type":"ListItem","position":1,"name":"Accueil-Home","item":"https:\/\/efa-controls.com\/de\/"},{"@type":"ListItem","position":2,"name":"Antikollisionsschutz"}]},{"@type":"WebSite","@id":"https:\/\/efa-controls.com\/de\/#website","url":"https:\/\/efa-controls.com\/de\/","name":"efa Controls","description":"Bureau d&#039;\u00e9tude pour v\u00e9hicules industriels","publisher":{"@id":"https:\/\/efa-controls.com\/de\/#organization"},"potentialAction":[{"@type":"SearchAction","target":{"@type":"EntryPoint","urlTemplate":"https:\/\/efa-controls.com\/de\/?s={search_term_string}"},"query-input":{"@type":"PropertyValueSpecification","valueRequired":true,"valueName":"search_term_string"}}],"inLanguage":"de-DE"},{"@type":"Organization","@id":"https:\/\/efa-controls.com\/de\/#organization","name":"efa Controls","url":"https:\/\/efa-controls.com\/de\/","logo":{"@type":"ImageObject","inLanguage":"de-DE","@id":"https:\/\/efa-controls.com\/de\/#\/schema\/logo\/image\/","url":"https:\/\/efa-controls.com\/wp-content\/uploads\/2023\/05\/logo-bleu.png","contentUrl":"https:\/\/efa-controls.com\/wp-content\/uploads\/2023\/05\/logo-bleu.png","width":408,"height":288,"caption":"efa Controls"},"image":{"@id":"https:\/\/efa-controls.com\/de\/#\/schema\/logo\/image\/"},"sameAs":["https:\/\/www.facebook.com\/efaFranceSA\/","https:\/\/x.com\/efa_france","https:\/\/www.instagram.com\/efafrance\/","https:\/\/www.linkedin.com\/company\/efa-france","https:\/\/www.youtube.com\/user\/EFAControls"]}]}},"_links":{"self":[{"href":"https:\/\/efa-controls.com\/de\/wp-json\/wp\/v2\/pages\/8275","targetHints":{"allow":["GET"]}}],"collection":[{"href":"https:\/\/efa-controls.com\/de\/wp-json\/wp\/v2\/pages"}],"about":[{"href":"https:\/\/efa-controls.com\/de\/wp-json\/wp\/v2\/types\/page"}],"author":[{"embeddable":true,"href":"https:\/\/efa-controls.com\/de\/wp-json\/wp\/v2\/users\/2"}],"replies":[{"embeddable":true,"href":"https:\/\/efa-controls.com\/de\/wp-json\/wp\/v2\/comments?post=8275"}],"version-history":[{"count":40,"href":"https:\/\/efa-controls.com\/de\/wp-json\/wp\/v2\/pages\/8275\/revisions"}],"predecessor-version":[{"id":15193,"href":"https:\/\/efa-controls.com\/de\/wp-json\/wp\/v2\/pages\/8275\/revisions\/15193"}],"wp:attachment":[{"href":"https:\/\/efa-controls.com\/de\/wp-json\/wp\/v2\/media?parent=8275"}],"curies":[{"name":"wp","href":"https:\/\/api.w.org\/{rel}","templated":true}]}}