{"id":8271,"date":"2020-03-09T12:36:18","date_gmt":"2020-03-09T11:36:18","guid":{"rendered":"https:\/\/efa-controls.com\/3d-infrarot-sensoren\/"},"modified":"2021-04-29T13:29:34","modified_gmt":"2021-04-29T11:29:34","slug":"3d-infrarot-sensoren","status":"publish","type":"page","link":"https:\/\/efa-controls.com\/de\/anti-kollisionsloesungen\/3d-infrarot-sensoren\/","title":{"rendered":"3D Infraror"},"content":{"rendered":"<p>[et_pb_section fb_built=&#8221;1&#8243; _builder_version=&#8221;3.24&#8243; background_color=&#8221;#333333&#8243; custom_padding=&#8221;8px||25px|||&#8221;][et_pb_row _builder_version=&#8221;3.25&#8243; custom_padding=&#8221;56px|||||&#8221;][et_pb_column type=&#8221;4_4&#8243; _builder_version=&#8221;3.25&#8243; custom_padding=&#8221;|||&#8221; custom_padding__hover=&#8221;|||&#8221;][et_pb_text _builder_version=&#8221;3.27.4&#8243; header_font=&#8221;||||||||&#8221; header_text_color=&#8221;#ffffff&#8221;]<\/p>\n<h1>3D-Infrarot-Sensoren<\/h1>\n<p>[\/et_pb_text][et_pb_divider color=&#8221;#ffffff&#8221; _builder_version=&#8221;3.24&#8243; width=&#8221;20%&#8221; module_alignment=&#8221;center&#8221;][\/et_pb_divider][\/et_pb_column][\/et_pb_row][\/et_pb_section][et_pb_section fb_built=&#8221;1&#8243; _builder_version=&#8221;3.24&#8243; custom_margin=&#8221;||0px|||&#8221; custom_padding=&#8221;0px||4px|||&#8221; saved_tabs=&#8221;all&#8221;][et_pb_row column_structure=&#8221;1_2,1_2&#8243; _builder_version=&#8221;3.25&#8243; min_height=&#8221;197px&#8221; custom_padding=&#8221;55px|||||&#8221;][et_pb_column type=&#8221;1_2&#8243; _builder_version=&#8221;3.25&#8243; custom_padding=&#8221;|||&#8221; custom_padding__hover=&#8221;|||&#8221;][et_pb_text _builder_version=&#8221;3.27.4&#8243; custom_margin=&#8221;|-10px||-5px||&#8221;]<\/p>\n<p>Die in unseren Kollisionsvermeidungs-Kits verwendete 3D-Infrarot-Technologie ist eine Flugzeittechnologie, welche das Hindernis erkennt. Da die reflektierenden B\u00e4nder mehr Licht zur\u00fcckwerfen, sind wir in der Lage, sie zu isolieren und somit nur dann den Fahrer zu Warnen, wenn ein Mensch in Gefahr ist.<\/p>\n<p>[\/et_pb_text][\/et_pb_column][et_pb_column type=&#8221;1_2&#8243; _builder_version=&#8221;3.25&#8243; custom_padding=&#8221;|||&#8221; custom_padding__hover=&#8221;|||&#8221;][et_pb_text _builder_version=&#8221;3.27.4&#8243; custom_margin=&#8221;|-10px||-5px||&#8221; custom_padding=&#8221;|||0px||&#8221;]<\/p>\n<p>Nat\u00fcrlich k\u00f6nnen Sie alle Objekte erkennen. Aber ist es nicht l\u00e4stig, auf einer Baustelle auf einen einfachen Sandhaufen oder einen Busch aufmerksam gemacht zu werden?<\/p>\n<p>Dank unserer Baus\u00e4tze werden die Maschinenf\u00fchrer nur im Falle einer echten Gefahr alarmiert.<\/p>\n<p>[\/et_pb_text][\/et_pb_column][\/et_pb_row][et_pb_row _builder_version=&#8221;3.25&#8243;][et_pb_column type=&#8221;4_4&#8243; _builder_version=&#8221;3.25&#8243; custom_padding=&#8221;|||&#8221; custom_padding__hover=&#8221;|||&#8221;][et_pb_text _builder_version=&#8221;3.27.4&#8243;]<\/p>\n<h2 class=\"color_333 center\">Unser Produktangebot<\/h2>\n<p>[\/et_pb_text][et_pb_divider color=&#8221;#333333&#8243; _builder_version=&#8221;3.24&#8243; width=&#8221;20%&#8221; module_alignment=&#8221;center&#8221;][\/et_pb_divider][et_pb_portfolio include_categories=&#8221;120&#8243; _builder_version=&#8221;3.24&#8243; hover_enabled=&#8221;0&#8243; sticky_enabled=&#8221;0&#8243;][\/et_pb_portfolio][\/et_pb_column][\/et_pb_row][\/et_pb_section][et_pb_section fb_built=&#8221;1&#8243; _builder_version=&#8221;3.24&#8243; use_background_color_gradient=&#8221;on&#8221; background_color_gradient_start=&#8221;#1f68b1&#8243; background_color_gradient_end=&#8221;#001b56&#8243; background_color_gradient_direction=&#8221;90deg&#8221; background_color_gradient_start_position=&#8221;32%&#8221; animation_style=&#8221;zoom&#8221; animation_duration=&#8221;600ms&#8221; animation_intensity_zoom=&#8221;16%&#8221; animation_starting_opacity=&#8221;68%&#8221; saved_tabs=&#8221;all&#8221;][et_pb_row column_structure=&#8221;3_5,2_5&#8243; _builder_version=&#8221;3.25&#8243;][et_pb_column type=&#8221;3_5&#8243; _builder_version=&#8221;3.25&#8243; custom_padding=&#8221;|||&#8221; custom_padding__hover=&#8221;|||&#8221;][et_pb_text _builder_version=&#8221;4.3.1&#8243; header_font=&#8221;||||||||&#8221; header_2_font=&#8221;|700|||||||&#8221; header_2_text_color=&#8221;#ffffff&#8221;]<\/p>\n<h2>Brauchen Sie eine Anti-Kollisionsdiagnose?<\/h2>\n<p>[\/et_pb_text][et_pb_text _builder_version=&#8221;4.3.1&#8243; text_font=&#8221;|300|||||||&#8221; text_text_color=&#8221;#ffffff&#8221; text_font_size=&#8221;16px&#8221; header_font=&#8221;||||||||&#8221; header_2_font=&#8221;|700|||||||&#8221; header_2_text_color=&#8221;#ffffff&#8221;]Klicken Sie auf die Schaltfl\u00e4che, beantworten Sie unseren Fragebogen und wir senden Ihnen eine Detektionsl\u00f6sung, um alle Ihre Probleme zu l\u00f6sen ![\/et_pb_text][\/et_pb_column][et_pb_column type=&#8221;2_5&#8243; _builder_version=&#8221;3.25&#8243; custom_padding=&#8221;|||&#8221; custom_padding__hover=&#8221;|||&#8221;][et_pb_button button_url=&#8221;https:\/\/efa-controls.com\/de\/anti-kollisionsdiagnose\/&#8221; url_new_window=&#8221;on&#8221; button_text=&#8221;Holen Sie sich Ihre Diagnose!&#8221; _builder_version=&#8221;4.3.1&#8243; custom_button=&#8221;on&#8221; button_text_color=&#8221;#ffffff&#8221; button_font=&#8221;||||||||&#8221; button_icon=&#8221;%%86%%&#8221; button_icon_placement=&#8221;left&#8221; button_on_hover=&#8221;off&#8221; button_bg_color__hover_enabled=&#8221;on&#8221; button_bg_color__hover=&#8221;#ffffff&#8221; button_text_color__hover_enabled=&#8221;on&#8221; button_text_color__hover=&#8221;#0c71c3&#8243;][\/et_pb_button][\/et_pb_column][\/et_pb_row][\/et_pb_section]<\/p>\n","protected":false},"excerpt":{"rendered":"<p>3D-Infrarot-SensorenDie in unseren Kollisionsvermeidungs-Kits verwendete 3D-Infrarot-Technologie ist eine Flugzeittechnologie, welche das Hindernis erkennt. Da die reflektierenden B\u00e4nder mehr Licht zur\u00fcckwerfen, sind wir in der Lage, sie zu isolieren und somit nur dann den Fahrer zu Warnen, wenn ein Mensch in Gefahr ist.Nat\u00fcrlich k\u00f6nnen Sie alle Objekte erkennen. Aber ist es nicht l\u00e4stig, auf einer Baustelle [&hellip;]<\/p>\n","protected":false},"author":2,"featured_media":12350,"parent":8275,"menu_order":0,"comment_status":"closed","ping_status":"closed","template":"","meta":{"_et_pb_use_builder":"on","_et_pb_old_content":"","_et_gb_content_width":"","_uf_show_specific_survey":0,"_uf_disable_surveys":false,"footnotes":""},"class_list":["post-8271","page","type-page","status-publish","has-post-thumbnail","hentry"],"yoast_head":"<!-- This site is optimized with the Yoast SEO plugin v27.4 - https:\/\/yoast.com\/product\/yoast-seo-wordpress\/ -->\n<title>3D Infraror - Kollisionsschutz mit qualifizierten Warnungen - efa France<\/title>\n<meta name=\"description\" content=\"Die 3D-Infrarottechnologie kann nur Menschen mit einer reflektierenden Weste erkennen. Kein \u00c4rger mehr Bip, qualifizieren Sie Ihre Warnungen!\" \/>\n<meta name=\"robots\" content=\"index, follow, max-snippet:-1, max-image-preview:large, max-video-preview:-1\" \/>\n<link rel=\"canonical\" href=\"https:\/\/efa-controls.com\/de\/anti-kollisionsloesungen\/3d-infrarot-sensoren\/\" \/>\n<meta property=\"og:locale\" content=\"de_DE\" \/>\n<meta property=\"og:type\" content=\"article\" \/>\n<meta property=\"og:title\" content=\"3D Infraror - Kollisionsschutz mit qualifizierten Warnungen - efa France\" \/>\n<meta property=\"og:description\" content=\"Die 3D-Infrarottechnologie kann nur Menschen mit einer reflektierenden Weste erkennen. Kein \u00c4rger mehr Bip, qualifizieren Sie Ihre Warnungen!\" \/>\n<meta property=\"og:url\" content=\"https:\/\/efa-controls.com\/de\/anti-kollisionsloesungen\/3d-infrarot-sensoren\/\" \/>\n<meta property=\"og:site_name\" content=\"efa Controls\" \/>\n<meta property=\"article:publisher\" content=\"https:\/\/www.facebook.com\/efaFranceSA\/\" \/>\n<meta property=\"article:modified_time\" content=\"2021-04-29T11:29:34+00:00\" \/>\n<meta property=\"og:image\" content=\"https:\/\/efa-controls.com\/wp-content\/uploads\/2021\/02\/capteurs-infrarouges-3.jpg\" \/>\n\t<meta property=\"og:image:width\" content=\"1036\" \/>\n\t<meta property=\"og:image:height\" content=\"776\" \/>\n\t<meta property=\"og:image:type\" content=\"image\/jpeg\" \/>\n<meta name=\"twitter:card\" content=\"summary_large_image\" \/>\n<meta name=\"twitter:site\" content=\"@efa_france\" \/>\n<meta name=\"twitter:label1\" content=\"Gesch\u00e4tzte Lesezeit\" \/>\n\t<meta name=\"twitter:data1\" content=\"3 minutes\" \/>\n<script type=\"application\/ld+json\" class=\"yoast-schema-graph\">{\"@context\":\"https:\\\/\\\/schema.org\",\"@graph\":[{\"@type\":\"WebPage\",\"@id\":\"https:\\\/\\\/efa-controls.com\\\/de\\\/anti-kollisionsloesungen\\\/3d-infrarot-sensoren\\\/\",\"url\":\"https:\\\/\\\/efa-controls.com\\\/de\\\/anti-kollisionsloesungen\\\/3d-infrarot-sensoren\\\/\",\"name\":\"3D Infraror - Kollisionsschutz mit qualifizierten Warnungen - efa France\",\"isPartOf\":{\"@id\":\"https:\\\/\\\/efa-controls.com\\\/de\\\/#website\"},\"primaryImageOfPage\":{\"@id\":\"https:\\\/\\\/efa-controls.com\\\/de\\\/anti-kollisionsloesungen\\\/3d-infrarot-sensoren\\\/#primaryimage\"},\"image\":{\"@id\":\"https:\\\/\\\/efa-controls.com\\\/de\\\/anti-kollisionsloesungen\\\/3d-infrarot-sensoren\\\/#primaryimage\"},\"thumbnailUrl\":\"https:\\\/\\\/efa-controls.com\\\/wp-content\\\/uploads\\\/2021\\\/02\\\/capteurs-infrarouges-3.jpg\",\"datePublished\":\"2020-03-09T11:36:18+00:00\",\"dateModified\":\"2021-04-29T11:29:34+00:00\",\"description\":\"Die 3D-Infrarottechnologie kann nur Menschen mit einer reflektierenden Weste erkennen. Kein \u00c4rger mehr Bip, qualifizieren Sie Ihre Warnungen!\",\"breadcrumb\":{\"@id\":\"https:\\\/\\\/efa-controls.com\\\/de\\\/anti-kollisionsloesungen\\\/3d-infrarot-sensoren\\\/#breadcrumb\"},\"inLanguage\":\"de-DE\",\"potentialAction\":[{\"@type\":\"ReadAction\",\"target\":[\"https:\\\/\\\/efa-controls.com\\\/de\\\/anti-kollisionsloesungen\\\/3d-infrarot-sensoren\\\/\"]}]},{\"@type\":\"ImageObject\",\"inLanguage\":\"de-DE\",\"@id\":\"https:\\\/\\\/efa-controls.com\\\/de\\\/anti-kollisionsloesungen\\\/3d-infrarot-sensoren\\\/#primaryimage\",\"url\":\"https:\\\/\\\/efa-controls.com\\\/wp-content\\\/uploads\\\/2021\\\/02\\\/capteurs-infrarouges-3.jpg\",\"contentUrl\":\"https:\\\/\\\/efa-controls.com\\\/wp-content\\\/uploads\\\/2021\\\/02\\\/capteurs-infrarouges-3.jpg\",\"width\":1036,\"height\":776,\"caption\":\"3dtection-Video Bausatz\"},{\"@type\":\"BreadcrumbList\",\"@id\":\"https:\\\/\\\/efa-controls.com\\\/de\\\/anti-kollisionsloesungen\\\/3d-infrarot-sensoren\\\/#breadcrumb\",\"itemListElement\":[{\"@type\":\"ListItem\",\"position\":1,\"name\":\"Accueil-Home\",\"item\":\"https:\\\/\\\/efa-controls.com\\\/de\\\/\"},{\"@type\":\"ListItem\",\"position\":2,\"name\":\"Antikollisionsschutz\",\"item\":\"https:\\\/\\\/efa-controls.com\\\/de\\\/anti-kollisionsloesungen\\\/\"},{\"@type\":\"ListItem\",\"position\":3,\"name\":\"3D Infraror\"}]},{\"@type\":\"WebSite\",\"@id\":\"https:\\\/\\\/efa-controls.com\\\/de\\\/#website\",\"url\":\"https:\\\/\\\/efa-controls.com\\\/de\\\/\",\"name\":\"efa Controls\",\"description\":\"Bureau d&#039;\u00e9tude pour v\u00e9hicules industriels\",\"publisher\":{\"@id\":\"https:\\\/\\\/efa-controls.com\\\/de\\\/#organization\"},\"potentialAction\":[{\"@type\":\"SearchAction\",\"target\":{\"@type\":\"EntryPoint\",\"urlTemplate\":\"https:\\\/\\\/efa-controls.com\\\/de\\\/?s={search_term_string}\"},\"query-input\":{\"@type\":\"PropertyValueSpecification\",\"valueRequired\":true,\"valueName\":\"search_term_string\"}}],\"inLanguage\":\"de-DE\"},{\"@type\":\"Organization\",\"@id\":\"https:\\\/\\\/efa-controls.com\\\/de\\\/#organization\",\"name\":\"efa Controls\",\"url\":\"https:\\\/\\\/efa-controls.com\\\/de\\\/\",\"logo\":{\"@type\":\"ImageObject\",\"inLanguage\":\"de-DE\",\"@id\":\"https:\\\/\\\/efa-controls.com\\\/de\\\/#\\\/schema\\\/logo\\\/image\\\/\",\"url\":\"https:\\\/\\\/efa-controls.com\\\/wp-content\\\/uploads\\\/2023\\\/05\\\/logo-bleu.png\",\"contentUrl\":\"https:\\\/\\\/efa-controls.com\\\/wp-content\\\/uploads\\\/2023\\\/05\\\/logo-bleu.png\",\"width\":408,\"height\":288,\"caption\":\"efa Controls\"},\"image\":{\"@id\":\"https:\\\/\\\/efa-controls.com\\\/de\\\/#\\\/schema\\\/logo\\\/image\\\/\"},\"sameAs\":[\"https:\\\/\\\/www.facebook.com\\\/efaFranceSA\\\/\",\"https:\\\/\\\/x.com\\\/efa_france\",\"https:\\\/\\\/www.instagram.com\\\/efafrance\\\/\",\"https:\\\/\\\/www.linkedin.com\\\/company\\\/efa-france\",\"https:\\\/\\\/www.youtube.com\\\/user\\\/EFAControls\"]}]}<\/script>\n<!-- \/ Yoast SEO plugin. -->","yoast_head_json":{"title":"3D Infraror - Kollisionsschutz mit qualifizierten Warnungen - efa France","description":"Die 3D-Infrarottechnologie kann nur Menschen mit einer reflektierenden Weste erkennen. Kein \u00c4rger mehr Bip, qualifizieren Sie Ihre Warnungen!","robots":{"index":"index","follow":"follow","max-snippet":"max-snippet:-1","max-image-preview":"max-image-preview:large","max-video-preview":"max-video-preview:-1"},"canonical":"https:\/\/efa-controls.com\/de\/anti-kollisionsloesungen\/3d-infrarot-sensoren\/","og_locale":"de_DE","og_type":"article","og_title":"3D Infraror - Kollisionsschutz mit qualifizierten Warnungen - efa France","og_description":"Die 3D-Infrarottechnologie kann nur Menschen mit einer reflektierenden Weste erkennen. Kein \u00c4rger mehr Bip, qualifizieren Sie Ihre Warnungen!","og_url":"https:\/\/efa-controls.com\/de\/anti-kollisionsloesungen\/3d-infrarot-sensoren\/","og_site_name":"efa Controls","article_publisher":"https:\/\/www.facebook.com\/efaFranceSA\/","article_modified_time":"2021-04-29T11:29:34+00:00","og_image":[{"width":1036,"height":776,"url":"https:\/\/efa-controls.com\/wp-content\/uploads\/2021\/02\/capteurs-infrarouges-3.jpg","type":"image\/jpeg"}],"twitter_card":"summary_large_image","twitter_site":"@efa_france","twitter_misc":{"Gesch\u00e4tzte Lesezeit":"3 minutes"},"schema":{"@context":"https:\/\/schema.org","@graph":[{"@type":"WebPage","@id":"https:\/\/efa-controls.com\/de\/anti-kollisionsloesungen\/3d-infrarot-sensoren\/","url":"https:\/\/efa-controls.com\/de\/anti-kollisionsloesungen\/3d-infrarot-sensoren\/","name":"3D Infraror - Kollisionsschutz mit qualifizierten Warnungen - efa France","isPartOf":{"@id":"https:\/\/efa-controls.com\/de\/#website"},"primaryImageOfPage":{"@id":"https:\/\/efa-controls.com\/de\/anti-kollisionsloesungen\/3d-infrarot-sensoren\/#primaryimage"},"image":{"@id":"https:\/\/efa-controls.com\/de\/anti-kollisionsloesungen\/3d-infrarot-sensoren\/#primaryimage"},"thumbnailUrl":"https:\/\/efa-controls.com\/wp-content\/uploads\/2021\/02\/capteurs-infrarouges-3.jpg","datePublished":"2020-03-09T11:36:18+00:00","dateModified":"2021-04-29T11:29:34+00:00","description":"Die 3D-Infrarottechnologie kann nur Menschen mit einer reflektierenden Weste erkennen. Kein \u00c4rger mehr Bip, qualifizieren Sie Ihre Warnungen!","breadcrumb":{"@id":"https:\/\/efa-controls.com\/de\/anti-kollisionsloesungen\/3d-infrarot-sensoren\/#breadcrumb"},"inLanguage":"de-DE","potentialAction":[{"@type":"ReadAction","target":["https:\/\/efa-controls.com\/de\/anti-kollisionsloesungen\/3d-infrarot-sensoren\/"]}]},{"@type":"ImageObject","inLanguage":"de-DE","@id":"https:\/\/efa-controls.com\/de\/anti-kollisionsloesungen\/3d-infrarot-sensoren\/#primaryimage","url":"https:\/\/efa-controls.com\/wp-content\/uploads\/2021\/02\/capteurs-infrarouges-3.jpg","contentUrl":"https:\/\/efa-controls.com\/wp-content\/uploads\/2021\/02\/capteurs-infrarouges-3.jpg","width":1036,"height":776,"caption":"3dtection-Video Bausatz"},{"@type":"BreadcrumbList","@id":"https:\/\/efa-controls.com\/de\/anti-kollisionsloesungen\/3d-infrarot-sensoren\/#breadcrumb","itemListElement":[{"@type":"ListItem","position":1,"name":"Accueil-Home","item":"https:\/\/efa-controls.com\/de\/"},{"@type":"ListItem","position":2,"name":"Antikollisionsschutz","item":"https:\/\/efa-controls.com\/de\/anti-kollisionsloesungen\/"},{"@type":"ListItem","position":3,"name":"3D Infraror"}]},{"@type":"WebSite","@id":"https:\/\/efa-controls.com\/de\/#website","url":"https:\/\/efa-controls.com\/de\/","name":"efa Controls","description":"Bureau d&#039;\u00e9tude pour v\u00e9hicules industriels","publisher":{"@id":"https:\/\/efa-controls.com\/de\/#organization"},"potentialAction":[{"@type":"SearchAction","target":{"@type":"EntryPoint","urlTemplate":"https:\/\/efa-controls.com\/de\/?s={search_term_string}"},"query-input":{"@type":"PropertyValueSpecification","valueRequired":true,"valueName":"search_term_string"}}],"inLanguage":"de-DE"},{"@type":"Organization","@id":"https:\/\/efa-controls.com\/de\/#organization","name":"efa Controls","url":"https:\/\/efa-controls.com\/de\/","logo":{"@type":"ImageObject","inLanguage":"de-DE","@id":"https:\/\/efa-controls.com\/de\/#\/schema\/logo\/image\/","url":"https:\/\/efa-controls.com\/wp-content\/uploads\/2023\/05\/logo-bleu.png","contentUrl":"https:\/\/efa-controls.com\/wp-content\/uploads\/2023\/05\/logo-bleu.png","width":408,"height":288,"caption":"efa Controls"},"image":{"@id":"https:\/\/efa-controls.com\/de\/#\/schema\/logo\/image\/"},"sameAs":["https:\/\/www.facebook.com\/efaFranceSA\/","https:\/\/x.com\/efa_france","https:\/\/www.instagram.com\/efafrance\/","https:\/\/www.linkedin.com\/company\/efa-france","https:\/\/www.youtube.com\/user\/EFAControls"]}]}},"_links":{"self":[{"href":"https:\/\/efa-controls.com\/de\/wp-json\/wp\/v2\/pages\/8271","targetHints":{"allow":["GET"]}}],"collection":[{"href":"https:\/\/efa-controls.com\/de\/wp-json\/wp\/v2\/pages"}],"about":[{"href":"https:\/\/efa-controls.com\/de\/wp-json\/wp\/v2\/types\/page"}],"author":[{"embeddable":true,"href":"https:\/\/efa-controls.com\/de\/wp-json\/wp\/v2\/users\/2"}],"replies":[{"embeddable":true,"href":"https:\/\/efa-controls.com\/de\/wp-json\/wp\/v2\/comments?post=8271"}],"version-history":[{"count":24,"href":"https:\/\/efa-controls.com\/de\/wp-json\/wp\/v2\/pages\/8271\/revisions"}],"predecessor-version":[{"id":15512,"href":"https:\/\/efa-controls.com\/de\/wp-json\/wp\/v2\/pages\/8271\/revisions\/15512"}],"up":[{"embeddable":true,"href":"https:\/\/efa-controls.com\/de\/wp-json\/wp\/v2\/pages\/8275"}],"wp:featuredmedia":[{"embeddable":true,"href":"https:\/\/efa-controls.com\/de\/wp-json\/wp\/v2\/media\/12350"}],"wp:attachment":[{"href":"https:\/\/efa-controls.com\/de\/wp-json\/wp\/v2\/media?parent=8271"}],"curies":[{"name":"wp","href":"https:\/\/api.w.org\/{rel}","templated":true}]}}