{"id":8267,"date":"2020-03-09T12:35:25","date_gmt":"2020-03-09T11:35:25","guid":{"rendered":"https:\/\/efa-controls.com\/radar-sensor\/"},"modified":"2021-04-15T13:59:25","modified_gmt":"2021-04-15T11:59:25","slug":"radar-sensor","status":"publish","type":"page","link":"https:\/\/efa-controls.com\/de\/anti-kollisionsloesungen\/radar-sensor\/","title":{"rendered":"Radar-Sensoren"},"content":{"rendered":"<p>[et_pb_section fb_built=&#8221;1&#8243; _builder_version=&#8221;3.24&#8243; background_color=&#8221;#333333&#8243; custom_padding=&#8221;8px||25px|||&#8221;][et_pb_row _builder_version=&#8221;3.25&#8243; custom_padding=&#8221;56px|||||&#8221;][et_pb_column type=&#8221;4_4&#8243; _builder_version=&#8221;3.25&#8243; custom_padding=&#8221;|||&#8221; custom_padding__hover=&#8221;|||&#8221;][et_pb_text _builder_version=&#8221;3.27.4&#8243; header_font=&#8221;||||||||&#8221; header_text_color=&#8221;#ffffff&#8221;]<\/p>\n<article id=\"page-title-wrapper\" class=\"dark\">\n<section class=\"container-fluid titleincontent hb_inner_wrapper\">\n<section class=\"page_title_outter_wrapper\">\n<h1 id=\"pagetitle\" class=\"color_aaa center\">Radar Sensoren<\/h1>\n<\/section>\n<\/section>\n<\/article>\n<p>[\/et_pb_text][et_pb_divider color=&#8221;#ffffff&#8221; _builder_version=&#8221;3.24&#8243; width=&#8221;20%&#8221; module_alignment=&#8221;center&#8221;][\/et_pb_divider][\/et_pb_column][\/et_pb_row][\/et_pb_section][et_pb_section fb_built=&#8221;1&#8243; _builder_version=&#8221;3.24&#8243; custom_margin=&#8221;||0px|||&#8221; custom_padding=&#8221;0px||4px|||&#8221; saved_tabs=&#8221;all&#8221;][et_pb_row _builder_version=&#8221;3.27.4&#8243; custom_padding=&#8221;60px|||||&#8221;][et_pb_column type=&#8221;4_4&#8243; _builder_version=&#8221;3.27.4&#8243;][et_pb_image src=&#8221;https:\/\/efa-controls.com\/wp-content\/uploads\/2017\/11\/3D-Radar-Wheel-Loader-SENTRY1-1024&#215;558.jpg&#8221; align=&#8221;center&#8221; _builder_version=&#8221;3.27.4&#8243; width=&#8221;50%&#8221;][\/et_pb_image][\/et_pb_column][\/et_pb_row][et_pb_row column_structure=&#8221;1_2,1_2&#8243; _builder_version=&#8221;3.25&#8243; min_height=&#8221;197px&#8221; custom_padding=&#8221;55px|||||&#8221;][et_pb_column type=&#8221;1_2&#8243; _builder_version=&#8221;3.25&#8243; custom_padding=&#8221;|||&#8221; custom_padding__hover=&#8221;|||&#8221;][et_pb_text _builder_version=&#8221;3.27.4&#8243; custom_margin=&#8221;|-10px||-5px||&#8221;]<\/p>\n<p style=\"text-align: justify;\"><strong>Unf\u00e4lle durch Industriemaschinen werden immer h\u00e4ufiger<\/strong>. J\u00e4hrlich ereignen sich in Frankreich etwa 100.000 Unf\u00e4lle zwischen Maschinen und Fu\u00dfg\u00e4ngern, was f\u00fcr die efa France nicht hinnehmbar ist.<\/p>\n<p>Um diese Art von Unannehmlichkeiten zu vermeiden, vertreibt efa France <strong>eine Reihe von Antikollisionsradaren<\/strong>, die Ihr t\u00e4gliches Leben revolutionieren werden.<br \/>\nDank einer sehr effektiven und einfach zu installierenden L\u00f6sung wird die Preco-Radarreihe zur Reduzierung von Arbeitsunf\u00e4llen beitragen.<\/p>\n<p><strong>10 % der Kollisionen mit Fu\u00dfg\u00e4ngern sind mit Kippern, 24 % mit Baumaschinen, 43 % mit Lkw \u00fcber 3,5 Tonnen und 24 % mit Gabelstaplern verbunden. In 42 % der F\u00e4lle passiert der Unfall w\u00e4hrend eines R\u00fcckw\u00e4rtsgangs.<\/strong><\/p>\n<p><strong>Die von Preco entwickelten Radarsensoren<\/strong> helfen, Kollisionen mit anderen Fahrzeugen, aber auch mit stehenden oder sich bewegenden Menschen im toten Winkel eines jeden schweren Fahrzeugs zu vermeiden. Ob Sie sich f\u00fcr das R\u00fcckfahrradar oder das Radar f\u00fcr den toten Winkel entscheiden, wir k\u00f6nnen alle Bereiche rund um das Fahrzeug abdecken. Die Serie enth\u00e4lt sogar ein kabelloses R\u00fcckfahrradar, um die Installation am Fahrzeug noch einfacher zu machen.<\/p>\n<p>[\/et_pb_text][\/et_pb_column][et_pb_column type=&#8221;1_2&#8243; _builder_version=&#8221;3.25&#8243; custom_padding=&#8221;|||&#8221; custom_padding__hover=&#8221;|||&#8221;][et_pb_text _builder_version=&#8221;3.27.4&#8243; custom_margin=&#8221;|-10px||-5px||&#8221; custom_padding=&#8221;|||0px||&#8221;]<\/p>\n<p align=\"justify\">Die Blitzer werden von einem akustischen Signal begleitet, das den Fahrer vor der Gefahr warnt. Sie k\u00f6nnen auch einen Monitor mit Video-Feedback in Ihr Anti-Kollisionssystem einbauen.<\/p>\n<h2 class=\"color_333\">Warum Radar?<\/h2>\n<p align=\"justify\">Radar basiert auf der Aussendung von Radiowellen, die die Entfernung, Gr\u00f6\u00dfe und Bewegung jedes Objekts im Erfassungsbereich erkennen k\u00f6nnen.<\/p>\n<p>Die Radartechnologie ist umfassender und kosteng\u00fcnstiger als Lidar. In der Tat funktioniert das <strong>Radar am Tag genauso gut wie in der Nacht und vor allem, ob es regnet, schneit oder neblig ist. Au\u00dferdem hat das Radar eine h\u00f6here Reichweite als das Lidar, das bis zu 30 Meter weit reichen kann.<\/strong><\/p>\n<p>Es ist diese Technologie, die es unserem Partner Preco heute erm\u00f6glicht, Weltmarktf\u00fchrer bei Antikollisionssystemen f\u00fcr schwere Fahrzeuge zu sein. Preco bietet jetzt eine flexible, zuverl\u00e4ssige L\u00f6sung, die das Risiko von Kollisionen eliminiert.<\/p>\n<p>[\/et_pb_text][\/et_pb_column][\/et_pb_row][et_pb_row _builder_version=&#8221;3.25&#8243;][et_pb_column type=&#8221;4_4&#8243; _builder_version=&#8221;3.25&#8243; custom_padding=&#8221;|||&#8221; custom_padding__hover=&#8221;|||&#8221;][et_pb_text _builder_version=&#8221;3.27.4&#8243;]<\/p>\n<h2 class=\"color_333 center\">Unser Produktangebot<\/h2>\n<p>[\/et_pb_text][et_pb_divider color=&#8221;#333333&#8243; _builder_version=&#8221;3.24&#8243; width=&#8221;20%&#8221; module_alignment=&#8221;center&#8221;][\/et_pb_divider][et_pb_portfolio fullwidth=&#8221;off&#8221; include_categories=&#8221;119&#8243; show_categories=&#8221;off&#8221; hover_overlay_color=&#8221;rgba(255,255,255,0.5)&#8221; _builder_version=&#8221;3.24&#8243; title_font=&#8221;||||||||&#8221; caption_font=&#8221;||||||||&#8221; caption_text_color=&#8221;#0c71c3&#8243; pagination_font=&#8221;||||||||&#8221; text_orientation=&#8221;center&#8221; custom_padding=&#8221;||||true&#8221;][\/et_pb_portfolio][\/et_pb_column][\/et_pb_row][\/et_pb_section][et_pb_section fb_built=&#8221;1&#8243; _builder_version=&#8221;3.24&#8243; use_background_color_gradient=&#8221;on&#8221; background_color_gradient_start=&#8221;#1f68b1&#8243; background_color_gradient_end=&#8221;#001b56&#8243; background_color_gradient_direction=&#8221;90deg&#8221; background_color_gradient_start_position=&#8221;32%&#8221; animation_style=&#8221;zoom&#8221; animation_duration=&#8221;600ms&#8221; animation_intensity_zoom=&#8221;16%&#8221; animation_starting_opacity=&#8221;68%&#8221; saved_tabs=&#8221;all&#8221;][et_pb_row column_structure=&#8221;3_5,2_5&#8243; _builder_version=&#8221;3.25&#8243;][et_pb_column type=&#8221;3_5&#8243; _builder_version=&#8221;3.25&#8243; custom_padding=&#8221;|||&#8221; custom_padding__hover=&#8221;|||&#8221;][et_pb_text _builder_version=&#8221;4.3.1&#8243; header_font=&#8221;||||||||&#8221; header_2_font=&#8221;|700|||||||&#8221; header_2_text_color=&#8221;#ffffff&#8221;]<\/p>\n<h2>Brauchen Sie eine Anti-Kollisionsdiagnose?<\/h2>\n<p>[\/et_pb_text][et_pb_text _builder_version=&#8221;4.3.1&#8243; text_font=&#8221;|300|||||||&#8221; text_text_color=&#8221;#ffffff&#8221; text_font_size=&#8221;16px&#8221; header_font=&#8221;||||||||&#8221; header_2_font=&#8221;|700|||||||&#8221; header_2_text_color=&#8221;#ffffff&#8221;]<\/p>\n<p style=\"text-align: left;\">Klicken Sie auf die Schaltfl\u00e4che, beantworten Sie unseren Fragebogen und wir senden Ihnen eine Detektionsl\u00f6sung, um alle Ihre Probleme zu l\u00f6sen!<\/p>\n<p>[\/et_pb_text][\/et_pb_column][et_pb_column type=&#8221;2_5&#8243; _builder_version=&#8221;3.25&#8243; custom_padding=&#8221;|||&#8221; custom_padding__hover=&#8221;|||&#8221;][et_pb_button button_url=&#8221;https:\/\/efa-controls.com\/de\/anti-kollisionsdiagnose\/&#8221; url_new_window=&#8221;on&#8221; button_text=&#8221;Holen Sie sich eine Diagnose!&#8221; _builder_version=&#8221;4.3.1&#8243; custom_button=&#8221;on&#8221; button_text_color=&#8221;#ffffff&#8221; button_font=&#8221;||||||||&#8221; button_icon=&#8221;%%86%%&#8221; button_icon_placement=&#8221;left&#8221; button_on_hover=&#8221;off&#8221; button_bg_color__hover_enabled=&#8221;on&#8221; button_bg_color__hover=&#8221;#ffffff&#8221; button_text_color__hover_enabled=&#8221;on&#8221; button_text_color__hover=&#8221;#0c71c3&#8243;][\/et_pb_button][\/et_pb_column][\/et_pb_row][\/et_pb_section]<\/p>\n","protected":false},"excerpt":{"rendered":"<p>Radar Sensoren Unf\u00e4lle durch Industriemaschinen werden immer h\u00e4ufiger. J\u00e4hrlich ereignen sich in Frankreich etwa 100.000 Unf\u00e4lle zwischen Maschinen und Fu\u00dfg\u00e4ngern, was f\u00fcr die efa France nicht hinnehmbar ist. Um diese Art von Unannehmlichkeiten zu vermeiden, vertreibt efa France eine Reihe von Antikollisionsradaren, die Ihr t\u00e4gliches Leben revolutionieren werden. Dank einer sehr effektiven und einfach zu [&hellip;]<\/p>\n","protected":false},"author":2,"featured_media":0,"parent":8275,"menu_order":0,"comment_status":"closed","ping_status":"closed","template":"","meta":{"_et_pb_use_builder":"on","_et_pb_old_content":"","_et_gb_content_width":"","_uf_show_specific_survey":0,"_uf_disable_surveys":false,"footnotes":""},"class_list":["post-8267","page","type-page","status-publish","hentry"],"yoast_head":"<!-- This site is optimized with the Yoast SEO plugin v27.4 - https:\/\/yoast.com\/product\/yoast-seo-wordpress\/ -->\n<title>Radarsensor f\u00fcr Schwerlastfahrzeuge - efa-Experte f\u00fcr Kollisionsvermeidung<\/title>\n<meta name=\"description\" content=\"Radarsensoren - efa France Kollisionsvermeidungsspezialist, Preco-H\u00e4ndler, R\u00fcckfahrradar, drahtloses Backup-Radar, Toter-Winkel-Detektor,\" \/>\n<meta name=\"robots\" content=\"index, follow, max-snippet:-1, max-image-preview:large, max-video-preview:-1\" \/>\n<link rel=\"canonical\" href=\"https:\/\/efa-controls.com\/de\/anti-kollisionsloesungen\/radar-sensor\/\" \/>\n<meta property=\"og:locale\" content=\"de_DE\" \/>\n<meta property=\"og:type\" content=\"article\" \/>\n<meta property=\"og:title\" content=\"Radarsensor f\u00fcr Schwerlastfahrzeuge - efa-Experte f\u00fcr Kollisionsvermeidung\" \/>\n<meta property=\"og:description\" content=\"Radarsensoren - efa France Kollisionsvermeidungsspezialist, Preco-H\u00e4ndler, R\u00fcckfahrradar, drahtloses Backup-Radar, Toter-Winkel-Detektor,\" \/>\n<meta property=\"og:url\" content=\"https:\/\/efa-controls.com\/de\/anti-kollisionsloesungen\/radar-sensor\/\" \/>\n<meta property=\"og:site_name\" content=\"efa Controls\" \/>\n<meta property=\"article:publisher\" content=\"https:\/\/www.facebook.com\/efaFranceSA\/\" \/>\n<meta property=\"article:modified_time\" content=\"2021-04-15T11:59:25+00:00\" \/>\n<meta name=\"twitter:card\" content=\"summary_large_image\" \/>\n<meta name=\"twitter:site\" content=\"@efa_france\" \/>\n<meta name=\"twitter:label1\" content=\"Gesch\u00e4tzte Lesezeit\" \/>\n\t<meta name=\"twitter:data1\" content=\"4 minutes\" \/>\n<script type=\"application\/ld+json\" class=\"yoast-schema-graph\">{\"@context\":\"https:\\\/\\\/schema.org\",\"@graph\":[{\"@type\":\"WebPage\",\"@id\":\"https:\\\/\\\/efa-controls.com\\\/de\\\/anti-kollisionsloesungen\\\/radar-sensor\\\/\",\"url\":\"https:\\\/\\\/efa-controls.com\\\/de\\\/anti-kollisionsloesungen\\\/radar-sensor\\\/\",\"name\":\"Radarsensor f\u00fcr Schwerlastfahrzeuge - efa-Experte f\u00fcr Kollisionsvermeidung\",\"isPartOf\":{\"@id\":\"https:\\\/\\\/efa-controls.com\\\/de\\\/#website\"},\"datePublished\":\"2020-03-09T11:35:25+00:00\",\"dateModified\":\"2021-04-15T11:59:25+00:00\",\"description\":\"Radarsensoren - efa France Kollisionsvermeidungsspezialist, Preco-H\u00e4ndler, R\u00fcckfahrradar, drahtloses Backup-Radar, Toter-Winkel-Detektor,\",\"breadcrumb\":{\"@id\":\"https:\\\/\\\/efa-controls.com\\\/de\\\/anti-kollisionsloesungen\\\/radar-sensor\\\/#breadcrumb\"},\"inLanguage\":\"de-DE\",\"potentialAction\":[{\"@type\":\"ReadAction\",\"target\":[\"https:\\\/\\\/efa-controls.com\\\/de\\\/anti-kollisionsloesungen\\\/radar-sensor\\\/\"]}]},{\"@type\":\"BreadcrumbList\",\"@id\":\"https:\\\/\\\/efa-controls.com\\\/de\\\/anti-kollisionsloesungen\\\/radar-sensor\\\/#breadcrumb\",\"itemListElement\":[{\"@type\":\"ListItem\",\"position\":1,\"name\":\"Accueil-Home\",\"item\":\"https:\\\/\\\/efa-controls.com\\\/de\\\/\"},{\"@type\":\"ListItem\",\"position\":2,\"name\":\"Antikollisionsschutz\",\"item\":\"https:\\\/\\\/efa-controls.com\\\/de\\\/anti-kollisionsloesungen\\\/\"},{\"@type\":\"ListItem\",\"position\":3,\"name\":\"Radar-Sensoren\"}]},{\"@type\":\"WebSite\",\"@id\":\"https:\\\/\\\/efa-controls.com\\\/de\\\/#website\",\"url\":\"https:\\\/\\\/efa-controls.com\\\/de\\\/\",\"name\":\"efa Controls\",\"description\":\"Bureau d&#039;\u00e9tude pour v\u00e9hicules industriels\",\"publisher\":{\"@id\":\"https:\\\/\\\/efa-controls.com\\\/de\\\/#organization\"},\"potentialAction\":[{\"@type\":\"SearchAction\",\"target\":{\"@type\":\"EntryPoint\",\"urlTemplate\":\"https:\\\/\\\/efa-controls.com\\\/de\\\/?s={search_term_string}\"},\"query-input\":{\"@type\":\"PropertyValueSpecification\",\"valueRequired\":true,\"valueName\":\"search_term_string\"}}],\"inLanguage\":\"de-DE\"},{\"@type\":\"Organization\",\"@id\":\"https:\\\/\\\/efa-controls.com\\\/de\\\/#organization\",\"name\":\"efa Controls\",\"url\":\"https:\\\/\\\/efa-controls.com\\\/de\\\/\",\"logo\":{\"@type\":\"ImageObject\",\"inLanguage\":\"de-DE\",\"@id\":\"https:\\\/\\\/efa-controls.com\\\/de\\\/#\\\/schema\\\/logo\\\/image\\\/\",\"url\":\"https:\\\/\\\/efa-controls.com\\\/wp-content\\\/uploads\\\/2023\\\/05\\\/logo-bleu.png\",\"contentUrl\":\"https:\\\/\\\/efa-controls.com\\\/wp-content\\\/uploads\\\/2023\\\/05\\\/logo-bleu.png\",\"width\":408,\"height\":288,\"caption\":\"efa Controls\"},\"image\":{\"@id\":\"https:\\\/\\\/efa-controls.com\\\/de\\\/#\\\/schema\\\/logo\\\/image\\\/\"},\"sameAs\":[\"https:\\\/\\\/www.facebook.com\\\/efaFranceSA\\\/\",\"https:\\\/\\\/x.com\\\/efa_france\",\"https:\\\/\\\/www.instagram.com\\\/efafrance\\\/\",\"https:\\\/\\\/www.linkedin.com\\\/company\\\/efa-france\",\"https:\\\/\\\/www.youtube.com\\\/user\\\/EFAControls\"]}]}<\/script>\n<!-- \/ Yoast SEO plugin. -->","yoast_head_json":{"title":"Radarsensor f\u00fcr Schwerlastfahrzeuge - efa-Experte f\u00fcr Kollisionsvermeidung","description":"Radarsensoren - efa France Kollisionsvermeidungsspezialist, Preco-H\u00e4ndler, R\u00fcckfahrradar, drahtloses Backup-Radar, Toter-Winkel-Detektor,","robots":{"index":"index","follow":"follow","max-snippet":"max-snippet:-1","max-image-preview":"max-image-preview:large","max-video-preview":"max-video-preview:-1"},"canonical":"https:\/\/efa-controls.com\/de\/anti-kollisionsloesungen\/radar-sensor\/","og_locale":"de_DE","og_type":"article","og_title":"Radarsensor f\u00fcr Schwerlastfahrzeuge - efa-Experte f\u00fcr Kollisionsvermeidung","og_description":"Radarsensoren - efa France Kollisionsvermeidungsspezialist, Preco-H\u00e4ndler, R\u00fcckfahrradar, drahtloses Backup-Radar, Toter-Winkel-Detektor,","og_url":"https:\/\/efa-controls.com\/de\/anti-kollisionsloesungen\/radar-sensor\/","og_site_name":"efa Controls","article_publisher":"https:\/\/www.facebook.com\/efaFranceSA\/","article_modified_time":"2021-04-15T11:59:25+00:00","twitter_card":"summary_large_image","twitter_site":"@efa_france","twitter_misc":{"Gesch\u00e4tzte Lesezeit":"4 minutes"},"schema":{"@context":"https:\/\/schema.org","@graph":[{"@type":"WebPage","@id":"https:\/\/efa-controls.com\/de\/anti-kollisionsloesungen\/radar-sensor\/","url":"https:\/\/efa-controls.com\/de\/anti-kollisionsloesungen\/radar-sensor\/","name":"Radarsensor f\u00fcr Schwerlastfahrzeuge - efa-Experte f\u00fcr Kollisionsvermeidung","isPartOf":{"@id":"https:\/\/efa-controls.com\/de\/#website"},"datePublished":"2020-03-09T11:35:25+00:00","dateModified":"2021-04-15T11:59:25+00:00","description":"Radarsensoren - efa France Kollisionsvermeidungsspezialist, Preco-H\u00e4ndler, R\u00fcckfahrradar, drahtloses Backup-Radar, Toter-Winkel-Detektor,","breadcrumb":{"@id":"https:\/\/efa-controls.com\/de\/anti-kollisionsloesungen\/radar-sensor\/#breadcrumb"},"inLanguage":"de-DE","potentialAction":[{"@type":"ReadAction","target":["https:\/\/efa-controls.com\/de\/anti-kollisionsloesungen\/radar-sensor\/"]}]},{"@type":"BreadcrumbList","@id":"https:\/\/efa-controls.com\/de\/anti-kollisionsloesungen\/radar-sensor\/#breadcrumb","itemListElement":[{"@type":"ListItem","position":1,"name":"Accueil-Home","item":"https:\/\/efa-controls.com\/de\/"},{"@type":"ListItem","position":2,"name":"Antikollisionsschutz","item":"https:\/\/efa-controls.com\/de\/anti-kollisionsloesungen\/"},{"@type":"ListItem","position":3,"name":"Radar-Sensoren"}]},{"@type":"WebSite","@id":"https:\/\/efa-controls.com\/de\/#website","url":"https:\/\/efa-controls.com\/de\/","name":"efa Controls","description":"Bureau d&#039;\u00e9tude pour v\u00e9hicules industriels","publisher":{"@id":"https:\/\/efa-controls.com\/de\/#organization"},"potentialAction":[{"@type":"SearchAction","target":{"@type":"EntryPoint","urlTemplate":"https:\/\/efa-controls.com\/de\/?s={search_term_string}"},"query-input":{"@type":"PropertyValueSpecification","valueRequired":true,"valueName":"search_term_string"}}],"inLanguage":"de-DE"},{"@type":"Organization","@id":"https:\/\/efa-controls.com\/de\/#organization","name":"efa Controls","url":"https:\/\/efa-controls.com\/de\/","logo":{"@type":"ImageObject","inLanguage":"de-DE","@id":"https:\/\/efa-controls.com\/de\/#\/schema\/logo\/image\/","url":"https:\/\/efa-controls.com\/wp-content\/uploads\/2023\/05\/logo-bleu.png","contentUrl":"https:\/\/efa-controls.com\/wp-content\/uploads\/2023\/05\/logo-bleu.png","width":408,"height":288,"caption":"efa Controls"},"image":{"@id":"https:\/\/efa-controls.com\/de\/#\/schema\/logo\/image\/"},"sameAs":["https:\/\/www.facebook.com\/efaFranceSA\/","https:\/\/x.com\/efa_france","https:\/\/www.instagram.com\/efafrance\/","https:\/\/www.linkedin.com\/company\/efa-france","https:\/\/www.youtube.com\/user\/EFAControls"]}]}},"_links":{"self":[{"href":"https:\/\/efa-controls.com\/de\/wp-json\/wp\/v2\/pages\/8267","targetHints":{"allow":["GET"]}}],"collection":[{"href":"https:\/\/efa-controls.com\/de\/wp-json\/wp\/v2\/pages"}],"about":[{"href":"https:\/\/efa-controls.com\/de\/wp-json\/wp\/v2\/types\/page"}],"author":[{"embeddable":true,"href":"https:\/\/efa-controls.com\/de\/wp-json\/wp\/v2\/users\/2"}],"replies":[{"embeddable":true,"href":"https:\/\/efa-controls.com\/de\/wp-json\/wp\/v2\/comments?post=8267"}],"version-history":[{"count":39,"href":"https:\/\/efa-controls.com\/de\/wp-json\/wp\/v2\/pages\/8267\/revisions"}],"predecessor-version":[{"id":14668,"href":"https:\/\/efa-controls.com\/de\/wp-json\/wp\/v2\/pages\/8267\/revisions\/14668"}],"up":[{"embeddable":true,"href":"https:\/\/efa-controls.com\/de\/wp-json\/wp\/v2\/pages\/8275"}],"wp:attachment":[{"href":"https:\/\/efa-controls.com\/de\/wp-json\/wp\/v2\/media?parent=8267"}],"curies":[{"name":"wp","href":"https:\/\/api.w.org\/{rel}","templated":true}]}}