{"id":8249,"date":"2020-03-09T12:30:58","date_gmt":"2020-03-09T11:30:58","guid":{"rendered":"https:\/\/efa-controls.com\/efa-innovationen\/"},"modified":"2021-04-21T13:19:01","modified_gmt":"2021-04-21T11:19:01","slug":"efa-innovationen","status":"publish","type":"page","link":"https:\/\/efa-controls.com\/de\/efa-innovationen\/","title":{"rendered":"efa-Innovationen"},"content":{"rendered":"<p>[et_pb_section fb_built=&#8221;1&#8243; _builder_version=&#8221;3.24&#8243; background_color=&#8221;#333333&#8243; custom_padding=&#8221;8px||17px|||&#8221; background_image=&#8221;https:\/\/efa-controls.com\/wp-content\/uploads\/2017\/03\/photoinno.jpg&#8221;][et_pb_row custom_padding=&#8221;234px|||||&#8221; _builder_version=&#8221;3.24&#8243;][et_pb_column type=&#8221;4_4&#8243; _builder_version=&#8221;3.24&#8243;][et_pb_text _builder_version=&#8221;3.24&#8243; header_font=&#8221;|600|||||||&#8221; header_text_color=&#8221;#ffffff&#8221; header_text_shadow_style=&#8221;preset2&#8243; custom_margin=&#8221;||8px|||&#8221; header_font_size=&#8221;40px&#8221;]<\/p>\n<h1>efa-Innovationen<\/h1>\n<p>[\/et_pb_text][\/et_pb_column][\/et_pb_row][\/et_pb_section][et_pb_section fb_built=&#8221;1&#8243; _builder_version=&#8221;3.24&#8243; custom_margin=&#8221;-26px||0px|||&#8221; custom_padding=&#8221;0px||4px|||&#8221; saved_tabs=&#8221;all&#8221;][et_pb_row custom_padding=&#8221;55px|||||&#8221; _builder_version=&#8221;3.24&#8243; min_height=&#8221;197px&#8221;][et_pb_column type=&#8221;4_4&#8243; _builder_version=&#8221;3.24&#8243;][et_pb_text _builder_version=&#8221;3.24&#8243;]<\/p>\n<h2 class=\"color_333\">Innovation bei efa bedeutet:<\/h2>\n<p>Ein Team das sich der Schaffung neuer Produkte widmet, in st\u00e4ndiger Forschung, welche darauf abzielt die Sicherheit und Produktivit\u00e4t von mobilen Ger\u00e4ten zu verbessern.<\/p>\n<p>Landwirtschaft &#8211; \u00d6ffentliche Arbeiten &#8211; Flughafen &#8211; Logistik &#8211; Stra\u00dfen &#8211; Einsatzfahrzeuge &#8211; Eisenbahn &#8211; Elektrofahrzeuge<br \/>\nUnabh\u00e4ngig von Ihrem T\u00e4tigkeitsbereich k\u00f6nnen Efa-Produkte den Arbeitskomfort und die Produktivit\u00e4t Ihrer Endbenutzer erheblich verbessern.<\/p>\n<p>Wenn Sie Ideen f\u00fcr die Produktentwicklung haben und nichts auf dem Markt Ihren Bed\u00fcrfnissen entspricht, z\u00f6gern Sie nicht, sich mit uns in Verbindung zu setzen.<\/p>\n<p>[\/et_pb_text][\/et_pb_column][\/et_pb_row][et_pb_row _builder_version=&#8221;3.24&#8243;][et_pb_column type=&#8221;4_4&#8243; _builder_version=&#8221;3.24&#8243;][et_pb_text _builder_version=&#8221;3.24&#8243;]<\/p>\n<h2 class=\"center color_333\">Unsere Produkte<\/h2>\n<p>[\/et_pb_text][et_pb_divider color=&#8221;#333333&#8243; _builder_version=&#8221;3.24&#8243; width=&#8221;20%&#8221; module_alignment=&#8221;center&#8221;][\/et_pb_divider][et_pb_portfolio fullwidth=&#8221;off&#8221; show_categories=&#8221;off&#8221; hover_overlay_color=&#8221;rgba(255,255,255,0.5)&#8221; _builder_version=&#8221;3.24&#8243; title_font=&#8221;||||||||&#8221; caption_font=&#8221;||||||||&#8221; caption_text_color=&#8221;#0c71c3&#8243; pagination_font=&#8221;||||||||&#8221; text_orientation=&#8221;center&#8221; custom_padding=&#8221;||||true&#8221; include_categories=&#8221;128&#8243;][\/et_pb_portfolio][\/et_pb_column][\/et_pb_row][\/et_pb_section]<\/p>\n","protected":false},"excerpt":{"rendered":"<p>efa-Innovationen Innovation bei efa bedeutet: Ein Team das sich der Schaffung neuer Produkte widmet, in st\u00e4ndiger Forschung, welche darauf abzielt die Sicherheit und Produktivit\u00e4t von mobilen Ger\u00e4ten zu verbessern. Landwirtschaft &#8211; \u00d6ffentliche Arbeiten &#8211; Flughafen &#8211; Logistik &#8211; Stra\u00dfen &#8211; Einsatzfahrzeuge &#8211; Eisenbahn &#8211; Elektrofahrzeuge Unabh\u00e4ngig von Ihrem T\u00e4tigkeitsbereich k\u00f6nnen Efa-Produkte den Arbeitskomfort und die [&hellip;]<\/p>\n","protected":false},"author":2,"featured_media":0,"parent":0,"menu_order":0,"comment_status":"closed","ping_status":"closed","template":"","meta":{"_et_pb_use_builder":"on","_et_pb_old_content":"","_et_gb_content_width":"","_uf_show_specific_survey":0,"_uf_disable_surveys":false,"footnotes":""},"class_list":["post-8249","page","type-page","status-publish","hentry"],"yoast_head":"<!-- This site is optimized with the Yoast SEO plugin v27.5 - https:\/\/yoast.com\/product\/yoast-seo-wordpress\/ -->\n<title>efa-Innovationen - efa Controls<\/title>\n<meta name=\"description\" content=\"efa-Innovationen, efa innoviert f\u00fcr Sie durch EVAS ein eingebettetes Sprachsteuerungssystem und Adaptalarm ein Can BUS-Tonwarnsystem\" \/>\n<meta name=\"robots\" content=\"index, follow, max-snippet:-1, max-image-preview:large, max-video-preview:-1\" \/>\n<link rel=\"canonical\" href=\"https:\/\/efa-controls.com\/de\/efa-innovationen\/\" \/>\n<meta property=\"og:locale\" content=\"de_DE\" \/>\n<meta property=\"og:type\" content=\"article\" \/>\n<meta property=\"og:title\" content=\"efa-Innovationen - efa Controls\" \/>\n<meta property=\"og:description\" content=\"efa-Innovationen, efa innoviert f\u00fcr Sie durch EVAS ein eingebettetes Sprachsteuerungssystem und Adaptalarm ein Can BUS-Tonwarnsystem\" \/>\n<meta property=\"og:url\" content=\"https:\/\/efa-controls.com\/de\/efa-innovationen\/\" \/>\n<meta property=\"og:site_name\" content=\"efa Controls\" \/>\n<meta property=\"article:publisher\" content=\"https:\/\/www.facebook.com\/efaFranceSA\/\" \/>\n<meta property=\"article:modified_time\" content=\"2021-04-21T11:19:01+00:00\" \/>\n<meta name=\"twitter:card\" content=\"summary_large_image\" \/>\n<meta name=\"twitter:site\" content=\"@efa_france\" \/>\n<meta name=\"twitter:label1\" content=\"Gesch\u00e4tzte Lesezeit\" \/>\n\t<meta name=\"twitter:data1\" content=\"1 minute\" \/>\n<script type=\"application\/ld+json\" class=\"yoast-schema-graph\">{\"@context\":\"https:\\\/\\\/schema.org\",\"@graph\":[{\"@type\":\"WebPage\",\"@id\":\"https:\\\/\\\/efa-controls.com\\\/de\\\/efa-innovationen\\\/\",\"url\":\"https:\\\/\\\/efa-controls.com\\\/de\\\/efa-innovationen\\\/\",\"name\":\"efa-Innovationen - efa Controls\",\"isPartOf\":{\"@id\":\"https:\\\/\\\/efa-controls.com\\\/de\\\/#website\"},\"datePublished\":\"2020-03-09T11:30:58+00:00\",\"dateModified\":\"2021-04-21T11:19:01+00:00\",\"description\":\"efa-Innovationen, efa innoviert f\u00fcr Sie durch EVAS ein eingebettetes Sprachsteuerungssystem und Adaptalarm ein Can BUS-Tonwarnsystem\",\"breadcrumb\":{\"@id\":\"https:\\\/\\\/efa-controls.com\\\/de\\\/efa-innovationen\\\/#breadcrumb\"},\"inLanguage\":\"de-DE\",\"potentialAction\":[{\"@type\":\"ReadAction\",\"target\":[\"https:\\\/\\\/efa-controls.com\\\/de\\\/efa-innovationen\\\/\"]}]},{\"@type\":\"BreadcrumbList\",\"@id\":\"https:\\\/\\\/efa-controls.com\\\/de\\\/efa-innovationen\\\/#breadcrumb\",\"itemListElement\":[{\"@type\":\"ListItem\",\"position\":1,\"name\":\"Accueil-Home\",\"item\":\"https:\\\/\\\/efa-controls.com\\\/de\\\/\"},{\"@type\":\"ListItem\",\"position\":2,\"name\":\"efa-Innovationen\"}]},{\"@type\":\"WebSite\",\"@id\":\"https:\\\/\\\/efa-controls.com\\\/de\\\/#website\",\"url\":\"https:\\\/\\\/efa-controls.com\\\/de\\\/\",\"name\":\"efa Controls\",\"description\":\"Bureau d&#039;\u00e9tude pour v\u00e9hicules industriels\",\"publisher\":{\"@id\":\"https:\\\/\\\/efa-controls.com\\\/de\\\/#organization\"},\"potentialAction\":[{\"@type\":\"SearchAction\",\"target\":{\"@type\":\"EntryPoint\",\"urlTemplate\":\"https:\\\/\\\/efa-controls.com\\\/de\\\/?s={search_term_string}\"},\"query-input\":{\"@type\":\"PropertyValueSpecification\",\"valueRequired\":true,\"valueName\":\"search_term_string\"}}],\"inLanguage\":\"de-DE\"},{\"@type\":\"Organization\",\"@id\":\"https:\\\/\\\/efa-controls.com\\\/de\\\/#organization\",\"name\":\"efa Controls\",\"url\":\"https:\\\/\\\/efa-controls.com\\\/de\\\/\",\"logo\":{\"@type\":\"ImageObject\",\"inLanguage\":\"de-DE\",\"@id\":\"https:\\\/\\\/efa-controls.com\\\/de\\\/#\\\/schema\\\/logo\\\/image\\\/\",\"url\":\"https:\\\/\\\/efa-controls.com\\\/wp-content\\\/uploads\\\/2023\\\/05\\\/logo-bleu.png\",\"contentUrl\":\"https:\\\/\\\/efa-controls.com\\\/wp-content\\\/uploads\\\/2023\\\/05\\\/logo-bleu.png\",\"width\":408,\"height\":288,\"caption\":\"efa Controls\"},\"image\":{\"@id\":\"https:\\\/\\\/efa-controls.com\\\/de\\\/#\\\/schema\\\/logo\\\/image\\\/\"},\"sameAs\":[\"https:\\\/\\\/www.facebook.com\\\/efaFranceSA\\\/\",\"https:\\\/\\\/x.com\\\/efa_france\",\"https:\\\/\\\/www.instagram.com\\\/efafrance\\\/\",\"https:\\\/\\\/www.linkedin.com\\\/company\\\/efa-france\",\"https:\\\/\\\/www.youtube.com\\\/user\\\/EFAControls\"]}]}<\/script>\n<!-- \/ Yoast SEO plugin. -->","yoast_head_json":{"title":"efa-Innovationen - efa Controls","description":"efa-Innovationen, efa innoviert f\u00fcr Sie durch EVAS ein eingebettetes Sprachsteuerungssystem und Adaptalarm ein Can BUS-Tonwarnsystem","robots":{"index":"index","follow":"follow","max-snippet":"max-snippet:-1","max-image-preview":"max-image-preview:large","max-video-preview":"max-video-preview:-1"},"canonical":"https:\/\/efa-controls.com\/de\/efa-innovationen\/","og_locale":"de_DE","og_type":"article","og_title":"efa-Innovationen - efa Controls","og_description":"efa-Innovationen, efa innoviert f\u00fcr Sie durch EVAS ein eingebettetes Sprachsteuerungssystem und Adaptalarm ein Can BUS-Tonwarnsystem","og_url":"https:\/\/efa-controls.com\/de\/efa-innovationen\/","og_site_name":"efa Controls","article_publisher":"https:\/\/www.facebook.com\/efaFranceSA\/","article_modified_time":"2021-04-21T11:19:01+00:00","twitter_card":"summary_large_image","twitter_site":"@efa_france","twitter_misc":{"Gesch\u00e4tzte Lesezeit":"1 minute"},"schema":{"@context":"https:\/\/schema.org","@graph":[{"@type":"WebPage","@id":"https:\/\/efa-controls.com\/de\/efa-innovationen\/","url":"https:\/\/efa-controls.com\/de\/efa-innovationen\/","name":"efa-Innovationen - efa Controls","isPartOf":{"@id":"https:\/\/efa-controls.com\/de\/#website"},"datePublished":"2020-03-09T11:30:58+00:00","dateModified":"2021-04-21T11:19:01+00:00","description":"efa-Innovationen, efa innoviert f\u00fcr Sie durch EVAS ein eingebettetes Sprachsteuerungssystem und Adaptalarm ein Can BUS-Tonwarnsystem","breadcrumb":{"@id":"https:\/\/efa-controls.com\/de\/efa-innovationen\/#breadcrumb"},"inLanguage":"de-DE","potentialAction":[{"@type":"ReadAction","target":["https:\/\/efa-controls.com\/de\/efa-innovationen\/"]}]},{"@type":"BreadcrumbList","@id":"https:\/\/efa-controls.com\/de\/efa-innovationen\/#breadcrumb","itemListElement":[{"@type":"ListItem","position":1,"name":"Accueil-Home","item":"https:\/\/efa-controls.com\/de\/"},{"@type":"ListItem","position":2,"name":"efa-Innovationen"}]},{"@type":"WebSite","@id":"https:\/\/efa-controls.com\/de\/#website","url":"https:\/\/efa-controls.com\/de\/","name":"efa Controls","description":"Bureau d&#039;\u00e9tude pour v\u00e9hicules industriels","publisher":{"@id":"https:\/\/efa-controls.com\/de\/#organization"},"potentialAction":[{"@type":"SearchAction","target":{"@type":"EntryPoint","urlTemplate":"https:\/\/efa-controls.com\/de\/?s={search_term_string}"},"query-input":{"@type":"PropertyValueSpecification","valueRequired":true,"valueName":"search_term_string"}}],"inLanguage":"de-DE"},{"@type":"Organization","@id":"https:\/\/efa-controls.com\/de\/#organization","name":"efa Controls","url":"https:\/\/efa-controls.com\/de\/","logo":{"@type":"ImageObject","inLanguage":"de-DE","@id":"https:\/\/efa-controls.com\/de\/#\/schema\/logo\/image\/","url":"https:\/\/efa-controls.com\/wp-content\/uploads\/2023\/05\/logo-bleu.png","contentUrl":"https:\/\/efa-controls.com\/wp-content\/uploads\/2023\/05\/logo-bleu.png","width":408,"height":288,"caption":"efa Controls"},"image":{"@id":"https:\/\/efa-controls.com\/de\/#\/schema\/logo\/image\/"},"sameAs":["https:\/\/www.facebook.com\/efaFranceSA\/","https:\/\/x.com\/efa_france","https:\/\/www.instagram.com\/efafrance\/","https:\/\/www.linkedin.com\/company\/efa-france","https:\/\/www.youtube.com\/user\/EFAControls"]}]}},"_links":{"self":[{"href":"https:\/\/efa-controls.com\/de\/wp-json\/wp\/v2\/pages\/8249","targetHints":{"allow":["GET"]}}],"collection":[{"href":"https:\/\/efa-controls.com\/de\/wp-json\/wp\/v2\/pages"}],"about":[{"href":"https:\/\/efa-controls.com\/de\/wp-json\/wp\/v2\/types\/page"}],"author":[{"embeddable":true,"href":"https:\/\/efa-controls.com\/de\/wp-json\/wp\/v2\/users\/2"}],"replies":[{"embeddable":true,"href":"https:\/\/efa-controls.com\/de\/wp-json\/wp\/v2\/comments?post=8249"}],"version-history":[{"count":34,"href":"https:\/\/efa-controls.com\/de\/wp-json\/wp\/v2\/pages\/8249\/revisions"}],"predecessor-version":[{"id":15108,"href":"https:\/\/efa-controls.com\/de\/wp-json\/wp\/v2\/pages\/8249\/revisions\/15108"}],"wp:attachment":[{"href":"https:\/\/efa-controls.com\/de\/wp-json\/wp\/v2\/media?parent=8249"}],"curies":[{"name":"wp","href":"https:\/\/api.w.org\/{rel}","templated":true}]}}