{"id":8235,"date":"2020-03-09T12:26:49","date_gmt":"2020-03-09T11:26:49","guid":{"rendered":"https:\/\/efa-controls.com\/fahrzeugbestellungen\/mensch-maschine-schnittstellen\/"},"modified":"2021-04-23T10:17:10","modified_gmt":"2021-04-23T08:17:10","slug":"mensch-maschine-schnittstellen","status":"publish","type":"page","link":"https:\/\/efa-controls.com\/de\/mensch-maschine-schnittstellen\/","title":{"rendered":"HMI-Mensch-Maschine-Schnittstellen"},"content":{"rendered":"<p>[et_pb_section fb_built=&#8221;1&#8243; _builder_version=&#8221;3.24&#8243; background_color=&#8221;#333333&#8243; custom_padding=&#8221;8px||25px|||&#8221;][et_pb_row _builder_version=&#8221;3.25&#8243; custom_padding=&#8221;56px|||||&#8221;][et_pb_column type=&#8221;4_4&#8243; _builder_version=&#8221;3.25&#8243; custom_padding=&#8221;|||&#8221; custom_padding__hover=&#8221;|||&#8221;][et_pb_text _builder_version=&#8221;3.27.4&#8243; header_font=&#8221;||||||||&#8221; header_text_color=&#8221;#ffffff&#8221;]<\/p>\n<h1 class=\"space50_30\">HMI &#8211; Mensch-Maschine-Schnittstellen (Human-Machine Interface)<\/h1>\n<p>[\/et_pb_text][et_pb_divider color=&#8221;#ffffff&#8221; _builder_version=&#8221;3.24&#8243; width=&#8221;20%&#8221; module_alignment=&#8221;center&#8221;][\/et_pb_divider][\/et_pb_column][\/et_pb_row][\/et_pb_section][et_pb_section fb_built=&#8221;1&#8243; _builder_version=&#8221;3.24&#8243; custom_margin=&#8221;||0px|||&#8221; custom_padding=&#8221;0px||4px|||&#8221; saved_tabs=&#8221;all&#8221;][et_pb_row column_structure=&#8221;1_2,1_2&#8243; _builder_version=&#8221;3.25&#8243; min_height=&#8221;197px&#8221; custom_padding=&#8221;55px|||||&#8221;][et_pb_column type=&#8221;1_2&#8243; _builder_version=&#8221;3.25&#8243; custom_padding=&#8221;|||&#8221; custom_padding__hover=&#8221;|||&#8221;][et_pb_text _builder_version=&#8221;3.27.4&#8243;]<\/p>\n<h2 class=\"color_333\">HMI &#8211; Mensch-Maschine-Schnittstellen<\/h2>\n<p>Die Schnittstelle zwischen Mensch und Maschine macht die Effizienz des Fahrzeugs aus. Dies ist sehr wichtig f\u00fcr Ergonomie und Benutzerfreundlichkeit.<\/p>\n<p>efa bietet Ihnen eine Reihe von innovativen Produkten, um diese Schnittstelle zwischen Mensch und Maschine zu vereinfachen. Mit unserer preisgekr\u00f6nten Intermat Bus Can oder der analogen Sprachsteuerung k\u00f6nnen Sie Ihr Ger\u00e4t durch Sprechen steuern.<\/p>\n<p>Unser Adaptalarm erm\u00f6glicht es Ihnen, die Reaktion Ihrer Maschine selbst zu erstellen! Auf diese Weise k\u00f6nnen Sie mit Ihrem Fahrzeug sprechen!<\/p>\n<p>[\/et_pb_text][\/et_pb_column][et_pb_column type=&#8221;1_2&#8243; _builder_version=&#8221;3.25&#8243; custom_padding=&#8221;|||&#8221; custom_padding__hover=&#8221;|||&#8221;][et_pb_text _builder_version=&#8221;3.27.4&#8243;]<\/p>\n<h2 class=\"color_333\">efa-Know-how<\/h2>\n<p>Wir bieten Ihnen nur Qualit\u00e4tsprodukte f\u00fcr ihre Projekte an, die sicher und vorher getestet sind.<\/p>\n<p>Jedes Projekt wird einzeln genauestens untersucht und bewertet, um Ihnen die passenden Produkte anzubieten.<br \/>\nefa, Ihr Spezialist f\u00fcr mobile Maschinen!<\/p>\n<p>[\/et_pb_text][\/et_pb_column][\/et_pb_row][\/et_pb_section][et_pb_section fb_built=&#8221;1&#8243; _builder_version=&#8221;3.24&#8243; background_color=&#8221;rgba(0,0,0,0.05)&#8221; custom_padding=&#8221;23px|||||&#8221;][et_pb_row _builder_version=&#8221;3.25&#8243; custom_padding=&#8221;||0px|||&#8221;][et_pb_column type=&#8221;4_4&#8243; _builder_version=&#8221;3.25&#8243; custom_padding=&#8221;|||&#8221; custom_padding__hover=&#8221;|||&#8221;][et_pb_text _builder_version=&#8221;3.27.4&#8243; custom_margin=&#8221;||13px|||&#8221;]<\/p>\n<h2 class=\"center\">Unser Produktangebot<\/h2>\n<p>[\/et_pb_text][et_pb_divider color=&#8221;#333333&#8243; _builder_version=&#8221;3.24&#8243; width=&#8221;10%&#8221; module_alignment=&#8221;center&#8221;][\/et_pb_divider][\/et_pb_column][\/et_pb_row][et_pb_row _builder_version=&#8221;3.25&#8243;][et_pb_column type=&#8221;4_4&#8243; _builder_version=&#8221;3.25&#8243; custom_padding=&#8221;|||&#8221; custom_padding__hover=&#8221;|||&#8221;][et_pb_portfolio fullwidth=&#8221;off&#8221; include_categories=&#8221;127&#8243; show_categories=&#8221;off&#8221; show_pagination=&#8221;off&#8221; _builder_version=&#8221;4.3.1&#8243;][\/et_pb_portfolio][\/et_pb_column][\/et_pb_row][\/et_pb_section]<\/p>\n","protected":false},"excerpt":{"rendered":"<p>HMI &#8211; Mensch-Maschine-Schnittstellen (Human-Machine Interface)HMI &#8211; Mensch-Maschine-Schnittstellen Die Schnittstelle zwischen Mensch und Maschine macht die Effizienz des Fahrzeugs aus. Dies ist sehr wichtig f\u00fcr Ergonomie und Benutzerfreundlichkeit. efa bietet Ihnen eine Reihe von innovativen Produkten, um diese Schnittstelle zwischen Mensch und Maschine zu vereinfachen. Mit unserer preisgekr\u00f6nten Intermat Bus Can oder der analogen Sprachsteuerung k\u00f6nnen [&hellip;]<\/p>\n","protected":false},"author":2,"featured_media":0,"parent":0,"menu_order":0,"comment_status":"closed","ping_status":"closed","template":"","meta":{"_et_pb_use_builder":"on","_et_pb_old_content":"","_et_gb_content_width":"","_uf_show_specific_survey":0,"_uf_disable_surveys":false,"footnotes":""},"class_list":["post-8235","page","type-page","status-publish","hentry"],"yoast_head":"<!-- This site is optimized with the Yoast SEO plugin v27.4 - https:\/\/yoast.com\/product\/yoast-seo-wordpress\/ -->\n<title>HMI-Mensch-Maschine-Schnittstellen f\u00fcr Ihre Industriefahrzeuge - Efa Gmbh<\/title>\n<meta name=\"description\" content=\"Sprachsteuerung, anpassbare Alarme, AVAS-Systeme, programmierbare Displays, CAN-Bus-Anschluss, eine ganze Palette f\u00fcr Ihre HMIs.\" \/>\n<meta name=\"robots\" content=\"index, follow, max-snippet:-1, max-image-preview:large, max-video-preview:-1\" \/>\n<link rel=\"canonical\" href=\"https:\/\/efa-controls.com\/de\/mensch-maschine-schnittstellen\/\" \/>\n<meta property=\"og:locale\" content=\"de_DE\" \/>\n<meta property=\"og:type\" content=\"article\" \/>\n<meta property=\"og:title\" content=\"HMI-Mensch-Maschine-Schnittstellen f\u00fcr Ihre Industriefahrzeuge - Efa Gmbh\" \/>\n<meta property=\"og:description\" content=\"Sprachsteuerung, anpassbare Alarme, AVAS-Systeme, programmierbare Displays, CAN-Bus-Anschluss, eine ganze Palette f\u00fcr Ihre HMIs.\" \/>\n<meta property=\"og:url\" content=\"https:\/\/efa-controls.com\/de\/mensch-maschine-schnittstellen\/\" \/>\n<meta property=\"og:site_name\" content=\"efa Controls\" \/>\n<meta property=\"article:publisher\" content=\"https:\/\/www.facebook.com\/efaFranceSA\/\" \/>\n<meta property=\"article:modified_time\" content=\"2021-04-23T08:17:10+00:00\" \/>\n<meta name=\"twitter:card\" content=\"summary_large_image\" \/>\n<meta name=\"twitter:site\" content=\"@efa_france\" \/>\n<meta name=\"twitter:label1\" content=\"Gesch\u00e4tzte Lesezeit\" \/>\n\t<meta name=\"twitter:data1\" content=\"2 minutes\" \/>\n<script type=\"application\/ld+json\" class=\"yoast-schema-graph\">{\"@context\":\"https:\\\/\\\/schema.org\",\"@graph\":[{\"@type\":\"WebPage\",\"@id\":\"https:\\\/\\\/efa-controls.com\\\/de\\\/mensch-maschine-schnittstellen\\\/\",\"url\":\"https:\\\/\\\/efa-controls.com\\\/de\\\/mensch-maschine-schnittstellen\\\/\",\"name\":\"HMI-Mensch-Maschine-Schnittstellen f\u00fcr Ihre Industriefahrzeuge - Efa Gmbh\",\"isPartOf\":{\"@id\":\"https:\\\/\\\/efa-controls.com\\\/de\\\/#website\"},\"datePublished\":\"2020-03-09T11:26:49+00:00\",\"dateModified\":\"2021-04-23T08:17:10+00:00\",\"description\":\"Sprachsteuerung, anpassbare Alarme, AVAS-Systeme, programmierbare Displays, CAN-Bus-Anschluss, eine ganze Palette f\u00fcr Ihre HMIs.\",\"breadcrumb\":{\"@id\":\"https:\\\/\\\/efa-controls.com\\\/de\\\/mensch-maschine-schnittstellen\\\/#breadcrumb\"},\"inLanguage\":\"de-DE\",\"potentialAction\":[{\"@type\":\"ReadAction\",\"target\":[\"https:\\\/\\\/efa-controls.com\\\/de\\\/mensch-maschine-schnittstellen\\\/\"]}]},{\"@type\":\"BreadcrumbList\",\"@id\":\"https:\\\/\\\/efa-controls.com\\\/de\\\/mensch-maschine-schnittstellen\\\/#breadcrumb\",\"itemListElement\":[{\"@type\":\"ListItem\",\"position\":1,\"name\":\"Accueil-Home\",\"item\":\"https:\\\/\\\/efa-controls.com\\\/de\\\/\"},{\"@type\":\"ListItem\",\"position\":2,\"name\":\"HMI-Mensch-Maschine-Schnittstellen\"}]},{\"@type\":\"WebSite\",\"@id\":\"https:\\\/\\\/efa-controls.com\\\/de\\\/#website\",\"url\":\"https:\\\/\\\/efa-controls.com\\\/de\\\/\",\"name\":\"efa Controls\",\"description\":\"Bureau d&#039;\u00e9tude pour v\u00e9hicules industriels\",\"publisher\":{\"@id\":\"https:\\\/\\\/efa-controls.com\\\/de\\\/#organization\"},\"potentialAction\":[{\"@type\":\"SearchAction\",\"target\":{\"@type\":\"EntryPoint\",\"urlTemplate\":\"https:\\\/\\\/efa-controls.com\\\/de\\\/?s={search_term_string}\"},\"query-input\":{\"@type\":\"PropertyValueSpecification\",\"valueRequired\":true,\"valueName\":\"search_term_string\"}}],\"inLanguage\":\"de-DE\"},{\"@type\":\"Organization\",\"@id\":\"https:\\\/\\\/efa-controls.com\\\/de\\\/#organization\",\"name\":\"efa Controls\",\"url\":\"https:\\\/\\\/efa-controls.com\\\/de\\\/\",\"logo\":{\"@type\":\"ImageObject\",\"inLanguage\":\"de-DE\",\"@id\":\"https:\\\/\\\/efa-controls.com\\\/de\\\/#\\\/schema\\\/logo\\\/image\\\/\",\"url\":\"https:\\\/\\\/efa-controls.com\\\/wp-content\\\/uploads\\\/2023\\\/05\\\/logo-bleu.png\",\"contentUrl\":\"https:\\\/\\\/efa-controls.com\\\/wp-content\\\/uploads\\\/2023\\\/05\\\/logo-bleu.png\",\"width\":408,\"height\":288,\"caption\":\"efa Controls\"},\"image\":{\"@id\":\"https:\\\/\\\/efa-controls.com\\\/de\\\/#\\\/schema\\\/logo\\\/image\\\/\"},\"sameAs\":[\"https:\\\/\\\/www.facebook.com\\\/efaFranceSA\\\/\",\"https:\\\/\\\/x.com\\\/efa_france\",\"https:\\\/\\\/www.instagram.com\\\/efafrance\\\/\",\"https:\\\/\\\/www.linkedin.com\\\/company\\\/efa-france\",\"https:\\\/\\\/www.youtube.com\\\/user\\\/EFAControls\"]}]}<\/script>\n<!-- \/ Yoast SEO plugin. -->","yoast_head_json":{"title":"HMI-Mensch-Maschine-Schnittstellen f\u00fcr Ihre Industriefahrzeuge - Efa Gmbh","description":"Sprachsteuerung, anpassbare Alarme, AVAS-Systeme, programmierbare Displays, CAN-Bus-Anschluss, eine ganze Palette f\u00fcr Ihre HMIs.","robots":{"index":"index","follow":"follow","max-snippet":"max-snippet:-1","max-image-preview":"max-image-preview:large","max-video-preview":"max-video-preview:-1"},"canonical":"https:\/\/efa-controls.com\/de\/mensch-maschine-schnittstellen\/","og_locale":"de_DE","og_type":"article","og_title":"HMI-Mensch-Maschine-Schnittstellen f\u00fcr Ihre Industriefahrzeuge - Efa Gmbh","og_description":"Sprachsteuerung, anpassbare Alarme, AVAS-Systeme, programmierbare Displays, CAN-Bus-Anschluss, eine ganze Palette f\u00fcr Ihre HMIs.","og_url":"https:\/\/efa-controls.com\/de\/mensch-maschine-schnittstellen\/","og_site_name":"efa Controls","article_publisher":"https:\/\/www.facebook.com\/efaFranceSA\/","article_modified_time":"2021-04-23T08:17:10+00:00","twitter_card":"summary_large_image","twitter_site":"@efa_france","twitter_misc":{"Gesch\u00e4tzte Lesezeit":"2 minutes"},"schema":{"@context":"https:\/\/schema.org","@graph":[{"@type":"WebPage","@id":"https:\/\/efa-controls.com\/de\/mensch-maschine-schnittstellen\/","url":"https:\/\/efa-controls.com\/de\/mensch-maschine-schnittstellen\/","name":"HMI-Mensch-Maschine-Schnittstellen f\u00fcr Ihre Industriefahrzeuge - Efa Gmbh","isPartOf":{"@id":"https:\/\/efa-controls.com\/de\/#website"},"datePublished":"2020-03-09T11:26:49+00:00","dateModified":"2021-04-23T08:17:10+00:00","description":"Sprachsteuerung, anpassbare Alarme, AVAS-Systeme, programmierbare Displays, CAN-Bus-Anschluss, eine ganze Palette f\u00fcr Ihre HMIs.","breadcrumb":{"@id":"https:\/\/efa-controls.com\/de\/mensch-maschine-schnittstellen\/#breadcrumb"},"inLanguage":"de-DE","potentialAction":[{"@type":"ReadAction","target":["https:\/\/efa-controls.com\/de\/mensch-maschine-schnittstellen\/"]}]},{"@type":"BreadcrumbList","@id":"https:\/\/efa-controls.com\/de\/mensch-maschine-schnittstellen\/#breadcrumb","itemListElement":[{"@type":"ListItem","position":1,"name":"Accueil-Home","item":"https:\/\/efa-controls.com\/de\/"},{"@type":"ListItem","position":2,"name":"HMI-Mensch-Maschine-Schnittstellen"}]},{"@type":"WebSite","@id":"https:\/\/efa-controls.com\/de\/#website","url":"https:\/\/efa-controls.com\/de\/","name":"efa Controls","description":"Bureau d&#039;\u00e9tude pour v\u00e9hicules industriels","publisher":{"@id":"https:\/\/efa-controls.com\/de\/#organization"},"potentialAction":[{"@type":"SearchAction","target":{"@type":"EntryPoint","urlTemplate":"https:\/\/efa-controls.com\/de\/?s={search_term_string}"},"query-input":{"@type":"PropertyValueSpecification","valueRequired":true,"valueName":"search_term_string"}}],"inLanguage":"de-DE"},{"@type":"Organization","@id":"https:\/\/efa-controls.com\/de\/#organization","name":"efa Controls","url":"https:\/\/efa-controls.com\/de\/","logo":{"@type":"ImageObject","inLanguage":"de-DE","@id":"https:\/\/efa-controls.com\/de\/#\/schema\/logo\/image\/","url":"https:\/\/efa-controls.com\/wp-content\/uploads\/2023\/05\/logo-bleu.png","contentUrl":"https:\/\/efa-controls.com\/wp-content\/uploads\/2023\/05\/logo-bleu.png","width":408,"height":288,"caption":"efa Controls"},"image":{"@id":"https:\/\/efa-controls.com\/de\/#\/schema\/logo\/image\/"},"sameAs":["https:\/\/www.facebook.com\/efaFranceSA\/","https:\/\/x.com\/efa_france","https:\/\/www.instagram.com\/efafrance\/","https:\/\/www.linkedin.com\/company\/efa-france","https:\/\/www.youtube.com\/user\/EFAControls"]}]}},"_links":{"self":[{"href":"https:\/\/efa-controls.com\/de\/wp-json\/wp\/v2\/pages\/8235","targetHints":{"allow":["GET"]}}],"collection":[{"href":"https:\/\/efa-controls.com\/de\/wp-json\/wp\/v2\/pages"}],"about":[{"href":"https:\/\/efa-controls.com\/de\/wp-json\/wp\/v2\/types\/page"}],"author":[{"embeddable":true,"href":"https:\/\/efa-controls.com\/de\/wp-json\/wp\/v2\/users\/2"}],"replies":[{"embeddable":true,"href":"https:\/\/efa-controls.com\/de\/wp-json\/wp\/v2\/comments?post=8235"}],"version-history":[{"count":28,"href":"https:\/\/efa-controls.com\/de\/wp-json\/wp\/v2\/pages\/8235\/revisions"}],"predecessor-version":[{"id":15205,"href":"https:\/\/efa-controls.com\/de\/wp-json\/wp\/v2\/pages\/8235\/revisions\/15205"}],"wp:attachment":[{"href":"https:\/\/efa-controls.com\/de\/wp-json\/wp\/v2\/media?parent=8235"}],"curies":[{"name":"wp","href":"https:\/\/api.w.org\/{rel}","templated":true}]}}