{"id":8231,"date":"2020-03-09T12:24:25","date_gmt":"2020-03-09T11:24:25","guid":{"rendered":"https:\/\/efa-controls.com\/fahrzeugbestellungen\/zubehoer-zur-steuerung\/deichselkopf-und-steuerarmlehne\/"},"modified":"2021-04-08T13:00:14","modified_gmt":"2021-04-08T11:00:14","slug":"deichselkopf-und-steuerarmlehne","status":"publish","type":"page","link":"https:\/\/efa-controls.com\/de\/zubehoer-zur-steuerung\/deichselkopf-und-steuerarmlehne\/","title":{"rendered":"Deichselkopf und Steuerarmlehne"},"content":{"rendered":"<p>[et_pb_section fb_built=&#8221;1&#8243; _builder_version=&#8221;3.24&#8243; background_color=&#8221;#333333&#8243; custom_padding=&#8221;8px||25px|||&#8221; fb_built=&#8221;1&#8243; _i=&#8221;0&#8243; _address=&#8221;0&#8243;][et_pb_row _builder_version=&#8221;3.25&#8243; custom_padding=&#8221;56px|||||&#8221; _i=&#8221;0&#8243; _address=&#8221;0.0&#8243;][et_pb_column type=&#8221;4_4&#8243; _builder_version=&#8221;3.25&#8243; custom_padding=&#8221;|||&#8221; _i=&#8221;0&#8243; _address=&#8221;0.0.0&#8243; custom_padding__hover=&#8221;|||&#8221;][et_pb_text _builder_version=&#8221;3.27.4&#8243; header_font=&#8221;||||||||&#8221; header_text_color=&#8221;#ffffff&#8221; _i=&#8221;0&#8243; _address=&#8221;0.0.0.0&#8243;]<\/p>\n<h1>Deichselkopf und Steuerarmlehne<\/h1>\n<p>[\/et_pb_text][et_pb_divider color=&#8221;#ffffff&#8221; _builder_version=&#8221;3.24&#8243; width=&#8221;20%&#8221; module_alignment=&#8221;center&#8221; _i=&#8221;1&#8243; _address=&#8221;0.0.0.1&#8243;][\/et_pb_divider][\/et_pb_column][\/et_pb_row][\/et_pb_section][et_pb_section fb_built=&#8221;1&#8243; _builder_version=&#8221;3.24&#8243; custom_margin=&#8221;||0px|||&#8221; custom_padding=&#8221;0px||4px|||&#8221; saved_tabs=&#8221;all&#8221; fb_built=&#8221;1&#8243; _i=&#8221;1&#8243; _address=&#8221;1&#8243;][et_pb_row column_structure=&#8221;1_2,1_2&#8243; _builder_version=&#8221;3.25&#8243; min_height=&#8221;197px&#8221; custom_padding=&#8221;55px|||||&#8221; _i=&#8221;0&#8243; _address=&#8221;1.0&#8243;][et_pb_column type=&#8221;1_2&#8243; _builder_version=&#8221;3.25&#8243; custom_padding=&#8221;|||&#8221; _i=&#8221;0&#8243; _address=&#8221;1.0.0&#8243; custom_padding__hover=&#8221;|||&#8221;][et_pb_text _builder_version=&#8221;3.27.4&#8243; _i=&#8221;0&#8243; _address=&#8221;1.0.0.0&#8243;]<\/p>\n<h2 class=\"color_333\">Deichselkopf und Steuerarmlehne<\/h2>\n<p>Efa bietet 2 Produkte zur Steuerung Ihrer Fahrzeuge und Maschinen an. Den Deichselkopf und die Steuerarmlehne, diese Produkte sind im Bereich der mobilen Maschinen (Traktoren, Baumaschinen, Deichselmaschinen&#8230;) ebenso unverzichtbar wie bei Industriemaschinen, sie unterst\u00fctzen und erleichtern die Arbeit des Bedieners.<\/p>\n<p>Dar\u00fcber hinaus ist jede Kombination dank einer gro\u00dfen Auswahl an Schaltfl\u00e4chen und Anwendungen zu 100% anpassbar. So k\u00f6nnen Sie die Kombination, die Sie ben\u00f6tigen, entsprechend Ihrer spezifischen Verwendung zusammenstellen.[\/et_pb_text][\/et_pb_column][et_pb_column type=&#8221;1_2&#8243; _builder_version=&#8221;3.25&#8243; custom_padding=&#8221;|||&#8221; _i=&#8221;1&#8243; _address=&#8221;1.0.1&#8243; custom_padding__hover=&#8221;|||&#8221;][et_pb_text _builder_version=&#8221;3.27.4&#8243; _i=&#8221;0&#8243; _address=&#8221;1.0.1.0&#8243;]<\/p>\n<h2 class=\"color_333\">Frei<\/h2>\n<p>Frei ist ein Deutsches Unternehmen, das sich auf die Herstellung und Entwicklung von elektronischen, elektromechanischen und mechanischen Produkten und L\u00f6sungen spezialisiert hat. Sie sind dank ihrer gro\u00dfen Zahl von H\u00e4ndlern weltweit pr\u00e4sent.<br \/>\nDie Werte des Unternehmens basieren auf Innovation und Kundenzufriedenheit. Um Ihnen die bestm\u00f6glichen Produkte und L\u00f6sungen anzubieten arbeiten Frei und efa Hand in Hand zusammen.[\/et_pb_text][\/et_pb_column][\/et_pb_row][et_pb_row _builder_version=&#8221;3.25&#8243; _i=&#8221;1&#8243; _address=&#8221;1.1&#8243;][et_pb_column type=&#8221;4_4&#8243; _builder_version=&#8221;3.25&#8243; custom_padding=&#8221;|||&#8221; _i=&#8221;0&#8243; _address=&#8221;1.1.0&#8243; custom_padding__hover=&#8221;|||&#8221;][et_pb_text _builder_version=&#8221;3.27.4&#8243; _i=&#8221;0&#8243; _address=&#8221;1.1.0.0&#8243;]<\/p>\n<h2 class=\"color_333 center\">Unser Produktangebot<\/h2>\n<p>[\/et_pb_text][et_pb_divider color=&#8221;#333333&#8243; _builder_version=&#8221;3.24&#8243; width=&#8221;20%&#8221; module_alignment=&#8221;center&#8221; _i=&#8221;1&#8243; _address=&#8221;1.1.0.1&#8243;][\/et_pb_divider][et_pb_portfolio fullwidth=&#8221;off&#8221; include_categories=&#8221;126&#8243; show_categories=&#8221;off&#8221; hover_overlay_color=&#8221;rgba(255,255,255,0.5)&#8221; _builder_version=&#8221;3.24&#8243; title_font=&#8221;||||||||&#8221; caption_font=&#8221;||||||||&#8221; caption_text_color=&#8221;#0c71c3&#8243; pagination_font=&#8221;||||||||&#8221; text_orientation=&#8221;center&#8221; custom_padding=&#8221;||||true&#8221; _i=&#8221;2&#8243; _address=&#8221;1.1.0.2&#8243;][\/et_pb_portfolio][\/et_pb_column][\/et_pb_row][\/et_pb_section]<\/p>\n","protected":false},"excerpt":{"rendered":"<p>Deichselkopf und SteuerarmlehneDeichselkopf und Steuerarmlehne Efa bietet 2 Produkte zur Steuerung Ihrer Fahrzeuge und Maschinen an. Den Deichselkopf und die Steuerarmlehne, diese Produkte sind im Bereich der mobilen Maschinen (Traktoren, Baumaschinen, Deichselmaschinen&#8230;) ebenso unverzichtbar wie bei Industriemaschinen, sie unterst\u00fctzen und erleichtern die Arbeit des Bedieners. Dar\u00fcber hinaus ist jede Kombination dank einer gro\u00dfen Auswahl an [&hellip;]<\/p>\n","protected":false},"author":2,"featured_media":0,"parent":8219,"menu_order":0,"comment_status":"closed","ping_status":"closed","template":"","meta":{"_et_pb_use_builder":"on","_et_pb_old_content":"","_et_gb_content_width":"","_uf_show_specific_survey":0,"_uf_disable_surveys":false,"footnotes":""},"class_list":["post-8231","page","type-page","status-publish","hentry"],"yoast_head":"<!-- This site is optimized with the Yoast SEO plugin v27.5 - https:\/\/yoast.com\/product\/yoast-seo-wordpress\/ -->\n<title>Deichselkopf und Steuerarmlehne - efa Frankreich Spezialist f\u00fcr mobile Maschinen<\/title>\n<meta name=\"description\" content=\"Deichselkopf und Bedienungsarmlehne, efa France, Spezialist f\u00fcr mobile Maschinen, vermarktet viele Produkte zur Steuerung von Fahrzeugen.\" \/>\n<meta name=\"robots\" content=\"index, follow, max-snippet:-1, max-image-preview:large, max-video-preview:-1\" \/>\n<link rel=\"canonical\" href=\"https:\/\/efa-controls.com\/de\/zubehoer-zur-steuerung\/deichselkopf-und-steuerarmlehne\/\" \/>\n<meta property=\"og:locale\" content=\"de_DE\" \/>\n<meta property=\"og:type\" content=\"article\" \/>\n<meta property=\"og:title\" content=\"Deichselkopf und Steuerarmlehne - efa Frankreich Spezialist f\u00fcr mobile Maschinen\" \/>\n<meta property=\"og:description\" content=\"Deichselkopf und Bedienungsarmlehne, efa France, Spezialist f\u00fcr mobile Maschinen, vermarktet viele Produkte zur Steuerung von Fahrzeugen.\" \/>\n<meta property=\"og:url\" content=\"https:\/\/efa-controls.com\/de\/zubehoer-zur-steuerung\/deichselkopf-und-steuerarmlehne\/\" \/>\n<meta property=\"og:site_name\" content=\"efa Controls\" \/>\n<meta property=\"article:publisher\" content=\"https:\/\/www.facebook.com\/efaFranceSA\/\" \/>\n<meta property=\"article:modified_time\" content=\"2021-04-08T11:00:14+00:00\" \/>\n<meta name=\"twitter:card\" content=\"summary_large_image\" \/>\n<meta name=\"twitter:site\" content=\"@efa_france\" \/>\n<meta name=\"twitter:label1\" content=\"Gesch\u00e4tzte Lesezeit\" \/>\n\t<meta name=\"twitter:data1\" content=\"2 minutes\" \/>\n<script type=\"application\/ld+json\" class=\"yoast-schema-graph\">{\"@context\":\"https:\\\/\\\/schema.org\",\"@graph\":[{\"@type\":\"WebPage\",\"@id\":\"https:\\\/\\\/efa-controls.com\\\/de\\\/zubehoer-zur-steuerung\\\/deichselkopf-und-steuerarmlehne\\\/\",\"url\":\"https:\\\/\\\/efa-controls.com\\\/de\\\/zubehoer-zur-steuerung\\\/deichselkopf-und-steuerarmlehne\\\/\",\"name\":\"Deichselkopf und Steuerarmlehne - efa Frankreich Spezialist f\u00fcr mobile Maschinen\",\"isPartOf\":{\"@id\":\"https:\\\/\\\/efa-controls.com\\\/de\\\/#website\"},\"datePublished\":\"2020-03-09T11:24:25+00:00\",\"dateModified\":\"2021-04-08T11:00:14+00:00\",\"description\":\"Deichselkopf und Bedienungsarmlehne, efa France, Spezialist f\u00fcr mobile Maschinen, vermarktet viele Produkte zur Steuerung von Fahrzeugen.\",\"breadcrumb\":{\"@id\":\"https:\\\/\\\/efa-controls.com\\\/de\\\/zubehoer-zur-steuerung\\\/deichselkopf-und-steuerarmlehne\\\/#breadcrumb\"},\"inLanguage\":\"de-DE\",\"potentialAction\":[{\"@type\":\"ReadAction\",\"target\":[\"https:\\\/\\\/efa-controls.com\\\/de\\\/zubehoer-zur-steuerung\\\/deichselkopf-und-steuerarmlehne\\\/\"]}]},{\"@type\":\"BreadcrumbList\",\"@id\":\"https:\\\/\\\/efa-controls.com\\\/de\\\/zubehoer-zur-steuerung\\\/deichselkopf-und-steuerarmlehne\\\/#breadcrumb\",\"itemListElement\":[{\"@type\":\"ListItem\",\"position\":1,\"name\":\"Accueil-Home\",\"item\":\"https:\\\/\\\/efa-controls.com\\\/de\\\/\"},{\"@type\":\"ListItem\",\"position\":2,\"name\":\"Fahrzeugbedienung\",\"item\":\"https:\\\/\\\/efa-controls.com\\\/de\\\/zubehoer-zur-steuerung\\\/\"},{\"@type\":\"ListItem\",\"position\":3,\"name\":\"Deichselkopf und Steuerarmlehne\"}]},{\"@type\":\"WebSite\",\"@id\":\"https:\\\/\\\/efa-controls.com\\\/de\\\/#website\",\"url\":\"https:\\\/\\\/efa-controls.com\\\/de\\\/\",\"name\":\"efa Controls\",\"description\":\"Bureau d&#039;\u00e9tude pour v\u00e9hicules industriels\",\"publisher\":{\"@id\":\"https:\\\/\\\/efa-controls.com\\\/de\\\/#organization\"},\"potentialAction\":[{\"@type\":\"SearchAction\",\"target\":{\"@type\":\"EntryPoint\",\"urlTemplate\":\"https:\\\/\\\/efa-controls.com\\\/de\\\/?s={search_term_string}\"},\"query-input\":{\"@type\":\"PropertyValueSpecification\",\"valueRequired\":true,\"valueName\":\"search_term_string\"}}],\"inLanguage\":\"de-DE\"},{\"@type\":\"Organization\",\"@id\":\"https:\\\/\\\/efa-controls.com\\\/de\\\/#organization\",\"name\":\"efa Controls\",\"url\":\"https:\\\/\\\/efa-controls.com\\\/de\\\/\",\"logo\":{\"@type\":\"ImageObject\",\"inLanguage\":\"de-DE\",\"@id\":\"https:\\\/\\\/efa-controls.com\\\/de\\\/#\\\/schema\\\/logo\\\/image\\\/\",\"url\":\"https:\\\/\\\/efa-controls.com\\\/wp-content\\\/uploads\\\/2023\\\/05\\\/logo-bleu.png\",\"contentUrl\":\"https:\\\/\\\/efa-controls.com\\\/wp-content\\\/uploads\\\/2023\\\/05\\\/logo-bleu.png\",\"width\":408,\"height\":288,\"caption\":\"efa Controls\"},\"image\":{\"@id\":\"https:\\\/\\\/efa-controls.com\\\/de\\\/#\\\/schema\\\/logo\\\/image\\\/\"},\"sameAs\":[\"https:\\\/\\\/www.facebook.com\\\/efaFranceSA\\\/\",\"https:\\\/\\\/x.com\\\/efa_france\",\"https:\\\/\\\/www.instagram.com\\\/efafrance\\\/\",\"https:\\\/\\\/www.linkedin.com\\\/company\\\/efa-france\",\"https:\\\/\\\/www.youtube.com\\\/user\\\/EFAControls\"]}]}<\/script>\n<!-- \/ Yoast SEO plugin. -->","yoast_head_json":{"title":"Deichselkopf und Steuerarmlehne - efa Frankreich Spezialist f\u00fcr mobile Maschinen","description":"Deichselkopf und Bedienungsarmlehne, efa France, Spezialist f\u00fcr mobile Maschinen, vermarktet viele Produkte zur Steuerung von Fahrzeugen.","robots":{"index":"index","follow":"follow","max-snippet":"max-snippet:-1","max-image-preview":"max-image-preview:large","max-video-preview":"max-video-preview:-1"},"canonical":"https:\/\/efa-controls.com\/de\/zubehoer-zur-steuerung\/deichselkopf-und-steuerarmlehne\/","og_locale":"de_DE","og_type":"article","og_title":"Deichselkopf und Steuerarmlehne - efa Frankreich Spezialist f\u00fcr mobile Maschinen","og_description":"Deichselkopf und Bedienungsarmlehne, efa France, Spezialist f\u00fcr mobile Maschinen, vermarktet viele Produkte zur Steuerung von Fahrzeugen.","og_url":"https:\/\/efa-controls.com\/de\/zubehoer-zur-steuerung\/deichselkopf-und-steuerarmlehne\/","og_site_name":"efa Controls","article_publisher":"https:\/\/www.facebook.com\/efaFranceSA\/","article_modified_time":"2021-04-08T11:00:14+00:00","twitter_card":"summary_large_image","twitter_site":"@efa_france","twitter_misc":{"Gesch\u00e4tzte Lesezeit":"2 minutes"},"schema":{"@context":"https:\/\/schema.org","@graph":[{"@type":"WebPage","@id":"https:\/\/efa-controls.com\/de\/zubehoer-zur-steuerung\/deichselkopf-und-steuerarmlehne\/","url":"https:\/\/efa-controls.com\/de\/zubehoer-zur-steuerung\/deichselkopf-und-steuerarmlehne\/","name":"Deichselkopf und Steuerarmlehne - efa Frankreich Spezialist f\u00fcr mobile Maschinen","isPartOf":{"@id":"https:\/\/efa-controls.com\/de\/#website"},"datePublished":"2020-03-09T11:24:25+00:00","dateModified":"2021-04-08T11:00:14+00:00","description":"Deichselkopf und Bedienungsarmlehne, efa France, Spezialist f\u00fcr mobile Maschinen, vermarktet viele Produkte zur Steuerung von Fahrzeugen.","breadcrumb":{"@id":"https:\/\/efa-controls.com\/de\/zubehoer-zur-steuerung\/deichselkopf-und-steuerarmlehne\/#breadcrumb"},"inLanguage":"de-DE","potentialAction":[{"@type":"ReadAction","target":["https:\/\/efa-controls.com\/de\/zubehoer-zur-steuerung\/deichselkopf-und-steuerarmlehne\/"]}]},{"@type":"BreadcrumbList","@id":"https:\/\/efa-controls.com\/de\/zubehoer-zur-steuerung\/deichselkopf-und-steuerarmlehne\/#breadcrumb","itemListElement":[{"@type":"ListItem","position":1,"name":"Accueil-Home","item":"https:\/\/efa-controls.com\/de\/"},{"@type":"ListItem","position":2,"name":"Fahrzeugbedienung","item":"https:\/\/efa-controls.com\/de\/zubehoer-zur-steuerung\/"},{"@type":"ListItem","position":3,"name":"Deichselkopf und Steuerarmlehne"}]},{"@type":"WebSite","@id":"https:\/\/efa-controls.com\/de\/#website","url":"https:\/\/efa-controls.com\/de\/","name":"efa Controls","description":"Bureau d&#039;\u00e9tude pour v\u00e9hicules industriels","publisher":{"@id":"https:\/\/efa-controls.com\/de\/#organization"},"potentialAction":[{"@type":"SearchAction","target":{"@type":"EntryPoint","urlTemplate":"https:\/\/efa-controls.com\/de\/?s={search_term_string}"},"query-input":{"@type":"PropertyValueSpecification","valueRequired":true,"valueName":"search_term_string"}}],"inLanguage":"de-DE"},{"@type":"Organization","@id":"https:\/\/efa-controls.com\/de\/#organization","name":"efa Controls","url":"https:\/\/efa-controls.com\/de\/","logo":{"@type":"ImageObject","inLanguage":"de-DE","@id":"https:\/\/efa-controls.com\/de\/#\/schema\/logo\/image\/","url":"https:\/\/efa-controls.com\/wp-content\/uploads\/2023\/05\/logo-bleu.png","contentUrl":"https:\/\/efa-controls.com\/wp-content\/uploads\/2023\/05\/logo-bleu.png","width":408,"height":288,"caption":"efa Controls"},"image":{"@id":"https:\/\/efa-controls.com\/de\/#\/schema\/logo\/image\/"},"sameAs":["https:\/\/www.facebook.com\/efaFranceSA\/","https:\/\/x.com\/efa_france","https:\/\/www.instagram.com\/efafrance\/","https:\/\/www.linkedin.com\/company\/efa-france","https:\/\/www.youtube.com\/user\/EFAControls"]}]}},"_links":{"self":[{"href":"https:\/\/efa-controls.com\/de\/wp-json\/wp\/v2\/pages\/8231","targetHints":{"allow":["GET"]}}],"collection":[{"href":"https:\/\/efa-controls.com\/de\/wp-json\/wp\/v2\/pages"}],"about":[{"href":"https:\/\/efa-controls.com\/de\/wp-json\/wp\/v2\/types\/page"}],"author":[{"embeddable":true,"href":"https:\/\/efa-controls.com\/de\/wp-json\/wp\/v2\/users\/2"}],"replies":[{"embeddable":true,"href":"https:\/\/efa-controls.com\/de\/wp-json\/wp\/v2\/comments?post=8231"}],"version-history":[{"count":20,"href":"https:\/\/efa-controls.com\/de\/wp-json\/wp\/v2\/pages\/8231\/revisions"}],"predecessor-version":[{"id":14137,"href":"https:\/\/efa-controls.com\/de\/wp-json\/wp\/v2\/pages\/8231\/revisions\/14137"}],"up":[{"embeddable":true,"href":"https:\/\/efa-controls.com\/de\/wp-json\/wp\/v2\/pages\/8219"}],"wp:attachment":[{"href":"https:\/\/efa-controls.com\/de\/wp-json\/wp\/v2\/media?parent=8231"}],"curies":[{"name":"wp","href":"https:\/\/api.w.org\/{rel}","templated":true}]}}