{"id":8227,"date":"2020-03-09T11:58:27","date_gmt":"2020-03-09T10:58:27","guid":{"rendered":"https:\/\/efa-controls.com\/fahrzeugbestellungen\/zubehoer-zur-steuerung\/pedale\/"},"modified":"2021-04-08T12:29:14","modified_gmt":"2021-04-08T10:29:14","slug":"pedale","status":"publish","type":"page","link":"https:\/\/efa-controls.com\/de\/zubehoer-zur-steuerung\/pedale\/","title":{"rendered":"Pedale"},"content":{"rendered":"<p>[et_pb_section fb_built=&#8221;1&#8243; _builder_version=&#8221;3.24&#8243; background_color=&#8221;#333333&#8243; custom_padding=&#8221;8px||25px|||&#8221;][et_pb_row _builder_version=&#8221;3.25&#8243; custom_padding=&#8221;56px||8px|||&#8221;][et_pb_column type=&#8221;4_4&#8243; _builder_version=&#8221;3.25&#8243; custom_padding=&#8221;|||&#8221; custom_padding__hover=&#8221;|||&#8221;][et_pb_text _builder_version=&#8221;3.27.4&#8243; header_font=&#8221;||||||||&#8221; header_text_color=&#8221;#ffffff&#8221;]<\/p>\n<h1>CAN-Bus- und analoge Pedale<\/h1>\n<p>[\/et_pb_text][et_pb_divider color=&#8221;#ffffff&#8221; _builder_version=&#8221;3.24&#8243; width=&#8221;20%&#8221; module_alignment=&#8221;center&#8221;][\/et_pb_divider][\/et_pb_column][\/et_pb_row][\/et_pb_section][et_pb_section fb_built=&#8221;1&#8243; _builder_version=&#8221;3.24&#8243; custom_margin=&#8221;||0px|||&#8221; custom_padding=&#8221;0px||4px|||&#8221; saved_tabs=&#8221;all&#8221;][et_pb_row column_structure=&#8221;1_2,1_2&#8243; _builder_version=&#8221;3.25&#8243; min_height=&#8221;197px&#8221; custom_padding=&#8221;55px|||||&#8221;][et_pb_column type=&#8221;1_2&#8243; _builder_version=&#8221;3.25&#8243; custom_padding=&#8221;|||&#8221; custom_padding__hover=&#8221;|||&#8221;][et_pb_text _builder_version=&#8221;3.27.4&#8243;]<\/p>\n<h2 class=\"color_333\">Beschleunigungspedale<\/h2>\n<p>Pedale sind elektronische Drosselklappensteuerungen f\u00fcr mittlere, schwere und leichte Nutzfahrzeuge. Efa nutzt die Steuerung des Lieferanten Williams. Die Williams-Steuerung bietet eine Reihe von 3 Produkten an: am Boden montierte elektronische Pedale, h\u00e4ngende elektronische Pedale und Daumenschalter-Gaspedale.<br \/>\nIn jeder der Baureihen werden verschiedene Produkte angeboten, so dass Sie das Produkt w\u00e4hlen k\u00f6nnen, das Ihren Fahrzeugen und Maschinen entspricht. Dar\u00fcber hinaus sind die Pedalsensoren mit allen gro\u00dfen Motorherstellern kompatibel.<\/p>\n<p>Die Pedale eignen sich f\u00fcr alle Fahrzeugtypen, von mittleren und schweren Lastwagen bis hin zu Bussen und Reisebussen sowie f\u00fcr Spezial-, Bau-, Materialtransport- und landwirtschaftliche Fahrzeuge.<br \/>\nEfa hilft Ihnen, das am besten geeignete Gaspedal f\u00fcr Ihr Fahrzeug zu finden, f\u00fcr eine optimale L\u00f6sung.<\/p>\n<p>[\/et_pb_text][et_pb_text _builder_version=&#8221;3.27.4&#8243;]<\/p>\n<p style=\"text-align: justify;\">Your content goes here. Edit or remove this text inline or in the module Content settings. You can also style every aspect of this content in the module Design settings and even apply custom CSS to this text in the module Advanced settings.<\/p>\n<p>[\/et_pb_text][\/et_pb_column][et_pb_column type=&#8221;1_2&#8243; _builder_version=&#8221;3.25&#8243; custom_padding=&#8221;|||&#8221; custom_padding__hover=&#8221;|||&#8221;][et_pb_text _builder_version=&#8221;3.27.4&#8243;]<\/p>\n<h2 class=\"color_333\">Williams-Steuerung<\/h2>\n<p>Williams Controls Inc. arbeitet eng mit Motoren- und Fahrzeugherstellern zusammen. Seit 1937 hat das Unternehmen ihr Know-how durch die Herstellung verschiedener Fahrzeugkomponenten und Steuerungen weiterentwickelt. So werden beispielsweise pneumatische Drosselklappensteuerungssysteme und konfigurierbare Joysticks hergestellt.<\/p>\n<p>Das Unternehmen hat sich zu einem weltweit f\u00fchrenden Anbieter von elektronischen Drosselklappensteuerungen f\u00fcr Lastwagen und Busse entwickelt. Die Produkte von William Controls erf\u00fcllen die Anforderungen der Normen TS 16949 und ISO 1400, die sich auf den Qualit\u00e4tsansatz in der Automobilindustrie und das Umweltmanagement beziehen. Ihre Werte drehen sich um Produktverbesserung, technischen Fortschritt, Mitarbeitersicherheit und Kundenzufriedenheit.<\/p>\n<p>[\/et_pb_text][et_pb_text _builder_version=&#8221;3.27.4&#8243;]<\/p>\n<p style=\"text-align: justify;\">Your content goes here. Edit or remove this text inline or in the module Content settings. You can also style every aspect of this content in the module Design settings and even apply custom CSS to this text in the module Advanced settings.<\/p>\n<p>[\/et_pb_text][\/et_pb_column][\/et_pb_row][et_pb_row _builder_version=&#8221;3.25&#8243;][et_pb_column type=&#8221;4_4&#8243; _builder_version=&#8221;3.25&#8243; custom_padding=&#8221;|||&#8221; custom_padding__hover=&#8221;|||&#8221;][et_pb_text _builder_version=&#8221;3.27.4&#8243;]<\/p>\n<h2 class=\"color_333 center\">Unser Produktangebot<\/h2>\n<p>[\/et_pb_text][et_pb_divider color=&#8221;#333333&#8243; _builder_version=&#8221;3.24&#8243; width=&#8221;20%&#8221; module_alignment=&#8221;center&#8221;][\/et_pb_divider][et_pb_portfolio include_categories=&#8221;212&#8243; _builder_version=&#8221;4.9.3&#8243; hover_enabled=&#8221;0&#8243; sticky_enabled=&#8221;0&#8243;][\/et_pb_portfolio][\/et_pb_column][\/et_pb_row][\/et_pb_section]<\/p>\n","protected":false},"excerpt":{"rendered":"<p>CAN-Bus- und analoge PedaleBeschleunigungspedale Pedale sind elektronische Drosselklappensteuerungen f\u00fcr mittlere, schwere und leichte Nutzfahrzeuge. Efa nutzt die Steuerung des Lieferanten Williams. Die Williams-Steuerung bietet eine Reihe von 3 Produkten an: am Boden montierte elektronische Pedale, h\u00e4ngende elektronische Pedale und Daumenschalter-Gaspedale. In jeder der Baureihen werden verschiedene Produkte angeboten, so dass Sie das Produkt w\u00e4hlen k\u00f6nnen, [&hellip;]<\/p>\n","protected":false},"author":2,"featured_media":0,"parent":8219,"menu_order":0,"comment_status":"closed","ping_status":"closed","template":"","meta":{"_et_pb_use_builder":"on","_et_pb_old_content":"","_et_gb_content_width":"","_uf_show_specific_survey":0,"_uf_disable_surveys":false,"footnotes":""},"class_list":["post-8227","page","type-page","status-publish","hentry"],"yoast_head":"<!-- This site is optimized with the Yoast SEO plugin v27.5 - https:\/\/yoast.com\/product\/yoast-seo-wordpress\/ -->\n<title>CAN-Bus- und analoge Pedale efa France<\/title>\n<meta name=\"description\" content=\"efa bietet eine breite Palette von CAN-Bus- und analogen Pedalen an, welche f\u00fcr alle Fahrzeuge und Industriemaschinen geeignet sind.\" \/>\n<meta name=\"robots\" content=\"index, follow, max-snippet:-1, max-image-preview:large, max-video-preview:-1\" \/>\n<link rel=\"canonical\" href=\"https:\/\/efa-controls.com\/de\/zubehoer-zur-steuerung\/pedale\/\" \/>\n<meta property=\"og:locale\" content=\"de_DE\" \/>\n<meta property=\"og:type\" content=\"article\" \/>\n<meta property=\"og:title\" content=\"CAN-Bus- und analoge Pedale efa France\" \/>\n<meta property=\"og:description\" content=\"efa bietet eine breite Palette von CAN-Bus- und analogen Pedalen an, welche f\u00fcr alle Fahrzeuge und Industriemaschinen geeignet sind.\" \/>\n<meta property=\"og:url\" content=\"https:\/\/efa-controls.com\/de\/zubehoer-zur-steuerung\/pedale\/\" \/>\n<meta property=\"og:site_name\" content=\"efa Controls\" \/>\n<meta property=\"article:publisher\" content=\"https:\/\/www.facebook.com\/efaFranceSA\/\" \/>\n<meta property=\"article:modified_time\" content=\"2021-04-08T10:29:14+00:00\" \/>\n<meta name=\"twitter:card\" content=\"summary_large_image\" \/>\n<meta name=\"twitter:site\" content=\"@efa_france\" \/>\n<meta name=\"twitter:label1\" content=\"Gesch\u00e4tzte Lesezeit\" \/>\n\t<meta name=\"twitter:data1\" content=\"3 minutes\" \/>\n<script type=\"application\/ld+json\" class=\"yoast-schema-graph\">{\"@context\":\"https:\\\/\\\/schema.org\",\"@graph\":[{\"@type\":\"WebPage\",\"@id\":\"https:\\\/\\\/efa-controls.com\\\/de\\\/zubehoer-zur-steuerung\\\/pedale\\\/\",\"url\":\"https:\\\/\\\/efa-controls.com\\\/de\\\/zubehoer-zur-steuerung\\\/pedale\\\/\",\"name\":\"CAN-Bus- und analoge Pedale efa France\",\"isPartOf\":{\"@id\":\"https:\\\/\\\/efa-controls.com\\\/de\\\/#website\"},\"datePublished\":\"2020-03-09T10:58:27+00:00\",\"dateModified\":\"2021-04-08T10:29:14+00:00\",\"description\":\"efa bietet eine breite Palette von CAN-Bus- und analogen Pedalen an, welche f\u00fcr alle Fahrzeuge und Industriemaschinen geeignet sind.\",\"breadcrumb\":{\"@id\":\"https:\\\/\\\/efa-controls.com\\\/de\\\/zubehoer-zur-steuerung\\\/pedale\\\/#breadcrumb\"},\"inLanguage\":\"de-DE\",\"potentialAction\":[{\"@type\":\"ReadAction\",\"target\":[\"https:\\\/\\\/efa-controls.com\\\/de\\\/zubehoer-zur-steuerung\\\/pedale\\\/\"]}]},{\"@type\":\"BreadcrumbList\",\"@id\":\"https:\\\/\\\/efa-controls.com\\\/de\\\/zubehoer-zur-steuerung\\\/pedale\\\/#breadcrumb\",\"itemListElement\":[{\"@type\":\"ListItem\",\"position\":1,\"name\":\"Accueil-Home\",\"item\":\"https:\\\/\\\/efa-controls.com\\\/de\\\/\"},{\"@type\":\"ListItem\",\"position\":2,\"name\":\"Fahrzeugbedienung\",\"item\":\"https:\\\/\\\/efa-controls.com\\\/de\\\/zubehoer-zur-steuerung\\\/\"},{\"@type\":\"ListItem\",\"position\":3,\"name\":\"Pedale\"}]},{\"@type\":\"WebSite\",\"@id\":\"https:\\\/\\\/efa-controls.com\\\/de\\\/#website\",\"url\":\"https:\\\/\\\/efa-controls.com\\\/de\\\/\",\"name\":\"efa Controls\",\"description\":\"Bureau d&#039;\u00e9tude pour v\u00e9hicules industriels\",\"publisher\":{\"@id\":\"https:\\\/\\\/efa-controls.com\\\/de\\\/#organization\"},\"potentialAction\":[{\"@type\":\"SearchAction\",\"target\":{\"@type\":\"EntryPoint\",\"urlTemplate\":\"https:\\\/\\\/efa-controls.com\\\/de\\\/?s={search_term_string}\"},\"query-input\":{\"@type\":\"PropertyValueSpecification\",\"valueRequired\":true,\"valueName\":\"search_term_string\"}}],\"inLanguage\":\"de-DE\"},{\"@type\":\"Organization\",\"@id\":\"https:\\\/\\\/efa-controls.com\\\/de\\\/#organization\",\"name\":\"efa Controls\",\"url\":\"https:\\\/\\\/efa-controls.com\\\/de\\\/\",\"logo\":{\"@type\":\"ImageObject\",\"inLanguage\":\"de-DE\",\"@id\":\"https:\\\/\\\/efa-controls.com\\\/de\\\/#\\\/schema\\\/logo\\\/image\\\/\",\"url\":\"https:\\\/\\\/efa-controls.com\\\/wp-content\\\/uploads\\\/2023\\\/05\\\/logo-bleu.png\",\"contentUrl\":\"https:\\\/\\\/efa-controls.com\\\/wp-content\\\/uploads\\\/2023\\\/05\\\/logo-bleu.png\",\"width\":408,\"height\":288,\"caption\":\"efa Controls\"},\"image\":{\"@id\":\"https:\\\/\\\/efa-controls.com\\\/de\\\/#\\\/schema\\\/logo\\\/image\\\/\"},\"sameAs\":[\"https:\\\/\\\/www.facebook.com\\\/efaFranceSA\\\/\",\"https:\\\/\\\/x.com\\\/efa_france\",\"https:\\\/\\\/www.instagram.com\\\/efafrance\\\/\",\"https:\\\/\\\/www.linkedin.com\\\/company\\\/efa-france\",\"https:\\\/\\\/www.youtube.com\\\/user\\\/EFAControls\"]}]}<\/script>\n<!-- \/ Yoast SEO plugin. -->","yoast_head_json":{"title":"CAN-Bus- und analoge Pedale efa France","description":"efa bietet eine breite Palette von CAN-Bus- und analogen Pedalen an, welche f\u00fcr alle Fahrzeuge und Industriemaschinen geeignet sind.","robots":{"index":"index","follow":"follow","max-snippet":"max-snippet:-1","max-image-preview":"max-image-preview:large","max-video-preview":"max-video-preview:-1"},"canonical":"https:\/\/efa-controls.com\/de\/zubehoer-zur-steuerung\/pedale\/","og_locale":"de_DE","og_type":"article","og_title":"CAN-Bus- und analoge Pedale efa France","og_description":"efa bietet eine breite Palette von CAN-Bus- und analogen Pedalen an, welche f\u00fcr alle Fahrzeuge und Industriemaschinen geeignet sind.","og_url":"https:\/\/efa-controls.com\/de\/zubehoer-zur-steuerung\/pedale\/","og_site_name":"efa Controls","article_publisher":"https:\/\/www.facebook.com\/efaFranceSA\/","article_modified_time":"2021-04-08T10:29:14+00:00","twitter_card":"summary_large_image","twitter_site":"@efa_france","twitter_misc":{"Gesch\u00e4tzte Lesezeit":"3 minutes"},"schema":{"@context":"https:\/\/schema.org","@graph":[{"@type":"WebPage","@id":"https:\/\/efa-controls.com\/de\/zubehoer-zur-steuerung\/pedale\/","url":"https:\/\/efa-controls.com\/de\/zubehoer-zur-steuerung\/pedale\/","name":"CAN-Bus- und analoge Pedale efa France","isPartOf":{"@id":"https:\/\/efa-controls.com\/de\/#website"},"datePublished":"2020-03-09T10:58:27+00:00","dateModified":"2021-04-08T10:29:14+00:00","description":"efa bietet eine breite Palette von CAN-Bus- und analogen Pedalen an, welche f\u00fcr alle Fahrzeuge und Industriemaschinen geeignet sind.","breadcrumb":{"@id":"https:\/\/efa-controls.com\/de\/zubehoer-zur-steuerung\/pedale\/#breadcrumb"},"inLanguage":"de-DE","potentialAction":[{"@type":"ReadAction","target":["https:\/\/efa-controls.com\/de\/zubehoer-zur-steuerung\/pedale\/"]}]},{"@type":"BreadcrumbList","@id":"https:\/\/efa-controls.com\/de\/zubehoer-zur-steuerung\/pedale\/#breadcrumb","itemListElement":[{"@type":"ListItem","position":1,"name":"Accueil-Home","item":"https:\/\/efa-controls.com\/de\/"},{"@type":"ListItem","position":2,"name":"Fahrzeugbedienung","item":"https:\/\/efa-controls.com\/de\/zubehoer-zur-steuerung\/"},{"@type":"ListItem","position":3,"name":"Pedale"}]},{"@type":"WebSite","@id":"https:\/\/efa-controls.com\/de\/#website","url":"https:\/\/efa-controls.com\/de\/","name":"efa Controls","description":"Bureau d&#039;\u00e9tude pour v\u00e9hicules industriels","publisher":{"@id":"https:\/\/efa-controls.com\/de\/#organization"},"potentialAction":[{"@type":"SearchAction","target":{"@type":"EntryPoint","urlTemplate":"https:\/\/efa-controls.com\/de\/?s={search_term_string}"},"query-input":{"@type":"PropertyValueSpecification","valueRequired":true,"valueName":"search_term_string"}}],"inLanguage":"de-DE"},{"@type":"Organization","@id":"https:\/\/efa-controls.com\/de\/#organization","name":"efa Controls","url":"https:\/\/efa-controls.com\/de\/","logo":{"@type":"ImageObject","inLanguage":"de-DE","@id":"https:\/\/efa-controls.com\/de\/#\/schema\/logo\/image\/","url":"https:\/\/efa-controls.com\/wp-content\/uploads\/2023\/05\/logo-bleu.png","contentUrl":"https:\/\/efa-controls.com\/wp-content\/uploads\/2023\/05\/logo-bleu.png","width":408,"height":288,"caption":"efa Controls"},"image":{"@id":"https:\/\/efa-controls.com\/de\/#\/schema\/logo\/image\/"},"sameAs":["https:\/\/www.facebook.com\/efaFranceSA\/","https:\/\/x.com\/efa_france","https:\/\/www.instagram.com\/efafrance\/","https:\/\/www.linkedin.com\/company\/efa-france","https:\/\/www.youtube.com\/user\/EFAControls"]}]}},"_links":{"self":[{"href":"https:\/\/efa-controls.com\/de\/wp-json\/wp\/v2\/pages\/8227","targetHints":{"allow":["GET"]}}],"collection":[{"href":"https:\/\/efa-controls.com\/de\/wp-json\/wp\/v2\/pages"}],"about":[{"href":"https:\/\/efa-controls.com\/de\/wp-json\/wp\/v2\/types\/page"}],"author":[{"embeddable":true,"href":"https:\/\/efa-controls.com\/de\/wp-json\/wp\/v2\/users\/2"}],"replies":[{"embeddable":true,"href":"https:\/\/efa-controls.com\/de\/wp-json\/wp\/v2\/comments?post=8227"}],"version-history":[{"count":13,"href":"https:\/\/efa-controls.com\/de\/wp-json\/wp\/v2\/pages\/8227\/revisions"}],"predecessor-version":[{"id":14072,"href":"https:\/\/efa-controls.com\/de\/wp-json\/wp\/v2\/pages\/8227\/revisions\/14072"}],"up":[{"embeddable":true,"href":"https:\/\/efa-controls.com\/de\/wp-json\/wp\/v2\/pages\/8219"}],"wp:attachment":[{"href":"https:\/\/efa-controls.com\/de\/wp-json\/wp\/v2\/media?parent=8227"}],"curies":[{"name":"wp","href":"https:\/\/api.w.org\/{rel}","templated":true}]}}