{"id":8219,"date":"2020-03-09T11:56:28","date_gmt":"2020-03-09T10:56:28","guid":{"rendered":"https:\/\/efa-controls.com\/fahrzeugbestellungen\/zubehoer-zur-steuerung\/"},"modified":"2023-05-30T16:53:42","modified_gmt":"2023-05-30T14:53:42","slug":"zubehoer-zur-steuerung","status":"publish","type":"page","link":"https:\/\/efa-controls.com\/de\/zubehoer-zur-steuerung\/","title":{"rendered":"Fahrzeugbedienung"},"content":{"rendered":"<p>[et_pb_section fb_built=&#8221;1&#8243; _builder_version=&#8221;4.19.1&#8243; background_color=&#8221;#333333&#8243; custom_margin=&#8221;40px||||false|false&#8221; custom_padding=&#8221;8px||25px|||&#8221; global_colors_info=&#8221;{}&#8221;][et_pb_row _builder_version=&#8221;4.19.1&#8243; custom_padding=&#8221;56px|||||&#8221; global_colors_info=&#8221;{}&#8221;][et_pb_column type=&#8221;4_4&#8243; _builder_version=&#8221;4.16&#8243; custom_padding=&#8221;|||&#8221; global_colors_info=&#8221;{}&#8221; custom_padding__hover=&#8221;|||&#8221;][et_pb_text _builder_version=&#8221;4.16&#8243; header_font=&#8221;||||||||&#8221; header_text_color=&#8221;#ffffff&#8221; global_colors_info=&#8221;{}&#8221;]<\/p>\n<h1 class=\"space50_30\">Fahrzeugbedienung<\/h1>\n<p>[\/et_pb_text][et_pb_divider color=&#8221;#ffffff&#8221; _builder_version=&#8221;4.16&#8243; width=&#8221;20%&#8221; module_alignment=&#8221;center&#8221; global_colors_info=&#8221;{}&#8221;][\/et_pb_divider][\/et_pb_column][\/et_pb_row][\/et_pb_section][et_pb_section fb_built=&#8221;1&#8243; _builder_version=&#8221;4.18.0&#8243; _module_preset=&#8221;default&#8221; global_colors_info=&#8221;{}&#8221;][et_pb_row _builder_version=&#8221;4.18.0&#8243; _module_preset=&#8221;default&#8221; global_colors_info=&#8221;{}&#8221;][et_pb_column type=&#8221;4_4&#8243; _builder_version=&#8221;4.18.0&#8243; _module_preset=&#8221;default&#8221; global_colors_info=&#8221;{}&#8221;]<\/p>\n<p>[lwp_divi_breadcrumbs _builder_version=&#8221;4.18.0&#8243; _module_preset=&#8221;default&#8221; global_colors_info=&#8221;{}&#8221;][\/lwp_divi_breadcrumbs]<\/p>\n<p>[\/et_pb_column][\/et_pb_row][\/et_pb_section][et_pb_section fb_built=&#8221;1&#8243; _builder_version=&#8221;4.19.1&#8243; _module_preset=&#8221;default&#8221; custom_margin=&#8221;40px||||false|false&#8221; global_colors_info=&#8221;{}&#8221;][et_pb_row _builder_version=&#8221;4.17.4&#8243; _module_preset=&#8221;default&#8221; global_colors_info=&#8221;{}&#8221;][et_pb_column type=&#8221;4_4&#8243; _builder_version=&#8221;4.17.4&#8243; _module_preset=&#8221;default&#8221; global_colors_info=&#8221;{}&#8221;][et_pb_text _builder_version=&#8221;4.17.4&#8243; _module_preset=&#8221;default&#8221; global_colors_info=&#8221;{}&#8221;]<\/p>\n<span><span><a href=\"https:\/\/efa-controls.com\/de\/\">Accueil-Home<\/a><\/span><\/span>\n<p>[\/et_pb_text][\/et_pb_column][\/et_pb_row][\/et_pb_section][et_pb_section fb_built=&#8221;1&#8243; _builder_version=&#8221;4.16&#8243; custom_margin=&#8221;||0px|||&#8221; custom_padding=&#8221;0px||4px|||&#8221; saved_tabs=&#8221;all&#8221; global_colors_info=&#8221;{}&#8221;][et_pb_row column_structure=&#8221;1_2,1_2&#8243; _builder_version=&#8221;4.16&#8243; min_height=&#8221;197px&#8221; custom_padding=&#8221;55px|||||&#8221; global_colors_info=&#8221;{}&#8221;][et_pb_column type=&#8221;1_2&#8243; _builder_version=&#8221;4.16&#8243; custom_padding=&#8221;|||&#8221; global_colors_info=&#8221;{}&#8221; custom_padding__hover=&#8221;|||&#8221;][et_pb_text _builder_version=&#8221;4.16&#8243; global_colors_info=&#8221;{}&#8221;]<\/p>\n<h2 class=\"color_333\">Fahrzeugbedienung<\/h2>\n<p>efa bietet alle Bedienelemente f\u00fcr Ihr Fahrzeug wie z.B. Joysticks, Pedale, Armaturenbretter, Tastaturen und Deichselk\u00f6pfe an.<\/p>\n<p>Wir sind haupts\u00e4chlich an Fahrzeugen in den Bereichen Landwirtschaft, Bauwesen, Flughafen, Logistik, Stra\u00dfe, Schiene, Interventionsfahrzeuge und Elektrofahrzeuge t\u00e4tig. Gute Fahrzeugsteuerungen f\u00fcr leistungsstarke, produktive, effiziente und moderne Maschinen und Anlagen sind unerl\u00e4sslich.<\/p>\n<p>[\/et_pb_text][\/et_pb_column][et_pb_column type=&#8221;1_2&#8243; _builder_version=&#8221;4.16&#8243; custom_padding=&#8221;|||&#8221; global_colors_info=&#8221;{}&#8221; custom_padding__hover=&#8221;|||&#8221;][et_pb_text _builder_version=&#8221;4.16&#8243; global_colors_info=&#8221;{}&#8221;]<\/p>\n<h2 class=\"color_333\">efa-Know-how<\/h2>\n<p>Wir garantieren, dass wir Ihnen nur Qualit\u00e4tsprodukte f\u00fcr ihre Projekte anbieten, die sicher und vorher getestet sind. Jedes Projekt wird einzeln genauestens untersucht und bewertet, um Ihnen die passenden Produkte anzubieten.<\/p>\n<p class=\"h4text\" style=\"font-size: 1.2rem;\">efa, Ihr Spezialist f\u00fcr mobile Maschinen und Anwendungen!<\/p>\n<p>[\/et_pb_text][\/et_pb_column][\/et_pb_row][\/et_pb_section][et_pb_section fb_built=&#8221;1&#8243; _builder_version=&#8221;4.16&#8243; background_color=&#8221;rgba(0,0,0,0.05)&#8221; custom_padding=&#8221;23px|||||&#8221; global_colors_info=&#8221;{}&#8221;][et_pb_row _builder_version=&#8221;4.16&#8243; custom_padding=&#8221;||0px|||&#8221; global_colors_info=&#8221;{}&#8221;][et_pb_column type=&#8221;4_4&#8243; _builder_version=&#8221;4.16&#8243; custom_padding=&#8221;|||&#8221; global_colors_info=&#8221;{}&#8221; custom_padding__hover=&#8221;|||&#8221;][et_pb_text _builder_version=&#8221;4.16&#8243; custom_margin=&#8221;||13px|||&#8221; global_colors_info=&#8221;{}&#8221;]<\/p>\n<h2 class=\"center color_aaa\">Unser Produktangebot<\/h2>\n<p>[\/et_pb_text][et_pb_divider color=&#8221;#333333&#8243; _builder_version=&#8221;4.16&#8243; width=&#8221;10%&#8221; module_alignment=&#8221;center&#8221; global_colors_info=&#8221;{}&#8221;][\/et_pb_divider][\/et_pb_column][\/et_pb_row][et_pb_row column_structure=&#8221;1_2,1_2&#8243; _builder_version=&#8221;4.16&#8243; global_colors_info=&#8221;{}&#8221;][et_pb_column type=&#8221;1_2&#8243; _builder_version=&#8221;4.16&#8243; custom_padding=&#8221;|||&#8221; global_colors_info=&#8221;{}&#8221; custom_padding__hover=&#8221;|||&#8221;][et_pb_text _builder_version=&#8221;4.16&#8243; global_colors_info=&#8221;{}&#8221;]<\/p>\n<h3 class=\"color_aaa\">Funksteuerungen<\/h3>\n<p>[\/et_pb_text][et_pb_image src=&#8221;https:\/\/efa-controls.com\/wp-content\/uploads\/2017\/03\/autec-1.jpg&#8221; url=&#8221;https:\/\/efa-controls.com\/de\/funksteuerung\/&#8221; _builder_version=&#8221;4.16&#8243; custom_margin=&#8221;-17px|||||&#8221; global_colors_info=&#8221;{}&#8221; filter_contrast__hover_enabled=&#8221;on&#8221; filter_contrast__hover=&#8221;60%&#8221; transform_styles__hover_enabled=&#8221;on&#8221; transform_scale__hover_enabled=&#8221;on&#8221; transform_translate__hover_enabled=&#8221;on&#8221; transform_rotate__hover_enabled=&#8221;on&#8221; transform_skew__hover_enabled=&#8221;on&#8221; transform_origin__hover_enabled=&#8221;on&#8221; transform_scale__hover=&#8221;97%|97%&#8221;][\/et_pb_image][et_pb_text _builder_version=&#8221;4.16&#8243; custom_margin=&#8221;||15px|||&#8221; global_colors_info=&#8221;{}&#8221;]<\/p>\n<p>Die Funksteuerungen sind Tr\u00e4ger f\u00fcr die \u00dcbertragung von Aktionen f\u00fcr automatische Installationen von Maschinen, Ger\u00e4ten oder Fahrzeugen. \u00a0<\/p>\n<p>[\/et_pb_text][et_pb_button button_url=&#8221;https:\/\/efa-controls.com\/de\/funksteuerung\/&#8221; button_text=&#8221;Weitere Informationen&#8221; _builder_version=&#8221;4.16&#8243; global_colors_info=&#8221;{}&#8221;][\/et_pb_button][et_pb_text _builder_version=&#8221;4.16&#8243; min_height=&#8221;19px&#8221; custom_padding=&#8221;32px|||||&#8221; global_colors_info=&#8221;{}&#8221;]<\/p>\n<h3 class=\"color_aaa\">Pedale<\/h3>\n<p>[\/et_pb_text][et_pb_image src=&#8221;https:\/\/efa-controls.com\/wp-content\/uploads\/2017\/05\/P\u00e9dale-de-plancer.jpg&#8221; url=&#8221;https:\/\/efa-controls.com\/commandes-vehicules\/pedales\/&#8221; _builder_version=&#8221;4.16&#8243; custom_margin=&#8221;-17px|||||&#8221; global_colors_info=&#8221;{}&#8221; filter_contrast__hover_enabled=&#8221;on&#8221; filter_contrast__hover=&#8221;60%&#8221; transform_styles__hover_enabled=&#8221;on&#8221; transform_scale__hover_enabled=&#8221;on&#8221; transform_translate__hover_enabled=&#8221;on&#8221; transform_rotate__hover_enabled=&#8221;on&#8221; transform_skew__hover_enabled=&#8221;on&#8221; transform_origin__hover_enabled=&#8221;on&#8221; transform_scale__hover=&#8221;97%|97%&#8221;][\/et_pb_image][et_pb_text _builder_version=&#8221;4.16&#8243; custom_margin=&#8221;||15px|||&#8221; global_colors_info=&#8221;{}&#8221;]<\/p>\n<p>Pedale sind elektronische Drosselklappensteuerungen f\u00fcr mittlere, schwere und leichte Nutzfahrzeuge. Efa nutzt die Kontrolle des Lieferanten Williams.<br \/>\n&nbsp;<\/p>\n<p>[\/et_pb_text][et_pb_button button_url=&#8221;https:\/\/efa-controls.com\/commandes-vehicules\/pedales\/&#8221; button_text=&#8221;Weitere Informationen&#8221; _builder_version=&#8221;4.16&#8243; global_colors_info=&#8221;{}&#8221;][\/et_pb_button][\/et_pb_column][et_pb_column type=&#8221;1_2&#8243; _builder_version=&#8221;4.16&#8243; custom_padding=&#8221;|||&#8221; global_colors_info=&#8221;{}&#8221; custom_padding__hover=&#8221;|||&#8221;][et_pb_text _builder_version=&#8221;4.16&#8243; global_colors_info=&#8221;{}&#8221;]<\/p>\n<h3 class=\"color_aaa\">Industrielle Joysticks<\/h3>\n<p>[\/et_pb_text][et_pb_image src=&#8221;https:\/\/efa-controls.com\/wp-content\/uploads\/2017\/04\/bf556d9deaf1455e_org-2.jpg&#8221; url=&#8221;https:\/\/efa-controls.com\/commandes-vehicules\/joysticks-industriels\/&#8221; _builder_version=&#8221;4.16&#8243; custom_margin=&#8221;-17px|||||&#8221; global_colors_info=&#8221;{}&#8221; transform_styles__hover_enabled=&#8221;on&#8221; transform_scale__hover_enabled=&#8221;on&#8221; transform_translate__hover_enabled=&#8221;on&#8221; transform_rotate__hover_enabled=&#8221;on&#8221; transform_skew__hover_enabled=&#8221;on&#8221; transform_origin__hover_enabled=&#8221;on&#8221; transform_scale__hover=&#8221;97%|97%&#8221; filter_contrast__hover_enabled=&#8221;on&#8221; filter_contrast__hover=&#8221;60%&#8221;][\/et_pb_image][et_pb_text _builder_version=&#8221;4.16&#8243; custom_margin=&#8221;||15px|||&#8221; global_colors_info=&#8221;{}&#8221;]<\/p>\n<p>Joysticks sind im industriellen Bereich weit verbreitet. Sie k\u00f6nnen in Kr\u00e4nen, Fabrikmaschinen, landwirtschaftliche Maschinen, Forstmaschinen usw. eingebaut werden.<\/p>\n<p>[\/et_pb_text][et_pb_button button_url=&#8221;https:\/\/efa-controls.com\/commandes-vehicules\/joysticks-industriels\/&#8221; button_text=&#8221;Weitere Informationen&#8221; _builder_version=&#8221;4.16&#8243; global_colors_info=&#8221;{}&#8221;][\/et_pb_button][et_pb_text _builder_version=&#8221;4.16&#8243; min_height=&#8221;19px&#8221; custom_padding=&#8221;32px|||||&#8221; global_colors_info=&#8221;{}&#8221;]<\/p>\n<h3 class=\"color_aaa\">Deichselk\u00f6pfe und Armlehnen<\/h3>\n<p>[\/et_pb_text][et_pb_image src=&#8221;https:\/\/efa-controls.com\/wp-content\/uploads\/2016\/05\/tete-timon-efa-controls.jpg&#8221; url=&#8221;https:\/\/efa-controls.com\/commandes-vehicules\/tete-de-timon-et-accoudoir-de-commande\/&#8221; _builder_version=&#8221;4.16&#8243; custom_margin=&#8221;-17px|||||&#8221; global_colors_info=&#8221;{}&#8221; filter_contrast__hover_enabled=&#8221;on&#8221; filter_contrast__hover=&#8221;60%&#8221; transform_styles__hover_enabled=&#8221;on&#8221; transform_scale__hover_enabled=&#8221;on&#8221; transform_translate__hover_enabled=&#8221;on&#8221; transform_rotate__hover_enabled=&#8221;on&#8221; transform_skew__hover_enabled=&#8221;on&#8221; transform_origin__hover_enabled=&#8221;on&#8221; transform_scale__hover=&#8221;97%|97%&#8221;][\/et_pb_image][et_pb_text _builder_version=&#8221;4.16&#8243; custom_margin=&#8221;||15px|||&#8221; global_colors_info=&#8221;{}&#8221;]<\/p>\n<p>efa bietet 2 Produkte zur Steuerung Ihrer Fahrzeuge und Maschinen an. Deichselk\u00f6pfe und Bedienungsarmlehnen, diese Produkte sind auch im Bereich der mobilen Arbeitsmaschinen unverzichtbar.<\/p>\n<p>[\/et_pb_text][et_pb_button button_url=&#8221;https:\/\/efa-controls.com\/commandes-vehicules\/tete-de-timon-et-accoudoir-de-commande\/&#8221; button_text=&#8221;Weitere Informationen&#8221; _builder_version=&#8221;4.16&#8243; global_colors_info=&#8221;{}&#8221;][\/et_pb_button][\/et_pb_column][\/et_pb_row][et_pb_row _builder_version=&#8221;4.16&#8243; global_colors_info=&#8221;{}&#8221;][et_pb_column type=&#8221;4_4&#8243; _builder_version=&#8221;4.16&#8243; custom_padding=&#8221;|||&#8221; global_colors_info=&#8221;{}&#8221; custom_padding__hover=&#8221;|||&#8221;][et_pb_text _builder_version=&#8221;4.16&#8243; global_colors_info=&#8221;{}&#8221;]<\/p>\n<h3 class=\"color_aaa\">Auftragspositionen vervollst\u00e4ndigen<\/h3>\n<p>[\/et_pb_text][et_pb_image src=&#8221;https:\/\/efa-controls.com\/wp-content\/uploads\/2019\/08\/poste-ccomplet.jpg&#8221; url=&#8221;https:\/\/efa-controls.com\/en\/project\/complet-control-station\/&#8221; align=&#8221;center&#8221; _builder_version=&#8221;4.16&#8243; custom_margin=&#8221;-17px|||||&#8221; custom_padding=&#8221;||0px|||&#8221; global_colors_info=&#8221;{}&#8221; filter_contrast__hover_enabled=&#8221;on&#8221; filter_contrast__hover=&#8221;60%&#8221; transform_styles__hover_enabled=&#8221;on&#8221; transform_scale__hover_enabled=&#8221;on&#8221; transform_translate__hover_enabled=&#8221;on&#8221; transform_rotate__hover_enabled=&#8221;on&#8221; transform_skew__hover_enabled=&#8221;on&#8221; transform_origin__hover_enabled=&#8221;on&#8221; transform_scale__hover=&#8221;97%|97%&#8221;][\/et_pb_image][et_pb_text _builder_version=&#8221;4.16&#8243; custom_margin=&#8221;||15px|||&#8221; global_colors_info=&#8221;{}&#8221;]<\/p>\n<p>efa France ist der franz\u00f6sische Exklusivh\u00e4ndler f\u00fcr alle Produkte von Spohn und Burkhardt, wir bieten Ihnen ein komplettes Sortiment an Kontrollstationen an.<\/p>\n<p>[\/et_pb_text][et_pb_button button_url=&#8221;https:\/\/efa-controls.com\/en\/project\/complet-control-station\/&#8221; button_text=&#8221;Weitere Informationen&#8221; _builder_version=&#8221;4.16&#8243; global_colors_info=&#8221;{}&#8221;][\/et_pb_button][\/et_pb_column][\/et_pb_row][\/et_pb_section]<\/p>\n","protected":false},"excerpt":{"rendered":"<p>Fahrzeugbedienung<div class=\"et_pb_module lwp_divi_breadcrumbs lwp_divi_breadcrumbs_0\">\n\t\t\t\t\n\t\t\t\t\n\t\t\t\t\n\t\t\t\t\n\t\t\t\t\n\t\t\t\t\n\t\t\t\t<div class=\"et_pb_module_inner\">\n\t\t\t\t\t<div class=\"lwp-breadcrumbs\"> <span class=\"before\"><\/span> <span vocab=\"https:\/\/schema.org\/\" typeof=\"BreadcrumbList\"><span property=\"itemListElement\" typeof=\"ListItem\"><a property=\"item\" typeof=\"WebPage\" href=\"https:\/\/efa-controls.com\/de\/\" class=\"home\"><span property=\"name\">Home<\/span><\/a><meta property=\"position\" content=\"1\"><\/span> <span class=\"separator et-pb-icon\">9<\/span> <\/span><\/div>\n\t\t\t\t<\/div>\n\t\t\t<\/div><span><span><a href=\"https:\/\/efa-controls.com\/de\/\">Accueil-Home<\/a><\/span><\/span>Fahrzeugbedienung efa bietet alle Bedienelemente f\u00fcr Ihr Fahrzeug wie z.B. Joysticks, Pedale, Armaturenbretter, Tastaturen und Deichselk\u00f6pfe an. Wir sind haupts\u00e4chlich an Fahrzeugen in den Bereichen Landwirtschaft, Bauwesen, Flughafen, Logistik, Stra\u00dfe, Schiene, Interventionsfahrzeuge und Elektrofahrzeuge t\u00e4tig. Gute Fahrzeugsteuerungen f\u00fcr leistungsstarke, produktive, effiziente und moderne Maschinen und Anlagen sind unerl\u00e4sslich.efa-Know-how Wir garantieren, dass wir [&hellip;]<\/p>\n","protected":false},"author":2,"featured_media":0,"parent":0,"menu_order":0,"comment_status":"closed","ping_status":"closed","template":"","meta":{"_et_pb_use_builder":"on","_et_pb_old_content":"","_et_gb_content_width":"","_uf_show_specific_survey":0,"_uf_disable_surveys":false,"footnotes":""},"class_list":["post-8219","page","type-page","status-publish","hentry"],"yoast_head":"<!-- This site is optimized with the Yoast SEO plugin v27.4 - https:\/\/yoast.com\/product\/yoast-seo-wordpress\/ -->\n<title>Fahrzeugbedienung CanBus und Analog - efa Gmbh<\/title>\n<meta name=\"description\" content=\"Joysticks, Pedale, Deichselk\u00f6pfe, Funksteuerungen, Armlehnen, alles was Sie zur Steuerung und Kontrolle Ihres Industriefahrzeugs ben\u00f6tigen.\" \/>\n<meta name=\"robots\" content=\"index, follow, max-snippet:-1, max-image-preview:large, max-video-preview:-1\" \/>\n<link rel=\"canonical\" href=\"https:\/\/efa-controls.com\/de\/zubehoer-zur-steuerung\/\" \/>\n<meta property=\"og:locale\" content=\"de_DE\" \/>\n<meta property=\"og:type\" content=\"article\" \/>\n<meta property=\"og:title\" content=\"Fahrzeugbedienung CanBus und Analog - efa Gmbh\" \/>\n<meta property=\"og:description\" content=\"Joysticks, Pedale, Deichselk\u00f6pfe, Funksteuerungen, Armlehnen, alles was Sie zur Steuerung und Kontrolle Ihres Industriefahrzeugs ben\u00f6tigen.\" \/>\n<meta property=\"og:url\" content=\"https:\/\/efa-controls.com\/de\/zubehoer-zur-steuerung\/\" \/>\n<meta property=\"og:site_name\" content=\"efa Controls\" \/>\n<meta property=\"article:publisher\" content=\"https:\/\/www.facebook.com\/efaFranceSA\/\" \/>\n<meta property=\"article:modified_time\" content=\"2023-05-30T14:53:42+00:00\" \/>\n<meta name=\"twitter:card\" content=\"summary_large_image\" \/>\n<meta name=\"twitter:site\" content=\"@efa_france\" \/>\n<meta name=\"twitter:label1\" content=\"Gesch\u00e4tzte Lesezeit\" \/>\n\t<meta name=\"twitter:data1\" content=\"6 minutes\" \/>\n<script type=\"application\/ld+json\" class=\"yoast-schema-graph\">{\"@context\":\"https:\\\/\\\/schema.org\",\"@graph\":[{\"@type\":\"WebPage\",\"@id\":\"https:\\\/\\\/efa-controls.com\\\/de\\\/zubehoer-zur-steuerung\\\/\",\"url\":\"https:\\\/\\\/efa-controls.com\\\/de\\\/zubehoer-zur-steuerung\\\/\",\"name\":\"Fahrzeugbedienung CanBus und Analog - efa Gmbh\",\"isPartOf\":{\"@id\":\"https:\\\/\\\/efa-controls.com\\\/de\\\/#website\"},\"datePublished\":\"2020-03-09T10:56:28+00:00\",\"dateModified\":\"2023-05-30T14:53:42+00:00\",\"description\":\"Joysticks, Pedale, Deichselk\u00f6pfe, Funksteuerungen, Armlehnen, alles was Sie zur Steuerung und Kontrolle Ihres Industriefahrzeugs ben\u00f6tigen.\",\"breadcrumb\":{\"@id\":\"https:\\\/\\\/efa-controls.com\\\/de\\\/zubehoer-zur-steuerung\\\/#breadcrumb\"},\"inLanguage\":\"de-DE\",\"potentialAction\":[{\"@type\":\"ReadAction\",\"target\":[\"https:\\\/\\\/efa-controls.com\\\/de\\\/zubehoer-zur-steuerung\\\/\"]}]},{\"@type\":\"BreadcrumbList\",\"@id\":\"https:\\\/\\\/efa-controls.com\\\/de\\\/zubehoer-zur-steuerung\\\/#breadcrumb\",\"itemListElement\":[{\"@type\":\"ListItem\",\"position\":1,\"name\":\"Accueil-Home\",\"item\":\"https:\\\/\\\/efa-controls.com\\\/de\\\/\"},{\"@type\":\"ListItem\",\"position\":2,\"name\":\"Fahrzeugbedienung\"}]},{\"@type\":\"WebSite\",\"@id\":\"https:\\\/\\\/efa-controls.com\\\/de\\\/#website\",\"url\":\"https:\\\/\\\/efa-controls.com\\\/de\\\/\",\"name\":\"efa Controls\",\"description\":\"Bureau d&#039;\u00e9tude pour v\u00e9hicules industriels\",\"publisher\":{\"@id\":\"https:\\\/\\\/efa-controls.com\\\/de\\\/#organization\"},\"potentialAction\":[{\"@type\":\"SearchAction\",\"target\":{\"@type\":\"EntryPoint\",\"urlTemplate\":\"https:\\\/\\\/efa-controls.com\\\/de\\\/?s={search_term_string}\"},\"query-input\":{\"@type\":\"PropertyValueSpecification\",\"valueRequired\":true,\"valueName\":\"search_term_string\"}}],\"inLanguage\":\"de-DE\"},{\"@type\":\"Organization\",\"@id\":\"https:\\\/\\\/efa-controls.com\\\/de\\\/#organization\",\"name\":\"efa Controls\",\"url\":\"https:\\\/\\\/efa-controls.com\\\/de\\\/\",\"logo\":{\"@type\":\"ImageObject\",\"inLanguage\":\"de-DE\",\"@id\":\"https:\\\/\\\/efa-controls.com\\\/de\\\/#\\\/schema\\\/logo\\\/image\\\/\",\"url\":\"https:\\\/\\\/efa-controls.com\\\/wp-content\\\/uploads\\\/2023\\\/05\\\/logo-bleu.png\",\"contentUrl\":\"https:\\\/\\\/efa-controls.com\\\/wp-content\\\/uploads\\\/2023\\\/05\\\/logo-bleu.png\",\"width\":408,\"height\":288,\"caption\":\"efa Controls\"},\"image\":{\"@id\":\"https:\\\/\\\/efa-controls.com\\\/de\\\/#\\\/schema\\\/logo\\\/image\\\/\"},\"sameAs\":[\"https:\\\/\\\/www.facebook.com\\\/efaFranceSA\\\/\",\"https:\\\/\\\/x.com\\\/efa_france\",\"https:\\\/\\\/www.instagram.com\\\/efafrance\\\/\",\"https:\\\/\\\/www.linkedin.com\\\/company\\\/efa-france\",\"https:\\\/\\\/www.youtube.com\\\/user\\\/EFAControls\"]}]}<\/script>\n<!-- \/ Yoast SEO plugin. -->","yoast_head_json":{"title":"Fahrzeugbedienung CanBus und Analog - efa Gmbh","description":"Joysticks, Pedale, Deichselk\u00f6pfe, Funksteuerungen, Armlehnen, alles was Sie zur Steuerung und Kontrolle Ihres Industriefahrzeugs ben\u00f6tigen.","robots":{"index":"index","follow":"follow","max-snippet":"max-snippet:-1","max-image-preview":"max-image-preview:large","max-video-preview":"max-video-preview:-1"},"canonical":"https:\/\/efa-controls.com\/de\/zubehoer-zur-steuerung\/","og_locale":"de_DE","og_type":"article","og_title":"Fahrzeugbedienung CanBus und Analog - efa Gmbh","og_description":"Joysticks, Pedale, Deichselk\u00f6pfe, Funksteuerungen, Armlehnen, alles was Sie zur Steuerung und Kontrolle Ihres Industriefahrzeugs ben\u00f6tigen.","og_url":"https:\/\/efa-controls.com\/de\/zubehoer-zur-steuerung\/","og_site_name":"efa Controls","article_publisher":"https:\/\/www.facebook.com\/efaFranceSA\/","article_modified_time":"2023-05-30T14:53:42+00:00","twitter_card":"summary_large_image","twitter_site":"@efa_france","twitter_misc":{"Gesch\u00e4tzte Lesezeit":"6 minutes"},"schema":{"@context":"https:\/\/schema.org","@graph":[{"@type":"WebPage","@id":"https:\/\/efa-controls.com\/de\/zubehoer-zur-steuerung\/","url":"https:\/\/efa-controls.com\/de\/zubehoer-zur-steuerung\/","name":"Fahrzeugbedienung CanBus und Analog - efa Gmbh","isPartOf":{"@id":"https:\/\/efa-controls.com\/de\/#website"},"datePublished":"2020-03-09T10:56:28+00:00","dateModified":"2023-05-30T14:53:42+00:00","description":"Joysticks, Pedale, Deichselk\u00f6pfe, Funksteuerungen, Armlehnen, alles was Sie zur Steuerung und Kontrolle Ihres Industriefahrzeugs ben\u00f6tigen.","breadcrumb":{"@id":"https:\/\/efa-controls.com\/de\/zubehoer-zur-steuerung\/#breadcrumb"},"inLanguage":"de-DE","potentialAction":[{"@type":"ReadAction","target":["https:\/\/efa-controls.com\/de\/zubehoer-zur-steuerung\/"]}]},{"@type":"BreadcrumbList","@id":"https:\/\/efa-controls.com\/de\/zubehoer-zur-steuerung\/#breadcrumb","itemListElement":[{"@type":"ListItem","position":1,"name":"Accueil-Home","item":"https:\/\/efa-controls.com\/de\/"},{"@type":"ListItem","position":2,"name":"Fahrzeugbedienung"}]},{"@type":"WebSite","@id":"https:\/\/efa-controls.com\/de\/#website","url":"https:\/\/efa-controls.com\/de\/","name":"efa Controls","description":"Bureau d&#039;\u00e9tude pour v\u00e9hicules industriels","publisher":{"@id":"https:\/\/efa-controls.com\/de\/#organization"},"potentialAction":[{"@type":"SearchAction","target":{"@type":"EntryPoint","urlTemplate":"https:\/\/efa-controls.com\/de\/?s={search_term_string}"},"query-input":{"@type":"PropertyValueSpecification","valueRequired":true,"valueName":"search_term_string"}}],"inLanguage":"de-DE"},{"@type":"Organization","@id":"https:\/\/efa-controls.com\/de\/#organization","name":"efa Controls","url":"https:\/\/efa-controls.com\/de\/","logo":{"@type":"ImageObject","inLanguage":"de-DE","@id":"https:\/\/efa-controls.com\/de\/#\/schema\/logo\/image\/","url":"https:\/\/efa-controls.com\/wp-content\/uploads\/2023\/05\/logo-bleu.png","contentUrl":"https:\/\/efa-controls.com\/wp-content\/uploads\/2023\/05\/logo-bleu.png","width":408,"height":288,"caption":"efa Controls"},"image":{"@id":"https:\/\/efa-controls.com\/de\/#\/schema\/logo\/image\/"},"sameAs":["https:\/\/www.facebook.com\/efaFranceSA\/","https:\/\/x.com\/efa_france","https:\/\/www.instagram.com\/efafrance\/","https:\/\/www.linkedin.com\/company\/efa-france","https:\/\/www.youtube.com\/user\/EFAControls"]}]}},"_links":{"self":[{"href":"https:\/\/efa-controls.com\/de\/wp-json\/wp\/v2\/pages\/8219","targetHints":{"allow":["GET"]}}],"collection":[{"href":"https:\/\/efa-controls.com\/de\/wp-json\/wp\/v2\/pages"}],"about":[{"href":"https:\/\/efa-controls.com\/de\/wp-json\/wp\/v2\/types\/page"}],"author":[{"embeddable":true,"href":"https:\/\/efa-controls.com\/de\/wp-json\/wp\/v2\/users\/2"}],"replies":[{"embeddable":true,"href":"https:\/\/efa-controls.com\/de\/wp-json\/wp\/v2\/comments?post=8219"}],"version-history":[{"count":81,"href":"https:\/\/efa-controls.com\/de\/wp-json\/wp\/v2\/pages\/8219\/revisions"}],"predecessor-version":[{"id":23006,"href":"https:\/\/efa-controls.com\/de\/wp-json\/wp\/v2\/pages\/8219\/revisions\/23006"}],"wp:attachment":[{"href":"https:\/\/efa-controls.com\/de\/wp-json\/wp\/v2\/media?parent=8219"}],"curies":[{"name":"wp","href":"https:\/\/api.w.org\/{rel}","templated":true}]}}