{"id":7351,"date":"2019-11-26T17:47:53","date_gmt":"2019-11-26T16:47:53","guid":{"rendered":"https:\/\/efa-controls.com\/fahrzeugbestellungen\/"},"modified":"2021-05-17T09:25:18","modified_gmt":"2021-05-17T07:25:18","slug":"fahrzeugbestellungen","status":"publish","type":"page","link":"https:\/\/efa-controls.com\/de\/fahrzeugbestellungen\/","title":{"rendered":"Bedienung und Ergonomie"},"content":{"rendered":"<p>[et_pb_section fb_built=&#8221;1&#8243; _builder_version=&#8221;3.24&#8243; background_image=&#8221;https:\/\/efa-controls.com\/wp-content\/uploads\/2019\/08\/home-slider-cmd.jpg&#8221; custom_padding=&#8221;33px||259px|||&#8221; filter_saturate=&#8221;159%&#8221;][et_pb_row _builder_version=&#8221;3.25&#8243; background_size=&#8221;initial&#8221; background_position=&#8221;top_left&#8221; background_repeat=&#8221;repeat&#8221; custom_padding=&#8221;7px|||||&#8221;][et_pb_column type=&#8221;4_4&#8243; _builder_version=&#8221;3.25&#8243; custom_padding=&#8221;|||&#8221; custom_padding__hover=&#8221;|||&#8221;][et_pb_text _builder_version=&#8221;3.27.4&#8243; text_font=&#8221;||||||||&#8221; header_font=&#8221;|600|||||||&#8221; header_text_color=&#8221;#ffffff&#8221; header_font_size=&#8221;33px&#8221; animation_style=&#8221;slide&#8221;]<span style=\"background: hsla(0,0%,0%,0.3) !important;display:block;\" class=\"center space50_30\"><\/p>\n<h2 class=\"\">Fahrzeug- und HMI-Steuerungen<\/h2>\n<p class=\"color_fff\">Human Maschine Interface<\/p>\n<p><\/span>[\/et_pb_text][\/et_pb_column][\/et_pb_row][\/et_pb_section][et_pb_section fb_built=&#8221;1&#8243; _builder_version=&#8221;3.24&#8243; custom_padding=&#8221;46px|||||&#8221;][et_pb_row _builder_version=&#8221;3.25&#8243; custom_padding=&#8221;0px|||||&#8221;][et_pb_column type=&#8221;4_4&#8243; _builder_version=&#8221;3.25&#8243; custom_padding=&#8221;|||&#8221; custom_padding__hover=&#8221;|||&#8221;][et_pb_text _builder_version=&#8221;3.27.4&#8243; custom_margin=&#8221;||19px|||&#8221;]<\/p>\n<h2 class=\"color_333 center space50_30\">Innovative Produkte und Voraussetzungen f\u00fcr Ihre Industriefahrzeuge<\/h2>\n<p>[\/et_pb_text][et_pb_divider color=&#8221;#333333&#8243; _builder_version=&#8221;3.24&#8243; width=&#8221;15%&#8221; module_alignment=&#8221;center&#8221;][\/et_pb_divider][\/et_pb_column][\/et_pb_row][et_pb_row column_structure=&#8221;1_2,1_2&#8243; _builder_version=&#8221;3.25&#8243;][et_pb_column type=&#8221;1_2&#8243; _builder_version=&#8221;3.25&#8243; custom_padding=&#8221;|||&#8221; custom_padding__hover=&#8221;|||&#8221;][et_pb_text _builder_version=&#8221;3.27.4&#8243;]<\/p>\n<h3 class=\"\">Bestellung von Zubeh\u00f6r<\/h3>\n<p>Seit vielen Jahren bedient efa OEMs und bietet ihnen die besten Steuerungen f\u00fcr den Bau ihrer Fahrzeuge an. Dank dieser Erfahrung konnten wir starke Partnerschaften mit Marktf\u00fchrern ausbauen und sind heute deren exklusiver Vertriebspartner. Joysticks, Pedale, Deichselk\u00f6pfe, Steuerarmlehnen, Komplettsets und Funksteuerung, s\u00e4mtliche Grundlagen der Fahrzeugsteuerung sind bei efa erh\u00e4ltlich.<br \/>&nbsp;<\/p>\n<p>[\/et_pb_text][dsm_perspective_image src=&#8221;https:\/\/efa-controls.com\/wp-content\/uploads\/2017\/08\/Commandes-V\u00e9hicules-efa-France.jpg&#8221; url=&#8221;https:\/\/efa-controls.com\/accessoires-de-commande\/&#8221; use_overlay=&#8221;on&#8221; overlay_icon_color=&#8221;#0c71c3&#8243; hover_overlay_color=&#8221;rgba(255,255,255,0.4)&#8221; align=&#8221;center&#8221; _builder_version=&#8221;4.6.1&#8243; width=&#8221;60%&#8221; transform_styles__hover_enabled=&#8221;on&#8221; transform_scale__hover_enabled=&#8221;on&#8221; transform_translate__hover_enabled=&#8221;on&#8221; transform_rotate__hover_enabled=&#8221;on&#8221; transform_skew__hover_enabled=&#8221;on&#8221; transform_origin__hover_enabled=&#8221;on&#8221; transform_scale__hover=&#8221;95%|95%&#8221;][\/dsm_perspective_image][et_pb_button button_url=&#8221;https:\/\/efa-controls.com\/de\/fahrzeugbestellungen\/zubehoer-zur-steuerung\/&#8221; button_text=&#8221;Alle Produkte ansehen!&#8221; button_alignment=&#8221;center&#8221; _builder_version=&#8221;4.6.1&#8243;][\/et_pb_button][\/et_pb_column][et_pb_column type=&#8221;1_2&#8243; _builder_version=&#8221;3.25&#8243; custom_padding=&#8221;|||&#8221; custom_padding__hover=&#8221;|||&#8221;][et_pb_text _builder_version=&#8221;3.27.4&#8243; custom_margin=&#8221;||55px|||&#8221;]<\/p>\n<h3 class=\"\">Innovative Mensch-Maschine-Schnittstelle<\/h3>\n<p>Wir haben diese Reihe von Grundlagen mit Displays und anderen CAN-Bus-Instrumenten erg\u00e4nzt, um die Benutzerfreundlichkeit und Maschinenergonomie zu verbessern. Um noch weiter zu gehen, haben wir unsere eigenen Produkte entwickelt. Ein Sprachbefehl und ein anpassbares CAN-Soundsystem sorgen f\u00fcr einen echten Dialog zwischen Mensch und Maschine.<\/p>\n<p>[\/et_pb_text][dsm_perspective_image src=&#8221;https:\/\/efa-controls.com\/wp-content\/uploads\/2017\/08\/Interface-homme-machine-efa-France.jpg&#8221; url=&#8221;https:\/\/efa-controls.com\/interfaces-homme-machine\/&#8221; use_overlay=&#8221;on&#8221; overlay_icon_color=&#8221;#0c71c3&#8243; hover_overlay_color=&#8221;rgba(255,255,255,0.4)&#8221; align=&#8221;center&#8221; _builder_version=&#8221;4.6.1&#8243; width=&#8221;60%&#8221; transform_styles__hover_enabled=&#8221;on&#8221; transform_scale__hover_enabled=&#8221;on&#8221; transform_translate__hover_enabled=&#8221;on&#8221; transform_rotate__hover_enabled=&#8221;on&#8221; transform_skew__hover_enabled=&#8221;on&#8221; transform_origin__hover_enabled=&#8221;on&#8221; transform_scale__hover=&#8221;95%|95%&#8221;][\/dsm_perspective_image][et_pb_button button_url=&#8221;https:\/\/efa-controls.com\/de\/fahrzeugbestellungen\/mensch-maschine-schnittstellen\/&#8221; button_text=&#8221;Alle Produkte ansehen!&#8221; button_alignment=&#8221;center&#8221; _builder_version=&#8221;4.6.1&#8243;][\/et_pb_button][\/et_pb_column][\/et_pb_row][\/et_pb_section][et_pb_section fb_built=&#8221;1&#8243; _builder_version=&#8221;3.24&#8243; use_background_color_gradient=&#8221;on&#8221; background_color_gradient_start=&#8221;#1f68b1&#8243; background_color_gradient_end=&#8221;#001b56&#8243; background_color_gradient_direction=&#8221;90deg&#8221; background_color_gradient_start_position=&#8221;32%&#8221; animation_style=&#8221;zoom&#8221; animation_duration=&#8221;600ms&#8221; animation_intensity_zoom=&#8221;16%&#8221; animation_starting_opacity=&#8221;68%&#8221; saved_tabs=&#8221;all&#8221;][et_pb_row column_structure=&#8221;3_5,2_5&#8243; _builder_version=&#8221;3.25&#8243;][et_pb_column type=&#8221;3_5&#8243; _builder_version=&#8221;3.25&#8243; custom_padding=&#8221;|||&#8221; custom_padding__hover=&#8221;|||&#8221;][et_pb_text _builder_version=&#8221;3.27.4&#8243; header_font=&#8221;||||||||&#8221; header_2_font=&#8221;|700|||||||&#8221; header_2_text_color=&#8221;#ffffff&#8221;]<\/p>\n<h2>Ben\u00f6tigen Sie ein Nutzfahrzeug oder eine Steuerung?<\/h2>\n<p>[\/et_pb_text][et_pb_text _builder_version=&#8221;3.27.4&#8243; text_font=&#8221;|300|||||||&#8221; text_text_color=&#8221;#ffffff&#8221; text_font_size=&#8221;16px&#8221; header_font=&#8221;||||||||&#8221; header_2_font=&#8221;|700|||||||&#8221; header_2_text_color=&#8221;#ffffff&#8221;]Kontaktieren Sie uns, indem Sie auf den nebenstehenden Button klicken, wir besprechen gerne Ihre Probleme und finden die beste Technologie oder L\u00f6sung zur Verbesserung Ihrer Maschinen.[\/et_pb_text][\/et_pb_column][et_pb_column type=&#8221;2_5&#8243; _builder_version=&#8221;3.25&#8243; custom_padding=&#8221;|||&#8221; custom_padding__hover=&#8221;|||&#8221;][et_pb_button button_text=&#8221;Kontaktieren Sie uns!&#8221; _builder_version=&#8221;4.6.1&#8243; custom_button=&#8221;on&#8221; button_text_color=&#8221;#ffffff&#8221; button_font=&#8221;||||||||&#8221; button_icon=&#8221;%%86%%&#8221; button_icon_placement=&#8221;left&#8221; button_on_hover=&#8221;off&#8221; hover_enabled=&#8221;0&#8243; button_bg_color__hover_enabled=&#8221;on&#8221; button_bg_color__hover=&#8221;#ffffff&#8221; button_text_color__hover_enabled=&#8221;on&#8221; button_text_color__hover=&#8221;#0c71c3&#8243; button_url=&#8221;https:\/\/efa-controls.com\/de\/kontakt\/&#8221; sticky_enabled=&#8221;0&#8243;][\/et_pb_button][\/et_pb_column][\/et_pb_row][\/et_pb_section]<\/p>\n","protected":false},"excerpt":{"rendered":"<p>Fahrzeug- und HMI-Steuerungen Human Maschine Interface Innovative Produkte und Voraussetzungen f\u00fcr Ihre IndustriefahrzeugeBestellung von Zubeh\u00f6r Seit vielen Jahren bedient efa OEMs und bietet ihnen die besten Steuerungen f\u00fcr den Bau ihrer Fahrzeuge an. Dank dieser Erfahrung konnten wir starke Partnerschaften mit Marktf\u00fchrern ausbauen und sind heute deren exklusiver Vertriebspartner. Joysticks, Pedale, Deichselk\u00f6pfe, Steuerarmlehnen, Komplettsets und [&hellip;]<\/p>\n","protected":false},"author":2,"featured_media":0,"parent":0,"menu_order":0,"comment_status":"closed","ping_status":"closed","template":"","meta":{"_et_pb_use_builder":"on","_et_pb_old_content":"","_et_gb_content_width":"","_uf_show_specific_survey":0,"_uf_disable_surveys":false,"footnotes":""},"class_list":["post-7351","page","type-page","status-publish","hentry"],"yoast_head":"<!-- This site is optimized with the Yoast SEO plugin v27.4 - https:\/\/yoast.com\/product\/yoast-seo-wordpress\/ -->\n<title>Bedienung und Ergonomie - efa France Spezialist f\u00fcr mobile Arbeitsmaschinen<\/title>\n<meta name=\"description\" content=\"Bedienung und Ergonomie: efa bietet s\u00e4mtliche Bedienelemente f\u00fcr Ihr Fahrzeug wie z.B. Joysticks, Pedale, Schalter, Kn\u00f6pfe, Geh\u00e4use f\u00fcr Armaturenbretter. Wir liefern eintzelteile, Vorkonfektionen und komplette Baugruppen f\u00fcr Ihre Projekte.\" \/>\n<meta name=\"robots\" content=\"index, follow, max-snippet:-1, max-image-preview:large, max-video-preview:-1\" \/>\n<link rel=\"canonical\" href=\"https:\/\/efa-controls.com\/de\/fahrzeugbestellungen\/\" \/>\n<meta property=\"og:locale\" content=\"de_DE\" \/>\n<meta property=\"og:type\" content=\"article\" \/>\n<meta property=\"og:title\" content=\"Bedienung und Ergonomie - efa France Spezialist f\u00fcr mobile Arbeitsmaschinen\" \/>\n<meta property=\"og:description\" content=\"Bedienung und Ergonomie: efa bietet s\u00e4mtliche Bedienelemente f\u00fcr Ihr Fahrzeug wie z.B. Joysticks, Pedale, Schalter, Kn\u00f6pfe, Geh\u00e4use f\u00fcr Armaturenbretter. Wir liefern eintzelteile, Vorkonfektionen und komplette Baugruppen f\u00fcr Ihre Projekte.\" \/>\n<meta property=\"og:url\" content=\"https:\/\/efa-controls.com\/de\/fahrzeugbestellungen\/\" \/>\n<meta property=\"og:site_name\" content=\"efa Controls\" \/>\n<meta property=\"article:publisher\" content=\"https:\/\/www.facebook.com\/efaFranceSA\/\" \/>\n<meta property=\"article:modified_time\" content=\"2021-05-17T07:25:18+00:00\" \/>\n<meta name=\"twitter:card\" content=\"summary_large_image\" \/>\n<meta name=\"twitter:site\" content=\"@efa_france\" \/>\n<meta name=\"twitter:label1\" content=\"Gesch\u00e4tzte Lesezeit\" \/>\n\t<meta name=\"twitter:data1\" content=\"4 minutes\" \/>\n<script type=\"application\/ld+json\" class=\"yoast-schema-graph\">{\"@context\":\"https:\\\/\\\/schema.org\",\"@graph\":[{\"@type\":\"WebPage\",\"@id\":\"https:\\\/\\\/efa-controls.com\\\/de\\\/fahrzeugbestellungen\\\/\",\"url\":\"https:\\\/\\\/efa-controls.com\\\/de\\\/fahrzeugbestellungen\\\/\",\"name\":\"Bedienung und Ergonomie - efa France Spezialist f\u00fcr mobile Arbeitsmaschinen\",\"isPartOf\":{\"@id\":\"https:\\\/\\\/efa-controls.com\\\/de\\\/#website\"},\"datePublished\":\"2019-11-26T16:47:53+00:00\",\"dateModified\":\"2021-05-17T07:25:18+00:00\",\"description\":\"Bedienung und Ergonomie: efa bietet s\u00e4mtliche Bedienelemente f\u00fcr Ihr Fahrzeug wie z.B. Joysticks, Pedale, Schalter, Kn\u00f6pfe, Geh\u00e4use f\u00fcr Armaturenbretter. Wir liefern eintzelteile, Vorkonfektionen und komplette Baugruppen f\u00fcr Ihre Projekte.\",\"breadcrumb\":{\"@id\":\"https:\\\/\\\/efa-controls.com\\\/de\\\/fahrzeugbestellungen\\\/#breadcrumb\"},\"inLanguage\":\"de-DE\",\"potentialAction\":[{\"@type\":\"ReadAction\",\"target\":[\"https:\\\/\\\/efa-controls.com\\\/de\\\/fahrzeugbestellungen\\\/\"]}]},{\"@type\":\"BreadcrumbList\",\"@id\":\"https:\\\/\\\/efa-controls.com\\\/de\\\/fahrzeugbestellungen\\\/#breadcrumb\",\"itemListElement\":[{\"@type\":\"ListItem\",\"position\":1,\"name\":\"Accueil-Home\",\"item\":\"https:\\\/\\\/efa-controls.com\\\/de\\\/\"},{\"@type\":\"ListItem\",\"position\":2,\"name\":\"Bedienung und Ergonomie\"}]},{\"@type\":\"WebSite\",\"@id\":\"https:\\\/\\\/efa-controls.com\\\/de\\\/#website\",\"url\":\"https:\\\/\\\/efa-controls.com\\\/de\\\/\",\"name\":\"efa Controls\",\"description\":\"Bureau d&#039;\u00e9tude pour v\u00e9hicules industriels\",\"publisher\":{\"@id\":\"https:\\\/\\\/efa-controls.com\\\/de\\\/#organization\"},\"potentialAction\":[{\"@type\":\"SearchAction\",\"target\":{\"@type\":\"EntryPoint\",\"urlTemplate\":\"https:\\\/\\\/efa-controls.com\\\/de\\\/?s={search_term_string}\"},\"query-input\":{\"@type\":\"PropertyValueSpecification\",\"valueRequired\":true,\"valueName\":\"search_term_string\"}}],\"inLanguage\":\"de-DE\"},{\"@type\":\"Organization\",\"@id\":\"https:\\\/\\\/efa-controls.com\\\/de\\\/#organization\",\"name\":\"efa Controls\",\"url\":\"https:\\\/\\\/efa-controls.com\\\/de\\\/\",\"logo\":{\"@type\":\"ImageObject\",\"inLanguage\":\"de-DE\",\"@id\":\"https:\\\/\\\/efa-controls.com\\\/de\\\/#\\\/schema\\\/logo\\\/image\\\/\",\"url\":\"https:\\\/\\\/efa-controls.com\\\/wp-content\\\/uploads\\\/2023\\\/05\\\/logo-bleu.png\",\"contentUrl\":\"https:\\\/\\\/efa-controls.com\\\/wp-content\\\/uploads\\\/2023\\\/05\\\/logo-bleu.png\",\"width\":408,\"height\":288,\"caption\":\"efa Controls\"},\"image\":{\"@id\":\"https:\\\/\\\/efa-controls.com\\\/de\\\/#\\\/schema\\\/logo\\\/image\\\/\"},\"sameAs\":[\"https:\\\/\\\/www.facebook.com\\\/efaFranceSA\\\/\",\"https:\\\/\\\/x.com\\\/efa_france\",\"https:\\\/\\\/www.instagram.com\\\/efafrance\\\/\",\"https:\\\/\\\/www.linkedin.com\\\/company\\\/efa-france\",\"https:\\\/\\\/www.youtube.com\\\/user\\\/EFAControls\"]}]}<\/script>\n<!-- \/ Yoast SEO plugin. -->","yoast_head_json":{"title":"Bedienung und Ergonomie - efa France Spezialist f\u00fcr mobile Arbeitsmaschinen","description":"Bedienung und Ergonomie: efa bietet s\u00e4mtliche Bedienelemente f\u00fcr Ihr Fahrzeug wie z.B. Joysticks, Pedale, Schalter, Kn\u00f6pfe, Geh\u00e4use f\u00fcr Armaturenbretter. Wir liefern eintzelteile, Vorkonfektionen und komplette Baugruppen f\u00fcr Ihre Projekte.","robots":{"index":"index","follow":"follow","max-snippet":"max-snippet:-1","max-image-preview":"max-image-preview:large","max-video-preview":"max-video-preview:-1"},"canonical":"https:\/\/efa-controls.com\/de\/fahrzeugbestellungen\/","og_locale":"de_DE","og_type":"article","og_title":"Bedienung und Ergonomie - efa France Spezialist f\u00fcr mobile Arbeitsmaschinen","og_description":"Bedienung und Ergonomie: efa bietet s\u00e4mtliche Bedienelemente f\u00fcr Ihr Fahrzeug wie z.B. Joysticks, Pedale, Schalter, Kn\u00f6pfe, Geh\u00e4use f\u00fcr Armaturenbretter. Wir liefern eintzelteile, Vorkonfektionen und komplette Baugruppen f\u00fcr Ihre Projekte.","og_url":"https:\/\/efa-controls.com\/de\/fahrzeugbestellungen\/","og_site_name":"efa Controls","article_publisher":"https:\/\/www.facebook.com\/efaFranceSA\/","article_modified_time":"2021-05-17T07:25:18+00:00","twitter_card":"summary_large_image","twitter_site":"@efa_france","twitter_misc":{"Gesch\u00e4tzte Lesezeit":"4 minutes"},"schema":{"@context":"https:\/\/schema.org","@graph":[{"@type":"WebPage","@id":"https:\/\/efa-controls.com\/de\/fahrzeugbestellungen\/","url":"https:\/\/efa-controls.com\/de\/fahrzeugbestellungen\/","name":"Bedienung und Ergonomie - efa France Spezialist f\u00fcr mobile Arbeitsmaschinen","isPartOf":{"@id":"https:\/\/efa-controls.com\/de\/#website"},"datePublished":"2019-11-26T16:47:53+00:00","dateModified":"2021-05-17T07:25:18+00:00","description":"Bedienung und Ergonomie: efa bietet s\u00e4mtliche Bedienelemente f\u00fcr Ihr Fahrzeug wie z.B. Joysticks, Pedale, Schalter, Kn\u00f6pfe, Geh\u00e4use f\u00fcr Armaturenbretter. Wir liefern eintzelteile, Vorkonfektionen und komplette Baugruppen f\u00fcr Ihre Projekte.","breadcrumb":{"@id":"https:\/\/efa-controls.com\/de\/fahrzeugbestellungen\/#breadcrumb"},"inLanguage":"de-DE","potentialAction":[{"@type":"ReadAction","target":["https:\/\/efa-controls.com\/de\/fahrzeugbestellungen\/"]}]},{"@type":"BreadcrumbList","@id":"https:\/\/efa-controls.com\/de\/fahrzeugbestellungen\/#breadcrumb","itemListElement":[{"@type":"ListItem","position":1,"name":"Accueil-Home","item":"https:\/\/efa-controls.com\/de\/"},{"@type":"ListItem","position":2,"name":"Bedienung und Ergonomie"}]},{"@type":"WebSite","@id":"https:\/\/efa-controls.com\/de\/#website","url":"https:\/\/efa-controls.com\/de\/","name":"efa Controls","description":"Bureau d&#039;\u00e9tude pour v\u00e9hicules industriels","publisher":{"@id":"https:\/\/efa-controls.com\/de\/#organization"},"potentialAction":[{"@type":"SearchAction","target":{"@type":"EntryPoint","urlTemplate":"https:\/\/efa-controls.com\/de\/?s={search_term_string}"},"query-input":{"@type":"PropertyValueSpecification","valueRequired":true,"valueName":"search_term_string"}}],"inLanguage":"de-DE"},{"@type":"Organization","@id":"https:\/\/efa-controls.com\/de\/#organization","name":"efa Controls","url":"https:\/\/efa-controls.com\/de\/","logo":{"@type":"ImageObject","inLanguage":"de-DE","@id":"https:\/\/efa-controls.com\/de\/#\/schema\/logo\/image\/","url":"https:\/\/efa-controls.com\/wp-content\/uploads\/2023\/05\/logo-bleu.png","contentUrl":"https:\/\/efa-controls.com\/wp-content\/uploads\/2023\/05\/logo-bleu.png","width":408,"height":288,"caption":"efa Controls"},"image":{"@id":"https:\/\/efa-controls.com\/de\/#\/schema\/logo\/image\/"},"sameAs":["https:\/\/www.facebook.com\/efaFranceSA\/","https:\/\/x.com\/efa_france","https:\/\/www.instagram.com\/efafrance\/","https:\/\/www.linkedin.com\/company\/efa-france","https:\/\/www.youtube.com\/user\/EFAControls"]}]}},"_links":{"self":[{"href":"https:\/\/efa-controls.com\/de\/wp-json\/wp\/v2\/pages\/7351","targetHints":{"allow":["GET"]}}],"collection":[{"href":"https:\/\/efa-controls.com\/de\/wp-json\/wp\/v2\/pages"}],"about":[{"href":"https:\/\/efa-controls.com\/de\/wp-json\/wp\/v2\/types\/page"}],"author":[{"embeddable":true,"href":"https:\/\/efa-controls.com\/de\/wp-json\/wp\/v2\/users\/2"}],"replies":[{"embeddable":true,"href":"https:\/\/efa-controls.com\/de\/wp-json\/wp\/v2\/comments?post=7351"}],"version-history":[{"count":114,"href":"https:\/\/efa-controls.com\/de\/wp-json\/wp\/v2\/pages\/7351\/revisions"}],"predecessor-version":[{"id":15877,"href":"https:\/\/efa-controls.com\/de\/wp-json\/wp\/v2\/pages\/7351\/revisions\/15877"}],"wp:attachment":[{"href":"https:\/\/efa-controls.com\/de\/wp-json\/wp\/v2\/media?parent=7351"}],"curies":[{"name":"wp","href":"https:\/\/api.w.org\/{rel}","templated":true}]}}