{"id":31212,"date":"2025-03-12T09:38:48","date_gmt":"2025-03-12T08:38:48","guid":{"rendered":"https:\/\/efa-controls.com\/?page_id=31212"},"modified":"2025-05-22T14:49:54","modified_gmt":"2025-05-22T12:49:54","slug":"antriebe-steuerungen-fuer-hochspannungs-wechselstrommotoren","status":"publish","type":"page","link":"https:\/\/efa-controls.com\/de\/unsere-loesungen\/elektrifizierung\/motorcontrollern\/antriebe-steuerungen-fuer-hochspannungs-wechselstrommotoren\/","title":{"rendered":"Antriebe \/ Steuerungen f\u00fcr Hochspannungs-Wechselstrommotoren"},"content":{"rendered":"<p>[et_pb_section fb_built=&#8221;1&#8243; admin_label=&#8221;Section&#8221; _builder_version=&#8221;4.19.2&#8243; _module_preset=&#8221;default&#8221; background_enable_image=&#8221;off&#8221; custom_margin=&#8221;0px||0px||true|false&#8221; custom_padding=&#8221;0px||0px||true|false&#8221; global_colors_info=&#8221;{}&#8221;][\/et_pb_section][et_pb_section fb_built=&#8221;1&#8243; admin_label=&#8221;Section&#8221; _builder_version=&#8221;4.27.4&#8243; _module_preset=&#8221;default&#8221; background_image=&#8221;https:\/\/efa-controls.com\/wp-content\/uploads\/2025\/02\/Slider-variateurAChaute-tension-efa-scaled.jpg&#8221; custom_margin=&#8221;0px||0px||true|false&#8221; custom_padding=&#8221;0px||0px||true|false&#8221; global_colors_info=&#8221;{}&#8221;][et_pb_row admin_label=&#8221;Linie&#8221; _builder_version=&#8221;4.17.4&#8243; _module_preset=&#8221;default&#8221; width=&#8221;100%&#8221; max_width=&#8221;2560px&#8221; global_colors_info=&#8221;{}&#8221;][et_pb_column type=&#8221;4_4&#8243; _builder_version=&#8221;4.17.4&#8243; _module_preset=&#8221;default&#8221; global_colors_info=&#8221;{}&#8221;][et_pb_text _builder_version=&#8221;4.27.4&#8243; _module_preset=&#8221;default&#8221; text_font=&#8221;||||||||&#8221; text_font_size=&#8221;77px&#8221; header_font=&#8221;Open Sans|700|||||||&#8221; header_text_align=&#8221;left&#8221; header_font_size=&#8221;70px&#8221; background_image=&#8221;https:\/\/efa-controls.com\/wp-content\/uploads\/2022\/07\/Fichier-3.png&#8221; parallax=&#8221;on&#8221; parallax_method=&#8221;off&#8221; background_blend=&#8221;overlay&#8221; min_height=&#8221;407px&#8221; custom_margin=&#8221;-25px||||false|false&#8221; custom_margin_tablet=&#8221;-25px||||false|false&#8221; custom_margin_phone=&#8221;-25px||||false|false&#8221; custom_margin_last_edited=&#8221;on|desktop&#8221; custom_padding=&#8221;88px|123px|88px|123px|true|true&#8221; custom_padding_tablet=&#8221;&#8221; custom_padding_phone=&#8221;|23px||23px|true|true&#8221; custom_padding_last_edited=&#8221;on|phone&#8221; header_font_size_tablet=&#8221;70px&#8221; header_font_size_phone=&#8221;45px&#8221; header_font_size_last_edited=&#8221;on|phone&#8221; global_colors_info=&#8221;{}&#8221;]<\/p>\n<h1><\/h1>\n<p><span style=\"color: #333333;\"><strong>Umrichter \/<\/strong><\/span><span style=\"color: #333333;\"><strong><\/strong><\/span><\/p>\n<p><span style=\"color: #333333;\"><strong><\/strong><\/span><span style=\"color: #333333;\"><strong><\/strong><\/span><span style=\"color: #333333;\"><strong>AC-Motorsteuerungen<\/strong><\/span><span style=\"color: #333333;\"><strong><\/strong><\/span><\/p>\n<p><span style=\"color: #333333;\"><em>Hochspannung<\/em><\/span><\/p>\n<p>&nbsp;<\/p>\n<p>[\/et_pb_text][et_pb_icon font_icon=&#8221;&#xf103;||fa||900&#8243; icon_color=&#8221;#0C71C3&#8243; icon_width=&#8221;131px&#8221; disabled_on=&#8221;on|off|off&#8221; _builder_version=&#8221;4.19.1&#8243; _module_preset=&#8221;default&#8221; positioning=&#8221;relative&#8221; vertical_offset=&#8221;59px&#8221; custom_margin=&#8221;-120px||-21px||false|false&#8221; animation_style=&#8221;bounce&#8221; animation_direction=&#8221;top&#8221; custom_css_icon_element=&#8221;opacity: 0.5;&#8221; global_colors_info=&#8221;{}&#8221;][\/et_pb_icon][\/et_pb_column][\/et_pb_row][\/et_pb_section][et_pb_section fb_built=&#8221;1&#8243; _builder_version=&#8221;4.16&#8243; custom_padding=&#8221;3px||0px|||&#8221; global_colors_info=&#8221;{}&#8221;][et_pb_row _builder_version=&#8221;4.19.2&#8243; _module_preset=&#8221;default&#8221; custom_padding=&#8221;||0px|||&#8221; global_colors_info=&#8221;{}&#8221;][et_pb_column type=&#8221;4_4&#8243; _builder_version=&#8221;4.19.2&#8243; _module_preset=&#8221;default&#8221; global_colors_info=&#8221;{}&#8221;][lwp_divi_breadcrumbs _builder_version=&#8221;4.19.2&#8243; _module_preset=&#8221;default&#8221; global_colors_info=&#8221;{}&#8221;][\/lwp_divi_breadcrumbs][et_pb_text _builder_version=&#8221;4.27.4&#8243; _module_preset=&#8221;default&#8221; header_text_color=&#8221;#555555&#8243; global_colors_info=&#8221;{}&#8221;]<\/p>\n<blockquote>\n<h1><strong>Elektrische Hochspannungsdimmer<\/strong><\/h1>\n<\/blockquote>\n<p>[\/et_pb_text][\/et_pb_column][\/et_pb_row][et_pb_row column_structure=&#8221;1_2,1_2&#8243; _builder_version=&#8221;4.27.4&#8243; _module_preset=&#8221;default&#8221; custom_margin=&#8221;-98px||-98px||true|false&#8221; custom_padding=&#8221;23px||23px||true|false&#8221; global_colors_info=&#8221;{}&#8221;][et_pb_column type=&#8221;1_2&#8243; _builder_version=&#8221;4.17.4&#8243; _module_preset=&#8221;default&#8221; global_colors_info=&#8221;{}&#8221;][et_pb_image src=&#8221;https:\/\/efa-controls.com\/wp-content\/uploads\/2025\/02\/Variateur-Borgwarner-Gen5-S9.png&#8221; alt=&#8221;Borgwarner Gen5 S9 Dimmer&#8221; title_text=&#8221;Borgwarner Gen5 S9 Dimmer&#8221; _builder_version=&#8221;4.27.4&#8243; _module_preset=&#8221;default&#8221; width=&#8221;79%&#8221; max_width=&#8221;81%&#8221; max_height=&#8221;525px&#8221; custom_margin=&#8221;|-72px||||&#8221; custom_padding=&#8221;69px|||0px||&#8221; global_colors_info=&#8221;{}&#8221;][\/et_pb_image][\/et_pb_column][et_pb_column type=&#8221;1_2&#8243; _builder_version=&#8221;4.17.4&#8243; _module_preset=&#8221;default&#8221; global_colors_info=&#8221;{}&#8221;][et_pb_text _builder_version=&#8221;4.27.4&#8243; _module_preset=&#8221;default&#8221; min_height=&#8221;76.4px&#8221; custom_padding=&#8221;||94px|||&#8221; global_colors_info=&#8221;{}&#8221;]<\/p>\n<p>&nbsp;<\/p>\n<p>Der Variator gilt als das \u201eGehirn\u201c der elektrischen Antriebskette und dient dazu, die Geschwindigkeit und das Drehmoment eines Wechselstrommotors (AC-Motor) durch Ver\u00e4nderung der Spannung und der Frequenz zu regeln. Drehzahlregler unterscheiden sich durch ihre Spannung: <strong>Sie k\u00f6nnen entweder Nieder- oder Hochspannungsantriebe sein.<\/strong><\/p>\n<p>Dank seiner Partnerschaft mit dem Unternehmen Borgwarner<strong> bietet efa die Hochspannungsregler f\u00fcr AC-Synchronmotoren an<\/strong>. Die Baureihe besteht aus vier Umrichtern :<\/p>\n<div class=\"et_pb_module et_pb_text et_pb_text_1  et_pb_text_align_left et_pb_bg_layout_light\">\n<div class=\"et_pb_text_inner\">\n<p>&nbsp;<\/p>\n<ul>\n<li>\n<h3><strong>Gen4 HVLP<\/strong><\/h3>\n<\/li>\n<li>\n<h3><strong>Gen4-S8<\/strong><\/h3>\n<\/li>\n<li>\n<h3><strong>Gen4-S10<\/strong><\/h3>\n<\/li>\n<li>\n<h3><strong>Gen 5-S9<\/strong><\/h3>\n<\/li>\n<\/ul>\n<\/div>\n<\/div>\n<p>[\/et_pb_text][\/et_pb_column][\/et_pb_row][\/et_pb_section][et_pb_section fb_built=&#8221;1&#8243; _builder_version=&#8221;4.27.4&#8243; _module_preset=&#8221;default&#8221; custom_padding=&#8221;0px||0px||false|false&#8221; saved_tabs=&#8221;all&#8221; global_colors_info=&#8221;{}&#8221; global_module=&#8221;32129&#8243; theme_builder_area=&#8221;post_content&#8221;][et_pb_row _builder_version=&#8221;4.27.4&#8243; _module_preset=&#8221;default&#8221; hover_enabled=&#8221;0&#8243; global_colors_info=&#8221;{}&#8221; theme_builder_area=&#8221;post_content&#8221; custom_padding=&#8221;0px||0px||false|false&#8221; sticky_enabled=&#8221;0&#8243;][et_pb_column type=&#8221;4_4&#8243; _builder_version=&#8221;4.27.4&#8243; _module_preset=&#8221;default&#8221; global_colors_info=&#8221;{}&#8221; theme_builder_area=&#8221;post_content&#8221;][dsm_button button_one_text=&#8221;Technische Unterlagen anfordern &#8211; Elektrifizierungsbereich&#8221; button_one_url=&#8221;https:\/\/a97e57e7.sibforms.com\/serve\/MUIFAH0EBNjTpVQekE1F-qMs_303872H9VmJdnF_UPU8TL2Me7waKXBIp_pgV1S9lxDBOPrdQz5Yo09w-r37gJa6HykDXZbxdBRylGqZonafHeI2QNb0Sv4cqWleFOTNP6sXzBNFxaF6CbcyKk3YkZlbiDgNc6OvE4UY04VUth08FfesM3iQ9mb96e32IP-Z4GtKp4yEo6oo8nTT&#8221; button_alignment=&#8221;center&#8221; _builder_version=&#8221;4.27.4&#8243; _module_preset=&#8221;default&#8221; custom_button_one=&#8221;on&#8221; button_one_text_color=&#8221;#FFFFFF&#8221; button_one_bg_color=&#8221;#e35210&#8243; button_one_border_radius=&#8221;20px&#8221; button_one_font=&#8221;|600|||||||&#8221; button_one_icon=&#8221;&#x35;||divi||400&#8243; custom_padding=&#8221;||13px||false|false&#8221; global_colors_info=&#8221;{}&#8221; theme_builder_area=&#8221;post_content&#8221;][\/dsm_button][\/et_pb_column][\/et_pb_row][\/et_pb_section][et_pb_section fb_built=&#8221;1&#8243; _builder_version=&#8221;4.27.4&#8243; _module_preset=&#8221;default&#8221; min_height=&#8221;272px&#8221; custom_margin=&#8221;||-58px|||&#8221; global_colors_info=&#8221;{}&#8221;][et_pb_row _builder_version=&#8221;4.27.4&#8243; _module_preset=&#8221;default&#8221; global_colors_info=&#8221;{}&#8221;][et_pb_column type=&#8221;4_4&#8243; _builder_version=&#8221;4.27.4&#8243; _module_preset=&#8221;default&#8221; global_colors_info=&#8221;{}&#8221;][et_pb_text _builder_version=&#8221;4.27.4&#8243; _module_preset=&#8221;default&#8221; custom_padding=&#8221;0px|||||&#8221; global_colors_info=&#8221;{}&#8221;]<\/p>\n<p>Diese Hochspannungs-Produktfamilie reicht von <strong>120 V bis 800 V<\/strong> bei Wechselstrommotoren mit einer Leistung von <strong>10 kW bis 300 kW<\/strong>.<\/p>\n<p>Dar\u00fcber hinaus verf\u00fcgen die Umrichter \u00fcber die neuesten Algorithmen f\u00fcr die Fahrzeugsteuerung: Borgwarner-Produkte bieten Ihnen ihren \u201eIntelligent Control Inside\u201c-Algorithmus. Die Programmierung des Umrichters ist einfach und erm\u00f6glicht es, mit vielen Parametern zu spielen.<\/p>\n<p>Die Anwendungsbereiche dieser Antriebe sind breit gef\u00e4chert: Gabelstapler, Baukr\u00e4ne, Kipper, Betonmischer usw.<\/p>\n<p>[\/et_pb_text][\/et_pb_column][\/et_pb_row][\/et_pb_section]<\/p>\n","protected":false},"excerpt":{"rendered":"<p>Umrichter \/ AC-Motorsteuerungen Hochspannung &nbsp;<div class=\"et_pb_module lwp_divi_breadcrumbs lwp_divi_breadcrumbs_0\">\n\t\t\t\t\n\t\t\t\t\n\t\t\t\t\n\t\t\t\t\n\t\t\t\t\n\t\t\t\t\n\t\t\t\t<div class=\"et_pb_module_inner\">\n\t\t\t\t\t<div class=\"lwp-breadcrumbs\"> <span class=\"before\"><\/span> <span vocab=\"https:\/\/schema.org\/\" typeof=\"BreadcrumbList\"><span property=\"itemListElement\" typeof=\"ListItem\"><a property=\"item\" typeof=\"WebPage\" href=\"https:\/\/efa-controls.com\/de\/\" class=\"home\"><span property=\"name\">Home<\/span><\/a><meta property=\"position\" content=\"1\"><\/span> <span class=\"separator et-pb-icon\">9<\/span> <\/span><\/div>\n\t\t\t\t<\/div>\n\t\t\t<\/div> Elektrische Hochspannungsdimmer &nbsp; Der Variator gilt als das \u201eGehirn\u201c der elektrischen Antriebskette und dient dazu, die Geschwindigkeit und das Drehmoment eines Wechselstrommotors (AC-Motor) durch Ver\u00e4nderung der Spannung und der Frequenz zu regeln. Drehzahlregler unterscheiden sich durch ihre Spannung: Sie k\u00f6nnen entweder Nieder- oder Hochspannungsantriebe sein. Dank seiner [&hellip;]<\/p>\n","protected":false},"author":13,"featured_media":12226,"parent":8306,"menu_order":0,"comment_status":"closed","ping_status":"closed","template":"","meta":{"_et_pb_use_builder":"on","_et_pb_old_content":"","_et_gb_content_width":"","_uf_show_specific_survey":0,"_uf_disable_surveys":false,"footnotes":""},"class_list":["post-31212","page","type-page","status-publish","has-post-thumbnail","hentry"],"yoast_head":"<!-- This site is optimized with the Yoast SEO plugin v27.4 - https:\/\/yoast.com\/product\/yoast-seo-wordpress\/ -->\n<title>Antriebe \/ Steuerungen f\u00fcr Hochspannungs-Wechselstrommotoren - efa Controls<\/title>\n<meta name=\"description\" content=\"Der Umrichter gilt als das \u201eGehirn\u201c des elektrischen Antriebsstrangs und dient dazu, die Geschwindigkeit und das Drehmoment eines Wechselstrommotors zu regeln. Dank seiner Partnerschaft mit dem Unternehmen Borgwarner bietet Efa eine Reihe von Hochspannungsumrichtern f\u00fcr AC-Synchronmotoren an.\" \/>\n<meta name=\"robots\" content=\"index, follow, max-snippet:-1, max-image-preview:large, max-video-preview:-1\" \/>\n<link rel=\"canonical\" href=\"https:\/\/efa-controls.com\/de\/unsere-loesungen\/elektrifizierung\/motorcontrollern\/antriebe-steuerungen-fuer-hochspannungs-wechselstrommotoren\/\" \/>\n<meta property=\"og:locale\" content=\"de_DE\" \/>\n<meta property=\"og:type\" content=\"article\" \/>\n<meta property=\"og:title\" content=\"Antriebe \/ Steuerungen f\u00fcr Hochspannungs-Wechselstrommotoren - efa Controls\" \/>\n<meta property=\"og:description\" content=\"Der Umrichter gilt als das \u201eGehirn\u201c des elektrischen Antriebsstrangs und dient dazu, die Geschwindigkeit und das Drehmoment eines Wechselstrommotors zu regeln. Dank seiner Partnerschaft mit dem Unternehmen Borgwarner bietet Efa eine Reihe von Hochspannungsumrichtern f\u00fcr AC-Synchronmotoren an.\" \/>\n<meta property=\"og:url\" content=\"https:\/\/efa-controls.com\/de\/unsere-loesungen\/elektrifizierung\/motorcontrollern\/antriebe-steuerungen-fuer-hochspannungs-wechselstrommotoren\/\" \/>\n<meta property=\"og:site_name\" content=\"efa Controls\" \/>\n<meta property=\"article:publisher\" content=\"https:\/\/www.facebook.com\/efaFranceSA\/\" \/>\n<meta property=\"article:modified_time\" content=\"2025-05-22T12:49:54+00:00\" \/>\n<meta property=\"og:image\" content=\"https:\/\/efa-controls.com\/wp-content\/uploads\/2021\/02\/variateur-ac-2.jpg\" \/>\n\t<meta property=\"og:image:width\" content=\"1000\" \/>\n\t<meta property=\"og:image:height\" content=\"800\" \/>\n\t<meta property=\"og:image:type\" content=\"image\/jpeg\" \/>\n<meta name=\"twitter:card\" content=\"summary_large_image\" \/>\n<meta name=\"twitter:site\" content=\"@efa_france\" \/>\n<meta name=\"twitter:label1\" content=\"Gesch\u00e4tzte Lesezeit\" \/>\n\t<meta name=\"twitter:data1\" content=\"1 minute\" \/>\n<script type=\"application\/ld+json\" class=\"yoast-schema-graph\">{\"@context\":\"https:\\\/\\\/schema.org\",\"@graph\":[{\"@type\":\"WebPage\",\"@id\":\"https:\\\/\\\/efa-controls.com\\\/de\\\/unsere-loesungen\\\/elektrifizierung\\\/motorcontrollern\\\/antriebe-steuerungen-fuer-hochspannungs-wechselstrommotoren\\\/\",\"url\":\"https:\\\/\\\/efa-controls.com\\\/de\\\/unsere-loesungen\\\/elektrifizierung\\\/motorcontrollern\\\/antriebe-steuerungen-fuer-hochspannungs-wechselstrommotoren\\\/\",\"name\":\"Antriebe \\\/ Steuerungen f\u00fcr Hochspannungs-Wechselstrommotoren - efa Controls\",\"isPartOf\":{\"@id\":\"https:\\\/\\\/efa-controls.com\\\/de\\\/#website\"},\"primaryImageOfPage\":{\"@id\":\"https:\\\/\\\/efa-controls.com\\\/de\\\/unsere-loesungen\\\/elektrifizierung\\\/motorcontrollern\\\/antriebe-steuerungen-fuer-hochspannungs-wechselstrommotoren\\\/#primaryimage\"},\"image\":{\"@id\":\"https:\\\/\\\/efa-controls.com\\\/de\\\/unsere-loesungen\\\/elektrifizierung\\\/motorcontrollern\\\/antriebe-steuerungen-fuer-hochspannungs-wechselstrommotoren\\\/#primaryimage\"},\"thumbnailUrl\":\"https:\\\/\\\/efa-controls.com\\\/wp-content\\\/uploads\\\/2021\\\/02\\\/variateur-ac-2.jpg\",\"datePublished\":\"2025-03-12T08:38:48+00:00\",\"dateModified\":\"2025-05-22T12:49:54+00:00\",\"description\":\"Der Umrichter gilt als das \u201eGehirn\u201c des elektrischen Antriebsstrangs und dient dazu, die Geschwindigkeit und das Drehmoment eines Wechselstrommotors zu regeln. Dank seiner Partnerschaft mit dem Unternehmen Borgwarner bietet Efa eine Reihe von Hochspannungsumrichtern f\u00fcr AC-Synchronmotoren an.\",\"breadcrumb\":{\"@id\":\"https:\\\/\\\/efa-controls.com\\\/de\\\/unsere-loesungen\\\/elektrifizierung\\\/motorcontrollern\\\/antriebe-steuerungen-fuer-hochspannungs-wechselstrommotoren\\\/#breadcrumb\"},\"inLanguage\":\"de-DE\",\"potentialAction\":[{\"@type\":\"ReadAction\",\"target\":[\"https:\\\/\\\/efa-controls.com\\\/de\\\/unsere-loesungen\\\/elektrifizierung\\\/motorcontrollern\\\/antriebe-steuerungen-fuer-hochspannungs-wechselstrommotoren\\\/\"]}]},{\"@type\":\"ImageObject\",\"inLanguage\":\"de-DE\",\"@id\":\"https:\\\/\\\/efa-controls.com\\\/de\\\/unsere-loesungen\\\/elektrifizierung\\\/motorcontrollern\\\/antriebe-steuerungen-fuer-hochspannungs-wechselstrommotoren\\\/#primaryimage\",\"url\":\"https:\\\/\\\/efa-controls.com\\\/wp-content\\\/uploads\\\/2021\\\/02\\\/variateur-ac-2.jpg\",\"contentUrl\":\"https:\\\/\\\/efa-controls.com\\\/wp-content\\\/uploads\\\/2021\\\/02\\\/variateur-ac-2.jpg\",\"width\":1000,\"height\":800,\"caption\":\"variateur ac\"},{\"@type\":\"BreadcrumbList\",\"@id\":\"https:\\\/\\\/efa-controls.com\\\/de\\\/unsere-loesungen\\\/elektrifizierung\\\/motorcontrollern\\\/antriebe-steuerungen-fuer-hochspannungs-wechselstrommotoren\\\/#breadcrumb\",\"itemListElement\":[{\"@type\":\"ListItem\",\"position\":1,\"name\":\"Accueil-Home\",\"item\":\"https:\\\/\\\/efa-controls.com\\\/de\\\/\"},{\"@type\":\"ListItem\",\"position\":2,\"name\":\"Unsere L\u00f6sungen\",\"item\":\"https:\\\/\\\/efa-controls.com\\\/de\\\/unsere-loesungen\\\/\"},{\"@type\":\"ListItem\",\"position\":3,\"name\":\"Elektrifizierung\",\"item\":\"https:\\\/\\\/efa-controls.com\\\/de\\\/unsere-loesungen\\\/elektrifizierung\\\/\"},{\"@type\":\"ListItem\",\"position\":4,\"name\":\"Motorcontrollern\",\"item\":\"https:\\\/\\\/efa-controls.com\\\/de\\\/unsere-loesungen\\\/elektrifizierung\\\/motorcontrollern\\\/\"},{\"@type\":\"ListItem\",\"position\":5,\"name\":\"Antriebe \\\/ Steuerungen f\u00fcr Hochspannungs-Wechselstrommotoren\"}]},{\"@type\":\"WebSite\",\"@id\":\"https:\\\/\\\/efa-controls.com\\\/de\\\/#website\",\"url\":\"https:\\\/\\\/efa-controls.com\\\/de\\\/\",\"name\":\"efa Controls\",\"description\":\"Bureau d&#039;\u00e9tude pour v\u00e9hicules industriels\",\"publisher\":{\"@id\":\"https:\\\/\\\/efa-controls.com\\\/de\\\/#organization\"},\"potentialAction\":[{\"@type\":\"SearchAction\",\"target\":{\"@type\":\"EntryPoint\",\"urlTemplate\":\"https:\\\/\\\/efa-controls.com\\\/de\\\/?s={search_term_string}\"},\"query-input\":{\"@type\":\"PropertyValueSpecification\",\"valueRequired\":true,\"valueName\":\"search_term_string\"}}],\"inLanguage\":\"de-DE\"},{\"@type\":\"Organization\",\"@id\":\"https:\\\/\\\/efa-controls.com\\\/de\\\/#organization\",\"name\":\"efa Controls\",\"url\":\"https:\\\/\\\/efa-controls.com\\\/de\\\/\",\"logo\":{\"@type\":\"ImageObject\",\"inLanguage\":\"de-DE\",\"@id\":\"https:\\\/\\\/efa-controls.com\\\/de\\\/#\\\/schema\\\/logo\\\/image\\\/\",\"url\":\"https:\\\/\\\/efa-controls.com\\\/wp-content\\\/uploads\\\/2023\\\/05\\\/logo-bleu.png\",\"contentUrl\":\"https:\\\/\\\/efa-controls.com\\\/wp-content\\\/uploads\\\/2023\\\/05\\\/logo-bleu.png\",\"width\":408,\"height\":288,\"caption\":\"efa Controls\"},\"image\":{\"@id\":\"https:\\\/\\\/efa-controls.com\\\/de\\\/#\\\/schema\\\/logo\\\/image\\\/\"},\"sameAs\":[\"https:\\\/\\\/www.facebook.com\\\/efaFranceSA\\\/\",\"https:\\\/\\\/x.com\\\/efa_france\",\"https:\\\/\\\/www.instagram.com\\\/efafrance\\\/\",\"https:\\\/\\\/www.linkedin.com\\\/company\\\/efa-france\",\"https:\\\/\\\/www.youtube.com\\\/user\\\/EFAControls\"]}]}<\/script>\n<!-- \/ Yoast SEO plugin. -->","yoast_head_json":{"title":"Antriebe \/ Steuerungen f\u00fcr Hochspannungs-Wechselstrommotoren - efa Controls","description":"Der Umrichter gilt als das \u201eGehirn\u201c des elektrischen Antriebsstrangs und dient dazu, die Geschwindigkeit und das Drehmoment eines Wechselstrommotors zu regeln. Dank seiner Partnerschaft mit dem Unternehmen Borgwarner bietet Efa eine Reihe von Hochspannungsumrichtern f\u00fcr AC-Synchronmotoren an.","robots":{"index":"index","follow":"follow","max-snippet":"max-snippet:-1","max-image-preview":"max-image-preview:large","max-video-preview":"max-video-preview:-1"},"canonical":"https:\/\/efa-controls.com\/de\/unsere-loesungen\/elektrifizierung\/motorcontrollern\/antriebe-steuerungen-fuer-hochspannungs-wechselstrommotoren\/","og_locale":"de_DE","og_type":"article","og_title":"Antriebe \/ Steuerungen f\u00fcr Hochspannungs-Wechselstrommotoren - efa Controls","og_description":"Der Umrichter gilt als das \u201eGehirn\u201c des elektrischen Antriebsstrangs und dient dazu, die Geschwindigkeit und das Drehmoment eines Wechselstrommotors zu regeln. Dank seiner Partnerschaft mit dem Unternehmen Borgwarner bietet Efa eine Reihe von Hochspannungsumrichtern f\u00fcr AC-Synchronmotoren an.","og_url":"https:\/\/efa-controls.com\/de\/unsere-loesungen\/elektrifizierung\/motorcontrollern\/antriebe-steuerungen-fuer-hochspannungs-wechselstrommotoren\/","og_site_name":"efa Controls","article_publisher":"https:\/\/www.facebook.com\/efaFranceSA\/","article_modified_time":"2025-05-22T12:49:54+00:00","og_image":[{"width":1000,"height":800,"url":"https:\/\/efa-controls.com\/wp-content\/uploads\/2021\/02\/variateur-ac-2.jpg","type":"image\/jpeg"}],"twitter_card":"summary_large_image","twitter_site":"@efa_france","twitter_misc":{"Gesch\u00e4tzte Lesezeit":"1 minute"},"schema":{"@context":"https:\/\/schema.org","@graph":[{"@type":"WebPage","@id":"https:\/\/efa-controls.com\/de\/unsere-loesungen\/elektrifizierung\/motorcontrollern\/antriebe-steuerungen-fuer-hochspannungs-wechselstrommotoren\/","url":"https:\/\/efa-controls.com\/de\/unsere-loesungen\/elektrifizierung\/motorcontrollern\/antriebe-steuerungen-fuer-hochspannungs-wechselstrommotoren\/","name":"Antriebe \/ Steuerungen f\u00fcr Hochspannungs-Wechselstrommotoren - efa Controls","isPartOf":{"@id":"https:\/\/efa-controls.com\/de\/#website"},"primaryImageOfPage":{"@id":"https:\/\/efa-controls.com\/de\/unsere-loesungen\/elektrifizierung\/motorcontrollern\/antriebe-steuerungen-fuer-hochspannungs-wechselstrommotoren\/#primaryimage"},"image":{"@id":"https:\/\/efa-controls.com\/de\/unsere-loesungen\/elektrifizierung\/motorcontrollern\/antriebe-steuerungen-fuer-hochspannungs-wechselstrommotoren\/#primaryimage"},"thumbnailUrl":"https:\/\/efa-controls.com\/wp-content\/uploads\/2021\/02\/variateur-ac-2.jpg","datePublished":"2025-03-12T08:38:48+00:00","dateModified":"2025-05-22T12:49:54+00:00","description":"Der Umrichter gilt als das \u201eGehirn\u201c des elektrischen Antriebsstrangs und dient dazu, die Geschwindigkeit und das Drehmoment eines Wechselstrommotors zu regeln. Dank seiner Partnerschaft mit dem Unternehmen Borgwarner bietet Efa eine Reihe von Hochspannungsumrichtern f\u00fcr AC-Synchronmotoren an.","breadcrumb":{"@id":"https:\/\/efa-controls.com\/de\/unsere-loesungen\/elektrifizierung\/motorcontrollern\/antriebe-steuerungen-fuer-hochspannungs-wechselstrommotoren\/#breadcrumb"},"inLanguage":"de-DE","potentialAction":[{"@type":"ReadAction","target":["https:\/\/efa-controls.com\/de\/unsere-loesungen\/elektrifizierung\/motorcontrollern\/antriebe-steuerungen-fuer-hochspannungs-wechselstrommotoren\/"]}]},{"@type":"ImageObject","inLanguage":"de-DE","@id":"https:\/\/efa-controls.com\/de\/unsere-loesungen\/elektrifizierung\/motorcontrollern\/antriebe-steuerungen-fuer-hochspannungs-wechselstrommotoren\/#primaryimage","url":"https:\/\/efa-controls.com\/wp-content\/uploads\/2021\/02\/variateur-ac-2.jpg","contentUrl":"https:\/\/efa-controls.com\/wp-content\/uploads\/2021\/02\/variateur-ac-2.jpg","width":1000,"height":800,"caption":"variateur ac"},{"@type":"BreadcrumbList","@id":"https:\/\/efa-controls.com\/de\/unsere-loesungen\/elektrifizierung\/motorcontrollern\/antriebe-steuerungen-fuer-hochspannungs-wechselstrommotoren\/#breadcrumb","itemListElement":[{"@type":"ListItem","position":1,"name":"Accueil-Home","item":"https:\/\/efa-controls.com\/de\/"},{"@type":"ListItem","position":2,"name":"Unsere L\u00f6sungen","item":"https:\/\/efa-controls.com\/de\/unsere-loesungen\/"},{"@type":"ListItem","position":3,"name":"Elektrifizierung","item":"https:\/\/efa-controls.com\/de\/unsere-loesungen\/elektrifizierung\/"},{"@type":"ListItem","position":4,"name":"Motorcontrollern","item":"https:\/\/efa-controls.com\/de\/unsere-loesungen\/elektrifizierung\/motorcontrollern\/"},{"@type":"ListItem","position":5,"name":"Antriebe \/ Steuerungen f\u00fcr Hochspannungs-Wechselstrommotoren"}]},{"@type":"WebSite","@id":"https:\/\/efa-controls.com\/de\/#website","url":"https:\/\/efa-controls.com\/de\/","name":"efa Controls","description":"Bureau d&#039;\u00e9tude pour v\u00e9hicules industriels","publisher":{"@id":"https:\/\/efa-controls.com\/de\/#organization"},"potentialAction":[{"@type":"SearchAction","target":{"@type":"EntryPoint","urlTemplate":"https:\/\/efa-controls.com\/de\/?s={search_term_string}"},"query-input":{"@type":"PropertyValueSpecification","valueRequired":true,"valueName":"search_term_string"}}],"inLanguage":"de-DE"},{"@type":"Organization","@id":"https:\/\/efa-controls.com\/de\/#organization","name":"efa Controls","url":"https:\/\/efa-controls.com\/de\/","logo":{"@type":"ImageObject","inLanguage":"de-DE","@id":"https:\/\/efa-controls.com\/de\/#\/schema\/logo\/image\/","url":"https:\/\/efa-controls.com\/wp-content\/uploads\/2023\/05\/logo-bleu.png","contentUrl":"https:\/\/efa-controls.com\/wp-content\/uploads\/2023\/05\/logo-bleu.png","width":408,"height":288,"caption":"efa Controls"},"image":{"@id":"https:\/\/efa-controls.com\/de\/#\/schema\/logo\/image\/"},"sameAs":["https:\/\/www.facebook.com\/efaFranceSA\/","https:\/\/x.com\/efa_france","https:\/\/www.instagram.com\/efafrance\/","https:\/\/www.linkedin.com\/company\/efa-france","https:\/\/www.youtube.com\/user\/EFAControls"]}]}},"_links":{"self":[{"href":"https:\/\/efa-controls.com\/de\/wp-json\/wp\/v2\/pages\/31212","targetHints":{"allow":["GET"]}}],"collection":[{"href":"https:\/\/efa-controls.com\/de\/wp-json\/wp\/v2\/pages"}],"about":[{"href":"https:\/\/efa-controls.com\/de\/wp-json\/wp\/v2\/types\/page"}],"author":[{"embeddable":true,"href":"https:\/\/efa-controls.com\/de\/wp-json\/wp\/v2\/users\/13"}],"replies":[{"embeddable":true,"href":"https:\/\/efa-controls.com\/de\/wp-json\/wp\/v2\/comments?post=31212"}],"version-history":[{"count":8,"href":"https:\/\/efa-controls.com\/de\/wp-json\/wp\/v2\/pages\/31212\/revisions"}],"predecessor-version":[{"id":32138,"href":"https:\/\/efa-controls.com\/de\/wp-json\/wp\/v2\/pages\/31212\/revisions\/32138"}],"up":[{"embeddable":true,"href":"https:\/\/efa-controls.com\/de\/wp-json\/wp\/v2\/pages\/8306"}],"wp:featuredmedia":[{"embeddable":true,"href":"https:\/\/efa-controls.com\/de\/wp-json\/wp\/v2\/media\/12226"}],"wp:attachment":[{"href":"https:\/\/efa-controls.com\/de\/wp-json\/wp\/v2\/media?parent=31212"}],"curies":[{"name":"wp","href":"https:\/\/api.w.org\/{rel}","templated":true}]}}