{"id":30402,"date":"2025-02-06T15:18:47","date_gmt":"2025-02-06T14:18:47","guid":{"rendered":"https:\/\/efa-controls.com\/?page_id=30402"},"modified":"2025-05-22T16:04:46","modified_gmt":"2025-05-22T14:04:46","slug":"radantrieb-wd","status":"publish","type":"page","link":"https:\/\/efa-controls.com\/de\/unsere-loesungen\/elektrifizierung\/elektrischer-antriebsstrang\/differentialgetriebe-und-radnabenantriebe\/radantrieb-wd\/","title":{"rendered":"Radantrieb WD"},"content":{"rendered":"<p>[et_pb_section fb_built=&#8221;1&#8243; admin_label=&#8221;Section&#8221; _builder_version=&#8221;4.19.2&#8243; _module_preset=&#8221;default&#8221; background_enable_image=&#8221;off&#8221; custom_margin=&#8221;0px||0px||true|false&#8221; custom_padding=&#8221;0px||0px||true|false&#8221; global_colors_info=&#8221;{}&#8221;][\/et_pb_section][et_pb_section fb_built=&#8221;1&#8243; admin_label=&#8221;Section&#8221; _builder_version=&#8221;4.27.4&#8243; _module_preset=&#8221;default&#8221; background_image=&#8221;https:\/\/efa-controls.com\/wp-content\/uploads\/2024\/12\/Slider-rouesmotrices-WD-scaled.jpg&#8221; custom_margin=&#8221;0px||0px||true|false&#8221; custom_padding=&#8221;0px||0px||true|false&#8221; global_colors_info=&#8221;{}&#8221;][et_pb_row admin_label=&#8221;Linie&#8221; _builder_version=&#8221;4.17.4&#8243; _module_preset=&#8221;default&#8221; width=&#8221;100%&#8221; max_width=&#8221;2560px&#8221; global_colors_info=&#8221;{}&#8221;][et_pb_column type=&#8221;4_4&#8243; _builder_version=&#8221;4.17.4&#8243; _module_preset=&#8221;default&#8221; global_colors_info=&#8221;{}&#8221;][et_pb_text _builder_version=&#8221;4.27.4&#8243; _module_preset=&#8221;default&#8221; text_font=&#8221;||||||||&#8221; text_font_size=&#8221;77px&#8221; header_font=&#8221;Open Sans|700|||||||&#8221; header_text_align=&#8221;left&#8221; header_font_size=&#8221;70px&#8221; background_image=&#8221;https:\/\/efa-controls.com\/wp-content\/uploads\/2022\/07\/Fichier-3.png&#8221; parallax=&#8221;on&#8221; parallax_method=&#8221;off&#8221; background_blend=&#8221;overlay&#8221; min_height=&#8221;407px&#8221; custom_margin=&#8221;-25px||||false|false&#8221; custom_margin_tablet=&#8221;-25px||||false|false&#8221; custom_margin_phone=&#8221;-25px||||false|false&#8221; custom_margin_last_edited=&#8221;on|desktop&#8221; custom_padding=&#8221;88px|123px|88px|123px|true|true&#8221; custom_padding_tablet=&#8221;&#8221; custom_padding_phone=&#8221;|23px||23px|true|true&#8221; custom_padding_last_edited=&#8221;on|phone&#8221; header_font_size_tablet=&#8221;70px&#8221; header_font_size_phone=&#8221;45px&#8221; header_font_size_last_edited=&#8221;on|phone&#8221; global_colors_info=&#8221;{}&#8221;]<\/p>\n<h1>\u00a0<\/h1>\n<h1><span style=\"color: #333333;\">Radantrieb WD<\/span><\/h1>\n<p>[\/et_pb_text][et_pb_icon font_icon=&#8221;&#xf103;||fa||900&#8243; icon_color=&#8221;#0C71C3&#8243; icon_width=&#8221;131px&#8221; disabled_on=&#8221;on|off|off&#8221; _builder_version=&#8221;4.19.1&#8243; _module_preset=&#8221;default&#8221; positioning=&#8221;relative&#8221; vertical_offset=&#8221;59px&#8221; custom_margin=&#8221;-120px||-21px||false|false&#8221; animation_style=&#8221;bounce&#8221; animation_direction=&#8221;top&#8221; custom_css_icon_element=&#8221;opacity: 0.5;&#8221; global_colors_info=&#8221;{}&#8221;][\/et_pb_icon][\/et_pb_column][\/et_pb_row][\/et_pb_section][et_pb_section fb_built=&#8221;1&#8243; _builder_version=&#8221;4.16&#8243; custom_padding=&#8221;3px||0px|||&#8221; global_colors_info=&#8221;{}&#8221;][et_pb_row _builder_version=&#8221;4.19.2&#8243; _module_preset=&#8221;default&#8221; custom_padding=&#8221;||0px|||&#8221; global_colors_info=&#8221;{}&#8221;][et_pb_column type=&#8221;4_4&#8243; _builder_version=&#8221;4.19.2&#8243; _module_preset=&#8221;default&#8221; global_colors_info=&#8221;{}&#8221;][lwp_divi_breadcrumbs _builder_version=&#8221;4.19.2&#8243; _module_preset=&#8221;default&#8221; global_colors_info=&#8221;{}&#8221;][\/lwp_divi_breadcrumbs][et_pb_text _builder_version=&#8221;4.27.4&#8243; _module_preset=&#8221;default&#8221; header_text_color=&#8221;#555555&#8243; global_colors_info=&#8221;{}&#8221;]<\/p>\n<blockquote>\n<h1><strong>Radantrieb WD<\/strong><\/h1>\n<\/blockquote>\n<p>[\/et_pb_text][\/et_pb_column][\/et_pb_row][et_pb_row column_structure=&#8221;1_2,1_2&#8243; _builder_version=&#8221;4.27.4&#8243; _module_preset=&#8221;default&#8221; custom_margin=&#8221;-98px||-98px||true|false&#8221; custom_padding=&#8221;23px||23px||true|false&#8221; global_colors_info=&#8221;{}&#8221;][et_pb_column type=&#8221;1_2&#8243; _builder_version=&#8221;4.17.4&#8243; _module_preset=&#8221;default&#8221; global_colors_info=&#8221;{}&#8221;][et_pb_image src=&#8221;https:\/\/efa-controls.com\/wp-content\/uploads\/2024\/12\/3.gif&#8221; alt=&#8221;WD-R\u00e4der&#8221; title_text=&#8221;WD-R\u00e4der&#8221; _builder_version=&#8221;4.27.4&#8243; _module_preset=&#8221;default&#8221; width=&#8221;78%&#8221; max_width=&#8221;78%&#8221; max_height=&#8221;525px&#8221; global_colors_info=&#8221;{}&#8221;][\/et_pb_image][\/et_pb_column][et_pb_column type=&#8221;1_2&#8243; _builder_version=&#8221;4.17.4&#8243; _module_preset=&#8221;default&#8221; global_colors_info=&#8221;{}&#8221;][et_pb_text _builder_version=&#8221;4.27.4&#8243; _module_preset=&#8221;default&#8221; min_height=&#8221;76.4px&#8221; custom_padding=&#8221;||94px|||&#8221; global_colors_info=&#8221;{}&#8221;]<\/p>\n<p>&nbsp;<\/p>\n<p>&nbsp;<\/p>\n<p>Das Sortiment der elektrischen Antriebsr\u00e4der von WD besteht aus drei Modellen mit ultrakompakten Antriebsr\u00e4dern. Es handelt sich um eine Kombination aus Getriebe und Elektromotor mit hoher Dichte. Das zweistufige Getriebe erm\u00f6glicht dieses kompakte Design und damit eine einfache Integration in Ihr Fahrzeug.<\/p>\n<p>Mit vier WDs an Ihrem Fahrzeug sind Sie in der Lage, sehr pr\u00e4zise Bewegungen zu machen und sich um die eigene Achse zu drehen.<\/p>\n<p>[\/et_pb_text][\/et_pb_column][\/et_pb_row][et_pb_row _builder_version=&#8221;4.27.4&#8243; _module_preset=&#8221;default&#8221; global_module=&#8221;32134&#8243; global_colors_info=&#8221;{}&#8221;][et_pb_column type=&#8221;4_4&#8243; _builder_version=&#8221;4.27.4&#8243; _module_preset=&#8221;default&#8221; global_colors_info=&#8221;{}&#8221;][dsm_button button_one_text=&#8221;Technische Unterlagen anfordern &#8211; Elektrifizierungsbereich&#8221; button_one_url=&#8221;https:\/\/a97e57e7.sibforms.com\/serve\/MUIFAH0EBNjTpVQekE1F-qMs_303872H9VmJdnF_UPU8TL2Me7waKXBIp_pgV1S9lxDBOPrdQz5Yo09w-r37gJa6HykDXZbxdBRylGqZonafHeI2QNb0Sv4cqWleFOTNP6sXzBNFxaF6CbcyKk3YkZlbiDgNc6OvE4UY04VUth08FfesM3iQ9mb96e32IP-Z4GtKp4yEo6oo8nTT&#8221; button_alignment=&#8221;center&#8221; _builder_version=&#8221;4.27.4&#8243; _module_preset=&#8221;default&#8221; custom_button_one=&#8221;on&#8221; button_one_text_color=&#8221;#FFFFFF&#8221; button_one_bg_color=&#8221;#e35210&#8243; button_one_border_radius=&#8221;20px&#8221; button_one_font=&#8221;|600|||||||&#8221; button_one_icon=&#8221;&#x35;||divi||400&#8243; global_colors_info=&#8221;{}&#8221;][\/dsm_button][\/et_pb_column][\/et_pb_row][et_pb_row column_structure=&#8221;1_2,1_2&#8243; _builder_version=&#8221;4.27.4&#8243; _module_preset=&#8221;default&#8221; custom_margin=&#8221;0px||0px||false|false&#8221; custom_padding=&#8221;0px||0px|1px|false|false&#8221; global_colors_info=&#8221;{}&#8221;][et_pb_column type=&#8221;1_2&#8243; _builder_version=&#8221;4.23.1&#8243; _module_preset=&#8221;default&#8221; global_colors_info=&#8221;{}&#8221;][et_pb_text _builder_version=&#8221;4.27.4&#8243; _module_preset=&#8221;default&#8221; custom_padding=&#8221;0px|||||&#8221; global_colors_info=&#8221;{}&#8221;]<\/p>\n<h3><strong><\/strong><\/h3>\n<h3><strong><\/strong><\/h3>\n<h3><strong><\/strong><\/h3>\n<h3><strong><\/strong><\/h3>\n<h3><strong>Technische Spezifikationen:<\/strong><\/h3>\n<p>&nbsp;<\/p>\n<ul>\n<li>\n<p>Die Modelle der WD-Serie k\u00f6nnen mit Motoren von 1 bis 15 kW und einer Versorgungsspannung von 24 bis 144 V betrieben werden. Die Kombinationsm\u00f6glichkeiten sind sehr vielf\u00e4ltig.<\/p>\n<\/li>\n<li>\n<p>Dank des kompakten und robusten Designs der R\u00e4der k\u00f6nnen Sie sie auch an sehr schweren Fahrzeugen anbringen.<\/p>\n<\/li>\n<li>\n<p>Die WDs sind IP67 (nach IEC 60529).<\/p>\n<\/li>\n<li>Sie sind mit einem Inkremental-Encoder ausgestattet, der die Programmierung des Antriebs erleichtert und eine h\u00f6here Genauigkeit der gesendeten Befehle erm\u00f6glicht, da die Drehzahl des Motors st\u00e4ndig bekannt ist.<\/li>\n<\/ul>\n<p>[\/et_pb_text][\/et_pb_column][et_pb_column type=&#8221;1_2&#8243; _builder_version=&#8221;4.27.4&#8243; _module_preset=&#8221;default&#8221; background_enable_image=&#8221;off&#8221; global_colors_info=&#8221;{}&#8221;][dsm_icon_list _builder_version=&#8221;4.23.1&#8243; _module_preset=&#8221;default&#8221; global_colors_info=&#8221;{}&#8221;][\/dsm_icon_list][et_pb_image src=&#8221;https:\/\/efa-controls.com\/wp-content\/uploads\/2024\/12\/13033-Benevelli-3D-WD220-RuoteRubberVers2-scaled.jpeg&#8221; alt=&#8221;WD-R\u00e4der&#8221; title_text=&#8221;WD-R\u00e4der&#8221; _builder_version=&#8221;4.27.4&#8243; _module_preset=&#8221;default&#8221; max_height=&#8221;525px&#8221; global_colors_info=&#8221;{}&#8221;][\/et_pb_image][\/et_pb_column][\/et_pb_row][\/et_pb_section]<\/p>\n","protected":false},"excerpt":{"rendered":"<p>\u00a0 Radantrieb WD<div class=\"et_pb_module lwp_divi_breadcrumbs lwp_divi_breadcrumbs_0\">\n\t\t\t\t\n\t\t\t\t\n\t\t\t\t\n\t\t\t\t\n\t\t\t\t\n\t\t\t\t\n\t\t\t\t<div class=\"et_pb_module_inner\">\n\t\t\t\t\t<div class=\"lwp-breadcrumbs\"> <span class=\"before\"><\/span> <span vocab=\"https:\/\/schema.org\/\" typeof=\"BreadcrumbList\"><span property=\"itemListElement\" typeof=\"ListItem\"><a property=\"item\" typeof=\"WebPage\" href=\"https:\/\/efa-controls.com\/de\/\" class=\"home\"><span property=\"name\">Home<\/span><\/a><meta property=\"position\" content=\"1\"><\/span> <span class=\"separator et-pb-icon\">9<\/span> <\/span><\/div>\n\t\t\t\t<\/div>\n\t\t\t<\/div> Radantrieb WD &nbsp; &nbsp; Das Sortiment der elektrischen Antriebsr\u00e4der von WD besteht aus drei Modellen mit ultrakompakten Antriebsr\u00e4dern. Es handelt sich um eine Kombination aus Getriebe und Elektromotor mit hoher Dichte. Das zweistufige Getriebe erm\u00f6glicht dieses kompakte Design und damit eine einfache Integration in Ihr Fahrzeug. Mit vier WDs [&hellip;]<\/p>\n","protected":false},"author":13,"featured_media":29794,"parent":30352,"menu_order":0,"comment_status":"closed","ping_status":"closed","template":"","meta":{"_et_pb_use_builder":"on","_et_pb_old_content":"","_et_gb_content_width":"","_uf_show_specific_survey":0,"_uf_disable_surveys":false,"footnotes":""},"class_list":["post-30402","page","type-page","status-publish","has-post-thumbnail","hentry"],"yoast_head":"<!-- This site is optimized with the Yoast SEO plugin v27.4 - https:\/\/yoast.com\/product\/yoast-seo-wordpress\/ -->\n<title>Radantrieb WD - efa Controls<\/title>\n<meta name=\"robots\" content=\"index, follow, max-snippet:-1, max-image-preview:large, max-video-preview:-1\" \/>\n<link rel=\"canonical\" href=\"https:\/\/efa-controls.com\/de\/unsere-loesungen\/elektrifizierung\/elektrischer-antriebsstrang\/differentialgetriebe-und-radnabenantriebe\/radantrieb-wd\/\" \/>\n<meta property=\"og:locale\" content=\"de_DE\" \/>\n<meta property=\"og:type\" content=\"article\" \/>\n<meta property=\"og:title\" content=\"Radantrieb WD - efa Controls\" \/>\n<meta property=\"og:description\" content=\"\u00a0 Radantrieb WD Radantrieb WD &nbsp; &nbsp; Das Sortiment der elektrischen Antriebsr\u00e4der von WD besteht aus drei Modellen mit ultrakompakten Antriebsr\u00e4dern. Es handelt sich um eine Kombination aus Getriebe und Elektromotor mit hoher Dichte. Das zweistufige Getriebe erm\u00f6glicht dieses kompakte Design und damit eine einfache Integration in Ihr Fahrzeug. Mit vier WDs [&hellip;]\" \/>\n<meta property=\"og:url\" content=\"https:\/\/efa-controls.com\/de\/unsere-loesungen\/elektrifizierung\/elektrischer-antriebsstrang\/differentialgetriebe-und-radnabenantriebe\/radantrieb-wd\/\" \/>\n<meta property=\"og:site_name\" content=\"efa Controls\" \/>\n<meta property=\"article:publisher\" content=\"https:\/\/www.facebook.com\/efaFranceSA\/\" \/>\n<meta property=\"article:modified_time\" content=\"2025-05-22T14:04:46+00:00\" \/>\n<meta property=\"og:image\" content=\"https:\/\/efa-controls.com\/wp-content\/uploads\/2024\/12\/3.gif\" \/>\n\t<meta property=\"og:image:width\" content=\"1800\" \/>\n\t<meta property=\"og:image:height\" content=\"1800\" \/>\n\t<meta property=\"og:image:type\" content=\"image\/gif\" \/>\n<meta name=\"twitter:card\" content=\"summary_large_image\" \/>\n<meta name=\"twitter:site\" content=\"@efa_france\" \/>\n<meta name=\"twitter:label1\" content=\"Gesch\u00e4tzte Lesezeit\" \/>\n\t<meta name=\"twitter:data1\" content=\"4 minutes\" \/>\n<script type=\"application\/ld+json\" class=\"yoast-schema-graph\">{\"@context\":\"https:\\\/\\\/schema.org\",\"@graph\":[{\"@type\":\"WebPage\",\"@id\":\"https:\\\/\\\/efa-controls.com\\\/de\\\/unsere-loesungen\\\/elektrifizierung\\\/elektrischer-antriebsstrang\\\/differentialgetriebe-und-radnabenantriebe\\\/radantrieb-wd\\\/\",\"url\":\"https:\\\/\\\/efa-controls.com\\\/de\\\/unsere-loesungen\\\/elektrifizierung\\\/elektrischer-antriebsstrang\\\/differentialgetriebe-und-radnabenantriebe\\\/radantrieb-wd\\\/\",\"name\":\"Radantrieb WD - efa Controls\",\"isPartOf\":{\"@id\":\"https:\\\/\\\/efa-controls.com\\\/de\\\/#website\"},\"primaryImageOfPage\":{\"@id\":\"https:\\\/\\\/efa-controls.com\\\/de\\\/unsere-loesungen\\\/elektrifizierung\\\/elektrischer-antriebsstrang\\\/differentialgetriebe-und-radnabenantriebe\\\/radantrieb-wd\\\/#primaryimage\"},\"image\":{\"@id\":\"https:\\\/\\\/efa-controls.com\\\/de\\\/unsere-loesungen\\\/elektrifizierung\\\/elektrischer-antriebsstrang\\\/differentialgetriebe-und-radnabenantriebe\\\/radantrieb-wd\\\/#primaryimage\"},\"thumbnailUrl\":\"https:\\\/\\\/efa-controls.com\\\/wp-content\\\/uploads\\\/2024\\\/12\\\/3.gif\",\"datePublished\":\"2025-02-06T14:18:47+00:00\",\"dateModified\":\"2025-05-22T14:04:46+00:00\",\"breadcrumb\":{\"@id\":\"https:\\\/\\\/efa-controls.com\\\/de\\\/unsere-loesungen\\\/elektrifizierung\\\/elektrischer-antriebsstrang\\\/differentialgetriebe-und-radnabenantriebe\\\/radantrieb-wd\\\/#breadcrumb\"},\"inLanguage\":\"de-DE\",\"potentialAction\":[{\"@type\":\"ReadAction\",\"target\":[\"https:\\\/\\\/efa-controls.com\\\/de\\\/unsere-loesungen\\\/elektrifizierung\\\/elektrischer-antriebsstrang\\\/differentialgetriebe-und-radnabenantriebe\\\/radantrieb-wd\\\/\"]}]},{\"@type\":\"ImageObject\",\"inLanguage\":\"de-DE\",\"@id\":\"https:\\\/\\\/efa-controls.com\\\/de\\\/unsere-loesungen\\\/elektrifizierung\\\/elektrischer-antriebsstrang\\\/differentialgetriebe-und-radnabenantriebe\\\/radantrieb-wd\\\/#primaryimage\",\"url\":\"https:\\\/\\\/efa-controls.com\\\/wp-content\\\/uploads\\\/2024\\\/12\\\/3.gif\",\"contentUrl\":\"https:\\\/\\\/efa-controls.com\\\/wp-content\\\/uploads\\\/2024\\\/12\\\/3.gif\",\"width\":1800,\"height\":1800,\"caption\":\"Roues-WD\"},{\"@type\":\"BreadcrumbList\",\"@id\":\"https:\\\/\\\/efa-controls.com\\\/de\\\/unsere-loesungen\\\/elektrifizierung\\\/elektrischer-antriebsstrang\\\/differentialgetriebe-und-radnabenantriebe\\\/radantrieb-wd\\\/#breadcrumb\",\"itemListElement\":[{\"@type\":\"ListItem\",\"position\":1,\"name\":\"Accueil-Home\",\"item\":\"https:\\\/\\\/efa-controls.com\\\/de\\\/\"},{\"@type\":\"ListItem\",\"position\":2,\"name\":\"Unsere L\u00f6sungen\",\"item\":\"https:\\\/\\\/efa-controls.com\\\/de\\\/unsere-loesungen\\\/\"},{\"@type\":\"ListItem\",\"position\":3,\"name\":\"Elektrifizierung\",\"item\":\"https:\\\/\\\/efa-controls.com\\\/de\\\/unsere-loesungen\\\/elektrifizierung\\\/\"},{\"@type\":\"ListItem\",\"position\":4,\"name\":\"Elektrischer Antriebsstrang\",\"item\":\"https:\\\/\\\/efa-controls.com\\\/de\\\/our-solutions\\\/electrification\\\/electric-powertrain\\\/\"},{\"@type\":\"ListItem\",\"position\":5,\"name\":\"Differentialgetriebe und Radnabenantriebe\",\"item\":\"https:\\\/\\\/efa-controls.com\\\/de\\\/unsere-loesungen\\\/elektrifizierung\\\/elektrischer-antriebsstrang\\\/differentialgetriebe-und-radnabenantriebe\\\/\"},{\"@type\":\"ListItem\",\"position\":6,\"name\":\"Radantrieb WD\"}]},{\"@type\":\"WebSite\",\"@id\":\"https:\\\/\\\/efa-controls.com\\\/de\\\/#website\",\"url\":\"https:\\\/\\\/efa-controls.com\\\/de\\\/\",\"name\":\"efa Controls\",\"description\":\"Bureau d&#039;\u00e9tude pour v\u00e9hicules industriels\",\"publisher\":{\"@id\":\"https:\\\/\\\/efa-controls.com\\\/de\\\/#organization\"},\"potentialAction\":[{\"@type\":\"SearchAction\",\"target\":{\"@type\":\"EntryPoint\",\"urlTemplate\":\"https:\\\/\\\/efa-controls.com\\\/de\\\/?s={search_term_string}\"},\"query-input\":{\"@type\":\"PropertyValueSpecification\",\"valueRequired\":true,\"valueName\":\"search_term_string\"}}],\"inLanguage\":\"de-DE\"},{\"@type\":\"Organization\",\"@id\":\"https:\\\/\\\/efa-controls.com\\\/de\\\/#organization\",\"name\":\"efa Controls\",\"url\":\"https:\\\/\\\/efa-controls.com\\\/de\\\/\",\"logo\":{\"@type\":\"ImageObject\",\"inLanguage\":\"de-DE\",\"@id\":\"https:\\\/\\\/efa-controls.com\\\/de\\\/#\\\/schema\\\/logo\\\/image\\\/\",\"url\":\"https:\\\/\\\/efa-controls.com\\\/wp-content\\\/uploads\\\/2023\\\/05\\\/logo-bleu.png\",\"contentUrl\":\"https:\\\/\\\/efa-controls.com\\\/wp-content\\\/uploads\\\/2023\\\/05\\\/logo-bleu.png\",\"width\":408,\"height\":288,\"caption\":\"efa Controls\"},\"image\":{\"@id\":\"https:\\\/\\\/efa-controls.com\\\/de\\\/#\\\/schema\\\/logo\\\/image\\\/\"},\"sameAs\":[\"https:\\\/\\\/www.facebook.com\\\/efaFranceSA\\\/\",\"https:\\\/\\\/x.com\\\/efa_france\",\"https:\\\/\\\/www.instagram.com\\\/efafrance\\\/\",\"https:\\\/\\\/www.linkedin.com\\\/company\\\/efa-france\",\"https:\\\/\\\/www.youtube.com\\\/user\\\/EFAControls\"]}]}<\/script>\n<!-- \/ Yoast SEO plugin. -->","yoast_head_json":{"title":"Radantrieb WD - efa Controls","robots":{"index":"index","follow":"follow","max-snippet":"max-snippet:-1","max-image-preview":"max-image-preview:large","max-video-preview":"max-video-preview:-1"},"canonical":"https:\/\/efa-controls.com\/de\/unsere-loesungen\/elektrifizierung\/elektrischer-antriebsstrang\/differentialgetriebe-und-radnabenantriebe\/radantrieb-wd\/","og_locale":"de_DE","og_type":"article","og_title":"Radantrieb WD - efa Controls","og_description":"\u00a0 Radantrieb WD Radantrieb WD &nbsp; &nbsp; Das Sortiment der elektrischen Antriebsr\u00e4der von WD besteht aus drei Modellen mit ultrakompakten Antriebsr\u00e4dern. Es handelt sich um eine Kombination aus Getriebe und Elektromotor mit hoher Dichte. Das zweistufige Getriebe erm\u00f6glicht dieses kompakte Design und damit eine einfache Integration in Ihr Fahrzeug. Mit vier WDs [&hellip;]","og_url":"https:\/\/efa-controls.com\/de\/unsere-loesungen\/elektrifizierung\/elektrischer-antriebsstrang\/differentialgetriebe-und-radnabenantriebe\/radantrieb-wd\/","og_site_name":"efa Controls","article_publisher":"https:\/\/www.facebook.com\/efaFranceSA\/","article_modified_time":"2025-05-22T14:04:46+00:00","og_image":[{"width":1800,"height":1800,"url":"https:\/\/efa-controls.com\/wp-content\/uploads\/2024\/12\/3.gif","type":"image\/gif"}],"twitter_card":"summary_large_image","twitter_site":"@efa_france","twitter_misc":{"Gesch\u00e4tzte Lesezeit":"4 minutes"},"schema":{"@context":"https:\/\/schema.org","@graph":[{"@type":"WebPage","@id":"https:\/\/efa-controls.com\/de\/unsere-loesungen\/elektrifizierung\/elektrischer-antriebsstrang\/differentialgetriebe-und-radnabenantriebe\/radantrieb-wd\/","url":"https:\/\/efa-controls.com\/de\/unsere-loesungen\/elektrifizierung\/elektrischer-antriebsstrang\/differentialgetriebe-und-radnabenantriebe\/radantrieb-wd\/","name":"Radantrieb WD - efa Controls","isPartOf":{"@id":"https:\/\/efa-controls.com\/de\/#website"},"primaryImageOfPage":{"@id":"https:\/\/efa-controls.com\/de\/unsere-loesungen\/elektrifizierung\/elektrischer-antriebsstrang\/differentialgetriebe-und-radnabenantriebe\/radantrieb-wd\/#primaryimage"},"image":{"@id":"https:\/\/efa-controls.com\/de\/unsere-loesungen\/elektrifizierung\/elektrischer-antriebsstrang\/differentialgetriebe-und-radnabenantriebe\/radantrieb-wd\/#primaryimage"},"thumbnailUrl":"https:\/\/efa-controls.com\/wp-content\/uploads\/2024\/12\/3.gif","datePublished":"2025-02-06T14:18:47+00:00","dateModified":"2025-05-22T14:04:46+00:00","breadcrumb":{"@id":"https:\/\/efa-controls.com\/de\/unsere-loesungen\/elektrifizierung\/elektrischer-antriebsstrang\/differentialgetriebe-und-radnabenantriebe\/radantrieb-wd\/#breadcrumb"},"inLanguage":"de-DE","potentialAction":[{"@type":"ReadAction","target":["https:\/\/efa-controls.com\/de\/unsere-loesungen\/elektrifizierung\/elektrischer-antriebsstrang\/differentialgetriebe-und-radnabenantriebe\/radantrieb-wd\/"]}]},{"@type":"ImageObject","inLanguage":"de-DE","@id":"https:\/\/efa-controls.com\/de\/unsere-loesungen\/elektrifizierung\/elektrischer-antriebsstrang\/differentialgetriebe-und-radnabenantriebe\/radantrieb-wd\/#primaryimage","url":"https:\/\/efa-controls.com\/wp-content\/uploads\/2024\/12\/3.gif","contentUrl":"https:\/\/efa-controls.com\/wp-content\/uploads\/2024\/12\/3.gif","width":1800,"height":1800,"caption":"Roues-WD"},{"@type":"BreadcrumbList","@id":"https:\/\/efa-controls.com\/de\/unsere-loesungen\/elektrifizierung\/elektrischer-antriebsstrang\/differentialgetriebe-und-radnabenantriebe\/radantrieb-wd\/#breadcrumb","itemListElement":[{"@type":"ListItem","position":1,"name":"Accueil-Home","item":"https:\/\/efa-controls.com\/de\/"},{"@type":"ListItem","position":2,"name":"Unsere L\u00f6sungen","item":"https:\/\/efa-controls.com\/de\/unsere-loesungen\/"},{"@type":"ListItem","position":3,"name":"Elektrifizierung","item":"https:\/\/efa-controls.com\/de\/unsere-loesungen\/elektrifizierung\/"},{"@type":"ListItem","position":4,"name":"Elektrischer Antriebsstrang","item":"https:\/\/efa-controls.com\/de\/our-solutions\/electrification\/electric-powertrain\/"},{"@type":"ListItem","position":5,"name":"Differentialgetriebe und Radnabenantriebe","item":"https:\/\/efa-controls.com\/de\/unsere-loesungen\/elektrifizierung\/elektrischer-antriebsstrang\/differentialgetriebe-und-radnabenantriebe\/"},{"@type":"ListItem","position":6,"name":"Radantrieb WD"}]},{"@type":"WebSite","@id":"https:\/\/efa-controls.com\/de\/#website","url":"https:\/\/efa-controls.com\/de\/","name":"efa Controls","description":"Bureau d&#039;\u00e9tude pour v\u00e9hicules industriels","publisher":{"@id":"https:\/\/efa-controls.com\/de\/#organization"},"potentialAction":[{"@type":"SearchAction","target":{"@type":"EntryPoint","urlTemplate":"https:\/\/efa-controls.com\/de\/?s={search_term_string}"},"query-input":{"@type":"PropertyValueSpecification","valueRequired":true,"valueName":"search_term_string"}}],"inLanguage":"de-DE"},{"@type":"Organization","@id":"https:\/\/efa-controls.com\/de\/#organization","name":"efa Controls","url":"https:\/\/efa-controls.com\/de\/","logo":{"@type":"ImageObject","inLanguage":"de-DE","@id":"https:\/\/efa-controls.com\/de\/#\/schema\/logo\/image\/","url":"https:\/\/efa-controls.com\/wp-content\/uploads\/2023\/05\/logo-bleu.png","contentUrl":"https:\/\/efa-controls.com\/wp-content\/uploads\/2023\/05\/logo-bleu.png","width":408,"height":288,"caption":"efa Controls"},"image":{"@id":"https:\/\/efa-controls.com\/de\/#\/schema\/logo\/image\/"},"sameAs":["https:\/\/www.facebook.com\/efaFranceSA\/","https:\/\/x.com\/efa_france","https:\/\/www.instagram.com\/efafrance\/","https:\/\/www.linkedin.com\/company\/efa-france","https:\/\/www.youtube.com\/user\/EFAControls"]}]}},"_links":{"self":[{"href":"https:\/\/efa-controls.com\/de\/wp-json\/wp\/v2\/pages\/30402","targetHints":{"allow":["GET"]}}],"collection":[{"href":"https:\/\/efa-controls.com\/de\/wp-json\/wp\/v2\/pages"}],"about":[{"href":"https:\/\/efa-controls.com\/de\/wp-json\/wp\/v2\/types\/page"}],"author":[{"embeddable":true,"href":"https:\/\/efa-controls.com\/de\/wp-json\/wp\/v2\/users\/13"}],"replies":[{"embeddable":true,"href":"https:\/\/efa-controls.com\/de\/wp-json\/wp\/v2\/comments?post=30402"}],"version-history":[{"count":9,"href":"https:\/\/efa-controls.com\/de\/wp-json\/wp\/v2\/pages\/30402\/revisions"}],"predecessor-version":[{"id":32163,"href":"https:\/\/efa-controls.com\/de\/wp-json\/wp\/v2\/pages\/30402\/revisions\/32163"}],"up":[{"embeddable":true,"href":"https:\/\/efa-controls.com\/de\/wp-json\/wp\/v2\/pages\/30352"}],"wp:featuredmedia":[{"embeddable":true,"href":"https:\/\/efa-controls.com\/de\/wp-json\/wp\/v2\/media\/29794"}],"wp:attachment":[{"href":"https:\/\/efa-controls.com\/de\/wp-json\/wp\/v2\/media?parent=30402"}],"curies":[{"name":"wp","href":"https:\/\/api.w.org\/{rel}","templated":true}]}}