{"id":30367,"date":"2025-02-06T14:44:41","date_gmt":"2025-02-06T13:44:41","guid":{"rendered":"https:\/\/efa-controls.com\/?page_id=30367"},"modified":"2025-05-22T15:59:34","modified_gmt":"2025-05-22T13:59:34","slug":"differentialgetriebe-tx2","status":"publish","type":"page","link":"https:\/\/efa-controls.com\/de\/unsere-loesungen\/elektrifizierung\/elektrischer-antriebsstrang\/differentialgetriebe-und-radnabenantriebe\/differentialgetriebe-tx2\/","title":{"rendered":"Differentialgetriebe TX2"},"content":{"rendered":"<p>[et_pb_section fb_built=&#8221;1&#8243; admin_label=&#8221;Section&#8221; _builder_version=&#8221;4.19.2&#8243; _module_preset=&#8221;default&#8221; background_enable_image=&#8221;off&#8221; custom_margin=&#8221;0px||0px||true|false&#8221; custom_padding=&#8221;0px||0px||true|false&#8221; global_colors_info=&#8221;{}&#8221;][\/et_pb_section][et_pb_section fb_built=&#8221;1&#8243; admin_label=&#8221;Section&#8221; _builder_version=&#8221;4.27.4&#8243; _module_preset=&#8221;default&#8221; background_image=&#8221;https:\/\/efa-controls.com\/wp-content\/uploads\/2024\/12\/Slider-ponts-differentiels-TX2-2.png&#8221; custom_margin=&#8221;0px||0px||true|false&#8221; custom_padding=&#8221;0px||0px||true|false&#8221; global_colors_info=&#8221;{}&#8221;][et_pb_row admin_label=&#8221;Linie&#8221; _builder_version=&#8221;4.17.4&#8243; _module_preset=&#8221;default&#8221; width=&#8221;100%&#8221; max_width=&#8221;2560px&#8221; global_colors_info=&#8221;{}&#8221;][et_pb_column type=&#8221;4_4&#8243; _builder_version=&#8221;4.17.4&#8243; _module_preset=&#8221;default&#8221; global_colors_info=&#8221;{}&#8221;][et_pb_text _builder_version=&#8221;4.27.4&#8243; _module_preset=&#8221;default&#8221; text_font=&#8221;||||||||&#8221; text_font_size=&#8221;77px&#8221; header_font=&#8221;Open Sans|700|||||||&#8221; header_text_align=&#8221;left&#8221; header_font_size=&#8221;70px&#8221; background_image=&#8221;https:\/\/efa-controls.com\/wp-content\/uploads\/2022\/07\/Fichier-3.png&#8221; parallax=&#8221;on&#8221; parallax_method=&#8221;off&#8221; background_blend=&#8221;overlay&#8221; min_height=&#8221;407px&#8221; custom_margin=&#8221;-25px||||false|false&#8221; custom_margin_tablet=&#8221;-25px||||false|false&#8221; custom_margin_phone=&#8221;-25px||||false|false&#8221; custom_margin_last_edited=&#8221;on|desktop&#8221; custom_padding=&#8221;88px|123px|88px|123px|true|true&#8221; custom_padding_tablet=&#8221;&#8221; custom_padding_phone=&#8221;|23px||23px|true|true&#8221; custom_padding_last_edited=&#8221;on|phone&#8221; header_font_size_tablet=&#8221;70px&#8221; header_font_size_phone=&#8221;45px&#8221; header_font_size_last_edited=&#8221;on|phone&#8221; global_colors_info=&#8221;{}&#8221;]<\/p>\n<h1>\u00a0<\/h1>\n<h1>\u00a0<\/h1>\n<h1>\u00a0<span style=\"color: #333333;\"><strong>Differentialgetriebe TX2<\/strong><\/span><\/h1>\n<p>[\/et_pb_text][et_pb_icon font_icon=&#8221;&#xf103;||fa||900&#8243; icon_color=&#8221;#0C71C3&#8243; icon_width=&#8221;131px&#8221; disabled_on=&#8221;on|off|off&#8221; _builder_version=&#8221;4.19.1&#8243; _module_preset=&#8221;default&#8221; positioning=&#8221;relative&#8221; vertical_offset=&#8221;59px&#8221; custom_margin=&#8221;-120px||-21px||false|false&#8221; animation_style=&#8221;bounce&#8221; animation_direction=&#8221;top&#8221; custom_css_icon_element=&#8221;opacity: 0.5;&#8221; global_colors_info=&#8221;{}&#8221;][\/et_pb_icon][\/et_pb_column][\/et_pb_row][\/et_pb_section][et_pb_section fb_built=&#8221;1&#8243; _builder_version=&#8221;4.16&#8243; custom_padding=&#8221;3px||0px|||&#8221; global_colors_info=&#8221;{}&#8221;][et_pb_row _builder_version=&#8221;4.19.2&#8243; _module_preset=&#8221;default&#8221; custom_padding=&#8221;||0px|||&#8221; global_colors_info=&#8221;{}&#8221;][et_pb_column type=&#8221;4_4&#8243; _builder_version=&#8221;4.19.2&#8243; _module_preset=&#8221;default&#8221; global_colors_info=&#8221;{}&#8221;][lwp_divi_breadcrumbs _builder_version=&#8221;4.19.2&#8243; _module_preset=&#8221;default&#8221; global_colors_info=&#8221;{}&#8221;][\/lwp_divi_breadcrumbs][et_pb_text _builder_version=&#8221;4.27.4&#8243; _module_preset=&#8221;default&#8221; header_text_color=&#8221;#555555&#8243; global_colors_info=&#8221;{}&#8221;]<\/p>\n<blockquote>\n<h2><strong>TX2 Transaxle Drive System<\/strong><\/h2>\n<\/blockquote>\n<p>[\/et_pb_text][\/et_pb_column][\/et_pb_row][et_pb_row column_structure=&#8221;1_2,1_2&#8243; _builder_version=&#8221;4.27.4&#8243; _module_preset=&#8221;default&#8221; custom_margin=&#8221;-98px||-98px||true|false&#8221; custom_padding=&#8221;23px||23px||true|false&#8221; global_colors_info=&#8221;{}&#8221;][et_pb_column type=&#8221;1_2&#8243; _builder_version=&#8221;4.17.4&#8243; _module_preset=&#8221;default&#8221; global_colors_info=&#8221;{}&#8221;][et_pb_video src=&#8221;https:\/\/efa-controls.com\/wp-content\/uploads\/2024\/12\/15007-ECOMER-Video-3D-Rendering-TX-eMOBILITY.mp4&#8243; _builder_version=&#8221;4.27.4&#8243; _module_preset=&#8221;default&#8221; min_height=&#8221;189px&#8221; custom_margin=&#8221;35px||35px||true|false&#8221; custom_padding=&#8221;||||true&#8221; global_colors_info=&#8221;{}&#8221;][\/et_pb_video][\/et_pb_column][et_pb_column type=&#8221;1_2&#8243; _builder_version=&#8221;4.17.4&#8243; _module_preset=&#8221;default&#8221; global_colors_info=&#8221;{}&#8221;][et_pb_text _builder_version=&#8221;4.27.4&#8243; _module_preset=&#8221;default&#8221; min_height=&#8221;76.4px&#8221; custom_padding=&#8221;||94px|||&#8221; global_colors_info=&#8221;{}&#8221;]<\/p>\n<p>&nbsp;<\/p>\n<p><strong style=\"font-size: 22px;\">Zusammensetzung<\/strong><\/p>\n<p>Eine vollst\u00e4ndige Baugruppe, die aus einem Differenzialgetriebe, einer Einzelradaufh\u00e4ngung oder einer starren Antriebsachse, einem Elektromotor und einem Bremssystem besteht.<\/p>\n<p>Das modulare System umfasst verschiedene Arten von Getriebe\u00fcbersetzungen, Spurbreiten, Radnaben und Bremsen.<\/p>\n<p>Die TX2-Br\u00fccke kann f\u00fcr leichte Fahrzeuge in vielen Bereichen eingesetzt werden, z. B. in der Landwirtschaft, im Bauwesen, in Krankenh\u00e4usern, in der Industrie, im Gartenbau und in allen anderen Bereichen, in denen elektrische Traktion erforderlich ist.<\/p>\n<p>[\/et_pb_text][\/et_pb_column][\/et_pb_row][et_pb_row _builder_version=&#8221;4.27.4&#8243; _module_preset=&#8221;default&#8221; global_colors_info=&#8221;{}&#8221; global_module=&#8221;32134&#8243; theme_builder_area=&#8221;post_content&#8221;][et_pb_column type=&#8221;4_4&#8243; _builder_version=&#8221;4.27.4&#8243; _module_preset=&#8221;default&#8221; global_colors_info=&#8221;{}&#8221; theme_builder_area=&#8221;post_content&#8221;][dsm_button button_one_text=&#8221;Technische Unterlagen anfordern &#8211; Elektrifizierungsbereich&#8221; button_one_url=&#8221;https:\/\/a97e57e7.sibforms.com\/serve\/MUIFAH0EBNjTpVQekE1F-qMs_303872H9VmJdnF_UPU8TL2Me7waKXBIp_pgV1S9lxDBOPrdQz5Yo09w-r37gJa6HykDXZbxdBRylGqZonafHeI2QNb0Sv4cqWleFOTNP6sXzBNFxaF6CbcyKk3YkZlbiDgNc6OvE4UY04VUth08FfesM3iQ9mb96e32IP-Z4GtKp4yEo6oo8nTT&#8221; button_alignment=&#8221;center&#8221; _builder_version=&#8221;4.27.4&#8243; _module_preset=&#8221;default&#8221; custom_button_one=&#8221;on&#8221; button_one_text_color=&#8221;#FFFFFF&#8221; button_one_bg_color=&#8221;#e35210&#8243; button_one_border_radius=&#8221;20px&#8221; button_one_font=&#8221;|600|||||||&#8221; button_one_icon=&#8221;&#x35;||divi||400&#8243; global_colors_info=&#8221;{}&#8221; theme_builder_area=&#8221;post_content&#8221;][\/dsm_button][\/et_pb_column][\/et_pb_row][et_pb_row column_structure=&#8221;1_2,1_2&#8243; _builder_version=&#8221;4.27.4&#8243; _module_preset=&#8221;default&#8221; custom_margin=&#8221;0px||0px||false|false&#8221; custom_padding=&#8221;0px||0px||false|false&#8221; hover_enabled=&#8221;0&#8243; global_colors_info=&#8221;{}&#8221; sticky_enabled=&#8221;0&#8243;][et_pb_column type=&#8221;1_2&#8243; _builder_version=&#8221;4.23.1&#8243; _module_preset=&#8221;default&#8221; global_colors_info=&#8221;{}&#8221;][et_pb_text _builder_version=&#8221;4.27.4&#8243; _module_preset=&#8221;default&#8221; global_colors_info=&#8221;{}&#8221;]<\/p>\n<h3><strong>Technische Spezifikationen<\/strong><\/h3>\n<p>&nbsp;<\/p>\n<div class=\"et_pb_module et_pb_text et_pb_text_1  et_pb_text_align_left et_pb_bg_layout_light\">\n<div class=\"et_pb_text_inner\">\n<p>Kundenspezifische Versionen k\u00f6nnen entworfen werden, um Ihre genauen Anforderungen zu erf\u00fcllen.<\/p>\n<ul>\n<li><strong>Montageposition:<\/strong> Sechs Standardmontagepositionen (Z-Achsen-Neigung von 0\u00b0 bis 180\u00b0) f\u00fcr eine gr\u00f6\u00dfere Auswahl an Installationsm\u00f6glichkeiten.<\/li>\n<li><strong>Schwei\u00dfen:<\/strong> Wird von Robotern durchgef\u00fchrt (T\u00dcV ISO 15614: 2012 zertifiziert).<\/li>\n<li><strong>\u00c4u\u00dfere Oberfl\u00e4chenbehandlung:<\/strong> Alle Metallteile werden mit einer hochwertigen, korrosionsbest\u00e4ndigen Zinkbeschichtung versehen.<\/li>\n<li><strong>Starrachse:<\/strong> Ziehrohre mit einem Durchmesser von 57 mm (7,5 mm dick) werden mit integrierten Bolzen am Getriebegeh\u00e4use angebracht.<\/li>\n<li><strong>Getriebe:<\/strong> Das Getriebegeh\u00e4use aus Aluminiumlegierung minimiert das Gewicht, indem es dank des neuen \u201erobusten\u201c Designs Kraft hinzuf\u00fcgt.<\/li>\n<li><strong>Schmierung:<\/strong> Unsere Produkte werden auch mit synthetischem Mobilube1-\u00d6l ausgeliefert.<\/li>\n<li><strong>Radlager:<\/strong> Die doppelt abgewinkelten Kontaktkugellager erm\u00f6glichen auch den Einsatz unter intensiven Bedingungen.<\/li>\n<li><strong>Zahnradausf\u00fchrung:<\/strong> Zahnr\u00e4der aus geh\u00e4rtetem Stahl sorgen dann f\u00fcr einen konstant niedrigen Ger\u00e4uschpegel.<\/li>\n<\/ul>\n<\/div>\n<\/div>\n<p>[\/et_pb_text][\/et_pb_column][et_pb_column type=&#8221;1_2&#8243; _builder_version=&#8221;4.23.1&#8243; _module_preset=&#8221;default&#8221; global_colors_info=&#8221;{}&#8221;][dsm_icon_list _builder_version=&#8221;4.23.1&#8243; _module_preset=&#8221;default&#8221; global_colors_info=&#8221;{}&#8221;][\/dsm_icon_list][et_pb_image src=&#8221;https:\/\/efa-controls.com\/wp-content\/uploads\/2024\/12\/TX2-CVJ-02-1-BD.png&#8221; alt=&#8221;TX2 CVJ 02 1 &#8221; title_text=&#8221;TX2 CVJ 02 1 &#8221; _builder_version=&#8221;4.27.4&#8243; _module_preset=&#8221;default&#8221; max_height=&#8221;525px&#8221; global_colors_info=&#8221;{}&#8221;][\/et_pb_image][\/et_pb_column][\/et_pb_row][\/et_pb_section]<\/p>\n","protected":false},"excerpt":{"rendered":"<p>\u00a0 \u00a0 \u00a0Differentialgetriebe TX2<div class=\"et_pb_module lwp_divi_breadcrumbs lwp_divi_breadcrumbs_0\">\n\t\t\t\t\n\t\t\t\t\n\t\t\t\t\n\t\t\t\t\n\t\t\t\t\n\t\t\t\t\n\t\t\t\t<div class=\"et_pb_module_inner\">\n\t\t\t\t\t<div class=\"lwp-breadcrumbs\"> <span class=\"before\"><\/span> <span vocab=\"https:\/\/schema.org\/\" typeof=\"BreadcrumbList\"><span property=\"itemListElement\" typeof=\"ListItem\"><a property=\"item\" typeof=\"WebPage\" href=\"https:\/\/efa-controls.com\/de\/\" class=\"home\"><span property=\"name\">Home<\/span><\/a><meta property=\"position\" content=\"1\"><\/span> <span class=\"separator et-pb-icon\">9<\/span> <\/span><\/div>\n\t\t\t\t<\/div>\n\t\t\t<\/div> TX2 Transaxle Drive System &nbsp; Zusammensetzung Eine vollst\u00e4ndige Baugruppe, die aus einem Differenzialgetriebe, einer Einzelradaufh\u00e4ngung oder einer starren Antriebsachse, einem Elektromotor und einem Bremssystem besteht. Das modulare System umfasst verschiedene Arten von Getriebe\u00fcbersetzungen, Spurbreiten, Radnaben und Bremsen. Die TX2-Br\u00fccke kann f\u00fcr leichte Fahrzeuge in vielen Bereichen eingesetzt werden, [&hellip;]<\/p>\n","protected":false},"author":13,"featured_media":29576,"parent":30352,"menu_order":0,"comment_status":"closed","ping_status":"closed","template":"","meta":{"_et_pb_use_builder":"on","_et_pb_old_content":"","_et_gb_content_width":"","_uf_show_specific_survey":0,"_uf_disable_surveys":false,"footnotes":""},"class_list":["post-30367","page","type-page","status-publish","has-post-thumbnail","hentry"],"yoast_head":"<!-- This site is optimized with the Yoast SEO plugin v27.4 - https:\/\/yoast.com\/product\/yoast-seo-wordpress\/ -->\n<title>Differentialgetriebe TX2 - efa Controls<\/title>\n<meta name=\"robots\" content=\"index, follow, max-snippet:-1, max-image-preview:large, max-video-preview:-1\" \/>\n<link rel=\"canonical\" href=\"https:\/\/efa-controls.com\/de\/unsere-loesungen\/elektrifizierung\/elektrischer-antriebsstrang\/differentialgetriebe-und-radnabenantriebe\/differentialgetriebe-tx2\/\" \/>\n<meta property=\"og:locale\" content=\"de_DE\" \/>\n<meta property=\"og:type\" content=\"article\" \/>\n<meta property=\"og:title\" content=\"Differentialgetriebe TX2 - efa Controls\" \/>\n<meta property=\"og:description\" content=\"\u00a0 \u00a0 \u00a0Differentialgetriebe TX2 TX2 Transaxle Drive System &nbsp; Zusammensetzung Eine vollst\u00e4ndige Baugruppe, die aus einem Differenzialgetriebe, einer Einzelradaufh\u00e4ngung oder einer starren Antriebsachse, einem Elektromotor und einem Bremssystem besteht. Das modulare System umfasst verschiedene Arten von Getriebe\u00fcbersetzungen, Spurbreiten, Radnaben und Bremsen. Die TX2-Br\u00fccke kann f\u00fcr leichte Fahrzeuge in vielen Bereichen eingesetzt werden, [&hellip;]\" \/>\n<meta property=\"og:url\" content=\"https:\/\/efa-controls.com\/de\/unsere-loesungen\/elektrifizierung\/elektrischer-antriebsstrang\/differentialgetriebe-und-radnabenantriebe\/differentialgetriebe-tx2\/\" \/>\n<meta property=\"og:site_name\" content=\"efa Controls\" \/>\n<meta property=\"article:publisher\" content=\"https:\/\/www.facebook.com\/efaFranceSA\/\" \/>\n<meta property=\"article:modified_time\" content=\"2025-05-22T13:59:34+00:00\" \/>\n<meta property=\"og:image\" content=\"https:\/\/efa-controls.com\/wp-content\/uploads\/2024\/12\/TX2-CVJ-02-1-BD-1024x1024.png\" \/>\n\t<meta property=\"og:image:width\" content=\"1024\" \/>\n\t<meta property=\"og:image:height\" content=\"1024\" \/>\n\t<meta property=\"og:image:type\" content=\"image\/png\" \/>\n<meta name=\"twitter:card\" content=\"summary_large_image\" \/>\n<meta name=\"twitter:site\" content=\"@efa_france\" \/>\n<meta name=\"twitter:label1\" content=\"Gesch\u00e4tzte Lesezeit\" \/>\n\t<meta name=\"twitter:data1\" content=\"5 minutes\" \/>\n<script type=\"application\/ld+json\" class=\"yoast-schema-graph\">{\"@context\":\"https:\\\/\\\/schema.org\",\"@graph\":[{\"@type\":\"WebPage\",\"@id\":\"https:\\\/\\\/efa-controls.com\\\/de\\\/unsere-loesungen\\\/elektrifizierung\\\/elektrischer-antriebsstrang\\\/differentialgetriebe-und-radnabenantriebe\\\/differentialgetriebe-tx2\\\/\",\"url\":\"https:\\\/\\\/efa-controls.com\\\/de\\\/unsere-loesungen\\\/elektrifizierung\\\/elektrischer-antriebsstrang\\\/differentialgetriebe-und-radnabenantriebe\\\/differentialgetriebe-tx2\\\/\",\"name\":\"Differentialgetriebe TX2 - efa Controls\",\"isPartOf\":{\"@id\":\"https:\\\/\\\/efa-controls.com\\\/de\\\/#website\"},\"primaryImageOfPage\":{\"@id\":\"https:\\\/\\\/efa-controls.com\\\/de\\\/unsere-loesungen\\\/elektrifizierung\\\/elektrischer-antriebsstrang\\\/differentialgetriebe-und-radnabenantriebe\\\/differentialgetriebe-tx2\\\/#primaryimage\"},\"image\":{\"@id\":\"https:\\\/\\\/efa-controls.com\\\/de\\\/unsere-loesungen\\\/elektrifizierung\\\/elektrischer-antriebsstrang\\\/differentialgetriebe-und-radnabenantriebe\\\/differentialgetriebe-tx2\\\/#primaryimage\"},\"thumbnailUrl\":\"https:\\\/\\\/efa-controls.com\\\/wp-content\\\/uploads\\\/2024\\\/12\\\/TX2-CVJ-02-1-BD.png\",\"datePublished\":\"2025-02-06T13:44:41+00:00\",\"dateModified\":\"2025-05-22T13:59:34+00:00\",\"breadcrumb\":{\"@id\":\"https:\\\/\\\/efa-controls.com\\\/de\\\/unsere-loesungen\\\/elektrifizierung\\\/elektrischer-antriebsstrang\\\/differentialgetriebe-und-radnabenantriebe\\\/differentialgetriebe-tx2\\\/#breadcrumb\"},\"inLanguage\":\"de-DE\",\"potentialAction\":[{\"@type\":\"ReadAction\",\"target\":[\"https:\\\/\\\/efa-controls.com\\\/de\\\/unsere-loesungen\\\/elektrifizierung\\\/elektrischer-antriebsstrang\\\/differentialgetriebe-und-radnabenantriebe\\\/differentialgetriebe-tx2\\\/\"]}]},{\"@type\":\"ImageObject\",\"inLanguage\":\"de-DE\",\"@id\":\"https:\\\/\\\/efa-controls.com\\\/de\\\/unsere-loesungen\\\/elektrifizierung\\\/elektrischer-antriebsstrang\\\/differentialgetriebe-und-radnabenantriebe\\\/differentialgetriebe-tx2\\\/#primaryimage\",\"url\":\"https:\\\/\\\/efa-controls.com\\\/wp-content\\\/uploads\\\/2024\\\/12\\\/TX2-CVJ-02-1-BD.png\",\"contentUrl\":\"https:\\\/\\\/efa-controls.com\\\/wp-content\\\/uploads\\\/2024\\\/12\\\/TX2-CVJ-02-1-BD.png\",\"width\":4000,\"height\":4000,\"caption\":\"TX2 CVJ 02 1\"},{\"@type\":\"BreadcrumbList\",\"@id\":\"https:\\\/\\\/efa-controls.com\\\/de\\\/unsere-loesungen\\\/elektrifizierung\\\/elektrischer-antriebsstrang\\\/differentialgetriebe-und-radnabenantriebe\\\/differentialgetriebe-tx2\\\/#breadcrumb\",\"itemListElement\":[{\"@type\":\"ListItem\",\"position\":1,\"name\":\"Accueil-Home\",\"item\":\"https:\\\/\\\/efa-controls.com\\\/de\\\/\"},{\"@type\":\"ListItem\",\"position\":2,\"name\":\"Unsere L\u00f6sungen\",\"item\":\"https:\\\/\\\/efa-controls.com\\\/de\\\/unsere-loesungen\\\/\"},{\"@type\":\"ListItem\",\"position\":3,\"name\":\"Elektrifizierung\",\"item\":\"https:\\\/\\\/efa-controls.com\\\/de\\\/unsere-loesungen\\\/elektrifizierung\\\/\"},{\"@type\":\"ListItem\",\"position\":4,\"name\":\"Elektrischer Antriebsstrang\",\"item\":\"https:\\\/\\\/efa-controls.com\\\/de\\\/our-solutions\\\/electrification\\\/electric-powertrain\\\/\"},{\"@type\":\"ListItem\",\"position\":5,\"name\":\"Differentialgetriebe und Radnabenantriebe\",\"item\":\"https:\\\/\\\/efa-controls.com\\\/de\\\/unsere-loesungen\\\/elektrifizierung\\\/elektrischer-antriebsstrang\\\/differentialgetriebe-und-radnabenantriebe\\\/\"},{\"@type\":\"ListItem\",\"position\":6,\"name\":\"Differentialgetriebe TX2\"}]},{\"@type\":\"WebSite\",\"@id\":\"https:\\\/\\\/efa-controls.com\\\/de\\\/#website\",\"url\":\"https:\\\/\\\/efa-controls.com\\\/de\\\/\",\"name\":\"efa Controls\",\"description\":\"Bureau d&#039;\u00e9tude pour v\u00e9hicules industriels\",\"publisher\":{\"@id\":\"https:\\\/\\\/efa-controls.com\\\/de\\\/#organization\"},\"potentialAction\":[{\"@type\":\"SearchAction\",\"target\":{\"@type\":\"EntryPoint\",\"urlTemplate\":\"https:\\\/\\\/efa-controls.com\\\/de\\\/?s={search_term_string}\"},\"query-input\":{\"@type\":\"PropertyValueSpecification\",\"valueRequired\":true,\"valueName\":\"search_term_string\"}}],\"inLanguage\":\"de-DE\"},{\"@type\":\"Organization\",\"@id\":\"https:\\\/\\\/efa-controls.com\\\/de\\\/#organization\",\"name\":\"efa Controls\",\"url\":\"https:\\\/\\\/efa-controls.com\\\/de\\\/\",\"logo\":{\"@type\":\"ImageObject\",\"inLanguage\":\"de-DE\",\"@id\":\"https:\\\/\\\/efa-controls.com\\\/de\\\/#\\\/schema\\\/logo\\\/image\\\/\",\"url\":\"https:\\\/\\\/efa-controls.com\\\/wp-content\\\/uploads\\\/2023\\\/05\\\/logo-bleu.png\",\"contentUrl\":\"https:\\\/\\\/efa-controls.com\\\/wp-content\\\/uploads\\\/2023\\\/05\\\/logo-bleu.png\",\"width\":408,\"height\":288,\"caption\":\"efa Controls\"},\"image\":{\"@id\":\"https:\\\/\\\/efa-controls.com\\\/de\\\/#\\\/schema\\\/logo\\\/image\\\/\"},\"sameAs\":[\"https:\\\/\\\/www.facebook.com\\\/efaFranceSA\\\/\",\"https:\\\/\\\/x.com\\\/efa_france\",\"https:\\\/\\\/www.instagram.com\\\/efafrance\\\/\",\"https:\\\/\\\/www.linkedin.com\\\/company\\\/efa-france\",\"https:\\\/\\\/www.youtube.com\\\/user\\\/EFAControls\"]}]}<\/script>\n<!-- \/ Yoast SEO plugin. -->","yoast_head_json":{"title":"Differentialgetriebe TX2 - efa Controls","robots":{"index":"index","follow":"follow","max-snippet":"max-snippet:-1","max-image-preview":"max-image-preview:large","max-video-preview":"max-video-preview:-1"},"canonical":"https:\/\/efa-controls.com\/de\/unsere-loesungen\/elektrifizierung\/elektrischer-antriebsstrang\/differentialgetriebe-und-radnabenantriebe\/differentialgetriebe-tx2\/","og_locale":"de_DE","og_type":"article","og_title":"Differentialgetriebe TX2 - efa Controls","og_description":"\u00a0 \u00a0 \u00a0Differentialgetriebe TX2 TX2 Transaxle Drive System &nbsp; Zusammensetzung Eine vollst\u00e4ndige Baugruppe, die aus einem Differenzialgetriebe, einer Einzelradaufh\u00e4ngung oder einer starren Antriebsachse, einem Elektromotor und einem Bremssystem besteht. Das modulare System umfasst verschiedene Arten von Getriebe\u00fcbersetzungen, Spurbreiten, Radnaben und Bremsen. Die TX2-Br\u00fccke kann f\u00fcr leichte Fahrzeuge in vielen Bereichen eingesetzt werden, [&hellip;]","og_url":"https:\/\/efa-controls.com\/de\/unsere-loesungen\/elektrifizierung\/elektrischer-antriebsstrang\/differentialgetriebe-und-radnabenantriebe\/differentialgetriebe-tx2\/","og_site_name":"efa Controls","article_publisher":"https:\/\/www.facebook.com\/efaFranceSA\/","article_modified_time":"2025-05-22T13:59:34+00:00","og_image":[{"width":1024,"height":1024,"url":"https:\/\/efa-controls.com\/wp-content\/uploads\/2024\/12\/TX2-CVJ-02-1-BD-1024x1024.png","type":"image\/png"}],"twitter_card":"summary_large_image","twitter_site":"@efa_france","twitter_misc":{"Gesch\u00e4tzte Lesezeit":"5 minutes"},"schema":{"@context":"https:\/\/schema.org","@graph":[{"@type":"WebPage","@id":"https:\/\/efa-controls.com\/de\/unsere-loesungen\/elektrifizierung\/elektrischer-antriebsstrang\/differentialgetriebe-und-radnabenantriebe\/differentialgetriebe-tx2\/","url":"https:\/\/efa-controls.com\/de\/unsere-loesungen\/elektrifizierung\/elektrischer-antriebsstrang\/differentialgetriebe-und-radnabenantriebe\/differentialgetriebe-tx2\/","name":"Differentialgetriebe TX2 - efa Controls","isPartOf":{"@id":"https:\/\/efa-controls.com\/de\/#website"},"primaryImageOfPage":{"@id":"https:\/\/efa-controls.com\/de\/unsere-loesungen\/elektrifizierung\/elektrischer-antriebsstrang\/differentialgetriebe-und-radnabenantriebe\/differentialgetriebe-tx2\/#primaryimage"},"image":{"@id":"https:\/\/efa-controls.com\/de\/unsere-loesungen\/elektrifizierung\/elektrischer-antriebsstrang\/differentialgetriebe-und-radnabenantriebe\/differentialgetriebe-tx2\/#primaryimage"},"thumbnailUrl":"https:\/\/efa-controls.com\/wp-content\/uploads\/2024\/12\/TX2-CVJ-02-1-BD.png","datePublished":"2025-02-06T13:44:41+00:00","dateModified":"2025-05-22T13:59:34+00:00","breadcrumb":{"@id":"https:\/\/efa-controls.com\/de\/unsere-loesungen\/elektrifizierung\/elektrischer-antriebsstrang\/differentialgetriebe-und-radnabenantriebe\/differentialgetriebe-tx2\/#breadcrumb"},"inLanguage":"de-DE","potentialAction":[{"@type":"ReadAction","target":["https:\/\/efa-controls.com\/de\/unsere-loesungen\/elektrifizierung\/elektrischer-antriebsstrang\/differentialgetriebe-und-radnabenantriebe\/differentialgetriebe-tx2\/"]}]},{"@type":"ImageObject","inLanguage":"de-DE","@id":"https:\/\/efa-controls.com\/de\/unsere-loesungen\/elektrifizierung\/elektrischer-antriebsstrang\/differentialgetriebe-und-radnabenantriebe\/differentialgetriebe-tx2\/#primaryimage","url":"https:\/\/efa-controls.com\/wp-content\/uploads\/2024\/12\/TX2-CVJ-02-1-BD.png","contentUrl":"https:\/\/efa-controls.com\/wp-content\/uploads\/2024\/12\/TX2-CVJ-02-1-BD.png","width":4000,"height":4000,"caption":"TX2 CVJ 02 1"},{"@type":"BreadcrumbList","@id":"https:\/\/efa-controls.com\/de\/unsere-loesungen\/elektrifizierung\/elektrischer-antriebsstrang\/differentialgetriebe-und-radnabenantriebe\/differentialgetriebe-tx2\/#breadcrumb","itemListElement":[{"@type":"ListItem","position":1,"name":"Accueil-Home","item":"https:\/\/efa-controls.com\/de\/"},{"@type":"ListItem","position":2,"name":"Unsere L\u00f6sungen","item":"https:\/\/efa-controls.com\/de\/unsere-loesungen\/"},{"@type":"ListItem","position":3,"name":"Elektrifizierung","item":"https:\/\/efa-controls.com\/de\/unsere-loesungen\/elektrifizierung\/"},{"@type":"ListItem","position":4,"name":"Elektrischer Antriebsstrang","item":"https:\/\/efa-controls.com\/de\/our-solutions\/electrification\/electric-powertrain\/"},{"@type":"ListItem","position":5,"name":"Differentialgetriebe und Radnabenantriebe","item":"https:\/\/efa-controls.com\/de\/unsere-loesungen\/elektrifizierung\/elektrischer-antriebsstrang\/differentialgetriebe-und-radnabenantriebe\/"},{"@type":"ListItem","position":6,"name":"Differentialgetriebe TX2"}]},{"@type":"WebSite","@id":"https:\/\/efa-controls.com\/de\/#website","url":"https:\/\/efa-controls.com\/de\/","name":"efa Controls","description":"Bureau d&#039;\u00e9tude pour v\u00e9hicules industriels","publisher":{"@id":"https:\/\/efa-controls.com\/de\/#organization"},"potentialAction":[{"@type":"SearchAction","target":{"@type":"EntryPoint","urlTemplate":"https:\/\/efa-controls.com\/de\/?s={search_term_string}"},"query-input":{"@type":"PropertyValueSpecification","valueRequired":true,"valueName":"search_term_string"}}],"inLanguage":"de-DE"},{"@type":"Organization","@id":"https:\/\/efa-controls.com\/de\/#organization","name":"efa Controls","url":"https:\/\/efa-controls.com\/de\/","logo":{"@type":"ImageObject","inLanguage":"de-DE","@id":"https:\/\/efa-controls.com\/de\/#\/schema\/logo\/image\/","url":"https:\/\/efa-controls.com\/wp-content\/uploads\/2023\/05\/logo-bleu.png","contentUrl":"https:\/\/efa-controls.com\/wp-content\/uploads\/2023\/05\/logo-bleu.png","width":408,"height":288,"caption":"efa Controls"},"image":{"@id":"https:\/\/efa-controls.com\/de\/#\/schema\/logo\/image\/"},"sameAs":["https:\/\/www.facebook.com\/efaFranceSA\/","https:\/\/x.com\/efa_france","https:\/\/www.instagram.com\/efafrance\/","https:\/\/www.linkedin.com\/company\/efa-france","https:\/\/www.youtube.com\/user\/EFAControls"]}]}},"_links":{"self":[{"href":"https:\/\/efa-controls.com\/de\/wp-json\/wp\/v2\/pages\/30367","targetHints":{"allow":["GET"]}}],"collection":[{"href":"https:\/\/efa-controls.com\/de\/wp-json\/wp\/v2\/pages"}],"about":[{"href":"https:\/\/efa-controls.com\/de\/wp-json\/wp\/v2\/types\/page"}],"author":[{"embeddable":true,"href":"https:\/\/efa-controls.com\/de\/wp-json\/wp\/v2\/users\/13"}],"replies":[{"embeddable":true,"href":"https:\/\/efa-controls.com\/de\/wp-json\/wp\/v2\/comments?post=30367"}],"version-history":[{"count":7,"href":"https:\/\/efa-controls.com\/de\/wp-json\/wp\/v2\/pages\/30367\/revisions"}],"predecessor-version":[{"id":32158,"href":"https:\/\/efa-controls.com\/de\/wp-json\/wp\/v2\/pages\/30367\/revisions\/32158"}],"up":[{"embeddable":true,"href":"https:\/\/efa-controls.com\/de\/wp-json\/wp\/v2\/pages\/30352"}],"wp:featuredmedia":[{"embeddable":true,"href":"https:\/\/efa-controls.com\/de\/wp-json\/wp\/v2\/media\/29576"}],"wp:attachment":[{"href":"https:\/\/efa-controls.com\/de\/wp-json\/wp\/v2\/media?parent=30367"}],"curies":[{"name":"wp","href":"https:\/\/api.w.org\/{rel}","templated":true}]}}