{"id":27849,"date":"2024-08-08T12:58:26","date_gmt":"2024-08-08T10:58:26","guid":{"rendered":"https:\/\/efa-controls.com\/?page_id=27849"},"modified":"2024-09-10T11:51:12","modified_gmt":"2024-09-10T09:51:12","slug":"add","status":"publish","type":"page","link":"https:\/\/efa-controls.com\/de\/nos-solutions\/commandes\/les-radiocommandes\/gamme-dynamic\/add\/","title":{"rendered":"ADD"},"content":{"rendered":"<p>[et_pb_section fb_built=&#8221;1&#8243; admin_label=&#8221;Section&#8221; _builder_version=&#8221;4.26.1&#8243; _module_preset=&#8221;default&#8221; background_image=&#8221;https:\/\/efa-controls.com\/wp-content\/uploads\/2024\/07\/Slider-autec-v4-no-logo.png&#8221; custom_margin=&#8221;0px||0px||true|false&#8221; custom_padding=&#8221;0px||0px||true|false&#8221; global_colors_info=&#8221;{}&#8221;][et_pb_row admin_label=&#8221;Ligne&#8221; _builder_version=&#8221;4.17.4&#8243; _module_preset=&#8221;default&#8221; width=&#8221;100%&#8221; max_width=&#8221;2560px&#8221; global_colors_info=&#8221;{}&#8221;][et_pb_column type=&#8221;4_4&#8243; _builder_version=&#8221;4.17.4&#8243; _module_preset=&#8221;default&#8221; global_colors_info=&#8221;{}&#8221;][et_pb_text _builder_version=&#8221;4.26.1&#8243; _module_preset=&#8221;default&#8221; text_font=&#8221;||||||||&#8221; text_font_size=&#8221;31px&#8221; header_font=&#8221;|700|||||||&#8221; header_text_align=&#8221;left&#8221; header_font_size=&#8221;70px&#8221; background_image=&#8221;https:\/\/efa-controls.com\/wp-content\/uploads\/2022\/07\/Fichier-3.png&#8221; parallax=&#8221;on&#8221; parallax_method=&#8221;off&#8221; background_blend=&#8221;overlay&#8221; custom_margin=&#8221;-25px||||false|false&#8221; custom_margin_tablet=&#8221;-25px||||false|false&#8221; custom_margin_phone=&#8221;-25px||||false|false&#8221; custom_margin_last_edited=&#8221;on|desktop&#8221; custom_padding=&#8221;150px|123px|150px|123px|true|true&#8221; custom_padding_tablet=&#8221;&#8221; custom_padding_phone=&#8221;|23px||23px|true|true&#8221; custom_padding_last_edited=&#8221;on|phone&#8221; header_font_size_tablet=&#8221;70px&#8221; header_font_size_phone=&#8221;36px&#8221; header_font_size_last_edited=&#8221;on|phone&#8221; text_text_shadow_style=&#8221;preset3&#8243; text_text_shadow_blur_strength=&#8221;0.25em&#8221; global_colors_info=&#8221;{}&#8221;]<\/p>\n<h1><span style=\"color: #ffffff;\"><strong>ADD &#8211; AUTEC<\/strong><\/span><span style=\"color: #333333;\"><strong><br \/><\/strong><\/span><\/h1>\n<p>&nbsp;<\/p>\n<p>[\/et_pb_text][\/et_pb_column][\/et_pb_row][\/et_pb_section][et_pb_section fb_built=&#8221;1&#8243; disabled_on=&#8221;on|off|off&#8221; admin_label=&#8221;Section&#8221; _builder_version=&#8221;4.19.0&#8243; _module_preset=&#8221;default&#8221; background_color=&#8221;#FFFFFF&#8221; custom_margin=&#8221;0px||0px||true|false&#8221; global_colors_info=&#8221;{}&#8221;][et_pb_row _builder_version=&#8221;4.18.0&#8243; _module_preset=&#8221;default&#8221; custom_margin=&#8221;0px||0px||true|false&#8221; custom_padding=&#8221;0px||0px||true|false&#8221; global_colors_info=&#8221;{}&#8221;][et_pb_column type=&#8221;4_4&#8243; _builder_version=&#8221;4.17.4&#8243; _module_preset=&#8221;default&#8221; global_colors_info=&#8221;{}&#8221;][et_pb_icon font_icon=&#8221;&#xf103;||fa||900&#8243; icon_color=&#8221;#0C71C3&#8243; icon_width=&#8221;131px&#8221; disabled_on=&#8221;on|off|off&#8221; _builder_version=&#8221;4.19.0&#8243; _module_preset=&#8221;default&#8221; positioning=&#8221;relative&#8221; vertical_offset=&#8221;48px&#8221; custom_margin=&#8221;-120px||||false|false&#8221; animation_style=&#8221;bounce&#8221; animation_direction=&#8221;top&#8221; custom_css_icon_element=&#8221;opacity: 0.5;&#8221; global_colors_info=&#8221;{}&#8221;][\/et_pb_icon][\/et_pb_column][\/et_pb_row][\/et_pb_section][et_pb_section fb_built=&#8221;1&#8243; _builder_version=&#8221;4.19.2&#8243; _module_preset=&#8221;default&#8221; custom_margin=&#8221;0px||0px||true|false&#8221; custom_padding=&#8221;0px||0px||true|false&#8221; global_colors_info=&#8221;{}&#8221;][et_pb_row _builder_version=&#8221;4.18.1&#8243; _module_preset=&#8221;default&#8221; global_colors_info=&#8221;{}&#8221;][et_pb_column type=&#8221;4_4&#8243; _builder_version=&#8221;4.18.1&#8243; _module_preset=&#8221;default&#8221; global_colors_info=&#8221;{}&#8221;][lwp_divi_breadcrumbs _builder_version=&#8221;4.18.1&#8243; _module_preset=&#8221;default&#8221; global_colors_info=&#8221;{}&#8221;][\/lwp_divi_breadcrumbs][\/et_pb_column][\/et_pb_row][\/et_pb_section][et_pb_section fb_built=&#8221;1&#8243; _builder_version=&#8221;4.25.1&#8243; _module_preset=&#8221;default&#8221; background_color=&#8221;#efefef&#8221; custom_margin=&#8221;-22px||-22px||true|false&#8221; custom_padding=&#8221;58px||58px||true|false&#8221; top_divider_style=&#8221;mountains2&#8243; top_divider_color=&#8221;#FFFFFF&#8221; bottom_divider_style=&#8221;mountains2&#8243; bottom_divider_color=&#8221;#FFFFFF&#8221; global_colors_info=&#8221;{}&#8221;][et_pb_row column_structure=&#8221;1_2,1_2&#8243; _builder_version=&#8221;4.18.0&#8243; _module_preset=&#8221;default&#8221; global_colors_info=&#8221;{}&#8221;][et_pb_column type=&#8221;1_2&#8243; _builder_version=&#8221;4.18.0&#8243; _module_preset=&#8221;default&#8221; global_colors_info=&#8221;{}&#8221;][et_pb_text _builder_version=&#8221;4.27.0&#8243; _module_preset=&#8221;default&#8221; custom_margin=&#8221;75px||18px||false|false&#8221; custom_padding=&#8221;||0px||false|false&#8221; global_colors_info=&#8221;{}&#8221;]<\/p>\n<p><strong>Unit\u00e9 de r\u00e9ception<\/strong> avec 16 entr\u00e9es analogiques int\u00e9gr\u00e9es (courant ou tension). Jusqu&#8217;\u00e0 12 sorties analogiques (tension) et 24 sorties PWM analogiques (12 axes bidirectionnels), jusqu&#8217;\u00e0 64 sorties num\u00e9riques, \u00e9galement disponibles via l&#8217;interface CANopen. Peut \u00eatre utilis\u00e9 dans un syst\u00e8me superviseur-op\u00e9rateur. Interfaces de connexion avec fiche \u00e0 32, 40, 50 ou 72 broches.<\/p>\n<p>[\/et_pb_text][\/et_pb_column][et_pb_column type=&#8221;1_2&#8243; _builder_version=&#8221;4.18.0&#8243; _module_preset=&#8221;default&#8221; global_colors_info=&#8221;{}&#8221;][et_pb_image src=&#8221;https:\/\/efa-controls.com\/wp-content\/uploads\/2024\/08\/RU_ADD_0-removebg-preview.png&#8221; alt=&#8221;ADD&#8221; title_text=&#8221;ADD&#8221; _builder_version=&#8221;4.27.0&#8243; _module_preset=&#8221;default&#8221; height=&#8221;335px&#8221; custom_margin=&#8221;-17px||||false|false&#8221; global_colors_info=&#8221;{}&#8221;][\/et_pb_image][\/et_pb_column][\/et_pb_row][\/et_pb_section][et_pb_section fb_built=&#8221;1&#8243; _builder_version=&#8221;4.18.0&#8243; _module_preset=&#8221;default&#8221; custom_margin=&#8221;50px||50px||true|false&#8221; custom_margin_tablet=&#8221;||50px||false|false&#8221; custom_margin_phone=&#8221;0px||0px||true|false&#8221; custom_margin_last_edited=&#8221;on|phone&#8221; custom_padding=&#8221;20px||20px||true|false&#8221; global_colors_info=&#8221;{}&#8221;][et_pb_row _builder_version=&#8221;4.18.0&#8243; _module_preset=&#8221;default&#8221; background_color=&#8221;#1f68b1&#8243; width=&#8221;100%&#8221; max_width=&#8221;2560px&#8221; module_alignment=&#8221;center&#8221; custom_padding=&#8221;39px||39px||true|false&#8221; global_colors_info=&#8221;{}&#8221;][et_pb_column type=&#8221;4_4&#8243; _builder_version=&#8221;4.17.6&#8243; _module_preset=&#8221;default&#8221; global_colors_info=&#8221;{}&#8221;][et_pb_text _builder_version=&#8221;4.26.1&#8243; _module_preset=&#8221;default&#8221; text_font=&#8221;||||||||&#8221; text_text_color=&#8221;#FFFFFF&#8221; text_font_size=&#8221;34px&#8221; header_text_color=&#8221;#FFFFFF&#8221; text_orientation=&#8221;center&#8221; text_font_size_tablet=&#8221;&#8221; text_font_size_phone=&#8221;20px&#8221; text_font_size_last_edited=&#8221;on|phone&#8221; global_colors_info=&#8221;{}&#8221;]<\/p>\n<p><strong>Vous cherchez le syst\u00e8me de radiocommande qui convient \u00e0 votre projet ?<\/strong><\/p>\n<p>[\/et_pb_text][et_pb_button button_url=&#8221;https:\/\/efa-controls.com\/contact\/&#8221; button_text=&#8221;Contactez-nous d\u00e8s aujourd&#8217;hui !&#8221; _builder_version=&#8221;4.26.1&#8243; _module_preset=&#8221;default&#8221; button_font=&#8221;|700|||||||&#8221; global_colors_info=&#8221;{}&#8221; button_bg_color__hover=&#8221;#E06100&#8243; button_bg_enable_color__hover=&#8221;on&#8221;][\/et_pb_button][\/et_pb_column][\/et_pb_row][\/et_pb_section]<\/p>\n","protected":false},"excerpt":{"rendered":"<p>ADD &#8211; AUTEC &nbsp;<div class=\"et_pb_module lwp_divi_breadcrumbs lwp_divi_breadcrumbs_0\">\n\t\t\t\t\n\t\t\t\t\n\t\t\t\t\n\t\t\t\t\n\t\t\t\t\n\t\t\t\t\n\t\t\t\t<div class=\"et_pb_module_inner\">\n\t\t\t\t\t<div class=\"lwp-breadcrumbs\"> <span class=\"before\"><\/span> <span vocab=\"https:\/\/schema.org\/\" typeof=\"BreadcrumbList\"><span property=\"itemListElement\" typeof=\"ListItem\"><a property=\"item\" typeof=\"WebPage\" href=\"https:\/\/efa-controls.com\/de\/\" class=\"home\"><span property=\"name\">Home<\/span><\/a><meta property=\"position\" content=\"1\"><\/span> <span class=\"separator et-pb-icon\">9<\/span> <\/span><\/div>\n\t\t\t\t<\/div>\n\t\t\t<\/div>Unit\u00e9 de r\u00e9ception avec 16 entr\u00e9es analogiques int\u00e9gr\u00e9es (courant ou tension). Jusqu&#8217;\u00e0 12 sorties analogiques (tension) et 24 sorties PWM analogiques (12 axes bidirectionnels), jusqu&#8217;\u00e0 64 sorties num\u00e9riques, \u00e9galement disponibles via l&#8217;interface CANopen. Peut \u00eatre utilis\u00e9 dans un syst\u00e8me superviseur-op\u00e9rateur. Interfaces de connexion avec fiche \u00e0 32, 40, 50 [&hellip;]<\/p>\n","protected":false},"author":15,"featured_media":0,"parent":27696,"menu_order":0,"comment_status":"closed","ping_status":"closed","template":"","meta":{"_et_pb_use_builder":"on","_et_pb_old_content":"","_et_gb_content_width":"","_uf_show_specific_survey":0,"_uf_disable_surveys":false,"footnotes":""},"class_list":["post-27849","page","type-page","status-publish","hentry"],"yoast_head":"<!-- This site is optimized with the Yoast SEO plugin v27.4 - https:\/\/yoast.com\/product\/yoast-seo-wordpress\/ -->\n<title>ADD - Gamme Dynamic - efa revendeur officiel AUTEC<\/title>\n<meta name=\"description\" content=\"Unit\u00e9 de r\u00e9ception avec 16 entr\u00e9es analogiques int\u00e9gr\u00e9es, jusqu\u2019\u00e0 12 sorties analogiques et 24 sorties PWM analogiques.\" \/>\n<meta name=\"robots\" content=\"index, follow, max-snippet:-1, max-image-preview:large, max-video-preview:-1\" \/>\n<link rel=\"canonical\" href=\"https:\/\/efa-controls.com\/de\/nos-solutions\/commandes\/les-radiocommandes\/gamme-dynamic\/add\/\" \/>\n<meta property=\"og:locale\" content=\"de_DE\" \/>\n<meta property=\"og:type\" content=\"article\" \/>\n<meta property=\"og:title\" content=\"ADD - Gamme Dynamic - efa revendeur officiel AUTEC\" \/>\n<meta property=\"og:description\" content=\"Unit\u00e9 de r\u00e9ception avec 16 entr\u00e9es analogiques int\u00e9gr\u00e9es, jusqu\u2019\u00e0 12 sorties analogiques et 24 sorties PWM analogiques.\" \/>\n<meta property=\"og:url\" content=\"https:\/\/efa-controls.com\/de\/nos-solutions\/commandes\/les-radiocommandes\/gamme-dynamic\/add\/\" \/>\n<meta property=\"og:site_name\" content=\"efa Controls\" \/>\n<meta property=\"article:publisher\" content=\"https:\/\/www.facebook.com\/efaFranceSA\/\" \/>\n<meta property=\"article:modified_time\" content=\"2024-09-10T09:51:12+00:00\" \/>\n<meta name=\"twitter:card\" content=\"summary_large_image\" \/>\n<meta name=\"twitter:site\" content=\"@efa_france\" \/>\n<meta name=\"twitter:label1\" content=\"Gesch\u00e4tzte Lesezeit\" \/>\n\t<meta name=\"twitter:data1\" content=\"1 minute\" \/>\n<script type=\"application\/ld+json\" class=\"yoast-schema-graph\">{\"@context\":\"https:\\\/\\\/schema.org\",\"@graph\":[{\"@type\":\"WebPage\",\"@id\":\"https:\\\/\\\/efa-controls.com\\\/de\\\/nos-solutions\\\/commandes\\\/les-radiocommandes\\\/gamme-dynamic\\\/add\\\/\",\"url\":\"https:\\\/\\\/efa-controls.com\\\/de\\\/nos-solutions\\\/commandes\\\/les-radiocommandes\\\/gamme-dynamic\\\/add\\\/\",\"name\":\"ADD - Gamme Dynamic - efa revendeur officiel AUTEC\",\"isPartOf\":{\"@id\":\"https:\\\/\\\/efa-controls.com\\\/de\\\/#website\"},\"datePublished\":\"2024-08-08T10:58:26+00:00\",\"dateModified\":\"2024-09-10T09:51:12+00:00\",\"description\":\"Unit\u00e9 de r\u00e9ception avec 16 entr\u00e9es analogiques int\u00e9gr\u00e9es, jusqu\u2019\u00e0 12 sorties analogiques et 24 sorties PWM analogiques.\",\"breadcrumb\":{\"@id\":\"https:\\\/\\\/efa-controls.com\\\/de\\\/nos-solutions\\\/commandes\\\/les-radiocommandes\\\/gamme-dynamic\\\/add\\\/#breadcrumb\"},\"inLanguage\":\"de-DE\",\"potentialAction\":[{\"@type\":\"ReadAction\",\"target\":[\"https:\\\/\\\/efa-controls.com\\\/de\\\/nos-solutions\\\/commandes\\\/les-radiocommandes\\\/gamme-dynamic\\\/add\\\/\"]}]},{\"@type\":\"BreadcrumbList\",\"@id\":\"https:\\\/\\\/efa-controls.com\\\/de\\\/nos-solutions\\\/commandes\\\/les-radiocommandes\\\/gamme-dynamic\\\/add\\\/#breadcrumb\",\"itemListElement\":[{\"@type\":\"ListItem\",\"position\":1,\"name\":\"Accueil-Home\",\"item\":\"https:\\\/\\\/efa-controls.com\\\/de\\\/\"},{\"@type\":\"ListItem\",\"position\":2,\"name\":\"Nos solutions\",\"item\":\"https:\\\/\\\/efa-controls.com\\\/de\\\/nos-solutions\\\/\"},{\"@type\":\"ListItem\",\"position\":3,\"name\":\"Commandes\",\"item\":\"https:\\\/\\\/efa-controls.com\\\/de\\\/nos-solutions\\\/commandes\\\/\"},{\"@type\":\"ListItem\",\"position\":4,\"name\":\"Les radiocommandes\",\"item\":\"https:\\\/\\\/efa-controls.com\\\/de\\\/nos-solutions\\\/commandes\\\/les-radiocommandes\\\/\"},{\"@type\":\"ListItem\",\"position\":5,\"name\":\"Gamme Dynamic\",\"item\":\"https:\\\/\\\/efa-controls.com\\\/de\\\/nos-solutions\\\/commandes\\\/les-radiocommandes\\\/gamme-dynamic\\\/\"},{\"@type\":\"ListItem\",\"position\":6,\"name\":\"ADD\"}]},{\"@type\":\"WebSite\",\"@id\":\"https:\\\/\\\/efa-controls.com\\\/de\\\/#website\",\"url\":\"https:\\\/\\\/efa-controls.com\\\/de\\\/\",\"name\":\"efa Controls\",\"description\":\"Bureau d&#039;\u00e9tude pour v\u00e9hicules industriels\",\"publisher\":{\"@id\":\"https:\\\/\\\/efa-controls.com\\\/de\\\/#organization\"},\"potentialAction\":[{\"@type\":\"SearchAction\",\"target\":{\"@type\":\"EntryPoint\",\"urlTemplate\":\"https:\\\/\\\/efa-controls.com\\\/de\\\/?s={search_term_string}\"},\"query-input\":{\"@type\":\"PropertyValueSpecification\",\"valueRequired\":true,\"valueName\":\"search_term_string\"}}],\"inLanguage\":\"de-DE\"},{\"@type\":\"Organization\",\"@id\":\"https:\\\/\\\/efa-controls.com\\\/de\\\/#organization\",\"name\":\"efa Controls\",\"url\":\"https:\\\/\\\/efa-controls.com\\\/de\\\/\",\"logo\":{\"@type\":\"ImageObject\",\"inLanguage\":\"de-DE\",\"@id\":\"https:\\\/\\\/efa-controls.com\\\/de\\\/#\\\/schema\\\/logo\\\/image\\\/\",\"url\":\"https:\\\/\\\/efa-controls.com\\\/wp-content\\\/uploads\\\/2023\\\/05\\\/logo-bleu.png\",\"contentUrl\":\"https:\\\/\\\/efa-controls.com\\\/wp-content\\\/uploads\\\/2023\\\/05\\\/logo-bleu.png\",\"width\":408,\"height\":288,\"caption\":\"efa Controls\"},\"image\":{\"@id\":\"https:\\\/\\\/efa-controls.com\\\/de\\\/#\\\/schema\\\/logo\\\/image\\\/\"},\"sameAs\":[\"https:\\\/\\\/www.facebook.com\\\/efaFranceSA\\\/\",\"https:\\\/\\\/x.com\\\/efa_france\",\"https:\\\/\\\/www.instagram.com\\\/efafrance\\\/\",\"https:\\\/\\\/www.linkedin.com\\\/company\\\/efa-france\",\"https:\\\/\\\/www.youtube.com\\\/user\\\/EFAControls\"]}]}<\/script>\n<!-- \/ Yoast SEO plugin. -->","yoast_head_json":{"title":"ADD - Gamme Dynamic - efa revendeur officiel AUTEC","description":"Unit\u00e9 de r\u00e9ception avec 16 entr\u00e9es analogiques int\u00e9gr\u00e9es, jusqu\u2019\u00e0 12 sorties analogiques et 24 sorties PWM analogiques.","robots":{"index":"index","follow":"follow","max-snippet":"max-snippet:-1","max-image-preview":"max-image-preview:large","max-video-preview":"max-video-preview:-1"},"canonical":"https:\/\/efa-controls.com\/de\/nos-solutions\/commandes\/les-radiocommandes\/gamme-dynamic\/add\/","og_locale":"de_DE","og_type":"article","og_title":"ADD - Gamme Dynamic - efa revendeur officiel AUTEC","og_description":"Unit\u00e9 de r\u00e9ception avec 16 entr\u00e9es analogiques int\u00e9gr\u00e9es, jusqu\u2019\u00e0 12 sorties analogiques et 24 sorties PWM analogiques.","og_url":"https:\/\/efa-controls.com\/de\/nos-solutions\/commandes\/les-radiocommandes\/gamme-dynamic\/add\/","og_site_name":"efa Controls","article_publisher":"https:\/\/www.facebook.com\/efaFranceSA\/","article_modified_time":"2024-09-10T09:51:12+00:00","twitter_card":"summary_large_image","twitter_site":"@efa_france","twitter_misc":{"Gesch\u00e4tzte Lesezeit":"1 minute"},"schema":{"@context":"https:\/\/schema.org","@graph":[{"@type":"WebPage","@id":"https:\/\/efa-controls.com\/de\/nos-solutions\/commandes\/les-radiocommandes\/gamme-dynamic\/add\/","url":"https:\/\/efa-controls.com\/de\/nos-solutions\/commandes\/les-radiocommandes\/gamme-dynamic\/add\/","name":"ADD - Gamme Dynamic - efa revendeur officiel AUTEC","isPartOf":{"@id":"https:\/\/efa-controls.com\/de\/#website"},"datePublished":"2024-08-08T10:58:26+00:00","dateModified":"2024-09-10T09:51:12+00:00","description":"Unit\u00e9 de r\u00e9ception avec 16 entr\u00e9es analogiques int\u00e9gr\u00e9es, jusqu\u2019\u00e0 12 sorties analogiques et 24 sorties PWM analogiques.","breadcrumb":{"@id":"https:\/\/efa-controls.com\/de\/nos-solutions\/commandes\/les-radiocommandes\/gamme-dynamic\/add\/#breadcrumb"},"inLanguage":"de-DE","potentialAction":[{"@type":"ReadAction","target":["https:\/\/efa-controls.com\/de\/nos-solutions\/commandes\/les-radiocommandes\/gamme-dynamic\/add\/"]}]},{"@type":"BreadcrumbList","@id":"https:\/\/efa-controls.com\/de\/nos-solutions\/commandes\/les-radiocommandes\/gamme-dynamic\/add\/#breadcrumb","itemListElement":[{"@type":"ListItem","position":1,"name":"Accueil-Home","item":"https:\/\/efa-controls.com\/de\/"},{"@type":"ListItem","position":2,"name":"Nos solutions","item":"https:\/\/efa-controls.com\/de\/nos-solutions\/"},{"@type":"ListItem","position":3,"name":"Commandes","item":"https:\/\/efa-controls.com\/de\/nos-solutions\/commandes\/"},{"@type":"ListItem","position":4,"name":"Les radiocommandes","item":"https:\/\/efa-controls.com\/de\/nos-solutions\/commandes\/les-radiocommandes\/"},{"@type":"ListItem","position":5,"name":"Gamme Dynamic","item":"https:\/\/efa-controls.com\/de\/nos-solutions\/commandes\/les-radiocommandes\/gamme-dynamic\/"},{"@type":"ListItem","position":6,"name":"ADD"}]},{"@type":"WebSite","@id":"https:\/\/efa-controls.com\/de\/#website","url":"https:\/\/efa-controls.com\/de\/","name":"efa Controls","description":"Bureau d&#039;\u00e9tude pour v\u00e9hicules industriels","publisher":{"@id":"https:\/\/efa-controls.com\/de\/#organization"},"potentialAction":[{"@type":"SearchAction","target":{"@type":"EntryPoint","urlTemplate":"https:\/\/efa-controls.com\/de\/?s={search_term_string}"},"query-input":{"@type":"PropertyValueSpecification","valueRequired":true,"valueName":"search_term_string"}}],"inLanguage":"de-DE"},{"@type":"Organization","@id":"https:\/\/efa-controls.com\/de\/#organization","name":"efa Controls","url":"https:\/\/efa-controls.com\/de\/","logo":{"@type":"ImageObject","inLanguage":"de-DE","@id":"https:\/\/efa-controls.com\/de\/#\/schema\/logo\/image\/","url":"https:\/\/efa-controls.com\/wp-content\/uploads\/2023\/05\/logo-bleu.png","contentUrl":"https:\/\/efa-controls.com\/wp-content\/uploads\/2023\/05\/logo-bleu.png","width":408,"height":288,"caption":"efa Controls"},"image":{"@id":"https:\/\/efa-controls.com\/de\/#\/schema\/logo\/image\/"},"sameAs":["https:\/\/www.facebook.com\/efaFranceSA\/","https:\/\/x.com\/efa_france","https:\/\/www.instagram.com\/efafrance\/","https:\/\/www.linkedin.com\/company\/efa-france","https:\/\/www.youtube.com\/user\/EFAControls"]}]}},"_links":{"self":[{"href":"https:\/\/efa-controls.com\/de\/wp-json\/wp\/v2\/pages\/27849","targetHints":{"allow":["GET"]}}],"collection":[{"href":"https:\/\/efa-controls.com\/de\/wp-json\/wp\/v2\/pages"}],"about":[{"href":"https:\/\/efa-controls.com\/de\/wp-json\/wp\/v2\/types\/page"}],"author":[{"embeddable":true,"href":"https:\/\/efa-controls.com\/de\/wp-json\/wp\/v2\/users\/15"}],"replies":[{"embeddable":true,"href":"https:\/\/efa-controls.com\/de\/wp-json\/wp\/v2\/comments?post=27849"}],"version-history":[{"count":6,"href":"https:\/\/efa-controls.com\/de\/wp-json\/wp\/v2\/pages\/27849\/revisions"}],"predecessor-version":[{"id":28151,"href":"https:\/\/efa-controls.com\/de\/wp-json\/wp\/v2\/pages\/27849\/revisions\/28151"}],"up":[{"embeddable":true,"href":"https:\/\/efa-controls.com\/de\/wp-json\/wp\/v2\/pages\/27696"}],"wp:attachment":[{"href":"https:\/\/efa-controls.com\/de\/wp-json\/wp\/v2\/media?parent=27849"}],"curies":[{"name":"wp","href":"https:\/\/api.w.org\/{rel}","templated":true}]}}