{"id":26613,"date":"2024-06-24T17:05:01","date_gmt":"2024-06-24T15:05:01","guid":{"rendered":"https:\/\/efa-controls.com\/?page_id=26613"},"modified":"2024-09-17T16:23:49","modified_gmt":"2024-09-17T14:23:49","slug":"autec-modulares-kws-funkset","status":"publish","type":"page","link":"https:\/\/efa-controls.com\/de\/funksteuerung\/autec-modulares-kws-funkset\/","title":{"rendered":"AUTEC modulares KWS-Funkset"},"content":{"rendered":"<p>[et_pb_section fb_built=&#8221;1&#8243; _builder_version=&#8221;4.27.0&#8243; _module_preset=&#8221;default&#8221; background_image=&#8221;https:\/\/efa-controls.com\/wp-content\/uploads\/2024\/09\/WEB-Sliders-Controle-Commande-KWS.png&#8221; custom_padding=&#8221;0px||0px||true|false&#8221; hover_enabled=&#8221;0&#8243; global_colors_info=&#8221;{}&#8221; alt=&#8221;WEB-Sliders-Controle-Commande-KWS&#8221; title_text=&#8221;WEB-Sliders-Controle-Commande-KWS&#8221; sticky_enabled=&#8221;0&#8243;][et_pb_row _builder_version=&#8221;4.17.4&#8243; _module_preset=&#8221;default&#8221; width=&#8221;100%&#8221; max_width=&#8221;2560px&#8221; global_colors_info=&#8221;{}&#8221;][et_pb_column type=&#8221;4_4&#8243; _builder_version=&#8221;4.17.4&#8243; _module_preset=&#8221;default&#8221; global_colors_info=&#8221;{}&#8221;][et_pb_text _builder_version=&#8221;4.25.2&#8243; _module_preset=&#8221;default&#8221; text_font=&#8221;||||||||&#8221; text_font_size=&#8221;77px&#8221; header_font_size=&#8221;70px&#8221; background_position=&#8221;top_center&#8221; background_blend=&#8221;overlay&#8221; custom_margin=&#8221;-25px||||false|false&#8221; custom_padding=&#8221;150px|123px|150px|123px|true|true&#8221; custom_padding_tablet=&#8221;150px|123px|150px|123px|true|true&#8221; custom_padding_phone=&#8221;150px|23px|150px|23px|true|true&#8221; custom_padding_last_edited=&#8221;on|phone&#8221; header_font_size_tablet=&#8221;70px&#8221; header_font_size_phone=&#8221;45px&#8221; header_font_size_last_edited=&#8221;on|phone&#8221; global_colors_info=&#8221;{}&#8221;]<\/p>\n<h1><span style=\"color: #000000;\"><strong>AUTEC Radio Kit<\/strong><\/span><\/h1>\n<h1><span style=\"color: #000000;\"><strong>modular KWS<\/strong><\/span><\/h1>\n<h1><span style=\"color: #000000;\"><strong><\/strong><\/span><span style=\"color: #333333;\"><strong><br \/><\/strong><\/span><\/h1>\n<p>[\/et_pb_text][\/et_pb_column][\/et_pb_row][\/et_pb_section][et_pb_section fb_built=&#8221;1&#8243; admin_label=&#8221;Section&#8221; _builder_version=&#8221;4.18.0&#8243; _module_preset=&#8221;default&#8221; background_color=&#8221;#FFFFFF&#8221; custom_margin=&#8221;0px||0px||true|false&#8221; global_colors_info=&#8221;{}&#8221;][et_pb_row _builder_version=&#8221;4.18.0&#8243; _module_preset=&#8221;default&#8221; custom_margin=&#8221;0px||0px||true|false&#8221; custom_padding=&#8221;0px||0px||true|false&#8221; global_colors_info=&#8221;{}&#8221;][et_pb_column type=&#8221;4_4&#8243; _builder_version=&#8221;4.17.4&#8243; _module_preset=&#8221;default&#8221; global_colors_info=&#8221;{}&#8221;][et_pb_icon font_icon=&#8221;&#xf103;||fa||900&#8243; icon_color=&#8221;#0C71C3&#8243; icon_width=&#8221;131px&#8221; disabled_on=&#8221;on|off|off&#8221; _builder_version=&#8221;4.19.0&#8243; _module_preset=&#8221;default&#8221; positioning=&#8221;relative&#8221; vertical_offset=&#8221;59px&#8221; custom_margin=&#8221;-120px||||false|false&#8221; animation_style=&#8221;bounce&#8221; animation_direction=&#8221;top&#8221; custom_css_icon_element=&#8221;opacity: 0.5;&#8221; global_colors_info=&#8221;{}&#8221;][\/et_pb_icon][\/et_pb_column][\/et_pb_row][\/et_pb_section][et_pb_section fb_built=&#8221;1&#8243; _builder_version=&#8221;4.19.0&#8243; _module_preset=&#8221;default&#8221; custom_padding=&#8221;||3px|||&#8221; global_colors_info=&#8221;{}&#8221;][et_pb_row _builder_version=&#8221;4.25.1&#8243; _module_preset=&#8221;default&#8221; global_colors_info=&#8221;{}&#8221;][et_pb_column type=&#8221;4_4&#8243; _builder_version=&#8221;4.25.1&#8243; _module_preset=&#8221;default&#8221; global_colors_info=&#8221;{}&#8221;][lwp_divi_breadcrumbs _builder_version=&#8221;4.19.0&#8243; _module_preset=&#8221;default&#8221; global_colors_info=&#8221;{}&#8221;][\/lwp_divi_breadcrumbs][et_pb_text _builder_version=&#8221;4.25.2&#8243; _module_preset=&#8221;default&#8221; header_text_color=&#8221;#555555&#8243; global_colors_info=&#8221;{}&#8221;]<\/p>\n<blockquote>\n<h2><span style=\"color: #555555;\"><strong> Was ist das AUTEC KWS Modular Kit?<\/strong><\/span><\/h2>\n<\/blockquote>\n<p>[\/et_pb_text][\/et_pb_column][\/et_pb_row][\/et_pb_section][et_pb_section fb_built=&#8221;1&#8243; _builder_version=&#8221;4.25.1&#8243; _module_preset=&#8221;default&#8221; background_color=&#8221;#efefef&#8221; min_height=&#8221;577.8px&#8221; custom_margin=&#8221;-51px||-51px||true|false&#8221; custom_padding=&#8221;48px||48px||true|false&#8221; top_divider_style=&#8221;mountains2&#8243; top_divider_color=&#8221;#FFFFFF&#8221; top_divider_height=&#8221;117px&#8221; bottom_divider_style=&#8221;mountains2&#8243; bottom_divider_color=&#8221;#FFFFFF&#8221; global_colors_info=&#8221;{}&#8221;][et_pb_row column_structure=&#8221;1_2,1_2&#8243; _builder_version=&#8221;4.25.1&#8243; _module_preset=&#8221;default&#8221; custom_margin=&#8221;9px||||false|false&#8221; custom_padding=&#8221;41px||||false|false&#8221; global_colors_info=&#8221;{}&#8221;][et_pb_column type=&#8221;1_2&#8243; _builder_version=&#8221;4.17.6&#8243; _module_preset=&#8221;default&#8221; global_colors_info=&#8221;{}&#8221;][et_pb_image src=&#8221;https:\/\/efa-controls.com\/wp-content\/uploads\/2024\/06\/KWS-Autec-principal-photo1-removebg-preview-246&#215;300.png&#8221; alt=&#8221;KWS Autec principal photo 1&#8243; title_text=&#8221;KWS-Autec-principal-photo1-removebg-preview&#8221; align=&#8221;center&#8221; _builder_version=&#8221;4.25.1&#8243; _module_preset=&#8221;default&#8221; custom_margin=&#8221;42px||||false|false&#8221; global_colors_info=&#8221;{}&#8221;][\/et_pb_image][\/et_pb_column][et_pb_column type=&#8221;1_2&#8243; _builder_version=&#8221;4.17.6&#8243; _module_preset=&#8221;default&#8221; global_colors_info=&#8221;{}&#8221;][et_pb_text _builder_version=&#8221;4.25.2&#8243; _module_preset=&#8221;default&#8221; module_alignment=&#8221;left&#8221; custom_padding=&#8221;25px||||false|false&#8221; global_colors_info=&#8221;{}&#8221;]<\/p>\n<p><strong>Das modulare Funk-Kit KWS wurde von AUTEC entwickelt, um sichere und zuverl\u00e4ssige drahtlose Verbindungen zu erm\u00f6glichen.<\/strong><\/p>\n<p>Es zeichnet sich durch ein einfaches Verfahren zur Zuordnung von Ein- und Ausg\u00e4ngen aus.<\/p>\n<p>In den meisten Installationen ist keine Programmierung erforderlich. <strong>Dank der FHSS-Technologie ist das KWS die ideale L\u00f6sung f\u00fcr zuverl\u00e4ssige Funkverbindungen in industriellen Umgebungen.<\/strong><\/p>\n<p>Das System besteht aus einem TWS (Funksender) und einem RWS (Funkempf\u00e4nger). Jedes TWS oder RWS enth\u00e4lt mindestens eine zentrale Verarbeitungseinheit (CPU-Modul), ein Stromversorgungsmodul und bei Bedarf einige Erweiterungsmodule, die zur Anpassung der Schnittstelle an das Maschinenprotokoll verwendet werden.<\/p>\n<p>[\/et_pb_text][\/et_pb_column][\/et_pb_row][\/et_pb_section][et_pb_section fb_built=&#8221;1&#8243; _builder_version=&#8221;4.18.0&#8243; _module_preset=&#8221;default&#8221; background_color=&#8221;#FFFFFF&#8221; custom_margin=&#8221;0px||0px||true|false&#8221; custom_padding=&#8221;0px||0px||true|false&#8221; global_colors_info=&#8221;{}&#8221;][et_pb_row _builder_version=&#8221;4.23.1&#8243; _module_preset=&#8221;default&#8221; global_colors_info=&#8221;{}&#8221;][et_pb_column type=&#8221;4_4&#8243; _builder_version=&#8221;4.23.1&#8243; _module_preset=&#8221;default&#8221; global_colors_info=&#8221;{}&#8221;][et_pb_text _builder_version=&#8221;4.25.1&#8243; _module_preset=&#8221;default&#8221; header_text_color=&#8221;#555555&#8243; global_colors_info=&#8221;{}&#8221;]<\/p>\n<blockquote>\n<h2><span style=\"color: #555555;\"><strong>Die St\u00e4rken des AUTEC KWS Modulbausatzes KWS<\/strong><\/span><\/h2>\n<\/blockquote>\n<p>[\/et_pb_text][dsm_icon_list icon_font_size=&#8221;20px&#8221; _builder_version=&#8221;4.25.2&#8243; _module_preset=&#8221;default&#8221; global_colors_info=&#8221;{}&#8221;][dsm_icon_list_child text=&#8221;Einfach zu implementieren: flexibel, erfordert in den meisten Situationen keine Programmierung&#8221; font_icon=&#8221;&#xf00c;||fa||900&#8243; icon_font_size=&#8221;20px&#8221; _builder_version=&#8221;4.25.2&#8243; _module_preset=&#8221;default&#8221; text_font=&#8221;|600|||||||&#8221; global_colors_info=&#8221;{}&#8221;][\/dsm_icon_list_child][dsm_icon_list_child text=&#8221;Vielseitig: Verf\u00fcgbarkeit von bis zu 42 digitalen Befehlen, 6 analogen Befehlen (0\/4-20 mA oder 0-10 V), Feldbussen (CANopen, Profibus DP, PROFINET, EtherCAT\u00ae und EtherNet \/ IP\u2122)&#8221; font_icon=&#8221;&#xf00c;||fa||900&#8243; _builder_version=&#8221;4.25.1&#8243; _module_preset=&#8221;default&#8221; text_font=&#8221;|600|||||||&#8221; custom_margin=&#8221;15px||||false|false&#8221; global_colors_info=&#8221;{}&#8221;][\/dsm_icon_list_child][dsm_icon_list_child text=&#8221;Modular: Gro\u00dfe Erweiterungsm\u00f6glichkeiten durch den modularen Aufbau, sodass die elektrischen Schnittstellen zur Maschine individuell angepasst werden k\u00f6nnen.&#8221; font_icon=&#8221;&#xf00c;||fa||900&#8243; _builder_version=&#8221;4.25.1&#8243; _module_preset=&#8221;default&#8221; text_font=&#8221;|600|||||||&#8221; text_line_height=&#8221;1.7em&#8221; custom_margin=&#8221;15px||||false|false&#8221; global_colors_info=&#8221;{}&#8221;][\/dsm_icon_list_child][dsm_icon_list_child text=&#8221;Sicher: Hohes Sicherheitsniveau bis PL d, Kat. 3 (EN ISO 13849-1), als Stopp- oder Not-Aus-Funktion&#8221; font_icon=&#8221;&#xf00c;||fa||900&#8243; _builder_version=&#8221;4.25.2&#8243; _module_preset=&#8221;default&#8221; text_font=&#8221;|600|||||||&#8221; text_font_size=&#8221;14px&#8221; custom_margin=&#8221;20px||||false|false&#8221; global_colors_info=&#8221;{}&#8221;][\/dsm_icon_list_child][\/dsm_icon_list][\/et_pb_column][\/et_pb_row][et_pb_row _builder_version=&#8221;4.25.1&#8243; _module_preset=&#8221;default&#8221; min_height=&#8221;105.6px&#8221; global_colors_info=&#8221;{}&#8221;][et_pb_column type=&#8221;4_4&#8243; _builder_version=&#8221;4.25.1&#8243; _module_preset=&#8221;default&#8221; global_colors_info=&#8221;{}&#8221;][et_pb_text _builder_version=&#8221;4.25.1&#8243; _module_preset=&#8221;default&#8221; header_text_color=&#8221;#555555&#8243; global_colors_info=&#8221;{}&#8221;]<\/p>\n<blockquote>\n<h2><span style=\"color: #555555;\"><strong>Eigenschaften des AUTEC KWS Modular Kit<\/strong><\/span><\/h2>\n<\/blockquote>\n<p>[\/et_pb_text][\/et_pb_column][\/et_pb_row][et_pb_row column_structure=&#8221;1_3,1_3,1_3&#8243; _builder_version=&#8221;4.25.1&#8243; _module_preset=&#8221;default&#8221; global_colors_info=&#8221;{}&#8221;][et_pb_column type=&#8221;1_3&#8243; _builder_version=&#8221;4.25.1&#8243; _module_preset=&#8221;default&#8221; global_colors_info=&#8221;{}&#8221;][et_pb_image src=&#8221;https:\/\/efa-controls.com\/wp-content\/uploads\/2024\/06\/KWS-Autec-detail-photo1.png&#8221; alt=&#8221;KWS Autec d\u00e9tail photo 1&#8243; title_text=&#8221;KWS-Autec-d\u00e9tail-photo1&#8243; _builder_version=&#8221;4.25.1&#8243; _module_preset=&#8221;default&#8221; custom_margin=&#8221;25px||||false|false&#8221; global_colors_info=&#8221;{}&#8221;][\/et_pb_image][\/et_pb_column][et_pb_column type=&#8221;1_3&#8243; _builder_version=&#8221;4.25.1&#8243; _module_preset=&#8221;default&#8221; global_colors_info=&#8221;{}&#8221;][et_pb_image src=&#8221;https:\/\/efa-controls.com\/wp-content\/uploads\/2024\/06\/KWS-Autec-detail-photo2.png&#8221; alt=&#8221;KWS Autec d\u00e9tail photo 2&#8243; title_text=&#8221;KWS-Autec-d\u00e9tail-photo2&#8243; _builder_version=&#8221;4.25.1&#8243; _module_preset=&#8221;default&#8221; custom_margin=&#8221;25px||||false|false&#8221; global_colors_info=&#8221;{}&#8221;][\/et_pb_image][\/et_pb_column][et_pb_column type=&#8221;1_3&#8243; _builder_version=&#8221;4.25.1&#8243; _module_preset=&#8221;default&#8221; global_colors_info=&#8221;{}&#8221;][et_pb_text _builder_version=&#8221;4.25.2&#8243; _module_preset=&#8221;default&#8221; global_colors_info=&#8221;{}&#8221;]<\/p>\n<ul>\n<li><strong>Hohe Zuverl\u00e4ssigkeit der Funkverbindung durch die Verwendung der FHSS-Funk\u00fcbertragung 870\/915 MHz<\/li>\n<li><strong>Typische Reichweite von 100 Metern<\/strong> (Innenumgebungen mit Hindernissen) und \u00fcber 200 Metern im freien Feld<\/li>\n<li><strong>Montage auf DIN-Schiene<\/strong> in der Schalttafel<\/li>\n<\/ul>\n<p>[\/et_pb_text][\/et_pb_column][\/et_pb_row][\/et_pb_section][et_pb_section fb_built=&#8221;1&#8243; _builder_version=&#8221;4.18.0&#8243; _module_preset=&#8221;default&#8221; custom_margin=&#8221;50px||50px||true|false&#8221; custom_margin_tablet=&#8221;||50px||false|false&#8221; custom_margin_phone=&#8221;0px||0px||true|false&#8221; custom_margin_last_edited=&#8221;on|phone&#8221; custom_padding=&#8221;20px||20px||true|false&#8221; global_colors_info=&#8221;{}&#8221;][et_pb_row _builder_version=&#8221;4.25.1&#8243; _module_preset=&#8221;default&#8221; background_color=&#8221;#EDF000&#8243; width=&#8221;100%&#8221; max_width=&#8221;2560px&#8221; module_alignment=&#8221;center&#8221; min_height=&#8221;152.8px&#8221; custom_margin=&#8221;|auto|42px|auto||&#8221; custom_padding=&#8221;39px||39px||true|false&#8221; link_option_url=&#8221;https:\/\/efa-controls.com\/de\/unsere-loesungen\/steuerungen\/funkfernsteuerungen\/&#8221; link_option_url_new_window=&#8221;on&#8221; global_colors_info=&#8221;{}&#8221;][et_pb_column type=&#8221;4_4&#8243; _builder_version=&#8221;4.17.6&#8243; _module_preset=&#8221;default&#8221; global_colors_info=&#8221;{}&#8221;][et_pb_text _builder_version=&#8221;4.24.2&#8243; _module_preset=&#8221;default&#8221; text_font=&#8221;Verdana|700|||||||&#8221; text_text_color=&#8221;#000000&#8243; text_font_size=&#8221;34px&#8221; header_text_color=&#8221;#FFFFFF&#8221; text_orientation=&#8221;center&#8221; custom_margin=&#8221;3px||16px||false|false&#8221; link_option_url=&#8221;https:\/\/efa-controls.com\/de\/unsere-loesungen\/steuerungen\/funkfernsteuerungen\/&#8221; text_font_size_tablet=&#8221;&#8221; text_font_size_phone=&#8221;20px&#8221; text_font_size_last_edited=&#8221;on|phone&#8221; global_colors_info=&#8221;{}&#8221;]<\/p>\n<p><strong>Klicken Sie hier, um alle Funkfernsteuerungen zu entdecken<br \/><\/strong><\/p>\n<p>[\/et_pb_text][et_pb_image src=&#8221;https:\/\/efa-controls.com\/wp-content\/uploads\/2024\/04\/AUTEC-logo-ss-fond-200&#215;46-1.png&#8221; alt=&#8221;Logo AUTEC &#8211; sans fond&#8221; title_text=&#8221;AUTEC-logo-ss-fond-200&#215;46&#8243; url=&#8221;https:\/\/efa-controls.com\/de\/unsere-loesungen\/steuerungen\/funkfernsteuerungen\/&#8221; align=&#8221;center&#8221; _builder_version=&#8221;4.24.2&#8243; _module_preset=&#8221;default&#8221; custom_margin=&#8221;0px||0px||false|false&#8221; custom_padding=&#8221;7px||0px||false|false&#8221; global_colors_info=&#8221;{}&#8221;][\/et_pb_image][\/et_pb_column][\/et_pb_row][\/et_pb_section]<\/p>\n","protected":false},"excerpt":{"rendered":"<p>AUTEC Radio Kit modular KWS <div class=\"et_pb_module lwp_divi_breadcrumbs lwp_divi_breadcrumbs_0\">\n\t\t\t\t\n\t\t\t\t\n\t\t\t\t\n\t\t\t\t\n\t\t\t\t\n\t\t\t\t\n\t\t\t\t<div class=\"et_pb_module_inner\">\n\t\t\t\t\t<div class=\"lwp-breadcrumbs\"> <span class=\"before\"><\/span> <span vocab=\"https:\/\/schema.org\/\" typeof=\"BreadcrumbList\"><span property=\"itemListElement\" typeof=\"ListItem\"><a property=\"item\" typeof=\"WebPage\" href=\"https:\/\/efa-controls.com\/de\/\" class=\"home\"><span property=\"name\">Home<\/span><\/a><meta property=\"position\" content=\"1\"><\/span> <span class=\"separator et-pb-icon\">9<\/span> <\/span><\/div>\n\t\t\t\t<\/div>\n\t\t\t<\/div> Was ist das AUTEC KWS Modular Kit? Das modulare Funk-Kit KWS wurde von AUTEC entwickelt, um sichere und zuverl\u00e4ssige drahtlose Verbindungen zu erm\u00f6glichen. Es zeichnet sich durch ein einfaches Verfahren zur Zuordnung von Ein- und Ausg\u00e4ngen aus. In den meisten Installationen ist keine Programmierung erforderlich. Dank [&hellip;]<\/p>\n","protected":false},"author":15,"featured_media":0,"parent":8289,"menu_order":0,"comment_status":"closed","ping_status":"closed","template":"","meta":{"_et_pb_use_builder":"on","_et_pb_old_content":"","_et_gb_content_width":"","_uf_show_specific_survey":0,"_uf_disable_surveys":false,"footnotes":""},"class_list":["post-26613","page","type-page","status-publish","hentry"],"yoast_head":"<!-- This site is optimized with the Yoast SEO plugin v27.4 - https:\/\/yoast.com\/product\/yoast-seo-wordpress\/ -->\n<title>AUTEC modulares KWS-Funkset - efa Controls<\/title>\n<meta name=\"robots\" content=\"index, follow, max-snippet:-1, max-image-preview:large, max-video-preview:-1\" \/>\n<link rel=\"canonical\" href=\"https:\/\/efa-controls.com\/de\/funksteuerung\/autec-modulares-kws-funkset\/\" \/>\n<meta property=\"og:locale\" content=\"de_DE\" \/>\n<meta property=\"og:type\" content=\"article\" \/>\n<meta property=\"og:title\" content=\"AUTEC modulares KWS-Funkset - efa Controls\" \/>\n<meta property=\"og:description\" content=\"AUTEC Radio Kit modular KWS Was ist das AUTEC KWS Modular Kit? Das modulare Funk-Kit KWS wurde von AUTEC entwickelt, um sichere und zuverl\u00e4ssige drahtlose Verbindungen zu erm\u00f6glichen. Es zeichnet sich durch ein einfaches Verfahren zur Zuordnung von Ein- und Ausg\u00e4ngen aus. In den meisten Installationen ist keine Programmierung erforderlich. Dank [&hellip;]\" \/>\n<meta property=\"og:url\" content=\"https:\/\/efa-controls.com\/de\/funksteuerung\/autec-modulares-kws-funkset\/\" \/>\n<meta property=\"og:site_name\" content=\"efa Controls\" \/>\n<meta property=\"article:publisher\" content=\"https:\/\/www.facebook.com\/efaFranceSA\/\" \/>\n<meta property=\"article:modified_time\" content=\"2024-09-17T14:23:49+00:00\" \/>\n<meta name=\"twitter:card\" content=\"summary_large_image\" \/>\n<meta name=\"twitter:site\" content=\"@efa_france\" \/>\n<meta name=\"twitter:label1\" content=\"Gesch\u00e4tzte Lesezeit\" \/>\n\t<meta name=\"twitter:data1\" content=\"2 minutes\" \/>\n<script type=\"application\/ld+json\" class=\"yoast-schema-graph\">{\"@context\":\"https:\\\/\\\/schema.org\",\"@graph\":[{\"@type\":\"WebPage\",\"@id\":\"https:\\\/\\\/efa-controls.com\\\/de\\\/funksteuerung\\\/autec-modulares-kws-funkset\\\/\",\"url\":\"https:\\\/\\\/efa-controls.com\\\/de\\\/funksteuerung\\\/autec-modulares-kws-funkset\\\/\",\"name\":\"AUTEC modulares KWS-Funkset - efa Controls\",\"isPartOf\":{\"@id\":\"https:\\\/\\\/efa-controls.com\\\/de\\\/#website\"},\"datePublished\":\"2024-06-24T15:05:01+00:00\",\"dateModified\":\"2024-09-17T14:23:49+00:00\",\"breadcrumb\":{\"@id\":\"https:\\\/\\\/efa-controls.com\\\/de\\\/funksteuerung\\\/autec-modulares-kws-funkset\\\/#breadcrumb\"},\"inLanguage\":\"de-DE\",\"potentialAction\":[{\"@type\":\"ReadAction\",\"target\":[\"https:\\\/\\\/efa-controls.com\\\/de\\\/funksteuerung\\\/autec-modulares-kws-funkset\\\/\"]}]},{\"@type\":\"BreadcrumbList\",\"@id\":\"https:\\\/\\\/efa-controls.com\\\/de\\\/funksteuerung\\\/autec-modulares-kws-funkset\\\/#breadcrumb\",\"itemListElement\":[{\"@type\":\"ListItem\",\"position\":1,\"name\":\"Accueil-Home\",\"item\":\"https:\\\/\\\/efa-controls.com\\\/de\\\/\"},{\"@type\":\"ListItem\",\"position\":2,\"name\":\"Funksteuerung\",\"item\":\"https:\\\/\\\/efa-controls.com\\\/de\\\/radiocommande\\\/\"},{\"@type\":\"ListItem\",\"position\":3,\"name\":\"AUTEC modulares KWS-Funkset\"}]},{\"@type\":\"WebSite\",\"@id\":\"https:\\\/\\\/efa-controls.com\\\/de\\\/#website\",\"url\":\"https:\\\/\\\/efa-controls.com\\\/de\\\/\",\"name\":\"efa Controls\",\"description\":\"Bureau d&#039;\u00e9tude pour v\u00e9hicules industriels\",\"publisher\":{\"@id\":\"https:\\\/\\\/efa-controls.com\\\/de\\\/#organization\"},\"potentialAction\":[{\"@type\":\"SearchAction\",\"target\":{\"@type\":\"EntryPoint\",\"urlTemplate\":\"https:\\\/\\\/efa-controls.com\\\/de\\\/?s={search_term_string}\"},\"query-input\":{\"@type\":\"PropertyValueSpecification\",\"valueRequired\":true,\"valueName\":\"search_term_string\"}}],\"inLanguage\":\"de-DE\"},{\"@type\":\"Organization\",\"@id\":\"https:\\\/\\\/efa-controls.com\\\/de\\\/#organization\",\"name\":\"efa Controls\",\"url\":\"https:\\\/\\\/efa-controls.com\\\/de\\\/\",\"logo\":{\"@type\":\"ImageObject\",\"inLanguage\":\"de-DE\",\"@id\":\"https:\\\/\\\/efa-controls.com\\\/de\\\/#\\\/schema\\\/logo\\\/image\\\/\",\"url\":\"https:\\\/\\\/efa-controls.com\\\/wp-content\\\/uploads\\\/2023\\\/05\\\/logo-bleu.png\",\"contentUrl\":\"https:\\\/\\\/efa-controls.com\\\/wp-content\\\/uploads\\\/2023\\\/05\\\/logo-bleu.png\",\"width\":408,\"height\":288,\"caption\":\"efa Controls\"},\"image\":{\"@id\":\"https:\\\/\\\/efa-controls.com\\\/de\\\/#\\\/schema\\\/logo\\\/image\\\/\"},\"sameAs\":[\"https:\\\/\\\/www.facebook.com\\\/efaFranceSA\\\/\",\"https:\\\/\\\/x.com\\\/efa_france\",\"https:\\\/\\\/www.instagram.com\\\/efafrance\\\/\",\"https:\\\/\\\/www.linkedin.com\\\/company\\\/efa-france\",\"https:\\\/\\\/www.youtube.com\\\/user\\\/EFAControls\"]}]}<\/script>\n<!-- \/ Yoast SEO plugin. -->","yoast_head_json":{"title":"AUTEC modulares KWS-Funkset - efa Controls","robots":{"index":"index","follow":"follow","max-snippet":"max-snippet:-1","max-image-preview":"max-image-preview:large","max-video-preview":"max-video-preview:-1"},"canonical":"https:\/\/efa-controls.com\/de\/funksteuerung\/autec-modulares-kws-funkset\/","og_locale":"de_DE","og_type":"article","og_title":"AUTEC modulares KWS-Funkset - efa Controls","og_description":"AUTEC Radio Kit modular KWS Was ist das AUTEC KWS Modular Kit? Das modulare Funk-Kit KWS wurde von AUTEC entwickelt, um sichere und zuverl\u00e4ssige drahtlose Verbindungen zu erm\u00f6glichen. Es zeichnet sich durch ein einfaches Verfahren zur Zuordnung von Ein- und Ausg\u00e4ngen aus. In den meisten Installationen ist keine Programmierung erforderlich. Dank [&hellip;]","og_url":"https:\/\/efa-controls.com\/de\/funksteuerung\/autec-modulares-kws-funkset\/","og_site_name":"efa Controls","article_publisher":"https:\/\/www.facebook.com\/efaFranceSA\/","article_modified_time":"2024-09-17T14:23:49+00:00","twitter_card":"summary_large_image","twitter_site":"@efa_france","twitter_misc":{"Gesch\u00e4tzte Lesezeit":"2 minutes"},"schema":{"@context":"https:\/\/schema.org","@graph":[{"@type":"WebPage","@id":"https:\/\/efa-controls.com\/de\/funksteuerung\/autec-modulares-kws-funkset\/","url":"https:\/\/efa-controls.com\/de\/funksteuerung\/autec-modulares-kws-funkset\/","name":"AUTEC modulares KWS-Funkset - efa Controls","isPartOf":{"@id":"https:\/\/efa-controls.com\/de\/#website"},"datePublished":"2024-06-24T15:05:01+00:00","dateModified":"2024-09-17T14:23:49+00:00","breadcrumb":{"@id":"https:\/\/efa-controls.com\/de\/funksteuerung\/autec-modulares-kws-funkset\/#breadcrumb"},"inLanguage":"de-DE","potentialAction":[{"@type":"ReadAction","target":["https:\/\/efa-controls.com\/de\/funksteuerung\/autec-modulares-kws-funkset\/"]}]},{"@type":"BreadcrumbList","@id":"https:\/\/efa-controls.com\/de\/funksteuerung\/autec-modulares-kws-funkset\/#breadcrumb","itemListElement":[{"@type":"ListItem","position":1,"name":"Accueil-Home","item":"https:\/\/efa-controls.com\/de\/"},{"@type":"ListItem","position":2,"name":"Funksteuerung","item":"https:\/\/efa-controls.com\/de\/radiocommande\/"},{"@type":"ListItem","position":3,"name":"AUTEC modulares KWS-Funkset"}]},{"@type":"WebSite","@id":"https:\/\/efa-controls.com\/de\/#website","url":"https:\/\/efa-controls.com\/de\/","name":"efa Controls","description":"Bureau d&#039;\u00e9tude pour v\u00e9hicules industriels","publisher":{"@id":"https:\/\/efa-controls.com\/de\/#organization"},"potentialAction":[{"@type":"SearchAction","target":{"@type":"EntryPoint","urlTemplate":"https:\/\/efa-controls.com\/de\/?s={search_term_string}"},"query-input":{"@type":"PropertyValueSpecification","valueRequired":true,"valueName":"search_term_string"}}],"inLanguage":"de-DE"},{"@type":"Organization","@id":"https:\/\/efa-controls.com\/de\/#organization","name":"efa Controls","url":"https:\/\/efa-controls.com\/de\/","logo":{"@type":"ImageObject","inLanguage":"de-DE","@id":"https:\/\/efa-controls.com\/de\/#\/schema\/logo\/image\/","url":"https:\/\/efa-controls.com\/wp-content\/uploads\/2023\/05\/logo-bleu.png","contentUrl":"https:\/\/efa-controls.com\/wp-content\/uploads\/2023\/05\/logo-bleu.png","width":408,"height":288,"caption":"efa Controls"},"image":{"@id":"https:\/\/efa-controls.com\/de\/#\/schema\/logo\/image\/"},"sameAs":["https:\/\/www.facebook.com\/efaFranceSA\/","https:\/\/x.com\/efa_france","https:\/\/www.instagram.com\/efafrance\/","https:\/\/www.linkedin.com\/company\/efa-france","https:\/\/www.youtube.com\/user\/EFAControls"]}]}},"_links":{"self":[{"href":"https:\/\/efa-controls.com\/de\/wp-json\/wp\/v2\/pages\/26613","targetHints":{"allow":["GET"]}}],"collection":[{"href":"https:\/\/efa-controls.com\/de\/wp-json\/wp\/v2\/pages"}],"about":[{"href":"https:\/\/efa-controls.com\/de\/wp-json\/wp\/v2\/types\/page"}],"author":[{"embeddable":true,"href":"https:\/\/efa-controls.com\/de\/wp-json\/wp\/v2\/users\/15"}],"replies":[{"embeddable":true,"href":"https:\/\/efa-controls.com\/de\/wp-json\/wp\/v2\/comments?post=26613"}],"version-history":[{"count":9,"href":"https:\/\/efa-controls.com\/de\/wp-json\/wp\/v2\/pages\/26613\/revisions"}],"predecessor-version":[{"id":28575,"href":"https:\/\/efa-controls.com\/de\/wp-json\/wp\/v2\/pages\/26613\/revisions\/28575"}],"up":[{"embeddable":true,"href":"https:\/\/efa-controls.com\/de\/wp-json\/wp\/v2\/pages\/8289"}],"wp:attachment":[{"href":"https:\/\/efa-controls.com\/de\/wp-json\/wp\/v2\/media?parent=26613"}],"curies":[{"name":"wp","href":"https:\/\/api.w.org\/{rel}","templated":true}]}}