{"id":21743,"date":"2023-03-23T10:32:59","date_gmt":"2023-03-23T09:32:59","guid":{"rendered":"https:\/\/test.efa-controls.com\/?page_id=21743"},"modified":"2025-12-29T11:51:39","modified_gmt":"2025-12-29T10:51:39","slug":"verteidigung","status":"publish","type":"page","link":"https:\/\/efa-controls.com\/de\/ihre-anwendungen\/verteidigung\/","title":{"rendered":"Verteidigung"},"content":{"rendered":"<p>[et_pb_section fb_built=&#8221;1&#8243; admin_label=&#8221;Section&#8221; _builder_version=&#8221;4.19.2&#8243; _module_preset=&#8221;default&#8221; background_enable_image=&#8221;off&#8221; custom_margin=&#8221;0px||0px||true|false&#8221; custom_padding=&#8221;0px||0px||true|false&#8221; global_colors_info=&#8221;{}&#8221;][et_pb_row admin_label=&#8221;Linie&#8221; _builder_version=&#8221;4.27.4&#8243; _module_preset=&#8221;default&#8221; background_image=&#8221;https:\/\/efa-controls.com\/wp-content\/uploads\/2025\/11\/tank-militaire-sur-le-terrain-contre-le-ciel-bd-scaled.jpg&#8221; width=&#8221;100%&#8221; max_width=&#8221;2560px&#8221; custom_margin=&#8221;0px||||false|false&#8221; global_colors_info=&#8221;{}&#8221;][et_pb_column type=&#8221;4_4&#8243; _builder_version=&#8221;4.19.0&#8243; _module_preset=&#8221;default&#8221; global_colors_info=&#8221;{}&#8221;][et_pb_text _builder_version=&#8221;4.18.0&#8243; _module_preset=&#8221;default&#8221; text_font_size=&#8221;77px&#8221; header_font=&#8221;Open Sans|700|||||||&#8221; header_text_align=&#8221;left&#8221; header_font_size=&#8221;70px&#8221; background_image=&#8221;https:\/\/efa-controls.com\/wp-content\/uploads\/2022\/07\/Fichier-3.png&#8221; parallax=&#8221;on&#8221; parallax_method=&#8221;off&#8221; background_blend=&#8221;overlay&#8221; custom_margin=&#8221;-25px||||false|false&#8221; custom_margin_tablet=&#8221;-25px||||false|false&#8221; custom_margin_phone=&#8221;-25px||||false|false&#8221; custom_margin_last_edited=&#8221;on|desktop&#8221; custom_padding=&#8221;150px|123px|150px|123px|true|true&#8221; custom_padding_tablet=&#8221;&#8221; custom_padding_phone=&#8221;|23px||23px|true|true&#8221; custom_padding_last_edited=&#8221;on|phone&#8221; header_font_size_tablet=&#8221;70px&#8221; header_font_size_phone=&#8221;45px&#8221; header_font_size_last_edited=&#8221;on|desktop&#8221; text_text_shadow_style=&#8221;preset3&#8243; text_text_shadow_blur_strength=&#8221;0.25em&#8221; global_colors_info=&#8221;{}&#8221;]<\/p>\n<h1><span style=\"color: #ffffff;\"><strong>Verteidigung<\/strong><\/span><span style=\"color: #333333;\"><strong><br \/><\/strong><\/span><\/h1>\n<p>[\/et_pb_text][et_pb_icon font_icon=&#8221;&#xf103;||fa||900&#8243; icon_color=&#8221;#0C71C3&#8243; icon_width=&#8221;131px&#8221; disabled_on=&#8221;on|off|off&#8221; _builder_version=&#8221;4.19.1&#8243; _module_preset=&#8221;default&#8221; positioning=&#8221;relative&#8221; vertical_offset=&#8221;59px&#8221; custom_margin=&#8221;-120px||||false|false&#8221; animation_style=&#8221;bounce&#8221; animation_direction=&#8221;top&#8221; custom_css_icon_element=&#8221;opacity: 0.5;&#8221; global_colors_info=&#8221;{}&#8221;][\/et_pb_icon][\/et_pb_column][\/et_pb_row][et_pb_row _builder_version=&#8221;4.19.2&#8243; _module_preset=&#8221;default&#8221; global_colors_info=&#8221;{}&#8221;][et_pb_column type=&#8221;4_4&#8243; _builder_version=&#8221;4.19.2&#8243; _module_preset=&#8221;default&#8221; global_colors_info=&#8221;{}&#8221;][lwp_divi_breadcrumbs _builder_version=&#8221;4.19.2&#8243; _module_preset=&#8221;default&#8221; global_colors_info=&#8221;{}&#8221;][\/lwp_divi_breadcrumbs][et_pb_text _builder_version=&#8221;4.19.2&#8243; _module_preset=&#8221;default&#8221; header_text_color=&#8221;#555555&#8243; global_colors_info=&#8221;{}&#8221;]<\/p>\n<blockquote>\n<h2><span style=\"color: #555555;\"><strong>efa<\/strong> <strong>r\u00fcstet Ihre Maschinen aus<br \/><\/strong><\/span><\/h2>\n<\/blockquote>\n<p>[\/et_pb_text][et_pb_text _builder_version=&#8221;4.27.5&#8243; _module_preset=&#8221;default&#8221; global_colors_info=&#8221;{}&#8221;]<\/p>\n<p>Unsere Produkte, die f\u00fcr ihre Robustheit und Zuverl\u00e4ssigkeit bekannt sind, k\u00f6nnen in Landfahrzeuge, Drohnen, taktische Roboter oder \u00dcberwachungssysteme integriert werden. Ihr modularer Aufbau erm\u00f6glicht eine schnelle Anpassung an anspruchsvolle Umgebungen.<\/p>\n<p>Unsere L\u00f6sungen decken den gesamten Antriebsstrang, die <strong><a href=\"https:\/\/efa-controls.com\/de\/unsere-loesungen\/steuerungen\/funkfernsteuerungen\/\">Funksteuerung<\/a><\/strong> und die <a href=\"https:\/\/efa-controls.com\/de\/unsere-loesungen\/steuerungen\/teleoperation\/\"><strong>Fernsteuerung<\/strong><\/a> durch Teleoperation und <strong><a href=\"https:\/\/efa-controls.com\/de\/unsere-loesungen\/erkennung-navigation\/autonome-navigation\/\">autonome Navigation<\/a><\/strong> ab.<\/p>\n<p>[\/et_pb_text][\/et_pb_column][\/et_pb_row][\/et_pb_section][et_pb_section fb_built=&#8221;1&#8243; _builder_version=&#8221;4.18.0&#8243; _module_preset=&#8221;default&#8221; background_color=&#8221;#FFFFFF&#8221; top_divider_style=&#8221;mountains2&#8243; top_divider_color=&#8221;#FFFFFF&#8221; bottom_divider_style=&#8221;mountains2&#8243; bottom_divider_color=&#8221;#FFFFFF&#8221; global_colors_info=&#8221;{}&#8221;][et_pb_row _builder_version=&#8221;4.18.0&#8243; _module_preset=&#8221;default&#8221; global_colors_info=&#8221;{}&#8221;][et_pb_column type=&#8221;4_4&#8243; _builder_version=&#8221;4.18.0&#8243; _module_preset=&#8221;default&#8221; global_colors_info=&#8221;{}&#8221;][dsm_perspective_image _builder_version=&#8221;4.18.0&#8243; _module_preset=&#8221;default&#8221; global_colors_info=&#8221;{}&#8221;][\/dsm_perspective_image][dsm_perspective_image src=&#8221;https:\/\/efa-controls.com\/wp-content\/uploads\/2025\/12\/Applications-Defense-DE.jpg&#8221; alt=&#8221;sch\u00e9ma d&#8217;une balayeuse&#8221; title_text=&#8221;Applications-Defense-DE&#8221; align=&#8221;center&#8221; _builder_version=&#8221;4.27.5&#8243; _module_preset=&#8221;default&#8221; background_color=&#8221;#FFFFFF&#8221; width=&#8221;99%&#8221; global_colors_info=&#8221;{}&#8221;][\/dsm_perspective_image][\/et_pb_column][\/et_pb_row][et_pb_row column_structure=&#8221;1_2,1_2&#8243; _builder_version=&#8221;4.18.0&#8243; _module_preset=&#8221;default&#8221; global_colors_info=&#8221;{}&#8221;][et_pb_column type=&#8221;1_2&#8243; _builder_version=&#8221;4.18.0&#8243; _module_preset=&#8221;default&#8221; global_colors_info=&#8221;{}&#8221;][et_pb_accordion toggle_icon=&#8221;&#x43;||divi||400&#8243; icon_color=&#8221;#f9b741&#8243; use_icon_font_size=&#8221;on&#8221; icon_font_size=&#8221;22px&#8221; _builder_version=&#8221;4.27.5&#8243; _module_preset=&#8221;default&#8221; toggle_font_size=&#8221;19px&#8221; background_color=&#8221;#1f68b1&#8243; module_alignment=&#8221;left&#8221; hover_enabled=&#8221;0&#8243; border_color_all=&#8221;RGBA(255,255,255,0)&#8221; box_shadow_style=&#8221;preset2&#8243; global_colors_info=&#8221;{}&#8221; sticky_enabled=&#8221;0&#8243;][et_pb_accordion_item title=&#8221;Autonome Navigation&#8221; _builder_version=&#8221;4.27.5&#8243; _module_preset=&#8221;default&#8221; global_colors_info=&#8221;{}&#8221; open=&#8221;on&#8221;]<\/p>\n<blockquote><p><a href=\"https:\/\/efa-controls.com\/de\/unsere-loesungen\/erkennung-navigation\/autonome-navigation\/\">Zur Seite <strong>\u2018Autonome Navigation\u2019<\/strong><\/a><\/p><\/blockquote>\n<p>Ben\u00f6tigen Sie einen Kostenvoranschlag?\u00a0\u00a0<a href=\"https:\/\/efa-controls.com\/de\/kontakt\/\">Kontaktieren Sie uns!<\/a>[\/et_pb_accordion_item][et_pb_accordion_item title=&#8221;Begrenzungsleuchten&#8221; _builder_version=&#8221;4.27.5&#8243; _module_preset=&#8221;default&#8221; global_colors_info=&#8221;{}&#8221; open=&#8221;off&#8221;]<\/p>\n<ul>\n<li><a href=\"https:\/\/efa24.fr\/search?sSearch=feux+de+gabarit\">Begrenzungsleuchten<\/a><\/li>\n<\/ul>\n<p>[\/et_pb_accordion_item][et_pb_accordion_item title=&#8221;BroadRReach Kamera&#8221; _builder_version=&#8221;4.27.4&#8243; _module_preset=&#8221;default&#8221; global_colors_info=&#8221;{}&#8221; open=&#8221;off&#8221;]<\/p>\n<p>Ben\u00f6tigen Sie einen Kostenvoranschlag?\u00a0\u00a0<a href=\"https:\/\/efa-controls.com\/de\/kontakt\/\">Kontaktieren Sie uns!<\/a><\/p>\n<p>[\/et_pb_accordion_item][et_pb_accordion_item title=&#8221;Dokumentennetz\/Dokumentenbox&#8221; _builder_version=&#8221;4.27.4&#8243; _module_preset=&#8221;default&#8221; global_colors_info=&#8221;{}&#8221; open=&#8221;off&#8221;]<\/p>\n<ul>\n<li><a href=\"https:\/\/efa24.fr\/securite-et-accessoires\/accessoires-vehicules\/boites-a-documents\/?p=1\">Dokumentenbox\/-netz und deren Zubeh\u00f6r<\/a><\/li>\n<\/ul>\n<p>[\/et_pb_accordion_item][et_pb_accordion_item title=&#8221;DC-Antriebe&#8221; _builder_version=&#8221;4.27.5&#8243; _module_preset=&#8221;default&#8221; hover_enabled=&#8221;0&#8243; global_colors_info=&#8221;{}&#8221; open=&#8221;off&#8221; sticky_enabled=&#8221;0&#8243;]<\/p>\n<blockquote>\n<p><a href=\"https:\/\/efa-controls.com\/de\/unsere-loesungen\/elektrifizierung\/motorcontrollern\/\">Zur Seite<strong> &#8216;Motorcontrollern&#8217;<\/strong><\/a><\/p>\n<\/blockquote>\n<p>Ben\u00f6tigen Sie einen Kostenvoranschlag?\u00a0\u00a0<a href=\"https:\/\/efa-controls.com\/de\/kontakt\/\">Kontaktieren Sie uns!<\/a>\u00a0<\/p>\n<p>[\/et_pb_accordion_item][et_pb_accordion_item title=&#8221;Elektromotoren&#8221; _builder_version=&#8221;4.27.4&#8243; _module_preset=&#8221;default&#8221; global_colors_info=&#8221;{}&#8221; open=&#8221;off&#8221;]<\/p>\n<p>Ben\u00f6tigen Sie einen Kostenvoranschlag?\u00a0\u00a0<a href=\"https:\/\/efa-controls.com\/de\/kontakt\/\">Kontaktieren Sie uns!<\/a><\/p>\n<p>[\/et_pb_accordion_item][\/et_pb_accordion][\/et_pb_column][et_pb_column type=&#8221;1_2&#8243; _builder_version=&#8221;4.18.0&#8243; _module_preset=&#8221;default&#8221; global_colors_info=&#8221;{}&#8221;][et_pb_accordion toggle_icon=&#8221;&#x43;||divi||400&#8243; icon_color=&#8221;#f9b741&#8243; use_icon_font_size=&#8221;on&#8221; icon_font_size=&#8221;22px&#8221; _builder_version=&#8221;4.27.5&#8243; _module_preset=&#8221;default&#8221; toggle_font_size=&#8221;19px&#8221; background_color=&#8221;#1f68b1&#8243; module_alignment=&#8221;left&#8221; border_color_all=&#8221;RGBA(255,255,255,0)&#8221; box_shadow_style=&#8221;preset2&#8243; global_colors_info=&#8221;{}&#8221;][et_pb_accordion_item title=&#8221;Elektrifizierung&#8221; _builder_version=&#8221;4.27.4&#8243; _module_preset=&#8221;default&#8221; global_colors_info=&#8221;{}&#8221; open=&#8221;on&#8221;]<\/p>\n<blockquote>\n<p><a href=\"https:\/\/efa-controls.com\/de\/unsere-loesungen\/elektrifizierung\/\">Zur Seite\u00a0<strong>\u2018Elektrifizierung\u2019<\/strong><\/a><\/p>\n<\/blockquote>\n<p><\/p>\n<p>Ben\u00f6tigen Sie einen Kostenvoranschlag?\u00a0\u00a0<a href=\"https:\/\/efa-controls.com\/de\/kontakt\/\">Kontaktieren Sie uns!<\/a><\/p>\n<p>[\/et_pb_accordion_item][et_pb_accordion_item title=&#8221;Funkfernsteueurungen&#8221; _builder_version=&#8221;4.27.4&#8243; _module_preset=&#8221;default&#8221; global_colors_info=&#8221;{}&#8221; open=&#8221;off&#8221;]<\/p>\n<blockquote>\n<p><a href=\"https:\/\/efa-controls.com\/de\/unsere-loesungen\/steuerungen\/funkfernsteuerungen\/\">Zur Seite<strong>\u00a0\u2018Funkfernsteueurungen\u2019<\/strong><\/a><\/p>\n<\/blockquote>\n<p><\/p>\n<p>Ben\u00f6tigen Sie einen Kostenvoranschlag?\u00a0 <a href=\"https:\/\/efa-controls.com\/de\/kontakt\/\">Kontaktieren Sie uns!<\/a><\/p>\n<p>[\/et_pb_accordion_item][et_pb_accordion_item title=&#8221;Joysticks&#8221; _builder_version=&#8221;4.27.5&#8243; _module_preset=&#8221;default&#8221; global_colors_info=&#8221;{}&#8221; open=&#8221;off&#8221;]<\/p>\n<blockquote><p><a href=\"https:\/\/efa-controls.com\/de\/unsere-loesungen\/steuerungen\/joysticks\/\">Zur Seite<strong> \u2018Joysticks\u2019<\/strong><\/a><\/p><\/blockquote>\n<p>Ben\u00f6tigen Sie einen Kostenvoranschlag?\u00a0\u00a0<a href=\"https:\/\/efa-controls.com\/de\/kontakt\/\">Kontaktieren Sie uns!<\/a>[\/et_pb_accordion_item][et_pb_accordion_item title=&#8221;Kamera \/ R\u00fcckfahrradar&#8221; _builder_version=&#8221;4.27.5&#8243; _module_preset=&#8221;default&#8221; global_colors_info=&#8221;{}&#8221; open=&#8221;off&#8221;]<\/p>\n<blockquote><p><a href=\"https:\/\/efa-controls.com\/de\/unsere-loesungen\/erkennung-navigation\/antikollision\/\">Zur Seite\u00a0<strong>\u2018Antikollision\u2019<\/strong><\/a><\/p><\/blockquote>\n<ul>\n<li><a href=\"https:\/\/efa-controls.com\/de\/unsere-loesungen\/erkennung-navigation\/antikollision\/antikollisionskamera-2dkit\/\">Antikollisionskamera 2DKIT<\/a><\/li>\n<li><a href=\"https:\/\/efa-controls.com\/de\/unsere-loesungen\/erkennung-navigation\/antikollision\/ahd-kamera\/\">AHD-Kamera ohne Erkennung<\/a><\/li>\n<\/ul>\n<p>[\/et_pb_accordion_item][et_pb_accordion_item title=&#8221;Griffe und Scharniere&#8221; open=&#8221;off&#8221; _builder_version=&#8221;4.27.4&#8243; _module_preset=&#8221;default&#8221; global_colors_info=&#8221;{}&#8221;]<\/p>\n<p>Ben\u00f6tigen Sie einen Kostenvoranschlag?\u00a0\u00a0<a href=\"https:\/\/efa-controls.com\/de\/kontakt\/\">Kontaktieren Sie uns!<\/a><\/p>\n<p>[\/et_pb_accordion_item][et_pb_accordion_item title=&#8221;Robotik&#8221; open=&#8221;off&#8221; _builder_version=&#8221;4.27.5&#8243; _module_preset=&#8221;default&#8221; global_colors_info=&#8221;{}&#8221;]<\/p>\n<blockquote><p><a href=\"https:\/\/efa-controls.com\/de\/unsere-loesungen\/steuerungen\/human-machine-interface\/automatisierung\/\">Zur Seite<strong> &#8216;Automatisierung&#8217;<\/strong><\/a><\/p><\/blockquote>\n<p>Ben\u00f6tigen Sie einen Kostenvoranschlag?\u00a0\u00a0<a href=\"https:\/\/efa-controls.com\/de\/kontakt\/\">Kontaktieren Sie uns!<\/a>[\/et_pb_accordion_item][et_pb_accordion_item title=&#8221;Teleoperation&#8221; _builder_version=&#8221;4.27.4&#8243; _module_preset=&#8221;default&#8221; global_colors_info=&#8221;{}&#8221; open=&#8221;off&#8221;]<\/p>\n<blockquote>\n<p><a href=\"https:\/\/efa-controls.com\/de\/unsere-loesungen\/steuerungen\/teleoperation\/\">Zur Seite\u00a0<strong>\u2018Teleoperation\u2019<\/strong><\/a><\/p>\n<\/blockquote>\n<p><\/p>\n<p>Ben\u00f6tigen Sie einen Kostenvoranschlag?\u00a0\u00a0<a href=\"https:\/\/efa-controls.com\/de\/kontakt\/\">Kontaktieren Sie uns!<\/a><\/p>\n<p><\/p>\n<p>&nbsp;<\/p>\n<p>[\/et_pb_accordion_item][\/et_pb_accordion][\/et_pb_column][\/et_pb_row][\/et_pb_section]<\/p>\n","protected":false},"excerpt":{"rendered":"<p>Verteidigung<div class=\"et_pb_module lwp_divi_breadcrumbs lwp_divi_breadcrumbs_0\">\n\t\t\t\t\n\t\t\t\t\n\t\t\t\t\n\t\t\t\t\n\t\t\t\t\n\t\t\t\t\n\t\t\t\t<div class=\"et_pb_module_inner\">\n\t\t\t\t\t<div class=\"lwp-breadcrumbs\"> <span class=\"before\"><\/span> <span vocab=\"https:\/\/schema.org\/\" typeof=\"BreadcrumbList\"><span property=\"itemListElement\" typeof=\"ListItem\"><a property=\"item\" typeof=\"WebPage\" href=\"https:\/\/efa-controls.com\/de\/\" class=\"home\"><span property=\"name\">Home<\/span><\/a><meta property=\"position\" content=\"1\"><\/span> <span class=\"separator et-pb-icon\">9<\/span> <\/span><\/div>\n\t\t\t\t<\/div>\n\t\t\t<\/div> efa r\u00fcstet Ihre Maschinen aus Unsere Produkte, die f\u00fcr ihre Robustheit und Zuverl\u00e4ssigkeit bekannt sind, k\u00f6nnen in Landfahrzeuge, Drohnen, taktische Roboter oder \u00dcberwachungssysteme integriert werden. Ihr modularer Aufbau erm\u00f6glicht eine schnelle Anpassung an anspruchsvolle Umgebungen. Unsere L\u00f6sungen decken den gesamten Antriebsstrang, die Funksteuerung und die Fernsteuerung durch Teleoperation und autonome Navigation [&hellip;]<\/p>\n","protected":false},"author":11,"featured_media":21754,"parent":21522,"menu_order":0,"comment_status":"closed","ping_status":"closed","template":"","meta":{"_et_pb_use_builder":"on","_et_pb_old_content":"","_et_gb_content_width":"","_uf_show_specific_survey":0,"_uf_disable_surveys":false,"footnotes":""},"class_list":["post-21743","page","type-page","status-publish","has-post-thumbnail","hentry"],"yoast_head":"<!-- This site is optimized with the Yoast SEO plugin v27.4 - https:\/\/yoast.com\/product\/yoast-seo-wordpress\/ -->\n<title>Elektrische Antriebe, Gleichstromregler, Beleuchtung \u2013 statten Sie Ihre Maschinen aus!<\/title>\n<meta name=\"robots\" content=\"index, follow, max-snippet:-1, max-image-preview:large, max-video-preview:-1\" \/>\n<link rel=\"canonical\" href=\"https:\/\/efa-controls.com\/de\/ihre-anwendungen\/verteidigung\/\" \/>\n<meta property=\"og:locale\" content=\"de_DE\" \/>\n<meta property=\"og:type\" content=\"article\" \/>\n<meta property=\"og:title\" content=\"Elektrische Antriebe, Gleichstromregler, Beleuchtung \u2013 statten Sie Ihre Maschinen aus!\" \/>\n<meta property=\"og:description\" content=\"Verteidigung efa r\u00fcstet Ihre Maschinen aus Unsere Produkte, die f\u00fcr ihre Robustheit und Zuverl\u00e4ssigkeit bekannt sind, k\u00f6nnen in Landfahrzeuge, Drohnen, taktische Roboter oder \u00dcberwachungssysteme integriert werden. Ihr modularer Aufbau erm\u00f6glicht eine schnelle Anpassung an anspruchsvolle Umgebungen. Unsere L\u00f6sungen decken den gesamten Antriebsstrang, die Funksteuerung und die Fernsteuerung durch Teleoperation und autonome Navigation [&hellip;]\" \/>\n<meta property=\"og:url\" content=\"https:\/\/efa-controls.com\/de\/ihre-anwendungen\/verteidigung\/\" \/>\n<meta property=\"og:site_name\" content=\"efa Controls\" \/>\n<meta property=\"article:publisher\" content=\"https:\/\/www.facebook.com\/efaFranceSA\/\" \/>\n<meta property=\"article:modified_time\" content=\"2025-12-29T10:51:39+00:00\" \/>\n<meta property=\"og:image\" content=\"https:\/\/efa-controls.com\/wp-content\/uploads\/2023\/03\/defense_de.png\" \/>\n\t<meta property=\"og:image:width\" content=\"1250\" \/>\n\t<meta property=\"og:image:height\" content=\"553\" \/>\n\t<meta property=\"og:image:type\" content=\"image\/png\" \/>\n<meta name=\"twitter:card\" content=\"summary_large_image\" \/>\n<meta name=\"twitter:site\" content=\"@efa_france\" \/>\n<meta name=\"twitter:label1\" content=\"Gesch\u00e4tzte Lesezeit\" \/>\n\t<meta name=\"twitter:data1\" content=\"2 minutes\" \/>\n<script type=\"application\/ld+json\" class=\"yoast-schema-graph\">{\"@context\":\"https:\\\/\\\/schema.org\",\"@graph\":[{\"@type\":\"WebPage\",\"@id\":\"https:\\\/\\\/efa-controls.com\\\/de\\\/ihre-anwendungen\\\/verteidigung\\\/\",\"url\":\"https:\\\/\\\/efa-controls.com\\\/de\\\/ihre-anwendungen\\\/verteidigung\\\/\",\"name\":\"Elektrische Antriebe, Gleichstromregler, Beleuchtung \u2013 statten Sie Ihre Maschinen aus!\",\"isPartOf\":{\"@id\":\"https:\\\/\\\/efa-controls.com\\\/de\\\/#website\"},\"primaryImageOfPage\":{\"@id\":\"https:\\\/\\\/efa-controls.com\\\/de\\\/ihre-anwendungen\\\/verteidigung\\\/#primaryimage\"},\"image\":{\"@id\":\"https:\\\/\\\/efa-controls.com\\\/de\\\/ihre-anwendungen\\\/verteidigung\\\/#primaryimage\"},\"thumbnailUrl\":\"https:\\\/\\\/efa-controls.com\\\/wp-content\\\/uploads\\\/2023\\\/03\\\/defense_de.png\",\"datePublished\":\"2023-03-23T09:32:59+00:00\",\"dateModified\":\"2025-12-29T10:51:39+00:00\",\"breadcrumb\":{\"@id\":\"https:\\\/\\\/efa-controls.com\\\/de\\\/ihre-anwendungen\\\/verteidigung\\\/#breadcrumb\"},\"inLanguage\":\"de-DE\",\"potentialAction\":[{\"@type\":\"ReadAction\",\"target\":[\"https:\\\/\\\/efa-controls.com\\\/de\\\/ihre-anwendungen\\\/verteidigung\\\/\"]}]},{\"@type\":\"ImageObject\",\"inLanguage\":\"de-DE\",\"@id\":\"https:\\\/\\\/efa-controls.com\\\/de\\\/ihre-anwendungen\\\/verteidigung\\\/#primaryimage\",\"url\":\"https:\\\/\\\/efa-controls.com\\\/wp-content\\\/uploads\\\/2023\\\/03\\\/defense_de.png\",\"contentUrl\":\"https:\\\/\\\/efa-controls.com\\\/wp-content\\\/uploads\\\/2023\\\/03\\\/defense_de.png\",\"width\":1250,\"height\":553},{\"@type\":\"BreadcrumbList\",\"@id\":\"https:\\\/\\\/efa-controls.com\\\/de\\\/ihre-anwendungen\\\/verteidigung\\\/#breadcrumb\",\"itemListElement\":[{\"@type\":\"ListItem\",\"position\":1,\"name\":\"Accueil-Home\",\"item\":\"https:\\\/\\\/efa-controls.com\\\/de\\\/\"},{\"@type\":\"ListItem\",\"position\":2,\"name\":\"Ihre Anwendungen\",\"item\":\"https:\\\/\\\/efa-controls.com\\\/de\\\/ihre-anwendungen\\\/\"},{\"@type\":\"ListItem\",\"position\":3,\"name\":\"Verteidigung\"}]},{\"@type\":\"WebSite\",\"@id\":\"https:\\\/\\\/efa-controls.com\\\/de\\\/#website\",\"url\":\"https:\\\/\\\/efa-controls.com\\\/de\\\/\",\"name\":\"efa Controls\",\"description\":\"Bureau d&#039;\u00e9tude pour v\u00e9hicules industriels\",\"publisher\":{\"@id\":\"https:\\\/\\\/efa-controls.com\\\/de\\\/#organization\"},\"potentialAction\":[{\"@type\":\"SearchAction\",\"target\":{\"@type\":\"EntryPoint\",\"urlTemplate\":\"https:\\\/\\\/efa-controls.com\\\/de\\\/?s={search_term_string}\"},\"query-input\":{\"@type\":\"PropertyValueSpecification\",\"valueRequired\":true,\"valueName\":\"search_term_string\"}}],\"inLanguage\":\"de-DE\"},{\"@type\":\"Organization\",\"@id\":\"https:\\\/\\\/efa-controls.com\\\/de\\\/#organization\",\"name\":\"efa Controls\",\"url\":\"https:\\\/\\\/efa-controls.com\\\/de\\\/\",\"logo\":{\"@type\":\"ImageObject\",\"inLanguage\":\"de-DE\",\"@id\":\"https:\\\/\\\/efa-controls.com\\\/de\\\/#\\\/schema\\\/logo\\\/image\\\/\",\"url\":\"https:\\\/\\\/efa-controls.com\\\/wp-content\\\/uploads\\\/2023\\\/05\\\/logo-bleu.png\",\"contentUrl\":\"https:\\\/\\\/efa-controls.com\\\/wp-content\\\/uploads\\\/2023\\\/05\\\/logo-bleu.png\",\"width\":408,\"height\":288,\"caption\":\"efa Controls\"},\"image\":{\"@id\":\"https:\\\/\\\/efa-controls.com\\\/de\\\/#\\\/schema\\\/logo\\\/image\\\/\"},\"sameAs\":[\"https:\\\/\\\/www.facebook.com\\\/efaFranceSA\\\/\",\"https:\\\/\\\/x.com\\\/efa_france\",\"https:\\\/\\\/www.instagram.com\\\/efafrance\\\/\",\"https:\\\/\\\/www.linkedin.com\\\/company\\\/efa-france\",\"https:\\\/\\\/www.youtube.com\\\/user\\\/EFAControls\"]}]}<\/script>\n<!-- \/ Yoast SEO plugin. -->","yoast_head_json":{"title":"Elektrische Antriebe, Gleichstromregler, Beleuchtung \u2013 statten Sie Ihre Maschinen aus!","robots":{"index":"index","follow":"follow","max-snippet":"max-snippet:-1","max-image-preview":"max-image-preview:large","max-video-preview":"max-video-preview:-1"},"canonical":"https:\/\/efa-controls.com\/de\/ihre-anwendungen\/verteidigung\/","og_locale":"de_DE","og_type":"article","og_title":"Elektrische Antriebe, Gleichstromregler, Beleuchtung \u2013 statten Sie Ihre Maschinen aus!","og_description":"Verteidigung efa r\u00fcstet Ihre Maschinen aus Unsere Produkte, die f\u00fcr ihre Robustheit und Zuverl\u00e4ssigkeit bekannt sind, k\u00f6nnen in Landfahrzeuge, Drohnen, taktische Roboter oder \u00dcberwachungssysteme integriert werden. Ihr modularer Aufbau erm\u00f6glicht eine schnelle Anpassung an anspruchsvolle Umgebungen. Unsere L\u00f6sungen decken den gesamten Antriebsstrang, die Funksteuerung und die Fernsteuerung durch Teleoperation und autonome Navigation [&hellip;]","og_url":"https:\/\/efa-controls.com\/de\/ihre-anwendungen\/verteidigung\/","og_site_name":"efa Controls","article_publisher":"https:\/\/www.facebook.com\/efaFranceSA\/","article_modified_time":"2025-12-29T10:51:39+00:00","og_image":[{"width":1250,"height":553,"url":"https:\/\/efa-controls.com\/wp-content\/uploads\/2023\/03\/defense_de.png","type":"image\/png"}],"twitter_card":"summary_large_image","twitter_site":"@efa_france","twitter_misc":{"Gesch\u00e4tzte Lesezeit":"2 minutes"},"schema":{"@context":"https:\/\/schema.org","@graph":[{"@type":"WebPage","@id":"https:\/\/efa-controls.com\/de\/ihre-anwendungen\/verteidigung\/","url":"https:\/\/efa-controls.com\/de\/ihre-anwendungen\/verteidigung\/","name":"Elektrische Antriebe, Gleichstromregler, Beleuchtung \u2013 statten Sie Ihre Maschinen aus!","isPartOf":{"@id":"https:\/\/efa-controls.com\/de\/#website"},"primaryImageOfPage":{"@id":"https:\/\/efa-controls.com\/de\/ihre-anwendungen\/verteidigung\/#primaryimage"},"image":{"@id":"https:\/\/efa-controls.com\/de\/ihre-anwendungen\/verteidigung\/#primaryimage"},"thumbnailUrl":"https:\/\/efa-controls.com\/wp-content\/uploads\/2023\/03\/defense_de.png","datePublished":"2023-03-23T09:32:59+00:00","dateModified":"2025-12-29T10:51:39+00:00","breadcrumb":{"@id":"https:\/\/efa-controls.com\/de\/ihre-anwendungen\/verteidigung\/#breadcrumb"},"inLanguage":"de-DE","potentialAction":[{"@type":"ReadAction","target":["https:\/\/efa-controls.com\/de\/ihre-anwendungen\/verteidigung\/"]}]},{"@type":"ImageObject","inLanguage":"de-DE","@id":"https:\/\/efa-controls.com\/de\/ihre-anwendungen\/verteidigung\/#primaryimage","url":"https:\/\/efa-controls.com\/wp-content\/uploads\/2023\/03\/defense_de.png","contentUrl":"https:\/\/efa-controls.com\/wp-content\/uploads\/2023\/03\/defense_de.png","width":1250,"height":553},{"@type":"BreadcrumbList","@id":"https:\/\/efa-controls.com\/de\/ihre-anwendungen\/verteidigung\/#breadcrumb","itemListElement":[{"@type":"ListItem","position":1,"name":"Accueil-Home","item":"https:\/\/efa-controls.com\/de\/"},{"@type":"ListItem","position":2,"name":"Ihre Anwendungen","item":"https:\/\/efa-controls.com\/de\/ihre-anwendungen\/"},{"@type":"ListItem","position":3,"name":"Verteidigung"}]},{"@type":"WebSite","@id":"https:\/\/efa-controls.com\/de\/#website","url":"https:\/\/efa-controls.com\/de\/","name":"efa Controls","description":"Bureau d&#039;\u00e9tude pour v\u00e9hicules industriels","publisher":{"@id":"https:\/\/efa-controls.com\/de\/#organization"},"potentialAction":[{"@type":"SearchAction","target":{"@type":"EntryPoint","urlTemplate":"https:\/\/efa-controls.com\/de\/?s={search_term_string}"},"query-input":{"@type":"PropertyValueSpecification","valueRequired":true,"valueName":"search_term_string"}}],"inLanguage":"de-DE"},{"@type":"Organization","@id":"https:\/\/efa-controls.com\/de\/#organization","name":"efa Controls","url":"https:\/\/efa-controls.com\/de\/","logo":{"@type":"ImageObject","inLanguage":"de-DE","@id":"https:\/\/efa-controls.com\/de\/#\/schema\/logo\/image\/","url":"https:\/\/efa-controls.com\/wp-content\/uploads\/2023\/05\/logo-bleu.png","contentUrl":"https:\/\/efa-controls.com\/wp-content\/uploads\/2023\/05\/logo-bleu.png","width":408,"height":288,"caption":"efa Controls"},"image":{"@id":"https:\/\/efa-controls.com\/de\/#\/schema\/logo\/image\/"},"sameAs":["https:\/\/www.facebook.com\/efaFranceSA\/","https:\/\/x.com\/efa_france","https:\/\/www.instagram.com\/efafrance\/","https:\/\/www.linkedin.com\/company\/efa-france","https:\/\/www.youtube.com\/user\/EFAControls"]}]}},"_links":{"self":[{"href":"https:\/\/efa-controls.com\/de\/wp-json\/wp\/v2\/pages\/21743","targetHints":{"allow":["GET"]}}],"collection":[{"href":"https:\/\/efa-controls.com\/de\/wp-json\/wp\/v2\/pages"}],"about":[{"href":"https:\/\/efa-controls.com\/de\/wp-json\/wp\/v2\/types\/page"}],"author":[{"embeddable":true,"href":"https:\/\/efa-controls.com\/de\/wp-json\/wp\/v2\/users\/11"}],"replies":[{"embeddable":true,"href":"https:\/\/efa-controls.com\/de\/wp-json\/wp\/v2\/comments?post=21743"}],"version-history":[{"count":12,"href":"https:\/\/efa-controls.com\/de\/wp-json\/wp\/v2\/pages\/21743\/revisions"}],"predecessor-version":[{"id":35106,"href":"https:\/\/efa-controls.com\/de\/wp-json\/wp\/v2\/pages\/21743\/revisions\/35106"}],"up":[{"embeddable":true,"href":"https:\/\/efa-controls.com\/de\/wp-json\/wp\/v2\/pages\/21522"}],"wp:featuredmedia":[{"embeddable":true,"href":"https:\/\/efa-controls.com\/de\/wp-json\/wp\/v2\/media\/21754"}],"wp:attachment":[{"href":"https:\/\/efa-controls.com\/de\/wp-json\/wp\/v2\/media?parent=21743"}],"curies":[{"name":"wp","href":"https:\/\/api.w.org\/{rel}","templated":true}]}}