{"id":21540,"date":"2023-03-20T09:57:24","date_gmt":"2023-03-20T08:57:24","guid":{"rendered":"https:\/\/test.efa-controls.com\/?page_id=21540"},"modified":"2024-04-10T14:22:33","modified_gmt":"2024-04-10T12:22:33","slug":"service-nach-dem-verkauf","status":"publish","type":"page","link":"https:\/\/efa-controls.com\/de\/ueber-uns\/service-nach-dem-verkauf\/","title":{"rendered":"Service nach dem Verkauf"},"content":{"rendered":"<p>[et_pb_section fb_built=&#8221;1&#8243; admin_label=&#8221;Section&#8221; _builder_version=&#8221;4.19.2&#8243; _module_preset=&#8221;default&#8221; background_enable_image=&#8221;off&#8221; custom_margin=&#8221;0px||0px||true|false&#8221; custom_padding=&#8221;0px||0px||true|false&#8221; global_colors_info=&#8221;{}&#8221;][et_pb_row admin_label=&#8221;Linie&#8221; _builder_version=&#8221;4.19.2&#8243; _module_preset=&#8221;default&#8221; background_image=&#8221;https:\/\/efa-controls.com\/wp-content\/uploads\/2022\/12\/marches.jpg&#8221; width=&#8221;100%&#8221; max_width=&#8221;2560px&#8221; custom_margin=&#8221;0px||||false|false&#8221; global_colors_info=&#8221;{}&#8221;][et_pb_column type=&#8221;4_4&#8243; _builder_version=&#8221;4.19.0&#8243; _module_preset=&#8221;default&#8221; global_colors_info=&#8221;{}&#8221;][et_pb_text _builder_version=&#8221;4.18.0&#8243; _module_preset=&#8221;default&#8221; text_font_size=&#8221;77px&#8221; header_font=&#8221;Open Sans|700|||||||&#8221; header_text_align=&#8221;left&#8221; header_font_size=&#8221;70px&#8221; background_image=&#8221;https:\/\/efa-controls.com\/wp-content\/uploads\/2022\/07\/Fichier-3.png&#8221; parallax=&#8221;on&#8221; parallax_method=&#8221;off&#8221; background_blend=&#8221;overlay&#8221; custom_margin=&#8221;-25px||||false|false&#8221; custom_margin_tablet=&#8221;-25px||||false|false&#8221; custom_margin_phone=&#8221;-25px||||false|false&#8221; custom_margin_last_edited=&#8221;on|desktop&#8221; custom_padding=&#8221;150px|123px|150px|123px|true|true&#8221; custom_padding_tablet=&#8221;&#8221; custom_padding_phone=&#8221;|23px||23px|true|true&#8221; custom_padding_last_edited=&#8221;on|phone&#8221; header_font_size_tablet=&#8221;70px&#8221; header_font_size_phone=&#8221;45px&#8221; header_font_size_last_edited=&#8221;on|desktop&#8221; text_text_shadow_style=&#8221;preset3&#8243; text_text_shadow_blur_strength=&#8221;0.25em&#8221; global_colors_info=&#8221;{}&#8221;]<\/p>\n<h1><span style=\"color: #ffffff;\"><strong>Service nach dem Verkauf<\/strong><\/span><span style=\"color: #333333;\"><strong><br \/><\/strong><\/span><\/h1>\n<p>[\/et_pb_text][et_pb_icon font_icon=&#8221;&#xf103;||fa||900&#8243; icon_color=&#8221;#0C71C3&#8243; icon_width=&#8221;131px&#8221; disabled_on=&#8221;on|off|off&#8221; _builder_version=&#8221;4.19.1&#8243; _module_preset=&#8221;default&#8221; positioning=&#8221;relative&#8221; vertical_offset=&#8221;59px&#8221; custom_margin=&#8221;-120px||||false|false&#8221; animation_style=&#8221;bounce&#8221; animation_direction=&#8221;top&#8221; custom_css_icon_element=&#8221;opacity: 0.5;&#8221; global_colors_info=&#8221;{}&#8221;][\/et_pb_icon][\/et_pb_column][\/et_pb_row][et_pb_row _builder_version=&#8221;4.19.2&#8243; _module_preset=&#8221;default&#8221; min_height=&#8221;150.5px&#8221; global_colors_info=&#8221;{}&#8221;][et_pb_column type=&#8221;4_4&#8243; _builder_version=&#8221;4.19.2&#8243; _module_preset=&#8221;default&#8221; global_colors_info=&#8221;{}&#8221;][lwp_divi_breadcrumbs _builder_version=&#8221;4.19.2&#8243; _module_preset=&#8221;default&#8221; global_colors_info=&#8221;{}&#8221;][\/lwp_divi_breadcrumbs][et_pb_text _builder_version=&#8221;4.24.2&#8243; _module_preset=&#8221;default&#8221; header_text_color=&#8221;#555555&#8243; global_colors_info=&#8221;{}&#8221;]<\/p>\n<blockquote>\n<h2><span style=\"color: #555555;\"><strong>Ein engagierter Kundendienst f\u00fcr unsere Produkte<br \/><\/strong><\/span><\/h2>\n<\/blockquote>\n<p>[\/et_pb_text][\/et_pb_column][\/et_pb_row][\/et_pb_section][et_pb_section fb_built=&#8221;1&#8243; specialty=&#8221;on&#8221; prev_background_color=&#8221;#ffffff&#8221; _builder_version=&#8221;4.24.2&#8243; _module_preset=&#8221;default&#8221; background_color=&#8221;#efefef&#8221; min_height=&#8221;451.1px&#8221; custom_margin=&#8221;-64px||-64px||true|false&#8221; custom_padding=&#8221;2px||29px||false|false&#8221; top_divider_style=&#8221;mountains2&#8243; bottom_divider_style=&#8221;mountains2&#8243; bottom_divider_color=&#8221;#FFFFFF&#8221; global_colors_info=&#8221;{}&#8221; custom_padding__hover_enabled=&#8221;on|desktop&#8221; custom_padding__hover=&#8221;2px||29px||false|false&#8221;][et_pb_column type=&#8221;1_2&#8243; specialty_columns=&#8221;2&#8243; _builder_version=&#8221;4.16&#8243; custom_padding=&#8221;|||&#8221; global_colors_info=&#8221;{}&#8221; custom_padding__hover=&#8221;|||&#8221;][et_pb_row_inner _builder_version=&#8221;4.24.2&#8243; _module_preset=&#8221;default&#8221; custom_padding=&#8221;57px||2px||false|false&#8221; global_colors_info=&#8221;{}&#8221;][et_pb_column_inner saved_specialty_column_type=&#8221;1_2&#8243; _builder_version=&#8221;4.17.6&#8243; _module_preset=&#8221;default&#8221; global_colors_info=&#8221;{}&#8221;][et_pb_text _builder_version=&#8221;4.24.3&#8243; _module_preset=&#8221;default&#8221; custom_padding=&#8221;0px||50px||false|false&#8221; hover_enabled=&#8221;0&#8243; global_colors_info=&#8221;{}&#8221; sticky_enabled=&#8221;0&#8243;]<\/p>\n<p>Ziel unseres <strong>Kundendienstes<\/strong> ist es, die Lebensdauer Ihrer Produkte zu verl\u00e4ngern. Durch den Austausch abgenutzter Teile anstatt des Austauschs der gesamten Ausr\u00fcstung f\u00fchrt das Kundendienstteam mehrere Schritte durch :<\/p>\n<ul>\n<li>Eine engagierte <strong>telefonische Unterst\u00fctzung<\/strong>, um Ihren Bedarf zu definieren,<\/li>\n<li>Eine <strong>Diagnose<\/strong> Ihres besch\u00e4digten Produkts,<\/li>\n<li>Die notwendigen <strong>Reparaturen\/Ersatzteile<\/strong>, die entweder intern durchgef\u00fchrt oder an unsere Partner geschickt werden.<\/li>\n<\/ul>\n<p>Unser Team bietet einen speziellen <a href=\"\/de\/qui-sommes-nous\/service-apres-vente\/notre-sav-autec\/\" target=\"_blank\" rel=\"noopener\">Kundendienst f\u00fcr AUTEC-Produkte<\/a>, die efa exklusiv in Frankreich vertreibt, sowie die Reparatur von Produkten aus unserem Sortiment zur <a href=\"\/de\/unsere-loesungen\/erkennung-navigation\/antikollision\/antikollisionskamera-2dkit\/\" target=\"_blank\" rel=\"noopener\">Kollisionsvermeidung<\/a>.<\/p>\n<p style=\"text-align: center;\">Haben Sie Fragen zu anderen Produkten, die Sie reparieren m\u00f6chten?<br \/><span style=\"font-size: 15px;\">Senden Sie uns eine Anfrage (mit einem Foto) unter <a href=\"mailto:sav@efa-france.com\">sav@efa-france.com<\/a>, um zu sehen, wie wir Ihnen helfen k\u00f6nnen.<\/span><\/p>\n<p>[\/et_pb_text][\/et_pb_column_inner][\/et_pb_row_inner][\/et_pb_column][et_pb_column type=&#8221;1_2&#8243; _builder_version=&#8221;4.16&#8243; custom_padding=&#8221;|||&#8221; global_colors_info=&#8221;{}&#8221; custom_padding__hover=&#8221;|||&#8221;][et_pb_image src=&#8221;https:\/\/efa-controls.com\/wp-content\/uploads\/2024\/04\/PHOTOS-SAV-efa-Photo2-1024&#215;768-1.jpg&#8221; alt=&#8221;SAV efa 2024&#8243; title_text=&#8221;PHOTOS-SAV-efa-Photo2-1024&#215;768&#8243; _builder_version=&#8221;4.24.2&#8243; _module_preset=&#8221;default&#8221; width=&#8221;83%&#8221; custom_padding=&#8221;52px||||false|false&#8221; box_shadow_style=&#8221;preset2&#8243; global_colors_info=&#8221;{}&#8221;][\/et_pb_image][\/et_pb_column][\/et_pb_section][et_pb_section fb_built=&#8221;1&#8243; _builder_version=&#8221;4.18.0&#8243; _module_preset=&#8221;default&#8221; custom_margin=&#8221;50px||50px||true|false&#8221; custom_margin_tablet=&#8221;50px||50px||true|false&#8221; custom_margin_phone=&#8221;0px||0px||true|false&#8221; custom_margin_last_edited=&#8221;on|phone&#8221; custom_padding=&#8221;0px||0px||true|false&#8221; global_colors_info=&#8221;{}&#8221;][et_pb_row _builder_version=&#8221;4.24.2&#8243; _module_preset=&#8221;default&#8221; custom_margin=&#8221;0px||-11px||false|false&#8221; custom_padding=&#8221;1px||0px||false|false&#8221; global_colors_info=&#8221;{}&#8221;][et_pb_column type=&#8221;4_4&#8243; _builder_version=&#8221;4.18.0&#8243; _module_preset=&#8221;default&#8221; global_colors_info=&#8221;{}&#8221;][et_pb_text _builder_version=&#8221;4.24.2&#8243; _module_preset=&#8221;default&#8221; header_text_color=&#8221;#555555&#8243; global_colors_info=&#8221;{}&#8221;]<\/p>\n<blockquote>\n<h2><span style=\"color: #555555;\"><strong>Ein effizienter und umfassender Wartungsservice<br \/><\/strong><\/span><\/h2>\n<\/blockquote>\n<p>[\/et_pb_text][\/et_pb_column][\/et_pb_row][et_pb_row column_structure=&#8221;2_5,3_5&#8243; _builder_version=&#8221;4.24.2&#8243; _module_preset=&#8221;default&#8221; global_colors_info=&#8221;{}&#8221;][et_pb_column type=&#8221;2_5&#8243; _builder_version=&#8221;4.24.2&#8243; _module_preset=&#8221;default&#8221; global_colors_info=&#8221;{}&#8221;][et_pb_image src=&#8221;https:\/\/efa-controls.com\/wp-content\/uploads\/2024\/04\/Avant-apres-radiocommandes-efa-autec-750px.jpg&#8221; alt=&#8221;Vorher-Nachher-Funksteuerungen autec efa&#8221; title_text=&#8221;Avant-apr\u00e8s-radiocommandes-efa-autec-750px&#8221; _builder_version=&#8221;4.24.2&#8243; _module_preset=&#8221;default&#8221; global_colors_info=&#8221;{}&#8221;][\/et_pb_image][\/et_pb_column][et_pb_column type=&#8221;3_5&#8243; _builder_version=&#8221;4.24.2&#8243; _module_preset=&#8221;default&#8221; global_colors_info=&#8221;{}&#8221;][et_pb_text _builder_version=&#8221;4.24.3&#8243; _module_preset=&#8221;default&#8221; custom_padding=&#8221;28px||||false|false&#8221; hover_enabled=&#8221;0&#8243; global_colors_info=&#8221;{}&#8221; sticky_enabled=&#8221;0&#8243;]<\/p>\n<p>Wenn Sie sich f\u00fcr die Wartung Ihrer Produkte entscheiden, optimieren Sie ihre Leistung, verl\u00e4ngern ihre Lebensdauer und sparen nicht zuletzt Kosten f\u00fcr Ihre Systeme. <strong>efa bietet vorbeugende und kurative Wartungspakete an<\/strong>. Wir bieten auch die Nachr\u00fcstung von alten Fernbedienungen an.<\/p>\n<p><a href=\"\/de\/qui-sommes-nous\/service-apres-vente\/notre-sav-autec\/\" target=\"_blank\" rel=\"noopener\">Unser vorbeugendes AUTEC-Wartungspaket<\/a> bietet eine vollst\u00e4ndige Diagnose Ihres Radios einmal im Jahr, einen Rabatt von 10% auf die zu ersetzenden Teile und eine Garantie auf AUTEC-Originalteile.<\/p>\n<p><a href=\"\/de\/unsere-loesungen\/erkennung-navigation\/antikollision\/antikollisionskamera-2dkit\/\" target=\"_blank\" rel=\"noopener\">F\u00fcr unsere Antikollisionskunden k\u00f6nnen wir eingreifen<\/a>, um die auf unseren L\u00f6sungen definierten Zonen zu \u00fcberpr\u00fcfen.<\/p>\n<p>Mit ihren Wartungsangeboten versucht efa, ihren Kunden eine immer h\u00f6here Servicequalit\u00e4t und eine optimale Nutzung der von uns vertriebenen Produkte zu bieten.<\/p>\n<p>[\/et_pb_text][\/et_pb_column][\/et_pb_row][\/et_pb_section][et_pb_section fb_built=&#8221;1&#8243; _builder_version=&#8221;4.18.0&#8243; _module_preset=&#8221;default&#8221; min_height=&#8221;423.5px&#8221; custom_margin=&#8221;50px||50px||true|false&#8221; custom_margin_tablet=&#8221;50px||50px||true|false&#8221; custom_margin_phone=&#8221;0px||0px||true|false&#8221; custom_margin_last_edited=&#8221;on|phone&#8221; custom_padding=&#8221;0px||0px||true|false&#8221; global_colors_info=&#8221;{}&#8221;][et_pb_row _builder_version=&#8221;4.24.2&#8243; _module_preset=&#8221;default&#8221; custom_margin=&#8221;0px||0px||false|false&#8221; custom_padding=&#8221;2px||0px||false|false&#8221; global_colors_info=&#8221;{}&#8221;][et_pb_column type=&#8221;4_4&#8243; _builder_version=&#8221;4.24.2&#8243; _module_preset=&#8221;default&#8221; global_colors_info=&#8221;{}&#8221;][et_pb_text _builder_version=&#8221;4.24.2&#8243; _module_preset=&#8221;default&#8221; header_text_color=&#8221;#555555&#8243; global_colors_info=&#8221;{}&#8221;]<\/p>\n<blockquote>\n<h2><span style=\"color: #555555;\"><strong>Installationen, die direkt bei unseren Kunden durchgef\u00fchrt werden<br \/><\/strong><\/span><\/h2>\n<\/blockquote>\n<p>[\/et_pb_text][et_pb_text _builder_version=&#8221;4.24.3&#8243; _module_preset=&#8221;default&#8221; custom_padding=&#8221;1px||||false|false&#8221; hover_enabled=&#8221;0&#8243; global_colors_info=&#8221;{}&#8221; sticky_enabled=&#8221;0&#8243;]<\/p>\n<p>Mit unseren Produkten stellen wir unseren Kunden Benutzerhandb\u00fccher, einen Installationsleitfaden oder auch technische Datenbl\u00e4tter zur Verf\u00fcgung, um ihnen zu helfen, unsere Produkte so gut wie m\u00f6glich zu nutzen.<\/p>\n<p>Bei einigen unserer Produktreihen, wie z. B. unseren Antikollisionsl\u00f6sungen, werden die Installation und die Inbetriebnahme jedoch von <a href=\"https:\/\/efa-controls.com\/de\/ueber-uns\/installation\/\" target=\"_blank\" rel=\"noopener\">unseren Installationspartnern \u00fcbernommen<\/a>. Unser <strong>Netzwerk von Installateuren<\/strong>, das in ganz Frankreich angesiedelt ist, \u00fcbernimmt die Installationen direkt in Ihren R\u00e4umlichkeiten.<\/p>\n<p>Die erfahrenen und professionellen <a href=\"https:\/\/efa-controls.com\/de\/ueber-uns\/installation\/\" target=\"_blank\" rel=\"noopener\">Installateurpartner von efa<\/a> sind daf\u00fcr da, Ihnen eine schnelle Integration Ihrer Produkte und eine reibungslose Inbetriebnahme in Ihrem Unternehmen zu erm\u00f6glichen.<\/p>\n<p><a href=\"\/de\/unsere-leistungen\/unsere-leistungen-im-bereich-detektion-navigation\/\" target=\"_blank\" rel=\"noopener\"><strong>Entdecken Sie unsere Realisierungen direkt bei den efa-Kunden!<\/strong><\/a><\/p>\n<p>[\/et_pb_text][\/et_pb_column][\/et_pb_row][et_pb_row _builder_version=&#8221;4.24.2&#8243; _module_preset=&#8221;default&#8221; global_colors_info=&#8221;{}&#8221;][et_pb_column type=&#8221;4_4&#8243; _builder_version=&#8221;4.24.2&#8243; _module_preset=&#8221;default&#8221; global_colors_info=&#8221;{}&#8221;][et_pb_cta title=&#8221;Reparaturen, Installation, Wartung: mit efa eine umfassende Begleitung&#8221; button_text=&#8221;Test&#8221; _builder_version=&#8221;4.24.2&#8243; _module_preset=&#8221;default&#8221; custom_margin=&#8221;7px||||false|false&#8221; custom_padding=&#8221;27px||16px||false|false&#8221; global_colors_info=&#8221;{}&#8221;][\/et_pb_cta][\/et_pb_column][\/et_pb_row][\/et_pb_section]<\/p>\n","protected":false},"excerpt":{"rendered":"<p>Service nach dem Verkauf<div class=\"et_pb_module lwp_divi_breadcrumbs lwp_divi_breadcrumbs_0\">\n\t\t\t\t\n\t\t\t\t\n\t\t\t\t\n\t\t\t\t\n\t\t\t\t\n\t\t\t\t\n\t\t\t\t<div class=\"et_pb_module_inner\">\n\t\t\t\t\t<div class=\"lwp-breadcrumbs\"> <span class=\"before\"><\/span> <span vocab=\"https:\/\/schema.org\/\" typeof=\"BreadcrumbList\"><span property=\"itemListElement\" typeof=\"ListItem\"><a property=\"item\" typeof=\"WebPage\" href=\"https:\/\/efa-controls.com\/de\/\" class=\"home\"><span property=\"name\">Home<\/span><\/a><meta property=\"position\" content=\"1\"><\/span> <span class=\"separator et-pb-icon\">9<\/span> <\/span><\/div>\n\t\t\t\t<\/div>\n\t\t\t<\/div> Ein engagierter Kundendienst f\u00fcr unsere Produkte Ziel unseres Kundendienstes ist es, die Lebensdauer Ihrer Produkte zu verl\u00e4ngern. Durch den Austausch abgenutzter Teile anstatt des Austauschs der gesamten Ausr\u00fcstung f\u00fchrt das Kundendienstteam mehrere Schritte durch : Eine engagierte telefonische Unterst\u00fctzung, um Ihren Bedarf zu definieren, Eine Diagnose Ihres besch\u00e4digten [&hellip;]<\/p>\n","protected":false},"author":11,"featured_media":17822,"parent":21503,"menu_order":0,"comment_status":"closed","ping_status":"closed","template":"","meta":{"_et_pb_use_builder":"on","_et_pb_old_content":"","_et_gb_content_width":"","_uf_show_specific_survey":0,"_uf_disable_surveys":false,"footnotes":""},"class_list":["post-21540","page","type-page","status-publish","has-post-thumbnail","hentry"],"yoast_head":"<!-- This site is optimized with the Yoast SEO plugin v27.4 - https:\/\/yoast.com\/product\/yoast-seo-wordpress\/ -->\n<title>Kompletter Service Reparaturen, Installationen und Wartung<\/title>\n<meta name=\"description\" content=\"Umfassende Betreuung (telefonischer Support, Diagnose und Reparaturen\/Ersatz) Ziel verl\u00e4ngert die Lebensdauer der Produkte. Kundendienst Autec.\" \/>\n<meta name=\"robots\" content=\"index, follow, max-snippet:-1, max-image-preview:large, max-video-preview:-1\" \/>\n<link rel=\"canonical\" href=\"https:\/\/efa-controls.com\/de\/ueber-uns\/service-nach-dem-verkauf\/\" \/>\n<meta property=\"og:locale\" content=\"de_DE\" \/>\n<meta property=\"og:type\" content=\"article\" \/>\n<meta property=\"og:title\" content=\"Kompletter Service Reparaturen, Installationen und Wartung\" \/>\n<meta property=\"og:description\" content=\"Umfassende Betreuung (telefonischer Support, Diagnose und Reparaturen\/Ersatz) Ziel verl\u00e4ngert die Lebensdauer der Produkte. Kundendienst Autec.\" \/>\n<meta property=\"og:url\" content=\"https:\/\/efa-controls.com\/de\/ueber-uns\/service-nach-dem-verkauf\/\" \/>\n<meta property=\"og:site_name\" content=\"efa Controls\" \/>\n<meta property=\"article:publisher\" content=\"https:\/\/www.facebook.com\/efaFranceSA\/\" \/>\n<meta property=\"article:modified_time\" content=\"2024-04-10T12:22:33+00:00\" \/>\n<meta property=\"og:image\" content=\"https:\/\/efa-controls.com\/wp-content\/uploads\/2022\/09\/partners-1.png\" \/>\n\t<meta property=\"og:image:width\" content=\"512\" \/>\n\t<meta property=\"og:image:height\" content=\"512\" \/>\n\t<meta property=\"og:image:type\" content=\"image\/png\" \/>\n<meta name=\"twitter:card\" content=\"summary_large_image\" \/>\n<meta name=\"twitter:site\" content=\"@efa_france\" \/>\n<meta name=\"twitter:label1\" content=\"Gesch\u00e4tzte Lesezeit\" \/>\n\t<meta name=\"twitter:data1\" content=\"3 minutes\" \/>\n<script type=\"application\/ld+json\" class=\"yoast-schema-graph\">{\"@context\":\"https:\\\/\\\/schema.org\",\"@graph\":[{\"@type\":\"WebPage\",\"@id\":\"https:\\\/\\\/efa-controls.com\\\/de\\\/ueber-uns\\\/service-nach-dem-verkauf\\\/\",\"url\":\"https:\\\/\\\/efa-controls.com\\\/de\\\/ueber-uns\\\/service-nach-dem-verkauf\\\/\",\"name\":\"Kompletter Service Reparaturen, Installationen und Wartung\",\"isPartOf\":{\"@id\":\"https:\\\/\\\/efa-controls.com\\\/de\\\/#website\"},\"primaryImageOfPage\":{\"@id\":\"https:\\\/\\\/efa-controls.com\\\/de\\\/ueber-uns\\\/service-nach-dem-verkauf\\\/#primaryimage\"},\"image\":{\"@id\":\"https:\\\/\\\/efa-controls.com\\\/de\\\/ueber-uns\\\/service-nach-dem-verkauf\\\/#primaryimage\"},\"thumbnailUrl\":\"https:\\\/\\\/efa-controls.com\\\/wp-content\\\/uploads\\\/2022\\\/09\\\/partners-1.png\",\"datePublished\":\"2023-03-20T08:57:24+00:00\",\"dateModified\":\"2024-04-10T12:22:33+00:00\",\"description\":\"Umfassende Betreuung (telefonischer Support, Diagnose und Reparaturen\\\/Ersatz) Ziel verl\u00e4ngert die Lebensdauer der Produkte. Kundendienst Autec.\",\"breadcrumb\":{\"@id\":\"https:\\\/\\\/efa-controls.com\\\/de\\\/ueber-uns\\\/service-nach-dem-verkauf\\\/#breadcrumb\"},\"inLanguage\":\"de-DE\",\"potentialAction\":[{\"@type\":\"ReadAction\",\"target\":[\"https:\\\/\\\/efa-controls.com\\\/de\\\/ueber-uns\\\/service-nach-dem-verkauf\\\/\"]}]},{\"@type\":\"ImageObject\",\"inLanguage\":\"de-DE\",\"@id\":\"https:\\\/\\\/efa-controls.com\\\/de\\\/ueber-uns\\\/service-nach-dem-verkauf\\\/#primaryimage\",\"url\":\"https:\\\/\\\/efa-controls.com\\\/wp-content\\\/uploads\\\/2022\\\/09\\\/partners-1.png\",\"contentUrl\":\"https:\\\/\\\/efa-controls.com\\\/wp-content\\\/uploads\\\/2022\\\/09\\\/partners-1.png\",\"width\":512,\"height\":512},{\"@type\":\"BreadcrumbList\",\"@id\":\"https:\\\/\\\/efa-controls.com\\\/de\\\/ueber-uns\\\/service-nach-dem-verkauf\\\/#breadcrumb\",\"itemListElement\":[{\"@type\":\"ListItem\",\"position\":1,\"name\":\"Accueil-Home\",\"item\":\"https:\\\/\\\/efa-controls.com\\\/de\\\/\"},{\"@type\":\"ListItem\",\"position\":2,\"name\":\"\u00dcber uns\",\"item\":\"https:\\\/\\\/efa-controls.com\\\/de\\\/ueber-uns\\\/\"},{\"@type\":\"ListItem\",\"position\":3,\"name\":\"Service nach dem Verkauf\"}]},{\"@type\":\"WebSite\",\"@id\":\"https:\\\/\\\/efa-controls.com\\\/de\\\/#website\",\"url\":\"https:\\\/\\\/efa-controls.com\\\/de\\\/\",\"name\":\"efa Controls\",\"description\":\"Bureau d&#039;\u00e9tude pour v\u00e9hicules industriels\",\"publisher\":{\"@id\":\"https:\\\/\\\/efa-controls.com\\\/de\\\/#organization\"},\"potentialAction\":[{\"@type\":\"SearchAction\",\"target\":{\"@type\":\"EntryPoint\",\"urlTemplate\":\"https:\\\/\\\/efa-controls.com\\\/de\\\/?s={search_term_string}\"},\"query-input\":{\"@type\":\"PropertyValueSpecification\",\"valueRequired\":true,\"valueName\":\"search_term_string\"}}],\"inLanguage\":\"de-DE\"},{\"@type\":\"Organization\",\"@id\":\"https:\\\/\\\/efa-controls.com\\\/de\\\/#organization\",\"name\":\"efa Controls\",\"url\":\"https:\\\/\\\/efa-controls.com\\\/de\\\/\",\"logo\":{\"@type\":\"ImageObject\",\"inLanguage\":\"de-DE\",\"@id\":\"https:\\\/\\\/efa-controls.com\\\/de\\\/#\\\/schema\\\/logo\\\/image\\\/\",\"url\":\"https:\\\/\\\/efa-controls.com\\\/wp-content\\\/uploads\\\/2023\\\/05\\\/logo-bleu.png\",\"contentUrl\":\"https:\\\/\\\/efa-controls.com\\\/wp-content\\\/uploads\\\/2023\\\/05\\\/logo-bleu.png\",\"width\":408,\"height\":288,\"caption\":\"efa Controls\"},\"image\":{\"@id\":\"https:\\\/\\\/efa-controls.com\\\/de\\\/#\\\/schema\\\/logo\\\/image\\\/\"},\"sameAs\":[\"https:\\\/\\\/www.facebook.com\\\/efaFranceSA\\\/\",\"https:\\\/\\\/x.com\\\/efa_france\",\"https:\\\/\\\/www.instagram.com\\\/efafrance\\\/\",\"https:\\\/\\\/www.linkedin.com\\\/company\\\/efa-france\",\"https:\\\/\\\/www.youtube.com\\\/user\\\/EFAControls\"]}]}<\/script>\n<!-- \/ Yoast SEO plugin. -->","yoast_head_json":{"title":"Kompletter Service Reparaturen, Installationen und Wartung","description":"Umfassende Betreuung (telefonischer Support, Diagnose und Reparaturen\/Ersatz) Ziel verl\u00e4ngert die Lebensdauer der Produkte. Kundendienst Autec.","robots":{"index":"index","follow":"follow","max-snippet":"max-snippet:-1","max-image-preview":"max-image-preview:large","max-video-preview":"max-video-preview:-1"},"canonical":"https:\/\/efa-controls.com\/de\/ueber-uns\/service-nach-dem-verkauf\/","og_locale":"de_DE","og_type":"article","og_title":"Kompletter Service Reparaturen, Installationen und Wartung","og_description":"Umfassende Betreuung (telefonischer Support, Diagnose und Reparaturen\/Ersatz) Ziel verl\u00e4ngert die Lebensdauer der Produkte. Kundendienst Autec.","og_url":"https:\/\/efa-controls.com\/de\/ueber-uns\/service-nach-dem-verkauf\/","og_site_name":"efa Controls","article_publisher":"https:\/\/www.facebook.com\/efaFranceSA\/","article_modified_time":"2024-04-10T12:22:33+00:00","og_image":[{"width":512,"height":512,"url":"https:\/\/efa-controls.com\/wp-content\/uploads\/2022\/09\/partners-1.png","type":"image\/png"}],"twitter_card":"summary_large_image","twitter_site":"@efa_france","twitter_misc":{"Gesch\u00e4tzte Lesezeit":"3 minutes"},"schema":{"@context":"https:\/\/schema.org","@graph":[{"@type":"WebPage","@id":"https:\/\/efa-controls.com\/de\/ueber-uns\/service-nach-dem-verkauf\/","url":"https:\/\/efa-controls.com\/de\/ueber-uns\/service-nach-dem-verkauf\/","name":"Kompletter Service Reparaturen, Installationen und Wartung","isPartOf":{"@id":"https:\/\/efa-controls.com\/de\/#website"},"primaryImageOfPage":{"@id":"https:\/\/efa-controls.com\/de\/ueber-uns\/service-nach-dem-verkauf\/#primaryimage"},"image":{"@id":"https:\/\/efa-controls.com\/de\/ueber-uns\/service-nach-dem-verkauf\/#primaryimage"},"thumbnailUrl":"https:\/\/efa-controls.com\/wp-content\/uploads\/2022\/09\/partners-1.png","datePublished":"2023-03-20T08:57:24+00:00","dateModified":"2024-04-10T12:22:33+00:00","description":"Umfassende Betreuung (telefonischer Support, Diagnose und Reparaturen\/Ersatz) Ziel verl\u00e4ngert die Lebensdauer der Produkte. Kundendienst Autec.","breadcrumb":{"@id":"https:\/\/efa-controls.com\/de\/ueber-uns\/service-nach-dem-verkauf\/#breadcrumb"},"inLanguage":"de-DE","potentialAction":[{"@type":"ReadAction","target":["https:\/\/efa-controls.com\/de\/ueber-uns\/service-nach-dem-verkauf\/"]}]},{"@type":"ImageObject","inLanguage":"de-DE","@id":"https:\/\/efa-controls.com\/de\/ueber-uns\/service-nach-dem-verkauf\/#primaryimage","url":"https:\/\/efa-controls.com\/wp-content\/uploads\/2022\/09\/partners-1.png","contentUrl":"https:\/\/efa-controls.com\/wp-content\/uploads\/2022\/09\/partners-1.png","width":512,"height":512},{"@type":"BreadcrumbList","@id":"https:\/\/efa-controls.com\/de\/ueber-uns\/service-nach-dem-verkauf\/#breadcrumb","itemListElement":[{"@type":"ListItem","position":1,"name":"Accueil-Home","item":"https:\/\/efa-controls.com\/de\/"},{"@type":"ListItem","position":2,"name":"\u00dcber uns","item":"https:\/\/efa-controls.com\/de\/ueber-uns\/"},{"@type":"ListItem","position":3,"name":"Service nach dem Verkauf"}]},{"@type":"WebSite","@id":"https:\/\/efa-controls.com\/de\/#website","url":"https:\/\/efa-controls.com\/de\/","name":"efa Controls","description":"Bureau d&#039;\u00e9tude pour v\u00e9hicules industriels","publisher":{"@id":"https:\/\/efa-controls.com\/de\/#organization"},"potentialAction":[{"@type":"SearchAction","target":{"@type":"EntryPoint","urlTemplate":"https:\/\/efa-controls.com\/de\/?s={search_term_string}"},"query-input":{"@type":"PropertyValueSpecification","valueRequired":true,"valueName":"search_term_string"}}],"inLanguage":"de-DE"},{"@type":"Organization","@id":"https:\/\/efa-controls.com\/de\/#organization","name":"efa Controls","url":"https:\/\/efa-controls.com\/de\/","logo":{"@type":"ImageObject","inLanguage":"de-DE","@id":"https:\/\/efa-controls.com\/de\/#\/schema\/logo\/image\/","url":"https:\/\/efa-controls.com\/wp-content\/uploads\/2023\/05\/logo-bleu.png","contentUrl":"https:\/\/efa-controls.com\/wp-content\/uploads\/2023\/05\/logo-bleu.png","width":408,"height":288,"caption":"efa Controls"},"image":{"@id":"https:\/\/efa-controls.com\/de\/#\/schema\/logo\/image\/"},"sameAs":["https:\/\/www.facebook.com\/efaFranceSA\/","https:\/\/x.com\/efa_france","https:\/\/www.instagram.com\/efafrance\/","https:\/\/www.linkedin.com\/company\/efa-france","https:\/\/www.youtube.com\/user\/EFAControls"]}]}},"_links":{"self":[{"href":"https:\/\/efa-controls.com\/de\/wp-json\/wp\/v2\/pages\/21540","targetHints":{"allow":["GET"]}}],"collection":[{"href":"https:\/\/efa-controls.com\/de\/wp-json\/wp\/v2\/pages"}],"about":[{"href":"https:\/\/efa-controls.com\/de\/wp-json\/wp\/v2\/types\/page"}],"author":[{"embeddable":true,"href":"https:\/\/efa-controls.com\/de\/wp-json\/wp\/v2\/users\/11"}],"replies":[{"embeddable":true,"href":"https:\/\/efa-controls.com\/de\/wp-json\/wp\/v2\/comments?post=21540"}],"version-history":[{"count":10,"href":"https:\/\/efa-controls.com\/de\/wp-json\/wp\/v2\/pages\/21540\/revisions"}],"predecessor-version":[{"id":25799,"href":"https:\/\/efa-controls.com\/de\/wp-json\/wp\/v2\/pages\/21540\/revisions\/25799"}],"up":[{"embeddable":true,"href":"https:\/\/efa-controls.com\/de\/wp-json\/wp\/v2\/pages\/21503"}],"wp:featuredmedia":[{"embeddable":true,"href":"https:\/\/efa-controls.com\/de\/wp-json\/wp\/v2\/media\/17822"}],"wp:attachment":[{"href":"https:\/\/efa-controls.com\/de\/wp-json\/wp\/v2\/media?parent=21540"}],"curies":[{"name":"wp","href":"https:\/\/api.w.org\/{rel}","templated":true}]}}