{"id":21517,"date":"2023-03-20T09:12:00","date_gmt":"2023-03-20T08:12:00","guid":{"rendered":"https:\/\/test.efa-controls.com\/?page_id=21517"},"modified":"2025-06-24T09:59:36","modified_gmt":"2025-06-24T07:59:36","slug":"unsere-loesungen","status":"publish","type":"page","link":"https:\/\/efa-controls.com\/de\/unsere-loesungen\/","title":{"rendered":"Unsere L\u00f6sungen"},"content":{"rendered":"<p>[et_pb_section fb_built=&#8221;1&#8243; admin_label=&#8221;Section&#8221; _builder_version=&#8221;4.27.4&#8243; _module_preset=&#8221;default&#8221; background_image=&#8221;https:\/\/efa-controls.com\/wp-content\/uploads\/2023\/12\/Slider-accueil_PDU-_-v5basic.jpg&#8221; custom_margin=&#8221;0px||0px||true|false&#8221; custom_padding=&#8221;0px||0px||true|false&#8221; global_colors_info=&#8221;{}&#8221; global_module=&#8221;32853&#8243; saved_tabs=&#8221;all&#8221;][et_pb_row admin_label=&#8221;Linie&#8221; _builder_version=&#8221;4.17.4&#8243; _module_preset=&#8221;default&#8221; width=&#8221;100%&#8221; max_width=&#8221;2560px&#8221; global_colors_info=&#8221;{}&#8221;][et_pb_column type=&#8221;4_4&#8243; _builder_version=&#8221;4.17.4&#8243; _module_preset=&#8221;default&#8221; global_colors_info=&#8221;{}&#8221;][et_pb_text _builder_version=&#8221;4.27.4&#8243; _module_preset=&#8221;default&#8221; text_font=&#8221;||||||||&#8221; text_font_size=&#8221;77px&#8221; header_font=&#8221;Open Sans|700|||||||&#8221; header_text_align=&#8221;left&#8221; header_font_size=&#8221;70px&#8221; background_image=&#8221;https:\/\/efa-controls.com\/wp-content\/uploads\/2022\/07\/Fichier-3.png&#8221; parallax=&#8221;on&#8221; parallax_method=&#8221;off&#8221; background_blend=&#8221;overlay&#8221; custom_margin=&#8221;-25px||||false|false&#8221; custom_margin_tablet=&#8221;-25px||||false|false&#8221; custom_margin_phone=&#8221;-25px||||false|false&#8221; custom_margin_last_edited=&#8221;on|desktop&#8221; custom_padding=&#8221;150px|123px|150px|123px|true|true&#8221; custom_padding_tablet=&#8221;&#8221; custom_padding_phone=&#8221;|23px||23px|true|true&#8221; custom_padding_last_edited=&#8221;on|phone&#8221; header_font_size_tablet=&#8221;70px&#8221; header_font_size_phone=&#8221;45px&#8221; header_font_size_last_edited=&#8221;on|phone&#8221; text_text_shadow_style=&#8221;preset1&#8243; global_colors_info=&#8221;{}&#8221;]<\/p>\n<h1><span style=\"color: #ffffff;\"><strong>Unsere L\u00f6sungen<\/strong><\/span><span style=\"color: #333333;\"><strong><br \/><\/strong><\/span><\/h1>\n<p>[\/et_pb_text][\/et_pb_column][\/et_pb_row][\/et_pb_section][et_pb_section fb_built=&#8221;1&#8243; admin_label=&#8221;Section&#8221; _builder_version=&#8221;4.18.0&#8243; _module_preset=&#8221;default&#8221; background_color=&#8221;#FFFFFF&#8221; custom_margin=&#8221;0px||0px||true|false&#8221; global_colors_info=&#8221;{}&#8221;][et_pb_row _builder_version=&#8221;4.18.0&#8243; _module_preset=&#8221;default&#8221; custom_margin=&#8221;0px||0px||true|false&#8221; custom_padding=&#8221;0px||0px||true|false&#8221; global_colors_info=&#8221;{}&#8221;][et_pb_column type=&#8221;4_4&#8243; _builder_version=&#8221;4.17.4&#8243; _module_preset=&#8221;default&#8221; global_colors_info=&#8221;{}&#8221;][et_pb_icon font_icon=&#8221;&#xf103;||fa||900&#8243; icon_color=&#8221;#0C71C3&#8243; icon_width=&#8221;131px&#8221; disabled_on=&#8221;on|off|off&#8221; _builder_version=&#8221;4.19.0&#8243; _module_preset=&#8221;default&#8221; positioning=&#8221;relative&#8221; vertical_offset=&#8221;59px&#8221; custom_margin=&#8221;-120px||||false|false&#8221; animation_style=&#8221;bounce&#8221; animation_direction=&#8221;top&#8221; custom_css_icon_element=&#8221;opacity: 0.5;&#8221; global_colors_info=&#8221;{}&#8221;][\/et_pb_icon][\/et_pb_column][\/et_pb_row][\/et_pb_section][et_pb_section fb_built=&#8221;1&#8243; _builder_version=&#8221;4.19.2&#8243; _module_preset=&#8221;default&#8221; custom_padding=&#8221;0px||0px||true|false&#8221; global_colors_info=&#8221;{}&#8221;][et_pb_row _builder_version=&#8221;4.19.0&#8243; _module_preset=&#8221;default&#8221; global_colors_info=&#8221;{}&#8221;][et_pb_column type=&#8221;4_4&#8243; _builder_version=&#8221;4.19.0&#8243; _module_preset=&#8221;default&#8221; global_colors_info=&#8221;{}&#8221;][lwp_divi_breadcrumbs _builder_version=&#8221;4.19.0&#8243; _module_preset=&#8221;default&#8221; global_colors_info=&#8221;{}&#8221;][\/lwp_divi_breadcrumbs][\/et_pb_column][\/et_pb_row][\/et_pb_section][et_pb_section fb_built=&#8221;1&#8243; admin_label=&#8221;Section&#8221; _builder_version=&#8221;4.19.1&#8243; _module_preset=&#8221;default&#8221; background_color=&#8221;#FFFFFF&#8221; custom_margin=&#8221;0px||0px||true|false&#8221; custom_padding=&#8221;0px||||false|false&#8221; global_colors_info=&#8221;{}&#8221;][et_pb_row _builder_version=&#8221;4.18.0&#8243; _module_preset=&#8221;default&#8221; custom_margin=&#8221;0px||0px||true|false&#8221; custom_padding=&#8221;0px||0px||true|false&#8221; global_colors_info=&#8221;{}&#8221;][et_pb_column type=&#8221;4_4&#8243; _builder_version=&#8221;4.17.4&#8243; _module_preset=&#8221;default&#8221; global_colors_info=&#8221;{}&#8221;][et_pb_text _builder_version=&#8221;4.20.2&#8243; _module_preset=&#8221;default&#8221; header_text_color=&#8221;#555555&#8243; global_colors_info=&#8221;{}&#8221;]<\/p>\n<blockquote>\n<h2><span style=\"color: #555555;\"><strong>Flexibilit\u00e4t, Qualit\u00e4t und Service<\/strong><\/span><\/h2>\n<\/blockquote>\n<p>[\/et_pb_text][\/et_pb_column][\/et_pb_row][\/et_pb_section][et_pb_section fb_built=&#8221;1&#8243; specialty=&#8221;on&#8221; prev_background_color=&#8221;#FFFFFF&#8221; _builder_version=&#8221;4.18.0&#8243; _module_preset=&#8221;default&#8221; background_color=&#8221;#efefef&#8221; custom_margin=&#8221;-42px||||false|false&#8221; top_divider_style=&#8221;mountains2&#8243; bottom_divider_style=&#8221;mountains2&#8243; bottom_divider_color=&#8221;#FFFFFF&#8221; global_colors_info=&#8221;{}&#8221;][et_pb_column type=&#8221;1_2&#8243; specialty_columns=&#8221;2&#8243; _builder_version=&#8221;4.16&#8243; custom_padding=&#8221;|||&#8221; global_colors_info=&#8221;{}&#8221; custom_padding__hover=&#8221;|||&#8221;][et_pb_row_inner _builder_version=&#8221;4.17.6&#8243; _module_preset=&#8221;default&#8221; global_colors_info=&#8221;{}&#8221;][et_pb_column_inner saved_specialty_column_type=&#8221;1_2&#8243; _builder_version=&#8221;4.17.6&#8243; _module_preset=&#8221;default&#8221; global_colors_info=&#8221;{}&#8221;][et_pb_text _builder_version=&#8221;4.18.0&#8243; _module_preset=&#8221;default&#8221; global_colors_info=&#8221;{}&#8221;]<\/p>\n<p>efa France produziert und vertreibt Komponenten und Baugruppen f\u00fcr mobile Maschinen und Ger\u00e4te. Unsere Kataloge enthalten mehr als 8000 Produkte f\u00fcr die zahlreichen M\u00e4rkte, auf denen wir vertreten sind: Landwirtschaft, Hoch- und Tiefbau, GSE, Hebetechnik und viele andere.<\/p>\n<p>Die St\u00e4rke der angebotenen L\u00f6sungen liegt in ihrer Flexibilit\u00e4t. Ob Sie einen vorverdrahteten Telemecanique-Sensor, eine verdrahtete Konsole oder ein komplettes Geh\u00e4use ben\u00f6tigen, eine innovative L\u00f6sung zur Vermeidung von Zusammenst\u00f6\u00dfen zwischen Maschinen und Fu\u00dfg\u00e4ngern suchen oder Ihre Hebeb\u00fchne mit einer sicheren Autec-Funksteuerung steuern m\u00f6chten &#8211; efa hat die L\u00f6sung.<\/p>\n<p>&nbsp;<\/p>\n<p>[\/et_pb_text][et_pb_image src=&#8221;https:\/\/efa-controls.com\/wp-content\/uploads\/2022\/10\/autec-20211019-1.jpg&#8221; alt=&#8221;Individuell angepasste Kabelgebundene- und Funksteureungen von efa SAS und efa GmbH&#8221; title_text=&#8221;Individuell angepasste Kabelgebundene- und Funksteureungen von efa SAS und efa GmbH&#8221; _builder_version=&#8221;4.20.4&#8243; _module_preset=&#8221;default&#8221; global_colors_info=&#8221;{}&#8221;][\/et_pb_image][\/et_pb_column_inner][\/et_pb_row_inner][\/et_pb_column][et_pb_column type=&#8221;1_2&#8243; _builder_version=&#8221;4.16&#8243; custom_padding=&#8221;|||&#8221; global_colors_info=&#8221;{}&#8221; custom_padding__hover=&#8221;|||&#8221;][et_pb_image src=&#8221;https:\/\/efa-controls.com\/wp-content\/uploads\/2022\/12\/20220610_144713-scaled.jpg&#8221; alt=&#8221;Individuell angepasste Komponenten und Baugruppen von efa SAS und efa GmbH&#8221; title_text=&#8221;Individuell angepasste Komponenten und Baugruppen von efa SAS und efa GmbH&#8221; _builder_version=&#8221;4.20.4&#8243; _module_preset=&#8221;default&#8221; global_colors_info=&#8221;{}&#8221;][\/et_pb_image][et_pb_text _builder_version=&#8221;4.18.0&#8243; _module_preset=&#8221;default&#8221; global_colors_info=&#8221;{}&#8221;]<\/p>\n<p style=\"text-align: justify;\">Alle diese Produkte k\u00f6nnen allein oder mit Begleitung durch unsere Teams bereitgestellt werden.<\/p>\n<ul>\n<li style=\"text-align: justify;\">Hilfe bei der Konfiguration Ihres Spohn &amp; Burkhardt Joysticks oder Autec Funksteuerung<\/li>\n<li style=\"text-align: justify;\">Hilfe bei der Auswahl und Installation Ihrer Antikollisionsl\u00f6sung<\/li>\n<li style=\"text-align: justify;\">Hilfe beim \u00dcbergang von einem Prototypen zur Serienproduktion auf unseren Montagelinien<\/li>\n<li style=\"text-align: justify;\"><strong>Vollst\u00e4ndige <\/strong>Begleitung durch unser Controls-Team bei der Elektrifizierung Ihrer Maschinen<\/li>\n<\/ul>\n<p>[\/et_pb_text][\/et_pb_column][\/et_pb_section][et_pb_section fb_built=&#8221;1&#8243; _builder_version=&#8221;4.18.0&#8243; _module_preset=&#8221;default&#8221; background_color=&#8221;#1f68b2&#8243; custom_margin=&#8221;50px||0px||false|false&#8221; custom_padding=&#8221;20px||20px||true|false&#8221; global_colors_info=&#8221;{}&#8221;][et_pb_row column_structure=&#8221;1_3,1_3,1_3&#8243; make_equal=&#8221;on&#8221; _builder_version=&#8221;4.17.6&#8243; _module_preset=&#8221;default&#8221; background_color=&#8221;RGBA(255,255,255,0)&#8221; global_colors_info=&#8221;{}&#8221;][et_pb_column type=&#8221;1_3&#8243; _builder_version=&#8221;4.17.4&#8243; _module_preset=&#8221;default&#8221; global_colors_info=&#8221;{}&#8221;][et_pb_blurb title=&#8221;Steuerungen&#8221; url=&#8221;@ET-DC@eyJkeW5hbWljIjp0cnVlLCJjb250ZW50IjoicG9zdF9saW5rX3VybF9wYWdlIiwic2V0dGluZ3MiOnsicG9zdF9pZCI6IjE5MTU5In19@&#8221; image=&#8221;https:\/\/efa-controls.com\/wp-content\/uploads\/2022\/11\/joystick.png&#8221; alt=&#8221;Unser Vertrieb besteht aus einem gro\u00dfen Netzwerk von Lieferanten und Partner&#8221; image_icon_width=&#8221;52%&#8221; module_class=&#8221;hovercolorwhite&#8221; _builder_version=&#8221;4.20.4&#8243; _dynamic_attributes=&#8221;url&#8221; _module_preset=&#8221;default&#8221; background_color=&#8221;#FFFFFF&#8221; custom_padding=&#8221;39px|20px|39px|20px|true|true&#8221; box_shadow_style=&#8221;preset1&#8243; box_shadow_horizontal=&#8221;5px&#8221; box_shadow_vertical=&#8221;5px&#8221; global_colors_info=&#8221;{}&#8221; background__hover_enabled=&#8221;on|hover&#8221; background_color__hover=&#8221;rgba(124,165,193,0.46)&#8221; background_enable_color__hover=&#8221;on&#8221;][\/et_pb_blurb][\/et_pb_column][et_pb_column type=&#8221;1_3&#8243; _builder_version=&#8221;4.17.4&#8243; _module_preset=&#8221;default&#8221; global_colors_info=&#8221;{}&#8221;][et_pb_blurb title=&#8221;Erkennung &#038; Steuerung&#8221; url=&#8221;@ET-DC@eyJkeW5hbWljIjp0cnVlLCJjb250ZW50IjoicG9zdF9saW5rX3VybF9wYWdlIiwic2V0dGluZ3MiOnsicG9zdF9pZCI6IjE3NzA0In19@&#8221; image=&#8221;https:\/\/efa-controls.com\/wp-content\/uploads\/2022\/09\/radar-1.png&#8221; alt=&#8221;Kollisionsvermeidung die eigne Orientierung optimieren, gesehen und geh\u00f6rt werden.&#8221; image_icon_width=&#8221;58%&#8221; module_class=&#8221;hovercolorwhite&#8221; _builder_version=&#8221;4.20.4&#8243; _dynamic_attributes=&#8221;url&#8221; _module_preset=&#8221;default&#8221; background_color=&#8221;#FFFFFF&#8221; custom_padding=&#8221;30px|20px|30px|20px|true|true&#8221; box_shadow_style=&#8221;preset1&#8243; box_shadow_horizontal=&#8221;5px&#8221; box_shadow_vertical=&#8221;5px&#8221; global_colors_info=&#8221;{}&#8221; image__hover_enabled=&#8221;on|hover&#8221; background__hover_enabled=&#8221;on|desktop&#8221; background_color__hover=&#8221;rgba(124,165,193,0.46)&#8221; background_enable_color__hover=&#8221;on&#8221; image__hover=&#8221;https:\/\/efa-controls.com\/wp-content\/uploads\/2022\/09\/radar-1.png&#8221; content__hover_enabled=&#8221;on|hover&#8221; content__hover=&#8221;&#8221;][\/et_pb_blurb][\/et_pb_column][et_pb_column type=&#8221;1_3&#8243; _builder_version=&#8221;4.17.4&#8243; _module_preset=&#8221;default&#8221; global_colors_info=&#8221;{}&#8221;][et_pb_blurb title=&#8221;Elektrifizierung&#8221; url=&#8221;https:\/\/efa-controls.com\/de\/unsere-loesungen\/elektrifizierung\/&#8221; image=&#8221;https:\/\/efa-controls.com\/wp-content\/uploads\/2022\/09\/lightning.png&#8221; alt=&#8221;Elektrifizierung von A bis Z Ihr Projekt durch unser Planungsb\u00fcro realisieren&#8221; image_icon_width=&#8221;51%&#8221; module_class=&#8221;hovercolorwhite&#8221; _builder_version=&#8221;4.20.4&#8243; _module_preset=&#8221;default&#8221; background_color=&#8221;#FFFFFF&#8221; custom_padding=&#8221;39px|20px|39px|20px|true|true&#8221; box_shadow_style=&#8221;preset1&#8243; box_shadow_horizontal=&#8221;5px&#8221; box_shadow_vertical=&#8221;5px&#8221; global_colors_info=&#8221;{}&#8221; content__hover_enabled=&#8221;on|desktop&#8221; background__hover_enabled=&#8221;on|hover&#8221; background_color__hover=&#8221;rgba(124,165,193,0.46)&#8221; background_enable_color__hover=&#8221;on&#8221; content__hover=&#8221;&#8221;][\/et_pb_blurb][\/et_pb_column][\/et_pb_row][\/et_pb_section]<\/p>\n","protected":false},"excerpt":{"rendered":"<p>Unsere L\u00f6sungen<div class=\"et_pb_module lwp_divi_breadcrumbs lwp_divi_breadcrumbs_0\">\n\t\t\t\t\n\t\t\t\t\n\t\t\t\t\n\t\t\t\t\n\t\t\t\t\n\t\t\t\t\n\t\t\t\t<div class=\"et_pb_module_inner\">\n\t\t\t\t\t<div class=\"lwp-breadcrumbs\"> <span class=\"before\"><\/span> <span vocab=\"https:\/\/schema.org\/\" typeof=\"BreadcrumbList\"><span property=\"itemListElement\" typeof=\"ListItem\"><a property=\"item\" typeof=\"WebPage\" href=\"https:\/\/efa-controls.com\/de\/\" class=\"home\"><span property=\"name\">Home<\/span><\/a><meta property=\"position\" content=\"1\"><\/span> <span class=\"separator et-pb-icon\">9<\/span> <\/span><\/div>\n\t\t\t\t<\/div>\n\t\t\t<\/div> Flexibilit\u00e4t, Qualit\u00e4t und Service efa France produziert und vertreibt Komponenten und Baugruppen f\u00fcr mobile Maschinen und Ger\u00e4te. Unsere Kataloge enthalten mehr als 8000 Produkte f\u00fcr die zahlreichen M\u00e4rkte, auf denen wir vertreten sind: Landwirtschaft, Hoch- und Tiefbau, GSE, Hebetechnik und viele andere. Die St\u00e4rke der angebotenen L\u00f6sungen liegt in ihrer [&hellip;]<\/p>\n","protected":false},"author":11,"featured_media":20589,"parent":0,"menu_order":0,"comment_status":"closed","ping_status":"closed","template":"","meta":{"_et_pb_use_builder":"on","_et_pb_old_content":"","_et_gb_content_width":"","_uf_show_specific_survey":0,"_uf_disable_surveys":false,"footnotes":""},"class_list":["post-21517","page","type-page","status-publish","has-post-thumbnail","hentry"],"yoast_head":"<!-- This site is optimized with the Yoast SEO plugin v27.4 - https:\/\/yoast.com\/product\/yoast-seo-wordpress\/ -->\n<title>Unsere L\u00f6sungen - efa Controls<\/title>\n<meta name=\"robots\" content=\"index, follow, max-snippet:-1, max-image-preview:large, max-video-preview:-1\" \/>\n<link rel=\"canonical\" href=\"https:\/\/efa-controls.com\/de\/unsere-loesungen\/\" \/>\n<meta property=\"og:locale\" content=\"de_DE\" \/>\n<meta property=\"og:type\" content=\"article\" \/>\n<meta property=\"og:title\" content=\"Unsere L\u00f6sungen - efa Controls\" \/>\n<meta property=\"og:description\" content=\"Unsere L\u00f6sungen Flexibilit\u00e4t, Qualit\u00e4t und Service efa France produziert und vertreibt Komponenten und Baugruppen f\u00fcr mobile Maschinen und Ger\u00e4te. Unsere Kataloge enthalten mehr als 8000 Produkte f\u00fcr die zahlreichen M\u00e4rkte, auf denen wir vertreten sind: Landwirtschaft, Hoch- und Tiefbau, GSE, Hebetechnik und viele andere. Die St\u00e4rke der angebotenen L\u00f6sungen liegt in ihrer [&hellip;]\" \/>\n<meta property=\"og:url\" content=\"https:\/\/efa-controls.com\/de\/unsere-loesungen\/\" \/>\n<meta property=\"og:site_name\" content=\"efa Controls\" \/>\n<meta property=\"article:publisher\" content=\"https:\/\/www.facebook.com\/efaFranceSA\/\" \/>\n<meta property=\"article:modified_time\" content=\"2025-06-24T07:59:36+00:00\" \/>\n<meta property=\"og:image\" content=\"https:\/\/efa-controls.com\/wp-content\/uploads\/2022\/12\/20220610_144713-scaled.jpg\" \/>\n\t<meta property=\"og:image:width\" content=\"2560\" \/>\n\t<meta property=\"og:image:height\" content=\"1440\" \/>\n\t<meta property=\"og:image:type\" content=\"image\/jpeg\" \/>\n<meta name=\"twitter:card\" content=\"summary_large_image\" \/>\n<meta name=\"twitter:site\" content=\"@efa_france\" \/>\n<meta name=\"twitter:label1\" content=\"Gesch\u00e4tzte Lesezeit\" \/>\n\t<meta name=\"twitter:data1\" content=\"3 minutes\" \/>\n<script type=\"application\/ld+json\" class=\"yoast-schema-graph\">{\"@context\":\"https:\\\/\\\/schema.org\",\"@graph\":[{\"@type\":\"WebPage\",\"@id\":\"https:\\\/\\\/efa-controls.com\\\/de\\\/unsere-loesungen\\\/\",\"url\":\"https:\\\/\\\/efa-controls.com\\\/de\\\/unsere-loesungen\\\/\",\"name\":\"Unsere L\u00f6sungen - efa Controls\",\"isPartOf\":{\"@id\":\"https:\\\/\\\/efa-controls.com\\\/de\\\/#website\"},\"primaryImageOfPage\":{\"@id\":\"https:\\\/\\\/efa-controls.com\\\/de\\\/unsere-loesungen\\\/#primaryimage\"},\"image\":{\"@id\":\"https:\\\/\\\/efa-controls.com\\\/de\\\/unsere-loesungen\\\/#primaryimage\"},\"thumbnailUrl\":\"https:\\\/\\\/efa-controls.com\\\/wp-content\\\/uploads\\\/2022\\\/12\\\/20220610_144713-scaled.jpg\",\"datePublished\":\"2023-03-20T08:12:00+00:00\",\"dateModified\":\"2025-06-24T07:59:36+00:00\",\"breadcrumb\":{\"@id\":\"https:\\\/\\\/efa-controls.com\\\/de\\\/unsere-loesungen\\\/#breadcrumb\"},\"inLanguage\":\"de-DE\",\"potentialAction\":[{\"@type\":\"ReadAction\",\"target\":[\"https:\\\/\\\/efa-controls.com\\\/de\\\/unsere-loesungen\\\/\"]}]},{\"@type\":\"ImageObject\",\"inLanguage\":\"de-DE\",\"@id\":\"https:\\\/\\\/efa-controls.com\\\/de\\\/unsere-loesungen\\\/#primaryimage\",\"url\":\"https:\\\/\\\/efa-controls.com\\\/wp-content\\\/uploads\\\/2022\\\/12\\\/20220610_144713-scaled.jpg\",\"contentUrl\":\"https:\\\/\\\/efa-controls.com\\\/wp-content\\\/uploads\\\/2022\\\/12\\\/20220610_144713-scaled.jpg\",\"width\":2560,\"height\":1440,\"caption\":\"Individuell angepasste Komponenten und Baugruppen von efa SAS und efa GmbH\"},{\"@type\":\"BreadcrumbList\",\"@id\":\"https:\\\/\\\/efa-controls.com\\\/de\\\/unsere-loesungen\\\/#breadcrumb\",\"itemListElement\":[{\"@type\":\"ListItem\",\"position\":1,\"name\":\"Accueil-Home\",\"item\":\"https:\\\/\\\/efa-controls.com\\\/de\\\/\"},{\"@type\":\"ListItem\",\"position\":2,\"name\":\"Unsere L\u00f6sungen\"}]},{\"@type\":\"WebSite\",\"@id\":\"https:\\\/\\\/efa-controls.com\\\/de\\\/#website\",\"url\":\"https:\\\/\\\/efa-controls.com\\\/de\\\/\",\"name\":\"efa Controls\",\"description\":\"Bureau d&#039;\u00e9tude pour v\u00e9hicules industriels\",\"publisher\":{\"@id\":\"https:\\\/\\\/efa-controls.com\\\/de\\\/#organization\"},\"potentialAction\":[{\"@type\":\"SearchAction\",\"target\":{\"@type\":\"EntryPoint\",\"urlTemplate\":\"https:\\\/\\\/efa-controls.com\\\/de\\\/?s={search_term_string}\"},\"query-input\":{\"@type\":\"PropertyValueSpecification\",\"valueRequired\":true,\"valueName\":\"search_term_string\"}}],\"inLanguage\":\"de-DE\"},{\"@type\":\"Organization\",\"@id\":\"https:\\\/\\\/efa-controls.com\\\/de\\\/#organization\",\"name\":\"efa Controls\",\"url\":\"https:\\\/\\\/efa-controls.com\\\/de\\\/\",\"logo\":{\"@type\":\"ImageObject\",\"inLanguage\":\"de-DE\",\"@id\":\"https:\\\/\\\/efa-controls.com\\\/de\\\/#\\\/schema\\\/logo\\\/image\\\/\",\"url\":\"https:\\\/\\\/efa-controls.com\\\/wp-content\\\/uploads\\\/2023\\\/05\\\/logo-bleu.png\",\"contentUrl\":\"https:\\\/\\\/efa-controls.com\\\/wp-content\\\/uploads\\\/2023\\\/05\\\/logo-bleu.png\",\"width\":408,\"height\":288,\"caption\":\"efa Controls\"},\"image\":{\"@id\":\"https:\\\/\\\/efa-controls.com\\\/de\\\/#\\\/schema\\\/logo\\\/image\\\/\"},\"sameAs\":[\"https:\\\/\\\/www.facebook.com\\\/efaFranceSA\\\/\",\"https:\\\/\\\/x.com\\\/efa_france\",\"https:\\\/\\\/www.instagram.com\\\/efafrance\\\/\",\"https:\\\/\\\/www.linkedin.com\\\/company\\\/efa-france\",\"https:\\\/\\\/www.youtube.com\\\/user\\\/EFAControls\"]}]}<\/script>\n<!-- \/ Yoast SEO plugin. -->","yoast_head_json":{"title":"Unsere L\u00f6sungen - efa Controls","robots":{"index":"index","follow":"follow","max-snippet":"max-snippet:-1","max-image-preview":"max-image-preview:large","max-video-preview":"max-video-preview:-1"},"canonical":"https:\/\/efa-controls.com\/de\/unsere-loesungen\/","og_locale":"de_DE","og_type":"article","og_title":"Unsere L\u00f6sungen - efa Controls","og_description":"Unsere L\u00f6sungen Flexibilit\u00e4t, Qualit\u00e4t und Service efa France produziert und vertreibt Komponenten und Baugruppen f\u00fcr mobile Maschinen und Ger\u00e4te. Unsere Kataloge enthalten mehr als 8000 Produkte f\u00fcr die zahlreichen M\u00e4rkte, auf denen wir vertreten sind: Landwirtschaft, Hoch- und Tiefbau, GSE, Hebetechnik und viele andere. Die St\u00e4rke der angebotenen L\u00f6sungen liegt in ihrer [&hellip;]","og_url":"https:\/\/efa-controls.com\/de\/unsere-loesungen\/","og_site_name":"efa Controls","article_publisher":"https:\/\/www.facebook.com\/efaFranceSA\/","article_modified_time":"2025-06-24T07:59:36+00:00","og_image":[{"width":2560,"height":1440,"url":"https:\/\/efa-controls.com\/wp-content\/uploads\/2022\/12\/20220610_144713-scaled.jpg","type":"image\/jpeg"}],"twitter_card":"summary_large_image","twitter_site":"@efa_france","twitter_misc":{"Gesch\u00e4tzte Lesezeit":"3 minutes"},"schema":{"@context":"https:\/\/schema.org","@graph":[{"@type":"WebPage","@id":"https:\/\/efa-controls.com\/de\/unsere-loesungen\/","url":"https:\/\/efa-controls.com\/de\/unsere-loesungen\/","name":"Unsere L\u00f6sungen - efa Controls","isPartOf":{"@id":"https:\/\/efa-controls.com\/de\/#website"},"primaryImageOfPage":{"@id":"https:\/\/efa-controls.com\/de\/unsere-loesungen\/#primaryimage"},"image":{"@id":"https:\/\/efa-controls.com\/de\/unsere-loesungen\/#primaryimage"},"thumbnailUrl":"https:\/\/efa-controls.com\/wp-content\/uploads\/2022\/12\/20220610_144713-scaled.jpg","datePublished":"2023-03-20T08:12:00+00:00","dateModified":"2025-06-24T07:59:36+00:00","breadcrumb":{"@id":"https:\/\/efa-controls.com\/de\/unsere-loesungen\/#breadcrumb"},"inLanguage":"de-DE","potentialAction":[{"@type":"ReadAction","target":["https:\/\/efa-controls.com\/de\/unsere-loesungen\/"]}]},{"@type":"ImageObject","inLanguage":"de-DE","@id":"https:\/\/efa-controls.com\/de\/unsere-loesungen\/#primaryimage","url":"https:\/\/efa-controls.com\/wp-content\/uploads\/2022\/12\/20220610_144713-scaled.jpg","contentUrl":"https:\/\/efa-controls.com\/wp-content\/uploads\/2022\/12\/20220610_144713-scaled.jpg","width":2560,"height":1440,"caption":"Individuell angepasste Komponenten und Baugruppen von efa SAS und efa GmbH"},{"@type":"BreadcrumbList","@id":"https:\/\/efa-controls.com\/de\/unsere-loesungen\/#breadcrumb","itemListElement":[{"@type":"ListItem","position":1,"name":"Accueil-Home","item":"https:\/\/efa-controls.com\/de\/"},{"@type":"ListItem","position":2,"name":"Unsere L\u00f6sungen"}]},{"@type":"WebSite","@id":"https:\/\/efa-controls.com\/de\/#website","url":"https:\/\/efa-controls.com\/de\/","name":"efa Controls","description":"Bureau d&#039;\u00e9tude pour v\u00e9hicules industriels","publisher":{"@id":"https:\/\/efa-controls.com\/de\/#organization"},"potentialAction":[{"@type":"SearchAction","target":{"@type":"EntryPoint","urlTemplate":"https:\/\/efa-controls.com\/de\/?s={search_term_string}"},"query-input":{"@type":"PropertyValueSpecification","valueRequired":true,"valueName":"search_term_string"}}],"inLanguage":"de-DE"},{"@type":"Organization","@id":"https:\/\/efa-controls.com\/de\/#organization","name":"efa Controls","url":"https:\/\/efa-controls.com\/de\/","logo":{"@type":"ImageObject","inLanguage":"de-DE","@id":"https:\/\/efa-controls.com\/de\/#\/schema\/logo\/image\/","url":"https:\/\/efa-controls.com\/wp-content\/uploads\/2023\/05\/logo-bleu.png","contentUrl":"https:\/\/efa-controls.com\/wp-content\/uploads\/2023\/05\/logo-bleu.png","width":408,"height":288,"caption":"efa Controls"},"image":{"@id":"https:\/\/efa-controls.com\/de\/#\/schema\/logo\/image\/"},"sameAs":["https:\/\/www.facebook.com\/efaFranceSA\/","https:\/\/x.com\/efa_france","https:\/\/www.instagram.com\/efafrance\/","https:\/\/www.linkedin.com\/company\/efa-france","https:\/\/www.youtube.com\/user\/EFAControls"]}]}},"_links":{"self":[{"href":"https:\/\/efa-controls.com\/de\/wp-json\/wp\/v2\/pages\/21517","targetHints":{"allow":["GET"]}}],"collection":[{"href":"https:\/\/efa-controls.com\/de\/wp-json\/wp\/v2\/pages"}],"about":[{"href":"https:\/\/efa-controls.com\/de\/wp-json\/wp\/v2\/types\/page"}],"author":[{"embeddable":true,"href":"https:\/\/efa-controls.com\/de\/wp-json\/wp\/v2\/users\/11"}],"replies":[{"embeddable":true,"href":"https:\/\/efa-controls.com\/de\/wp-json\/wp\/v2\/comments?post=21517"}],"version-history":[{"count":10,"href":"https:\/\/efa-controls.com\/de\/wp-json\/wp\/v2\/pages\/21517\/revisions"}],"predecessor-version":[{"id":32856,"href":"https:\/\/efa-controls.com\/de\/wp-json\/wp\/v2\/pages\/21517\/revisions\/32856"}],"wp:featuredmedia":[{"embeddable":true,"href":"https:\/\/efa-controls.com\/de\/wp-json\/wp\/v2\/media\/20589"}],"wp:attachment":[{"href":"https:\/\/efa-controls.com\/de\/wp-json\/wp\/v2\/media?parent=21517"}],"curies":[{"name":"wp","href":"https:\/\/api.w.org\/{rel}","templated":true}]}}