{"id":12940,"date":"2021-03-17T11:03:34","date_gmt":"2021-03-17T10:03:34","guid":{"rendered":"https:\/\/efa-controls.com\/sensoren\/"},"modified":"2025-09-22T10:51:43","modified_gmt":"2025-09-22T08:51:43","slug":"sensoren","status":"publish","type":"page","link":"https:\/\/efa-controls.com\/de\/sensoren\/","title":{"rendered":"Sensoren"},"content":{"rendered":"<p>[et_pb_section fb_built=&#8221;1&#8243; next_background_color=&#8221;#ffffff&#8221; _builder_version=&#8221;4.16&#8243; background_color=&#8221;#333333&#8243; custom_padding=&#8221;43px||0px|||&#8221; bottom_divider_style=&#8221;arrow2&#8243; bottom_divider_height=&#8221;25px&#8221; global_colors_info=&#8221;{}&#8221;][et_pb_row _builder_version=&#8221;4.16&#8243; custom_padding=&#8221;7px|||||&#8221; global_colors_info=&#8221;{}&#8221;][et_pb_column type=&#8221;4_4&#8243; _builder_version=&#8221;4.16&#8243; custom_padding=&#8221;|||&#8221; global_colors_info=&#8221;{}&#8221; custom_padding__hover=&#8221;|||&#8221;][et_pb_text _builder_version=&#8221;4.16&#8243; text_font=&#8221;||||||||&#8221; header_font=&#8221;||||||||&#8221; header_text_color=&#8221;#ffffff&#8221; custom_margin=&#8221;||12px|||&#8221; global_colors_info=&#8221;{}&#8221;]<\/p>\n<h1 class=\"space30_20\">Sensoren f\u00fcr Industriefahrzeuge<\/h1>\n<p>[\/et_pb_text][et_pb_divider color=&#8221;#ffffff&#8221; _builder_version=&#8221;4.16&#8243; width=&#8221;15%&#8221; global_colors_info=&#8221;{}&#8221;][\/et_pb_divider][\/et_pb_column][\/et_pb_row][\/et_pb_section][et_pb_section fb_built=&#8221;1&#8243; _builder_version=&#8221;4.17.4&#8243; _module_preset=&#8221;default&#8221; global_colors_info=&#8221;{}&#8221;][et_pb_row _builder_version=&#8221;4.17.4&#8243; _module_preset=&#8221;default&#8221; global_colors_info=&#8221;{}&#8221;][et_pb_column type=&#8221;4_4&#8243; _builder_version=&#8221;4.17.4&#8243; _module_preset=&#8221;default&#8221; global_colors_info=&#8221;{}&#8221;][et_pb_text _builder_version=&#8221;4.17.4&#8243; _module_preset=&#8221;default&#8221; global_colors_info=&#8221;{}&#8221;]<\/p>\n<span><span><a href=\"https:\/\/efa-controls.com\/de\/\">Accueil-Home<\/a><\/span><\/span>\n<p>[\/et_pb_text][\/et_pb_column][\/et_pb_row][\/et_pb_section][et_pb_section fb_built=&#8221;1&#8243; _builder_version=&#8221;4.16&#8243; custom_padding=&#8221;||26px|||&#8221; global_colors_info=&#8221;{}&#8221;][et_pb_row column_structure=&#8221;1_2,1_2&#8243; _builder_version=&#8221;4.16&#8243; custom_margin=&#8221;-27px|auto||auto||&#8221; global_colors_info=&#8221;{}&#8221;][et_pb_column type=&#8221;1_2&#8243; _builder_version=&#8221;4.16&#8243; custom_padding=&#8221;|||&#8221; global_colors_info=&#8221;{}&#8221; custom_padding__hover=&#8221;|||&#8221;][et_pb_text _builder_version=&#8221;4.17.4&#8243; global_colors_info=&#8221;{}&#8221;]<\/p>\n<h2 data-mce-style=\"text-align: justify;\" style=\"text-align: justify;\"><strong>efa-Sensoren f\u00fcr Industriefahrzeuge<\/strong><\/h2>\n<p style=\"text-align: justify;\" data-mce-style=\"text-align: justify;\"><strong>efa bietet Ihnen als exklusiver Partner von Curtiss-Wright<\/strong> (zu dem Penny &amp; Giles geh\u00f6rt) <strong>in Frankreich und Deutschland<\/strong> sein sehr komplettes Angebot an industriellen Sensoren an. Angepasst an sehr harte Umgebungen, k\u00f6nnen die Sensoren bis zu <strong>IP69K.<\/strong> Die Palette der Sensoren ist sowohl durch die Anzahl der Modelle und deren Funktionen, als auch durch die Anzahl der m\u00f6glichen Konfigurationen f\u00fcr jeden Sensor und deren verschiedenen Befestigungsarten sehr breit. So finden Sie garantiert den Sensor, den Sie brauchen.<br \/>&nbsp;<\/p>\n<h2 class=\"color_333\">Lineare Positionssensoren:<\/h2>\n<p style=\"text-align: justify;\" data-mce-style=\"text-align: justify;\">Mit diesem Sortiment an Positionssensoren, Wegaufnehmern und Linearpotentiometern k\u00f6nnen Sie von 5 mm bis 1600 mm viele verschiedene L\u00e4ngen messen. Die Messwertgeber verwenden eine Vielzahl von ber\u00fchrungslosen, Hall-Effekt- oder induktiven Technologien. Die Geh\u00e4use sind alle auf optimale Lebensdauer und vereinfachte Montage ausgelegt.<\/p>\n<h2 class=\"color_333\">Lineare Zylindersensoren:<\/h2>\n<p style=\"text-align: justify;\" data-mce-style=\"text-align: justify;\">Spezialisiertes Angebot an linearen Messwertgebern und linearen Potentiometern f\u00fcr Messl\u00e4ngen von 25 bis 2000 mm. Sie passen perfekt zu vielen pneumatischen oder hydraulischen Aktuatoren. Best\u00e4ndig gegen hohe Dr\u00fccke (670 bar). Die Ausgangssignale k\u00f6nnen digital oder analog (Spannung oder Strom) sein.<br \/>&nbsp;<\/p>\n<h2 class=\"color_333\">Winkel- oder Drehwinkelsensoren:<\/h2>\n<p style=\"text-align: justify;\" data-mce-style=\"text-align: justify;\">Mit diesem umfassenden Sortiment k\u00f6nnen Sie Winkel von 10 bis 360\u00b0 messen. Speziell f\u00fcr anspruchsvolle Umgebungen entwickelt, liefern Ihnen diese Sensoren genaue Informationen f\u00fcr Ihre Industriemaschinen. Hall-Effekt und induktiv mit oder ohne Kontakt. Hybrid-Potentiometer mit langer Lebensdauer. Schutzart IP69K in kompakten, leicht integrierbaren Geh\u00e4usen.<\/p>\n<p>[\/et_pb_text][\/et_pb_column][et_pb_column type=&#8221;1_2&#8243; _builder_version=&#8221;4.16&#8243; custom_padding=&#8221;|||&#8221; global_colors_info=&#8221;{}&#8221; custom_padding__hover=&#8221;|||&#8221;][et_pb_gallery gallery_ids=&#8221;3866,10977,10983&#8243; fullwidth=&#8221;on&#8221; _builder_version=&#8221;4.16&#8243; global_colors_info=&#8221;{}&#8221;][\/et_pb_gallery][et_pb_text _builder_version=&#8221;4.16&#8243; global_colors_info=&#8221;{}&#8221;]<\/p>\n<h2 class=\"color_333\">Inklinometer\/Neigungsschalter:<\/h2>\n<p>Inklinometer messen einen Neigungsgrad der Struktur, an der sie befestigt sind, relativ zur Erde. Sie k\u00f6nnen Werte im Bereich von plus oder minus 10\u00b0 bis zu 60\u00b0 messen. Wie alle anderen Sensoren der Serie werden sie in Geh\u00e4usen bis IP69K montiert, die f\u00fcr den Einsatz im Gel\u00e4nde ausgelegt sind.<br \/>&nbsp;<\/p>\n<h2 class=\"color_333\">Anwendungen:<\/h2>\n<p>Unsere sensoren sind dank ihrer robusten Bauweise sehr vielseitig einsetzbar. Sie k\u00f6nnen in Sportfahrzeugen, Milit\u00e4r, Landwirtschaft, Eisenbahn, Bauwesen und in hydraulischen oder pneumatischen Systemen eingesetzt werden.<\/p>\n<p>[\/et_pb_text][\/et_pb_column][\/et_pb_row][\/et_pb_section][et_pb_section fb_built=&#8221;1&#8243; _builder_version=&#8221;4.16&#8243; background_color=&#8221;rgba(0,0,0,0.04)&#8221; custom_padding=&#8221;9px||0px|||&#8221; global_colors_info=&#8221;{}&#8221;][et_pb_row _builder_version=&#8221;4.16&#8243; custom_margin=&#8221;|auto|8px|auto||&#8221; global_colors_info=&#8221;{}&#8221;][et_pb_column type=&#8221;4_4&#8243; _builder_version=&#8221;4.16&#8243; custom_padding=&#8221;|||&#8221; global_colors_info=&#8221;{}&#8221; custom_padding__hover=&#8221;|||&#8221;][et_pb_text _builder_version=&#8221;4.16&#8243; custom_margin=&#8221;||4px|||&#8221; global_colors_info=&#8221;{}&#8221;]<\/p>\n<h3 class=\"color_aaa center\">Weitere Produkte von uns<\/h3>\n<p>[\/et_pb_text][et_pb_divider color=&#8221;#333333&#8243; _builder_version=&#8221;4.16&#8243; width=&#8221;10%&#8221; global_colors_info=&#8221;{}&#8221;][\/et_pb_divider][et_pb_portfolio include_categories=&#8221;121,124,126&#8243; show_pagination=&#8221;off&#8221; _builder_version=&#8221;4.16&#8243; global_colors_info=&#8221;{}&#8221;][\/et_pb_portfolio][\/et_pb_column][\/et_pb_row][\/et_pb_section]<\/p>\n","protected":false},"excerpt":{"rendered":"<p>Sensoren f\u00fcr Industriefahrzeuge<span><span><a href=\"https:\/\/efa-controls.com\/de\/\">Accueil-Home<\/a><\/span><\/span>efa-Sensoren f\u00fcr Industriefahrzeugeefa bietet Ihnen als exklusiver Partner von Curtiss-Wright (zu dem Penny &amp; Giles geh\u00f6rt) in Frankreich und Deutschland sein sehr komplettes Angebot an industriellen Sensoren an. Angepasst an sehr harte Umgebungen, k\u00f6nnen die Sensoren bis zu IP69K. Die Palette der Sensoren ist sowohl durch die Anzahl der Modelle und deren Funktionen, [&hellip;]<\/p>\n","protected":false},"author":2,"featured_media":0,"parent":0,"menu_order":0,"comment_status":"closed","ping_status":"closed","template":"","meta":{"_et_pb_use_builder":"on","_et_pb_old_content":"","_et_gb_content_width":"","_uf_show_specific_survey":0,"_uf_disable_surveys":false,"footnotes":""},"class_list":["post-12940","page","type-page","status-publish","hentry"],"yoast_head":"<!-- This site is optimized with the Yoast SEO plugin v27.4 - https:\/\/yoast.com\/product\/yoast-seo-wordpress\/ -->\n<title>Sensoren - efa Controls<\/title>\n<meta name=\"description\" content=\"SENSOREN, efa bietet eine breite Palette zuverl\u00e4ssiger Linearsensoren, Drehsensoren und Neigungsmesser an, die sich f\u00fcr die Industrie und mobile Maschinen eignen.\" \/>\n<meta name=\"robots\" content=\"index, follow, max-snippet:-1, max-image-preview:large, max-video-preview:-1\" \/>\n<link rel=\"canonical\" href=\"https:\/\/efa-controls.com\/de\/sensoren\/\" \/>\n<meta property=\"og:locale\" content=\"de_DE\" \/>\n<meta property=\"og:type\" content=\"article\" \/>\n<meta property=\"og:title\" content=\"Sensoren - efa Controls\" \/>\n<meta property=\"og:description\" content=\"SENSOREN, efa bietet eine breite Palette zuverl\u00e4ssiger Linearsensoren, Drehsensoren und Neigungsmesser an, die sich f\u00fcr die Industrie und mobile Maschinen eignen.\" \/>\n<meta property=\"og:url\" content=\"https:\/\/efa-controls.com\/de\/sensoren\/\" \/>\n<meta property=\"og:site_name\" content=\"efa Controls\" \/>\n<meta property=\"article:publisher\" content=\"https:\/\/www.facebook.com\/efaFranceSA\/\" \/>\n<meta property=\"article:modified_time\" content=\"2025-09-22T08:51:43+00:00\" \/>\n<meta name=\"twitter:card\" content=\"summary_large_image\" \/>\n<meta name=\"twitter:site\" content=\"@efa_france\" \/>\n<meta name=\"twitter:label1\" content=\"Gesch\u00e4tzte Lesezeit\" \/>\n\t<meta name=\"twitter:data1\" content=\"3 minutes\" \/>\n<script type=\"application\/ld+json\" class=\"yoast-schema-graph\">{\"@context\":\"https:\\\/\\\/schema.org\",\"@graph\":[{\"@type\":\"WebPage\",\"@id\":\"https:\\\/\\\/efa-controls.com\\\/de\\\/sensoren\\\/\",\"url\":\"https:\\\/\\\/efa-controls.com\\\/de\\\/sensoren\\\/\",\"name\":\"Sensoren - efa Controls\",\"isPartOf\":{\"@id\":\"https:\\\/\\\/efa-controls.com\\\/de\\\/#website\"},\"datePublished\":\"2021-03-17T10:03:34+00:00\",\"dateModified\":\"2025-09-22T08:51:43+00:00\",\"description\":\"SENSOREN, efa bietet eine breite Palette zuverl\u00e4ssiger Linearsensoren, Drehsensoren und Neigungsmesser an, die sich f\u00fcr die Industrie und mobile Maschinen eignen.\",\"breadcrumb\":{\"@id\":\"https:\\\/\\\/efa-controls.com\\\/de\\\/sensoren\\\/#breadcrumb\"},\"inLanguage\":\"de-DE\",\"potentialAction\":[{\"@type\":\"ReadAction\",\"target\":[\"https:\\\/\\\/efa-controls.com\\\/de\\\/sensoren\\\/\"]}]},{\"@type\":\"BreadcrumbList\",\"@id\":\"https:\\\/\\\/efa-controls.com\\\/de\\\/sensoren\\\/#breadcrumb\",\"itemListElement\":[{\"@type\":\"ListItem\",\"position\":1,\"name\":\"Accueil-Home\",\"item\":\"https:\\\/\\\/efa-controls.com\\\/de\\\/\"},{\"@type\":\"ListItem\",\"position\":2,\"name\":\"Sensoren\"}]},{\"@type\":\"WebSite\",\"@id\":\"https:\\\/\\\/efa-controls.com\\\/de\\\/#website\",\"url\":\"https:\\\/\\\/efa-controls.com\\\/de\\\/\",\"name\":\"efa Controls\",\"description\":\"Bureau d&#039;\u00e9tude pour v\u00e9hicules industriels\",\"publisher\":{\"@id\":\"https:\\\/\\\/efa-controls.com\\\/de\\\/#organization\"},\"potentialAction\":[{\"@type\":\"SearchAction\",\"target\":{\"@type\":\"EntryPoint\",\"urlTemplate\":\"https:\\\/\\\/efa-controls.com\\\/de\\\/?s={search_term_string}\"},\"query-input\":{\"@type\":\"PropertyValueSpecification\",\"valueRequired\":true,\"valueName\":\"search_term_string\"}}],\"inLanguage\":\"de-DE\"},{\"@type\":\"Organization\",\"@id\":\"https:\\\/\\\/efa-controls.com\\\/de\\\/#organization\",\"name\":\"efa Controls\",\"url\":\"https:\\\/\\\/efa-controls.com\\\/de\\\/\",\"logo\":{\"@type\":\"ImageObject\",\"inLanguage\":\"de-DE\",\"@id\":\"https:\\\/\\\/efa-controls.com\\\/de\\\/#\\\/schema\\\/logo\\\/image\\\/\",\"url\":\"https:\\\/\\\/efa-controls.com\\\/wp-content\\\/uploads\\\/2023\\\/05\\\/logo-bleu.png\",\"contentUrl\":\"https:\\\/\\\/efa-controls.com\\\/wp-content\\\/uploads\\\/2023\\\/05\\\/logo-bleu.png\",\"width\":408,\"height\":288,\"caption\":\"efa Controls\"},\"image\":{\"@id\":\"https:\\\/\\\/efa-controls.com\\\/de\\\/#\\\/schema\\\/logo\\\/image\\\/\"},\"sameAs\":[\"https:\\\/\\\/www.facebook.com\\\/efaFranceSA\\\/\",\"https:\\\/\\\/x.com\\\/efa_france\",\"https:\\\/\\\/www.instagram.com\\\/efafrance\\\/\",\"https:\\\/\\\/www.linkedin.com\\\/company\\\/efa-france\",\"https:\\\/\\\/www.youtube.com\\\/user\\\/EFAControls\"]}]}<\/script>\n<!-- \/ Yoast SEO plugin. -->","yoast_head_json":{"title":"Sensoren - efa Controls","description":"SENSOREN, efa bietet eine breite Palette zuverl\u00e4ssiger Linearsensoren, Drehsensoren und Neigungsmesser an, die sich f\u00fcr die Industrie und mobile Maschinen eignen.","robots":{"index":"index","follow":"follow","max-snippet":"max-snippet:-1","max-image-preview":"max-image-preview:large","max-video-preview":"max-video-preview:-1"},"canonical":"https:\/\/efa-controls.com\/de\/sensoren\/","og_locale":"de_DE","og_type":"article","og_title":"Sensoren - efa Controls","og_description":"SENSOREN, efa bietet eine breite Palette zuverl\u00e4ssiger Linearsensoren, Drehsensoren und Neigungsmesser an, die sich f\u00fcr die Industrie und mobile Maschinen eignen.","og_url":"https:\/\/efa-controls.com\/de\/sensoren\/","og_site_name":"efa Controls","article_publisher":"https:\/\/www.facebook.com\/efaFranceSA\/","article_modified_time":"2025-09-22T08:51:43+00:00","twitter_card":"summary_large_image","twitter_site":"@efa_france","twitter_misc":{"Gesch\u00e4tzte Lesezeit":"3 minutes"},"schema":{"@context":"https:\/\/schema.org","@graph":[{"@type":"WebPage","@id":"https:\/\/efa-controls.com\/de\/sensoren\/","url":"https:\/\/efa-controls.com\/de\/sensoren\/","name":"Sensoren - efa Controls","isPartOf":{"@id":"https:\/\/efa-controls.com\/de\/#website"},"datePublished":"2021-03-17T10:03:34+00:00","dateModified":"2025-09-22T08:51:43+00:00","description":"SENSOREN, efa bietet eine breite Palette zuverl\u00e4ssiger Linearsensoren, Drehsensoren und Neigungsmesser an, die sich f\u00fcr die Industrie und mobile Maschinen eignen.","breadcrumb":{"@id":"https:\/\/efa-controls.com\/de\/sensoren\/#breadcrumb"},"inLanguage":"de-DE","potentialAction":[{"@type":"ReadAction","target":["https:\/\/efa-controls.com\/de\/sensoren\/"]}]},{"@type":"BreadcrumbList","@id":"https:\/\/efa-controls.com\/de\/sensoren\/#breadcrumb","itemListElement":[{"@type":"ListItem","position":1,"name":"Accueil-Home","item":"https:\/\/efa-controls.com\/de\/"},{"@type":"ListItem","position":2,"name":"Sensoren"}]},{"@type":"WebSite","@id":"https:\/\/efa-controls.com\/de\/#website","url":"https:\/\/efa-controls.com\/de\/","name":"efa Controls","description":"Bureau d&#039;\u00e9tude pour v\u00e9hicules industriels","publisher":{"@id":"https:\/\/efa-controls.com\/de\/#organization"},"potentialAction":[{"@type":"SearchAction","target":{"@type":"EntryPoint","urlTemplate":"https:\/\/efa-controls.com\/de\/?s={search_term_string}"},"query-input":{"@type":"PropertyValueSpecification","valueRequired":true,"valueName":"search_term_string"}}],"inLanguage":"de-DE"},{"@type":"Organization","@id":"https:\/\/efa-controls.com\/de\/#organization","name":"efa Controls","url":"https:\/\/efa-controls.com\/de\/","logo":{"@type":"ImageObject","inLanguage":"de-DE","@id":"https:\/\/efa-controls.com\/de\/#\/schema\/logo\/image\/","url":"https:\/\/efa-controls.com\/wp-content\/uploads\/2023\/05\/logo-bleu.png","contentUrl":"https:\/\/efa-controls.com\/wp-content\/uploads\/2023\/05\/logo-bleu.png","width":408,"height":288,"caption":"efa Controls"},"image":{"@id":"https:\/\/efa-controls.com\/de\/#\/schema\/logo\/image\/"},"sameAs":["https:\/\/www.facebook.com\/efaFranceSA\/","https:\/\/x.com\/efa_france","https:\/\/www.instagram.com\/efafrance\/","https:\/\/www.linkedin.com\/company\/efa-france","https:\/\/www.youtube.com\/user\/EFAControls"]}]}},"_links":{"self":[{"href":"https:\/\/efa-controls.com\/de\/wp-json\/wp\/v2\/pages\/12940","targetHints":{"allow":["GET"]}}],"collection":[{"href":"https:\/\/efa-controls.com\/de\/wp-json\/wp\/v2\/pages"}],"about":[{"href":"https:\/\/efa-controls.com\/de\/wp-json\/wp\/v2\/types\/page"}],"author":[{"embeddable":true,"href":"https:\/\/efa-controls.com\/de\/wp-json\/wp\/v2\/users\/2"}],"replies":[{"embeddable":true,"href":"https:\/\/efa-controls.com\/de\/wp-json\/wp\/v2\/comments?post=12940"}],"version-history":[{"count":71,"href":"https:\/\/efa-controls.com\/de\/wp-json\/wp\/v2\/pages\/12940\/revisions"}],"predecessor-version":[{"id":33951,"href":"https:\/\/efa-controls.com\/de\/wp-json\/wp\/v2\/pages\/12940\/revisions\/33951"}],"wp:attachment":[{"href":"https:\/\/efa-controls.com\/de\/wp-json\/wp\/v2\/media?parent=12940"}],"curies":[{"name":"wp","href":"https:\/\/api.w.org\/{rel}","templated":true}]}}